{"id":3416,"date":"2026-01-08T18:44:44","date_gmt":"2026-01-08T18:44:44","guid":{"rendered":"https:\/\/reisepassfuhrer.com\/?post_type=product&#038;p=3416"},"modified":"2026-01-08T18:44:45","modified_gmt":"2026-01-08T18:44:45","slug":"berufserfahrung-anerkennen-lassen","status":"publish","type":"product","link":"https:\/\/reisepassfuhrer.com\/fr\/product\/faire-reconnaitre-son-experience-professionnelle\/","title":{"rendered":"Reconnaissance de l'exp\u00e9rience professionnelle"},"content":{"rendered":"<h3 data-start=\"167\" data-end=\"260\">Faire reconna\u00eetre son exp\u00e9rience professionnelle - la cl\u00e9 pour de nouvelles opportunit\u00e9s de carri\u00e8re en Allemagne<\/h3>\n<p data-start=\"262\" data-end=\"600\">Vous avez acquis une pr\u00e9cieuse exp\u00e9rience professionnelle \u00e0 l'\u00e9tranger et souhaitez la faire reconna\u00eetre en Allemagne ? Notre service <strong data-start=\"385\" data-end=\"424\">\u201eFaire reconna\u00eetre son exp\u00e9rience professionnelle\u201c<\/strong> vous accompagne de mani\u00e8re professionnelle, fiable et efficace tout au long du processus de reconnaissance - afin que vos qualifications obtiennent enfin la reconnaissance qu'elles m\u00e9ritent.<\/p>\n<p data-start=\"602\" data-end=\"1020\">De nombreux professionnels n'\u00e9chouent pas par manque de comp\u00e9tences, mais en raison de la complexit\u00e9 des obstacles bureaucratiques. C'est pr\u00e9cis\u00e9ment l\u00e0 que nous intervenons. Nous vous soutenons dans <strong data-start=\"760\" data-end=\"838\">\u00c9valuation, documentation et reconnaissance officielle de votre exp\u00e9rience professionnelle<\/strong>, que vous ayez ou non une qualification professionnelle formelle. Notre approche structur\u00e9e vous permet de gagner du temps, de r\u00e9duire les erreurs et d'augmenter consid\u00e9rablement vos chances de r\u00e9ussite.<\/p>\n<p data-start=\"1022\" data-end=\"1056\"><strong data-start=\"1022\" data-end=\"1056\">Vos avantages en un coup d'\u0153il :<\/strong><\/p>\n<ul data-start=\"1057\" data-end=\"1326\">\n<li data-start=\"1057\" data-end=\"1108\">\n<p data-start=\"1059\" data-end=\"1108\">Conseil personnalis\u00e9 par des experts en reconnaissance<\/p>\n<\/li>\n<li data-start=\"1109\" data-end=\"1169\">\n<p data-start=\"1111\" data-end=\"1169\">Soutien pour les demandes, les justificatifs et les traductions<\/p>\n<\/li>\n<li data-start=\"1170\" data-end=\"1218\">\n<p data-start=\"1172\" data-end=\"1218\">Une \u00e9valuation claire de vos chances de reconnaissance<\/p>\n<\/li>\n<li data-start=\"1219\" data-end=\"1262\">\n<p data-start=\"1221\" data-end=\"1262\">Accompagnement jusqu'\u00e0 la d\u00e9cision officielle<\/p>\n<\/li>\n<li data-start=\"1263\" data-end=\"1326\">\n<p data-start=\"1265\" data-end=\"1326\">Id\u00e9al pour les professionnels, les migrants et les candidats internationaux<\/p>\n<\/li>\n<\/ul>\n<p data-start=\"1328\" data-end=\"1629\">En faisant reconna\u00eetre votre exp\u00e9rience professionnelle, vous am\u00e9liorez consid\u00e9rablement vos chances sur le march\u00e9 du travail allemand : <strong data-start=\"1440\" data-end=\"1505\">de meilleures offres d'emploi, un salaire plus \u00e9lev\u00e9 et une s\u00e9curit\u00e9 juridique<\/strong>. Notre service est adapt\u00e9 aux exigences l\u00e9gales actuelles et tient compte des particularit\u00e9s sp\u00e9cifiques \u00e0 chaque secteur.<\/p>\n<p data-start=\"1631\" data-end=\"1866\">Qu'il s'agisse de soins, d'artisanat, d'informatique, de technique ou d'autres professions, nous vous aidons \u00e0 transformer votre pass\u00e9 professionnel en un avenir r\u00e9ussi. Faites confiance \u00e0 notre exp\u00e9rience et passez \u00e0 l'\u00e9tape suivante de votre carri\u00e8re.<\/p>","protected":false},"excerpt":{"rendered":"<p>Berufserfahrung anerkennen lassen \u2013 Ihr Schl\u00fcssel zu neuen Karrierechancen in Deutschland Sie haben wertvolle Berufserfahrung im Ausland gesammelt und m\u00f6chten diese in Deutschland anerkennen lassen? Unser Service \u201eBerufserfahrung anerkennen lassen\u201c begleitet Sie professionell, zuverl\u00e4ssig und effizient durch den gesamten Anerkennungsprozess \u2013 damit Ihre Qualifikationen endlich die Anerkennung bekommen, die sie verdienen. Viele Fachkr\u00e4fte scheitern nicht [&hellip;]<\/p>","protected":false},"featured_media":3418,"comment_status":"open","ping_status":"closed","template":"","meta":[],"product_brand":[],"product_cat":[44],"product_tag":[],"class_list":{"0":"post-3416","1":"product","2":"type-product","3":"status-publish","4":"has-post-thumbnail","6":"product_cat-uncategorized","8":"first","9":"instock","10":"shipping-taxable","11":"purchasable","12":"product-type-simple"},"yoast_head":"<!-- This site is optimized with the Yoast SEO Premium plugin v22.2 (Yoast SEO v26.2) - https:\/\/yoast.com\/wordpress\/plugins\/seo\/ -->\n<title>Berufserfahrung Anerkennen Lassen - Reisepassfuhrer<\/title>\n<meta name=\"robots\" content=\"noindex, follow, max-snippet:-1, max-image-preview:large, max-video-preview:-1\" \/>\n<meta property=\"og:locale\" content=\"fr_FR\" \/>\n<meta property=\"og:type\" content=\"article\" \/>\n<meta property=\"og:title\" content=\"Berufserfahrung Anerkennen Lassen\" \/>\n<meta property=\"og:description\" content=\"Berufserfahrung anerkennen lassen \u2013 Ihr Schl\u00fcssel zu neuen Karrierechancen in Deutschland Sie haben wertvolle Berufserfahrung im Ausland gesammelt und m\u00f6chten diese in Deutschland anerkennen lassen? Unser Service \u201eBerufserfahrung anerkennen lassen\u201c begleitet Sie professionell, zuverl\u00e4ssig und effizient durch den gesamten Anerkennungsprozess \u2013 damit Ihre Qualifikationen endlich die Anerkennung bekommen, die sie verdienen. Viele Fachkr\u00e4fte scheitern nicht [&hellip;]\" \/>\n<meta property=\"og:url\" content=\"https:\/\/reisepassfuhrer.com\/fr\/product\/faire-reconnaitre-son-experience-professionnelle\/\" \/>\n<meta property=\"og:site_name\" content=\"Reisepassfuhrer\" \/>\n<meta property=\"article:modified_time\" content=\"2026-01-08T18:44:45+00:00\" \/>\n<meta property=\"og:image\" content=\"http:\/\/reisepassfuhrer.com\/wp-content\/uploads\/2026\/01\/102106538_IHKScreenshot.png.7454b2d16fe7d7acb8375b358a656507.png\" \/>\n\t<meta property=\"og:image:width\" content=\"918\" \/>\n\t<meta property=\"og:image:height\" content=\"1136\" \/>\n\t<meta property=\"og:image:type\" content=\"image\/png\" \/>\n<meta name=\"twitter:card\" content=\"summary_large_image\" \/>\n<meta name=\"twitter:label1\" content=\"Dur\u00e9e de lecture estim\u00e9e\" \/>\n\t<meta name=\"twitter:data1\" content=\"2 minutes\" \/>\n<script type=\"application\/ld+json\" class=\"yoast-schema-graph\">{\"@context\":\"https:\/\/schema.org\",\"@graph\":[{\"@type\":\"WebPage\",\"@id\":\"https:\/\/reisepassfuhrer.com\/product\/berufserfahrung-anerkennen-lassen\/\",\"url\":\"https:\/\/reisepassfuhrer.com\/product\/berufserfahrung-anerkennen-lassen\/\",\"name\":\"Berufserfahrung Anerkennen Lassen - Reisepassfuhrer\",\"isPartOf\":{\"@id\":\"https:\/\/reisepassfuhrer.com\/#website\"},\"primaryImageOfPage\":{\"@id\":\"https:\/\/reisepassfuhrer.com\/product\/berufserfahrung-anerkennen-lassen\/#primaryimage\"},\"image\":{\"@id\":\"https:\/\/reisepassfuhrer.com\/product\/berufserfahrung-anerkennen-lassen\/#primaryimage\"},\"thumbnailUrl\":\"https:\/\/reisepassfuhrer.com\/wp-content\/uploads\/2026\/01\/102106538_IHKScreenshot.png.7454b2d16fe7d7acb8375b358a656507.png\",\"datePublished\":\"2026-01-08T18:44:44+00:00\",\"dateModified\":\"2026-01-08T18:44:45+00:00\",\"breadcrumb\":{\"@id\":\"https:\/\/reisepassfuhrer.com\/product\/berufserfahrung-anerkennen-lassen\/#breadcrumb\"},\"inLanguage\":\"fr-FR\",\"potentialAction\":[{\"@type\":\"ReadAction\",\"target\":[\"https:\/\/reisepassfuhrer.com\/product\/berufserfahrung-anerkennen-lassen\/\"]}]},{\"@type\":\"ImageObject\",\"inLanguage\":\"fr-FR\",\"@id\":\"https:\/\/reisepassfuhrer.com\/product\/berufserfahrung-anerkennen-lassen\/#primaryimage\",\"url\":\"https:\/\/reisepassfuhrer.com\/wp-content\/uploads\/2026\/01\/102106538_IHKScreenshot.png.7454b2d16fe7d7acb8375b358a656507.png\",\"contentUrl\":\"https:\/\/reisepassfuhrer.com\/wp-content\/uploads\/2026\/01\/102106538_IHKScreenshot.png.7454b2d16fe7d7acb8375b358a656507.png\",\"width\":918,\"height\":1136},{\"@type\":\"BreadcrumbList\",\"@id\":\"https:\/\/reisepassfuhrer.com\/product\/berufserfahrung-anerkennen-lassen\/#breadcrumb\",\"itemListElement\":[{\"@type\":\"ListItem\",\"position\":1,\"name\":\"Home\",\"item\":\"https:\/\/reisepassfuhrer.com\/\"},{\"@type\":\"ListItem\",\"position\":2,\"name\":\"Shop\",\"item\":\"https:\/\/reisepassfuhrer.com\/shop\/\"},{\"@type\":\"ListItem\",\"position\":3,\"name\":\"Berufserfahrung Anerkennen Lassen\"}]},{\"@type\":\"WebSite\",\"@id\":\"https:\/\/reisepassfuhrer.com\/#website\",\"url\":\"https:\/\/reisepassfuhrer.com\/\",\"name\":\"Reisepassfuhrer\",\"description\":\"Reisepass Beantragen Berlin\",\"publisher\":{\"@id\":\"https:\/\/reisepassfuhrer.com\/#organization\"},\"potentialAction\":[{\"@type\":\"SearchAction\",\"target\":{\"@type\":\"EntryPoint\",\"urlTemplate\":\"https:\/\/reisepassfuhrer.com\/?s={search_term_string}\"},\"query-input\":{\"@type\":\"PropertyValueSpecification\",\"valueRequired\":true,\"valueName\":\"search_term_string\"}}],\"inLanguage\":\"fr-FR\"},{\"@type\":\"Organization\",\"@id\":\"https:\/\/reisepassfuhrer.com\/#organization\",\"name\":\"Reisepassfuhrer\",\"url\":\"https:\/\/reisepassfuhrer.com\/\",\"logo\":{\"@type\":\"ImageObject\",\"inLanguage\":\"fr-FR\",\"@id\":\"https:\/\/reisepassfuhrer.com\/#\/schema\/logo\/image\/\",\"url\":\"https:\/\/reisepassfuhrer.com\/wp-content\/uploads\/2024\/03\/Reisepassfuhrer-logo.png\",\"contentUrl\":\"https:\/\/reisepassfuhrer.com\/wp-content\/uploads\/2024\/03\/Reisepassfuhrer-logo.png\",\"width\":112,\"height\":112,\"caption\":\"Reisepassfuhrer\"},\"image\":{\"@id\":\"https:\/\/reisepassfuhrer.com\/#\/schema\/logo\/image\/\"}}]}<\/script>\n<!-- \/ Yoast SEO Premium plugin. -->","yoast_head_json":{"title":"Reconnaissance de l'exp\u00e9rience professionnelle - Guide des passeports","robots":{"index":"noindex","follow":"follow","max-snippet":"max-snippet:-1","max-image-preview":"max-image-preview:large","max-video-preview":"max-video-preview:-1"},"og_locale":"fr_FR","og_type":"article","og_title":"Berufserfahrung Anerkennen Lassen","og_description":"Berufserfahrung anerkennen lassen \u2013 Ihr Schl\u00fcssel zu neuen Karrierechancen in Deutschland Sie haben wertvolle Berufserfahrung im Ausland gesammelt und m\u00f6chten diese in Deutschland anerkennen lassen? Unser Service \u201eBerufserfahrung anerkennen lassen\u201c begleitet Sie professionell, zuverl\u00e4ssig und effizient durch den gesamten Anerkennungsprozess \u2013 damit Ihre Qualifikationen endlich die Anerkennung bekommen, die sie verdienen. Viele Fachkr\u00e4fte scheitern nicht [&hellip;]","og_url":"https:\/\/reisepassfuhrer.com\/fr\/product\/faire-reconnaitre-son-experience-professionnelle\/","og_site_name":"Reisepassfuhrer","article_modified_time":"2026-01-08T18:44:45+00:00","og_image":[{"width":918,"height":1136,"url":"http:\/\/reisepassfuhrer.com\/wp-content\/uploads\/2026\/01\/102106538_IHKScreenshot.png.7454b2d16fe7d7acb8375b358a656507.png","type":"image\/png"}],"twitter_card":"summary_large_image","twitter_misc":{"Dur\u00e9e de lecture estim\u00e9e":"2 minutes"},"schema":{"@context":"https:\/\/schema.org","@graph":[{"@type":"WebPage","@id":"https:\/\/reisepassfuhrer.com\/product\/berufserfahrung-anerkennen-lassen\/","url":"https:\/\/reisepassfuhrer.com\/product\/berufserfahrung-anerkennen-lassen\/","name":"Reconnaissance de l'exp\u00e9rience professionnelle - Guide des passeports","isPartOf":{"@id":"https:\/\/reisepassfuhrer.com\/#website"},"primaryImageOfPage":{"@id":"https:\/\/reisepassfuhrer.com\/product\/berufserfahrung-anerkennen-lassen\/#primaryimage"},"image":{"@id":"https:\/\/reisepassfuhrer.com\/product\/berufserfahrung-anerkennen-lassen\/#primaryimage"},"thumbnailUrl":"https:\/\/reisepassfuhrer.com\/wp-content\/uploads\/2026\/01\/102106538_IHKScreenshot.png.7454b2d16fe7d7acb8375b358a656507.png","datePublished":"2026-01-08T18:44:44+00:00","dateModified":"2026-01-08T18:44:45+00:00","breadcrumb":{"@id":"https:\/\/reisepassfuhrer.com\/product\/berufserfahrung-anerkennen-lassen\/#breadcrumb"},"inLanguage":"fr-FR","potentialAction":[{"@type":"ReadAction","target":["https:\/\/reisepassfuhrer.com\/product\/berufserfahrung-anerkennen-lassen\/"]}]},{"@type":"ImageObject","inLanguage":"fr-FR","@id":"https:\/\/reisepassfuhrer.com\/product\/berufserfahrung-anerkennen-lassen\/#primaryimage","url":"https:\/\/reisepassfuhrer.com\/wp-content\/uploads\/2026\/01\/102106538_IHKScreenshot.png.7454b2d16fe7d7acb8375b358a656507.png","contentUrl":"https:\/\/reisepassfuhrer.com\/wp-content\/uploads\/2026\/01\/102106538_IHKScreenshot.png.7454b2d16fe7d7acb8375b358a656507.png","width":918,"height":1136},{"@type":"BreadcrumbList","@id":"https:\/\/reisepassfuhrer.com\/product\/berufserfahrung-anerkennen-lassen\/#breadcrumb","itemListElement":[{"@type":"ListItem","position":1,"name":"Home","item":"https:\/\/reisepassfuhrer.com\/"},{"@type":"ListItem","position":2,"name":"Shop","item":"https:\/\/reisepassfuhrer.com\/shop\/"},{"@type":"ListItem","position":3,"name":"Berufserfahrung Anerkennen Lassen"}]},{"@type":"WebSite","@id":"https:\/\/reisepassfuhrer.com\/#website","url":"https:\/\/reisepassfuhrer.com\/","name":"Guide du passeport","description":"Demande de passeport Berlin","publisher":{"@id":"https:\/\/reisepassfuhrer.com\/#organization"},"potentialAction":[{"@type":"SearchAction","target":{"@type":"EntryPoint","urlTemplate":"https:\/\/reisepassfuhrer.com\/?s={search_term_string}"},"query-input":{"@type":"PropertyValueSpecification","valueRequired":true,"valueName":"search_term_string"}}],"inLanguage":"fr-FR"},{"@type":"Organization","@id":"https:\/\/reisepassfuhrer.com\/#organization","name":"Guide du passeport","url":"https:\/\/reisepassfuhrer.com\/","logo":{"@type":"ImageObject","inLanguage":"fr-FR","@id":"https:\/\/reisepassfuhrer.com\/#\/schema\/logo\/image\/","url":"https:\/\/reisepassfuhrer.com\/wp-content\/uploads\/2024\/03\/Reisepassfuhrer-logo.png","contentUrl":"https:\/\/reisepassfuhrer.com\/wp-content\/uploads\/2024\/03\/Reisepassfuhrer-logo.png","width":112,"height":112,"caption":"Reisepassfuhrer"},"image":{"@id":"https:\/\/reisepassfuhrer.com\/#\/schema\/logo\/image\/"}}]}},"_links":{"self":[{"href":"https:\/\/reisepassfuhrer.com\/fr\/wp-json\/wp\/v2\/product\/3416","targetHints":{"allow":["GET"]}}],"collection":[{"href":"https:\/\/reisepassfuhrer.com\/fr\/wp-json\/wp\/v2\/product"}],"about":[{"href":"https:\/\/reisepassfuhrer.com\/fr\/wp-json\/wp\/v2\/types\/product"}],"replies":[{"embeddable":true,"href":"https:\/\/reisepassfuhrer.com\/fr\/wp-json\/wp\/v2\/comments?post=3416"}],"wp:featuredmedia":[{"embeddable":true,"href":"https:\/\/reisepassfuhrer.com\/fr\/wp-json\/wp\/v2\/media\/3418"}],"wp:attachment":[{"href":"https:\/\/reisepassfuhrer.com\/fr\/wp-json\/wp\/v2\/media?parent=3416"}],"wp:term":[{"taxonomy":"product_brand","embeddable":true,"href":"https:\/\/reisepassfuhrer.com\/fr\/wp-json\/wp\/v2\/product_brand?post=3416"},{"taxonomy":"product_cat","embeddable":true,"href":"https:\/\/reisepassfuhrer.com\/fr\/wp-json\/wp\/v2\/product_cat?post=3416"},{"taxonomy":"product_tag","embeddable":true,"href":"https:\/\/reisepassfuhrer.com\/fr\/wp-json\/wp\/v2\/product_tag?post=3416"}],"curies":[{"name":"wp","href":"https:\/\/api.w.org\/{rel}","templated":true}]}}