{"id":2377,"date":"2024-01-13T19:56:34","date_gmt":"2021-03-09T14:34:09","guid":{"rendered":"https:\/\/reisepassfuhrer.com\/index.php\/menu\/"},"modified":"2024-01-27T12:34:54","modified_gmt":"2024-01-27T12:34:54","slug":"fuhrerschein-schweiz","status":"publish","type":"page","link":"https:\/\/reisepassfuhrer.com\/lt\/sveicarijos-vairuotojo-pazymejimas\/","title":{"rendered":"Vairuotojo pa\u017eym\u0117jimas \u0160veicarija"},"content":{"rendered":"<div data-elementor-type=\"wp-page\" data-elementor-id=\"2377\" class=\"elementor elementor-2377\" data-elementor-post-type=\"page\">\n\t\t\t\t<div class=\"elementor-element elementor-element-49b59b4 e-flex e-con-boxed e-con e-parent\" data-id=\"49b59b4\" data-element_type=\"container\" data-core-v316-plus=\"true\">\n\t\t\t\t\t<div class=\"e-con-inner\">\n\t\t<div class=\"elementor-element elementor-element-3c5d29c e-con-full e-flex e-con e-child\" data-id=\"3c5d29c\" data-element_type=\"container\">\n\t\t\t\t<div class=\"elementor-element elementor-element-206c1d5 elementor-widget elementor-widget-heading\" data-id=\"206c1d5\" data-element_type=\"widget\" data-widget_type=\"heading.default\">\n\t\t\t\t<div class=\"elementor-widget-container\">\n\t\t\t<style>\/*! elementor - v3.20.0 - 13-03-2024 *\/\n.elementor-heading-title{padding:0;margin:0;line-height:1}.elementor-widget-heading .elementor-heading-title[class*=elementor-size-]>a{color:inherit;font-size:inherit;line-height:inherit}.elementor-widget-heading .elementor-heading-title.elementor-size-small{font-size:15px}.elementor-widget-heading .elementor-heading-title.elementor-size-medium{font-size:19px}.elementor-widget-heading .elementor-heading-title.elementor-size-large{font-size:29px}.elementor-widget-heading .elementor-heading-title.elementor-size-xl{font-size:39px}.elementor-widget-heading .elementor-heading-title.elementor-size-xxl{font-size:59px}<\/style><h2 class=\"elementor-heading-title elementor-size-default\">Vairuotojo pa\u017eym\u0117jimas \u0160veicarija<\/h2>\t\t<\/div>\n\t\t\t\t<\/div>\n\t\t\t\t<\/div>\n\t\t<div class=\"elementor-element elementor-element-5cc2ac5 e-con-full e-flex e-con e-child\" data-id=\"5cc2ac5\" data-element_type=\"container\">\n\t\t\t\t<div class=\"elementor-element elementor-element-6ffa2fe elementor-widget elementor-widget-heading\" data-id=\"6ffa2fe\" data-element_type=\"widget\" data-widget_type=\"heading.default\">\n\t\t\t\t<div class=\"elementor-widget-container\">\n\t\t\t<h2 class=\"elementor-heading-title elementor-size-default\">Tarptautinis vairuotojo pa\u017eym\u0117jimas \u0160veicarija<\/h2>\t\t<\/div>\n\t\t\t\t<\/div>\n\t\t\t\t<\/div>\n\t\t\t\t\t<\/div>\n\t\t\t\t<\/div>\n\t\t<div class=\"elementor-element elementor-element-6762236e e-flex e-con-boxed e-con e-parent\" data-id=\"6762236e\" data-element_type=\"container\" data-core-v316-plus=\"true\">\n\t\t\t\t\t<div class=\"e-con-inner\">\n\t\t\t\t<div class=\"elementor-element elementor-element-2c33fdfe elementor-widget elementor-widget-text-editor\" data-id=\"2c33fdfe\" data-element_type=\"widget\" data-widget_type=\"text-editor.default\">\n\t\t\t\t<div class=\"elementor-widget-container\">\n\t\t\t<style>\/*! elementor - v3.20.0 - 13-03-2024 *\/\n.elementor-widget-text-editor.elementor-drop-cap-view-stacked .elementor-drop-cap{background-color:#69727d;color:#fff}.elementor-widget-text-editor.elementor-drop-cap-view-framed .elementor-drop-cap{color:#69727d;border:3px solid;background-color:transparent}.elementor-widget-text-editor:not(.elementor-drop-cap-view-default) .elementor-drop-cap{margin-top:8px}.elementor-widget-text-editor:not(.elementor-drop-cap-view-default) .elementor-drop-cap-letter{width:1em;height:1em}.elementor-widget-text-editor .elementor-drop-cap{float:left;text-align:center;line-height:1;font-size:50px}.elementor-widget-text-editor .elementor-drop-cap-letter{display:inline-block}<\/style>\t\t\t\t<p>Vairuotojo pa\u017eym\u0117jimas \u0160veicarija, Vairuotojo pa\u017eym\u0117jimas - tai teisinis leidimas konkre\u010diam asmeniui vairuoti vien\u0105 ar daugiau motorini\u0173 transporto priemoni\u0173. Tai priimtiniausias vyriausyb\u0117s i\u0161duodamas dokumentas, kur\u012f galite pateikti kaip asmens tapatyb\u0119 patvirtinant\u012f dokument\u0105. Jis taip pat suteikia jums laisv\u0119 vairuoti savaranki\u0161kai, nebijant vald\u017eios institucij\u0173. \u012esigykite vairuotojo pa\u017eym\u0117jim\u0105 internetu. Visos \u0161ios privilegijos susijusios su tam tikromis laiko, pinig\u0173 ir darbo s\u0105naudomis. Yra daugyb\u0117 reikalavim\u0173, kuriuos turite atitikti, nor\u0117dami gauti vairuotojo pa\u017eym\u0117jim\u0105, schweizer f\u00fchrerschein in deutschland.\u00a0<\/p>\n<p>Ta\u010diau galite \u012fsigyti vairuotojo pa\u017eym\u0117jim\u0105 be egzamino ar \u012ftemptos proced\u016bros, \u0160veicarijos vairuotojo pa\u017eym\u0117jimas, c1 vairuotojo pa\u017eym\u0117jimo kaina, ce vairuotojo pa\u017eym\u0117jimo kaina. Nereikalaujama jokios ankstesn\u0117s vairavimo patirties, tarptautinis vairuotojo pa\u017eym\u0117jimas \u0160veicarija, mopedo vairuotojo pa\u017eym\u0117jimo kaina. Paliekame tai jums. Jums net nereikia baigti joki\u0173 teorini\u0173 ar praktini\u0173 mokym\u0173. Jei norite i\u0161vengti eili\u0173, tarptautinis vairuotojo pa\u017eym\u0117jimas, gauti pig\u0173 vairuotojo pa\u017eym\u0117jim\u0105, turint\u012f visas originalias saugos priemones. Galime la\u017eintis, kad niekas nepasteb\u0117s skirtumo! Turite \u017einoti, kokio am\u017eiaus yra Nyderland\u0173 vairuotojo pa\u017eym\u0117jimas.<\/p>\t\t\t\t\t\t<\/div>\n\t\t\t\t<\/div>\n\t\t\t\t\t<\/div>\n\t\t\t\t<\/div>\n\t\t<div class=\"elementor-element elementor-element-8a5f0ce e-flex e-con-boxed e-con e-parent\" data-id=\"8a5f0ce\" data-element_type=\"container\" data-core-v316-plus=\"true\">\n\t\t\t\t\t<div class=\"e-con-inner\">\n\t\t<div class=\"elementor-element elementor-element-5d6ba28 e-con-full e-flex e-con e-child\" data-id=\"5d6ba28\" data-element_type=\"container\">\n\t\t\t\t<div class=\"elementor-element elementor-element-b7e47d6 elementor-widget elementor-widget-heading\" data-id=\"b7e47d6\" data-element_type=\"widget\" data-widget_type=\"heading.default\">\n\t\t\t\t<div class=\"elementor-widget-container\">\n\t\t\t<h2 class=\"elementor-heading-title elementor-size-default\">A1 vairuotojo pa\u017eym\u0117jimas \u0160veicarija<\/h2>\t\t<\/div>\n\t\t\t\t<\/div>\n\t\t\t\t<\/div>\n\t\t<div class=\"elementor-element elementor-element-e1c2486 e-con-full e-flex e-con e-child\" data-id=\"e1c2486\" data-element_type=\"container\">\n\t\t\t\t<div class=\"elementor-element elementor-element-28f783c elementor-widget elementor-widget-heading\" data-id=\"28f783c\" data-element_type=\"widget\" data-widget_type=\"heading.default\">\n\t\t\t\t<div class=\"elementor-widget-container\">\n\t\t\t<h2 class=\"elementor-heading-title elementor-size-default\">Motociklo vairuotojo pa\u017eym\u0117jimas \u0160veicarija<\/h2>\t\t<\/div>\n\t\t\t\t<\/div>\n\t\t\t\t<\/div>\n\t\t\t\t\t<\/div>\n\t\t\t\t<\/div>\n\t\t<div class=\"elementor-element elementor-element-60a9600 e-flex e-con-boxed e-con e-parent\" data-id=\"60a9600\" data-element_type=\"container\" data-core-v316-plus=\"true\">\n\t\t\t\t\t<div class=\"e-con-inner\">\n\t\t\t\t<div class=\"elementor-element elementor-element-96bee33 elementor-widget elementor-widget-text-editor\" data-id=\"96bee33\" data-element_type=\"widget\" data-widget_type=\"text-editor.default\">\n\t\t\t\t<div class=\"elementor-widget-container\">\n\t\t\t\t\t\t\t<p>Gali b\u016bti sunku gauti \u0160veicarijos vairuotojo pa\u017eym\u0117jim\u0105. Prie\u0161 teorijos egzamin\u0105 turite baigti de\u0161imties valand\u0173 pirmosios pagalbos mokymo kurs\u0105. Gav\u0119 laikin\u0105j\u012f vairuotojo pa\u017eym\u0117jim\u0105, turite baigti 8 valand\u0173 eismo dalyvi\u0173 mokymo kurs\u0105, o gav\u0119 \u0160veicarijos vairuotojo pa\u017eym\u0117jim\u0105 (vairuotojo pa\u017eym\u0117jimas \u0160veicarijoje kainuoja) turite baigti dar kelias valandas.<br \/>Vykdant \u0161\u012f proces\u0105 reikia tvarkyti daug dokument\u0173 ir i\u0161siai\u0161kinti nacionalines kalbas, pavyzd\u017eiui, ital\u0173, vokie\u010di\u0173 ar pranc\u016bz\u0173. Jei nei\u0161laikysite testo, j\u016bs\u0173 parai\u0161ka bus atmesta, o tai gali reik\u0161ti, kad norimo dokumento teks laukti dar ilgiau. Pasirink\u0119 suklastot\u0105 \u0160veicarijos vairuotojo pa\u017eym\u0117jim\u0105, galite visi\u0161kai i\u0161vengti toki\u0173 problem\u0173. Si\u016blome jums plat\u0173 \u012f pagrindin\u0119 duomen\u0173 baz\u0119 \u012ftraukt\u0173 tikr\u0173 darb\u0173 asortiment\u0105. Pasidom\u0117kite m\u016bs\u0173 paslaugomis dabar ir prane\u0161kite mums, ko jums reikia! Kod\u0117l verta pirkti \u0161veicari\u0161k\u0105 vairuotojo pa\u017eym\u0117jim\u0105 i\u0161 m\u016bs\u0173?<\/p>\t\t\t\t\t\t<\/div>\n\t\t\t\t<\/div>\n\t\t\t\t\t<\/div>\n\t\t\t\t<\/div>\n\t\t<div class=\"elementor-element elementor-element-d570619 e-flex e-con-boxed e-con e-parent\" data-id=\"d570619\" data-element_type=\"container\" data-core-v316-plus=\"true\">\n\t\t\t\t\t<div class=\"e-con-inner\">\n\t\t<div class=\"elementor-element elementor-element-11d4bf8 e-con-full e-flex e-con e-child\" data-id=\"11d4bf8\" data-element_type=\"container\">\n\t\t\t\t<div class=\"elementor-element elementor-element-cd6fc52 elementor-widget elementor-widget-image\" data-id=\"cd6fc52\" data-element_type=\"widget\" data-widget_type=\"image.default\">\n\t\t\t\t<div class=\"elementor-widget-container\">\n\t\t\t<style>\/*! elementor - v3.20.0 - 13-03-2024 *\/\n.elementor-widget-image{text-align:center}.elementor-widget-image a{display:inline-block}.elementor-widget-image a img[src$=\".svg\"]{width:48px}.elementor-widget-image img{vertical-align:middle;display:inline-block}<\/style>\t\t\t\t\t\t\t<figure class=\"wp-caption\">\n\t\t\t\t\t\t\t\t\t\t<img fetchpriority=\"high\" decoding=\"async\" width=\"640\" height=\"630\" src=\"https:\/\/reisepassfuhrer.com\/wp-content\/uploads\/2024\/01\/Buy-French-drivers-licence.jpg\" class=\"attachment-large size-large wp-image-2606\" alt=\"Vairuotojo pa\u017eym\u0117jimas \u0160veicarija\" srcset=\"https:\/\/reisepassfuhrer.com\/wp-content\/uploads\/2024\/01\/Buy-French-drivers-licence.jpg 640w, https:\/\/reisepassfuhrer.com\/wp-content\/uploads\/2024\/01\/Buy-French-drivers-licence-300x295.jpg 300w, https:\/\/reisepassfuhrer.com\/wp-content\/uploads\/2024\/01\/Buy-French-drivers-licence-229x225.jpg 229w\" sizes=\"(max-width: 640px) 100vw, 640px\" \/>\t\t\t\t\t\t\t\t\t\t\t<figcaption class=\"widget-image-caption wp-caption-text\">Vairuotojo pa\u017eym\u0117jimas \u0160veicarija<\/figcaption>\n\t\t\t\t\t\t\t\t\t\t<\/figure>\n\t\t\t\t\t\t\t<\/div>\n\t\t\t\t<\/div>\n\t\t\t\t<\/div>\n\t\t<div class=\"elementor-element elementor-element-e5392a4 e-con-full e-flex e-con e-child\" data-id=\"e5392a4\" data-element_type=\"container\">\n\t\t\t\t<div class=\"elementor-element elementor-element-ea66b31 elementor-widget elementor-widget-image\" data-id=\"ea66b31\" data-element_type=\"widget\" data-widget_type=\"image.default\">\n\t\t\t\t<div class=\"elementor-widget-container\">\n\t\t\t\t\t\t\t\t\t\t<figure class=\"wp-caption\">\n\t\t\t\t\t\t\t\t\t\t<img decoding=\"async\" src=\"https:\/\/reisepassfuhrer.com\/wp-content\/uploads\/2024\/01\/dl.jpeg\" title=\"tarptautinis vairuotojo pa\u017eym\u0117jimas \u0160veicarija\" alt=\"tarptautinis vairuotojo pa\u017eym\u0117jimas \u0160veicarija\" loading=\"lazy\" \/>\t\t\t\t\t\t\t\t\t\t\t<figcaption class=\"widget-image-caption wp-caption-text\">tarptautinis vairuotojo pa\u017eym\u0117jimas \u0160veicarija<\/figcaption>\n\t\t\t\t\t\t\t\t\t\t<\/figure>\n\t\t\t\t\t\t\t<\/div>\n\t\t\t\t<\/div>\n\t\t\t\t<\/div>\n\t\t\t\t\t<\/div>\n\t\t\t\t<\/div>\n\t\t<div class=\"elementor-element elementor-element-1450bcc e-flex e-con-boxed e-con e-parent\" data-id=\"1450bcc\" data-element_type=\"container\" data-core-v316-plus=\"true\">\n\t\t\t\t\t<div class=\"e-con-inner\">\n\t\t\t\t<div class=\"elementor-element elementor-element-f1bca8e elementor-widget elementor-widget-text-editor\" data-id=\"f1bca8e\" data-element_type=\"widget\" data-widget_type=\"text-editor.default\">\n\t\t\t\t<div class=\"elementor-widget-container\">\n\t\t\t\t\t\t\t<p>Gali b\u016bti sunku gauti \u0160veicarijos vairuotojo pa\u017eym\u0117jim\u0105. Prie\u0161 teorijos egzamin\u0105 turite baigti de\u0161imties valand\u0173 pirmosios pagalbos mokymo kurs\u0105. Gav\u0119 laikin\u0105j\u012f vairuotojo pa\u017eym\u0117jim\u0105, turite baigti 8 valand\u0173 eismo dalyvi\u0173 s\u0105moningumo mokymus, o gav\u0119 \u0160veicarijos vairuotojo pa\u017eym\u0117jim\u0105 - dar kelias valandas. Autenti\u0161ki dokumentai yra skirti jums.<br \/>Vykdant \u0161\u012f proces\u0105 tenka tvarkyti daug dokument\u0173, be to, reikia i\u0161siai\u0161kinti nacionalines kalbas, pavyzd\u017eiui, ital\u0173, vokie\u010di\u0173 ar pranc\u016bz\u0173. Jei nei\u0161laikysite testo, j\u016bs\u0173 parai\u0161ka bus atmesta, o tai gali reik\u0161ti, kad norimo dokumento teks laukti dar ilgiau. Pasirink\u0119 suklastot\u0105 \u0160veicarijos vairuotojo pa\u017eym\u0117jim\u0105, galite visi\u0161kai i\u0161vengti toki\u0173 problem\u0173. Si\u016blome jums plat\u0173 \u012f pagrindin\u0119 duomen\u0173 baz\u0119 \u012ftraukt\u0173 tikr\u0173 darb\u0173 asortiment\u0105. Pasidom\u0117kite m\u016bs\u0173 paslaugomis dabar ir prane\u0161kite mums, ko jums reikia!<br \/>Kod\u0117l verta pirkti \u0160veicarijos vairuotojo pa\u017eym\u0117jim\u0105 i\u0161 m\u016bs\u0173?<\/p><p>Nesvarbu, kurioje pasaulio vietoje esate, nor\u0117dami vairuoti transporto priemon\u0119, privalote tur\u0117ti galiojant\u012f vairuotojo pa\u017eym\u0117jim\u0105. Deja, parai\u0161kos teikimo procesas yra viena did\u017eiausi\u0173 kli\u016b\u010di\u0173. Tiems, kurie k\u0105 tik persik\u0117l\u0117 \u012f \u0160veicarij\u0105, ji yra gerokai prastesn\u0117. Laimei, yra patikim\u0173 dokument\u0173 teik\u0117j\u0173, kurie gali pad\u0117ti i\u0161vengti varginan\u010dio proceso. \u0160tai kelios prie\u017eastys, kod\u0117l verta rinktis b\u016btent juos.<\/p><p>Patogumas. Ko daugiau reikia, jei pra\u0161ym\u0105 i\u0161duoti vairuotojo pa\u017eym\u0117jim\u0105 \u0160veicarijoje galite pateikti internetu i\u0161 savo nam\u0173? Jums nereikia atvykti asmeni\u0161kai laikyti teorijos ar praktinio egzamino. Jums tereikia \u012fvesti savo vard\u0105, pavard\u0119 ir vis\u0105 reikiam\u0105 informacij\u0105. M\u016bs\u0173 darbuotojai u\u017e jus atspausdins kortel\u0119!<\/p><p>Autenti\u0161kumas. Nepriversime j\u016bs\u0173 kent\u0117ti kaip klastotojo. I\u0161 m\u016bs\u0173 gautas dokumentas yra toks pat autenti\u0161kas kaip ir originalas. Policijos pareig\u016bnas niekada ne\u012ftars, kad turite suklastot\u0105 vairuotojo pa\u017eym\u0117jim\u0105.<\/p><p>\u012eperkamumas. Jei suskai\u010diuosite vairuotojo pa\u017eym\u0117jimo gavimo pagal standartin\u0119 tvark\u0105 i\u0161laidas, pamatysite, kokie prieinami esame.<\/p><p>Taupomas laikas. Centralizuotam procesui reikia daug laiko ir darbo, tod\u0117l jo neverta naudoti. B\u016bdami tikri, kad laiku pasi\u016blysime geriausi\u0105, investuosite \u012f mus ir sutaupysite brangaus laiko.<\/p><p>Kaip gauti \u0160veicarijos vairuotojo pa\u017eym\u0117jim\u0105 be egzamino<\/p><p>Laikai, kai buvo galima i\u0161sisukti be vairuotojo pa\u017eym\u0117jimo, jau seniai pra\u0117jo. Atsi\u017evelgdamos \u012f did\u0117jant\u012f eismo \u012fvyki\u0173 skai\u010di\u0173, vald\u017eios institucijos dar labiau sugrie\u017etino taisykles. \u0160veicarijoje turite galimyb\u0119 be joki\u0173 sunkum\u0173 gauti tarptautin\u012f vairuotojo pa\u017eym\u0117jim\u0105. M\u016bs\u0173 komand\u0105 sudaro technologij\u0173, dizaino ir valstyb\u0117s institucij\u0173 specialistai, turintys \u012fg\u016bd\u017ei\u0173, reikaling\u0173 norint tobulai atkartoti original\u0173 dokument\u0105. Susisiekite su mumis. Pasakykite, ko jums reikia, susisiek\u0119 su mumis dabar! \u012esigykite kit\u0173 ES \u0161ali\u0173 vairuotojo pa\u017eym\u0117jimus<\/p>\t\t\t\t\t\t<\/div>\n\t\t\t\t<\/div>\n\t\t\t\t\t<\/div>\n\t\t\t\t<\/div>\n\t\t<div class=\"elementor-element elementor-element-edec56e e-flex e-con-boxed e-con e-parent\" data-id=\"edec56e\" data-element_type=\"container\" data-core-v316-plus=\"true\">\n\t\t\t\t\t<div class=\"e-con-inner\">\n\t\t<div class=\"elementor-element elementor-element-dc23bf7 e-con-full e-flex e-con e-child\" data-id=\"dc23bf7\" data-element_type=\"container\">\n\t\t\t\t<div class=\"elementor-element elementor-element-3d5487a elementor-widget elementor-widget-heading\" data-id=\"3d5487a\" data-element_type=\"widget\" data-widget_type=\"heading.default\">\n\t\t\t\t<div class=\"elementor-widget-container\">\n\t\t\t<h2 class=\"elementor-heading-title elementor-size-default\">vairuotojo pa\u017eym\u0117jimo perra\u0161ymas \u0160veicarija<\/h2>\t\t<\/div>\n\t\t\t\t<\/div>\n\t\t\t\t<\/div>\n\t\t<div class=\"elementor-element elementor-element-05ff606 e-con-full e-flex e-con e-child\" data-id=\"05ff606\" data-element_type=\"container\">\n\t\t\t\t<div class=\"elementor-element elementor-element-9e7a369 elementor-widget elementor-widget-heading\" data-id=\"9e7a369\" data-element_type=\"widget\" data-widget_type=\"heading.default\">\n\t\t\t\t<div class=\"elementor-widget-container\">\n\t\t\t<h2 class=\"elementor-heading-title elementor-size-default\">vairavimas be vairuotojo pa\u017eym\u0117jimo \u0160veicarija<\/h2>\t\t<\/div>\n\t\t\t\t<\/div>\n\t\t\t\t<\/div>\n\t\t\t\t\t<\/div>\n\t\t\t\t<\/div>\n\t\t\t\t<\/div>","protected":false},"excerpt":{"rendered":"<p>F\u00fchrerschein schweiz Internationaler f\u00fchrerschein schweiz F\u00fchrerschein schweiz, Ein F\u00fchrerschein ist die gesetzliche Erlaubnis einer bestimmten Person, ein oder mehrere Kraftfahrzeuge zu f\u00fchren. Es ist die akzeptabelste Form eines von der Regierung ausgestellten Dokuments, das Sie als Identit\u00e4tsnachweis vorlegen k\u00f6nnen. Es gibt Ihnen auch die Freiheit, unabh\u00e4ngig zu fahren, ohne Angst vor den Beh\u00f6rden zu haben. [&hellip;]<\/p>","protected":false},"author":1,"featured_media":0,"parent":0,"menu_order":0,"comment_status":"closed","ping_status":"closed","template":"","meta":{"footnotes":""},"class_list":["post-2377","page","type-page","status-publish","hentry"],"yoast_head":"<!-- This site is optimized with the Yoast SEO Premium plugin v22.2 (Yoast SEO v26.2) - https:\/\/yoast.com\/wordpress\/plugins\/seo\/ -->\n<title>F\u00fchrerschein schweiz - Reisepassfuhrer<\/title>\n<meta name=\"description\" content=\"F\u00fchrerschein schweiz, Ein F\u00fchrerschein ist die gesetzliche Erlaubnis einer bestimmten Person, ein oder mehrere Kraftfahrzeuge zu f\u00fchren.\" \/>\n<meta name=\"robots\" content=\"noindex, follow, max-snippet:-1, max-image-preview:large, max-video-preview:-1\" \/>\n<meta property=\"og:locale\" content=\"lt_LT\" \/>\n<meta property=\"og:type\" content=\"article\" \/>\n<meta property=\"og:title\" content=\"F\u00fchrerschein schweiz\" \/>\n<meta property=\"og:description\" content=\"F\u00fchrerschein schweiz, Ein F\u00fchrerschein ist die gesetzliche Erlaubnis einer bestimmten Person, ein oder mehrere Kraftfahrzeuge zu f\u00fchren.\" \/>\n<meta property=\"og:url\" content=\"https:\/\/reisepassfuhrer.com\/lt\/sveicarijos-vairuotojo-pazymejimas\/\" \/>\n<meta property=\"og:site_name\" content=\"Reisepassfuhrer\" \/>\n<meta property=\"article:modified_time\" content=\"2024-01-27T12:34:54+00:00\" \/>\n<meta property=\"og:image\" content=\"http:\/\/reisepassfuhrer.com\/wp-content\/uploads\/2024\/01\/Buy-French-drivers-licence.jpg\" \/>\n<meta name=\"twitter:card\" content=\"summary_large_image\" \/>\n<meta name=\"twitter:label1\" content=\"Est. reading time\" \/>\n\t<meta name=\"twitter:data1\" content=\"4 minut\u0117s\" \/>\n<script type=\"application\/ld+json\" class=\"yoast-schema-graph\">{\"@context\":\"https:\/\/schema.org\",\"@graph\":[{\"@type\":\"WebPage\",\"@id\":\"https:\/\/reisepassfuhrer.com\/fuhrerschein-schweiz\/\",\"url\":\"https:\/\/reisepassfuhrer.com\/fuhrerschein-schweiz\/\",\"name\":\"F\u00fchrerschein schweiz - Reisepassfuhrer\",\"isPartOf\":{\"@id\":\"https:\/\/reisepassfuhrer.com\/#website\"},\"primaryImageOfPage\":{\"@id\":\"https:\/\/reisepassfuhrer.com\/fuhrerschein-schweiz\/#primaryimage\"},\"image\":{\"@id\":\"https:\/\/reisepassfuhrer.com\/fuhrerschein-schweiz\/#primaryimage\"},\"thumbnailUrl\":\"http:\/\/reisepassfuhrer.com\/wp-content\/uploads\/2024\/01\/Buy-French-drivers-licence.jpg\",\"datePublished\":\"2021-03-09T14:34:09+00:00\",\"dateModified\":\"2024-01-27T12:34:54+00:00\",\"description\":\"F\u00fchrerschein schweiz, Ein F\u00fchrerschein ist die gesetzliche Erlaubnis einer bestimmten Person, ein oder mehrere Kraftfahrzeuge zu f\u00fchren.\",\"breadcrumb\":{\"@id\":\"https:\/\/reisepassfuhrer.com\/fuhrerschein-schweiz\/#breadcrumb\"},\"inLanguage\":\"lt-LT\",\"potentialAction\":[{\"@type\":\"ReadAction\",\"target\":[\"https:\/\/reisepassfuhrer.com\/fuhrerschein-schweiz\/\"]}]},{\"@type\":\"ImageObject\",\"inLanguage\":\"lt-LT\",\"@id\":\"https:\/\/reisepassfuhrer.com\/fuhrerschein-schweiz\/#primaryimage\",\"url\":\"http:\/\/reisepassfuhrer.com\/wp-content\/uploads\/2024\/01\/Buy-French-drivers-licence.jpg\",\"contentUrl\":\"http:\/\/reisepassfuhrer.com\/wp-content\/uploads\/2024\/01\/Buy-French-drivers-licence.jpg\"},{\"@type\":\"BreadcrumbList\",\"@id\":\"https:\/\/reisepassfuhrer.com\/fuhrerschein-schweiz\/#breadcrumb\",\"itemListElement\":[{\"@type\":\"ListItem\",\"position\":1,\"name\":\"Home\",\"item\":\"https:\/\/reisepassfuhrer.com\/\"},{\"@type\":\"ListItem\",\"position\":2,\"name\":\"F\u00fchrerschein schweiz\"}]},{\"@type\":\"WebSite\",\"@id\":\"https:\/\/reisepassfuhrer.com\/#website\",\"url\":\"https:\/\/reisepassfuhrer.com\/\",\"name\":\"Reisepassfuhrer\",\"description\":\"Reisepass Beantragen Berlin\",\"publisher\":{\"@id\":\"https:\/\/reisepassfuhrer.com\/#organization\"},\"potentialAction\":[{\"@type\":\"SearchAction\",\"target\":{\"@type\":\"EntryPoint\",\"urlTemplate\":\"https:\/\/reisepassfuhrer.com\/?s={search_term_string}\"},\"query-input\":{\"@type\":\"PropertyValueSpecification\",\"valueRequired\":true,\"valueName\":\"search_term_string\"}}],\"inLanguage\":\"lt-LT\"},{\"@type\":\"Organization\",\"@id\":\"https:\/\/reisepassfuhrer.com\/#organization\",\"name\":\"Reisepassfuhrer\",\"url\":\"https:\/\/reisepassfuhrer.com\/\",\"logo\":{\"@type\":\"ImageObject\",\"inLanguage\":\"lt-LT\",\"@id\":\"https:\/\/reisepassfuhrer.com\/#\/schema\/logo\/image\/\",\"url\":\"https:\/\/reisepassfuhrer.com\/wp-content\/uploads\/2024\/03\/Reisepassfuhrer-logo.png\",\"contentUrl\":\"https:\/\/reisepassfuhrer.com\/wp-content\/uploads\/2024\/03\/Reisepassfuhrer-logo.png\",\"width\":112,\"height\":112,\"caption\":\"Reisepassfuhrer\"},\"image\":{\"@id\":\"https:\/\/reisepassfuhrer.com\/#\/schema\/logo\/image\/\"}}]}<\/script>\n<!-- \/ Yoast SEO Premium plugin. -->","yoast_head_json":{"title":"Vairuotojo pa\u017eym\u0117jimas \u0160veicarija - Paso tur\u0117tojas","description":"Vairuotojo pa\u017eym\u0117jimas \u0160veicarija, Vairuotojo pa\u017eym\u0117jimas - tai teisinis leidimas konkre\u010diam asmeniui vairuoti vien\u0105 ar daugiau motorini\u0173 transporto priemoni\u0173.","robots":{"index":"noindex","follow":"follow","max-snippet":"max-snippet:-1","max-image-preview":"max-image-preview:large","max-video-preview":"max-video-preview:-1"},"og_locale":"lt_LT","og_type":"article","og_title":"F\u00fchrerschein schweiz","og_description":"F\u00fchrerschein schweiz, Ein F\u00fchrerschein ist die gesetzliche Erlaubnis einer bestimmten Person, ein oder mehrere Kraftfahrzeuge zu f\u00fchren.","og_url":"https:\/\/reisepassfuhrer.com\/lt\/sveicarijos-vairuotojo-pazymejimas\/","og_site_name":"Reisepassfuhrer","article_modified_time":"2024-01-27T12:34:54+00:00","og_image":[{"url":"http:\/\/reisepassfuhrer.com\/wp-content\/uploads\/2024\/01\/Buy-French-drivers-licence.jpg","type":"","width":"","height":""}],"twitter_card":"summary_large_image","twitter_misc":{"Est. reading time":"4 minut\u0117s"},"schema":{"@context":"https:\/\/schema.org","@graph":[{"@type":"WebPage","@id":"https:\/\/reisepassfuhrer.com\/fuhrerschein-schweiz\/","url":"https:\/\/reisepassfuhrer.com\/fuhrerschein-schweiz\/","name":"Vairuotojo pa\u017eym\u0117jimas \u0160veicarija - Paso tur\u0117tojas","isPartOf":{"@id":"https:\/\/reisepassfuhrer.com\/#website"},"primaryImageOfPage":{"@id":"https:\/\/reisepassfuhrer.com\/fuhrerschein-schweiz\/#primaryimage"},"image":{"@id":"https:\/\/reisepassfuhrer.com\/fuhrerschein-schweiz\/#primaryimage"},"thumbnailUrl":"http:\/\/reisepassfuhrer.com\/wp-content\/uploads\/2024\/01\/Buy-French-drivers-licence.jpg","datePublished":"2021-03-09T14:34:09+00:00","dateModified":"2024-01-27T12:34:54+00:00","description":"Vairuotojo pa\u017eym\u0117jimas \u0160veicarija, Vairuotojo pa\u017eym\u0117jimas - tai teisinis leidimas konkre\u010diam asmeniui vairuoti vien\u0105 ar daugiau motorini\u0173 transporto priemoni\u0173.","breadcrumb":{"@id":"https:\/\/reisepassfuhrer.com\/fuhrerschein-schweiz\/#breadcrumb"},"inLanguage":"lt-LT","potentialAction":[{"@type":"ReadAction","target":["https:\/\/reisepassfuhrer.com\/fuhrerschein-schweiz\/"]}]},{"@type":"ImageObject","inLanguage":"lt-LT","@id":"https:\/\/reisepassfuhrer.com\/fuhrerschein-schweiz\/#primaryimage","url":"http:\/\/reisepassfuhrer.com\/wp-content\/uploads\/2024\/01\/Buy-French-drivers-licence.jpg","contentUrl":"http:\/\/reisepassfuhrer.com\/wp-content\/uploads\/2024\/01\/Buy-French-drivers-licence.jpg"},{"@type":"BreadcrumbList","@id":"https:\/\/reisepassfuhrer.com\/fuhrerschein-schweiz\/#breadcrumb","itemListElement":[{"@type":"ListItem","position":1,"name":"Home","item":"https:\/\/reisepassfuhrer.com\/"},{"@type":"ListItem","position":2,"name":"F\u00fchrerschein schweiz"}]},{"@type":"WebSite","@id":"https:\/\/reisepassfuhrer.com\/#website","url":"https:\/\/reisepassfuhrer.com\/","name":"Paso vadovas","description":"Pra\u0161ymas i\u0161duoti pas\u0105 Berlyne","publisher":{"@id":"https:\/\/reisepassfuhrer.com\/#organization"},"potentialAction":[{"@type":"SearchAction","target":{"@type":"EntryPoint","urlTemplate":"https:\/\/reisepassfuhrer.com\/?s={search_term_string}"},"query-input":{"@type":"PropertyValueSpecification","valueRequired":true,"valueName":"search_term_string"}}],"inLanguage":"lt-LT"},{"@type":"Organization","@id":"https:\/\/reisepassfuhrer.com\/#organization","name":"Paso vadovas","url":"https:\/\/reisepassfuhrer.com\/","logo":{"@type":"ImageObject","inLanguage":"lt-LT","@id":"https:\/\/reisepassfuhrer.com\/#\/schema\/logo\/image\/","url":"https:\/\/reisepassfuhrer.com\/wp-content\/uploads\/2024\/03\/Reisepassfuhrer-logo.png","contentUrl":"https:\/\/reisepassfuhrer.com\/wp-content\/uploads\/2024\/03\/Reisepassfuhrer-logo.png","width":112,"height":112,"caption":"Reisepassfuhrer"},"image":{"@id":"https:\/\/reisepassfuhrer.com\/#\/schema\/logo\/image\/"}}]}},"_links":{"self":[{"href":"https:\/\/reisepassfuhrer.com\/lt\/wp-json\/wp\/v2\/pages\/2377","targetHints":{"allow":["GET"]}}],"collection":[{"href":"https:\/\/reisepassfuhrer.com\/lt\/wp-json\/wp\/v2\/pages"}],"about":[{"href":"https:\/\/reisepassfuhrer.com\/lt\/wp-json\/wp\/v2\/types\/page"}],"author":[{"embeddable":true,"href":"https:\/\/reisepassfuhrer.com\/lt\/wp-json\/wp\/v2\/users\/1"}],"replies":[{"embeddable":true,"href":"https:\/\/reisepassfuhrer.com\/lt\/wp-json\/wp\/v2\/comments?post=2377"}],"version-history":[{"count":34,"href":"https:\/\/reisepassfuhrer.com\/lt\/wp-json\/wp\/v2\/pages\/2377\/revisions"}],"predecessor-version":[{"id":2617,"href":"https:\/\/reisepassfuhrer.com\/lt\/wp-json\/wp\/v2\/pages\/2377\/revisions\/2617"}],"wp:attachment":[{"href":"https:\/\/reisepassfuhrer.com\/lt\/wp-json\/wp\/v2\/media?parent=2377"}],"curies":[{"name":"wp","href":"https:\/\/api.w.org\/{rel}","templated":true}]}}