{"id":2824,"date":"2024-03-18T17:56:14","date_gmt":"2024-03-18T17:56:14","guid":{"rendered":"https:\/\/reisepassfuhrer.com\/?page_id=2824"},"modified":"2024-05-29T17:45:01","modified_gmt":"2024-05-29T17:45:01","slug":"internationaler-fuhrerschein-schweiz","status":"publish","type":"page","link":"https:\/\/reisepassfuhrer.com\/lt\/tarptautinis-vairuotojo-pazymejimas-sveicarija\/","title":{"rendered":"Greitai ir paprastai pateikite parai\u0161k\u0105 tarptautiniam vairuotojo pa\u017eym\u0117jimui \u0160veicarijoje gauti"},"content":{"rendered":"<div data-elementor-type=\"wp-page\" data-elementor-id=\"2824\" class=\"elementor elementor-2824\" data-elementor-post-type=\"page\">\n\t\t\t\t<div class=\"elementor-element elementor-element-fd4af8e e-flex e-con-boxed e-con e-parent\" data-id=\"fd4af8e\" data-element_type=\"container\" data-core-v316-plus=\"true\">\n\t\t\t\t\t<div class=\"e-con-inner\">\n\t\t<div class=\"elementor-element elementor-element-754a4c2 e-con-full e-flex e-con e-child\" data-id=\"754a4c2\" data-element_type=\"container\">\n\t\t\t\t<div class=\"elementor-element elementor-element-2786251 elementor-widget elementor-widget-heading\" data-id=\"2786251\" data-element_type=\"widget\" data-widget_type=\"heading.default\">\n\t\t\t\t<div class=\"elementor-widget-container\">\n\t\t\t<style>\/*! elementor - v3.20.0 - 13-03-2024 *\/\n.elementor-heading-title{padding:0;margin:0;line-height:1}.elementor-widget-heading .elementor-heading-title[class*=elementor-size-]>a{color:inherit;font-size:inherit;line-height:inherit}.elementor-widget-heading .elementor-heading-title.elementor-size-small{font-size:15px}.elementor-widget-heading .elementor-heading-title.elementor-size-medium{font-size:19px}.elementor-widget-heading .elementor-heading-title.elementor-size-large{font-size:29px}.elementor-widget-heading .elementor-heading-title.elementor-size-xl{font-size:39px}.elementor-widget-heading .elementor-heading-title.elementor-size-xxl{font-size:59px}<\/style><h2 class=\"elementor-heading-title elementor-size-default\">ce vairavimo pa\u017eym\u0117jimo i\u0161laidos<\/h2>\t\t<\/div>\n\t\t\t\t<\/div>\n\t\t\t\t<\/div>\n\t\t<div class=\"elementor-element elementor-element-f56f4ef e-con-full e-flex e-con e-child\" data-id=\"f56f4ef\" data-element_type=\"container\">\n\t\t\t\t<div class=\"elementor-element elementor-element-1bd92be elementor-widget elementor-widget-heading\" data-id=\"1bd92be\" data-element_type=\"widget\" data-widget_type=\"heading.default\">\n\t\t\t\t<div class=\"elementor-widget-container\">\n\t\t\t<h2 class=\"elementor-heading-title elementor-size-default\">b\u016bti Lenkija<\/h2>\t\t<\/div>\n\t\t\t\t<\/div>\n\t\t\t\t<\/div>\n\t\t\t\t\t<\/div>\n\t\t\t\t<\/div>\n\t\t<div class=\"elementor-element elementor-element-576716a3 e-flex e-con-boxed e-con e-parent\" data-id=\"576716a3\" data-element_type=\"container\" data-core-v316-plus=\"true\">\n\t\t\t\t\t<div class=\"e-con-inner\">\n\t\t\t\t<div class=\"elementor-element elementor-element-2f82d64 elementor-widget elementor-widget-text-editor\" data-id=\"2f82d64\" data-element_type=\"widget\" data-widget_type=\"text-editor.default\">\n\t\t\t\t<div class=\"elementor-widget-container\">\n\t\t\t<style>\/*! elementor - v3.20.0 - 13-03-2024 *\/\n.elementor-widget-text-editor.elementor-drop-cap-view-stacked .elementor-drop-cap{background-color:#69727d;color:#fff}.elementor-widget-text-editor.elementor-drop-cap-view-framed .elementor-drop-cap{color:#69727d;border:3px solid;background-color:transparent}.elementor-widget-text-editor:not(.elementor-drop-cap-view-default) .elementor-drop-cap{margin-top:8px}.elementor-widget-text-editor:not(.elementor-drop-cap-view-default) .elementor-drop-cap-letter{width:1em;height:1em}.elementor-widget-text-editor .elementor-drop-cap{float:left;text-align:center;line-height:1;font-size:50px}.elementor-widget-text-editor .elementor-drop-cap-letter{display:inline-block}<\/style>\t\t\t\t<!-- wp:image {\"id\":2826,\"width\":\"830px\",\"height\":\"auto\",\"sizeSlug\":\"full\",\"linkDestination\":\"none\"} -->\n<figure class=\"wp-block-image size-full is-resized\"><img fetchpriority=\"high\" decoding=\"async\" width=\"845\" height=\"360\" class=\"wp-image-2826\" style=\"width: 830px; height: auto;\" src=\"https:\/\/reisepassfuhrer.com\/wp-content\/uploads\/2024\/03\/Internationaler-Fuhrerschein-Schweiz.png\" alt=\"Tarptautinis vairuotojo pa\u017eym\u0117jimas \u0160veicarija\" srcset=\"https:\/\/reisepassfuhrer.com\/wp-content\/uploads\/2024\/03\/Internationaler-Fuhrerschein-Schweiz.png 845w, https:\/\/reisepassfuhrer.com\/wp-content\/uploads\/2024\/03\/Internationaler-Fuhrerschein-Schweiz-300x128.png 300w, https:\/\/reisepassfuhrer.com\/wp-content\/uploads\/2024\/03\/Internationaler-Fuhrerschein-Schweiz-768x327.png 768w, https:\/\/reisepassfuhrer.com\/wp-content\/uploads\/2024\/03\/Internationaler-Fuhrerschein-Schweiz-450x192.png 450w\" sizes=\"(max-width: 845px) 100vw, 845px\" \/><\/figure>\n<!-- \/wp:image --><!-- wp:paragraph -->\n<p><strong>Keliaujate \u012f \u0160veicarij\u0105 ir esate mobilus? Su tarptautiniu vairuotojo pa\u017eym\u0117jimu - joki\u0173 problem\u0173!<\/strong><\/p>\n<!-- \/wp:paragraph --><!-- wp:paragraph -->\n<p><strong>Greitai ir lengvai:<\/strong> Vos per kelias minutes pateikite parai\u0161k\u0105 tarptautiniam vairuotojo pa\u017eym\u0117jimui gauti internetu.<\/p>\n<!-- \/wp:paragraph --><!-- wp:paragraph -->\n<p><strong>Jokio laukimo laiko:<\/strong> Vairuotojo pa\u017eym\u0117jimas bus i\u0161si\u0173stas pa\u0161tu tiesiai \u012f j\u016bs\u0173 namus.<\/p>\n<!-- \/wp:paragraph --><!-- wp:paragraph -->\n<p><strong>Galioja daugiau kaip 150 \u0161ali\u0173:<\/strong> Su tarptautiniu vairuotojo pa\u017eym\u0117jimu saugiai ir teis\u0117tai vairuokite \u0160veicarijoje ir daugelyje kit\u0173 \u0161ali\u0173.<\/p>\n<!-- \/wp:paragraph --><!-- wp:paragraph -->\n<p><strong>Viskas \u012fskai\u010diuota:<\/strong> R\u016bpinam\u0117s visu procesu - nuo parai\u0161kos pateikimo iki pristatymo.<\/p>\n<!-- \/wp:paragraph --><!-- wp:paragraph -->\n<p><strong>J\u016bs\u0173 privalumai:<\/strong><\/p>\n<!-- \/wp:paragraph --><!-- wp:list -->\n<ul><!-- wp:list-item -->\n<li><strong>Greitai ir lengvai:<\/strong>\u00a0Parai\u0161ka internetu vos per kelias minutes<\/li>\n<!-- \/wp:list-item --><!-- wp:list-item -->\n<li><strong>Patogu:<\/strong>\u00a0Pristatymas pa\u0161tu tiesiai \u012f namus<\/li>\n<!-- \/wp:list-item --><!-- wp:list-item -->\n<li><strong>Galioja visame pasaulyje:<\/strong>\u00a0Teis\u0117tai vairuokite daugiau nei 150 \u0161ali\u0173<\/li>\n<!-- \/wp:list-item --><!-- wp:list-item -->\n<li><strong>Be r\u016bpes\u010di\u0173:<\/strong>\u00a0Mes viskuo pasir\u016bpiname<\/li>\n<!-- \/wp:list-item --><\/ul>\n<!-- \/wp:list --><!-- wp:paragraph -->\n<p><strong>K\u0105 turite daryti?<\/strong><\/p>\n<!-- \/wp:paragraph --><!-- wp:list {\"ordered\":true} -->\n<ol><!-- wp:list-item -->\n<li>U\u017epildykite internetin\u0119 form\u0105.<\/li>\n<!-- \/wp:list-item --><!-- wp:list-item -->\n<li>\u012ekelkite naujausi\u0105 paso nuotrauk\u0105.<\/li>\n<!-- \/wp:list-item --><!-- wp:list-item -->\n<li>Saugiai sumok\u0117kite mokest\u012f internetu.<\/li>\n<!-- \/wp:list-item --><!-- wp:list-item -->\n<li>Gauti tarptautin\u012f vairuotojo pa\u017eym\u0117jim\u0105 pa\u0161tu.<\/li>\n<!-- \/wp:list-item --><\/ol>\n<!-- \/wp:list --><!-- wp:paragraph -->\n<p><strong>Kreipkit\u0117s dabar ir keliaukite \u012f \u0160veicarij\u0105 be r\u016bpes\u010di\u0173!<\/strong><\/p>\n<!-- \/wp:paragraph --><!-- wp:paragraph -->\n<p><strong>Daugiau informacijos:<\/strong><\/p>\n<!-- \/wp:paragraph --><!-- wp:list -->\n<ul><!-- wp:list-item -->\n<li><strong>Kurios \u0161alys pripa\u017e\u012fsta tarptautin\u012f vairuotojo pa\u017eym\u0117jim\u0105?<\/strong>\u00a0Vis\u0173 \u0161ali\u0173, kuriose pripa\u017e\u012fstamas tarptautinis vairuotojo pa\u017eym\u0117jimas, s\u0105ra\u0161\u0105 rasite Federalin\u0117s transporto ir skaitmenin\u0117s infrastrukt\u016bros ministerijos interneto svetain\u0117je.<\/li>\n<!-- \/wp:list-item --><!-- wp:list-item -->\n<li><strong>Kiek laiko galioja tarptautinis vairuotojo pa\u017eym\u0117jimas?<\/strong>\u00a0Tarptautinis vairuotojo pa\u017eym\u0117jimas galioja trejus metus.<\/li>\n<!-- \/wp:list-item --><!-- wp:list-item -->\n<li><strong>Kiek kainuoja tarptautinis vairuotojo pa\u017eym\u0117jimas?<\/strong>\u00a0Tarptautinio vairuotojo pa\u017eym\u0117jimo mokestis Vokietijoje yra 16,30 EUR.<\/li>\n<!-- \/wp:list-item --><\/ul>\n<!-- \/wp:list --><!-- wp:paragraph -->\n<p><strong>Svarbios pastabos:<\/strong><\/p>\n<!-- \/wp:paragraph --><!-- wp:list -->\n<ul><!-- wp:list-item -->\n<li>Tarptautinis vairuotojo pa\u017eym\u0117jimas nepakei\u010dia nacionalinio vairuotojo pa\u017eym\u0117jimo. Visada privalote su savimi tur\u0117ti abu vairuotojo pa\u017eym\u0117jimus, f\u00fchrerschein im ausland machen.<\/li>\n<!-- \/wp:list-item --><!-- wp:list-item -->\n<li>Tarptautinis vairuotojo pa\u017eym\u0117jimas galioja tik kartu su nacionaliniu vairuotojo pa\u017eym\u0117jimu.<\/li>\n<!-- \/wp:list-item --><!-- wp:list-item -->\n<li>Kai kuriose \u0161alyse nepakanka tarptautinio vairuotojo pa\u017eym\u0117jimo. Prie\u0161 keliaudami i\u0161siai\u0161kinkite vairuotojo pa\u017eym\u0117jimo i\u0161davimo taisykles \u0161alyje, \u012f kuri\u0105 vykstate.<\/li>\n<!-- \/wp:list-item --><\/ul>\n<!-- \/wp:list --><!-- wp:paragraph -->\n<p><strong>Kur galiu rasti tarptautin\u012f <a href=\"https:\/\/reisepassfuhrer.com\/lt\/teistumo-pazyma\/\">Vairuotojo pa\u017eym\u0117jimas<\/a> taikyti?<\/strong><\/p>\n<!-- \/wp:paragraph --><!-- wp:list -->\n<ul><!-- wp:list-item -->\n<li><strong>J\u016bs\u0173 gyvenamojo kantono keli\u0173 eismo tarnyba<\/strong><\/li>\n<!-- \/wp:list-item --><!-- wp:list-item -->\n<li><strong>Keli\u0173 eismo tarnybos internetinis portalas<\/strong><\/li>\n<!-- \/wp:list-item --><!-- wp:list-item -->\n<li><strong>\u0e1a\u0e32\u0e07\u0e41\u0e2b\u0e48\u0e07<\/strong>\u00a0\u0160veicarijos automobili\u0173 klubas (ACS)<\/li>\n<!-- \/wp:list-item --><!-- wp:list-item -->\n<li><strong>\u0e1a\u0e32\u0e07\u0e41\u0e2b\u0e48\u0e07<\/strong>\u00a0Touring Club Switzerland (TCS)<\/li>\n<!-- \/wp:list-item --><\/ul>\n<!-- \/wp:list --><!-- wp:heading {\"level\":5} -->\n<h5 id=\"h-kosten\" class=\"wp-block-heading\"><strong>I\u0161laidos:<\/strong><\/h5>\n<!-- \/wp:heading --><!-- wp:paragraph -->\n<p>Tarptautinio vairuotojo pa\u017eym\u0117jimo kaina priklauso nuo kantono. Paprastai jos kainuoja nuo 15 iki 30 \u0160veicarijos frank\u0173.<\/p>\n<!-- \/wp:paragraph --><!-- wp:paragraph -->\n<p><strong>Galiojimas:<\/strong><\/p>\n<!-- \/wp:paragraph --><!-- wp:paragraph -->\n<p>Tarptautinis vairuotojo pa\u017eym\u0117jimas galioja 3 metus.<\/p>\n<!-- \/wp:paragraph --><!-- wp:paragraph -->\n<p><strong>Greitai ir lengvai:<\/strong><\/p>\n<!-- \/wp:paragraph --><!-- wp:list -->\n<ul><!-- wp:list-item -->\n<li><strong>Parai\u0161ka internetu:<\/strong>\u00a0Pateikite parai\u0161k\u0105 tarptautiniam vairuotojo pa\u017eym\u0117jimui gauti patogiai \u012fsitais\u0119 savo namuose.<\/li>\n<!-- \/wp:list-item --><!-- wp:list-item -->\n<li><strong>Trumpas apdorojimo laikas:<\/strong>\u00a0Paprastai vairuotojo pa\u017eym\u0117jim\u0105 gausite per 3-5 darbo dienas.<\/li>\n<!-- \/wp:list-item --><!-- wp:list-item -->\n<li><strong>Tyrimas neatliekamas:<\/strong>\u00a0Papildomo egzamino laikyti nereikia.<\/li>\n<!-- \/wp:list-item --><\/ul>\n<!-- \/wp:list --><!-- wp:paragraph -->\n<p><strong>B\u016btinos s\u0105lygos :<\/strong><\/p>\n<!-- \/wp:paragraph --><!-- wp:list -->\n<ul><!-- wp:list-item -->\n<li><strong>Galiojantis nacionalinis vairuotojo pa\u017eym\u0117jimas:<\/strong>\u00a0Privalote tur\u0117ti galiojant\u012f savo \u0161alies vairuotojo pa\u017eym\u0117jim\u0105.<\/li>\n<!-- \/wp:list-item --><!-- wp:list-item -->\n<li><strong>Minimalus am\u017eius:<\/strong>\u00a0Minimalus am\u017eius tarptautiniam vairuotojo pa\u017eym\u0117jimui gauti yra 18 met\u0173.<\/li>\n<!-- \/wp:list-item --><!-- wp:list-item -->\n<li><strong>Paso nuotrauka:<\/strong>\u00a0Jums reik\u0117s naujausios paso nuotraukos.<\/li>\n<!-- \/wp:list-item --><\/ul>\n<!-- \/wp:list --><!-- wp:paragraph -->\n<p><strong>Kaip pateikti parai\u0161k\u0105 tarptautiniam vairuotojo pa\u017eym\u0117jimui gauti:<\/strong><\/p>\n<!-- \/wp:paragraph --><!-- wp:list {\"ordered\":true} -->\n<ol><!-- wp:list-item -->\n<li><strong>Apsilankykite atitinkamos keli\u0173 eismo tarnybos interneto svetain\u0117je.<\/strong><\/li>\n<!-- \/wp:list-item --><!-- wp:list-item -->\n<li><strong>U\u017epildykite internetin\u0119 parai\u0161kos form\u0105.<\/strong><\/li>\n<!-- \/wp:list-item --><!-- wp:list-item -->\n<li><strong>\u012ekelkite reikiamus dokumentus.<\/strong><\/li>\n<!-- \/wp:list-item --><!-- wp:list-item -->\n<li><strong>Sumok\u0117kite mokest\u012f.<\/strong>(paai\u0161kinimas)<\/li>\n<!-- \/wp:list-item --><!-- wp:list-item -->\n<li><strong>Palaukite, kol bus i\u0161si\u0173stas vairuotojo pa\u017eym\u0117jimas.<\/strong><\/li>\n<!-- \/wp:list-item --><\/ol>\n<!-- \/wp:list --><!-- wp:paragraph -->\n<p><strong>Patarimas:<\/strong> <a href=\"http:\/\/facebook.com\">Informuoti<\/a> Tiksli\u0105 informacij\u0105 apie tikslius mokes\u010dius ir nagrin\u0117jimo trukm\u0119 galite rasti Keli\u0173 eismo licencijavimo tarnybos interneto svetain\u0117je.<\/p>\n<!-- \/wp:paragraph -->\t\t\t\t\t\t<\/div>\n\t\t\t\t<\/div>\n\t\t\t\t\t<\/div>\n\t\t\t\t<\/div>\n\t\t<div class=\"elementor-element elementor-element-464aa0b e-flex e-con-boxed e-con e-parent\" data-id=\"464aa0b\" data-element_type=\"container\" data-core-v316-plus=\"true\">\n\t\t\t\t\t<div class=\"e-con-inner\">\n\t\t<div class=\"elementor-element elementor-element-8d8397f e-con-full e-flex e-con e-child\" data-id=\"8d8397f\" data-element_type=\"container\">\n\t\t\t\t<div class=\"elementor-element elementor-element-2e5c51c elementor-widget elementor-widget-heading\" data-id=\"2e5c51c\" data-element_type=\"widget\" data-widget_type=\"heading.default\">\n\t\t\t\t<div class=\"elementor-widget-container\">\n\t\t\t<h5 class=\"elementor-heading-title elementor-size-default\">Vairuotojo pa\u017eym\u0117jimo prat\u0119simas<\/h5>\t\t<\/div>\n\t\t\t\t<\/div>\n\t\t\t\t<\/div>\n\t\t<div class=\"elementor-element elementor-element-79e6856 e-con-full e-flex e-con e-child\" data-id=\"79e6856\" data-element_type=\"container\">\n\t\t\t\t<div class=\"elementor-element elementor-element-2900abe elementor-widget elementor-widget-heading\" data-id=\"2900abe\" data-element_type=\"widget\" data-widget_type=\"heading.default\">\n\t\t\t\t<div class=\"elementor-widget-container\">\n\t\t\t<h3 class=\"elementor-heading-title elementor-size-default\">Vairuotojo pa\u017eym\u0117jimo i\u0161laidos<\/h3>\t\t<\/div>\n\t\t\t\t<\/div>\n\t\t\t\t<\/div>\n\t\t<div class=\"elementor-element elementor-element-11d7efc e-con-full e-flex e-con e-child\" data-id=\"11d7efc\" data-element_type=\"container\">\n\t\t\t\t<div class=\"elementor-element elementor-element-1874fd7 elementor-widget elementor-widget-heading\" data-id=\"1874fd7\" data-element_type=\"widget\" data-widget_type=\"heading.default\">\n\t\t\t\t<div class=\"elementor-widget-container\">\n\t\t\t<h3 class=\"elementor-heading-title elementor-size-default\">vairuotojo pa\u017eym\u0117jimas per 7 dienas<\/h3>\t\t<\/div>\n\t\t\t\t<\/div>\n\t\t\t\t<\/div>\n\t\t<div class=\"elementor-element elementor-element-fd121f2 e-con-full e-flex e-con e-child\" data-id=\"fd121f2\" data-element_type=\"container\">\n\t\t\t\t<div class=\"elementor-element elementor-element-9195cfd elementor-widget elementor-widget-heading\" data-id=\"9195cfd\" data-element_type=\"widget\" data-widget_type=\"heading.default\">\n\t\t\t\t<div class=\"elementor-widget-container\">\n\t\t\t<h3 class=\"elementor-heading-title elementor-size-default\">Vairuotojo pa\u017eym\u0117jimas Lenkija<\/h3>\t\t<\/div>\n\t\t\t\t<\/div>\n\t\t\t\t<\/div>\n\t\t\t\t\t<\/div>\n\t\t\t\t<\/div>\n\t\t\t\t<\/div>","protected":false},"excerpt":{"rendered":"<p>ce f\u00fchrerschein kosten be polen In die Schweiz reisen und mobil sein? Mit dem internationalen F\u00fchrerschein kein Problem! Schnell und einfach: Beantragen Sie Ihren internationalen F\u00fchrerschein online in wenigen Minuten. Keine Wartezeiten: Sie erhalten Ihren F\u00fchrerschein per Post direkt nach Hause geschickt. G\u00fcltig in \u00fcber 150 L\u00e4ndern: Fahren Sie mit Ihrem internationalen F\u00fchrerschein in der [&hellip;]<\/p>","protected":false},"author":2,"featured_media":0,"parent":0,"menu_order":0,"comment_status":"closed","ping_status":"closed","template":"","meta":{"footnotes":""},"class_list":["post-2824","page","type-page","status-publish","hentry"],"yoast_head":"<!-- This site is optimized with the Yoast SEO Premium plugin v22.2 (Yoast SEO v26.2) - https:\/\/yoast.com\/wordpress\/plugins\/seo\/ -->\n<title>Internationaler F\u00fchrerschein Schweiz<\/title>\n<meta name=\"description\" content=\"Erhalten Sie schnell und einfach Ihren Internationaler F\u00fchrerschein Schweiz. Wir erkl\u00e4ren Ihnen die Schritte und helfen Ihnen.\" \/>\n<meta name=\"robots\" content=\"noindex, follow, max-snippet:-1, max-image-preview:large, max-video-preview:-1\" \/>\n<meta property=\"og:locale\" content=\"lt_LT\" \/>\n<meta property=\"og:type\" content=\"article\" \/>\n<meta property=\"og:title\" content=\"Internationalen F\u00fchrerschein f\u00fcr die Schweiz beantragen \u2013 schnell und einfach\" \/>\n<meta property=\"og:description\" content=\"Erhalten Sie schnell und einfach Ihren Internationaler F\u00fchrerschein Schweiz. Wir erkl\u00e4ren Ihnen die Schritte und helfen Ihnen.\" \/>\n<meta property=\"og:url\" content=\"https:\/\/reisepassfuhrer.com\/lt\/tarptautinis-vairuotojo-pazymejimas-sveicarija\/\" \/>\n<meta property=\"og:site_name\" content=\"Reisepassfuhrer\" \/>\n<meta property=\"article:modified_time\" content=\"2024-05-29T17:45:01+00:00\" \/>\n<meta property=\"og:image\" content=\"https:\/\/reisepassfuhrer.com\/wp-content\/uploads\/2024\/03\/Internationaler-Fuhrerschein-Schweiz.png\" \/>\n<meta name=\"twitter:card\" content=\"summary_large_image\" \/>\n<meta name=\"twitter:label1\" content=\"Est. reading time\" \/>\n\t<meta name=\"twitter:data1\" content=\"3 minut\u0117s\" \/>\n<script type=\"application\/ld+json\" class=\"yoast-schema-graph\">{\"@context\":\"https:\/\/schema.org\",\"@graph\":[{\"@type\":\"WebPage\",\"@id\":\"https:\/\/reisepassfuhrer.com\/internationaler-fuhrerschein-schweiz\/\",\"url\":\"https:\/\/reisepassfuhrer.com\/internationaler-fuhrerschein-schweiz\/\",\"name\":\"Internationaler F\u00fchrerschein Schweiz\",\"isPartOf\":{\"@id\":\"https:\/\/reisepassfuhrer.com\/#website\"},\"primaryImageOfPage\":{\"@id\":\"https:\/\/reisepassfuhrer.com\/internationaler-fuhrerschein-schweiz\/#primaryimage\"},\"image\":{\"@id\":\"https:\/\/reisepassfuhrer.com\/internationaler-fuhrerschein-schweiz\/#primaryimage\"},\"thumbnailUrl\":\"https:\/\/reisepassfuhrer.com\/wp-content\/uploads\/2024\/03\/Internationaler-Fuhrerschein-Schweiz.png\",\"datePublished\":\"2024-03-18T17:56:14+00:00\",\"dateModified\":\"2024-05-29T17:45:01+00:00\",\"description\":\"Erhalten Sie schnell und einfach Ihren Internationaler F\u00fchrerschein Schweiz. Wir erkl\u00e4ren Ihnen die Schritte und helfen Ihnen.\",\"breadcrumb\":{\"@id\":\"https:\/\/reisepassfuhrer.com\/internationaler-fuhrerschein-schweiz\/#breadcrumb\"},\"inLanguage\":\"lt-LT\",\"potentialAction\":[{\"@type\":\"ReadAction\",\"target\":[\"https:\/\/reisepassfuhrer.com\/internationaler-fuhrerschein-schweiz\/\"]}]},{\"@type\":\"ImageObject\",\"inLanguage\":\"lt-LT\",\"@id\":\"https:\/\/reisepassfuhrer.com\/internationaler-fuhrerschein-schweiz\/#primaryimage\",\"url\":\"https:\/\/reisepassfuhrer.com\/wp-content\/uploads\/2024\/03\/Internationaler-Fuhrerschein-Schweiz.png\",\"contentUrl\":\"https:\/\/reisepassfuhrer.com\/wp-content\/uploads\/2024\/03\/Internationaler-Fuhrerschein-Schweiz.png\"},{\"@type\":\"BreadcrumbList\",\"@id\":\"https:\/\/reisepassfuhrer.com\/internationaler-fuhrerschein-schweiz\/#breadcrumb\",\"itemListElement\":[{\"@type\":\"ListItem\",\"position\":1,\"name\":\"Home\",\"item\":\"https:\/\/reisepassfuhrer.com\/\"},{\"@type\":\"ListItem\",\"position\":2,\"name\":\"Internationalen F\u00fchrerschein f\u00fcr die Schweiz beantragen \u2013 schnell und einfach\"}]},{\"@type\":\"WebSite\",\"@id\":\"https:\/\/reisepassfuhrer.com\/#website\",\"url\":\"https:\/\/reisepassfuhrer.com\/\",\"name\":\"Reisepassfuhrer\",\"description\":\"Reisepass Beantragen Berlin\",\"publisher\":{\"@id\":\"https:\/\/reisepassfuhrer.com\/#organization\"},\"potentialAction\":[{\"@type\":\"SearchAction\",\"target\":{\"@type\":\"EntryPoint\",\"urlTemplate\":\"https:\/\/reisepassfuhrer.com\/?s={search_term_string}\"},\"query-input\":{\"@type\":\"PropertyValueSpecification\",\"valueRequired\":true,\"valueName\":\"search_term_string\"}}],\"inLanguage\":\"lt-LT\"},{\"@type\":\"Organization\",\"@id\":\"https:\/\/reisepassfuhrer.com\/#organization\",\"name\":\"Reisepassfuhrer\",\"url\":\"https:\/\/reisepassfuhrer.com\/\",\"logo\":{\"@type\":\"ImageObject\",\"inLanguage\":\"lt-LT\",\"@id\":\"https:\/\/reisepassfuhrer.com\/#\/schema\/logo\/image\/\",\"url\":\"https:\/\/reisepassfuhrer.com\/wp-content\/uploads\/2024\/03\/Reisepassfuhrer-logo.png\",\"contentUrl\":\"https:\/\/reisepassfuhrer.com\/wp-content\/uploads\/2024\/03\/Reisepassfuhrer-logo.png\",\"width\":112,\"height\":112,\"caption\":\"Reisepassfuhrer\"},\"image\":{\"@id\":\"https:\/\/reisepassfuhrer.com\/#\/schema\/logo\/image\/\"}}]}<\/script>\n<!-- \/ Yoast SEO Premium plugin. -->","yoast_head_json":{"title":"Tarptautinis vairuotojo pa\u017eym\u0117jimas \u0160veicarija","description":"Greitai ir lengvai gaukite tarptautin\u012f vairuotojo pa\u017eym\u0117jim\u0105 \u0160veicarijoje. Paai\u0161kinsime, kaip tai padaryti, ir pad\u0117sime jums.","robots":{"index":"noindex","follow":"follow","max-snippet":"max-snippet:-1","max-image-preview":"max-image-preview:large","max-video-preview":"max-video-preview:-1"},"og_locale":"lt_LT","og_type":"article","og_title":"Internationalen F\u00fchrerschein f\u00fcr die Schweiz beantragen \u2013 schnell und einfach","og_description":"Erhalten Sie schnell und einfach Ihren Internationaler F\u00fchrerschein Schweiz. Wir erkl\u00e4ren Ihnen die Schritte und helfen Ihnen.","og_url":"https:\/\/reisepassfuhrer.com\/lt\/tarptautinis-vairuotojo-pazymejimas-sveicarija\/","og_site_name":"Reisepassfuhrer","article_modified_time":"2024-05-29T17:45:01+00:00","og_image":[{"url":"https:\/\/reisepassfuhrer.com\/wp-content\/uploads\/2024\/03\/Internationaler-Fuhrerschein-Schweiz.png","type":"","width":"","height":""}],"twitter_card":"summary_large_image","twitter_misc":{"Est. reading time":"3 minut\u0117s"},"schema":{"@context":"https:\/\/schema.org","@graph":[{"@type":"WebPage","@id":"https:\/\/reisepassfuhrer.com\/internationaler-fuhrerschein-schweiz\/","url":"https:\/\/reisepassfuhrer.com\/internationaler-fuhrerschein-schweiz\/","name":"Tarptautinis vairuotojo pa\u017eym\u0117jimas \u0160veicarija","isPartOf":{"@id":"https:\/\/reisepassfuhrer.com\/#website"},"primaryImageOfPage":{"@id":"https:\/\/reisepassfuhrer.com\/internationaler-fuhrerschein-schweiz\/#primaryimage"},"image":{"@id":"https:\/\/reisepassfuhrer.com\/internationaler-fuhrerschein-schweiz\/#primaryimage"},"thumbnailUrl":"https:\/\/reisepassfuhrer.com\/wp-content\/uploads\/2024\/03\/Internationaler-Fuhrerschein-Schweiz.png","datePublished":"2024-03-18T17:56:14+00:00","dateModified":"2024-05-29T17:45:01+00:00","description":"Greitai ir lengvai gaukite tarptautin\u012f vairuotojo pa\u017eym\u0117jim\u0105 \u0160veicarijoje. Paai\u0161kinsime, kaip tai padaryti, ir pad\u0117sime jums.","breadcrumb":{"@id":"https:\/\/reisepassfuhrer.com\/internationaler-fuhrerschein-schweiz\/#breadcrumb"},"inLanguage":"lt-LT","potentialAction":[{"@type":"ReadAction","target":["https:\/\/reisepassfuhrer.com\/internationaler-fuhrerschein-schweiz\/"]}]},{"@type":"ImageObject","inLanguage":"lt-LT","@id":"https:\/\/reisepassfuhrer.com\/internationaler-fuhrerschein-schweiz\/#primaryimage","url":"https:\/\/reisepassfuhrer.com\/wp-content\/uploads\/2024\/03\/Internationaler-Fuhrerschein-Schweiz.png","contentUrl":"https:\/\/reisepassfuhrer.com\/wp-content\/uploads\/2024\/03\/Internationaler-Fuhrerschein-Schweiz.png"},{"@type":"BreadcrumbList","@id":"https:\/\/reisepassfuhrer.com\/internationaler-fuhrerschein-schweiz\/#breadcrumb","itemListElement":[{"@type":"ListItem","position":1,"name":"Home","item":"https:\/\/reisepassfuhrer.com\/"},{"@type":"ListItem","position":2,"name":"Internationalen F\u00fchrerschein f\u00fcr die Schweiz beantragen \u2013 schnell und einfach"}]},{"@type":"WebSite","@id":"https:\/\/reisepassfuhrer.com\/#website","url":"https:\/\/reisepassfuhrer.com\/","name":"Paso vadovas","description":"Pra\u0161ymas i\u0161duoti pas\u0105 Berlyne","publisher":{"@id":"https:\/\/reisepassfuhrer.com\/#organization"},"potentialAction":[{"@type":"SearchAction","target":{"@type":"EntryPoint","urlTemplate":"https:\/\/reisepassfuhrer.com\/?s={search_term_string}"},"query-input":{"@type":"PropertyValueSpecification","valueRequired":true,"valueName":"search_term_string"}}],"inLanguage":"lt-LT"},{"@type":"Organization","@id":"https:\/\/reisepassfuhrer.com\/#organization","name":"Paso vadovas","url":"https:\/\/reisepassfuhrer.com\/","logo":{"@type":"ImageObject","inLanguage":"lt-LT","@id":"https:\/\/reisepassfuhrer.com\/#\/schema\/logo\/image\/","url":"https:\/\/reisepassfuhrer.com\/wp-content\/uploads\/2024\/03\/Reisepassfuhrer-logo.png","contentUrl":"https:\/\/reisepassfuhrer.com\/wp-content\/uploads\/2024\/03\/Reisepassfuhrer-logo.png","width":112,"height":112,"caption":"Reisepassfuhrer"},"image":{"@id":"https:\/\/reisepassfuhrer.com\/#\/schema\/logo\/image\/"}}]}},"_links":{"self":[{"href":"https:\/\/reisepassfuhrer.com\/lt\/wp-json\/wp\/v2\/pages\/2824","targetHints":{"allow":["GET"]}}],"collection":[{"href":"https:\/\/reisepassfuhrer.com\/lt\/wp-json\/wp\/v2\/pages"}],"about":[{"href":"https:\/\/reisepassfuhrer.com\/lt\/wp-json\/wp\/v2\/types\/page"}],"author":[{"embeddable":true,"href":"https:\/\/reisepassfuhrer.com\/lt\/wp-json\/wp\/v2\/users\/2"}],"replies":[{"embeddable":true,"href":"https:\/\/reisepassfuhrer.com\/lt\/wp-json\/wp\/v2\/comments?post=2824"}],"version-history":[{"count":10,"href":"https:\/\/reisepassfuhrer.com\/lt\/wp-json\/wp\/v2\/pages\/2824\/revisions"}],"predecessor-version":[{"id":2930,"href":"https:\/\/reisepassfuhrer.com\/lt\/wp-json\/wp\/v2\/pages\/2824\/revisions\/2930"}],"wp:attachment":[{"href":"https:\/\/reisepassfuhrer.com\/lt\/wp-json\/wp\/v2\/media?parent=2824"}],"curies":[{"name":"wp","href":"https:\/\/api.w.org\/{rel}","templated":true}]}}