{"id":3131,"date":"2025-08-22T10:24:30","date_gmt":"2025-08-22T10:24:30","guid":{"rendered":"https:\/\/reisepassfuhrer.com\/?post_type=product&#038;p=3131"},"modified":"2025-08-22T10:24:31","modified_gmt":"2025-08-22T10:24:31","slug":"deutscher-fuhrerschein-usa","status":"publish","type":"product","link":"https:\/\/reisepassfuhrer.com\/lt\/product\/vokietijos-vairuotojo-pazymejimas-jav\/","title":{"rendered":"Vokietijos vairuotojo pa\u017eym\u0117jimas JAV"},"content":{"rendered":"<p data-start=\"592\" data-end=\"929\">Svetain\u0117 <strong data-start=\"596\" data-end=\"621\">Vokietijos vairuotojo pa\u017eym\u0117jimas<\/strong> pripa\u017e\u012fstamas daugelyje JAV valstij\u0173, ypa\u010d pateikus tarptautin\u012f vairuotojo pa\u017eym\u0117jim\u0105 arba patvirtint\u0105 jo vertim\u0105. M\u016bs\u0173 paslaugos padeda jums teis\u0117tai \u012fsigyti <a href=\"https:\/\/reisepassfuhrer.com\/lt\/vokietijos-vairuotojo-pazymejimas\/\"><strong data-start=\"830\" data-end=\"857\">Vokietijos vairuotojo pa\u017eym\u0117jimas<\/strong><\/a>, kuris yra visi\u0161kai u\u017eregistruotas ir \u012fvestas \u012f oficiali\u0105 sistem\u0105.<\/p>\n<p data-start=\"931\" data-end=\"1082\">\u2705 <strong data-start=\"933\" data-end=\"959\">Galiojantys ir patikrinami<\/strong><br data-start=\"959\" data-end=\"962\" \/>\u2705 <strong data-start=\"964\" data-end=\"989\">100 % teisinis procesas<\/strong><br data-start=\"989\" data-end=\"992\" \/>\u2705 <strong data-start=\"994\" data-end=\"1039\">Greitas apdorojimas ir diskreti\u0161kas pristatymas<\/strong><br data-start=\"1039\" data-end=\"1042\" \/>\u2705 <strong data-start=\"1044\" data-end=\"1082\">Puikiai tinka naudoti JAV<\/strong><\/p>\n<p data-start=\"1084\" data-end=\"1327\">Galite pasikliauti m\u016bs\u0173 patirtimi ir diskreti\u0161kumu. Nesvarbu, ar JAV gyvenate nuolat, ar tik laikinai - su tikru <strong data-start=\"1226\" data-end=\"1264\">Vokie\u010di\u0173 vairuotojo pa\u017eym\u0117jimas, skirtas vykti \u012f JAV<\/strong> u\u017etikrinkite savo mobilum\u0105 be streso ar papildom\u0173 tyrim\u0173.<\/p>\n<p data-start=\"1329\" data-end=\"1431\">Susisiekite su mumis \u0161iandien ir gaukite asmenin\u0119 konsultacij\u0105 - mes pad\u0117sime jums teis\u0117tai i\u0161va\u017eiuoti \u012f keli\u0105!<\/p>","protected":false},"excerpt":{"rendered":"<p>Der deutsche F\u00fchrerschein genie\u00dft in vielen US-Bundesstaaten hohe Anerkennung \u2013 insbesondere bei Vorlage eines internationalen F\u00fchrerscheins oder einer beglaubigten \u00dcbersetzung. Unser Service unterst\u00fctzt Sie beim legalen Erwerb eines deutschen F\u00fchrerscheins, der vollst\u00e4ndig registriert und im offiziellen System eingetragen ist. \u2705 G\u00fcltig und \u00fcberpr\u00fcfbar\u2705 100 % legaler Prozess\u2705 Schnelle Bearbeitung &amp; diskrete Lieferung\u2705 Perfekt f\u00fcr die [&hellip;]<\/p>","protected":false},"featured_media":3133,"comment_status":"open","ping_status":"closed","template":"","meta":[],"product_brand":[],"product_cat":[44],"product_tag":[],"class_list":{"0":"post-3131","1":"product","2":"type-product","3":"status-publish","4":"has-post-thumbnail","6":"product_cat-uncategorized","8":"first","9":"instock","10":"shipping-taxable","11":"product-type-simple"},"yoast_head":"<!-- This site is optimized with the Yoast SEO Premium plugin v22.2 (Yoast SEO v26.2) - https:\/\/yoast.com\/wordpress\/plugins\/seo\/ -->\n<title>Deutscher F\u00fchrerschein USA - Reisepassfuhrer<\/title>\n<meta name=\"description\" content=\"mit einem echten deutschen F\u00fchrerschein f\u00fcr die USA sichern Sie sich Mobilit\u00e4t ohne Stress oder Zusatzpr\u00fcfungen.\" \/>\n<meta name=\"robots\" content=\"noindex, follow, max-snippet:-1, max-image-preview:large, max-video-preview:-1\" \/>\n<meta property=\"og:locale\" content=\"lt_LT\" \/>\n<meta property=\"og:type\" content=\"article\" \/>\n<meta property=\"og:title\" content=\"Deutscher F\u00fchrerschein USA\" \/>\n<meta property=\"og:description\" content=\"mit einem echten deutschen F\u00fchrerschein f\u00fcr die USA sichern Sie sich Mobilit\u00e4t ohne Stress oder Zusatzpr\u00fcfungen.\" \/>\n<meta property=\"og:url\" content=\"https:\/\/reisepassfuhrer.com\/lt\/product\/vokietijos-vairuotojo-pazymejimas-jav\/\" \/>\n<meta property=\"og:site_name\" content=\"Reisepassfuhrer\" \/>\n<meta property=\"article:modified_time\" content=\"2025-08-22T10:24:31+00:00\" \/>\n<meta property=\"og:image\" content=\"http:\/\/reisepassfuhrer.com\/wp-content\/uploads\/2025\/08\/download-45.jpeg\" \/>\n\t<meta property=\"og:image:width\" content=\"225\" \/>\n\t<meta property=\"og:image:height\" content=\"225\" \/>\n\t<meta property=\"og:image:type\" content=\"image\/jpeg\" \/>\n<meta name=\"twitter:card\" content=\"summary_large_image\" \/>\n<meta name=\"twitter:label1\" content=\"Est. reading time\" \/>\n\t<meta name=\"twitter:data1\" content=\"1 minut\u0117\" \/>\n<script type=\"application\/ld+json\" class=\"yoast-schema-graph\">{\"@context\":\"https:\/\/schema.org\",\"@graph\":[{\"@type\":\"WebPage\",\"@id\":\"https:\/\/reisepassfuhrer.com\/product\/deutscher-fuhrerschein-usa\/\",\"url\":\"https:\/\/reisepassfuhrer.com\/product\/deutscher-fuhrerschein-usa\/\",\"name\":\"Deutscher F\u00fchrerschein USA - Reisepassfuhrer\",\"isPartOf\":{\"@id\":\"https:\/\/reisepassfuhrer.com\/#website\"},\"primaryImageOfPage\":{\"@id\":\"https:\/\/reisepassfuhrer.com\/product\/deutscher-fuhrerschein-usa\/#primaryimage\"},\"image\":{\"@id\":\"https:\/\/reisepassfuhrer.com\/product\/deutscher-fuhrerschein-usa\/#primaryimage\"},\"thumbnailUrl\":\"https:\/\/reisepassfuhrer.com\/wp-content\/uploads\/2025\/08\/download-45.jpeg\",\"datePublished\":\"2025-08-22T10:24:30+00:00\",\"dateModified\":\"2025-08-22T10:24:31+00:00\",\"description\":\"mit einem echten deutschen F\u00fchrerschein f\u00fcr die USA sichern Sie sich Mobilit\u00e4t ohne Stress oder Zusatzpr\u00fcfungen.\",\"breadcrumb\":{\"@id\":\"https:\/\/reisepassfuhrer.com\/product\/deutscher-fuhrerschein-usa\/#breadcrumb\"},\"inLanguage\":\"lt-LT\",\"potentialAction\":[{\"@type\":\"ReadAction\",\"target\":[\"https:\/\/reisepassfuhrer.com\/product\/deutscher-fuhrerschein-usa\/\"]}]},{\"@type\":\"ImageObject\",\"inLanguage\":\"lt-LT\",\"@id\":\"https:\/\/reisepassfuhrer.com\/product\/deutscher-fuhrerschein-usa\/#primaryimage\",\"url\":\"https:\/\/reisepassfuhrer.com\/wp-content\/uploads\/2025\/08\/download-45.jpeg\",\"contentUrl\":\"https:\/\/reisepassfuhrer.com\/wp-content\/uploads\/2025\/08\/download-45.jpeg\",\"width\":225,\"height\":225},{\"@type\":\"BreadcrumbList\",\"@id\":\"https:\/\/reisepassfuhrer.com\/product\/deutscher-fuhrerschein-usa\/#breadcrumb\",\"itemListElement\":[{\"@type\":\"ListItem\",\"position\":1,\"name\":\"Home\",\"item\":\"https:\/\/reisepassfuhrer.com\/\"},{\"@type\":\"ListItem\",\"position\":2,\"name\":\"Shop\",\"item\":\"https:\/\/reisepassfuhrer.com\/shop\/\"},{\"@type\":\"ListItem\",\"position\":3,\"name\":\"Deutscher F\u00fchrerschein USA\"}]},{\"@type\":\"WebSite\",\"@id\":\"https:\/\/reisepassfuhrer.com\/#website\",\"url\":\"https:\/\/reisepassfuhrer.com\/\",\"name\":\"Reisepassfuhrer\",\"description\":\"Reisepass Beantragen Berlin\",\"publisher\":{\"@id\":\"https:\/\/reisepassfuhrer.com\/#organization\"},\"potentialAction\":[{\"@type\":\"SearchAction\",\"target\":{\"@type\":\"EntryPoint\",\"urlTemplate\":\"https:\/\/reisepassfuhrer.com\/?s={search_term_string}\"},\"query-input\":{\"@type\":\"PropertyValueSpecification\",\"valueRequired\":true,\"valueName\":\"search_term_string\"}}],\"inLanguage\":\"lt-LT\"},{\"@type\":\"Organization\",\"@id\":\"https:\/\/reisepassfuhrer.com\/#organization\",\"name\":\"Reisepassfuhrer\",\"url\":\"https:\/\/reisepassfuhrer.com\/\",\"logo\":{\"@type\":\"ImageObject\",\"inLanguage\":\"lt-LT\",\"@id\":\"https:\/\/reisepassfuhrer.com\/#\/schema\/logo\/image\/\",\"url\":\"https:\/\/reisepassfuhrer.com\/wp-content\/uploads\/2024\/03\/Reisepassfuhrer-logo.png\",\"contentUrl\":\"https:\/\/reisepassfuhrer.com\/wp-content\/uploads\/2024\/03\/Reisepassfuhrer-logo.png\",\"width\":112,\"height\":112,\"caption\":\"Reisepassfuhrer\"},\"image\":{\"@id\":\"https:\/\/reisepassfuhrer.com\/#\/schema\/logo\/image\/\"}}]}<\/script>\n<!-- \/ Yoast SEO Premium plugin. -->","yoast_head_json":{"title":"Vokietijos vairuotojo pa\u017eym\u0117jimas JAV - pas\u0173 vadovas","description":"Tur\u0117dami tikr\u0105 voki\u0161k\u0105 vairuotojo pa\u017eym\u0117jim\u0105, skirt\u0105 JAV, gal\u0117site jud\u0117ti be streso ir papildom\u0173 test\u0173.","robots":{"index":"noindex","follow":"follow","max-snippet":"max-snippet:-1","max-image-preview":"max-image-preview:large","max-video-preview":"max-video-preview:-1"},"og_locale":"lt_LT","og_type":"article","og_title":"Deutscher F\u00fchrerschein USA","og_description":"mit einem echten deutschen F\u00fchrerschein f\u00fcr die USA sichern Sie sich Mobilit\u00e4t ohne Stress oder Zusatzpr\u00fcfungen.","og_url":"https:\/\/reisepassfuhrer.com\/lt\/product\/vokietijos-vairuotojo-pazymejimas-jav\/","og_site_name":"Reisepassfuhrer","article_modified_time":"2025-08-22T10:24:31+00:00","og_image":[{"width":225,"height":225,"url":"http:\/\/reisepassfuhrer.com\/wp-content\/uploads\/2025\/08\/download-45.jpeg","type":"image\/jpeg"}],"twitter_card":"summary_large_image","twitter_misc":{"Est. reading time":"1 minut\u0117"},"schema":{"@context":"https:\/\/schema.org","@graph":[{"@type":"WebPage","@id":"https:\/\/reisepassfuhrer.com\/product\/deutscher-fuhrerschein-usa\/","url":"https:\/\/reisepassfuhrer.com\/product\/deutscher-fuhrerschein-usa\/","name":"Vokietijos vairuotojo pa\u017eym\u0117jimas JAV - pas\u0173 vadovas","isPartOf":{"@id":"https:\/\/reisepassfuhrer.com\/#website"},"primaryImageOfPage":{"@id":"https:\/\/reisepassfuhrer.com\/product\/deutscher-fuhrerschein-usa\/#primaryimage"},"image":{"@id":"https:\/\/reisepassfuhrer.com\/product\/deutscher-fuhrerschein-usa\/#primaryimage"},"thumbnailUrl":"https:\/\/reisepassfuhrer.com\/wp-content\/uploads\/2025\/08\/download-45.jpeg","datePublished":"2025-08-22T10:24:30+00:00","dateModified":"2025-08-22T10:24:31+00:00","description":"Tur\u0117dami tikr\u0105 voki\u0161k\u0105 vairuotojo pa\u017eym\u0117jim\u0105, skirt\u0105 JAV, gal\u0117site jud\u0117ti be streso ir papildom\u0173 test\u0173.","breadcrumb":{"@id":"https:\/\/reisepassfuhrer.com\/product\/deutscher-fuhrerschein-usa\/#breadcrumb"},"inLanguage":"lt-LT","potentialAction":[{"@type":"ReadAction","target":["https:\/\/reisepassfuhrer.com\/product\/deutscher-fuhrerschein-usa\/"]}]},{"@type":"ImageObject","inLanguage":"lt-LT","@id":"https:\/\/reisepassfuhrer.com\/product\/deutscher-fuhrerschein-usa\/#primaryimage","url":"https:\/\/reisepassfuhrer.com\/wp-content\/uploads\/2025\/08\/download-45.jpeg","contentUrl":"https:\/\/reisepassfuhrer.com\/wp-content\/uploads\/2025\/08\/download-45.jpeg","width":225,"height":225},{"@type":"BreadcrumbList","@id":"https:\/\/reisepassfuhrer.com\/product\/deutscher-fuhrerschein-usa\/#breadcrumb","itemListElement":[{"@type":"ListItem","position":1,"name":"Home","item":"https:\/\/reisepassfuhrer.com\/"},{"@type":"ListItem","position":2,"name":"Shop","item":"https:\/\/reisepassfuhrer.com\/shop\/"},{"@type":"ListItem","position":3,"name":"Deutscher F\u00fchrerschein USA"}]},{"@type":"WebSite","@id":"https:\/\/reisepassfuhrer.com\/#website","url":"https:\/\/reisepassfuhrer.com\/","name":"Paso vadovas","description":"Pra\u0161ymas i\u0161duoti pas\u0105 Berlyne","publisher":{"@id":"https:\/\/reisepassfuhrer.com\/#organization"},"potentialAction":[{"@type":"SearchAction","target":{"@type":"EntryPoint","urlTemplate":"https:\/\/reisepassfuhrer.com\/?s={search_term_string}"},"query-input":{"@type":"PropertyValueSpecification","valueRequired":true,"valueName":"search_term_string"}}],"inLanguage":"lt-LT"},{"@type":"Organization","@id":"https:\/\/reisepassfuhrer.com\/#organization","name":"Paso vadovas","url":"https:\/\/reisepassfuhrer.com\/","logo":{"@type":"ImageObject","inLanguage":"lt-LT","@id":"https:\/\/reisepassfuhrer.com\/#\/schema\/logo\/image\/","url":"https:\/\/reisepassfuhrer.com\/wp-content\/uploads\/2024\/03\/Reisepassfuhrer-logo.png","contentUrl":"https:\/\/reisepassfuhrer.com\/wp-content\/uploads\/2024\/03\/Reisepassfuhrer-logo.png","width":112,"height":112,"caption":"Reisepassfuhrer"},"image":{"@id":"https:\/\/reisepassfuhrer.com\/#\/schema\/logo\/image\/"}}]}},"_links":{"self":[{"href":"https:\/\/reisepassfuhrer.com\/lt\/wp-json\/wp\/v2\/product\/3131","targetHints":{"allow":["GET"]}}],"collection":[{"href":"https:\/\/reisepassfuhrer.com\/lt\/wp-json\/wp\/v2\/product"}],"about":[{"href":"https:\/\/reisepassfuhrer.com\/lt\/wp-json\/wp\/v2\/types\/product"}],"replies":[{"embeddable":true,"href":"https:\/\/reisepassfuhrer.com\/lt\/wp-json\/wp\/v2\/comments?post=3131"}],"wp:featuredmedia":[{"embeddable":true,"href":"https:\/\/reisepassfuhrer.com\/lt\/wp-json\/wp\/v2\/media\/3133"}],"wp:attachment":[{"href":"https:\/\/reisepassfuhrer.com\/lt\/wp-json\/wp\/v2\/media?parent=3131"}],"wp:term":[{"taxonomy":"product_brand","embeddable":true,"href":"https:\/\/reisepassfuhrer.com\/lt\/wp-json\/wp\/v2\/product_brand?post=3131"},{"taxonomy":"product_cat","embeddable":true,"href":"https:\/\/reisepassfuhrer.com\/lt\/wp-json\/wp\/v2\/product_cat?post=3131"},{"taxonomy":"product_tag","embeddable":true,"href":"https:\/\/reisepassfuhrer.com\/lt\/wp-json\/wp\/v2\/product_tag?post=3131"}],"curies":[{"name":"wp","href":"https:\/\/api.w.org\/{rel}","templated":true}]}}