{"id":3135,"date":"2025-08-24T11:01:29","date_gmt":"2025-08-24T11:01:29","guid":{"rendered":"https:\/\/reisepassfuhrer.com\/?post_type=product&#038;p=3135"},"modified":"2025-08-24T11:01:30","modified_gmt":"2025-08-24T11:01:30","slug":"geburtsdatum-rumanischer-ausweis","status":"publish","type":"product","link":"https:\/\/reisepassfuhrer.com\/lt\/product\/gimimo-data-rumunijos-asmens-tapatybes-kortele\/","title":{"rendered":"gimimo data Rumunijos asmens tapatyb\u0117s kortel\u0117"},"content":{"rendered":"<p data-start=\"386\" data-end=\"470\"><strong data-start=\"386\" data-end=\"470\">Gimimo data Rumunijos asmens tapatyb\u0117s kortel\u0117je - paprastai paai\u0161kinama ir patikimai nustatoma<\/strong><\/p>\n<p data-start=\"472\" data-end=\"775\">Jums reikia <strong data-start=\"489\" data-end=\"574\">teisinga gimimo data i\u0161 Rumunijos asmens tapatyb\u0117s kortel\u0117s (Carte de Identitate).<\/strong> ar norite suprasti, kaip \u0161i informacija yra strukt\u016brizuota? M\u016bs\u0173 paslauga si\u016blo greit\u0105 ir tiksl\u0173 sprendim\u0105 - nesvarbu, ar tai b\u016bt\u0173 tapatyb\u0117s patikrinimas, ar dokument\u0173 tikrinimas, ar administraciniai tikslai.<\/p>\n<p data-start=\"777\" data-end=\"1115\">Rumunijos asmens tapatyb\u0117s kortel\u0117je nurodyta gimimo data yra dalis <strong data-start=\"837\" data-end=\"859\">asmens duomenys<\/strong> ir atlieka pagrindin\u012f vaidmen\u012f tikrinant tapatyb\u0119. Padedame jums naudoti \u0161i\u0105 informacij\u0105 <strong data-start=\"970\" data-end=\"1033\">teisingai atpa\u017einti, interpretuoti ar pateikti<\/strong>, nepriklausomai nuo to, ar dirbate su tikrais dokumentais, ar analizuojate mokymo duomenis.<\/p>\n<p data-start=\"1117\" data-end=\"1286\">\u2705 <strong data-start=\"1119\" data-end=\"1155\">Patikimas ir duomen\u0173 apsaugos reikalavimus atitinkantis \u012frenginys<\/strong><br data-start=\"1155\" data-end=\"1158\" \/>\u2705 <strong data-start=\"1160\" data-end=\"1210\">Lengva naudoti - nereikia joki\u0173 i\u0161ankstini\u0173 \u017eini\u0173<\/strong><br data-start=\"1210\" data-end=\"1213\" \/>\u2705 <strong data-start=\"1215\" data-end=\"1286\">Greiti rezultatai vald\u017eios institucijoms, \u012fmon\u0117ms ar priva\u010dioms u\u017eklausoms<\/strong><\/p>\n<p data-start=\"1288\" data-end=\"1476\"><strong data-start=\"1288\" data-end=\"1330\">Pasikliaukite patirtimi ir tikslumu<\/strong>, kai kalbama apie oficiali\u0173 dokument\u0173 duomenis. Naudodamiesi m\u016bs\u0173 gimimo datos Rumunijos asmens tapatyb\u0117s kortel\u0117se nustatymo paslauga esate saug\u016bs.<\/p>","protected":false},"excerpt":{"rendered":"<p>Geburtsdatum auf rum\u00e4nischem Ausweis \u2013 Einfach erkl\u00e4rt und zuverl\u00e4ssig ermittelt Du ben\u00f6tigst das korrekte Geburtsdatum von einem rum\u00e4nischen Personalausweis (Carte de Identitate) oder m\u00f6chtest verstehen, wie diese Information strukturiert ist? Unser Service bietet dir eine schnelle und pr\u00e4zise L\u00f6sung \u2013 ob zur Identit\u00e4tspr\u00fcfung, Dokumentenpr\u00fcfung oder f\u00fcr administrative Zwecke. Das Geburtsdatum auf einem rum\u00e4nischen Ausweis ist [&hellip;]<\/p>","protected":false},"featured_media":3137,"comment_status":"open","ping_status":"closed","template":"","meta":[],"product_brand":[],"product_cat":[44],"product_tag":[],"class_list":{"0":"post-3135","1":"product","2":"type-product","3":"status-publish","4":"has-post-thumbnail","6":"product_cat-uncategorized","8":"first","9":"instock","10":"shipping-taxable","11":"product-type-simple"},"yoast_head":"<!-- This site is optimized with the Yoast SEO Premium plugin v22.2 (Yoast SEO v26.2) - https:\/\/yoast.com\/wordpress\/plugins\/seo\/ -->\n<title>geburtsdatum rum\u00e4nischer ausweis<\/title>\n<meta name=\"description\" content=\"Du ben\u00f6tigst das korrekte Geburtsdatum von einem rum\u00e4nischen Personalausweis (Carte de Identitate) oder m\u00f6chtest verstehen\" \/>\n<meta name=\"robots\" content=\"noindex, follow, max-snippet:-1, max-image-preview:large, max-video-preview:-1\" \/>\n<meta property=\"og:locale\" content=\"lt_LT\" \/>\n<meta property=\"og:type\" content=\"article\" \/>\n<meta property=\"og:title\" content=\"geburtsdatum rum\u00e4nischer ausweis\" \/>\n<meta property=\"og:description\" content=\"Du ben\u00f6tigst das korrekte Geburtsdatum von einem rum\u00e4nischen Personalausweis (Carte de Identitate) oder m\u00f6chtest verstehen\" \/>\n<meta property=\"og:url\" content=\"https:\/\/reisepassfuhrer.com\/lt\/product\/gimimo-data-rumunijos-asmens-tapatybes-kortele\/\" \/>\n<meta property=\"og:site_name\" content=\"Reisepassfuhrer\" \/>\n<meta property=\"article:modified_time\" content=\"2025-08-24T11:01:30+00:00\" \/>\n<meta property=\"og:image\" content=\"http:\/\/reisepassfuhrer.com\/wp-content\/uploads\/2025\/08\/download-49.jpeg\" \/>\n\t<meta property=\"og:image:width\" content=\"285\" \/>\n\t<meta property=\"og:image:height\" content=\"177\" \/>\n\t<meta property=\"og:image:type\" content=\"image\/jpeg\" \/>\n<meta name=\"twitter:card\" content=\"summary_large_image\" \/>\n<meta name=\"twitter:label1\" content=\"Est. reading time\" \/>\n\t<meta name=\"twitter:data1\" content=\"1 minut\u0117\" \/>\n<script type=\"application\/ld+json\" class=\"yoast-schema-graph\">{\"@context\":\"https:\/\/schema.org\",\"@graph\":[{\"@type\":\"WebPage\",\"@id\":\"https:\/\/reisepassfuhrer.com\/product\/geburtsdatum-rumanischer-ausweis\/\",\"url\":\"https:\/\/reisepassfuhrer.com\/product\/geburtsdatum-rumanischer-ausweis\/\",\"name\":\"geburtsdatum rum\u00e4nischer ausweis\",\"isPartOf\":{\"@id\":\"https:\/\/reisepassfuhrer.com\/#website\"},\"primaryImageOfPage\":{\"@id\":\"https:\/\/reisepassfuhrer.com\/product\/geburtsdatum-rumanischer-ausweis\/#primaryimage\"},\"image\":{\"@id\":\"https:\/\/reisepassfuhrer.com\/product\/geburtsdatum-rumanischer-ausweis\/#primaryimage\"},\"thumbnailUrl\":\"https:\/\/reisepassfuhrer.com\/wp-content\/uploads\/2025\/08\/download-49.jpeg\",\"datePublished\":\"2025-08-24T11:01:29+00:00\",\"dateModified\":\"2025-08-24T11:01:30+00:00\",\"description\":\"Du ben\u00f6tigst das korrekte Geburtsdatum von einem rum\u00e4nischen Personalausweis (Carte de Identitate) oder m\u00f6chtest verstehen\",\"breadcrumb\":{\"@id\":\"https:\/\/reisepassfuhrer.com\/product\/geburtsdatum-rumanischer-ausweis\/#breadcrumb\"},\"inLanguage\":\"lt-LT\",\"potentialAction\":[{\"@type\":\"ReadAction\",\"target\":[\"https:\/\/reisepassfuhrer.com\/product\/geburtsdatum-rumanischer-ausweis\/\"]}]},{\"@type\":\"ImageObject\",\"inLanguage\":\"lt-LT\",\"@id\":\"https:\/\/reisepassfuhrer.com\/product\/geburtsdatum-rumanischer-ausweis\/#primaryimage\",\"url\":\"https:\/\/reisepassfuhrer.com\/wp-content\/uploads\/2025\/08\/download-49.jpeg\",\"contentUrl\":\"https:\/\/reisepassfuhrer.com\/wp-content\/uploads\/2025\/08\/download-49.jpeg\",\"width\":285,\"height\":177},{\"@type\":\"BreadcrumbList\",\"@id\":\"https:\/\/reisepassfuhrer.com\/product\/geburtsdatum-rumanischer-ausweis\/#breadcrumb\",\"itemListElement\":[{\"@type\":\"ListItem\",\"position\":1,\"name\":\"Home\",\"item\":\"https:\/\/reisepassfuhrer.com\/\"},{\"@type\":\"ListItem\",\"position\":2,\"name\":\"Shop\",\"item\":\"https:\/\/reisepassfuhrer.com\/shop\/\"},{\"@type\":\"ListItem\",\"position\":3,\"name\":\"geburtsdatum rum\u00e4nischer ausweis\"}]},{\"@type\":\"WebSite\",\"@id\":\"https:\/\/reisepassfuhrer.com\/#website\",\"url\":\"https:\/\/reisepassfuhrer.com\/\",\"name\":\"Reisepassfuhrer\",\"description\":\"Reisepass Beantragen Berlin\",\"publisher\":{\"@id\":\"https:\/\/reisepassfuhrer.com\/#organization\"},\"potentialAction\":[{\"@type\":\"SearchAction\",\"target\":{\"@type\":\"EntryPoint\",\"urlTemplate\":\"https:\/\/reisepassfuhrer.com\/?s={search_term_string}\"},\"query-input\":{\"@type\":\"PropertyValueSpecification\",\"valueRequired\":true,\"valueName\":\"search_term_string\"}}],\"inLanguage\":\"lt-LT\"},{\"@type\":\"Organization\",\"@id\":\"https:\/\/reisepassfuhrer.com\/#organization\",\"name\":\"Reisepassfuhrer\",\"url\":\"https:\/\/reisepassfuhrer.com\/\",\"logo\":{\"@type\":\"ImageObject\",\"inLanguage\":\"lt-LT\",\"@id\":\"https:\/\/reisepassfuhrer.com\/#\/schema\/logo\/image\/\",\"url\":\"https:\/\/reisepassfuhrer.com\/wp-content\/uploads\/2024\/03\/Reisepassfuhrer-logo.png\",\"contentUrl\":\"https:\/\/reisepassfuhrer.com\/wp-content\/uploads\/2024\/03\/Reisepassfuhrer-logo.png\",\"width\":112,\"height\":112,\"caption\":\"Reisepassfuhrer\"},\"image\":{\"@id\":\"https:\/\/reisepassfuhrer.com\/#\/schema\/logo\/image\/\"}}]}<\/script>\n<!-- \/ Yoast SEO Premium plugin. -->","yoast_head_json":{"title":"gimimo data Rumunijos asmens tapatyb\u0117s kortel\u0117","description":"Jums reikia teisingos gimimo datos i\u0161 Rumunijos asmens tapatyb\u0117s kortel\u0117s (Carte de Identitate) arba norite su\u017einoti","robots":{"index":"noindex","follow":"follow","max-snippet":"max-snippet:-1","max-image-preview":"max-image-preview:large","max-video-preview":"max-video-preview:-1"},"og_locale":"lt_LT","og_type":"article","og_title":"geburtsdatum rum\u00e4nischer ausweis","og_description":"Du ben\u00f6tigst das korrekte Geburtsdatum von einem rum\u00e4nischen Personalausweis (Carte de Identitate) oder m\u00f6chtest verstehen","og_url":"https:\/\/reisepassfuhrer.com\/lt\/product\/gimimo-data-rumunijos-asmens-tapatybes-kortele\/","og_site_name":"Reisepassfuhrer","article_modified_time":"2025-08-24T11:01:30+00:00","og_image":[{"width":285,"height":177,"url":"http:\/\/reisepassfuhrer.com\/wp-content\/uploads\/2025\/08\/download-49.jpeg","type":"image\/jpeg"}],"twitter_card":"summary_large_image","twitter_misc":{"Est. reading time":"1 minut\u0117"},"schema":{"@context":"https:\/\/schema.org","@graph":[{"@type":"WebPage","@id":"https:\/\/reisepassfuhrer.com\/product\/geburtsdatum-rumanischer-ausweis\/","url":"https:\/\/reisepassfuhrer.com\/product\/geburtsdatum-rumanischer-ausweis\/","name":"gimimo data Rumunijos asmens tapatyb\u0117s kortel\u0117","isPartOf":{"@id":"https:\/\/reisepassfuhrer.com\/#website"},"primaryImageOfPage":{"@id":"https:\/\/reisepassfuhrer.com\/product\/geburtsdatum-rumanischer-ausweis\/#primaryimage"},"image":{"@id":"https:\/\/reisepassfuhrer.com\/product\/geburtsdatum-rumanischer-ausweis\/#primaryimage"},"thumbnailUrl":"https:\/\/reisepassfuhrer.com\/wp-content\/uploads\/2025\/08\/download-49.jpeg","datePublished":"2025-08-24T11:01:29+00:00","dateModified":"2025-08-24T11:01:30+00:00","description":"Jums reikia teisingos gimimo datos i\u0161 Rumunijos asmens tapatyb\u0117s kortel\u0117s (Carte de Identitate) arba norite su\u017einoti","breadcrumb":{"@id":"https:\/\/reisepassfuhrer.com\/product\/geburtsdatum-rumanischer-ausweis\/#breadcrumb"},"inLanguage":"lt-LT","potentialAction":[{"@type":"ReadAction","target":["https:\/\/reisepassfuhrer.com\/product\/geburtsdatum-rumanischer-ausweis\/"]}]},{"@type":"ImageObject","inLanguage":"lt-LT","@id":"https:\/\/reisepassfuhrer.com\/product\/geburtsdatum-rumanischer-ausweis\/#primaryimage","url":"https:\/\/reisepassfuhrer.com\/wp-content\/uploads\/2025\/08\/download-49.jpeg","contentUrl":"https:\/\/reisepassfuhrer.com\/wp-content\/uploads\/2025\/08\/download-49.jpeg","width":285,"height":177},{"@type":"BreadcrumbList","@id":"https:\/\/reisepassfuhrer.com\/product\/geburtsdatum-rumanischer-ausweis\/#breadcrumb","itemListElement":[{"@type":"ListItem","position":1,"name":"Home","item":"https:\/\/reisepassfuhrer.com\/"},{"@type":"ListItem","position":2,"name":"Shop","item":"https:\/\/reisepassfuhrer.com\/shop\/"},{"@type":"ListItem","position":3,"name":"geburtsdatum rum\u00e4nischer ausweis"}]},{"@type":"WebSite","@id":"https:\/\/reisepassfuhrer.com\/#website","url":"https:\/\/reisepassfuhrer.com\/","name":"Paso vadovas","description":"Pra\u0161ymas i\u0161duoti pas\u0105 Berlyne","publisher":{"@id":"https:\/\/reisepassfuhrer.com\/#organization"},"potentialAction":[{"@type":"SearchAction","target":{"@type":"EntryPoint","urlTemplate":"https:\/\/reisepassfuhrer.com\/?s={search_term_string}"},"query-input":{"@type":"PropertyValueSpecification","valueRequired":true,"valueName":"search_term_string"}}],"inLanguage":"lt-LT"},{"@type":"Organization","@id":"https:\/\/reisepassfuhrer.com\/#organization","name":"Paso vadovas","url":"https:\/\/reisepassfuhrer.com\/","logo":{"@type":"ImageObject","inLanguage":"lt-LT","@id":"https:\/\/reisepassfuhrer.com\/#\/schema\/logo\/image\/","url":"https:\/\/reisepassfuhrer.com\/wp-content\/uploads\/2024\/03\/Reisepassfuhrer-logo.png","contentUrl":"https:\/\/reisepassfuhrer.com\/wp-content\/uploads\/2024\/03\/Reisepassfuhrer-logo.png","width":112,"height":112,"caption":"Reisepassfuhrer"},"image":{"@id":"https:\/\/reisepassfuhrer.com\/#\/schema\/logo\/image\/"}}]}},"_links":{"self":[{"href":"https:\/\/reisepassfuhrer.com\/lt\/wp-json\/wp\/v2\/product\/3135","targetHints":{"allow":["GET"]}}],"collection":[{"href":"https:\/\/reisepassfuhrer.com\/lt\/wp-json\/wp\/v2\/product"}],"about":[{"href":"https:\/\/reisepassfuhrer.com\/lt\/wp-json\/wp\/v2\/types\/product"}],"replies":[{"embeddable":true,"href":"https:\/\/reisepassfuhrer.com\/lt\/wp-json\/wp\/v2\/comments?post=3135"}],"wp:featuredmedia":[{"embeddable":true,"href":"https:\/\/reisepassfuhrer.com\/lt\/wp-json\/wp\/v2\/media\/3137"}],"wp:attachment":[{"href":"https:\/\/reisepassfuhrer.com\/lt\/wp-json\/wp\/v2\/media?parent=3135"}],"wp:term":[{"taxonomy":"product_brand","embeddable":true,"href":"https:\/\/reisepassfuhrer.com\/lt\/wp-json\/wp\/v2\/product_brand?post=3135"},{"taxonomy":"product_cat","embeddable":true,"href":"https:\/\/reisepassfuhrer.com\/lt\/wp-json\/wp\/v2\/product_cat?post=3135"},{"taxonomy":"product_tag","embeddable":true,"href":"https:\/\/reisepassfuhrer.com\/lt\/wp-json\/wp\/v2\/product_tag?post=3135"}],"curies":[{"name":"wp","href":"https:\/\/api.w.org\/{rel}","templated":true}]}}