{"id":3138,"date":"2025-08-24T11:03:55","date_gmt":"2025-08-24T11:03:55","guid":{"rendered":"https:\/\/reisepassfuhrer.com\/?post_type=product&#038;p=3138"},"modified":"2025-08-24T11:03:56","modified_gmt":"2025-08-24T11:03:56","slug":"mofa-prufbescheinigung-online-machen","status":"publish","type":"product","link":"https:\/\/reisepassfuhrer.com\/lt\/product\/padaryti-mopedo-testo-sertifikata-internetu\/","title":{"rendered":"mopedo testo sertifikato sudarymas internetu"},"content":{"rendered":"<p data-start=\"160\" data-end=\"236\"><strong data-start=\"160\" data-end=\"236\">Greitai, lanks\u010diai ir nesud\u0117tingai gaukite mopedo testo sertifikat\u0105 internetu<\/strong><\/p>\n<p data-start=\"238\" data-end=\"525\">Norite, kad <strong data-start=\"254\" data-end=\"280\">Mopedo testo sertifikatas<\/strong> mark\u0117 - labai patogi <strong data-start=\"302\" data-end=\"312\">internete<\/strong> ir savo tempu? Naudodamiesi m\u016bs\u0173 sertifikuotu internetiniu kursu galite optimaliai pasiruo\u0161ti egzaminui ir netrukus gauti mopedo vairavimo iki 25 km\/val. grei\u010diu pa\u017eym\u0117jim\u0105.<\/p>\n<p data-start=\"527\" data-end=\"552\">\ud83d\udea6 <strong data-start=\"530\" data-end=\"552\">Ko galite tik\u0117tis:<\/strong><\/p>\n<ul data-start=\"554\" data-end=\"806\">\n<li data-start=\"554\" data-end=\"618\">\n<p data-start=\"556\" data-end=\"618\">Interaktyvus internetinis kursas su visomis su egzaminais susijusiomis temomis<\/p>\n<\/li>\n<li data-start=\"619\" data-end=\"666\">\n<p data-start=\"621\" data-end=\"666\">Mokymosi vaizdo \u012fra\u0161ai, praktiniai klausimai ir test\u0173 simuliacijos<\/p>\n<\/li>\n<li data-start=\"667\" data-end=\"711\">\n<p data-start=\"669\" data-end=\"711\">Lankstus mokymasis - kada ir kur norite<\/p>\n<\/li>\n<li data-start=\"712\" data-end=\"756\">\n<p data-start=\"714\" data-end=\"756\">Patyrusi\u0173 vairavimo instruktori\u0173 pagalba<\/p>\n<\/li>\n<li data-start=\"757\" data-end=\"806\">\n<p data-start=\"759\" data-end=\"806\">Oficialus testas vietoje esan\u010diame testavimo centre<\/p>\n<\/li>\n<\/ul>\n<p data-start=\"808\" data-end=\"1075\">\ud83d\udcc4 <strong data-start=\"811\" data-end=\"850\">Kas yra mopedo testo sertifikatas?<\/strong><br data-start=\"850\" data-end=\"853\" \/>Ji suteikia teis\u0119 vairuoti vienb\u0117g\u012f moped\u0105 arba el. dvirat\u012f, kurio did\u017eiausias leistinas greitis yra 25 km\/h - idealiai tinka jauniems \u017emon\u0117ms nuo <strong data-start=\"1002\" data-end=\"1015\">15 met\u0173<\/strong>, kurie nori b\u016bti mobil\u016bs, kol \u012fmanoma gauti vairuotojo pa\u017eym\u0117jim\u0105.<\/p>\n<p data-start=\"1077\" data-end=\"1121\">\ud83c\udfaf <strong data-start=\"1080\" data-end=\"1121\">Kam tinka internetinis kursas?<\/strong><\/p>\n<ul data-start=\"1123\" data-end=\"1298\">\n<li data-start=\"1123\" data-end=\"1176\">\n<p data-start=\"1125\" data-end=\"1176\">14\u00bd met\u0173 ir vyresni jaunuoliai (egzamin\u0105 galima laikyti nuo 15 met\u0173)<\/p>\n<\/li>\n<li data-start=\"1177\" data-end=\"1224\">\n<p data-start=\"1179\" data-end=\"1224\">Visi, kurie nori mokytis patogiai \u012fsitais\u0119 savo namuose.<\/p>\n<\/li>\n<li data-start=\"1225\" data-end=\"1298\">\n<p data-start=\"1227\" data-end=\"1298\">T\u0117vai, kurie nori, kad j\u0173 vaikai b\u016bt\u0173 saugiai paruo\u0161ti<\/p>\n<\/li>\n<\/ul>\n<hr data-start=\"1300\" data-end=\"1303\" \/>\n<p data-start=\"1305\" data-end=\"1403\"><strong data-start=\"1305\" data-end=\"1403\">Prad\u0117kite dabar ir b\u016bkite mobil\u016bs - gauti mopedo testo pa\u017eym\u0117jim\u0105 internetu dar niekada nebuvo taip paprasta!<\/strong><\/p>","protected":false},"excerpt":{"rendered":"<p>Mofa-Pr\u00fcfbescheinigung online machen \u2013 Schnell, flexibel &amp; unkompliziert Du m\u00f6chtest die Mofa-Pr\u00fcfbescheinigung machen \u2013 ganz bequem online und in deinem eigenen Tempo? Mit unserem zertifizierten Online-Kurs bereitest du dich optimal auf die Pr\u00fcfung vor und sicherst dir schon bald deine Pr\u00fcfbescheinigung f\u00fcr das Fahren eines Mofas mit bis zu 25 km\/h. \ud83d\udea6 Was dich erwartet: [&hellip;]<\/p>","protected":false},"featured_media":3140,"comment_status":"open","ping_status":"closed","template":"","meta":[],"product_brand":[],"product_cat":[44],"product_tag":[],"class_list":{"0":"post-3138","1":"product","2":"type-product","3":"status-publish","4":"has-post-thumbnail","6":"product_cat-uncategorized","8":"first","9":"instock","10":"shipping-taxable","11":"product-type-simple"},"yoast_head":"<!-- This site is optimized with the Yoast SEO Premium plugin v22.2 (Yoast SEO v26.2) - https:\/\/yoast.com\/wordpress\/plugins\/seo\/ -->\n<title>mofa-pr\u00fcfbescheinigung online machen - Reisepassfuhrer<\/title>\n<meta name=\"description\" content=\"Du m\u00f6chtest die Mofa-Pr\u00fcfbescheinigung machen \u2013 ganz bequem online und in deinem eigenen Tempo? Mit unserem zertifizierten Online-Kurs\" \/>\n<meta name=\"robots\" content=\"noindex, follow, max-snippet:-1, max-image-preview:large, max-video-preview:-1\" \/>\n<meta property=\"og:locale\" content=\"lt_LT\" \/>\n<meta property=\"og:type\" content=\"article\" \/>\n<meta property=\"og:title\" content=\"mofa-pr\u00fcfbescheinigung online machen\" \/>\n<meta property=\"og:description\" content=\"Du m\u00f6chtest die Mofa-Pr\u00fcfbescheinigung machen \u2013 ganz bequem online und in deinem eigenen Tempo? Mit unserem zertifizierten Online-Kurs\" \/>\n<meta property=\"og:url\" content=\"https:\/\/reisepassfuhrer.com\/lt\/product\/padaryti-mopedo-testo-sertifikata-internetu\/\" \/>\n<meta property=\"og:site_name\" content=\"Reisepassfuhrer\" \/>\n<meta property=\"article:modified_time\" content=\"2025-08-24T11:03:56+00:00\" \/>\n<meta property=\"og:image\" content=\"http:\/\/reisepassfuhrer.com\/wp-content\/uploads\/2025\/08\/download-50.jpeg\" \/>\n\t<meta property=\"og:image:width\" content=\"257\" \/>\n\t<meta property=\"og:image:height\" content=\"196\" \/>\n\t<meta property=\"og:image:type\" content=\"image\/jpeg\" \/>\n<meta name=\"twitter:card\" content=\"summary_large_image\" \/>\n<meta name=\"twitter:label1\" content=\"Est. reading time\" \/>\n\t<meta name=\"twitter:data1\" content=\"1 minut\u0117\" \/>\n<script type=\"application\/ld+json\" class=\"yoast-schema-graph\">{\"@context\":\"https:\/\/schema.org\",\"@graph\":[{\"@type\":\"WebPage\",\"@id\":\"https:\/\/reisepassfuhrer.com\/product\/mofa-prufbescheinigung-online-machen\/\",\"url\":\"https:\/\/reisepassfuhrer.com\/product\/mofa-prufbescheinigung-online-machen\/\",\"name\":\"mofa-pr\u00fcfbescheinigung online machen - Reisepassfuhrer\",\"isPartOf\":{\"@id\":\"https:\/\/reisepassfuhrer.com\/#website\"},\"primaryImageOfPage\":{\"@id\":\"https:\/\/reisepassfuhrer.com\/product\/mofa-prufbescheinigung-online-machen\/#primaryimage\"},\"image\":{\"@id\":\"https:\/\/reisepassfuhrer.com\/product\/mofa-prufbescheinigung-online-machen\/#primaryimage\"},\"thumbnailUrl\":\"https:\/\/reisepassfuhrer.com\/wp-content\/uploads\/2025\/08\/download-50.jpeg\",\"datePublished\":\"2025-08-24T11:03:55+00:00\",\"dateModified\":\"2025-08-24T11:03:56+00:00\",\"description\":\"Du m\u00f6chtest die Mofa-Pr\u00fcfbescheinigung machen \u2013 ganz bequem online und in deinem eigenen Tempo? Mit unserem zertifizierten Online-Kurs\",\"breadcrumb\":{\"@id\":\"https:\/\/reisepassfuhrer.com\/product\/mofa-prufbescheinigung-online-machen\/#breadcrumb\"},\"inLanguage\":\"lt-LT\",\"potentialAction\":[{\"@type\":\"ReadAction\",\"target\":[\"https:\/\/reisepassfuhrer.com\/product\/mofa-prufbescheinigung-online-machen\/\"]}]},{\"@type\":\"ImageObject\",\"inLanguage\":\"lt-LT\",\"@id\":\"https:\/\/reisepassfuhrer.com\/product\/mofa-prufbescheinigung-online-machen\/#primaryimage\",\"url\":\"https:\/\/reisepassfuhrer.com\/wp-content\/uploads\/2025\/08\/download-50.jpeg\",\"contentUrl\":\"https:\/\/reisepassfuhrer.com\/wp-content\/uploads\/2025\/08\/download-50.jpeg\",\"width\":257,\"height\":196},{\"@type\":\"BreadcrumbList\",\"@id\":\"https:\/\/reisepassfuhrer.com\/product\/mofa-prufbescheinigung-online-machen\/#breadcrumb\",\"itemListElement\":[{\"@type\":\"ListItem\",\"position\":1,\"name\":\"Home\",\"item\":\"https:\/\/reisepassfuhrer.com\/\"},{\"@type\":\"ListItem\",\"position\":2,\"name\":\"Shop\",\"item\":\"https:\/\/reisepassfuhrer.com\/shop\/\"},{\"@type\":\"ListItem\",\"position\":3,\"name\":\"mofa-pr\u00fcfbescheinigung online machen\"}]},{\"@type\":\"WebSite\",\"@id\":\"https:\/\/reisepassfuhrer.com\/#website\",\"url\":\"https:\/\/reisepassfuhrer.com\/\",\"name\":\"Reisepassfuhrer\",\"description\":\"Reisepass Beantragen Berlin\",\"publisher\":{\"@id\":\"https:\/\/reisepassfuhrer.com\/#organization\"},\"potentialAction\":[{\"@type\":\"SearchAction\",\"target\":{\"@type\":\"EntryPoint\",\"urlTemplate\":\"https:\/\/reisepassfuhrer.com\/?s={search_term_string}\"},\"query-input\":{\"@type\":\"PropertyValueSpecification\",\"valueRequired\":true,\"valueName\":\"search_term_string\"}}],\"inLanguage\":\"lt-LT\"},{\"@type\":\"Organization\",\"@id\":\"https:\/\/reisepassfuhrer.com\/#organization\",\"name\":\"Reisepassfuhrer\",\"url\":\"https:\/\/reisepassfuhrer.com\/\",\"logo\":{\"@type\":\"ImageObject\",\"inLanguage\":\"lt-LT\",\"@id\":\"https:\/\/reisepassfuhrer.com\/#\/schema\/logo\/image\/\",\"url\":\"https:\/\/reisepassfuhrer.com\/wp-content\/uploads\/2024\/03\/Reisepassfuhrer-logo.png\",\"contentUrl\":\"https:\/\/reisepassfuhrer.com\/wp-content\/uploads\/2024\/03\/Reisepassfuhrer-logo.png\",\"width\":112,\"height\":112,\"caption\":\"Reisepassfuhrer\"},\"image\":{\"@id\":\"https:\/\/reisepassfuhrer.com\/#\/schema\/logo\/image\/\"}}]}<\/script>\n<!-- \/ Yoast SEO Premium plugin. -->","yoast_head_json":{"title":"padaryti mopedo testo sertifikat\u0105 internetu - Reisepassfuhrer","description":"Ar nor\u0117tum\u0117te laikyti mopedo egzamino pa\u017eym\u0117jim\u0105 - patogiai internetu ir savo tempu? Naudodamiesi m\u016bs\u0173 sertifikuotais internetiniais kursais","robots":{"index":"noindex","follow":"follow","max-snippet":"max-snippet:-1","max-image-preview":"max-image-preview:large","max-video-preview":"max-video-preview:-1"},"og_locale":"lt_LT","og_type":"article","og_title":"mofa-pr\u00fcfbescheinigung online machen","og_description":"Du m\u00f6chtest die Mofa-Pr\u00fcfbescheinigung machen \u2013 ganz bequem online und in deinem eigenen Tempo? Mit unserem zertifizierten Online-Kurs","og_url":"https:\/\/reisepassfuhrer.com\/lt\/product\/padaryti-mopedo-testo-sertifikata-internetu\/","og_site_name":"Reisepassfuhrer","article_modified_time":"2025-08-24T11:03:56+00:00","og_image":[{"width":257,"height":196,"url":"http:\/\/reisepassfuhrer.com\/wp-content\/uploads\/2025\/08\/download-50.jpeg","type":"image\/jpeg"}],"twitter_card":"summary_large_image","twitter_misc":{"Est. reading time":"1 minut\u0117"},"schema":{"@context":"https:\/\/schema.org","@graph":[{"@type":"WebPage","@id":"https:\/\/reisepassfuhrer.com\/product\/mofa-prufbescheinigung-online-machen\/","url":"https:\/\/reisepassfuhrer.com\/product\/mofa-prufbescheinigung-online-machen\/","name":"padaryti mopedo testo sertifikat\u0105 internetu - Reisepassfuhrer","isPartOf":{"@id":"https:\/\/reisepassfuhrer.com\/#website"},"primaryImageOfPage":{"@id":"https:\/\/reisepassfuhrer.com\/product\/mofa-prufbescheinigung-online-machen\/#primaryimage"},"image":{"@id":"https:\/\/reisepassfuhrer.com\/product\/mofa-prufbescheinigung-online-machen\/#primaryimage"},"thumbnailUrl":"https:\/\/reisepassfuhrer.com\/wp-content\/uploads\/2025\/08\/download-50.jpeg","datePublished":"2025-08-24T11:03:55+00:00","dateModified":"2025-08-24T11:03:56+00:00","description":"Ar nor\u0117tum\u0117te laikyti mopedo egzamino pa\u017eym\u0117jim\u0105 - patogiai internetu ir savo tempu? Naudodamiesi m\u016bs\u0173 sertifikuotais internetiniais kursais","breadcrumb":{"@id":"https:\/\/reisepassfuhrer.com\/product\/mofa-prufbescheinigung-online-machen\/#breadcrumb"},"inLanguage":"lt-LT","potentialAction":[{"@type":"ReadAction","target":["https:\/\/reisepassfuhrer.com\/product\/mofa-prufbescheinigung-online-machen\/"]}]},{"@type":"ImageObject","inLanguage":"lt-LT","@id":"https:\/\/reisepassfuhrer.com\/product\/mofa-prufbescheinigung-online-machen\/#primaryimage","url":"https:\/\/reisepassfuhrer.com\/wp-content\/uploads\/2025\/08\/download-50.jpeg","contentUrl":"https:\/\/reisepassfuhrer.com\/wp-content\/uploads\/2025\/08\/download-50.jpeg","width":257,"height":196},{"@type":"BreadcrumbList","@id":"https:\/\/reisepassfuhrer.com\/product\/mofa-prufbescheinigung-online-machen\/#breadcrumb","itemListElement":[{"@type":"ListItem","position":1,"name":"Home","item":"https:\/\/reisepassfuhrer.com\/"},{"@type":"ListItem","position":2,"name":"Shop","item":"https:\/\/reisepassfuhrer.com\/shop\/"},{"@type":"ListItem","position":3,"name":"mofa-pr\u00fcfbescheinigung online machen"}]},{"@type":"WebSite","@id":"https:\/\/reisepassfuhrer.com\/#website","url":"https:\/\/reisepassfuhrer.com\/","name":"Paso vadovas","description":"Pra\u0161ymas i\u0161duoti pas\u0105 Berlyne","publisher":{"@id":"https:\/\/reisepassfuhrer.com\/#organization"},"potentialAction":[{"@type":"SearchAction","target":{"@type":"EntryPoint","urlTemplate":"https:\/\/reisepassfuhrer.com\/?s={search_term_string}"},"query-input":{"@type":"PropertyValueSpecification","valueRequired":true,"valueName":"search_term_string"}}],"inLanguage":"lt-LT"},{"@type":"Organization","@id":"https:\/\/reisepassfuhrer.com\/#organization","name":"Paso vadovas","url":"https:\/\/reisepassfuhrer.com\/","logo":{"@type":"ImageObject","inLanguage":"lt-LT","@id":"https:\/\/reisepassfuhrer.com\/#\/schema\/logo\/image\/","url":"https:\/\/reisepassfuhrer.com\/wp-content\/uploads\/2024\/03\/Reisepassfuhrer-logo.png","contentUrl":"https:\/\/reisepassfuhrer.com\/wp-content\/uploads\/2024\/03\/Reisepassfuhrer-logo.png","width":112,"height":112,"caption":"Reisepassfuhrer"},"image":{"@id":"https:\/\/reisepassfuhrer.com\/#\/schema\/logo\/image\/"}}]}},"_links":{"self":[{"href":"https:\/\/reisepassfuhrer.com\/lt\/wp-json\/wp\/v2\/product\/3138","targetHints":{"allow":["GET"]}}],"collection":[{"href":"https:\/\/reisepassfuhrer.com\/lt\/wp-json\/wp\/v2\/product"}],"about":[{"href":"https:\/\/reisepassfuhrer.com\/lt\/wp-json\/wp\/v2\/types\/product"}],"replies":[{"embeddable":true,"href":"https:\/\/reisepassfuhrer.com\/lt\/wp-json\/wp\/v2\/comments?post=3138"}],"wp:featuredmedia":[{"embeddable":true,"href":"https:\/\/reisepassfuhrer.com\/lt\/wp-json\/wp\/v2\/media\/3140"}],"wp:attachment":[{"href":"https:\/\/reisepassfuhrer.com\/lt\/wp-json\/wp\/v2\/media?parent=3138"}],"wp:term":[{"taxonomy":"product_brand","embeddable":true,"href":"https:\/\/reisepassfuhrer.com\/lt\/wp-json\/wp\/v2\/product_brand?post=3138"},{"taxonomy":"product_cat","embeddable":true,"href":"https:\/\/reisepassfuhrer.com\/lt\/wp-json\/wp\/v2\/product_cat?post=3138"},{"taxonomy":"product_tag","embeddable":true,"href":"https:\/\/reisepassfuhrer.com\/lt\/wp-json\/wp\/v2\/product_tag?post=3138"}],"curies":[{"name":"wp","href":"https:\/\/api.w.org\/{rel}","templated":true}]}}