{"id":3141,"date":"2025-08-24T11:06:03","date_gmt":"2025-08-24T11:06:03","guid":{"rendered":"https:\/\/reisepassfuhrer.com\/?post_type=product&#038;p=3141"},"modified":"2025-08-24T11:06:04","modified_gmt":"2025-08-24T11:06:04","slug":"meisterbrief-vermieten-preis","status":"publish","type":"product","link":"https:\/\/reisepassfuhrer.com\/lt\/product\/meistriskumo-klases-nuomos-kaina\/","title":{"rendered":"meistri\u0161kumo klas\u0117s nuomos kaina"},"content":{"rendered":"<h3 data-start=\"320\" data-end=\"380\">\ud83d\udcb0 <strong data-start=\"327\" data-end=\"380\">Kiek kainuoja \u201ei\u0161sinuomoti\u201c meistro pa\u017eym\u0117jim\u0105?<\/strong><\/h3>\n<p data-start=\"382\" data-end=\"667\">Terminas \u201emeistro pa\u017eym\u0117jimas samdomam darbui\u201c yra \u0161nekamosios kalbos terminas ir paprastai rei\u0161kia tai, kad meistras <strong data-start=\"489\" data-end=\"541\">oficialiai suteikiama \u012fmonei<\/strong>, kad jis atitikt\u0173 <strong data-start=\"578\" data-end=\"604\">Amat\u0173 kodas (HwO)<\/strong> \u012fvykdytas ir \u012ftrauktas \u012f <strong data-start=\"624\" data-end=\"642\">Prekybos registras<\/strong> galima \u012fvesti.<\/p>\n<p data-start=\"669\" data-end=\"694\">\u012eprasta kaina:<\/p>\n<div class=\"_tableContainer_sk2ct_1\">\n<div class=\"_tableWrapper_sk2ct_13 group flex w-fit flex-col-reverse\" tabindex=\"-1\">\n<table class=\"w-fit min-w-(--thread-content-width)\" data-start=\"696\" data-end=\"1075\">\n<thead data-start=\"696\" data-end=\"762\">\n<tr data-start=\"696\" data-end=\"762\">\n<th data-start=\"696\" data-end=\"729\" data-col-size=\"sm\">Susitarimo tipas<\/th>\n<th data-start=\"729\" data-end=\"762\" data-col-size=\"md\">M\u0117nesio kaina (apytiksl\u0117)<\/th>\n<\/tr>\n<\/thead>\n<tbody data-start=\"829\" data-end=\"1075\">\n<tr data-start=\"829\" data-end=\"894\">\n<td data-start=\"829\" data-end=\"861\" data-col-size=\"sm\"><strong data-start=\"831\" data-end=\"858\">Ne vis\u0105 darbo dien\u0105<\/strong><\/td>\n<td data-start=\"861\" data-end=\"894\" data-col-size=\"md\">500 \u20ac - 1.200 \u20ac<\/td>\n<\/tr>\n<tr data-start=\"895\" data-end=\"961\">\n<td data-start=\"895\" data-end=\"927\" data-col-size=\"sm\"><strong data-start=\"897\" data-end=\"922\">Vis\u0105 darbo dien\u0105 (dirbantys)<\/strong><\/td>\n<td data-start=\"927\" data-end=\"961\" data-col-size=\"md\">3 000 \u20ac - 5 000 \u20ac bruto<\/td>\n<\/tr>\n<tr data-start=\"962\" data-end=\"1075\">\n<td data-start=\"962\" data-end=\"1001\" data-col-size=\"sm\"><strong data-start=\"964\" data-end=\"1000\">Tik kaip \u012fra\u0161as (neaktyvus)<\/strong><\/td>\n<td data-start=\"1001\" data-end=\"1075\" data-col-size=\"md\">Teisiniu po\u017ei\u016briu labai problemi\u0161ka - da\u017enai 800-1 500 eur\u0173 (bet didel\u0117 rizika)<\/td>\n<\/tr>\n<\/tbody>\n<\/table>\n<\/div>\n<\/div>\n<blockquote data-start=\"1077\" data-end=\"1364\">\n<p data-start=\"1079\" data-end=\"1364\">\u26a0\ufe0f <strong data-start=\"1082\" data-end=\"1094\">Svarbu:<\/strong> Vien tik meistro vardo \u201ei\u0161nuomojimas\u201c be realaus meistro bendradarbiavimo ir atsakomyb\u0117s yra <strong data-start=\"1201\" data-end=\"1218\">neleid\u017eiama<\/strong> ir gali tur\u0117ti teisini\u0173 pasekmi\u0173 tiek \u012fmonei, tiek amat\u0173 meistrui (pvz., Amat\u0173 r\u016bmai arba i\u0161kilus atsakomyb\u0117s klausimams).<\/p>\n<\/blockquote>\n<hr data-start=\"1366\" data-end=\"1369\" \/>\n<h3 data-start=\"1371\" data-end=\"1418\">\u2705 <strong data-start=\"1377\" data-end=\"1418\">Teisin\u0117 alternatyva: samdyti meistr\u0105<\/strong><\/h3>\n<p data-start=\"1420\" data-end=\"1677\">Svetain\u0117 <strong data-start=\"1424\" data-end=\"1452\">Teisi\u0161kai \u0161varus sprendimas<\/strong> yra tur\u0117ti meistr\u0105 <strong data-start=\"1472\" data-end=\"1497\">oficialiai \u012fdarbinti<\/strong> - nesvarbu, ar dirbate ne vis\u0105 darbo dien\u0105, ar pagal valandin\u012f \u012fkain\u012f. Meistras turi <strong data-start=\"1565\" data-end=\"1601\">fakti\u0161kai dirbti \u012fmon\u0117je.<\/strong>, atlikti bent jau vadovaujan\u010dias pareigas, pvz. <strong data-start=\"1646\" data-end=\"1676\">Technini\u0173 operacij\u0173 vadovas<\/strong>.<\/p>\n<hr data-start=\"1679\" data-end=\"1682\" \/>\n<h3 data-start=\"1684\" data-end=\"1696\">\ud83d\udccc I\u0161vada<\/h3>\n<ul data-start=\"1698\" data-end=\"1996\">\n<li data-start=\"1698\" data-end=\"1768\">\n<p data-start=\"1700\" data-end=\"1768\"><strong data-start=\"1700\" data-end=\"1740\">Tik pavadinimo nuoma (be bendradarbiavimo)<\/strong>teisi\u0161kai neleistina.<\/p>\n<\/li>\n<li data-start=\"1769\" data-end=\"1855\">\n<p data-start=\"1771\" data-end=\"1855\"><strong data-start=\"1771\" data-end=\"1798\">S\u0105\u017einingas, teis\u0117tas atlyginimas<\/strong> dirbant ne vis\u0105 darbo dien\u0105: apie. <strong data-start=\"1828\" data-end=\"1853\">800 \u20ac - 1 200 \u20ac\/m\u0117n.<\/strong><\/p>\n<\/li>\n<li data-start=\"1856\" data-end=\"1912\">\n<p data-start=\"1858\" data-end=\"1912\"><strong data-start=\"1858\" data-end=\"1881\">Darbas vis\u0105 darbo dien\u0105<\/strong>: standartinis rinkos meistro atlyginimas<\/p>\n<\/li>\n<li data-start=\"1913\" data-end=\"1996\">\n<p data-start=\"1915\" data-end=\"1996\"><strong data-start=\"1915\" data-end=\"1943\">Sutartin\u0117 apsauga<\/strong> yra privalomas (darbo, valdymo sutartis ir pan.)<\/p>\n<\/li>\n<\/ul>","protected":false},"excerpt":{"rendered":"<p>\ud83d\udcb0 Was kostet es, einen Meisterbrief zu &#8222;vermieten&#8220;? Der Begriff \u201eMeisterbrief vermieten\u201c ist umgangssprachlich und bezieht sich meist darauf, dass ein Meister formal einem Betrieb zur Verf\u00fcgung gestellt wird, damit dieser die Anforderungen der Handwerksordnung (HwO) erf\u00fcllt und in die Handwerksrolle eingetragen werden kann. Typische Preisgestaltung: Art der Vereinbarung Monatlicher Preis (ungef\u00e4hr) Nebenberuflich\/Teilzeit 500 \u20ac [&hellip;]<\/p>","protected":false},"featured_media":3143,"comment_status":"open","ping_status":"closed","template":"","meta":[],"product_brand":[],"product_cat":[44],"product_tag":[],"class_list":{"0":"post-3141","1":"product","2":"type-product","3":"status-publish","4":"has-post-thumbnail","6":"product_cat-uncategorized","8":"first","9":"instock","10":"shipping-taxable","11":"product-type-simple"},"yoast_head":"<!-- This site is optimized with the Yoast SEO Premium plugin v22.2 (Yoast SEO v26.2) - https:\/\/yoast.com\/wordpress\/plugins\/seo\/ -->\n<title>meisterbrief vermieten preis - Reisepassfuhrer<\/title>\n<meta name=\"description\" content=\"Der Begriff \u201eMeisterbrief vermieten\u201c ist umgangssprachlich und bezieht sich meist darauf, dass ein Meister formal einem Betrieb zur Verf\u00fcgung gestellt wird\" \/>\n<meta name=\"robots\" content=\"noindex, follow, max-snippet:-1, max-image-preview:large, max-video-preview:-1\" \/>\n<meta property=\"og:locale\" content=\"lt_LT\" \/>\n<meta property=\"og:type\" content=\"article\" \/>\n<meta property=\"og:title\" content=\"meisterbrief vermieten preis\" \/>\n<meta property=\"og:description\" content=\"Der Begriff \u201eMeisterbrief vermieten\u201c ist umgangssprachlich und bezieht sich meist darauf, dass ein Meister formal einem Betrieb zur Verf\u00fcgung gestellt wird\" \/>\n<meta property=\"og:url\" content=\"https:\/\/reisepassfuhrer.com\/lt\/product\/meistriskumo-klases-nuomos-kaina\/\" \/>\n<meta property=\"og:site_name\" content=\"Reisepassfuhrer\" \/>\n<meta property=\"article:modified_time\" content=\"2025-08-24T11:06:04+00:00\" \/>\n<meta property=\"og:image\" content=\"http:\/\/reisepassfuhrer.com\/wp-content\/uploads\/2025\/08\/download-51.jpeg\" \/>\n\t<meta property=\"og:image:width\" content=\"195\" \/>\n\t<meta property=\"og:image:height\" content=\"259\" \/>\n\t<meta property=\"og:image:type\" content=\"image\/jpeg\" \/>\n<meta name=\"twitter:card\" content=\"summary_large_image\" \/>\n<meta name=\"twitter:label1\" content=\"Est. reading time\" \/>\n\t<meta name=\"twitter:data1\" content=\"1 minut\u0117\" \/>\n<script type=\"application\/ld+json\" class=\"yoast-schema-graph\">{\"@context\":\"https:\/\/schema.org\",\"@graph\":[{\"@type\":\"WebPage\",\"@id\":\"https:\/\/reisepassfuhrer.com\/product\/meisterbrief-vermieten-preis\/\",\"url\":\"https:\/\/reisepassfuhrer.com\/product\/meisterbrief-vermieten-preis\/\",\"name\":\"meisterbrief vermieten preis - Reisepassfuhrer\",\"isPartOf\":{\"@id\":\"https:\/\/reisepassfuhrer.com\/#website\"},\"primaryImageOfPage\":{\"@id\":\"https:\/\/reisepassfuhrer.com\/product\/meisterbrief-vermieten-preis\/#primaryimage\"},\"image\":{\"@id\":\"https:\/\/reisepassfuhrer.com\/product\/meisterbrief-vermieten-preis\/#primaryimage\"},\"thumbnailUrl\":\"https:\/\/reisepassfuhrer.com\/wp-content\/uploads\/2025\/08\/download-51.jpeg\",\"datePublished\":\"2025-08-24T11:06:03+00:00\",\"dateModified\":\"2025-08-24T11:06:04+00:00\",\"description\":\"Der Begriff \u201eMeisterbrief vermieten\u201c ist umgangssprachlich und bezieht sich meist darauf, dass ein Meister formal einem Betrieb zur Verf\u00fcgung gestellt wird\",\"breadcrumb\":{\"@id\":\"https:\/\/reisepassfuhrer.com\/product\/meisterbrief-vermieten-preis\/#breadcrumb\"},\"inLanguage\":\"lt-LT\",\"potentialAction\":[{\"@type\":\"ReadAction\",\"target\":[\"https:\/\/reisepassfuhrer.com\/product\/meisterbrief-vermieten-preis\/\"]}]},{\"@type\":\"ImageObject\",\"inLanguage\":\"lt-LT\",\"@id\":\"https:\/\/reisepassfuhrer.com\/product\/meisterbrief-vermieten-preis\/#primaryimage\",\"url\":\"https:\/\/reisepassfuhrer.com\/wp-content\/uploads\/2025\/08\/download-51.jpeg\",\"contentUrl\":\"https:\/\/reisepassfuhrer.com\/wp-content\/uploads\/2025\/08\/download-51.jpeg\",\"width\":195,\"height\":259},{\"@type\":\"BreadcrumbList\",\"@id\":\"https:\/\/reisepassfuhrer.com\/product\/meisterbrief-vermieten-preis\/#breadcrumb\",\"itemListElement\":[{\"@type\":\"ListItem\",\"position\":1,\"name\":\"Home\",\"item\":\"https:\/\/reisepassfuhrer.com\/\"},{\"@type\":\"ListItem\",\"position\":2,\"name\":\"Shop\",\"item\":\"https:\/\/reisepassfuhrer.com\/shop\/\"},{\"@type\":\"ListItem\",\"position\":3,\"name\":\"meisterbrief vermieten preis\"}]},{\"@type\":\"WebSite\",\"@id\":\"https:\/\/reisepassfuhrer.com\/#website\",\"url\":\"https:\/\/reisepassfuhrer.com\/\",\"name\":\"Reisepassfuhrer\",\"description\":\"Reisepass Beantragen Berlin\",\"publisher\":{\"@id\":\"https:\/\/reisepassfuhrer.com\/#organization\"},\"potentialAction\":[{\"@type\":\"SearchAction\",\"target\":{\"@type\":\"EntryPoint\",\"urlTemplate\":\"https:\/\/reisepassfuhrer.com\/?s={search_term_string}\"},\"query-input\":{\"@type\":\"PropertyValueSpecification\",\"valueRequired\":true,\"valueName\":\"search_term_string\"}}],\"inLanguage\":\"lt-LT\"},{\"@type\":\"Organization\",\"@id\":\"https:\/\/reisepassfuhrer.com\/#organization\",\"name\":\"Reisepassfuhrer\",\"url\":\"https:\/\/reisepassfuhrer.com\/\",\"logo\":{\"@type\":\"ImageObject\",\"inLanguage\":\"lt-LT\",\"@id\":\"https:\/\/reisepassfuhrer.com\/#\/schema\/logo\/image\/\",\"url\":\"https:\/\/reisepassfuhrer.com\/wp-content\/uploads\/2024\/03\/Reisepassfuhrer-logo.png\",\"contentUrl\":\"https:\/\/reisepassfuhrer.com\/wp-content\/uploads\/2024\/03\/Reisepassfuhrer-logo.png\",\"width\":112,\"height\":112,\"caption\":\"Reisepassfuhrer\"},\"image\":{\"@id\":\"https:\/\/reisepassfuhrer.com\/#\/schema\/logo\/image\/\"}}]}<\/script>\n<!-- \/ Yoast SEO Premium plugin. -->","yoast_head_json":{"title":"meistri\u0161kumo kurs\u0173 nuomos kaina - Reisepassfuhrer","description":"Terminas \u201emeistro pa\u017eym\u0117jimas samdyti\u201c yra \u0161nekamosios kalbos terminas ir paprastai rei\u0161kia tai, kad meistras oficialiai suteikiamas \u012fmonei","robots":{"index":"noindex","follow":"follow","max-snippet":"max-snippet:-1","max-image-preview":"max-image-preview:large","max-video-preview":"max-video-preview:-1"},"og_locale":"lt_LT","og_type":"article","og_title":"meisterbrief vermieten preis","og_description":"Der Begriff \u201eMeisterbrief vermieten\u201c ist umgangssprachlich und bezieht sich meist darauf, dass ein Meister formal einem Betrieb zur Verf\u00fcgung gestellt wird","og_url":"https:\/\/reisepassfuhrer.com\/lt\/product\/meistriskumo-klases-nuomos-kaina\/","og_site_name":"Reisepassfuhrer","article_modified_time":"2025-08-24T11:06:04+00:00","og_image":[{"width":195,"height":259,"url":"http:\/\/reisepassfuhrer.com\/wp-content\/uploads\/2025\/08\/download-51.jpeg","type":"image\/jpeg"}],"twitter_card":"summary_large_image","twitter_misc":{"Est. reading time":"1 minut\u0117"},"schema":{"@context":"https:\/\/schema.org","@graph":[{"@type":"WebPage","@id":"https:\/\/reisepassfuhrer.com\/product\/meisterbrief-vermieten-preis\/","url":"https:\/\/reisepassfuhrer.com\/product\/meisterbrief-vermieten-preis\/","name":"meistri\u0161kumo kurs\u0173 nuomos kaina - Reisepassfuhrer","isPartOf":{"@id":"https:\/\/reisepassfuhrer.com\/#website"},"primaryImageOfPage":{"@id":"https:\/\/reisepassfuhrer.com\/product\/meisterbrief-vermieten-preis\/#primaryimage"},"image":{"@id":"https:\/\/reisepassfuhrer.com\/product\/meisterbrief-vermieten-preis\/#primaryimage"},"thumbnailUrl":"https:\/\/reisepassfuhrer.com\/wp-content\/uploads\/2025\/08\/download-51.jpeg","datePublished":"2025-08-24T11:06:03+00:00","dateModified":"2025-08-24T11:06:04+00:00","description":"Terminas \u201emeistro pa\u017eym\u0117jimas samdyti\u201c yra \u0161nekamosios kalbos terminas ir paprastai rei\u0161kia tai, kad meistras oficialiai suteikiamas \u012fmonei","breadcrumb":{"@id":"https:\/\/reisepassfuhrer.com\/product\/meisterbrief-vermieten-preis\/#breadcrumb"},"inLanguage":"lt-LT","potentialAction":[{"@type":"ReadAction","target":["https:\/\/reisepassfuhrer.com\/product\/meisterbrief-vermieten-preis\/"]}]},{"@type":"ImageObject","inLanguage":"lt-LT","@id":"https:\/\/reisepassfuhrer.com\/product\/meisterbrief-vermieten-preis\/#primaryimage","url":"https:\/\/reisepassfuhrer.com\/wp-content\/uploads\/2025\/08\/download-51.jpeg","contentUrl":"https:\/\/reisepassfuhrer.com\/wp-content\/uploads\/2025\/08\/download-51.jpeg","width":195,"height":259},{"@type":"BreadcrumbList","@id":"https:\/\/reisepassfuhrer.com\/product\/meisterbrief-vermieten-preis\/#breadcrumb","itemListElement":[{"@type":"ListItem","position":1,"name":"Home","item":"https:\/\/reisepassfuhrer.com\/"},{"@type":"ListItem","position":2,"name":"Shop","item":"https:\/\/reisepassfuhrer.com\/shop\/"},{"@type":"ListItem","position":3,"name":"meisterbrief vermieten preis"}]},{"@type":"WebSite","@id":"https:\/\/reisepassfuhrer.com\/#website","url":"https:\/\/reisepassfuhrer.com\/","name":"Paso vadovas","description":"Pra\u0161ymas i\u0161duoti pas\u0105 Berlyne","publisher":{"@id":"https:\/\/reisepassfuhrer.com\/#organization"},"potentialAction":[{"@type":"SearchAction","target":{"@type":"EntryPoint","urlTemplate":"https:\/\/reisepassfuhrer.com\/?s={search_term_string}"},"query-input":{"@type":"PropertyValueSpecification","valueRequired":true,"valueName":"search_term_string"}}],"inLanguage":"lt-LT"},{"@type":"Organization","@id":"https:\/\/reisepassfuhrer.com\/#organization","name":"Paso vadovas","url":"https:\/\/reisepassfuhrer.com\/","logo":{"@type":"ImageObject","inLanguage":"lt-LT","@id":"https:\/\/reisepassfuhrer.com\/#\/schema\/logo\/image\/","url":"https:\/\/reisepassfuhrer.com\/wp-content\/uploads\/2024\/03\/Reisepassfuhrer-logo.png","contentUrl":"https:\/\/reisepassfuhrer.com\/wp-content\/uploads\/2024\/03\/Reisepassfuhrer-logo.png","width":112,"height":112,"caption":"Reisepassfuhrer"},"image":{"@id":"https:\/\/reisepassfuhrer.com\/#\/schema\/logo\/image\/"}}]}},"_links":{"self":[{"href":"https:\/\/reisepassfuhrer.com\/lt\/wp-json\/wp\/v2\/product\/3141","targetHints":{"allow":["GET"]}}],"collection":[{"href":"https:\/\/reisepassfuhrer.com\/lt\/wp-json\/wp\/v2\/product"}],"about":[{"href":"https:\/\/reisepassfuhrer.com\/lt\/wp-json\/wp\/v2\/types\/product"}],"replies":[{"embeddable":true,"href":"https:\/\/reisepassfuhrer.com\/lt\/wp-json\/wp\/v2\/comments?post=3141"}],"wp:featuredmedia":[{"embeddable":true,"href":"https:\/\/reisepassfuhrer.com\/lt\/wp-json\/wp\/v2\/media\/3143"}],"wp:attachment":[{"href":"https:\/\/reisepassfuhrer.com\/lt\/wp-json\/wp\/v2\/media?parent=3141"}],"wp:term":[{"taxonomy":"product_brand","embeddable":true,"href":"https:\/\/reisepassfuhrer.com\/lt\/wp-json\/wp\/v2\/product_brand?post=3141"},{"taxonomy":"product_cat","embeddable":true,"href":"https:\/\/reisepassfuhrer.com\/lt\/wp-json\/wp\/v2\/product_cat?post=3141"},{"taxonomy":"product_tag","embeddable":true,"href":"https:\/\/reisepassfuhrer.com\/lt\/wp-json\/wp\/v2\/product_tag?post=3141"}],"curies":[{"name":"wp","href":"https:\/\/api.w.org\/{rel}","templated":true}]}}