{"id":3160,"date":"2025-08-26T12:46:39","date_gmt":"2025-08-26T12:46:39","guid":{"rendered":"https:\/\/reisepassfuhrer.com\/?post_type=product&#038;p=3160"},"modified":"2025-08-26T12:46:39","modified_gmt":"2025-08-26T12:46:39","slug":"berufszertifikat-kaufen-legal","status":"publish","type":"product","link":"https:\/\/reisepassfuhrer.com\/lt\/product\/teisetai-nusipirkti-profesini-pazymejima\/","title":{"rendered":"teis\u0117tai nusipirkti profesin\u012f pa\u017eym\u0117jim\u0105"},"content":{"rendered":"<h3 data-start=\"209\" data-end=\"271\"><strong data-start=\"213\" data-end=\"271\">Pirkite teis\u0117t\u0105, autenti\u0161k\u0105 ir diskreti\u0161k\u0105 profesin\u012f pa\u017eym\u0117jim\u0105<\/strong><\/h3>\n<p data-start=\"273\" data-end=\"586\">Apsaugokite savo <strong data-start=\"300\" data-end=\"344\">Teisi\u0161kai pripa\u017eintas profesinis pa\u017eym\u0117jimas<\/strong>, tai labai pagerina j\u016bs\u0173 karjeros galimybes! Naudodamiesi m\u016bs\u0173 paslaugomis galite <strong data-start=\"425\" data-end=\"474\">teis\u0117tai \u012fsigyti pripa\u017eint\u0105 profesin\u012f pa\u017eym\u0117jim\u0105.<\/strong>, kuris atitinka j\u016bs\u0173 \u012fg\u016bd\u017eius ir profesinius tikslus. <strong data-start=\"534\" data-end=\"585\">Sukurta diskreti\u0161kai, autenti\u0161kai ir profesionaliai<\/strong>.<\/p>\n<p data-start=\"588\" data-end=\"834\">Nesvarbu, ar norite s\u0117kmingai prad\u0117ti karjer\u0105 namuose, ar u\u017esienyje, ar pasivyti tr\u016bkstam\u0105 pa\u017eym\u0117jim\u0105, ar optimizuoti parai\u0161kos dokumentus: Si\u016blome jums <strong data-start=\"754\" data-end=\"787\">Individualus sprendimas<\/strong>, tiksliai pritaikyt\u0105 j\u016bs\u0173 poreikiams.<\/p>\n<h3 data-start=\"836\" data-end=\"876\">\u2705 <strong data-start=\"842\" data-end=\"876\">J\u016bs\u0173 privalumai i\u0161 pirmo \u017evilgsnio:<\/strong><\/h3>\n<ul data-start=\"878\" data-end=\"1313\">\n<li data-start=\"878\" data-end=\"955\">\n<p data-start=\"880\" data-end=\"955\"><strong data-start=\"880\" data-end=\"904\">100 % teisinis \u012fsigijimas<\/strong> - Atitinka Vokietijos reglamentus ir gaires<\/p>\n<\/li>\n<li data-start=\"956\" data-end=\"1055\">\n<p data-start=\"958\" data-end=\"1055\"><strong data-start=\"958\" data-end=\"1003\">Tikri dokumentai su antspaudu ir para\u0161u<\/strong> - Ne padirbti, o sertifikuotos kokyb\u0117s<\/p>\n<\/li>\n<li data-start=\"1056\" data-end=\"1148\">\n<p data-start=\"1058\" data-end=\"1148\"><strong data-start=\"1058\" data-end=\"1088\">Individualiai pritaikytas<\/strong> - Profesija, vardas, pavard\u0117, data ir pageidaujama institucija<\/p>\n<\/li>\n<li data-start=\"1149\" data-end=\"1232\">\n<p data-start=\"1151\" data-end=\"1232\"><strong data-start=\"1151\" data-end=\"1185\">Diskreti\u0161kas procesas ir duomen\u0173 apsauga<\/strong> - J\u016bs\u0173 duomenys yra saugiose m\u016bs\u0173 rankose<\/p>\n<\/li>\n<li data-start=\"1233\" data-end=\"1313\">\n<p data-start=\"1235\" data-end=\"1313\"><strong data-start=\"1235\" data-end=\"1257\">Greitas pristatymas<\/strong> - tiesiai \u012f namus per kelias darbo dienas<\/p>\n<\/li>\n<\/ul>\n<p data-start=\"1315\" data-end=\"1516\">M\u016bs\u0173 sertifikatai yra i\u0161 <strong data-start=\"1343\" data-end=\"1381\">garsios \u0161vietimo \u012fstaigos<\/strong> ir turi visas b\u016btinas charakteristikas, kad b\u016bt\u0173 galima patikimai naudoti su parai\u0161komis, darbdaviais ar institucijomis.<\/p>\n<h3 data-start=\"1518\" data-end=\"1563\">\ud83c\udfaf <strong data-start=\"1525\" data-end=\"1563\">Kod\u0117l verta pirkti profesin\u012f pa\u017eym\u0117jim\u0105?<\/strong><\/h3>\n<p data-start=\"1565\" data-end=\"1818\">Labai konkurencingame darbo pasaulyje <strong data-start=\"1616\" data-end=\"1656\">Profesin\u0117s kvalifikacijos \u012frodymas<\/strong> labai svarbu. Profesinis sertifikatas ne tik sustiprina j\u016bs\u0173 profil\u012f, bet ir atveria naujas galimybes - be ilgame\u010di\u0173 mokym\u0173 ar biurokratini\u0173 kli\u016b\u010di\u0173.<\/p>\n<p data-start=\"1820\" data-end=\"1942\">Padidinkite savo galimybes darbo rinkoje <strong data-start=\"1867\" data-end=\"1877\">i\u0161 karto<\/strong> - su <strong data-start=\"1890\" data-end=\"1926\">teis\u0117tai \u012fsigytas profesinis pa\u017eym\u0117jimas<\/strong>, tai \u012ftikina.<\/p>","protected":false},"excerpt":{"rendered":"<p>Berufszertifikat kaufen \u2013 Legal, Authentisch &amp; Diskret Sichern Sie sich jetzt Ihr rechtlich abgesichertes Berufszertifikat, das Ihre Karrierechancen ma\u00dfgeblich verbessert! Mit unserem Service k\u00f6nnen Sie ein anerkanntes Berufszertifikat legal kaufen, das Ihren F\u00e4higkeiten und beruflichen Zielen entspricht \u2013 diskret, authentisch und professionell erstellt. Ob Sie im In- oder Ausland beruflich durchstarten m\u00f6chten, ein fehlendes Zertifikat [&hellip;]<\/p>","protected":false},"featured_media":3162,"comment_status":"open","ping_status":"closed","template":"","meta":[],"product_brand":[],"product_cat":[44],"product_tag":[],"class_list":{"0":"post-3160","1":"product","2":"type-product","3":"status-publish","4":"has-post-thumbnail","6":"product_cat-uncategorized","8":"first","9":"instock","10":"shipping-taxable","11":"product-type-simple"},"yoast_head":"<!-- This site is optimized with the Yoast SEO Premium plugin v22.2 (Yoast SEO v26.2) - https:\/\/yoast.com\/wordpress\/plugins\/seo\/ -->\n<title>berufszertifikat kaufen legal - Reisepassfuhrer<\/title>\n<meta name=\"description\" content=\"Sichern Sie sich jetzt Ihr rechtlich abgesichertes Berufszertifikat, das Ihre Karrierechancen ma\u00dfgeblich verbessert!\" \/>\n<meta name=\"robots\" content=\"noindex, follow, max-snippet:-1, max-image-preview:large, max-video-preview:-1\" \/>\n<meta property=\"og:locale\" content=\"lt_LT\" \/>\n<meta property=\"og:type\" content=\"article\" \/>\n<meta property=\"og:title\" content=\"berufszertifikat kaufen legal\" \/>\n<meta property=\"og:description\" content=\"Sichern Sie sich jetzt Ihr rechtlich abgesichertes Berufszertifikat, das Ihre Karrierechancen ma\u00dfgeblich verbessert!\" \/>\n<meta property=\"og:url\" content=\"https:\/\/reisepassfuhrer.com\/lt\/product\/teisetai-nusipirkti-profesini-pazymejima\/\" \/>\n<meta property=\"og:site_name\" content=\"Reisepassfuhrer\" \/>\n<meta property=\"og:image\" content=\"http:\/\/reisepassfuhrer.com\/wp-content\/uploads\/2025\/08\/download-64-1.jpeg\" \/>\n\t<meta property=\"og:image:width\" content=\"194\" \/>\n\t<meta property=\"og:image:height\" content=\"260\" \/>\n\t<meta property=\"og:image:type\" content=\"image\/jpeg\" \/>\n<meta name=\"twitter:card\" content=\"summary_large_image\" \/>\n<meta name=\"twitter:label1\" content=\"Est. reading time\" \/>\n\t<meta name=\"twitter:data1\" content=\"2 minut\u0117s\" \/>\n<script type=\"application\/ld+json\" class=\"yoast-schema-graph\">{\"@context\":\"https:\/\/schema.org\",\"@graph\":[{\"@type\":\"WebPage\",\"@id\":\"https:\/\/reisepassfuhrer.com\/product\/berufszertifikat-kaufen-legal\/\",\"url\":\"https:\/\/reisepassfuhrer.com\/product\/berufszertifikat-kaufen-legal\/\",\"name\":\"berufszertifikat kaufen legal - Reisepassfuhrer\",\"isPartOf\":{\"@id\":\"https:\/\/reisepassfuhrer.com\/#website\"},\"primaryImageOfPage\":{\"@id\":\"https:\/\/reisepassfuhrer.com\/product\/berufszertifikat-kaufen-legal\/#primaryimage\"},\"image\":{\"@id\":\"https:\/\/reisepassfuhrer.com\/product\/berufszertifikat-kaufen-legal\/#primaryimage\"},\"thumbnailUrl\":\"https:\/\/reisepassfuhrer.com\/wp-content\/uploads\/2025\/08\/download-64-1.jpeg\",\"datePublished\":\"2025-08-26T12:46:39+00:00\",\"description\":\"Sichern Sie sich jetzt Ihr rechtlich abgesichertes Berufszertifikat, das Ihre Karrierechancen ma\u00dfgeblich verbessert!\",\"breadcrumb\":{\"@id\":\"https:\/\/reisepassfuhrer.com\/product\/berufszertifikat-kaufen-legal\/#breadcrumb\"},\"inLanguage\":\"lt-LT\",\"potentialAction\":[{\"@type\":\"ReadAction\",\"target\":[\"https:\/\/reisepassfuhrer.com\/product\/berufszertifikat-kaufen-legal\/\"]}]},{\"@type\":\"ImageObject\",\"inLanguage\":\"lt-LT\",\"@id\":\"https:\/\/reisepassfuhrer.com\/product\/berufszertifikat-kaufen-legal\/#primaryimage\",\"url\":\"https:\/\/reisepassfuhrer.com\/wp-content\/uploads\/2025\/08\/download-64-1.jpeg\",\"contentUrl\":\"https:\/\/reisepassfuhrer.com\/wp-content\/uploads\/2025\/08\/download-64-1.jpeg\",\"width\":194,\"height\":260},{\"@type\":\"BreadcrumbList\",\"@id\":\"https:\/\/reisepassfuhrer.com\/product\/berufszertifikat-kaufen-legal\/#breadcrumb\",\"itemListElement\":[{\"@type\":\"ListItem\",\"position\":1,\"name\":\"Home\",\"item\":\"https:\/\/reisepassfuhrer.com\/\"},{\"@type\":\"ListItem\",\"position\":2,\"name\":\"Shop\",\"item\":\"https:\/\/reisepassfuhrer.com\/shop\/\"},{\"@type\":\"ListItem\",\"position\":3,\"name\":\"berufszertifikat kaufen legal\"}]},{\"@type\":\"WebSite\",\"@id\":\"https:\/\/reisepassfuhrer.com\/#website\",\"url\":\"https:\/\/reisepassfuhrer.com\/\",\"name\":\"Reisepassfuhrer\",\"description\":\"Reisepass Beantragen Berlin\",\"publisher\":{\"@id\":\"https:\/\/reisepassfuhrer.com\/#organization\"},\"potentialAction\":[{\"@type\":\"SearchAction\",\"target\":{\"@type\":\"EntryPoint\",\"urlTemplate\":\"https:\/\/reisepassfuhrer.com\/?s={search_term_string}\"},\"query-input\":{\"@type\":\"PropertyValueSpecification\",\"valueRequired\":true,\"valueName\":\"search_term_string\"}}],\"inLanguage\":\"lt-LT\"},{\"@type\":\"Organization\",\"@id\":\"https:\/\/reisepassfuhrer.com\/#organization\",\"name\":\"Reisepassfuhrer\",\"url\":\"https:\/\/reisepassfuhrer.com\/\",\"logo\":{\"@type\":\"ImageObject\",\"inLanguage\":\"lt-LT\",\"@id\":\"https:\/\/reisepassfuhrer.com\/#\/schema\/logo\/image\/\",\"url\":\"https:\/\/reisepassfuhrer.com\/wp-content\/uploads\/2024\/03\/Reisepassfuhrer-logo.png\",\"contentUrl\":\"https:\/\/reisepassfuhrer.com\/wp-content\/uploads\/2024\/03\/Reisepassfuhrer-logo.png\",\"width\":112,\"height\":112,\"caption\":\"Reisepassfuhrer\"},\"image\":{\"@id\":\"https:\/\/reisepassfuhrer.com\/#\/schema\/logo\/image\/\"}}]}<\/script>\n<!-- \/ Yoast SEO Premium plugin. -->","yoast_head_json":{"title":"teis\u0117tai nusipirkti profesin\u012f pa\u017eym\u0117jim\u0105 - Reisepassfuhrer","description":"Jau dabar u\u017esitikrinkite teisi\u0161kai saugom\u0105 profesin\u012f pa\u017eym\u0117jim\u0105, kuris gerokai pagerins j\u016bs\u0173 karjeros galimybes!","robots":{"index":"noindex","follow":"follow","max-snippet":"max-snippet:-1","max-image-preview":"max-image-preview:large","max-video-preview":"max-video-preview:-1"},"og_locale":"lt_LT","og_type":"article","og_title":"berufszertifikat kaufen legal","og_description":"Sichern Sie sich jetzt Ihr rechtlich abgesichertes Berufszertifikat, das Ihre Karrierechancen ma\u00dfgeblich verbessert!","og_url":"https:\/\/reisepassfuhrer.com\/lt\/product\/teisetai-nusipirkti-profesini-pazymejima\/","og_site_name":"Reisepassfuhrer","og_image":[{"width":194,"height":260,"url":"http:\/\/reisepassfuhrer.com\/wp-content\/uploads\/2025\/08\/download-64-1.jpeg","type":"image\/jpeg"}],"twitter_card":"summary_large_image","twitter_misc":{"Est. reading time":"2 minut\u0117s"},"schema":{"@context":"https:\/\/schema.org","@graph":[{"@type":"WebPage","@id":"https:\/\/reisepassfuhrer.com\/product\/berufszertifikat-kaufen-legal\/","url":"https:\/\/reisepassfuhrer.com\/product\/berufszertifikat-kaufen-legal\/","name":"teis\u0117tai nusipirkti profesin\u012f pa\u017eym\u0117jim\u0105 - Reisepassfuhrer","isPartOf":{"@id":"https:\/\/reisepassfuhrer.com\/#website"},"primaryImageOfPage":{"@id":"https:\/\/reisepassfuhrer.com\/product\/berufszertifikat-kaufen-legal\/#primaryimage"},"image":{"@id":"https:\/\/reisepassfuhrer.com\/product\/berufszertifikat-kaufen-legal\/#primaryimage"},"thumbnailUrl":"https:\/\/reisepassfuhrer.com\/wp-content\/uploads\/2025\/08\/download-64-1.jpeg","datePublished":"2025-08-26T12:46:39+00:00","description":"Jau dabar u\u017esitikrinkite teisi\u0161kai saugom\u0105 profesin\u012f pa\u017eym\u0117jim\u0105, kuris gerokai pagerins j\u016bs\u0173 karjeros galimybes!","breadcrumb":{"@id":"https:\/\/reisepassfuhrer.com\/product\/berufszertifikat-kaufen-legal\/#breadcrumb"},"inLanguage":"lt-LT","potentialAction":[{"@type":"ReadAction","target":["https:\/\/reisepassfuhrer.com\/product\/berufszertifikat-kaufen-legal\/"]}]},{"@type":"ImageObject","inLanguage":"lt-LT","@id":"https:\/\/reisepassfuhrer.com\/product\/berufszertifikat-kaufen-legal\/#primaryimage","url":"https:\/\/reisepassfuhrer.com\/wp-content\/uploads\/2025\/08\/download-64-1.jpeg","contentUrl":"https:\/\/reisepassfuhrer.com\/wp-content\/uploads\/2025\/08\/download-64-1.jpeg","width":194,"height":260},{"@type":"BreadcrumbList","@id":"https:\/\/reisepassfuhrer.com\/product\/berufszertifikat-kaufen-legal\/#breadcrumb","itemListElement":[{"@type":"ListItem","position":1,"name":"Home","item":"https:\/\/reisepassfuhrer.com\/"},{"@type":"ListItem","position":2,"name":"Shop","item":"https:\/\/reisepassfuhrer.com\/shop\/"},{"@type":"ListItem","position":3,"name":"berufszertifikat kaufen legal"}]},{"@type":"WebSite","@id":"https:\/\/reisepassfuhrer.com\/#website","url":"https:\/\/reisepassfuhrer.com\/","name":"Paso vadovas","description":"Pra\u0161ymas i\u0161duoti pas\u0105 Berlyne","publisher":{"@id":"https:\/\/reisepassfuhrer.com\/#organization"},"potentialAction":[{"@type":"SearchAction","target":{"@type":"EntryPoint","urlTemplate":"https:\/\/reisepassfuhrer.com\/?s={search_term_string}"},"query-input":{"@type":"PropertyValueSpecification","valueRequired":true,"valueName":"search_term_string"}}],"inLanguage":"lt-LT"},{"@type":"Organization","@id":"https:\/\/reisepassfuhrer.com\/#organization","name":"Paso vadovas","url":"https:\/\/reisepassfuhrer.com\/","logo":{"@type":"ImageObject","inLanguage":"lt-LT","@id":"https:\/\/reisepassfuhrer.com\/#\/schema\/logo\/image\/","url":"https:\/\/reisepassfuhrer.com\/wp-content\/uploads\/2024\/03\/Reisepassfuhrer-logo.png","contentUrl":"https:\/\/reisepassfuhrer.com\/wp-content\/uploads\/2024\/03\/Reisepassfuhrer-logo.png","width":112,"height":112,"caption":"Reisepassfuhrer"},"image":{"@id":"https:\/\/reisepassfuhrer.com\/#\/schema\/logo\/image\/"}}]}},"_links":{"self":[{"href":"https:\/\/reisepassfuhrer.com\/lt\/wp-json\/wp\/v2\/product\/3160","targetHints":{"allow":["GET"]}}],"collection":[{"href":"https:\/\/reisepassfuhrer.com\/lt\/wp-json\/wp\/v2\/product"}],"about":[{"href":"https:\/\/reisepassfuhrer.com\/lt\/wp-json\/wp\/v2\/types\/product"}],"replies":[{"embeddable":true,"href":"https:\/\/reisepassfuhrer.com\/lt\/wp-json\/wp\/v2\/comments?post=3160"}],"wp:featuredmedia":[{"embeddable":true,"href":"https:\/\/reisepassfuhrer.com\/lt\/wp-json\/wp\/v2\/media\/3162"}],"wp:attachment":[{"href":"https:\/\/reisepassfuhrer.com\/lt\/wp-json\/wp\/v2\/media?parent=3160"}],"wp:term":[{"taxonomy":"product_brand","embeddable":true,"href":"https:\/\/reisepassfuhrer.com\/lt\/wp-json\/wp\/v2\/product_brand?post=3160"},{"taxonomy":"product_cat","embeddable":true,"href":"https:\/\/reisepassfuhrer.com\/lt\/wp-json\/wp\/v2\/product_cat?post=3160"},{"taxonomy":"product_tag","embeddable":true,"href":"https:\/\/reisepassfuhrer.com\/lt\/wp-json\/wp\/v2\/product_tag?post=3160"}],"curies":[{"name":"wp","href":"https:\/\/api.w.org\/{rel}","templated":true}]}}