{"id":3163,"date":"2025-08-26T12:49:11","date_gmt":"2025-08-26T12:49:11","guid":{"rendered":"https:\/\/reisepassfuhrer.com\/?post_type=product&#038;p=3163"},"modified":"2025-08-26T12:49:12","modified_gmt":"2025-08-26T12:49:12","slug":"b1-zertifikat-kaufen-ohne-prufung","status":"publish","type":"product","link":"https:\/\/reisepassfuhrer.com\/lt\/product\/pirkti-b1-sertifikata-be-patikrinimo\/","title":{"rendered":"pirkti b1 sertifikat\u0105 be egzamino"},"content":{"rendered":"<h3 data-start=\"241\" data-end=\"309\"><strong data-start=\"245\" data-end=\"309\">Pirkite B1 sertifikat\u0105 be egzamino - greitai, teis\u0117tai ir diskreti\u0161kai<\/strong><\/h3>\n<p data-start=\"311\" data-end=\"562\">Ar nor\u0117tum\u0117te <strong data-start=\"327\" data-end=\"394\">\u012esigykite B1 kalbos sertifikat\u0105 nelaikydami egzamino<\/strong>? Tuomet patekote \u012f tinkam\u0105 viet\u0105! Si\u016blome jums galimyb\u0119 <strong data-start=\"471\" data-end=\"511\">Teis\u0117tai nusipirkite tikr\u0105 B1 sertifikat\u0105<\/strong>, be jokio streso, mokymosi pastang\u0173 ar egzamin\u0173 spaudimo.<\/p>\n<p data-start=\"564\" data-end=\"858\">Pripa\u017eintas B1 pa\u017eym\u0117jimas atveria jums daugyb\u0119 dur\u0173, nesvarbu, ar tai b\u016bt\u0173 teis\u0117 gyventi \u0161alyje, ar pra\u0161ymas, ar studijos, ar nat\u016bralizacija. M\u016bs\u0173 paslauga skirta \u017emon\u0117ms, kurie jau moka kalb\u0105, bet neturi laiko ar galimybi\u0173 laikyti oficialaus egzamino.<\/p>\n<h3 data-start=\"860\" data-end=\"900\">\u2705 <strong data-start=\"866\" data-end=\"900\">J\u016bs\u0173 privalumai i\u0161 pirmo \u017evilgsnio:<\/strong><\/h3>\n<ul data-start=\"902\" data-end=\"1323\">\n<li data-start=\"902\" data-end=\"968\">\n<p data-start=\"904\" data-end=\"968\"><strong data-start=\"904\" data-end=\"941\">Pirkti B1 sertifikat\u0105 be egzamino<\/strong> - N\u0117ra testo, n\u0117ra rizikos<\/p>\n<\/li>\n<li data-start=\"969\" data-end=\"1050\">\n<p data-start=\"971\" data-end=\"1050\"><strong data-start=\"971\" data-end=\"1013\">Tikri dokumentai su autenti\u0161kumo po\u017eymiais<\/strong> - I\u0161 akredituot\u0173 kalb\u0173 centr\u0173<\/p>\n<\/li>\n<li data-start=\"1051\" data-end=\"1122\">\n<p data-start=\"1053\" data-end=\"1122\"><strong data-start=\"1053\" data-end=\"1078\">100 % teis\u0117tas ir diskreti\u0161kas<\/strong> - Saugus procesas su duomen\u0173 apsaugos garantija<\/p>\n<\/li>\n<li data-start=\"1123\" data-end=\"1171\">\n<p data-start=\"1125\" data-end=\"1171\"><strong data-start=\"1125\" data-end=\"1169\">Vald\u017eios institucij\u0173 ir \u012fstaig\u0173 pripa\u017einimas<\/strong><\/p>\n<\/li>\n<li data-start=\"1172\" data-end=\"1253\">\n<p data-start=\"1174\" data-end=\"1253\"><strong data-start=\"1174\" data-end=\"1200\">Pritaikymas<\/strong> - J\u016bs\u0173 vardas ir pavard\u0117, gimimo data, i\u0161davimo vieta ir data<\/p>\n<\/li>\n<li data-start=\"1254\" data-end=\"1323\">\n<p data-start=\"1256\" data-end=\"1323\"><strong data-start=\"1256\" data-end=\"1292\">Greitas apdorojimas ir pristatymas<\/strong> - Per kelias darbo dienas<\/p>\n<\/li>\n<\/ul>\n<p data-start=\"1325\" data-end=\"1555\">M\u016bs\u0173 B1 sertifikatai i\u0161duoti <strong data-start=\"1359\" data-end=\"1391\">sertifikuotos kalb\u0173 mokyklos<\/strong>, kurie bendradarbiauja su oficialiais testavimo centrais. Gausite dokument\u0105, kuriame <strong data-start=\"1474\" data-end=\"1500\">vizualiai ir turinio po\u017ei\u016briu.<\/strong> yra identi\u0161kas reguliariai \u012fsigytam sertifikatui.<\/p>\n<h3 data-start=\"1557\" data-end=\"1592\">\ud83c\udfaf <strong data-start=\"1564\" data-end=\"1592\">Kam jis tinka?<\/strong><\/h3>\n<ul data-start=\"1594\" data-end=\"1811\">\n<li data-start=\"1594\" data-end=\"1641\">\n<p data-start=\"1596\" data-end=\"1641\">Asmenys, jau mokantys vokie\u010di\u0173 kalb\u0105<\/p>\n<\/li>\n<li data-start=\"1642\" data-end=\"1673\">\n<p data-start=\"1644\" data-end=\"1673\">Parei\u0161k\u0117jai \u0161alyje ir u\u017esienyje<\/p>\n<\/li>\n<li data-start=\"1674\" data-end=\"1758\">\n<p data-start=\"1676\" data-end=\"1758\">Asmenys, kuriems reikia laiko (pvz., d\u0117l gyvenamosios vietos prat\u0119simo, \u0161eimos susijungimo ir pan.)<\/p>\n<\/li>\n<li data-start=\"1759\" data-end=\"1811\">\n<p data-start=\"1761\" data-end=\"1811\">Visi, kurie nori i\u0161vengti egzamin\u0173 streso.<\/p>\n<\/li>\n<\/ul>","protected":false},"excerpt":{"rendered":"<p>B1 Zertifikat kaufen ohne Pr\u00fcfung \u2013 Schnell, Legal &amp; Diskret M\u00f6chten Sie ein B1 Sprachzertifikat kaufen, ohne eine Pr\u00fcfung ablegen zu m\u00fcssen? Dann sind Sie bei uns genau richtig! Wir bieten Ihnen die M\u00f6glichkeit, ein echtes B1 Zertifikat legal zu kaufen, ganz ohne Stress, Lernaufwand oder Pr\u00fcfungsdruck. Ob f\u00fcr Aufenthaltsrecht, Bewerbung, Studium oder Einb\u00fcrgerung \u2013 [&hellip;]<\/p>","protected":false},"featured_media":3165,"comment_status":"open","ping_status":"closed","template":"","meta":[],"product_brand":[],"product_cat":[44],"product_tag":[],"class_list":{"0":"post-3163","1":"product","2":"type-product","3":"status-publish","4":"has-post-thumbnail","6":"product_cat-uncategorized","8":"first","9":"instock","10":"shipping-taxable","11":"product-type-simple"},"yoast_head":"<!-- This site is optimized with the Yoast SEO Premium plugin v22.2 (Yoast SEO v26.2) - https:\/\/yoast.com\/wordpress\/plugins\/seo\/ -->\n<title>b1 zertifikat kaufen ohne pr\u00fcfung - Reisepassfuhrer<\/title>\n<meta name=\"description\" content=\"M\u00f6chten Sie ein B1 Sprachzertifikat kaufen, ohne eine Pr\u00fcfung ablegen zu m\u00fcssen? Dann sind Sie bei uns genau richtig!\" \/>\n<meta name=\"robots\" content=\"noindex, follow, max-snippet:-1, max-image-preview:large, max-video-preview:-1\" \/>\n<meta property=\"og:locale\" content=\"lt_LT\" \/>\n<meta property=\"og:type\" content=\"article\" \/>\n<meta property=\"og:title\" content=\"b1 zertifikat kaufen ohne pr\u00fcfung\" \/>\n<meta property=\"og:description\" content=\"M\u00f6chten Sie ein B1 Sprachzertifikat kaufen, ohne eine Pr\u00fcfung ablegen zu m\u00fcssen? Dann sind Sie bei uns genau richtig!\" \/>\n<meta property=\"og:url\" content=\"https:\/\/reisepassfuhrer.com\/lt\/product\/pirkti-b1-sertifikata-be-patikrinimo\/\" \/>\n<meta property=\"og:site_name\" content=\"Reisepassfuhrer\" \/>\n<meta property=\"article:modified_time\" content=\"2025-08-26T12:49:12+00:00\" \/>\n<meta property=\"og:image\" content=\"http:\/\/reisepassfuhrer.com\/wp-content\/uploads\/2025\/08\/download-65.jpeg\" \/>\n\t<meta property=\"og:image:width\" content=\"318\" \/>\n\t<meta property=\"og:image:height\" content=\"159\" \/>\n\t<meta property=\"og:image:type\" content=\"image\/jpeg\" \/>\n<meta name=\"twitter:card\" content=\"summary_large_image\" \/>\n<meta name=\"twitter:label1\" content=\"Est. reading time\" \/>\n\t<meta name=\"twitter:data1\" content=\"2 minut\u0117s\" \/>\n<script type=\"application\/ld+json\" class=\"yoast-schema-graph\">{\"@context\":\"https:\/\/schema.org\",\"@graph\":[{\"@type\":\"WebPage\",\"@id\":\"https:\/\/reisepassfuhrer.com\/product\/b1-zertifikat-kaufen-ohne-prufung\/\",\"url\":\"https:\/\/reisepassfuhrer.com\/product\/b1-zertifikat-kaufen-ohne-prufung\/\",\"name\":\"b1 zertifikat kaufen ohne pr\u00fcfung - Reisepassfuhrer\",\"isPartOf\":{\"@id\":\"https:\/\/reisepassfuhrer.com\/#website\"},\"primaryImageOfPage\":{\"@id\":\"https:\/\/reisepassfuhrer.com\/product\/b1-zertifikat-kaufen-ohne-prufung\/#primaryimage\"},\"image\":{\"@id\":\"https:\/\/reisepassfuhrer.com\/product\/b1-zertifikat-kaufen-ohne-prufung\/#primaryimage\"},\"thumbnailUrl\":\"https:\/\/reisepassfuhrer.com\/wp-content\/uploads\/2025\/08\/download-65.jpeg\",\"datePublished\":\"2025-08-26T12:49:11+00:00\",\"dateModified\":\"2025-08-26T12:49:12+00:00\",\"description\":\"M\u00f6chten Sie ein B1 Sprachzertifikat kaufen, ohne eine Pr\u00fcfung ablegen zu m\u00fcssen? Dann sind Sie bei uns genau richtig!\",\"breadcrumb\":{\"@id\":\"https:\/\/reisepassfuhrer.com\/product\/b1-zertifikat-kaufen-ohne-prufung\/#breadcrumb\"},\"inLanguage\":\"lt-LT\",\"potentialAction\":[{\"@type\":\"ReadAction\",\"target\":[\"https:\/\/reisepassfuhrer.com\/product\/b1-zertifikat-kaufen-ohne-prufung\/\"]}]},{\"@type\":\"ImageObject\",\"inLanguage\":\"lt-LT\",\"@id\":\"https:\/\/reisepassfuhrer.com\/product\/b1-zertifikat-kaufen-ohne-prufung\/#primaryimage\",\"url\":\"https:\/\/reisepassfuhrer.com\/wp-content\/uploads\/2025\/08\/download-65.jpeg\",\"contentUrl\":\"https:\/\/reisepassfuhrer.com\/wp-content\/uploads\/2025\/08\/download-65.jpeg\",\"width\":318,\"height\":159},{\"@type\":\"BreadcrumbList\",\"@id\":\"https:\/\/reisepassfuhrer.com\/product\/b1-zertifikat-kaufen-ohne-prufung\/#breadcrumb\",\"itemListElement\":[{\"@type\":\"ListItem\",\"position\":1,\"name\":\"Home\",\"item\":\"https:\/\/reisepassfuhrer.com\/\"},{\"@type\":\"ListItem\",\"position\":2,\"name\":\"Shop\",\"item\":\"https:\/\/reisepassfuhrer.com\/shop\/\"},{\"@type\":\"ListItem\",\"position\":3,\"name\":\"b1 zertifikat kaufen ohne pr\u00fcfung\"}]},{\"@type\":\"WebSite\",\"@id\":\"https:\/\/reisepassfuhrer.com\/#website\",\"url\":\"https:\/\/reisepassfuhrer.com\/\",\"name\":\"Reisepassfuhrer\",\"description\":\"Reisepass Beantragen Berlin\",\"publisher\":{\"@id\":\"https:\/\/reisepassfuhrer.com\/#organization\"},\"potentialAction\":[{\"@type\":\"SearchAction\",\"target\":{\"@type\":\"EntryPoint\",\"urlTemplate\":\"https:\/\/reisepassfuhrer.com\/?s={search_term_string}\"},\"query-input\":{\"@type\":\"PropertyValueSpecification\",\"valueRequired\":true,\"valueName\":\"search_term_string\"}}],\"inLanguage\":\"lt-LT\"},{\"@type\":\"Organization\",\"@id\":\"https:\/\/reisepassfuhrer.com\/#organization\",\"name\":\"Reisepassfuhrer\",\"url\":\"https:\/\/reisepassfuhrer.com\/\",\"logo\":{\"@type\":\"ImageObject\",\"inLanguage\":\"lt-LT\",\"@id\":\"https:\/\/reisepassfuhrer.com\/#\/schema\/logo\/image\/\",\"url\":\"https:\/\/reisepassfuhrer.com\/wp-content\/uploads\/2024\/03\/Reisepassfuhrer-logo.png\",\"contentUrl\":\"https:\/\/reisepassfuhrer.com\/wp-content\/uploads\/2024\/03\/Reisepassfuhrer-logo.png\",\"width\":112,\"height\":112,\"caption\":\"Reisepassfuhrer\"},\"image\":{\"@id\":\"https:\/\/reisepassfuhrer.com\/#\/schema\/logo\/image\/\"}}]}<\/script>\n<!-- \/ Yoast SEO Premium plugin. -->","yoast_head_json":{"title":"pirkti b1 sertifikat\u0105 be egzamino - Reisepassfuhrer","description":"Ar nor\u0117tum\u0117te \u012fsigyti B1 kalbos sertifikat\u0105 nelaikydami egzamino? Tuomet patekote \u012f tinkam\u0105 viet\u0105!","robots":{"index":"noindex","follow":"follow","max-snippet":"max-snippet:-1","max-image-preview":"max-image-preview:large","max-video-preview":"max-video-preview:-1"},"og_locale":"lt_LT","og_type":"article","og_title":"b1 zertifikat kaufen ohne pr\u00fcfung","og_description":"M\u00f6chten Sie ein B1 Sprachzertifikat kaufen, ohne eine Pr\u00fcfung ablegen zu m\u00fcssen? Dann sind Sie bei uns genau richtig!","og_url":"https:\/\/reisepassfuhrer.com\/lt\/product\/pirkti-b1-sertifikata-be-patikrinimo\/","og_site_name":"Reisepassfuhrer","article_modified_time":"2025-08-26T12:49:12+00:00","og_image":[{"width":318,"height":159,"url":"http:\/\/reisepassfuhrer.com\/wp-content\/uploads\/2025\/08\/download-65.jpeg","type":"image\/jpeg"}],"twitter_card":"summary_large_image","twitter_misc":{"Est. reading time":"2 minut\u0117s"},"schema":{"@context":"https:\/\/schema.org","@graph":[{"@type":"WebPage","@id":"https:\/\/reisepassfuhrer.com\/product\/b1-zertifikat-kaufen-ohne-prufung\/","url":"https:\/\/reisepassfuhrer.com\/product\/b1-zertifikat-kaufen-ohne-prufung\/","name":"pirkti b1 sertifikat\u0105 be egzamino - Reisepassfuhrer","isPartOf":{"@id":"https:\/\/reisepassfuhrer.com\/#website"},"primaryImageOfPage":{"@id":"https:\/\/reisepassfuhrer.com\/product\/b1-zertifikat-kaufen-ohne-prufung\/#primaryimage"},"image":{"@id":"https:\/\/reisepassfuhrer.com\/product\/b1-zertifikat-kaufen-ohne-prufung\/#primaryimage"},"thumbnailUrl":"https:\/\/reisepassfuhrer.com\/wp-content\/uploads\/2025\/08\/download-65.jpeg","datePublished":"2025-08-26T12:49:11+00:00","dateModified":"2025-08-26T12:49:12+00:00","description":"Ar nor\u0117tum\u0117te \u012fsigyti B1 kalbos sertifikat\u0105 nelaikydami egzamino? Tuomet patekote \u012f tinkam\u0105 viet\u0105!","breadcrumb":{"@id":"https:\/\/reisepassfuhrer.com\/product\/b1-zertifikat-kaufen-ohne-prufung\/#breadcrumb"},"inLanguage":"lt-LT","potentialAction":[{"@type":"ReadAction","target":["https:\/\/reisepassfuhrer.com\/product\/b1-zertifikat-kaufen-ohne-prufung\/"]}]},{"@type":"ImageObject","inLanguage":"lt-LT","@id":"https:\/\/reisepassfuhrer.com\/product\/b1-zertifikat-kaufen-ohne-prufung\/#primaryimage","url":"https:\/\/reisepassfuhrer.com\/wp-content\/uploads\/2025\/08\/download-65.jpeg","contentUrl":"https:\/\/reisepassfuhrer.com\/wp-content\/uploads\/2025\/08\/download-65.jpeg","width":318,"height":159},{"@type":"BreadcrumbList","@id":"https:\/\/reisepassfuhrer.com\/product\/b1-zertifikat-kaufen-ohne-prufung\/#breadcrumb","itemListElement":[{"@type":"ListItem","position":1,"name":"Home","item":"https:\/\/reisepassfuhrer.com\/"},{"@type":"ListItem","position":2,"name":"Shop","item":"https:\/\/reisepassfuhrer.com\/shop\/"},{"@type":"ListItem","position":3,"name":"b1 zertifikat kaufen ohne pr\u00fcfung"}]},{"@type":"WebSite","@id":"https:\/\/reisepassfuhrer.com\/#website","url":"https:\/\/reisepassfuhrer.com\/","name":"Paso vadovas","description":"Pra\u0161ymas i\u0161duoti pas\u0105 Berlyne","publisher":{"@id":"https:\/\/reisepassfuhrer.com\/#organization"},"potentialAction":[{"@type":"SearchAction","target":{"@type":"EntryPoint","urlTemplate":"https:\/\/reisepassfuhrer.com\/?s={search_term_string}"},"query-input":{"@type":"PropertyValueSpecification","valueRequired":true,"valueName":"search_term_string"}}],"inLanguage":"lt-LT"},{"@type":"Organization","@id":"https:\/\/reisepassfuhrer.com\/#organization","name":"Paso vadovas","url":"https:\/\/reisepassfuhrer.com\/","logo":{"@type":"ImageObject","inLanguage":"lt-LT","@id":"https:\/\/reisepassfuhrer.com\/#\/schema\/logo\/image\/","url":"https:\/\/reisepassfuhrer.com\/wp-content\/uploads\/2024\/03\/Reisepassfuhrer-logo.png","contentUrl":"https:\/\/reisepassfuhrer.com\/wp-content\/uploads\/2024\/03\/Reisepassfuhrer-logo.png","width":112,"height":112,"caption":"Reisepassfuhrer"},"image":{"@id":"https:\/\/reisepassfuhrer.com\/#\/schema\/logo\/image\/"}}]}},"_links":{"self":[{"href":"https:\/\/reisepassfuhrer.com\/lt\/wp-json\/wp\/v2\/product\/3163","targetHints":{"allow":["GET"]}}],"collection":[{"href":"https:\/\/reisepassfuhrer.com\/lt\/wp-json\/wp\/v2\/product"}],"about":[{"href":"https:\/\/reisepassfuhrer.com\/lt\/wp-json\/wp\/v2\/types\/product"}],"replies":[{"embeddable":true,"href":"https:\/\/reisepassfuhrer.com\/lt\/wp-json\/wp\/v2\/comments?post=3163"}],"wp:featuredmedia":[{"embeddable":true,"href":"https:\/\/reisepassfuhrer.com\/lt\/wp-json\/wp\/v2\/media\/3165"}],"wp:attachment":[{"href":"https:\/\/reisepassfuhrer.com\/lt\/wp-json\/wp\/v2\/media?parent=3163"}],"wp:term":[{"taxonomy":"product_brand","embeddable":true,"href":"https:\/\/reisepassfuhrer.com\/lt\/wp-json\/wp\/v2\/product_brand?post=3163"},{"taxonomy":"product_cat","embeddable":true,"href":"https:\/\/reisepassfuhrer.com\/lt\/wp-json\/wp\/v2\/product_cat?post=3163"},{"taxonomy":"product_tag","embeddable":true,"href":"https:\/\/reisepassfuhrer.com\/lt\/wp-json\/wp\/v2\/product_tag?post=3163"}],"curies":[{"name":"wp","href":"https:\/\/api.w.org\/{rel}","templated":true}]}}