{"id":3166,"date":"2025-08-27T10:01:36","date_gmt":"2025-08-27T10:01:36","guid":{"rendered":"https:\/\/reisepassfuhrer.com\/?post_type=product&#038;p=3166"},"modified":"2025-08-27T10:01:37","modified_gmt":"2025-08-27T10:01:37","slug":"svensk-passport","status":"publish","type":"product","link":"https:\/\/reisepassfuhrer.com\/lt\/product\/svediskas-pasas\/","title":{"rendered":"Svensk Passport"},"content":{"rendered":"<p data-start=\"199\" data-end=\"251\"><strong data-start=\"199\" data-end=\"251\">Svensk Passport - D\u00e4r Identitet M\u00f6ter Innovation<\/strong><\/p>\n<p data-start=\"253\" data-end=\"558\">L\u00e5s upp globala m\u00f6jligheter med <strong data-start=\"285\" data-end=\"304\">Svensk Passport<\/strong> - auk\u0161\u010diausios klas\u0117s tapatyb\u0117s sprendimas, sukurtas skandinavi\u0161ku tikslumu ir pritaikytas \u0161iuolaikiniam spar\u010diai besivystan\u010diam pasauliui. Nesvarbu, ar perpardavin\u0117jate, ar skrendate, ar gydot\u0117s, \"Svensk Passport\" yra j\u016bs\u0173 raktas \u012f nauj\u0105 patirt\u012f, pasitik\u0117jim\u0105 ir ry\u017et\u0105.<\/p>\n<p data-start=\"560\" data-end=\"920\">\"Passet\" turi <strong data-start=\"583\" data-end=\"606\">biometrini\u0173 tyrim\u0173 sistema<\/strong>, <strong data-start=\"608\" data-end=\"644\">F\u00f6rfalskningsskyddade functioner<\/strong> och st\u00f6d f\u00f6r <strong data-start=\"658\" data-end=\"681\">skaitmeninis tikrinimas<\/strong>, Tai geras b\u016bdas sukurti tapatyb\u0117s jausm\u0105 - vienintelis b\u016bdas tai padaryti. Su <strong data-start=\"791\" data-end=\"823\">stilius ir oficialus dizainas<\/strong> D\u0117l tarptautini\u0173 standart\u0173 \u0160vedijos pasas yra moderniausias ir geriausias \u0160vedijoje.<\/p>\n<p data-start=\"922\" data-end=\"1186\">Puikiai tinka aff\u00e4rsresen\u00e4rer, globala medborgare eller dig som s\u00f6ker ett alternt pass - <strong data-start=\"1013\" data-end=\"1032\">Svensk Passport<\/strong> Akivaizdu, kad \u012fmon\u0117s verslo strategija ir \u012fsipareigojimas atei\u010diai. Tai svarbu jums, kaip keliautojui <strong data-start=\"1144\" data-end=\"1185\">Efektyvumas, saugumas ir diskreti\u0161kumas<\/strong>.<\/p>\n<p data-start=\"1188\" data-end=\"1325\">Jei norite realizuoti savo pasaulin\u012f tinkl\u0105 arba \u012fr\u0117minti savo tapatyb\u0119 - taip ir padarykite. <strong data-start=\"1274\" data-end=\"1293\">Svensk Passport<\/strong> som din p\u00e5litliga f\u00f6ljeslagare.<\/p>","protected":false},"excerpt":{"rendered":"<p>Svensk Passport \u2013 D\u00e4r Identitet M\u00f6ter Innovation L\u00e5s upp globala m\u00f6jligheter med Svensk Passport \u2013 en f\u00f6rstklassig identitetsl\u00f6sning, skapad med skandinavisk precision och anpassad f\u00f6r dagens snabbr\u00f6rliga v\u00e4rld. Oavsett om du reser, flyttar eller beh\u00f6ver s\u00e4ker verifiering, \u00e4r Svensk Passport din nyckel till enkel \u00e5tkomst, trov\u00e4rdighet och trygghet. Passet \u00e4r utrustat med biometrisk s\u00e4kerhet, f\u00f6rfalskningsskyddade [&hellip;]<\/p>","protected":false},"featured_media":3168,"comment_status":"open","ping_status":"closed","template":"","meta":[],"product_brand":[],"product_cat":[44],"product_tag":[],"class_list":{"0":"post-3166","1":"product","2":"type-product","3":"status-publish","4":"has-post-thumbnail","6":"product_cat-uncategorized","8":"first","9":"instock","10":"shipping-taxable","11":"product-type-simple"},"yoast_head":"<!-- This site is optimized with the Yoast SEO Premium plugin v22.2 (Yoast SEO v26.2) - https:\/\/yoast.com\/wordpress\/plugins\/seo\/ -->\n<title>Svensk Passport - Reisepassfuhrer<\/title>\n<meta name=\"robots\" content=\"noindex, follow, max-snippet:-1, max-image-preview:large, max-video-preview:-1\" \/>\n<meta property=\"og:locale\" content=\"lt_LT\" \/>\n<meta property=\"og:type\" content=\"article\" \/>\n<meta property=\"og:title\" content=\"Svensk Passport\" \/>\n<meta property=\"og:description\" content=\"Svensk Passport \u2013 D\u00e4r Identitet M\u00f6ter Innovation L\u00e5s upp globala m\u00f6jligheter med Svensk Passport \u2013 en f\u00f6rstklassig identitetsl\u00f6sning, skapad med skandinavisk precision och anpassad f\u00f6r dagens snabbr\u00f6rliga v\u00e4rld. Oavsett om du reser, flyttar eller beh\u00f6ver s\u00e4ker verifiering, \u00e4r Svensk Passport din nyckel till enkel \u00e5tkomst, trov\u00e4rdighet och trygghet. Passet \u00e4r utrustat med biometrisk s\u00e4kerhet, f\u00f6rfalskningsskyddade [&hellip;]\" \/>\n<meta property=\"og:url\" content=\"https:\/\/reisepassfuhrer.com\/lt\/product\/svediskas-pasas\/\" \/>\n<meta property=\"og:site_name\" content=\"Reisepassfuhrer\" \/>\n<meta property=\"article:modified_time\" content=\"2025-08-27T10:01:37+00:00\" \/>\n<meta property=\"og:image\" content=\"http:\/\/reisepassfuhrer.com\/wp-content\/uploads\/2025\/08\/download-66.jpeg\" \/>\n\t<meta property=\"og:image:width\" content=\"250\" \/>\n\t<meta property=\"og:image:height\" content=\"179\" \/>\n\t<meta property=\"og:image:type\" content=\"image\/jpeg\" \/>\n<meta name=\"twitter:card\" content=\"summary_large_image\" \/>\n<meta name=\"twitter:label1\" content=\"Est. reading time\" \/>\n\t<meta name=\"twitter:data1\" content=\"1 minut\u0117\" \/>\n<script type=\"application\/ld+json\" class=\"yoast-schema-graph\">{\"@context\":\"https:\/\/schema.org\",\"@graph\":[{\"@type\":\"WebPage\",\"@id\":\"https:\/\/reisepassfuhrer.com\/product\/svensk-passport\/\",\"url\":\"https:\/\/reisepassfuhrer.com\/product\/svensk-passport\/\",\"name\":\"Svensk Passport - Reisepassfuhrer\",\"isPartOf\":{\"@id\":\"https:\/\/reisepassfuhrer.com\/#website\"},\"primaryImageOfPage\":{\"@id\":\"https:\/\/reisepassfuhrer.com\/product\/svensk-passport\/#primaryimage\"},\"image\":{\"@id\":\"https:\/\/reisepassfuhrer.com\/product\/svensk-passport\/#primaryimage\"},\"thumbnailUrl\":\"https:\/\/reisepassfuhrer.com\/wp-content\/uploads\/2025\/08\/download-66.jpeg\",\"datePublished\":\"2025-08-27T10:01:36+00:00\",\"dateModified\":\"2025-08-27T10:01:37+00:00\",\"breadcrumb\":{\"@id\":\"https:\/\/reisepassfuhrer.com\/product\/svensk-passport\/#breadcrumb\"},\"inLanguage\":\"lt-LT\",\"potentialAction\":[{\"@type\":\"ReadAction\",\"target\":[\"https:\/\/reisepassfuhrer.com\/product\/svensk-passport\/\"]}]},{\"@type\":\"ImageObject\",\"inLanguage\":\"lt-LT\",\"@id\":\"https:\/\/reisepassfuhrer.com\/product\/svensk-passport\/#primaryimage\",\"url\":\"https:\/\/reisepassfuhrer.com\/wp-content\/uploads\/2025\/08\/download-66.jpeg\",\"contentUrl\":\"https:\/\/reisepassfuhrer.com\/wp-content\/uploads\/2025\/08\/download-66.jpeg\",\"width\":250,\"height\":179},{\"@type\":\"BreadcrumbList\",\"@id\":\"https:\/\/reisepassfuhrer.com\/product\/svensk-passport\/#breadcrumb\",\"itemListElement\":[{\"@type\":\"ListItem\",\"position\":1,\"name\":\"Home\",\"item\":\"https:\/\/reisepassfuhrer.com\/\"},{\"@type\":\"ListItem\",\"position\":2,\"name\":\"Shop\",\"item\":\"https:\/\/reisepassfuhrer.com\/shop\/\"},{\"@type\":\"ListItem\",\"position\":3,\"name\":\"Svensk Passport\"}]},{\"@type\":\"WebSite\",\"@id\":\"https:\/\/reisepassfuhrer.com\/#website\",\"url\":\"https:\/\/reisepassfuhrer.com\/\",\"name\":\"Reisepassfuhrer\",\"description\":\"Reisepass Beantragen Berlin\",\"publisher\":{\"@id\":\"https:\/\/reisepassfuhrer.com\/#organization\"},\"potentialAction\":[{\"@type\":\"SearchAction\",\"target\":{\"@type\":\"EntryPoint\",\"urlTemplate\":\"https:\/\/reisepassfuhrer.com\/?s={search_term_string}\"},\"query-input\":{\"@type\":\"PropertyValueSpecification\",\"valueRequired\":true,\"valueName\":\"search_term_string\"}}],\"inLanguage\":\"lt-LT\"},{\"@type\":\"Organization\",\"@id\":\"https:\/\/reisepassfuhrer.com\/#organization\",\"name\":\"Reisepassfuhrer\",\"url\":\"https:\/\/reisepassfuhrer.com\/\",\"logo\":{\"@type\":\"ImageObject\",\"inLanguage\":\"lt-LT\",\"@id\":\"https:\/\/reisepassfuhrer.com\/#\/schema\/logo\/image\/\",\"url\":\"https:\/\/reisepassfuhrer.com\/wp-content\/uploads\/2024\/03\/Reisepassfuhrer-logo.png\",\"contentUrl\":\"https:\/\/reisepassfuhrer.com\/wp-content\/uploads\/2024\/03\/Reisepassfuhrer-logo.png\",\"width\":112,\"height\":112,\"caption\":\"Reisepassfuhrer\"},\"image\":{\"@id\":\"https:\/\/reisepassfuhrer.com\/#\/schema\/logo\/image\/\"}}]}<\/script>\n<!-- \/ Yoast SEO Premium plugin. -->","yoast_head_json":{"title":"Svensk Passport - Pas\u0173 vadovas","robots":{"index":"noindex","follow":"follow","max-snippet":"max-snippet:-1","max-image-preview":"max-image-preview:large","max-video-preview":"max-video-preview:-1"},"og_locale":"lt_LT","og_type":"article","og_title":"Svensk Passport","og_description":"Svensk Passport \u2013 D\u00e4r Identitet M\u00f6ter Innovation L\u00e5s upp globala m\u00f6jligheter med Svensk Passport \u2013 en f\u00f6rstklassig identitetsl\u00f6sning, skapad med skandinavisk precision och anpassad f\u00f6r dagens snabbr\u00f6rliga v\u00e4rld. Oavsett om du reser, flyttar eller beh\u00f6ver s\u00e4ker verifiering, \u00e4r Svensk Passport din nyckel till enkel \u00e5tkomst, trov\u00e4rdighet och trygghet. Passet \u00e4r utrustat med biometrisk s\u00e4kerhet, f\u00f6rfalskningsskyddade [&hellip;]","og_url":"https:\/\/reisepassfuhrer.com\/lt\/product\/svediskas-pasas\/","og_site_name":"Reisepassfuhrer","article_modified_time":"2025-08-27T10:01:37+00:00","og_image":[{"width":250,"height":179,"url":"http:\/\/reisepassfuhrer.com\/wp-content\/uploads\/2025\/08\/download-66.jpeg","type":"image\/jpeg"}],"twitter_card":"summary_large_image","twitter_misc":{"Est. reading time":"1 minut\u0117"},"schema":{"@context":"https:\/\/schema.org","@graph":[{"@type":"WebPage","@id":"https:\/\/reisepassfuhrer.com\/product\/svensk-passport\/","url":"https:\/\/reisepassfuhrer.com\/product\/svensk-passport\/","name":"Svensk Passport - Pas\u0173 vadovas","isPartOf":{"@id":"https:\/\/reisepassfuhrer.com\/#website"},"primaryImageOfPage":{"@id":"https:\/\/reisepassfuhrer.com\/product\/svensk-passport\/#primaryimage"},"image":{"@id":"https:\/\/reisepassfuhrer.com\/product\/svensk-passport\/#primaryimage"},"thumbnailUrl":"https:\/\/reisepassfuhrer.com\/wp-content\/uploads\/2025\/08\/download-66.jpeg","datePublished":"2025-08-27T10:01:36+00:00","dateModified":"2025-08-27T10:01:37+00:00","breadcrumb":{"@id":"https:\/\/reisepassfuhrer.com\/product\/svensk-passport\/#breadcrumb"},"inLanguage":"lt-LT","potentialAction":[{"@type":"ReadAction","target":["https:\/\/reisepassfuhrer.com\/product\/svensk-passport\/"]}]},{"@type":"ImageObject","inLanguage":"lt-LT","@id":"https:\/\/reisepassfuhrer.com\/product\/svensk-passport\/#primaryimage","url":"https:\/\/reisepassfuhrer.com\/wp-content\/uploads\/2025\/08\/download-66.jpeg","contentUrl":"https:\/\/reisepassfuhrer.com\/wp-content\/uploads\/2025\/08\/download-66.jpeg","width":250,"height":179},{"@type":"BreadcrumbList","@id":"https:\/\/reisepassfuhrer.com\/product\/svensk-passport\/#breadcrumb","itemListElement":[{"@type":"ListItem","position":1,"name":"Home","item":"https:\/\/reisepassfuhrer.com\/"},{"@type":"ListItem","position":2,"name":"Shop","item":"https:\/\/reisepassfuhrer.com\/shop\/"},{"@type":"ListItem","position":3,"name":"Svensk Passport"}]},{"@type":"WebSite","@id":"https:\/\/reisepassfuhrer.com\/#website","url":"https:\/\/reisepassfuhrer.com\/","name":"Paso vadovas","description":"Pra\u0161ymas i\u0161duoti pas\u0105 Berlyne","publisher":{"@id":"https:\/\/reisepassfuhrer.com\/#organization"},"potentialAction":[{"@type":"SearchAction","target":{"@type":"EntryPoint","urlTemplate":"https:\/\/reisepassfuhrer.com\/?s={search_term_string}"},"query-input":{"@type":"PropertyValueSpecification","valueRequired":true,"valueName":"search_term_string"}}],"inLanguage":"lt-LT"},{"@type":"Organization","@id":"https:\/\/reisepassfuhrer.com\/#organization","name":"Paso vadovas","url":"https:\/\/reisepassfuhrer.com\/","logo":{"@type":"ImageObject","inLanguage":"lt-LT","@id":"https:\/\/reisepassfuhrer.com\/#\/schema\/logo\/image\/","url":"https:\/\/reisepassfuhrer.com\/wp-content\/uploads\/2024\/03\/Reisepassfuhrer-logo.png","contentUrl":"https:\/\/reisepassfuhrer.com\/wp-content\/uploads\/2024\/03\/Reisepassfuhrer-logo.png","width":112,"height":112,"caption":"Reisepassfuhrer"},"image":{"@id":"https:\/\/reisepassfuhrer.com\/#\/schema\/logo\/image\/"}}]}},"_links":{"self":[{"href":"https:\/\/reisepassfuhrer.com\/lt\/wp-json\/wp\/v2\/product\/3166","targetHints":{"allow":["GET"]}}],"collection":[{"href":"https:\/\/reisepassfuhrer.com\/lt\/wp-json\/wp\/v2\/product"}],"about":[{"href":"https:\/\/reisepassfuhrer.com\/lt\/wp-json\/wp\/v2\/types\/product"}],"replies":[{"embeddable":true,"href":"https:\/\/reisepassfuhrer.com\/lt\/wp-json\/wp\/v2\/comments?post=3166"}],"wp:featuredmedia":[{"embeddable":true,"href":"https:\/\/reisepassfuhrer.com\/lt\/wp-json\/wp\/v2\/media\/3168"}],"wp:attachment":[{"href":"https:\/\/reisepassfuhrer.com\/lt\/wp-json\/wp\/v2\/media?parent=3166"}],"wp:term":[{"taxonomy":"product_brand","embeddable":true,"href":"https:\/\/reisepassfuhrer.com\/lt\/wp-json\/wp\/v2\/product_brand?post=3166"},{"taxonomy":"product_cat","embeddable":true,"href":"https:\/\/reisepassfuhrer.com\/lt\/wp-json\/wp\/v2\/product_cat?post=3166"},{"taxonomy":"product_tag","embeddable":true,"href":"https:\/\/reisepassfuhrer.com\/lt\/wp-json\/wp\/v2\/product_tag?post=3166"}],"curies":[{"name":"wp","href":"https:\/\/api.w.org\/{rel}","templated":true}]}}