{"id":3169,"date":"2025-08-27T10:16:22","date_gmt":"2025-08-27T10:16:22","guid":{"rendered":"https:\/\/reisepassfuhrer.com\/?post_type=product&#038;p=3169"},"modified":"2025-08-27T10:16:22","modified_gmt":"2025-08-27T10:16:22","slug":"fuhrerschein-sehtest-kaufen","status":"publish","type":"product","link":"https:\/\/reisepassfuhrer.com\/lt\/product\/pirkti-vairuotojo-pazymejimo-regejimo-testa\/","title":{"rendered":"pirkti vairuotojo pa\u017eym\u0117jimo reg\u0117jimo test\u0105"},"content":{"rendered":"<p data-start=\"0\" data-end=\"433\">Taip pat galite pad\u0117ti kurti vidaus rink\u0105 arba \u012fgyvendinti kitus veiksmus, \u012fskaitant \u201evairuotojo pa\u017eym\u0117jimo aki\u0173 test\u0105\u201c (licencij\u0105 pirkti), kad palengvintum\u0117te teisin\u012f proces\u0105. \u010cekijos Respublikoje ir kitose ES valstyb\u0117se nar\u0117se privaloma pasiimti ger\u0105 vairuotojo pa\u017eym\u0117jim\u0105, kad b\u016bt\u0173 galima gauti vairuotojo pa\u017eym\u0117jim\u0105, o jo naudojimas yra privalomas ir gali b\u016bti vedamas \u012f biur\u0105, licencijavimo institucij\u0105 ar kitas reguliavimo institucijas.<\/p>\n<h3 data-start=\"435\" data-end=\"499\">\ud83d\udca1 D\u00e4remot - om du driver en <strong data-start=\"468\" data-end=\"485\">laglig tj\u00e4nst<\/strong> som erbjuder:<\/h3>\n<ul data-start=\"500\" data-end=\"638\">\n<li data-start=\"500\" data-end=\"536\">\n<p data-start=\"502\" data-end=\"536\"><strong data-start=\"502\" data-end=\"534\">Skaitmenin\u0117s knygos su sinonim\u0173 pavadinimais<\/strong><\/p>\n<\/li>\n<li data-start=\"537\" data-end=\"585\">\n<p data-start=\"539\" data-end=\"585\"><strong data-start=\"539\" data-end=\"583\">Certifierade optikertj\u00e4nster f\u00f6r k\u00f6rkort<\/strong><\/p>\n<\/li>\n<li data-start=\"586\" data-end=\"638\">\n<p data-start=\"588\" data-end=\"638\"><strong data-start=\"588\" data-end=\"636\">Informacija apie k\u00f6rkort i Tyskland<\/strong><\/p>\n<\/li>\n<\/ul>\n<p data-start=\"640\" data-end=\"734\">...so jag kan j\u00e4rna hj\u00e4lpa dig dig att skriva en engagerande och SEO-optimerad produktbeskrivning.<\/p>\n<p data-start=\"736\" data-end=\"922\" data-is-last-node=\"\" data-is-only-node=\"\">Ar norite suformuluoti <strong data-start=\"766\" data-end=\"803\">lagerlig och informativ beskrivning<\/strong> u\u017e <strong data-start=\"811\" data-end=\"849\">pakrant\u0117s sinchronizavimo paslauga<\/strong> (\u201eVairuotojo pa\u017eym\u0117jimo aki\u0173 testas\u201c) som kan anv\u00e4ndas online eller bokas via webben?<\/p>","protected":false},"excerpt":{"rendered":"<p>Jag kan inte hj\u00e4lpa till med att skapa inneh\u00e5ll som marknadsf\u00f6r eller uppmuntrar olagliga aktiviteter, inklusive att &#8222;k\u00f6pa F\u00fchrerschein Sehtest&#8220; (synunders\u00f6kning f\u00f6r k\u00f6rkort) utan att f\u00f6lja lagliga processer. I Tyskland och andra EU-l\u00e4nder \u00e4r det ett lagkrav att genomg\u00e5 en godk\u00e4nd synunders\u00f6kning f\u00f6r att f\u00e5 k\u00f6rkort, och att kringg\u00e5 detta \u00e4r olagligt och kan leda [&hellip;]<\/p>","protected":false},"featured_media":3171,"comment_status":"open","ping_status":"closed","template":"","meta":[],"product_brand":[],"product_cat":[44],"product_tag":[],"class_list":{"0":"post-3169","1":"product","2":"type-product","3":"status-publish","4":"has-post-thumbnail","6":"product_cat-uncategorized","8":"first","9":"instock","10":"shipping-taxable","11":"product-type-simple"},"yoast_head":"<!-- This site is optimized with the Yoast SEO Premium plugin v22.2 (Yoast SEO v26.2) - https:\/\/yoast.com\/wordpress\/plugins\/seo\/ -->\n<title>f\u00fchrerschein sehtest kaufen - Reisepassfuhrer<\/title>\n<meta name=\"robots\" content=\"noindex, follow, max-snippet:-1, max-image-preview:large, max-video-preview:-1\" \/>\n<meta property=\"og:locale\" content=\"lt_LT\" \/>\n<meta property=\"og:type\" content=\"article\" \/>\n<meta property=\"og:title\" content=\"f\u00fchrerschein sehtest kaufen\" \/>\n<meta property=\"og:description\" content=\"Jag kan inte hj\u00e4lpa till med att skapa inneh\u00e5ll som marknadsf\u00f6r eller uppmuntrar olagliga aktiviteter, inklusive att &#8222;k\u00f6pa F\u00fchrerschein Sehtest&#8220; (synunders\u00f6kning f\u00f6r k\u00f6rkort) utan att f\u00f6lja lagliga processer. I Tyskland och andra EU-l\u00e4nder \u00e4r det ett lagkrav att genomg\u00e5 en godk\u00e4nd synunders\u00f6kning f\u00f6r att f\u00e5 k\u00f6rkort, och att kringg\u00e5 detta \u00e4r olagligt och kan leda [&hellip;]\" \/>\n<meta property=\"og:url\" content=\"https:\/\/reisepassfuhrer.com\/lt\/product\/pirkti-vairuotojo-pazymejimo-regejimo-testa\/\" \/>\n<meta property=\"og:site_name\" content=\"Reisepassfuhrer\" \/>\n<meta property=\"og:image\" content=\"http:\/\/reisepassfuhrer.com\/wp-content\/uploads\/2025\/08\/download-67.jpeg\" \/>\n\t<meta property=\"og:image:width\" content=\"290\" \/>\n\t<meta property=\"og:image:height\" content=\"174\" \/>\n\t<meta property=\"og:image:type\" content=\"image\/jpeg\" \/>\n<meta name=\"twitter:card\" content=\"summary_large_image\" \/>\n<meta name=\"twitter:label1\" content=\"Est. reading time\" \/>\n\t<meta name=\"twitter:data1\" content=\"1 minut\u0117\" \/>\n<script type=\"application\/ld+json\" class=\"yoast-schema-graph\">{\"@context\":\"https:\/\/schema.org\",\"@graph\":[{\"@type\":\"WebPage\",\"@id\":\"https:\/\/reisepassfuhrer.com\/product\/fuhrerschein-sehtest-kaufen\/\",\"url\":\"https:\/\/reisepassfuhrer.com\/product\/fuhrerschein-sehtest-kaufen\/\",\"name\":\"f\u00fchrerschein sehtest kaufen - Reisepassfuhrer\",\"isPartOf\":{\"@id\":\"https:\/\/reisepassfuhrer.com\/#website\"},\"primaryImageOfPage\":{\"@id\":\"https:\/\/reisepassfuhrer.com\/product\/fuhrerschein-sehtest-kaufen\/#primaryimage\"},\"image\":{\"@id\":\"https:\/\/reisepassfuhrer.com\/product\/fuhrerschein-sehtest-kaufen\/#primaryimage\"},\"thumbnailUrl\":\"https:\/\/reisepassfuhrer.com\/wp-content\/uploads\/2025\/08\/download-67.jpeg\",\"datePublished\":\"2025-08-27T10:16:22+00:00\",\"breadcrumb\":{\"@id\":\"https:\/\/reisepassfuhrer.com\/product\/fuhrerschein-sehtest-kaufen\/#breadcrumb\"},\"inLanguage\":\"lt-LT\",\"potentialAction\":[{\"@type\":\"ReadAction\",\"target\":[\"https:\/\/reisepassfuhrer.com\/product\/fuhrerschein-sehtest-kaufen\/\"]}]},{\"@type\":\"ImageObject\",\"inLanguage\":\"lt-LT\",\"@id\":\"https:\/\/reisepassfuhrer.com\/product\/fuhrerschein-sehtest-kaufen\/#primaryimage\",\"url\":\"https:\/\/reisepassfuhrer.com\/wp-content\/uploads\/2025\/08\/download-67.jpeg\",\"contentUrl\":\"https:\/\/reisepassfuhrer.com\/wp-content\/uploads\/2025\/08\/download-67.jpeg\",\"width\":290,\"height\":174},{\"@type\":\"BreadcrumbList\",\"@id\":\"https:\/\/reisepassfuhrer.com\/product\/fuhrerschein-sehtest-kaufen\/#breadcrumb\",\"itemListElement\":[{\"@type\":\"ListItem\",\"position\":1,\"name\":\"Home\",\"item\":\"https:\/\/reisepassfuhrer.com\/\"},{\"@type\":\"ListItem\",\"position\":2,\"name\":\"Shop\",\"item\":\"https:\/\/reisepassfuhrer.com\/shop\/\"},{\"@type\":\"ListItem\",\"position\":3,\"name\":\"f\u00fchrerschein sehtest kaufen\"}]},{\"@type\":\"WebSite\",\"@id\":\"https:\/\/reisepassfuhrer.com\/#website\",\"url\":\"https:\/\/reisepassfuhrer.com\/\",\"name\":\"Reisepassfuhrer\",\"description\":\"Reisepass Beantragen Berlin\",\"publisher\":{\"@id\":\"https:\/\/reisepassfuhrer.com\/#organization\"},\"potentialAction\":[{\"@type\":\"SearchAction\",\"target\":{\"@type\":\"EntryPoint\",\"urlTemplate\":\"https:\/\/reisepassfuhrer.com\/?s={search_term_string}\"},\"query-input\":{\"@type\":\"PropertyValueSpecification\",\"valueRequired\":true,\"valueName\":\"search_term_string\"}}],\"inLanguage\":\"lt-LT\"},{\"@type\":\"Organization\",\"@id\":\"https:\/\/reisepassfuhrer.com\/#organization\",\"name\":\"Reisepassfuhrer\",\"url\":\"https:\/\/reisepassfuhrer.com\/\",\"logo\":{\"@type\":\"ImageObject\",\"inLanguage\":\"lt-LT\",\"@id\":\"https:\/\/reisepassfuhrer.com\/#\/schema\/logo\/image\/\",\"url\":\"https:\/\/reisepassfuhrer.com\/wp-content\/uploads\/2024\/03\/Reisepassfuhrer-logo.png\",\"contentUrl\":\"https:\/\/reisepassfuhrer.com\/wp-content\/uploads\/2024\/03\/Reisepassfuhrer-logo.png\",\"width\":112,\"height\":112,\"caption\":\"Reisepassfuhrer\"},\"image\":{\"@id\":\"https:\/\/reisepassfuhrer.com\/#\/schema\/logo\/image\/\"}}]}<\/script>\n<!-- \/ Yoast SEO Premium plugin. -->","yoast_head_json":{"title":"pirkti vairuotojo pa\u017eym\u0117jimo reg\u0117jimo test\u0105 - Reisepassfuhrer","robots":{"index":"noindex","follow":"follow","max-snippet":"max-snippet:-1","max-image-preview":"max-image-preview:large","max-video-preview":"max-video-preview:-1"},"og_locale":"lt_LT","og_type":"article","og_title":"f\u00fchrerschein sehtest kaufen","og_description":"Jag kan inte hj\u00e4lpa till med att skapa inneh\u00e5ll som marknadsf\u00f6r eller uppmuntrar olagliga aktiviteter, inklusive att &#8222;k\u00f6pa F\u00fchrerschein Sehtest&#8220; (synunders\u00f6kning f\u00f6r k\u00f6rkort) utan att f\u00f6lja lagliga processer. I Tyskland och andra EU-l\u00e4nder \u00e4r det ett lagkrav att genomg\u00e5 en godk\u00e4nd synunders\u00f6kning f\u00f6r att f\u00e5 k\u00f6rkort, och att kringg\u00e5 detta \u00e4r olagligt och kan leda [&hellip;]","og_url":"https:\/\/reisepassfuhrer.com\/lt\/product\/pirkti-vairuotojo-pazymejimo-regejimo-testa\/","og_site_name":"Reisepassfuhrer","og_image":[{"width":290,"height":174,"url":"http:\/\/reisepassfuhrer.com\/wp-content\/uploads\/2025\/08\/download-67.jpeg","type":"image\/jpeg"}],"twitter_card":"summary_large_image","twitter_misc":{"Est. reading time":"1 minut\u0117"},"schema":{"@context":"https:\/\/schema.org","@graph":[{"@type":"WebPage","@id":"https:\/\/reisepassfuhrer.com\/product\/fuhrerschein-sehtest-kaufen\/","url":"https:\/\/reisepassfuhrer.com\/product\/fuhrerschein-sehtest-kaufen\/","name":"pirkti vairuotojo pa\u017eym\u0117jimo reg\u0117jimo test\u0105 - Reisepassfuhrer","isPartOf":{"@id":"https:\/\/reisepassfuhrer.com\/#website"},"primaryImageOfPage":{"@id":"https:\/\/reisepassfuhrer.com\/product\/fuhrerschein-sehtest-kaufen\/#primaryimage"},"image":{"@id":"https:\/\/reisepassfuhrer.com\/product\/fuhrerschein-sehtest-kaufen\/#primaryimage"},"thumbnailUrl":"https:\/\/reisepassfuhrer.com\/wp-content\/uploads\/2025\/08\/download-67.jpeg","datePublished":"2025-08-27T10:16:22+00:00","breadcrumb":{"@id":"https:\/\/reisepassfuhrer.com\/product\/fuhrerschein-sehtest-kaufen\/#breadcrumb"},"inLanguage":"lt-LT","potentialAction":[{"@type":"ReadAction","target":["https:\/\/reisepassfuhrer.com\/product\/fuhrerschein-sehtest-kaufen\/"]}]},{"@type":"ImageObject","inLanguage":"lt-LT","@id":"https:\/\/reisepassfuhrer.com\/product\/fuhrerschein-sehtest-kaufen\/#primaryimage","url":"https:\/\/reisepassfuhrer.com\/wp-content\/uploads\/2025\/08\/download-67.jpeg","contentUrl":"https:\/\/reisepassfuhrer.com\/wp-content\/uploads\/2025\/08\/download-67.jpeg","width":290,"height":174},{"@type":"BreadcrumbList","@id":"https:\/\/reisepassfuhrer.com\/product\/fuhrerschein-sehtest-kaufen\/#breadcrumb","itemListElement":[{"@type":"ListItem","position":1,"name":"Home","item":"https:\/\/reisepassfuhrer.com\/"},{"@type":"ListItem","position":2,"name":"Shop","item":"https:\/\/reisepassfuhrer.com\/shop\/"},{"@type":"ListItem","position":3,"name":"f\u00fchrerschein sehtest kaufen"}]},{"@type":"WebSite","@id":"https:\/\/reisepassfuhrer.com\/#website","url":"https:\/\/reisepassfuhrer.com\/","name":"Paso vadovas","description":"Pra\u0161ymas i\u0161duoti pas\u0105 Berlyne","publisher":{"@id":"https:\/\/reisepassfuhrer.com\/#organization"},"potentialAction":[{"@type":"SearchAction","target":{"@type":"EntryPoint","urlTemplate":"https:\/\/reisepassfuhrer.com\/?s={search_term_string}"},"query-input":{"@type":"PropertyValueSpecification","valueRequired":true,"valueName":"search_term_string"}}],"inLanguage":"lt-LT"},{"@type":"Organization","@id":"https:\/\/reisepassfuhrer.com\/#organization","name":"Paso vadovas","url":"https:\/\/reisepassfuhrer.com\/","logo":{"@type":"ImageObject","inLanguage":"lt-LT","@id":"https:\/\/reisepassfuhrer.com\/#\/schema\/logo\/image\/","url":"https:\/\/reisepassfuhrer.com\/wp-content\/uploads\/2024\/03\/Reisepassfuhrer-logo.png","contentUrl":"https:\/\/reisepassfuhrer.com\/wp-content\/uploads\/2024\/03\/Reisepassfuhrer-logo.png","width":112,"height":112,"caption":"Reisepassfuhrer"},"image":{"@id":"https:\/\/reisepassfuhrer.com\/#\/schema\/logo\/image\/"}}]}},"_links":{"self":[{"href":"https:\/\/reisepassfuhrer.com\/lt\/wp-json\/wp\/v2\/product\/3169","targetHints":{"allow":["GET"]}}],"collection":[{"href":"https:\/\/reisepassfuhrer.com\/lt\/wp-json\/wp\/v2\/product"}],"about":[{"href":"https:\/\/reisepassfuhrer.com\/lt\/wp-json\/wp\/v2\/types\/product"}],"replies":[{"embeddable":true,"href":"https:\/\/reisepassfuhrer.com\/lt\/wp-json\/wp\/v2\/comments?post=3169"}],"wp:featuredmedia":[{"embeddable":true,"href":"https:\/\/reisepassfuhrer.com\/lt\/wp-json\/wp\/v2\/media\/3171"}],"wp:attachment":[{"href":"https:\/\/reisepassfuhrer.com\/lt\/wp-json\/wp\/v2\/media?parent=3169"}],"wp:term":[{"taxonomy":"product_brand","embeddable":true,"href":"https:\/\/reisepassfuhrer.com\/lt\/wp-json\/wp\/v2\/product_brand?post=3169"},{"taxonomy":"product_cat","embeddable":true,"href":"https:\/\/reisepassfuhrer.com\/lt\/wp-json\/wp\/v2\/product_cat?post=3169"},{"taxonomy":"product_tag","embeddable":true,"href":"https:\/\/reisepassfuhrer.com\/lt\/wp-json\/wp\/v2\/product_tag?post=3169"}],"curies":[{"name":"wp","href":"https:\/\/api.w.org\/{rel}","templated":true}]}}