{"id":3183,"date":"2025-08-29T11:03:15","date_gmt":"2025-08-29T11:03:15","guid":{"rendered":"https:\/\/reisepassfuhrer.com\/?post_type=product&#038;p=3183"},"modified":"2025-08-29T11:03:16","modified_gmt":"2025-08-29T11:03:16","slug":"kontaktlinsen-oldenburg","status":"publish","type":"product","link":"https:\/\/reisepassfuhrer.com\/lt\/product\/kontaktiniai-lesiai-oldenburgas\/","title":{"rendered":"kontaktiniai l\u0119\u0161iai oldenburgas"},"content":{"rendered":"<p data-start=\"189\" data-end=\"276\"><strong data-start=\"189\" data-end=\"271\">Kontaktiniai l\u0119\u0161iai Oldenburg - Ai\u0161kus reg\u0117jimas, puikus d\u0117v\u0117jimo komfortas [j\u016bs\u0173 prek\u0117s \u017eenklas]<\/strong> \ud83d\udc41\ufe0f\u2728<\/p>\n<p data-start=\"278\" data-end=\"593\"><strong data-start=\"293\" data-end=\"362\">J\u016bs\u0173 kontaktinis asmuo d\u0117l kontaktini\u0173 l\u0119\u0161i\u0173 Oldenburgas<\/strong>! Mes si\u016blome ne tik kontaktinius l\u0119\u0161ius, bet ir visi\u0161kai nauj\u0105 reg\u0117jimo patirt\u012f. Vienadieniai, m\u0117nesiniai, toriniai ar multifokaliniai l\u0119\u0161iai - pas mus rasite b\u016btent tokius l\u0119\u0161ius, kurie tinka j\u016bs\u0173 akims ir gyvenimo b\u016bdui.<\/p>\n<p data-start=\"595\" data-end=\"1307\">Kuo mes ypatingi?<br data-start=\"619\" data-end=\"622\" \/>\u2705 <strong data-start=\"624\" data-end=\"650\">Individualiems poreikiams pritaikytos konsultacijos:<\/strong> M\u016bs\u0173 patyr\u0119 optikos specialistai skiria laiko tiksliam j\u016bs\u0173 aki\u0173 i\u0161matavimui ir parenka tinkamus l\u0119\u0161ius, kad b\u016bt\u0173 maksimaliai patogu ir puikiai matytum\u0117te.<br data-start=\"815\" data-end=\"818\" \/>\u2705 <strong data-start=\"820\" data-end=\"842\">Naujausios technologijos:<\/strong> Naudodami naujausius matavimo ir pritaikymo metodus, garantuojame tiksl\u0173 l\u0119\u0161i\u0173 pritaikym\u0105, u\u017etikrinant\u012f komfort\u0105 net ir jautrioms akims.<br data-start=\"996\" data-end=\"999\" \/>\u2705 <strong data-start=\"1001\" data-end=\"1036\">Didelis pirmaujan\u010di\u0173 preki\u0173 \u017eenkl\u0173 pasirinkimas:<\/strong> Nesvarbu, ar tai b\u016bt\u0173 \"Alcon\", \"Bausch &amp; Lomb\", \"Johnson &amp; Johnson\", ar \"CooperVision\" - i\u0161 m\u016bs\u0173 gausite tik auk\u0161tos kokyb\u0117s firminius l\u0119\u0161ius.<br data-start=\"1161\" data-end=\"1164\" \/>\u2705 <strong data-start=\"1166\" data-end=\"1206\">Greitas pristatymas ir pakartotinis u\u017esakymas:<\/strong> Patogiai u\u017esisakykite kontaktinius l\u0119\u0161ius - tiesiogiai vietoje Oldenburge arba internetu naudodamiesi m\u016bs\u0173 paslauga.<\/p>\n<p data-start=\"1309\" data-end=\"1519\">M\u016bs\u0173 tikslas - padaryti j\u016bs\u0173 kasdien\u012f gyvenim\u0105 su kontaktiniais l\u0119\u0161iais kuo patogesn\u012f ir lengvesn\u012f, nekei\u010diant kokyb\u0117s ir paslaug\u0173 kokyb\u0117s. Pasikliaukite m\u016bs\u0173 patirtimi ir pajuskite skirtum\u0105!<\/p>\n<p data-start=\"1521\" data-end=\"1610\">\ud83d\udccd <strong data-start=\"1524\" data-end=\"1610\">Atraskite kontaktinius l\u0119\u0161ius Oldenburge jau dabar - [j\u016bs\u0173 prek\u0117s \u017eenklas] vietoje arba internetu!<\/strong><\/p>","protected":false},"excerpt":{"rendered":"<p>Kontaktlinsen Oldenburg \u2013 Klare Sicht, perfekter Tragekomfort bei [Eure Marke] \ud83d\udc41\ufe0f\u2728 Ihr Ansprechpartner f\u00fcr Kontaktlinsen in Oldenburg! Wir bieten Ihnen nicht nur Kontaktlinsen, sondern ein v\u00f6llig neues Seherlebnis. Ob Tageslinsen, Monatslinsen, torische oder multifokale Linsen \u2013 bei uns finden Sie genau die Linsen, die zu Ihren Augen und Ihrem Lebensstil passen. Was uns besonders macht?\u2705 [&hellip;]<\/p>","protected":false},"featured_media":3186,"comment_status":"open","ping_status":"closed","template":"","meta":[],"product_brand":[],"product_cat":[44],"product_tag":[],"class_list":{"0":"post-3183","1":"product","2":"type-product","3":"status-publish","4":"has-post-thumbnail","6":"product_cat-uncategorized","8":"first","9":"instock","10":"shipping-taxable","11":"product-type-simple"},"yoast_head":"<!-- This site is optimized with the Yoast SEO Premium plugin v22.2 (Yoast SEO v26.2) - https:\/\/yoast.com\/wordpress\/plugins\/seo\/ -->\n<title>kontaktlinsen oldenburg - Reisepassfuhrer<\/title>\n<meta name=\"description\" content=\"Ihr Ansprechpartner f\u00fcr Kontaktlinsen in Oldenburg! Wir bieten Ihnen nicht nur Kontaktlinsen, sondern ein v\u00f6llig neues Seherlebnis.\" \/>\n<meta name=\"robots\" content=\"noindex, follow, max-snippet:-1, max-image-preview:large, max-video-preview:-1\" \/>\n<meta property=\"og:locale\" content=\"lt_LT\" \/>\n<meta property=\"og:type\" content=\"article\" \/>\n<meta property=\"og:title\" content=\"kontaktlinsen oldenburg\" \/>\n<meta property=\"og:description\" content=\"Ihr Ansprechpartner f\u00fcr Kontaktlinsen in Oldenburg! Wir bieten Ihnen nicht nur Kontaktlinsen, sondern ein v\u00f6llig neues Seherlebnis.\" \/>\n<meta property=\"og:url\" content=\"https:\/\/reisepassfuhrer.com\/lt\/product\/kontaktiniai-lesiai-oldenburgas\/\" \/>\n<meta property=\"og:site_name\" content=\"Reisepassfuhrer\" \/>\n<meta property=\"article:modified_time\" content=\"2025-08-29T11:03:16+00:00\" \/>\n<meta property=\"og:image\" content=\"http:\/\/reisepassfuhrer.com\/wp-content\/uploads\/2025\/08\/download-80.jpeg\" \/>\n\t<meta property=\"og:image:width\" content=\"225\" \/>\n\t<meta property=\"og:image:height\" content=\"225\" \/>\n\t<meta property=\"og:image:type\" content=\"image\/jpeg\" \/>\n<meta name=\"twitter:card\" content=\"summary_large_image\" \/>\n<meta name=\"twitter:label1\" content=\"Est. reading time\" \/>\n\t<meta name=\"twitter:data1\" content=\"1 minut\u0117\" \/>\n<script type=\"application\/ld+json\" class=\"yoast-schema-graph\">{\"@context\":\"https:\/\/schema.org\",\"@graph\":[{\"@type\":\"WebPage\",\"@id\":\"https:\/\/reisepassfuhrer.com\/product\/kontaktlinsen-oldenburg\/\",\"url\":\"https:\/\/reisepassfuhrer.com\/product\/kontaktlinsen-oldenburg\/\",\"name\":\"kontaktlinsen oldenburg - Reisepassfuhrer\",\"isPartOf\":{\"@id\":\"https:\/\/reisepassfuhrer.com\/#website\"},\"primaryImageOfPage\":{\"@id\":\"https:\/\/reisepassfuhrer.com\/product\/kontaktlinsen-oldenburg\/#primaryimage\"},\"image\":{\"@id\":\"https:\/\/reisepassfuhrer.com\/product\/kontaktlinsen-oldenburg\/#primaryimage\"},\"thumbnailUrl\":\"https:\/\/reisepassfuhrer.com\/wp-content\/uploads\/2025\/08\/download-80.jpeg\",\"datePublished\":\"2025-08-29T11:03:15+00:00\",\"dateModified\":\"2025-08-29T11:03:16+00:00\",\"description\":\"Ihr Ansprechpartner f\u00fcr Kontaktlinsen in Oldenburg! Wir bieten Ihnen nicht nur Kontaktlinsen, sondern ein v\u00f6llig neues Seherlebnis.\",\"breadcrumb\":{\"@id\":\"https:\/\/reisepassfuhrer.com\/product\/kontaktlinsen-oldenburg\/#breadcrumb\"},\"inLanguage\":\"lt-LT\",\"potentialAction\":[{\"@type\":\"ReadAction\",\"target\":[\"https:\/\/reisepassfuhrer.com\/product\/kontaktlinsen-oldenburg\/\"]}]},{\"@type\":\"ImageObject\",\"inLanguage\":\"lt-LT\",\"@id\":\"https:\/\/reisepassfuhrer.com\/product\/kontaktlinsen-oldenburg\/#primaryimage\",\"url\":\"https:\/\/reisepassfuhrer.com\/wp-content\/uploads\/2025\/08\/download-80.jpeg\",\"contentUrl\":\"https:\/\/reisepassfuhrer.com\/wp-content\/uploads\/2025\/08\/download-80.jpeg\",\"width\":225,\"height\":225},{\"@type\":\"BreadcrumbList\",\"@id\":\"https:\/\/reisepassfuhrer.com\/product\/kontaktlinsen-oldenburg\/#breadcrumb\",\"itemListElement\":[{\"@type\":\"ListItem\",\"position\":1,\"name\":\"Home\",\"item\":\"https:\/\/reisepassfuhrer.com\/\"},{\"@type\":\"ListItem\",\"position\":2,\"name\":\"Shop\",\"item\":\"https:\/\/reisepassfuhrer.com\/shop\/\"},{\"@type\":\"ListItem\",\"position\":3,\"name\":\"kontaktlinsen oldenburg\"}]},{\"@type\":\"WebSite\",\"@id\":\"https:\/\/reisepassfuhrer.com\/#website\",\"url\":\"https:\/\/reisepassfuhrer.com\/\",\"name\":\"Reisepassfuhrer\",\"description\":\"Reisepass Beantragen Berlin\",\"publisher\":{\"@id\":\"https:\/\/reisepassfuhrer.com\/#organization\"},\"potentialAction\":[{\"@type\":\"SearchAction\",\"target\":{\"@type\":\"EntryPoint\",\"urlTemplate\":\"https:\/\/reisepassfuhrer.com\/?s={search_term_string}\"},\"query-input\":{\"@type\":\"PropertyValueSpecification\",\"valueRequired\":true,\"valueName\":\"search_term_string\"}}],\"inLanguage\":\"lt-LT\"},{\"@type\":\"Organization\",\"@id\":\"https:\/\/reisepassfuhrer.com\/#organization\",\"name\":\"Reisepassfuhrer\",\"url\":\"https:\/\/reisepassfuhrer.com\/\",\"logo\":{\"@type\":\"ImageObject\",\"inLanguage\":\"lt-LT\",\"@id\":\"https:\/\/reisepassfuhrer.com\/#\/schema\/logo\/image\/\",\"url\":\"https:\/\/reisepassfuhrer.com\/wp-content\/uploads\/2024\/03\/Reisepassfuhrer-logo.png\",\"contentUrl\":\"https:\/\/reisepassfuhrer.com\/wp-content\/uploads\/2024\/03\/Reisepassfuhrer-logo.png\",\"width\":112,\"height\":112,\"caption\":\"Reisepassfuhrer\"},\"image\":{\"@id\":\"https:\/\/reisepassfuhrer.com\/#\/schema\/logo\/image\/\"}}]}<\/script>\n<!-- \/ Yoast SEO Premium plugin. -->","yoast_head_json":{"title":"kontaktlinsen oldenburg - pas\u0173 vadovas","description":"J\u016bs\u0173 kontaktinis asmuo d\u0117l kontaktini\u0173 l\u0119\u0161i\u0173 Oldenburge! Si\u016blome ne tik kontaktinius l\u0119\u0161ius, bet ir visi\u0161kai nauj\u0105 reg\u0117jimo patirt\u012f.","robots":{"index":"noindex","follow":"follow","max-snippet":"max-snippet:-1","max-image-preview":"max-image-preview:large","max-video-preview":"max-video-preview:-1"},"og_locale":"lt_LT","og_type":"article","og_title":"kontaktlinsen oldenburg","og_description":"Ihr Ansprechpartner f\u00fcr Kontaktlinsen in Oldenburg! Wir bieten Ihnen nicht nur Kontaktlinsen, sondern ein v\u00f6llig neues Seherlebnis.","og_url":"https:\/\/reisepassfuhrer.com\/lt\/product\/kontaktiniai-lesiai-oldenburgas\/","og_site_name":"Reisepassfuhrer","article_modified_time":"2025-08-29T11:03:16+00:00","og_image":[{"width":225,"height":225,"url":"http:\/\/reisepassfuhrer.com\/wp-content\/uploads\/2025\/08\/download-80.jpeg","type":"image\/jpeg"}],"twitter_card":"summary_large_image","twitter_misc":{"Est. reading time":"1 minut\u0117"},"schema":{"@context":"https:\/\/schema.org","@graph":[{"@type":"WebPage","@id":"https:\/\/reisepassfuhrer.com\/product\/kontaktlinsen-oldenburg\/","url":"https:\/\/reisepassfuhrer.com\/product\/kontaktlinsen-oldenburg\/","name":"kontaktlinsen oldenburg - pas\u0173 vadovas","isPartOf":{"@id":"https:\/\/reisepassfuhrer.com\/#website"},"primaryImageOfPage":{"@id":"https:\/\/reisepassfuhrer.com\/product\/kontaktlinsen-oldenburg\/#primaryimage"},"image":{"@id":"https:\/\/reisepassfuhrer.com\/product\/kontaktlinsen-oldenburg\/#primaryimage"},"thumbnailUrl":"https:\/\/reisepassfuhrer.com\/wp-content\/uploads\/2025\/08\/download-80.jpeg","datePublished":"2025-08-29T11:03:15+00:00","dateModified":"2025-08-29T11:03:16+00:00","description":"J\u016bs\u0173 kontaktinis asmuo d\u0117l kontaktini\u0173 l\u0119\u0161i\u0173 Oldenburge! Si\u016blome ne tik kontaktinius l\u0119\u0161ius, bet ir visi\u0161kai nauj\u0105 reg\u0117jimo patirt\u012f.","breadcrumb":{"@id":"https:\/\/reisepassfuhrer.com\/product\/kontaktlinsen-oldenburg\/#breadcrumb"},"inLanguage":"lt-LT","potentialAction":[{"@type":"ReadAction","target":["https:\/\/reisepassfuhrer.com\/product\/kontaktlinsen-oldenburg\/"]}]},{"@type":"ImageObject","inLanguage":"lt-LT","@id":"https:\/\/reisepassfuhrer.com\/product\/kontaktlinsen-oldenburg\/#primaryimage","url":"https:\/\/reisepassfuhrer.com\/wp-content\/uploads\/2025\/08\/download-80.jpeg","contentUrl":"https:\/\/reisepassfuhrer.com\/wp-content\/uploads\/2025\/08\/download-80.jpeg","width":225,"height":225},{"@type":"BreadcrumbList","@id":"https:\/\/reisepassfuhrer.com\/product\/kontaktlinsen-oldenburg\/#breadcrumb","itemListElement":[{"@type":"ListItem","position":1,"name":"Home","item":"https:\/\/reisepassfuhrer.com\/"},{"@type":"ListItem","position":2,"name":"Shop","item":"https:\/\/reisepassfuhrer.com\/shop\/"},{"@type":"ListItem","position":3,"name":"kontaktlinsen oldenburg"}]},{"@type":"WebSite","@id":"https:\/\/reisepassfuhrer.com\/#website","url":"https:\/\/reisepassfuhrer.com\/","name":"Paso vadovas","description":"Pra\u0161ymas i\u0161duoti pas\u0105 Berlyne","publisher":{"@id":"https:\/\/reisepassfuhrer.com\/#organization"},"potentialAction":[{"@type":"SearchAction","target":{"@type":"EntryPoint","urlTemplate":"https:\/\/reisepassfuhrer.com\/?s={search_term_string}"},"query-input":{"@type":"PropertyValueSpecification","valueRequired":true,"valueName":"search_term_string"}}],"inLanguage":"lt-LT"},{"@type":"Organization","@id":"https:\/\/reisepassfuhrer.com\/#organization","name":"Paso vadovas","url":"https:\/\/reisepassfuhrer.com\/","logo":{"@type":"ImageObject","inLanguage":"lt-LT","@id":"https:\/\/reisepassfuhrer.com\/#\/schema\/logo\/image\/","url":"https:\/\/reisepassfuhrer.com\/wp-content\/uploads\/2024\/03\/Reisepassfuhrer-logo.png","contentUrl":"https:\/\/reisepassfuhrer.com\/wp-content\/uploads\/2024\/03\/Reisepassfuhrer-logo.png","width":112,"height":112,"caption":"Reisepassfuhrer"},"image":{"@id":"https:\/\/reisepassfuhrer.com\/#\/schema\/logo\/image\/"}}]}},"_links":{"self":[{"href":"https:\/\/reisepassfuhrer.com\/lt\/wp-json\/wp\/v2\/product\/3183","targetHints":{"allow":["GET"]}}],"collection":[{"href":"https:\/\/reisepassfuhrer.com\/lt\/wp-json\/wp\/v2\/product"}],"about":[{"href":"https:\/\/reisepassfuhrer.com\/lt\/wp-json\/wp\/v2\/types\/product"}],"replies":[{"embeddable":true,"href":"https:\/\/reisepassfuhrer.com\/lt\/wp-json\/wp\/v2\/comments?post=3183"}],"wp:featuredmedia":[{"embeddable":true,"href":"https:\/\/reisepassfuhrer.com\/lt\/wp-json\/wp\/v2\/media\/3186"}],"wp:attachment":[{"href":"https:\/\/reisepassfuhrer.com\/lt\/wp-json\/wp\/v2\/media?parent=3183"}],"wp:term":[{"taxonomy":"product_brand","embeddable":true,"href":"https:\/\/reisepassfuhrer.com\/lt\/wp-json\/wp\/v2\/product_brand?post=3183"},{"taxonomy":"product_cat","embeddable":true,"href":"https:\/\/reisepassfuhrer.com\/lt\/wp-json\/wp\/v2\/product_cat?post=3183"},{"taxonomy":"product_tag","embeddable":true,"href":"https:\/\/reisepassfuhrer.com\/lt\/wp-json\/wp\/v2\/product_tag?post=3183"}],"curies":[{"name":"wp","href":"https:\/\/api.w.org\/{rel}","templated":true}]}}