{"id":3187,"date":"2025-08-29T11:27:52","date_gmt":"2025-08-29T11:27:52","guid":{"rendered":"https:\/\/reisepassfuhrer.com\/?post_type=product&#038;p=3187"},"modified":"2025-08-29T11:27:52","modified_gmt":"2025-08-29T11:27:52","slug":"a2-fuhrerschein","status":"publish","type":"product","link":"https:\/\/reisepassfuhrer.com\/lt\/product\/a2-vairuotojo-pazymejimas\/","title":{"rendered":"A2 kategorijos vairuotojo pa\u017eym\u0117jimas"},"content":{"rendered":"<h3 data-start=\"225\" data-end=\"310\"><strong data-start=\"229\" data-end=\"310\">A2 kategorijos vairuotojo pa\u017eym\u0117jimas - j\u016bs\u0173 \u012f\u0117jimas \u012f galing\u0173 ir stiling\u0173 motocikl\u0173 pasaul\u012f<\/strong><\/h3>\n<p data-start=\"312\" data-end=\"692\">Svajojate apie didesn\u0119 gali\u0105, laisv\u0119 ant dviej\u0173 rat\u0173 ir tikr\u0105 A1 arba AM vairuotojo pa\u017eym\u0117jimo patobulinim\u0105? Tuomet <strong data-start=\"440\" data-end=\"459\">A2 kategorijos vairuotojo pa\u017eym\u0117jimas<\/strong> kaip tik tai, kas jums tinka! Tur\u0117dami \u0161\u012f vairuotojo pa\u017eym\u0117jim\u0105, gal\u0117site naudotis motociklais iki <strong data-start=\"567\" data-end=\"584\">48 AG (35 kW)<\/strong> - puikiai tinka pradedantiesiems ir gr\u012f\u017etantiems, norintiems \u017eengti kit\u0105 \u017eingsn\u012f \u012f va\u017eiavimo malonum\u0105.<\/p>\n<h4 data-start=\"694\" data-end=\"731\"><strong data-start=\"699\" data-end=\"731\">Kas yra A2 kategorijos vairuotojo pa\u017eym\u0117jimas?<\/strong><\/h4>\n<p data-start=\"732\" data-end=\"997\">A2 kategorijos vairuotojo pa\u017eym\u0117jimas leid\u017eia vairuoti motociklus su <strong data-start=\"808\" data-end=\"835\">Variklio galia iki 35 kW<\/strong> ir <strong data-start=\"846\" data-end=\"903\">Galios ir svorio santykis ne didesnis kaip 0,2 kW\/kg<\/strong>. Idealiai tinka jauniems suaugusiesiems nuo <strong data-start=\"935\" data-end=\"948\">18 met\u0173<\/strong>, kurie nori suderinti na\u0161um\u0105 ir saugum\u0105.<\/p>\n<h4 data-start=\"999\" data-end=\"1071\"><strong data-start=\"1004\" data-end=\"1071\">Kod\u0117l tur\u0117tum\u0117te rinktis m\u016bs\u0173 A2 kategorijos vairuotojo pa\u017eym\u0117jim\u0105:<\/strong><\/h4>\n<ul data-start=\"1073\" data-end=\"1623\">\n<li data-start=\"1073\" data-end=\"1184\">\n<p data-start=\"1075\" data-end=\"1184\">\u2705 <strong data-start=\"1077\" data-end=\"1105\">Individualios vairavimo pamokos<\/strong> - Pritaikysime mokymus pagal j\u016bs\u0173 geb\u0117jimus. Nesvarbu, ar esate pradedantysis, ar pradedantis.<\/p>\n<\/li>\n<li data-start=\"1185\" data-end=\"1313\">\n<p data-start=\"1187\" data-end=\"1313\">\u2705 <strong data-start=\"1189\" data-end=\"1211\">\u0160iuolaikiniai motociklai<\/strong> - M\u016bs\u0173 ma\u0161inos puikiai pritaikytos A2 klasei ir kiekvien\u0105 vairavimo pamok\u0105 paver\u010dia patirtimi.<\/p>\n<\/li>\n<li data-start=\"1314\" data-end=\"1399\">\n<p data-start=\"1316\" data-end=\"1399\">\u2705 <strong data-start=\"1318\" data-end=\"1348\">Patyr\u0119 vairavimo instruktoriai<\/strong> - Asmeni\u0161kas, kompetentingas ir visada \u0161alia j\u016bs\u0173.<\/p>\n<\/li>\n<li data-start=\"1400\" data-end=\"1536\">\n<p data-start=\"1402\" data-end=\"1536\">\u2705 <strong data-start=\"1404\" data-end=\"1438\">Intensyvus pasiruo\u0161imas egzaminams<\/strong> - Teorija ir praktika efektyviai derinamos, kad egzamin\u0105 gal\u0117tum\u0117te laikyti pasitik\u0117dami savimi ir savimi.<\/p>\n<\/li>\n<li data-start=\"1537\" data-end=\"1623\">\n<p data-start=\"1539\" data-end=\"1623\">\u2705 <strong data-start=\"1541\" data-end=\"1562\">Didelis s\u0117km\u0117s rodiklis<\/strong> - M\u016bs\u0173 mokiniai ne tik i\u0161laiko egzaminus - jie m\u0117gaujasi vairavimu!<\/p>\n<\/li>\n<\/ul>\n<h4 data-start=\"1625\" data-end=\"1670\"><strong data-start=\"1630\" data-end=\"1670\">Prad\u0117kite motociklininko karjer\u0105 dabar!<\/strong><\/h4>\n<p data-start=\"1671\" data-end=\"1936\">A2 kategorijos vairuotojo pa\u017eym\u0117jimas yra puikus tarpinis variantas tarp pradinio ir profesionalaus vairuotojo pa\u017eym\u0117jimo ir pirmas \u017eingsnis link <strong data-start=\"1774\" data-end=\"1805\">neribotas A kategorijos vairuotojo pa\u017eym\u0117jimas<\/strong> po 2 met\u0173 vairavimo patirties. Nesvarbu, ar tai b\u016bt\u0173 kasdien\u0117s kelion\u0117s, savaitgalio i\u0161vykos, ar kita kelion\u0117 - su A2 automobiliu b\u016bsite pasiruo\u0161\u0119 va\u017eiuoti.<\/p>\n<p data-start=\"1938\" data-end=\"2021\"><strong data-start=\"1938\" data-end=\"2021\">Registruokit\u0117s dabar, prad\u0117kite ir patirkite vairavimo malonum\u0105 su A2 kategorijos vairuotojo pa\u017eym\u0117jimu!<\/strong><\/p>","protected":false},"excerpt":{"rendered":"<p>A2 F\u00fchrerschein \u2013 Dein Einstieg in die Welt der Motorr\u00e4der mit Power und Stil Du tr\u00e4umst von mehr Leistung, Freiheit auf zwei R\u00e4dern und einem echten Upgrade zu deinem A1 oder AM F\u00fchrerschein? Dann ist der A2 F\u00fchrerschein genau das Richtige f\u00fcr dich! Mit dieser Fahrerlaubnis sicherst du dir den Zugang zu Motorr\u00e4dern mit bis [&hellip;]<\/p>","protected":false},"featured_media":3188,"comment_status":"open","ping_status":"closed","template":"","meta":[],"product_brand":[],"product_cat":[44],"product_tag":[],"class_list":{"0":"post-3187","1":"product","2":"type-product","3":"status-publish","4":"has-post-thumbnail","6":"product_cat-uncategorized","8":"first","9":"instock","10":"shipping-taxable","11":"product-type-simple"},"yoast_head":"<!-- This site is optimized with the Yoast SEO Premium plugin v22.2 (Yoast SEO v26.2) - https:\/\/yoast.com\/wordpress\/plugins\/seo\/ -->\n<title>A2 F\u00fchrerschein - Reisepassfuhrer<\/title>\n<meta name=\"description\" content=\"Dann ist der A2 F\u00fchrerschein genau das Richtige f\u00fcr dich! Mit dieser Fahrerlaubnis sicherst du dir den Zugang zu Motorr\u00e4dern mit bis zu 48 PS (35 kW)\" \/>\n<meta name=\"robots\" content=\"noindex, follow, max-snippet:-1, max-image-preview:large, max-video-preview:-1\" \/>\n<meta property=\"og:locale\" content=\"lt_LT\" \/>\n<meta property=\"og:type\" content=\"article\" \/>\n<meta property=\"og:title\" content=\"A2 F\u00fchrerschein\" \/>\n<meta property=\"og:description\" content=\"Dann ist der A2 F\u00fchrerschein genau das Richtige f\u00fcr dich! Mit dieser Fahrerlaubnis sicherst du dir den Zugang zu Motorr\u00e4dern mit bis zu 48 PS (35 kW)\" \/>\n<meta property=\"og:url\" content=\"https:\/\/reisepassfuhrer.com\/lt\/product\/a2-vairuotojo-pazymejimas\/\" \/>\n<meta property=\"og:site_name\" content=\"Reisepassfuhrer\" \/>\n<meta property=\"og:image\" content=\"http:\/\/reisepassfuhrer.com\/wp-content\/uploads\/2025\/08\/download-81.jpeg\" \/>\n\t<meta property=\"og:image:width\" content=\"303\" \/>\n\t<meta property=\"og:image:height\" content=\"166\" \/>\n\t<meta property=\"og:image:type\" content=\"image\/jpeg\" \/>\n<meta name=\"twitter:card\" content=\"summary_large_image\" \/>\n<meta name=\"twitter:label1\" content=\"Est. reading time\" \/>\n\t<meta name=\"twitter:data1\" content=\"2 minut\u0117s\" \/>\n<script type=\"application\/ld+json\" class=\"yoast-schema-graph\">{\"@context\":\"https:\/\/schema.org\",\"@graph\":[{\"@type\":\"WebPage\",\"@id\":\"https:\/\/reisepassfuhrer.com\/product\/a2-fuhrerschein\/\",\"url\":\"https:\/\/reisepassfuhrer.com\/product\/a2-fuhrerschein\/\",\"name\":\"A2 F\u00fchrerschein - Reisepassfuhrer\",\"isPartOf\":{\"@id\":\"https:\/\/reisepassfuhrer.com\/#website\"},\"primaryImageOfPage\":{\"@id\":\"https:\/\/reisepassfuhrer.com\/product\/a2-fuhrerschein\/#primaryimage\"},\"image\":{\"@id\":\"https:\/\/reisepassfuhrer.com\/product\/a2-fuhrerschein\/#primaryimage\"},\"thumbnailUrl\":\"https:\/\/reisepassfuhrer.com\/wp-content\/uploads\/2025\/08\/download-81.jpeg\",\"datePublished\":\"2025-08-29T11:27:52+00:00\",\"description\":\"Dann ist der A2 F\u00fchrerschein genau das Richtige f\u00fcr dich! Mit dieser Fahrerlaubnis sicherst du dir den Zugang zu Motorr\u00e4dern mit bis zu 48 PS (35 kW)\",\"breadcrumb\":{\"@id\":\"https:\/\/reisepassfuhrer.com\/product\/a2-fuhrerschein\/#breadcrumb\"},\"inLanguage\":\"lt-LT\",\"potentialAction\":[{\"@type\":\"ReadAction\",\"target\":[\"https:\/\/reisepassfuhrer.com\/product\/a2-fuhrerschein\/\"]}]},{\"@type\":\"ImageObject\",\"inLanguage\":\"lt-LT\",\"@id\":\"https:\/\/reisepassfuhrer.com\/product\/a2-fuhrerschein\/#primaryimage\",\"url\":\"https:\/\/reisepassfuhrer.com\/wp-content\/uploads\/2025\/08\/download-81.jpeg\",\"contentUrl\":\"https:\/\/reisepassfuhrer.com\/wp-content\/uploads\/2025\/08\/download-81.jpeg\",\"width\":303,\"height\":166},{\"@type\":\"BreadcrumbList\",\"@id\":\"https:\/\/reisepassfuhrer.com\/product\/a2-fuhrerschein\/#breadcrumb\",\"itemListElement\":[{\"@type\":\"ListItem\",\"position\":1,\"name\":\"Home\",\"item\":\"https:\/\/reisepassfuhrer.com\/\"},{\"@type\":\"ListItem\",\"position\":2,\"name\":\"Shop\",\"item\":\"https:\/\/reisepassfuhrer.com\/shop\/\"},{\"@type\":\"ListItem\",\"position\":3,\"name\":\"A2 F\u00fchrerschein\"}]},{\"@type\":\"WebSite\",\"@id\":\"https:\/\/reisepassfuhrer.com\/#website\",\"url\":\"https:\/\/reisepassfuhrer.com\/\",\"name\":\"Reisepassfuhrer\",\"description\":\"Reisepass Beantragen Berlin\",\"publisher\":{\"@id\":\"https:\/\/reisepassfuhrer.com\/#organization\"},\"potentialAction\":[{\"@type\":\"SearchAction\",\"target\":{\"@type\":\"EntryPoint\",\"urlTemplate\":\"https:\/\/reisepassfuhrer.com\/?s={search_term_string}\"},\"query-input\":{\"@type\":\"PropertyValueSpecification\",\"valueRequired\":true,\"valueName\":\"search_term_string\"}}],\"inLanguage\":\"lt-LT\"},{\"@type\":\"Organization\",\"@id\":\"https:\/\/reisepassfuhrer.com\/#organization\",\"name\":\"Reisepassfuhrer\",\"url\":\"https:\/\/reisepassfuhrer.com\/\",\"logo\":{\"@type\":\"ImageObject\",\"inLanguage\":\"lt-LT\",\"@id\":\"https:\/\/reisepassfuhrer.com\/#\/schema\/logo\/image\/\",\"url\":\"https:\/\/reisepassfuhrer.com\/wp-content\/uploads\/2024\/03\/Reisepassfuhrer-logo.png\",\"contentUrl\":\"https:\/\/reisepassfuhrer.com\/wp-content\/uploads\/2024\/03\/Reisepassfuhrer-logo.png\",\"width\":112,\"height\":112,\"caption\":\"Reisepassfuhrer\"},\"image\":{\"@id\":\"https:\/\/reisepassfuhrer.com\/#\/schema\/logo\/image\/\"}}]}<\/script>\n<!-- \/ Yoast SEO Premium plugin. -->","yoast_head_json":{"title":"A2 kategorijos vairuotojo pa\u017eym\u0117jimas - paso tur\u0117tojas","description":"Tuomet A2 kategorijos vairuotojo pa\u017eym\u0117jimas kaip tik jums! \u0160is vairuotojo pa\u017eym\u0117jimas suteikia teis\u0119 vairuoti motociklus, kuri\u0173 galia nevir\u0161ija 48 AG (35 kW).","robots":{"index":"noindex","follow":"follow","max-snippet":"max-snippet:-1","max-image-preview":"max-image-preview:large","max-video-preview":"max-video-preview:-1"},"og_locale":"lt_LT","og_type":"article","og_title":"A2 F\u00fchrerschein","og_description":"Dann ist der A2 F\u00fchrerschein genau das Richtige f\u00fcr dich! Mit dieser Fahrerlaubnis sicherst du dir den Zugang zu Motorr\u00e4dern mit bis zu 48 PS (35 kW)","og_url":"https:\/\/reisepassfuhrer.com\/lt\/product\/a2-vairuotojo-pazymejimas\/","og_site_name":"Reisepassfuhrer","og_image":[{"width":303,"height":166,"url":"http:\/\/reisepassfuhrer.com\/wp-content\/uploads\/2025\/08\/download-81.jpeg","type":"image\/jpeg"}],"twitter_card":"summary_large_image","twitter_misc":{"Est. reading time":"2 minut\u0117s"},"schema":{"@context":"https:\/\/schema.org","@graph":[{"@type":"WebPage","@id":"https:\/\/reisepassfuhrer.com\/product\/a2-fuhrerschein\/","url":"https:\/\/reisepassfuhrer.com\/product\/a2-fuhrerschein\/","name":"A2 kategorijos vairuotojo pa\u017eym\u0117jimas - paso tur\u0117tojas","isPartOf":{"@id":"https:\/\/reisepassfuhrer.com\/#website"},"primaryImageOfPage":{"@id":"https:\/\/reisepassfuhrer.com\/product\/a2-fuhrerschein\/#primaryimage"},"image":{"@id":"https:\/\/reisepassfuhrer.com\/product\/a2-fuhrerschein\/#primaryimage"},"thumbnailUrl":"https:\/\/reisepassfuhrer.com\/wp-content\/uploads\/2025\/08\/download-81.jpeg","datePublished":"2025-08-29T11:27:52+00:00","description":"Tuomet A2 kategorijos vairuotojo pa\u017eym\u0117jimas kaip tik jums! \u0160is vairuotojo pa\u017eym\u0117jimas suteikia teis\u0119 vairuoti motociklus, kuri\u0173 galia nevir\u0161ija 48 AG (35 kW).","breadcrumb":{"@id":"https:\/\/reisepassfuhrer.com\/product\/a2-fuhrerschein\/#breadcrumb"},"inLanguage":"lt-LT","potentialAction":[{"@type":"ReadAction","target":["https:\/\/reisepassfuhrer.com\/product\/a2-fuhrerschein\/"]}]},{"@type":"ImageObject","inLanguage":"lt-LT","@id":"https:\/\/reisepassfuhrer.com\/product\/a2-fuhrerschein\/#primaryimage","url":"https:\/\/reisepassfuhrer.com\/wp-content\/uploads\/2025\/08\/download-81.jpeg","contentUrl":"https:\/\/reisepassfuhrer.com\/wp-content\/uploads\/2025\/08\/download-81.jpeg","width":303,"height":166},{"@type":"BreadcrumbList","@id":"https:\/\/reisepassfuhrer.com\/product\/a2-fuhrerschein\/#breadcrumb","itemListElement":[{"@type":"ListItem","position":1,"name":"Home","item":"https:\/\/reisepassfuhrer.com\/"},{"@type":"ListItem","position":2,"name":"Shop","item":"https:\/\/reisepassfuhrer.com\/shop\/"},{"@type":"ListItem","position":3,"name":"A2 F\u00fchrerschein"}]},{"@type":"WebSite","@id":"https:\/\/reisepassfuhrer.com\/#website","url":"https:\/\/reisepassfuhrer.com\/","name":"Paso vadovas","description":"Pra\u0161ymas i\u0161duoti pas\u0105 Berlyne","publisher":{"@id":"https:\/\/reisepassfuhrer.com\/#organization"},"potentialAction":[{"@type":"SearchAction","target":{"@type":"EntryPoint","urlTemplate":"https:\/\/reisepassfuhrer.com\/?s={search_term_string}"},"query-input":{"@type":"PropertyValueSpecification","valueRequired":true,"valueName":"search_term_string"}}],"inLanguage":"lt-LT"},{"@type":"Organization","@id":"https:\/\/reisepassfuhrer.com\/#organization","name":"Paso vadovas","url":"https:\/\/reisepassfuhrer.com\/","logo":{"@type":"ImageObject","inLanguage":"lt-LT","@id":"https:\/\/reisepassfuhrer.com\/#\/schema\/logo\/image\/","url":"https:\/\/reisepassfuhrer.com\/wp-content\/uploads\/2024\/03\/Reisepassfuhrer-logo.png","contentUrl":"https:\/\/reisepassfuhrer.com\/wp-content\/uploads\/2024\/03\/Reisepassfuhrer-logo.png","width":112,"height":112,"caption":"Reisepassfuhrer"},"image":{"@id":"https:\/\/reisepassfuhrer.com\/#\/schema\/logo\/image\/"}}]}},"_links":{"self":[{"href":"https:\/\/reisepassfuhrer.com\/lt\/wp-json\/wp\/v2\/product\/3187","targetHints":{"allow":["GET"]}}],"collection":[{"href":"https:\/\/reisepassfuhrer.com\/lt\/wp-json\/wp\/v2\/product"}],"about":[{"href":"https:\/\/reisepassfuhrer.com\/lt\/wp-json\/wp\/v2\/types\/product"}],"replies":[{"embeddable":true,"href":"https:\/\/reisepassfuhrer.com\/lt\/wp-json\/wp\/v2\/comments?post=3187"}],"wp:featuredmedia":[{"embeddable":true,"href":"https:\/\/reisepassfuhrer.com\/lt\/wp-json\/wp\/v2\/media\/3188"}],"wp:attachment":[{"href":"https:\/\/reisepassfuhrer.com\/lt\/wp-json\/wp\/v2\/media?parent=3187"}],"wp:term":[{"taxonomy":"product_brand","embeddable":true,"href":"https:\/\/reisepassfuhrer.com\/lt\/wp-json\/wp\/v2\/product_brand?post=3187"},{"taxonomy":"product_cat","embeddable":true,"href":"https:\/\/reisepassfuhrer.com\/lt\/wp-json\/wp\/v2\/product_cat?post=3187"},{"taxonomy":"product_tag","embeddable":true,"href":"https:\/\/reisepassfuhrer.com\/lt\/wp-json\/wp\/v2\/product_tag?post=3187"}],"curies":[{"name":"wp","href":"https:\/\/api.w.org\/{rel}","templated":true}]}}