{"id":3193,"date":"2025-09-01T15:38:10","date_gmt":"2025-09-01T15:38:10","guid":{"rendered":"https:\/\/reisepassfuhrer.com\/?post_type=product&#038;p=3193"},"modified":"2025-09-01T15:38:11","modified_gmt":"2025-09-01T15:38:11","slug":"rumanischer-ausweis-geburtsdatum","status":"publish","type":"product","link":"https:\/\/reisepassfuhrer.com\/lt\/product\/rumunijos-asmens-tapatybes-kortele-gimimo-data\/","title":{"rendered":"Rumunijos asmens tapatyb\u0117s kortel\u0117 gimimo data"},"content":{"rendered":"<p data-start=\"286\" data-end=\"391\"><strong data-start=\"286\" data-end=\"391\">Rumunijos asmens tapatyb\u0117s kortel\u0117 - su pageidaujama gimimo data | Auk\u0161tos kokyb\u0117s rekvizitas kolekcininkams ir k\u016brybiniams projektams<\/strong><\/p>\n<p data-start=\"393\" data-end=\"746\">Atraskite m\u016bs\u0173 <strong data-start=\"415\" data-end=\"472\">Rumunijos asmens tapatyb\u0117s kortel\u0117 su asmenine gimimo data<\/strong> - idealus pasirinkimas kolekcininkams, film\u0173 k\u016br\u0117jams, \"cosplay\" entuziastams ar k\u016brybiniams projektams, kuriems svarbios autenti\u0161kos detal\u0117s. \u0160iame auk\u0161tos kokyb\u0117s rekvizite derinama tiksli replikacija ir individualus dizainas, kad jis b\u016bt\u0173 maksimaliai paveikus bet kokiame reikale.<\/p>\n<p data-start=\"748\" data-end=\"996\"><strong data-start=\"748\" data-end=\"775\">Galima pritaikyti:<\/strong> Pasirinkite norim\u0105 gimimo dat\u0105 - toki\u0105, kokios norite! Nesvarbu, ar tai b\u016bt\u0173 nostalgi\u0161kas prisiminimas, ar tikrovi\u0161kas teatro rekvizitas, \u0161i asmens tapatyb\u0117s kortel\u0117 yra maksimaliai lanksti ir personalizuota.<\/p>\n<p data-start=\"998\" data-end=\"1229\"><strong data-start=\"998\" data-end=\"1022\">Optika atitinka detales:<\/strong> M\u016bs\u0173 Rumunijos asmens tapatyb\u0117s kortel\u0117 \u017eavi autenti\u0161ku dizainu, sukurtu pagal dabartinius \u0161ablonus. D\u0117l geriausios spausdinimo kokyb\u0117s, originali\u0173 spalv\u0173 ir tikslaus i\u0161d\u0117stymo ji traukia ak\u012f.<\/p>\n<p data-start=\"1231\" data-end=\"1418\"><strong data-start=\"1231\" data-end=\"1257\">Universalus naudojimas:<\/strong> Puikiai tinka nuotrauk\u0173 ar film\u0173 filmavimo aik\u0161tel\u0117ms, teminiams vakar\u0117liams, vaidmen\u0173 \u017eaidimams ar kolekcijoms. Jis puikiai tinka kaip tikrovi\u0161kai atrodantis aksesuaras be teis\u0117to naudojimo.<\/p>\n<p data-start=\"1420\" data-end=\"1552\"><strong data-start=\"1420\" data-end=\"1454\">Diskreti\u0161kas ir greitas pristatymas:<\/strong> J\u016bs\u0173 u\u017esakymas bus pristatytas saugiai, neutraliai supakuotas ir greitai, nenurodant turinio.<\/p>\n<p data-start=\"1554\" data-end=\"1747\">Apsaugokite savo <strong data-start=\"1583\" data-end=\"1644\">individuali Rumunijos asmens tapatyb\u0117s kortel\u0117 su pageidaujama gimimo data.<\/strong> ir nustebinkite nepaprastu rekvizitu! Puikiai tinka visiems, ie\u0161kantiems ka\u017eko ypatingo.<\/p>","protected":false},"excerpt":{"rendered":"<p>Rum\u00e4nischer Ausweis \u2013 Mit Wunsch-Geburtsdatum | Hochwertiges Requisit f\u00fcr Sammler &amp; kreative Projekte Entdecken Sie unseren Rum\u00e4nischen Ausweis mit personalisiertem Geburtsdatum \u2013 die ideale Wahl f\u00fcr Sammler, Filmproduktionen, Cosplay-Enthusiasten oder kreative Projekte, die Wert auf authentische Details legen. Dieses hochwertige Requisit vereint pr\u00e4zise Nachbildung mit individueller Gestaltung und sorgt so f\u00fcr maximale Wirkung in jeder [&hellip;]<\/p>","protected":false},"featured_media":3195,"comment_status":"open","ping_status":"closed","template":"","meta":[],"product_brand":[],"product_cat":[44],"product_tag":[],"class_list":{"0":"post-3193","1":"product","2":"type-product","3":"status-publish","4":"has-post-thumbnail","6":"product_cat-uncategorized","8":"first","9":"instock","10":"shipping-taxable","11":"product-type-simple"},"yoast_head":"<!-- This site is optimized with the Yoast SEO Premium plugin v22.2 (Yoast SEO v26.2) - https:\/\/yoast.com\/wordpress\/plugins\/seo\/ -->\n<title>rum\u00e4nischer ausweis geburtsdatum - Reisepassfuhrer<\/title>\n<meta name=\"robots\" content=\"noindex, follow, max-snippet:-1, max-image-preview:large, max-video-preview:-1\" \/>\n<meta property=\"og:locale\" content=\"lt_LT\" \/>\n<meta property=\"og:type\" content=\"article\" \/>\n<meta property=\"og:title\" content=\"rum\u00e4nischer ausweis geburtsdatum\" \/>\n<meta property=\"og:description\" content=\"Rum\u00e4nischer Ausweis \u2013 Mit Wunsch-Geburtsdatum | Hochwertiges Requisit f\u00fcr Sammler &amp; kreative Projekte Entdecken Sie unseren Rum\u00e4nischen Ausweis mit personalisiertem Geburtsdatum \u2013 die ideale Wahl f\u00fcr Sammler, Filmproduktionen, Cosplay-Enthusiasten oder kreative Projekte, die Wert auf authentische Details legen. Dieses hochwertige Requisit vereint pr\u00e4zise Nachbildung mit individueller Gestaltung und sorgt so f\u00fcr maximale Wirkung in jeder [&hellip;]\" \/>\n<meta property=\"og:url\" content=\"https:\/\/reisepassfuhrer.com\/lt\/product\/rumunijos-asmens-tapatybes-kortele-gimimo-data\/\" \/>\n<meta property=\"og:site_name\" content=\"Reisepassfuhrer\" \/>\n<meta property=\"article:modified_time\" content=\"2025-09-01T15:38:11+00:00\" \/>\n<meta property=\"og:image\" content=\"http:\/\/reisepassfuhrer.com\/wp-content\/uploads\/2025\/09\/download-87.jpeg\" \/>\n\t<meta property=\"og:image:width\" content=\"285\" \/>\n\t<meta property=\"og:image:height\" content=\"177\" \/>\n\t<meta property=\"og:image:type\" content=\"image\/jpeg\" \/>\n<meta name=\"twitter:card\" content=\"summary_large_image\" \/>\n<meta name=\"twitter:label1\" content=\"Est. reading time\" \/>\n\t<meta name=\"twitter:data1\" content=\"1 minut\u0117\" \/>\n<script type=\"application\/ld+json\" class=\"yoast-schema-graph\">{\"@context\":\"https:\/\/schema.org\",\"@graph\":[{\"@type\":\"WebPage\",\"@id\":\"https:\/\/reisepassfuhrer.com\/product\/rumanischer-ausweis-geburtsdatum\/\",\"url\":\"https:\/\/reisepassfuhrer.com\/product\/rumanischer-ausweis-geburtsdatum\/\",\"name\":\"rum\u00e4nischer ausweis geburtsdatum - Reisepassfuhrer\",\"isPartOf\":{\"@id\":\"https:\/\/reisepassfuhrer.com\/#website\"},\"primaryImageOfPage\":{\"@id\":\"https:\/\/reisepassfuhrer.com\/product\/rumanischer-ausweis-geburtsdatum\/#primaryimage\"},\"image\":{\"@id\":\"https:\/\/reisepassfuhrer.com\/product\/rumanischer-ausweis-geburtsdatum\/#primaryimage\"},\"thumbnailUrl\":\"https:\/\/reisepassfuhrer.com\/wp-content\/uploads\/2025\/09\/download-87.jpeg\",\"datePublished\":\"2025-09-01T15:38:10+00:00\",\"dateModified\":\"2025-09-01T15:38:11+00:00\",\"breadcrumb\":{\"@id\":\"https:\/\/reisepassfuhrer.com\/product\/rumanischer-ausweis-geburtsdatum\/#breadcrumb\"},\"inLanguage\":\"lt-LT\",\"potentialAction\":[{\"@type\":\"ReadAction\",\"target\":[\"https:\/\/reisepassfuhrer.com\/product\/rumanischer-ausweis-geburtsdatum\/\"]}]},{\"@type\":\"ImageObject\",\"inLanguage\":\"lt-LT\",\"@id\":\"https:\/\/reisepassfuhrer.com\/product\/rumanischer-ausweis-geburtsdatum\/#primaryimage\",\"url\":\"https:\/\/reisepassfuhrer.com\/wp-content\/uploads\/2025\/09\/download-87.jpeg\",\"contentUrl\":\"https:\/\/reisepassfuhrer.com\/wp-content\/uploads\/2025\/09\/download-87.jpeg\",\"width\":285,\"height\":177},{\"@type\":\"BreadcrumbList\",\"@id\":\"https:\/\/reisepassfuhrer.com\/product\/rumanischer-ausweis-geburtsdatum\/#breadcrumb\",\"itemListElement\":[{\"@type\":\"ListItem\",\"position\":1,\"name\":\"Home\",\"item\":\"https:\/\/reisepassfuhrer.com\/\"},{\"@type\":\"ListItem\",\"position\":2,\"name\":\"Shop\",\"item\":\"https:\/\/reisepassfuhrer.com\/shop\/\"},{\"@type\":\"ListItem\",\"position\":3,\"name\":\"rum\u00e4nischer ausweis geburtsdatum\"}]},{\"@type\":\"WebSite\",\"@id\":\"https:\/\/reisepassfuhrer.com\/#website\",\"url\":\"https:\/\/reisepassfuhrer.com\/\",\"name\":\"Reisepassfuhrer\",\"description\":\"Reisepass Beantragen Berlin\",\"publisher\":{\"@id\":\"https:\/\/reisepassfuhrer.com\/#organization\"},\"potentialAction\":[{\"@type\":\"SearchAction\",\"target\":{\"@type\":\"EntryPoint\",\"urlTemplate\":\"https:\/\/reisepassfuhrer.com\/?s={search_term_string}\"},\"query-input\":{\"@type\":\"PropertyValueSpecification\",\"valueRequired\":true,\"valueName\":\"search_term_string\"}}],\"inLanguage\":\"lt-LT\"},{\"@type\":\"Organization\",\"@id\":\"https:\/\/reisepassfuhrer.com\/#organization\",\"name\":\"Reisepassfuhrer\",\"url\":\"https:\/\/reisepassfuhrer.com\/\",\"logo\":{\"@type\":\"ImageObject\",\"inLanguage\":\"lt-LT\",\"@id\":\"https:\/\/reisepassfuhrer.com\/#\/schema\/logo\/image\/\",\"url\":\"https:\/\/reisepassfuhrer.com\/wp-content\/uploads\/2024\/03\/Reisepassfuhrer-logo.png\",\"contentUrl\":\"https:\/\/reisepassfuhrer.com\/wp-content\/uploads\/2024\/03\/Reisepassfuhrer-logo.png\",\"width\":112,\"height\":112,\"caption\":\"Reisepassfuhrer\"},\"image\":{\"@id\":\"https:\/\/reisepassfuhrer.com\/#\/schema\/logo\/image\/\"}}]}<\/script>\n<!-- \/ Yoast SEO Premium plugin. -->","yoast_head_json":{"title":"Rumunijos paso gimimo data - Reisepassfuhrer","robots":{"index":"noindex","follow":"follow","max-snippet":"max-snippet:-1","max-image-preview":"max-image-preview:large","max-video-preview":"max-video-preview:-1"},"og_locale":"lt_LT","og_type":"article","og_title":"rum\u00e4nischer ausweis geburtsdatum","og_description":"Rum\u00e4nischer Ausweis \u2013 Mit Wunsch-Geburtsdatum | Hochwertiges Requisit f\u00fcr Sammler &amp; kreative Projekte Entdecken Sie unseren Rum\u00e4nischen Ausweis mit personalisiertem Geburtsdatum \u2013 die ideale Wahl f\u00fcr Sammler, Filmproduktionen, Cosplay-Enthusiasten oder kreative Projekte, die Wert auf authentische Details legen. Dieses hochwertige Requisit vereint pr\u00e4zise Nachbildung mit individueller Gestaltung und sorgt so f\u00fcr maximale Wirkung in jeder [&hellip;]","og_url":"https:\/\/reisepassfuhrer.com\/lt\/product\/rumunijos-asmens-tapatybes-kortele-gimimo-data\/","og_site_name":"Reisepassfuhrer","article_modified_time":"2025-09-01T15:38:11+00:00","og_image":[{"width":285,"height":177,"url":"http:\/\/reisepassfuhrer.com\/wp-content\/uploads\/2025\/09\/download-87.jpeg","type":"image\/jpeg"}],"twitter_card":"summary_large_image","twitter_misc":{"Est. reading time":"1 minut\u0117"},"schema":{"@context":"https:\/\/schema.org","@graph":[{"@type":"WebPage","@id":"https:\/\/reisepassfuhrer.com\/product\/rumanischer-ausweis-geburtsdatum\/","url":"https:\/\/reisepassfuhrer.com\/product\/rumanischer-ausweis-geburtsdatum\/","name":"Rumunijos paso gimimo data - Reisepassfuhrer","isPartOf":{"@id":"https:\/\/reisepassfuhrer.com\/#website"},"primaryImageOfPage":{"@id":"https:\/\/reisepassfuhrer.com\/product\/rumanischer-ausweis-geburtsdatum\/#primaryimage"},"image":{"@id":"https:\/\/reisepassfuhrer.com\/product\/rumanischer-ausweis-geburtsdatum\/#primaryimage"},"thumbnailUrl":"https:\/\/reisepassfuhrer.com\/wp-content\/uploads\/2025\/09\/download-87.jpeg","datePublished":"2025-09-01T15:38:10+00:00","dateModified":"2025-09-01T15:38:11+00:00","breadcrumb":{"@id":"https:\/\/reisepassfuhrer.com\/product\/rumanischer-ausweis-geburtsdatum\/#breadcrumb"},"inLanguage":"lt-LT","potentialAction":[{"@type":"ReadAction","target":["https:\/\/reisepassfuhrer.com\/product\/rumanischer-ausweis-geburtsdatum\/"]}]},{"@type":"ImageObject","inLanguage":"lt-LT","@id":"https:\/\/reisepassfuhrer.com\/product\/rumanischer-ausweis-geburtsdatum\/#primaryimage","url":"https:\/\/reisepassfuhrer.com\/wp-content\/uploads\/2025\/09\/download-87.jpeg","contentUrl":"https:\/\/reisepassfuhrer.com\/wp-content\/uploads\/2025\/09\/download-87.jpeg","width":285,"height":177},{"@type":"BreadcrumbList","@id":"https:\/\/reisepassfuhrer.com\/product\/rumanischer-ausweis-geburtsdatum\/#breadcrumb","itemListElement":[{"@type":"ListItem","position":1,"name":"Home","item":"https:\/\/reisepassfuhrer.com\/"},{"@type":"ListItem","position":2,"name":"Shop","item":"https:\/\/reisepassfuhrer.com\/shop\/"},{"@type":"ListItem","position":3,"name":"rum\u00e4nischer ausweis geburtsdatum"}]},{"@type":"WebSite","@id":"https:\/\/reisepassfuhrer.com\/#website","url":"https:\/\/reisepassfuhrer.com\/","name":"Paso vadovas","description":"Pra\u0161ymas i\u0161duoti pas\u0105 Berlyne","publisher":{"@id":"https:\/\/reisepassfuhrer.com\/#organization"},"potentialAction":[{"@type":"SearchAction","target":{"@type":"EntryPoint","urlTemplate":"https:\/\/reisepassfuhrer.com\/?s={search_term_string}"},"query-input":{"@type":"PropertyValueSpecification","valueRequired":true,"valueName":"search_term_string"}}],"inLanguage":"lt-LT"},{"@type":"Organization","@id":"https:\/\/reisepassfuhrer.com\/#organization","name":"Paso vadovas","url":"https:\/\/reisepassfuhrer.com\/","logo":{"@type":"ImageObject","inLanguage":"lt-LT","@id":"https:\/\/reisepassfuhrer.com\/#\/schema\/logo\/image\/","url":"https:\/\/reisepassfuhrer.com\/wp-content\/uploads\/2024\/03\/Reisepassfuhrer-logo.png","contentUrl":"https:\/\/reisepassfuhrer.com\/wp-content\/uploads\/2024\/03\/Reisepassfuhrer-logo.png","width":112,"height":112,"caption":"Reisepassfuhrer"},"image":{"@id":"https:\/\/reisepassfuhrer.com\/#\/schema\/logo\/image\/"}}]}},"_links":{"self":[{"href":"https:\/\/reisepassfuhrer.com\/lt\/wp-json\/wp\/v2\/product\/3193","targetHints":{"allow":["GET"]}}],"collection":[{"href":"https:\/\/reisepassfuhrer.com\/lt\/wp-json\/wp\/v2\/product"}],"about":[{"href":"https:\/\/reisepassfuhrer.com\/lt\/wp-json\/wp\/v2\/types\/product"}],"replies":[{"embeddable":true,"href":"https:\/\/reisepassfuhrer.com\/lt\/wp-json\/wp\/v2\/comments?post=3193"}],"wp:featuredmedia":[{"embeddable":true,"href":"https:\/\/reisepassfuhrer.com\/lt\/wp-json\/wp\/v2\/media\/3195"}],"wp:attachment":[{"href":"https:\/\/reisepassfuhrer.com\/lt\/wp-json\/wp\/v2\/media?parent=3193"}],"wp:term":[{"taxonomy":"product_brand","embeddable":true,"href":"https:\/\/reisepassfuhrer.com\/lt\/wp-json\/wp\/v2\/product_brand?post=3193"},{"taxonomy":"product_cat","embeddable":true,"href":"https:\/\/reisepassfuhrer.com\/lt\/wp-json\/wp\/v2\/product_cat?post=3193"},{"taxonomy":"product_tag","embeddable":true,"href":"https:\/\/reisepassfuhrer.com\/lt\/wp-json\/wp\/v2\/product_tag?post=3193"}],"curies":[{"name":"wp","href":"https:\/\/api.w.org\/{rel}","templated":true}]}}