{"id":3199,"date":"2025-09-02T09:29:37","date_gmt":"2025-09-02T09:29:37","guid":{"rendered":"https:\/\/reisepassfuhrer.com\/?post_type=product&#038;p=3199"},"modified":"2025-09-02T09:29:38","modified_gmt":"2025-09-02T09:29:38","slug":"fuhrungszeugnis-kaufen","status":"publish","type":"product","link":"https:\/\/reisepassfuhrer.com\/lt\/product\/pirkti-vezimo-sertifikata\/","title":{"rendered":"nusipirkti gero elgesio sertifikat\u0105"},"content":{"rendered":"<p data-start=\"344\" data-end=\"668\">Jums reikia <strong data-start=\"360\" data-end=\"379\">Gero elgesio pa\u017eym\u0117jimas<\/strong> - ir geriausia i\u0161 vis\u0173 <strong data-start=\"400\" data-end=\"433\">nedelsiant ir be administracini\u0173 formalum\u0173.<\/strong>? Su <strong data-start=\"439\" data-end=\"462\">Passportguide.com<\/strong> procesas tampa lengvu \u017eaidimu! M\u016bs\u0173 skaitmeniniame vadove rasite <strong data-start=\"533\" data-end=\"556\">\u017dingsnis po \u017eingsnio<\/strong>, kaip patogiai internetu pateikti parai\u0161k\u0105 gero elgesio pa\u017eym\u0117jimui gauti - <strong data-start=\"618\" data-end=\"667\">Teis\u0117s akt\u0173 reikalavimus atitinkantis, greitas ir 100 % nepriklausomas<\/strong>.<\/p>\n<p data-start=\"670\" data-end=\"885\">Nesvarbu, ar esate <strong data-start=\"680\" data-end=\"693\">paprastas<\/strong>, <strong data-start=\"695\" data-end=\"710\">i\u0161pl\u0117stinis<\/strong> arba <strong data-start=\"720\" data-end=\"752\">Europos gero elgesio sertifikatas<\/strong> jums reikia: M\u016bs\u0173 vadovas apima visus variantus ir yra specialiai sukurtas \u017emon\u0117ms, kurie nori sutaupyti laiko, nerv\u0173 ir pastang\u0173.<\/p>\n<h3 data-start=\"887\" data-end=\"908\">J\u016bs\u0173 privalumai:<\/h3>\n<ul data-start=\"909\" data-end=\"1235\">\n<li data-start=\"909\" data-end=\"983\">\n<p data-start=\"911\" data-end=\"983\"><strong data-start=\"911\" data-end=\"948\">Pra\u0161yti gero elgesio pa\u017eym\u0117jimo internetu<\/strong> - be laukimo laiko, be institucij\u0173<\/p>\n<\/li>\n<li data-start=\"984\" data-end=\"1046\">\n<p data-start=\"986\" data-end=\"1046\"><strong data-start=\"986\" data-end=\"1016\">Paprastos instrukcijos PDF formatu<\/strong> - Taip pat idealiai tinka pradedantiesiems<\/p>\n<\/li>\n<li data-start=\"1047\" data-end=\"1111\">\n<p data-start=\"1049\" data-end=\"1111\"><strong data-start=\"1049\" data-end=\"1069\">Joki\u0173 formali\u0173 klaid\u0173<\/strong> - Parodysime, ko jums reikia<\/p>\n<\/li>\n<li data-start=\"1112\" data-end=\"1187\">\n<p data-start=\"1114\" data-end=\"1187\"><strong data-start=\"1114\" data-end=\"1147\">Palaiko visus program\u0173 tipus<\/strong> - Priva\u010diai, profesionaliai arba u\u017esienyje<\/p>\n<\/li>\n<li data-start=\"1188\" data-end=\"1235\">\n<p data-start=\"1190\" data-end=\"1235\"><strong data-start=\"1190\" data-end=\"1233\">Skaidri kaina - tik 13 eur\u0173 vienkartinis mokestis<\/strong><\/p>\n<\/li>\n<\/ul>\n<p data-start=\"1237\" data-end=\"1457\"><strong data-start=\"1237\" data-end=\"1260\">Passportguide.com<\/strong> rei\u0161kia <strong data-start=\"1271\" data-end=\"1315\">Skaitmenin\u0117 laisv\u0117 oficialioms programoms<\/strong>. Gausite prieig\u0105 prie m\u016bs\u0173 <strong data-start=\"1347\" data-end=\"1367\">patikrinta sistema<\/strong>, su kuria vos per kelias minutes galite teisingai ir saugiai pateikti parai\u0161k\u0105 gero elgesio pa\u017eym\u0117jimui gauti.<\/p>","protected":false},"excerpt":{"rendered":"<p>Du brauchst ein F\u00fchrungszeugnis \u2013 und das am besten sofort und ohne Beh\u00f6rdeng\u00e4nge? Mit Reisepassfuhrer.com wird der Prozess zum Kinderspiel! Unsere digitale Anleitung zeigt dir Schritt f\u00fcr Schritt, wie du dein F\u00fchrungszeugnis ganz bequem online beantragst \u2013 rechtssicher, schnell und 100 % selbstst\u00e4ndig. Ob du ein einfaches, erweitertes oder ein europ\u00e4isches F\u00fchrungszeugnis ben\u00f6tigst: Unser Guide [&hellip;]<\/p>","protected":false},"featured_media":3201,"comment_status":"open","ping_status":"closed","template":"","meta":[],"product_brand":[],"product_cat":[44],"product_tag":[],"class_list":{"0":"post-3199","1":"product","2":"type-product","3":"status-publish","4":"has-post-thumbnail","6":"product_cat-uncategorized","8":"first","9":"instock","10":"shipping-taxable","11":"product-type-simple"},"yoast_head":"<!-- This site is optimized with the Yoast SEO Premium plugin v22.2 (Yoast SEO v26.2) - https:\/\/yoast.com\/wordpress\/plugins\/seo\/ -->\n<title>f\u00fchrungszeugnis kaufen - Reisepassfuhrer<\/title>\n<meta name=\"robots\" content=\"noindex, follow, max-snippet:-1, max-image-preview:large, max-video-preview:-1\" \/>\n<meta property=\"og:locale\" content=\"lt_LT\" \/>\n<meta property=\"og:type\" content=\"article\" \/>\n<meta property=\"og:title\" content=\"f\u00fchrungszeugnis kaufen\" \/>\n<meta property=\"og:description\" content=\"Du brauchst ein F\u00fchrungszeugnis \u2013 und das am besten sofort und ohne Beh\u00f6rdeng\u00e4nge? Mit Reisepassfuhrer.com wird der Prozess zum Kinderspiel! Unsere digitale Anleitung zeigt dir Schritt f\u00fcr Schritt, wie du dein F\u00fchrungszeugnis ganz bequem online beantragst \u2013 rechtssicher, schnell und 100 % selbstst\u00e4ndig. Ob du ein einfaches, erweitertes oder ein europ\u00e4isches F\u00fchrungszeugnis ben\u00f6tigst: Unser Guide [&hellip;]\" \/>\n<meta property=\"og:url\" content=\"https:\/\/reisepassfuhrer.com\/lt\/product\/pirkti-vezimo-sertifikata\/\" \/>\n<meta property=\"og:site_name\" content=\"Reisepassfuhrer\" \/>\n<meta property=\"article:modified_time\" content=\"2025-09-02T09:29:38+00:00\" \/>\n<meta property=\"og:image\" content=\"http:\/\/reisepassfuhrer.com\/wp-content\/uploads\/2025\/09\/download-89.jpeg\" \/>\n\t<meta property=\"og:image:width\" content=\"225\" \/>\n\t<meta property=\"og:image:height\" content=\"225\" \/>\n\t<meta property=\"og:image:type\" content=\"image\/jpeg\" \/>\n<meta name=\"twitter:card\" content=\"summary_large_image\" \/>\n<meta name=\"twitter:label1\" content=\"Est. reading time\" \/>\n\t<meta name=\"twitter:data1\" content=\"1 minut\u0117\" \/>\n<script type=\"application\/ld+json\" class=\"yoast-schema-graph\">{\"@context\":\"https:\/\/schema.org\",\"@graph\":[{\"@type\":\"WebPage\",\"@id\":\"https:\/\/reisepassfuhrer.com\/product\/fuhrungszeugnis-kaufen\/\",\"url\":\"https:\/\/reisepassfuhrer.com\/product\/fuhrungszeugnis-kaufen\/\",\"name\":\"f\u00fchrungszeugnis kaufen - Reisepassfuhrer\",\"isPartOf\":{\"@id\":\"https:\/\/reisepassfuhrer.com\/#website\"},\"primaryImageOfPage\":{\"@id\":\"https:\/\/reisepassfuhrer.com\/product\/fuhrungszeugnis-kaufen\/#primaryimage\"},\"image\":{\"@id\":\"https:\/\/reisepassfuhrer.com\/product\/fuhrungszeugnis-kaufen\/#primaryimage\"},\"thumbnailUrl\":\"https:\/\/reisepassfuhrer.com\/wp-content\/uploads\/2025\/09\/download-89.jpeg\",\"datePublished\":\"2025-09-02T09:29:37+00:00\",\"dateModified\":\"2025-09-02T09:29:38+00:00\",\"breadcrumb\":{\"@id\":\"https:\/\/reisepassfuhrer.com\/product\/fuhrungszeugnis-kaufen\/#breadcrumb\"},\"inLanguage\":\"lt-LT\",\"potentialAction\":[{\"@type\":\"ReadAction\",\"target\":[\"https:\/\/reisepassfuhrer.com\/product\/fuhrungszeugnis-kaufen\/\"]}]},{\"@type\":\"ImageObject\",\"inLanguage\":\"lt-LT\",\"@id\":\"https:\/\/reisepassfuhrer.com\/product\/fuhrungszeugnis-kaufen\/#primaryimage\",\"url\":\"https:\/\/reisepassfuhrer.com\/wp-content\/uploads\/2025\/09\/download-89.jpeg\",\"contentUrl\":\"https:\/\/reisepassfuhrer.com\/wp-content\/uploads\/2025\/09\/download-89.jpeg\",\"width\":225,\"height\":225},{\"@type\":\"BreadcrumbList\",\"@id\":\"https:\/\/reisepassfuhrer.com\/product\/fuhrungszeugnis-kaufen\/#breadcrumb\",\"itemListElement\":[{\"@type\":\"ListItem\",\"position\":1,\"name\":\"Home\",\"item\":\"https:\/\/reisepassfuhrer.com\/\"},{\"@type\":\"ListItem\",\"position\":2,\"name\":\"Shop\",\"item\":\"https:\/\/reisepassfuhrer.com\/shop\/\"},{\"@type\":\"ListItem\",\"position\":3,\"name\":\"f\u00fchrungszeugnis kaufen\"}]},{\"@type\":\"WebSite\",\"@id\":\"https:\/\/reisepassfuhrer.com\/#website\",\"url\":\"https:\/\/reisepassfuhrer.com\/\",\"name\":\"Reisepassfuhrer\",\"description\":\"Reisepass Beantragen Berlin\",\"publisher\":{\"@id\":\"https:\/\/reisepassfuhrer.com\/#organization\"},\"potentialAction\":[{\"@type\":\"SearchAction\",\"target\":{\"@type\":\"EntryPoint\",\"urlTemplate\":\"https:\/\/reisepassfuhrer.com\/?s={search_term_string}\"},\"query-input\":{\"@type\":\"PropertyValueSpecification\",\"valueRequired\":true,\"valueName\":\"search_term_string\"}}],\"inLanguage\":\"lt-LT\"},{\"@type\":\"Organization\",\"@id\":\"https:\/\/reisepassfuhrer.com\/#organization\",\"name\":\"Reisepassfuhrer\",\"url\":\"https:\/\/reisepassfuhrer.com\/\",\"logo\":{\"@type\":\"ImageObject\",\"inLanguage\":\"lt-LT\",\"@id\":\"https:\/\/reisepassfuhrer.com\/#\/schema\/logo\/image\/\",\"url\":\"https:\/\/reisepassfuhrer.com\/wp-content\/uploads\/2024\/03\/Reisepassfuhrer-logo.png\",\"contentUrl\":\"https:\/\/reisepassfuhrer.com\/wp-content\/uploads\/2024\/03\/Reisepassfuhrer-logo.png\",\"width\":112,\"height\":112,\"caption\":\"Reisepassfuhrer\"},\"image\":{\"@id\":\"https:\/\/reisepassfuhrer.com\/#\/schema\/logo\/image\/\"}}]}<\/script>\n<!-- \/ Yoast SEO Premium plugin. -->","yoast_head_json":{"title":"pirkti vairuotojo pa\u017eym\u0117jim\u0105 - paso vadovas","robots":{"index":"noindex","follow":"follow","max-snippet":"max-snippet:-1","max-image-preview":"max-image-preview:large","max-video-preview":"max-video-preview:-1"},"og_locale":"lt_LT","og_type":"article","og_title":"f\u00fchrungszeugnis kaufen","og_description":"Du brauchst ein F\u00fchrungszeugnis \u2013 und das am besten sofort und ohne Beh\u00f6rdeng\u00e4nge? Mit Reisepassfuhrer.com wird der Prozess zum Kinderspiel! Unsere digitale Anleitung zeigt dir Schritt f\u00fcr Schritt, wie du dein F\u00fchrungszeugnis ganz bequem online beantragst \u2013 rechtssicher, schnell und 100 % selbstst\u00e4ndig. Ob du ein einfaches, erweitertes oder ein europ\u00e4isches F\u00fchrungszeugnis ben\u00f6tigst: Unser Guide [&hellip;]","og_url":"https:\/\/reisepassfuhrer.com\/lt\/product\/pirkti-vezimo-sertifikata\/","og_site_name":"Reisepassfuhrer","article_modified_time":"2025-09-02T09:29:38+00:00","og_image":[{"width":225,"height":225,"url":"http:\/\/reisepassfuhrer.com\/wp-content\/uploads\/2025\/09\/download-89.jpeg","type":"image\/jpeg"}],"twitter_card":"summary_large_image","twitter_misc":{"Est. reading time":"1 minut\u0117"},"schema":{"@context":"https:\/\/schema.org","@graph":[{"@type":"WebPage","@id":"https:\/\/reisepassfuhrer.com\/product\/fuhrungszeugnis-kaufen\/","url":"https:\/\/reisepassfuhrer.com\/product\/fuhrungszeugnis-kaufen\/","name":"pirkti vairuotojo pa\u017eym\u0117jim\u0105 - paso vadovas","isPartOf":{"@id":"https:\/\/reisepassfuhrer.com\/#website"},"primaryImageOfPage":{"@id":"https:\/\/reisepassfuhrer.com\/product\/fuhrungszeugnis-kaufen\/#primaryimage"},"image":{"@id":"https:\/\/reisepassfuhrer.com\/product\/fuhrungszeugnis-kaufen\/#primaryimage"},"thumbnailUrl":"https:\/\/reisepassfuhrer.com\/wp-content\/uploads\/2025\/09\/download-89.jpeg","datePublished":"2025-09-02T09:29:37+00:00","dateModified":"2025-09-02T09:29:38+00:00","breadcrumb":{"@id":"https:\/\/reisepassfuhrer.com\/product\/fuhrungszeugnis-kaufen\/#breadcrumb"},"inLanguage":"lt-LT","potentialAction":[{"@type":"ReadAction","target":["https:\/\/reisepassfuhrer.com\/product\/fuhrungszeugnis-kaufen\/"]}]},{"@type":"ImageObject","inLanguage":"lt-LT","@id":"https:\/\/reisepassfuhrer.com\/product\/fuhrungszeugnis-kaufen\/#primaryimage","url":"https:\/\/reisepassfuhrer.com\/wp-content\/uploads\/2025\/09\/download-89.jpeg","contentUrl":"https:\/\/reisepassfuhrer.com\/wp-content\/uploads\/2025\/09\/download-89.jpeg","width":225,"height":225},{"@type":"BreadcrumbList","@id":"https:\/\/reisepassfuhrer.com\/product\/fuhrungszeugnis-kaufen\/#breadcrumb","itemListElement":[{"@type":"ListItem","position":1,"name":"Home","item":"https:\/\/reisepassfuhrer.com\/"},{"@type":"ListItem","position":2,"name":"Shop","item":"https:\/\/reisepassfuhrer.com\/shop\/"},{"@type":"ListItem","position":3,"name":"f\u00fchrungszeugnis kaufen"}]},{"@type":"WebSite","@id":"https:\/\/reisepassfuhrer.com\/#website","url":"https:\/\/reisepassfuhrer.com\/","name":"Paso vadovas","description":"Pra\u0161ymas i\u0161duoti pas\u0105 Berlyne","publisher":{"@id":"https:\/\/reisepassfuhrer.com\/#organization"},"potentialAction":[{"@type":"SearchAction","target":{"@type":"EntryPoint","urlTemplate":"https:\/\/reisepassfuhrer.com\/?s={search_term_string}"},"query-input":{"@type":"PropertyValueSpecification","valueRequired":true,"valueName":"search_term_string"}}],"inLanguage":"lt-LT"},{"@type":"Organization","@id":"https:\/\/reisepassfuhrer.com\/#organization","name":"Paso vadovas","url":"https:\/\/reisepassfuhrer.com\/","logo":{"@type":"ImageObject","inLanguage":"lt-LT","@id":"https:\/\/reisepassfuhrer.com\/#\/schema\/logo\/image\/","url":"https:\/\/reisepassfuhrer.com\/wp-content\/uploads\/2024\/03\/Reisepassfuhrer-logo.png","contentUrl":"https:\/\/reisepassfuhrer.com\/wp-content\/uploads\/2024\/03\/Reisepassfuhrer-logo.png","width":112,"height":112,"caption":"Reisepassfuhrer"},"image":{"@id":"https:\/\/reisepassfuhrer.com\/#\/schema\/logo\/image\/"}}]}},"_links":{"self":[{"href":"https:\/\/reisepassfuhrer.com\/lt\/wp-json\/wp\/v2\/product\/3199","targetHints":{"allow":["GET"]}}],"collection":[{"href":"https:\/\/reisepassfuhrer.com\/lt\/wp-json\/wp\/v2\/product"}],"about":[{"href":"https:\/\/reisepassfuhrer.com\/lt\/wp-json\/wp\/v2\/types\/product"}],"replies":[{"embeddable":true,"href":"https:\/\/reisepassfuhrer.com\/lt\/wp-json\/wp\/v2\/comments?post=3199"}],"wp:featuredmedia":[{"embeddable":true,"href":"https:\/\/reisepassfuhrer.com\/lt\/wp-json\/wp\/v2\/media\/3201"}],"wp:attachment":[{"href":"https:\/\/reisepassfuhrer.com\/lt\/wp-json\/wp\/v2\/media?parent=3199"}],"wp:term":[{"taxonomy":"product_brand","embeddable":true,"href":"https:\/\/reisepassfuhrer.com\/lt\/wp-json\/wp\/v2\/product_brand?post=3199"},{"taxonomy":"product_cat","embeddable":true,"href":"https:\/\/reisepassfuhrer.com\/lt\/wp-json\/wp\/v2\/product_cat?post=3199"},{"taxonomy":"product_tag","embeddable":true,"href":"https:\/\/reisepassfuhrer.com\/lt\/wp-json\/wp\/v2\/product_tag?post=3199"}],"curies":[{"name":"wp","href":"https:\/\/api.w.org\/{rel}","templated":true}]}}