{"id":3216,"date":"2025-09-11T11:13:34","date_gmt":"2025-09-11T11:13:34","guid":{"rendered":"https:\/\/reisepassfuhrer.com\/?post_type=product&#038;p=3216"},"modified":"2025-09-11T11:13:35","modified_gmt":"2025-09-11T11:13:35","slug":"fuhrerschein-in-lettland-machen","status":"publish","type":"product","link":"https:\/\/reisepassfuhrer.com\/lt\/product\/gauti-vairuotojo-pazymejima-latvijoje\/","title":{"rendered":"gauti vairuotojo pa\u017eym\u0117jim\u0105 latvijoje"},"content":{"rendered":"<h3 data-start=\"159\" data-end=\"237\"><strong data-start=\"163\" data-end=\"237\">Vairuotojo pa\u017eym\u0117jimo gavimas Latvijoje - greitas, teis\u0117tas ir pripa\u017e\u012fstamas ES<\/strong><\/h3>\n<p data-start=\"239\" data-end=\"414\">Ar nor\u0117tum\u0117te <strong data-start=\"251\" data-end=\"298\">Greitai ir teis\u0117tai gaukite vairuotojo pa\u017eym\u0117jim\u0105<\/strong>, be m\u0117nesi\u0173 laukimo ar sud\u0117ting\u0173 tyrimo proced\u016br\u0173? Tada <strong data-start=\"375\" data-end=\"387\">Latvija<\/strong> idealus sprendimas jums!<\/p>\n<p data-start=\"416\" data-end=\"723\">Galime jums pad\u0117ti savo paslaugomis, <strong data-start=\"454\" data-end=\"515\">gauti ES pripa\u017e\u012fstam\u0105 vairuotojo pa\u017eym\u0117jim\u0105 Latvijoje.<\/strong> - paprastas, veiksmingas ir teis\u0117tas 100%. Latvijoje galioja ai\u0161kus teisinis reglamentavimas ir s\u0105\u017einingos s\u0105lygos, leid\u017eian\u010dios gauti vairuotojo pa\u017eym\u0117jim\u0105. <strong data-start=\"658\" data-end=\"680\">\u017dymiai grei\u010diau<\/strong> nei daugelyje kit\u0173 \u0161ali\u0173.<\/p>\n<p data-start=\"725\" data-end=\"968\">\u2705 <strong data-start=\"727\" data-end=\"760\">visoje ES galiojantis vairuotojo pa\u017eym\u0117jimas<\/strong><br data-start=\"760\" data-end=\"763\" \/>\u2705 <strong data-start=\"765\" data-end=\"816\">Jokio kalbos barjero - palaikymas vokie\u010di\u0173 kalba<\/strong><br data-start=\"816\" data-end=\"819\" \/>\u2705 <strong data-start=\"821\" data-end=\"864\">Greitas apdorojimas ir lankst\u016bs terminai<\/strong><br data-start=\"864\" data-end=\"867\" \/>\u2705 <strong data-start=\"869\" data-end=\"916\">Visas paketas, \u012fskaitant teorijos ir praktin\u012f egzamin\u0105<\/strong><br data-start=\"916\" data-end=\"919\" \/>\u2705 <strong data-start=\"921\" data-end=\"968\">Skaidrios s\u0105naudos ir teisinius reikalavimus atitinkantis procesas<\/strong><\/p>\n<p data-start=\"970\" data-end=\"1295\">Nesvarbu, ar vairuotojo pa\u017eym\u0117jim\u0105 gaunate pirm\u0105 kart\u0105, ar j\u012f praradote, ar norite i\u0161vengti draudimo vairuoti - m\u016bs\u0173 komanda profesionaliai pad\u0117s jums atlikti kiekvien\u0105 \u017eingsn\u012f. Latvijos vairuotojo pa\u017eym\u0117jimas yra <strong data-start=\"1165\" data-end=\"1202\">Visi\u0161kai registruotas ir teis\u0117tas<\/strong>, su registracija ES sistemoje - taip <strong data-start=\"1240\" data-end=\"1294\">Gali b\u016bti be rizikos naudojamas Vokietijoje ir visoje Europoje<\/strong>.<\/p>\n<p data-start=\"1297\" data-end=\"1378\">\ud83d\ude97 <strong data-start=\"1300\" data-end=\"1378\">Vairuotojo pa\u017eym\u0117jimo gavimas Latvijoje - greitas gr\u012f\u017eimas \u012f keli\u0105!<\/strong><\/p>\n<p data-start=\"1380\" data-end=\"1472\">\ud83d\udce9 Gaukite nemokam\u0105 konsultacij\u0105 dabar ir \u017eenkite pirm\u0105j\u012f \u017eingsn\u012f link teis\u0117to ES vairuotojo pa\u017eym\u0117jimo!<\/p>","protected":false},"excerpt":{"rendered":"<p>F\u00fchrerschein in Lettland machen \u2013 Schnell, legal &amp; anerkannt in der EU M\u00f6chten Sie Ihren F\u00fchrerschein schnell und legal machen, ohne monatelange Wartezeiten oder komplizierte Pr\u00fcfungsverfahren? Dann ist Lettland die ideale L\u00f6sung f\u00fcr Sie! Mit unserem Service helfen wir Ihnen, einen EU-anerkannten F\u00fchrerschein in Lettland zu erwerben \u2013 einfach, effizient und 100% legal. Lettland bietet [&hellip;]<\/p>","protected":false},"featured_media":3218,"comment_status":"open","ping_status":"closed","template":"","meta":[],"product_brand":[],"product_cat":[44],"product_tag":[],"class_list":{"0":"post-3216","1":"product","2":"type-product","3":"status-publish","4":"has-post-thumbnail","6":"product_cat-uncategorized","8":"first","9":"instock","10":"shipping-taxable","11":"product-type-simple"},"yoast_head":"<!-- This site is optimized with the Yoast SEO Premium plugin v22.2 (Yoast SEO v26.2) - https:\/\/yoast.com\/wordpress\/plugins\/seo\/ -->\n<title>f\u00fchrerschein in lettland machen - Reisepassfuhrer<\/title>\n<meta name=\"robots\" content=\"noindex, follow, max-snippet:-1, max-image-preview:large, max-video-preview:-1\" \/>\n<meta property=\"og:locale\" content=\"lt_LT\" \/>\n<meta property=\"og:type\" content=\"article\" \/>\n<meta property=\"og:title\" content=\"f\u00fchrerschein in lettland machen\" \/>\n<meta property=\"og:description\" content=\"F\u00fchrerschein in Lettland machen \u2013 Schnell, legal &amp; anerkannt in der EU M\u00f6chten Sie Ihren F\u00fchrerschein schnell und legal machen, ohne monatelange Wartezeiten oder komplizierte Pr\u00fcfungsverfahren? Dann ist Lettland die ideale L\u00f6sung f\u00fcr Sie! Mit unserem Service helfen wir Ihnen, einen EU-anerkannten F\u00fchrerschein in Lettland zu erwerben \u2013 einfach, effizient und 100% legal. Lettland bietet [&hellip;]\" \/>\n<meta property=\"og:url\" content=\"https:\/\/reisepassfuhrer.com\/lt\/product\/gauti-vairuotojo-pazymejima-latvijoje\/\" \/>\n<meta property=\"og:site_name\" content=\"Reisepassfuhrer\" \/>\n<meta property=\"article:modified_time\" content=\"2025-09-11T11:13:35+00:00\" \/>\n<meta property=\"og:image\" content=\"http:\/\/reisepassfuhrer.com\/wp-content\/uploads\/2025\/09\/download-95.jpeg\" \/>\n\t<meta property=\"og:image:width\" content=\"300\" \/>\n\t<meta property=\"og:image:height\" content=\"168\" \/>\n\t<meta property=\"og:image:type\" content=\"image\/jpeg\" \/>\n<meta name=\"twitter:card\" content=\"summary_large_image\" \/>\n<meta name=\"twitter:label1\" content=\"Est. reading time\" \/>\n\t<meta name=\"twitter:data1\" content=\"1 minut\u0117\" \/>\n<script type=\"application\/ld+json\" class=\"yoast-schema-graph\">{\"@context\":\"https:\/\/schema.org\",\"@graph\":[{\"@type\":\"WebPage\",\"@id\":\"https:\/\/reisepassfuhrer.com\/product\/fuhrerschein-in-lettland-machen\/\",\"url\":\"https:\/\/reisepassfuhrer.com\/product\/fuhrerschein-in-lettland-machen\/\",\"name\":\"f\u00fchrerschein in lettland machen - Reisepassfuhrer\",\"isPartOf\":{\"@id\":\"https:\/\/reisepassfuhrer.com\/#website\"},\"primaryImageOfPage\":{\"@id\":\"https:\/\/reisepassfuhrer.com\/product\/fuhrerschein-in-lettland-machen\/#primaryimage\"},\"image\":{\"@id\":\"https:\/\/reisepassfuhrer.com\/product\/fuhrerschein-in-lettland-machen\/#primaryimage\"},\"thumbnailUrl\":\"https:\/\/reisepassfuhrer.com\/wp-content\/uploads\/2025\/09\/download-95.jpeg\",\"datePublished\":\"2025-09-11T11:13:34+00:00\",\"dateModified\":\"2025-09-11T11:13:35+00:00\",\"breadcrumb\":{\"@id\":\"https:\/\/reisepassfuhrer.com\/product\/fuhrerschein-in-lettland-machen\/#breadcrumb\"},\"inLanguage\":\"lt-LT\",\"potentialAction\":[{\"@type\":\"ReadAction\",\"target\":[\"https:\/\/reisepassfuhrer.com\/product\/fuhrerschein-in-lettland-machen\/\"]}]},{\"@type\":\"ImageObject\",\"inLanguage\":\"lt-LT\",\"@id\":\"https:\/\/reisepassfuhrer.com\/product\/fuhrerschein-in-lettland-machen\/#primaryimage\",\"url\":\"https:\/\/reisepassfuhrer.com\/wp-content\/uploads\/2025\/09\/download-95.jpeg\",\"contentUrl\":\"https:\/\/reisepassfuhrer.com\/wp-content\/uploads\/2025\/09\/download-95.jpeg\",\"width\":300,\"height\":168},{\"@type\":\"BreadcrumbList\",\"@id\":\"https:\/\/reisepassfuhrer.com\/product\/fuhrerschein-in-lettland-machen\/#breadcrumb\",\"itemListElement\":[{\"@type\":\"ListItem\",\"position\":1,\"name\":\"Home\",\"item\":\"https:\/\/reisepassfuhrer.com\/\"},{\"@type\":\"ListItem\",\"position\":2,\"name\":\"Shop\",\"item\":\"https:\/\/reisepassfuhrer.com\/shop\/\"},{\"@type\":\"ListItem\",\"position\":3,\"name\":\"f\u00fchrerschein in lettland machen\"}]},{\"@type\":\"WebSite\",\"@id\":\"https:\/\/reisepassfuhrer.com\/#website\",\"url\":\"https:\/\/reisepassfuhrer.com\/\",\"name\":\"Reisepassfuhrer\",\"description\":\"Reisepass Beantragen Berlin\",\"publisher\":{\"@id\":\"https:\/\/reisepassfuhrer.com\/#organization\"},\"potentialAction\":[{\"@type\":\"SearchAction\",\"target\":{\"@type\":\"EntryPoint\",\"urlTemplate\":\"https:\/\/reisepassfuhrer.com\/?s={search_term_string}\"},\"query-input\":{\"@type\":\"PropertyValueSpecification\",\"valueRequired\":true,\"valueName\":\"search_term_string\"}}],\"inLanguage\":\"lt-LT\"},{\"@type\":\"Organization\",\"@id\":\"https:\/\/reisepassfuhrer.com\/#organization\",\"name\":\"Reisepassfuhrer\",\"url\":\"https:\/\/reisepassfuhrer.com\/\",\"logo\":{\"@type\":\"ImageObject\",\"inLanguage\":\"lt-LT\",\"@id\":\"https:\/\/reisepassfuhrer.com\/#\/schema\/logo\/image\/\",\"url\":\"https:\/\/reisepassfuhrer.com\/wp-content\/uploads\/2024\/03\/Reisepassfuhrer-logo.png\",\"contentUrl\":\"https:\/\/reisepassfuhrer.com\/wp-content\/uploads\/2024\/03\/Reisepassfuhrer-logo.png\",\"width\":112,\"height\":112,\"caption\":\"Reisepassfuhrer\"},\"image\":{\"@id\":\"https:\/\/reisepassfuhrer.com\/#\/schema\/logo\/image\/\"}}]}<\/script>\n<!-- \/ Yoast SEO Premium plugin. -->","yoast_head_json":{"title":"vairuotojo pa\u017eym\u0117jimas latvijoje - pas\u0173 vadovas","robots":{"index":"noindex","follow":"follow","max-snippet":"max-snippet:-1","max-image-preview":"max-image-preview:large","max-video-preview":"max-video-preview:-1"},"og_locale":"lt_LT","og_type":"article","og_title":"f\u00fchrerschein in lettland machen","og_description":"F\u00fchrerschein in Lettland machen \u2013 Schnell, legal &amp; anerkannt in der EU M\u00f6chten Sie Ihren F\u00fchrerschein schnell und legal machen, ohne monatelange Wartezeiten oder komplizierte Pr\u00fcfungsverfahren? Dann ist Lettland die ideale L\u00f6sung f\u00fcr Sie! Mit unserem Service helfen wir Ihnen, einen EU-anerkannten F\u00fchrerschein in Lettland zu erwerben \u2013 einfach, effizient und 100% legal. Lettland bietet [&hellip;]","og_url":"https:\/\/reisepassfuhrer.com\/lt\/product\/gauti-vairuotojo-pazymejima-latvijoje\/","og_site_name":"Reisepassfuhrer","article_modified_time":"2025-09-11T11:13:35+00:00","og_image":[{"width":300,"height":168,"url":"http:\/\/reisepassfuhrer.com\/wp-content\/uploads\/2025\/09\/download-95.jpeg","type":"image\/jpeg"}],"twitter_card":"summary_large_image","twitter_misc":{"Est. reading time":"1 minut\u0117"},"schema":{"@context":"https:\/\/schema.org","@graph":[{"@type":"WebPage","@id":"https:\/\/reisepassfuhrer.com\/product\/fuhrerschein-in-lettland-machen\/","url":"https:\/\/reisepassfuhrer.com\/product\/fuhrerschein-in-lettland-machen\/","name":"vairuotojo pa\u017eym\u0117jimas latvijoje - pas\u0173 vadovas","isPartOf":{"@id":"https:\/\/reisepassfuhrer.com\/#website"},"primaryImageOfPage":{"@id":"https:\/\/reisepassfuhrer.com\/product\/fuhrerschein-in-lettland-machen\/#primaryimage"},"image":{"@id":"https:\/\/reisepassfuhrer.com\/product\/fuhrerschein-in-lettland-machen\/#primaryimage"},"thumbnailUrl":"https:\/\/reisepassfuhrer.com\/wp-content\/uploads\/2025\/09\/download-95.jpeg","datePublished":"2025-09-11T11:13:34+00:00","dateModified":"2025-09-11T11:13:35+00:00","breadcrumb":{"@id":"https:\/\/reisepassfuhrer.com\/product\/fuhrerschein-in-lettland-machen\/#breadcrumb"},"inLanguage":"lt-LT","potentialAction":[{"@type":"ReadAction","target":["https:\/\/reisepassfuhrer.com\/product\/fuhrerschein-in-lettland-machen\/"]}]},{"@type":"ImageObject","inLanguage":"lt-LT","@id":"https:\/\/reisepassfuhrer.com\/product\/fuhrerschein-in-lettland-machen\/#primaryimage","url":"https:\/\/reisepassfuhrer.com\/wp-content\/uploads\/2025\/09\/download-95.jpeg","contentUrl":"https:\/\/reisepassfuhrer.com\/wp-content\/uploads\/2025\/09\/download-95.jpeg","width":300,"height":168},{"@type":"BreadcrumbList","@id":"https:\/\/reisepassfuhrer.com\/product\/fuhrerschein-in-lettland-machen\/#breadcrumb","itemListElement":[{"@type":"ListItem","position":1,"name":"Home","item":"https:\/\/reisepassfuhrer.com\/"},{"@type":"ListItem","position":2,"name":"Shop","item":"https:\/\/reisepassfuhrer.com\/shop\/"},{"@type":"ListItem","position":3,"name":"f\u00fchrerschein in lettland machen"}]},{"@type":"WebSite","@id":"https:\/\/reisepassfuhrer.com\/#website","url":"https:\/\/reisepassfuhrer.com\/","name":"Paso vadovas","description":"Pra\u0161ymas i\u0161duoti pas\u0105 Berlyne","publisher":{"@id":"https:\/\/reisepassfuhrer.com\/#organization"},"potentialAction":[{"@type":"SearchAction","target":{"@type":"EntryPoint","urlTemplate":"https:\/\/reisepassfuhrer.com\/?s={search_term_string}"},"query-input":{"@type":"PropertyValueSpecification","valueRequired":true,"valueName":"search_term_string"}}],"inLanguage":"lt-LT"},{"@type":"Organization","@id":"https:\/\/reisepassfuhrer.com\/#organization","name":"Paso vadovas","url":"https:\/\/reisepassfuhrer.com\/","logo":{"@type":"ImageObject","inLanguage":"lt-LT","@id":"https:\/\/reisepassfuhrer.com\/#\/schema\/logo\/image\/","url":"https:\/\/reisepassfuhrer.com\/wp-content\/uploads\/2024\/03\/Reisepassfuhrer-logo.png","contentUrl":"https:\/\/reisepassfuhrer.com\/wp-content\/uploads\/2024\/03\/Reisepassfuhrer-logo.png","width":112,"height":112,"caption":"Reisepassfuhrer"},"image":{"@id":"https:\/\/reisepassfuhrer.com\/#\/schema\/logo\/image\/"}}]}},"_links":{"self":[{"href":"https:\/\/reisepassfuhrer.com\/lt\/wp-json\/wp\/v2\/product\/3216","targetHints":{"allow":["GET"]}}],"collection":[{"href":"https:\/\/reisepassfuhrer.com\/lt\/wp-json\/wp\/v2\/product"}],"about":[{"href":"https:\/\/reisepassfuhrer.com\/lt\/wp-json\/wp\/v2\/types\/product"}],"replies":[{"embeddable":true,"href":"https:\/\/reisepassfuhrer.com\/lt\/wp-json\/wp\/v2\/comments?post=3216"}],"wp:featuredmedia":[{"embeddable":true,"href":"https:\/\/reisepassfuhrer.com\/lt\/wp-json\/wp\/v2\/media\/3218"}],"wp:attachment":[{"href":"https:\/\/reisepassfuhrer.com\/lt\/wp-json\/wp\/v2\/media?parent=3216"}],"wp:term":[{"taxonomy":"product_brand","embeddable":true,"href":"https:\/\/reisepassfuhrer.com\/lt\/wp-json\/wp\/v2\/product_brand?post=3216"},{"taxonomy":"product_cat","embeddable":true,"href":"https:\/\/reisepassfuhrer.com\/lt\/wp-json\/wp\/v2\/product_cat?post=3216"},{"taxonomy":"product_tag","embeddable":true,"href":"https:\/\/reisepassfuhrer.com\/lt\/wp-json\/wp\/v2\/product_tag?post=3216"}],"curies":[{"name":"wp","href":"https:\/\/api.w.org\/{rel}","templated":true}]}}