{"id":3219,"date":"2025-09-12T11:21:04","date_gmt":"2025-09-12T11:21:04","guid":{"rendered":"https:\/\/reisepassfuhrer.com\/?post_type=product&#038;p=3219"},"modified":"2025-09-12T11:21:05","modified_gmt":"2025-09-12T11:21:05","slug":"wunschkennzeichen-berlin","status":"publish","type":"product","link":"https:\/\/reisepassfuhrer.com\/lt\/product\/valstybinio-numerio-zenklas-berlyne\/","title":{"rendered":"Numerio \u017eenklai Berlynas"},"content":{"rendered":"<h3 data-start=\"225\" data-end=\"295\">Individual\u016bs numerio \u017eenklai Berlyne - J\u016bs\u0173 numerio \u017eenklas, J\u016bs\u0173 asmenyb\u0117!<\/h3>\n<p data-start=\"297\" data-end=\"571\">Norite savo transporto priemonei suteikti asmenin\u012f akcent\u0105? Tuomet <strong data-start=\"373\" data-end=\"404\">Numerio \u017eenklai Berlyne<\/strong> kaip tik tai, kas jums tinka! Greitai ir lengvai u\u017esisak\u0119 internetu galite u\u017esitikrinti savo asmenin\u012f numerio \u017eenkl\u0105 - <strong data-start=\"538\" data-end=\"570\">i\u0161 savo nam\u0173<\/strong>.<\/p>\n<hr data-start=\"573\" data-end=\"576\" \/>\n<h3 data-start=\"578\" data-end=\"620\">Kod\u0117l verta rinktis asmenin\u012f numerio \u017eenkl\u0105 Berlyne?<\/h3>\n<p data-start=\"622\" data-end=\"849\">\u2714 <strong data-start=\"624\" data-end=\"666\">Unikalumas ir pripa\u017einimo vert\u0117<\/strong><br data-start=\"666\" data-end=\"669\" \/>Nesvarbu, ar tai b\u016bt\u0173 inicialai, gimimo data, ar m\u0117gstamas derinys - su <strong data-start=\"728\" data-end=\"757\">individualus valstybinio numerio \u017eenklas<\/strong> padarykite savo automobil\u012f ar motocikl\u0105 unikal\u0173. Parodykite savo asmenyb\u0119 Berlyno gatv\u0117se!<\/p>\n<p data-start=\"851\" data-end=\"1081\">\u2714 <strong data-start=\"853\" data-end=\"885\">Paprastas u\u017esakymas internetu<\/strong><br data-start=\"885\" data-end=\"888\" \/>I\u0161venkite ilgo laukimo biure! Naudodamiesi m\u016bs\u0173 patogiomis paslaugomis galite organizuoti savo <strong data-start=\"982\" data-end=\"1029\">Rezervuokite Berlyno numerio \u017eenkl\u0105 internetu<\/strong>, patikrinkite ir i\u0161saugokite tiesiogiai - vos keliais spustel\u0117jimais.<\/p>\n<p data-start=\"1083\" data-end=\"1264\">\u2714 <strong data-start=\"1085\" data-end=\"1130\">Oficialus licencijavimo biuras ir 100 % legalu<\/strong><br data-start=\"1130\" data-end=\"1133\" \/>M\u016bs\u0173 platforma yra tiesiogiai susijusi su Berlyno vald\u017eios institucijomis. Gausite <strong data-start=\"1215\" data-end=\"1245\">Teis\u0117s akt\u0173 reikalavimus atitinkanti rezervacija<\/strong>, be joki\u0173 aplinkkeli\u0173.<\/p>\n<p data-start=\"1266\" data-end=\"1450\">\u2714 <strong data-start=\"1268\" data-end=\"1293\">Greitas ir patikimas<\/strong><br data-start=\"1293\" data-end=\"1296\" \/>U\u017esisakykite savo numerio \u017eenkl\u0105 \u0161iandien ir gaukite j\u012f tiesiai pagal u\u017esakym\u0105 <strong data-start=\"1363\" data-end=\"1401\">su auk\u0161tos kokyb\u0117s valstybinio numerio \u017eenkl\u0173 spauda<\/strong> pristatomas \u012f namus, \u012fskaitant greit\u0105j\u012f pristatym\u0105.<\/p>\n<p data-start=\"1452\" data-end=\"1606\">\u2714 <strong data-start=\"1454\" data-end=\"1497\">Palankios kainos ir skaidr\u016bs mokes\u010diai<\/strong><br data-start=\"1497\" data-end=\"1500\" \/>Joki\u0173 pasl\u0117pt\u0173 i\u0161laid\u0173! Su mumis nuo pat prad\u017ei\u0173 \u017einote, kiek mokate - s\u0105\u017einingai, skaidriai ir u\u017e prieinam\u0105 kain\u0105.<\/p>\n<hr data-start=\"1608\" data-end=\"1611\" \/>\n<h3 data-start=\"1613\" data-end=\"1635\">\u0160tai kaip tai veikia:<\/h3>\n<ol data-start=\"1637\" data-end=\"1806\">\n<li data-start=\"1637\" data-end=\"1662\">\n<p data-start=\"1640\" data-end=\"1662\">Patikrinti prieinamum\u0105<\/p>\n<\/li>\n<li data-start=\"1663\" data-end=\"1695\">\n<p data-start=\"1666\" data-end=\"1695\">Pasirinkite norim\u0105 derin\u012f<\/p>\n<\/li>\n<li data-start=\"1696\" data-end=\"1734\">\n<p data-start=\"1699\" data-end=\"1734\">Rezervuoti ir saugoti numerio \u017eenkl\u0105<\/p>\n<\/li>\n<li data-start=\"1735\" data-end=\"1775\">\n<p data-start=\"1738\" data-end=\"1775\">Pasirinktinai: u\u017esakykite valstybinio numerio \u017eenklus<\/p>\n<\/li>\n<li data-start=\"1776\" data-end=\"1806\">\n<p data-start=\"1779\" data-end=\"1806\">U\u017eregistruokite savo transporto priemon\u0119 - baigta!<\/p>\n<\/li>\n<\/ol>\n<hr data-start=\"1808\" data-end=\"1811\" \/>\n<h3 data-start=\"1813\" data-end=\"1863\">Parodykite stili\u0173 su savo Berlyno numerio \u017eenklu<\/h3>\n<p data-start=\"1865\" data-end=\"2099\">Pritaikykite savo kasdien\u012f gyvenim\u0105 - su jums tinkan\u010dia lentele. Nesvarbu, ar tai b\u016bt\u0173 klasikinis, k\u016brybi\u0161kas, ar \u0161aunus \u017eenklas: Berlyne viskas \u012fmanoma. U\u017esisakykite dabar ir <strong data-start=\"2035\" data-end=\"2098\">rodyti pavyzd\u012f Berlyno gatv\u0117se ir u\u017e j\u0173 rib\u0173.<\/strong>!<\/p>","protected":false},"excerpt":{"rendered":"<p>Wunschkennzeichen Berlin \u2013 Dein Kennzeichen, Deine Pers\u00f6nlichkeit! Du willst deinem Fahrzeug einen individuellen Touch verleihen? Dann ist ein Wunschkennzeichen in Berlin genau das Richtige f\u00fcr dich! Mit unserer einfachen und schnellen Online-Reservierung sicherst du dir dein pers\u00f6nliches Kennzeichen \u2013 ganz bequem von zu Hause aus. Warum ein Wunschkennzeichen in Berlin? \u2714 Einzigartigkeit &amp; WiedererkennungswertOb Initialen, [&hellip;]<\/p>","protected":false},"featured_media":3221,"comment_status":"open","ping_status":"closed","template":"","meta":[],"product_brand":[],"product_cat":[44],"product_tag":[],"class_list":{"0":"post-3219","1":"product","2":"type-product","3":"status-publish","4":"has-post-thumbnail","6":"product_cat-uncategorized","8":"first","9":"instock","10":"shipping-taxable","11":"product-type-simple"},"yoast_head":"<!-- This site is optimized with the Yoast SEO Premium plugin v22.2 (Yoast SEO v26.2) - https:\/\/yoast.com\/wordpress\/plugins\/seo\/ -->\n<title>Wunschkennzeichen Berlin - Reisepassfuhrer<\/title>\n<meta name=\"robots\" content=\"noindex, follow, max-snippet:-1, max-image-preview:large, max-video-preview:-1\" \/>\n<meta property=\"og:locale\" content=\"lt_LT\" \/>\n<meta property=\"og:type\" content=\"article\" \/>\n<meta property=\"og:title\" content=\"Wunschkennzeichen Berlin\" \/>\n<meta property=\"og:description\" content=\"Wunschkennzeichen Berlin \u2013 Dein Kennzeichen, Deine Pers\u00f6nlichkeit! Du willst deinem Fahrzeug einen individuellen Touch verleihen? Dann ist ein Wunschkennzeichen in Berlin genau das Richtige f\u00fcr dich! Mit unserer einfachen und schnellen Online-Reservierung sicherst du dir dein pers\u00f6nliches Kennzeichen \u2013 ganz bequem von zu Hause aus. Warum ein Wunschkennzeichen in Berlin? \u2714 Einzigartigkeit &amp; WiedererkennungswertOb Initialen, [&hellip;]\" \/>\n<meta property=\"og:url\" content=\"https:\/\/reisepassfuhrer.com\/lt\/product\/valstybinio-numerio-zenklas-berlyne\/\" \/>\n<meta property=\"og:site_name\" content=\"Reisepassfuhrer\" \/>\n<meta property=\"article:modified_time\" content=\"2025-09-12T11:21:05+00:00\" \/>\n<meta property=\"og:image\" content=\"http:\/\/reisepassfuhrer.com\/wp-content\/uploads\/2025\/09\/download-97.jpeg\" \/>\n\t<meta property=\"og:image:width\" content=\"275\" \/>\n\t<meta property=\"og:image:height\" content=\"183\" \/>\n\t<meta property=\"og:image:type\" content=\"image\/jpeg\" \/>\n<meta name=\"twitter:card\" content=\"summary_large_image\" \/>\n<meta name=\"twitter:label1\" content=\"Est. reading time\" \/>\n\t<meta name=\"twitter:data1\" content=\"2 minut\u0117s\" \/>\n<script type=\"application\/ld+json\" class=\"yoast-schema-graph\">{\"@context\":\"https:\/\/schema.org\",\"@graph\":[{\"@type\":\"WebPage\",\"@id\":\"https:\/\/reisepassfuhrer.com\/product\/wunschkennzeichen-berlin\/\",\"url\":\"https:\/\/reisepassfuhrer.com\/product\/wunschkennzeichen-berlin\/\",\"name\":\"Wunschkennzeichen Berlin - Reisepassfuhrer\",\"isPartOf\":{\"@id\":\"https:\/\/reisepassfuhrer.com\/#website\"},\"primaryImageOfPage\":{\"@id\":\"https:\/\/reisepassfuhrer.com\/product\/wunschkennzeichen-berlin\/#primaryimage\"},\"image\":{\"@id\":\"https:\/\/reisepassfuhrer.com\/product\/wunschkennzeichen-berlin\/#primaryimage\"},\"thumbnailUrl\":\"https:\/\/reisepassfuhrer.com\/wp-content\/uploads\/2025\/09\/download-97.jpeg\",\"datePublished\":\"2025-09-12T11:21:04+00:00\",\"dateModified\":\"2025-09-12T11:21:05+00:00\",\"breadcrumb\":{\"@id\":\"https:\/\/reisepassfuhrer.com\/product\/wunschkennzeichen-berlin\/#breadcrumb\"},\"inLanguage\":\"lt-LT\",\"potentialAction\":[{\"@type\":\"ReadAction\",\"target\":[\"https:\/\/reisepassfuhrer.com\/product\/wunschkennzeichen-berlin\/\"]}]},{\"@type\":\"ImageObject\",\"inLanguage\":\"lt-LT\",\"@id\":\"https:\/\/reisepassfuhrer.com\/product\/wunschkennzeichen-berlin\/#primaryimage\",\"url\":\"https:\/\/reisepassfuhrer.com\/wp-content\/uploads\/2025\/09\/download-97.jpeg\",\"contentUrl\":\"https:\/\/reisepassfuhrer.com\/wp-content\/uploads\/2025\/09\/download-97.jpeg\",\"width\":275,\"height\":183},{\"@type\":\"BreadcrumbList\",\"@id\":\"https:\/\/reisepassfuhrer.com\/product\/wunschkennzeichen-berlin\/#breadcrumb\",\"itemListElement\":[{\"@type\":\"ListItem\",\"position\":1,\"name\":\"Home\",\"item\":\"https:\/\/reisepassfuhrer.com\/\"},{\"@type\":\"ListItem\",\"position\":2,\"name\":\"Shop\",\"item\":\"https:\/\/reisepassfuhrer.com\/shop\/\"},{\"@type\":\"ListItem\",\"position\":3,\"name\":\"Wunschkennzeichen Berlin\"}]},{\"@type\":\"WebSite\",\"@id\":\"https:\/\/reisepassfuhrer.com\/#website\",\"url\":\"https:\/\/reisepassfuhrer.com\/\",\"name\":\"Reisepassfuhrer\",\"description\":\"Reisepass Beantragen Berlin\",\"publisher\":{\"@id\":\"https:\/\/reisepassfuhrer.com\/#organization\"},\"potentialAction\":[{\"@type\":\"SearchAction\",\"target\":{\"@type\":\"EntryPoint\",\"urlTemplate\":\"https:\/\/reisepassfuhrer.com\/?s={search_term_string}\"},\"query-input\":{\"@type\":\"PropertyValueSpecification\",\"valueRequired\":true,\"valueName\":\"search_term_string\"}}],\"inLanguage\":\"lt-LT\"},{\"@type\":\"Organization\",\"@id\":\"https:\/\/reisepassfuhrer.com\/#organization\",\"name\":\"Reisepassfuhrer\",\"url\":\"https:\/\/reisepassfuhrer.com\/\",\"logo\":{\"@type\":\"ImageObject\",\"inLanguage\":\"lt-LT\",\"@id\":\"https:\/\/reisepassfuhrer.com\/#\/schema\/logo\/image\/\",\"url\":\"https:\/\/reisepassfuhrer.com\/wp-content\/uploads\/2024\/03\/Reisepassfuhrer-logo.png\",\"contentUrl\":\"https:\/\/reisepassfuhrer.com\/wp-content\/uploads\/2024\/03\/Reisepassfuhrer-logo.png\",\"width\":112,\"height\":112,\"caption\":\"Reisepassfuhrer\"},\"image\":{\"@id\":\"https:\/\/reisepassfuhrer.com\/#\/schema\/logo\/image\/\"}}]}<\/script>\n<!-- \/ Yoast SEO Premium plugin. -->","yoast_head_json":{"title":"Berlyno tu\u0161tyb\u0117s numeriai - Pas\u0173 vadovas","robots":{"index":"noindex","follow":"follow","max-snippet":"max-snippet:-1","max-image-preview":"max-image-preview:large","max-video-preview":"max-video-preview:-1"},"og_locale":"lt_LT","og_type":"article","og_title":"Wunschkennzeichen Berlin","og_description":"Wunschkennzeichen Berlin \u2013 Dein Kennzeichen, Deine Pers\u00f6nlichkeit! Du willst deinem Fahrzeug einen individuellen Touch verleihen? Dann ist ein Wunschkennzeichen in Berlin genau das Richtige f\u00fcr dich! Mit unserer einfachen und schnellen Online-Reservierung sicherst du dir dein pers\u00f6nliches Kennzeichen \u2013 ganz bequem von zu Hause aus. Warum ein Wunschkennzeichen in Berlin? \u2714 Einzigartigkeit &amp; WiedererkennungswertOb Initialen, [&hellip;]","og_url":"https:\/\/reisepassfuhrer.com\/lt\/product\/valstybinio-numerio-zenklas-berlyne\/","og_site_name":"Reisepassfuhrer","article_modified_time":"2025-09-12T11:21:05+00:00","og_image":[{"width":275,"height":183,"url":"http:\/\/reisepassfuhrer.com\/wp-content\/uploads\/2025\/09\/download-97.jpeg","type":"image\/jpeg"}],"twitter_card":"summary_large_image","twitter_misc":{"Est. reading time":"2 minut\u0117s"},"schema":{"@context":"https:\/\/schema.org","@graph":[{"@type":"WebPage","@id":"https:\/\/reisepassfuhrer.com\/product\/wunschkennzeichen-berlin\/","url":"https:\/\/reisepassfuhrer.com\/product\/wunschkennzeichen-berlin\/","name":"Berlyno tu\u0161tyb\u0117s numeriai - Pas\u0173 vadovas","isPartOf":{"@id":"https:\/\/reisepassfuhrer.com\/#website"},"primaryImageOfPage":{"@id":"https:\/\/reisepassfuhrer.com\/product\/wunschkennzeichen-berlin\/#primaryimage"},"image":{"@id":"https:\/\/reisepassfuhrer.com\/product\/wunschkennzeichen-berlin\/#primaryimage"},"thumbnailUrl":"https:\/\/reisepassfuhrer.com\/wp-content\/uploads\/2025\/09\/download-97.jpeg","datePublished":"2025-09-12T11:21:04+00:00","dateModified":"2025-09-12T11:21:05+00:00","breadcrumb":{"@id":"https:\/\/reisepassfuhrer.com\/product\/wunschkennzeichen-berlin\/#breadcrumb"},"inLanguage":"lt-LT","potentialAction":[{"@type":"ReadAction","target":["https:\/\/reisepassfuhrer.com\/product\/wunschkennzeichen-berlin\/"]}]},{"@type":"ImageObject","inLanguage":"lt-LT","@id":"https:\/\/reisepassfuhrer.com\/product\/wunschkennzeichen-berlin\/#primaryimage","url":"https:\/\/reisepassfuhrer.com\/wp-content\/uploads\/2025\/09\/download-97.jpeg","contentUrl":"https:\/\/reisepassfuhrer.com\/wp-content\/uploads\/2025\/09\/download-97.jpeg","width":275,"height":183},{"@type":"BreadcrumbList","@id":"https:\/\/reisepassfuhrer.com\/product\/wunschkennzeichen-berlin\/#breadcrumb","itemListElement":[{"@type":"ListItem","position":1,"name":"Home","item":"https:\/\/reisepassfuhrer.com\/"},{"@type":"ListItem","position":2,"name":"Shop","item":"https:\/\/reisepassfuhrer.com\/shop\/"},{"@type":"ListItem","position":3,"name":"Wunschkennzeichen Berlin"}]},{"@type":"WebSite","@id":"https:\/\/reisepassfuhrer.com\/#website","url":"https:\/\/reisepassfuhrer.com\/","name":"Paso vadovas","description":"Pra\u0161ymas i\u0161duoti pas\u0105 Berlyne","publisher":{"@id":"https:\/\/reisepassfuhrer.com\/#organization"},"potentialAction":[{"@type":"SearchAction","target":{"@type":"EntryPoint","urlTemplate":"https:\/\/reisepassfuhrer.com\/?s={search_term_string}"},"query-input":{"@type":"PropertyValueSpecification","valueRequired":true,"valueName":"search_term_string"}}],"inLanguage":"lt-LT"},{"@type":"Organization","@id":"https:\/\/reisepassfuhrer.com\/#organization","name":"Paso vadovas","url":"https:\/\/reisepassfuhrer.com\/","logo":{"@type":"ImageObject","inLanguage":"lt-LT","@id":"https:\/\/reisepassfuhrer.com\/#\/schema\/logo\/image\/","url":"https:\/\/reisepassfuhrer.com\/wp-content\/uploads\/2024\/03\/Reisepassfuhrer-logo.png","contentUrl":"https:\/\/reisepassfuhrer.com\/wp-content\/uploads\/2024\/03\/Reisepassfuhrer-logo.png","width":112,"height":112,"caption":"Reisepassfuhrer"},"image":{"@id":"https:\/\/reisepassfuhrer.com\/#\/schema\/logo\/image\/"}}]}},"_links":{"self":[{"href":"https:\/\/reisepassfuhrer.com\/lt\/wp-json\/wp\/v2\/product\/3219","targetHints":{"allow":["GET"]}}],"collection":[{"href":"https:\/\/reisepassfuhrer.com\/lt\/wp-json\/wp\/v2\/product"}],"about":[{"href":"https:\/\/reisepassfuhrer.com\/lt\/wp-json\/wp\/v2\/types\/product"}],"replies":[{"embeddable":true,"href":"https:\/\/reisepassfuhrer.com\/lt\/wp-json\/wp\/v2\/comments?post=3219"}],"wp:featuredmedia":[{"embeddable":true,"href":"https:\/\/reisepassfuhrer.com\/lt\/wp-json\/wp\/v2\/media\/3221"}],"wp:attachment":[{"href":"https:\/\/reisepassfuhrer.com\/lt\/wp-json\/wp\/v2\/media?parent=3219"}],"wp:term":[{"taxonomy":"product_brand","embeddable":true,"href":"https:\/\/reisepassfuhrer.com\/lt\/wp-json\/wp\/v2\/product_brand?post=3219"},{"taxonomy":"product_cat","embeddable":true,"href":"https:\/\/reisepassfuhrer.com\/lt\/wp-json\/wp\/v2\/product_cat?post=3219"},{"taxonomy":"product_tag","embeddable":true,"href":"https:\/\/reisepassfuhrer.com\/lt\/wp-json\/wp\/v2\/product_tag?post=3219"}],"curies":[{"name":"wp","href":"https:\/\/api.w.org\/{rel}","templated":true}]}}