{"id":3222,"date":"2025-09-18T12:20:15","date_gmt":"2025-09-18T12:20:15","guid":{"rendered":"https:\/\/reisepassfuhrer.com\/?post_type=product&#038;p=3222"},"modified":"2025-09-18T12:20:16","modified_gmt":"2025-09-18T12:20:16","slug":"fuhrerschein-italien-kosten","status":"publish","type":"product","link":"https:\/\/reisepassfuhrer.com\/lt\/product\/vairuotojo-pazymejimo-islaidos-italijoje\/","title":{"rendered":"Vairuotojo pa\u017eym\u0117jimo i\u0161laidos Italijoje"},"content":{"rendered":"<h3 data-start=\"248\" data-end=\"318\">Vairuotojo pa\u017eym\u0117jimas Italijoje - pigus, greitas ir galiojantis visoje ES<\/h3>\n<p data-start=\"320\" data-end=\"598\">Norite, kad <strong data-start=\"336\" data-end=\"370\">Vairuotojo pa\u017eym\u0117jimo gavimas Italijoje<\/strong>, bet paklauskite sav\u0119s, kuris <strong data-start=\"397\" data-end=\"407\">I\u0161laidos<\/strong> j\u016bs\u0173 kelyje? Su mumis gausite visi\u0161k\u0105 skaidrum\u0105! Parodysime, kaip galite <strong data-start=\"496\" data-end=\"551\">Ekonomi\u0161kas Italijos vairuotojo pa\u017eym\u0117jimo gavimas<\/strong> gali - teis\u0117tai ir <strong data-start=\"576\" data-end=\"597\">Pripa\u017e\u012fstama visoje ES<\/strong>.<\/p>\n<p data-start=\"600\" data-end=\"940\">Svetain\u0117 <strong data-start=\"604\" data-end=\"635\">Vairuotojo pa\u017eym\u0117jimo i\u0161laidos Italijoje<\/strong> da\u017enai yra gerokai ma\u017eesn\u0117s nei Vokietijoje. Be to, galite pasinaudoti greitesniu dokument\u0173 tvarkymu, lankstesniais tyrimo b\u016bdais ir ma\u017eesniu biurokratizmu. M\u016bs\u0173 tarnyba lydi jus \u017eingsnis po \u017eingsnio: nuo registracijos Italijos vairavimo mokykloje iki vairuotojo pa\u017eym\u0117jimo gavimo.<\/p>\n<h3 data-start=\"947\" data-end=\"986\">\u00a0J\u016bs\u0173 privalumai i\u0161 pirmo \u017evilgsnio:<\/h3>\n<ul data-start=\"987\" data-end=\"1199\">\n<li data-start=\"987\" data-end=\"1042\">\n<p data-start=\"989\" data-end=\"1042\">\u2714\ufe0f <strong data-start=\"992\" data-end=\"1021\">\u017denkliai ma\u017eesn\u0117s s\u0105naudos<\/strong> nei Vokietijoje.<\/p>\n<\/li>\n<li data-start=\"1043\" data-end=\"1087\">\n<p data-start=\"1045\" data-end=\"1087\">\u2714\ufe0f <strong data-start=\"1048\" data-end=\"1085\">Visi\u0161kai galioja ES.<\/strong><\/p>\n<\/li>\n<li data-start=\"1088\" data-end=\"1139\">\n<p data-start=\"1090\" data-end=\"1139\">\u2714\ufe0f <strong data-start=\"1093\" data-end=\"1137\">Greitas procesas ir asmeninis palaikymas<\/strong><\/p>\n<\/li>\n<li data-start=\"1140\" data-end=\"1199\">\n<p data-start=\"1142\" data-end=\"1199\">\u2714\ufe0f Parama su <strong data-start=\"1163\" data-end=\"1197\">Vertimai ir vizitai \u012f vald\u017eios institucijas<\/strong><\/p>\n<\/li>\n<\/ul>\n<p data-start=\"1201\" data-end=\"1366\">Nesvarbu, ar norite gauti nauj\u0105 vairuotojo pa\u017eym\u0117jim\u0105, ar \u012fsigyti nauj\u0105 po to, kai jis buvo atimtas, mes galime jums pad\u0117ti, <strong data-start=\"1296\" data-end=\"1365\">Suprasti ir optimizuoti vairuotojo pa\u017eym\u0117jimo i\u0161laidas Italijoje<\/strong>.<\/p>","protected":false},"excerpt":{"rendered":"<p>F\u00fchrerschein in Italien \u2013 G\u00fcnstig, Schnell &amp; EU-weit g\u00fcltig Du m\u00f6chtest den F\u00fchrerschein in Italien machen, aber fragst dich, welche Kosten auf dich zukommen? Bei uns erh\u00e4ltst du volle Transparenz! Wir zeigen dir, wie du deinen italienischen F\u00fchrerschein kosteneffizient erwerben kannst \u2013 ganz legal und EU-weit anerkannt. Die F\u00fchrerschein Italien Kosten sind oft deutlich niedriger [&hellip;]<\/p>","protected":false},"featured_media":3224,"comment_status":"open","ping_status":"closed","template":"","meta":[],"product_brand":[],"product_cat":[44],"product_tag":[],"class_list":{"0":"post-3222","1":"product","2":"type-product","3":"status-publish","4":"has-post-thumbnail","6":"product_cat-uncategorized","8":"first","9":"instock","10":"shipping-taxable","11":"product-type-simple"},"yoast_head":"<!-- This site is optimized with the Yoast SEO Premium plugin v22.2 (Yoast SEO v26.2) - https:\/\/yoast.com\/wordpress\/plugins\/seo\/ -->\n<title>f\u00fchrerschein italien kosten - Reisepassfuhrer<\/title>\n<meta name=\"robots\" content=\"noindex, follow, max-snippet:-1, max-image-preview:large, max-video-preview:-1\" \/>\n<meta property=\"og:locale\" content=\"lt_LT\" \/>\n<meta property=\"og:type\" content=\"article\" \/>\n<meta property=\"og:title\" content=\"f\u00fchrerschein italien kosten\" \/>\n<meta property=\"og:description\" content=\"F\u00fchrerschein in Italien \u2013 G\u00fcnstig, Schnell &amp; EU-weit g\u00fcltig Du m\u00f6chtest den F\u00fchrerschein in Italien machen, aber fragst dich, welche Kosten auf dich zukommen? Bei uns erh\u00e4ltst du volle Transparenz! Wir zeigen dir, wie du deinen italienischen F\u00fchrerschein kosteneffizient erwerben kannst \u2013 ganz legal und EU-weit anerkannt. Die F\u00fchrerschein Italien Kosten sind oft deutlich niedriger [&hellip;]\" \/>\n<meta property=\"og:url\" content=\"https:\/\/reisepassfuhrer.com\/lt\/product\/vairuotojo-pazymejimo-islaidos-italijoje\/\" \/>\n<meta property=\"og:site_name\" content=\"Reisepassfuhrer\" \/>\n<meta property=\"article:modified_time\" content=\"2025-09-18T12:20:16+00:00\" \/>\n<meta property=\"og:image\" content=\"http:\/\/reisepassfuhrer.com\/wp-content\/uploads\/2025\/09\/download-2025-09-18T051932.515.jpeg\" \/>\n\t<meta property=\"og:image:width\" content=\"280\" \/>\n\t<meta property=\"og:image:height\" content=\"180\" \/>\n\t<meta property=\"og:image:type\" content=\"image\/jpeg\" \/>\n<meta name=\"twitter:card\" content=\"summary_large_image\" \/>\n<meta name=\"twitter:label1\" content=\"Est. reading time\" \/>\n\t<meta name=\"twitter:data1\" content=\"1 minut\u0117\" \/>\n<script type=\"application\/ld+json\" class=\"yoast-schema-graph\">{\"@context\":\"https:\/\/schema.org\",\"@graph\":[{\"@type\":\"WebPage\",\"@id\":\"https:\/\/reisepassfuhrer.com\/product\/fuhrerschein-italien-kosten\/\",\"url\":\"https:\/\/reisepassfuhrer.com\/product\/fuhrerschein-italien-kosten\/\",\"name\":\"f\u00fchrerschein italien kosten - Reisepassfuhrer\",\"isPartOf\":{\"@id\":\"https:\/\/reisepassfuhrer.com\/#website\"},\"primaryImageOfPage\":{\"@id\":\"https:\/\/reisepassfuhrer.com\/product\/fuhrerschein-italien-kosten\/#primaryimage\"},\"image\":{\"@id\":\"https:\/\/reisepassfuhrer.com\/product\/fuhrerschein-italien-kosten\/#primaryimage\"},\"thumbnailUrl\":\"https:\/\/reisepassfuhrer.com\/wp-content\/uploads\/2025\/09\/download-2025-09-18T051932.515.jpeg\",\"datePublished\":\"2025-09-18T12:20:15+00:00\",\"dateModified\":\"2025-09-18T12:20:16+00:00\",\"breadcrumb\":{\"@id\":\"https:\/\/reisepassfuhrer.com\/product\/fuhrerschein-italien-kosten\/#breadcrumb\"},\"inLanguage\":\"lt-LT\",\"potentialAction\":[{\"@type\":\"ReadAction\",\"target\":[\"https:\/\/reisepassfuhrer.com\/product\/fuhrerschein-italien-kosten\/\"]}]},{\"@type\":\"ImageObject\",\"inLanguage\":\"lt-LT\",\"@id\":\"https:\/\/reisepassfuhrer.com\/product\/fuhrerschein-italien-kosten\/#primaryimage\",\"url\":\"https:\/\/reisepassfuhrer.com\/wp-content\/uploads\/2025\/09\/download-2025-09-18T051932.515.jpeg\",\"contentUrl\":\"https:\/\/reisepassfuhrer.com\/wp-content\/uploads\/2025\/09\/download-2025-09-18T051932.515.jpeg\",\"width\":280,\"height\":180},{\"@type\":\"BreadcrumbList\",\"@id\":\"https:\/\/reisepassfuhrer.com\/product\/fuhrerschein-italien-kosten\/#breadcrumb\",\"itemListElement\":[{\"@type\":\"ListItem\",\"position\":1,\"name\":\"Home\",\"item\":\"https:\/\/reisepassfuhrer.com\/\"},{\"@type\":\"ListItem\",\"position\":2,\"name\":\"Shop\",\"item\":\"https:\/\/reisepassfuhrer.com\/shop\/\"},{\"@type\":\"ListItem\",\"position\":3,\"name\":\"f\u00fchrerschein italien kosten\"}]},{\"@type\":\"WebSite\",\"@id\":\"https:\/\/reisepassfuhrer.com\/#website\",\"url\":\"https:\/\/reisepassfuhrer.com\/\",\"name\":\"Reisepassfuhrer\",\"description\":\"Reisepass Beantragen Berlin\",\"publisher\":{\"@id\":\"https:\/\/reisepassfuhrer.com\/#organization\"},\"potentialAction\":[{\"@type\":\"SearchAction\",\"target\":{\"@type\":\"EntryPoint\",\"urlTemplate\":\"https:\/\/reisepassfuhrer.com\/?s={search_term_string}\"},\"query-input\":{\"@type\":\"PropertyValueSpecification\",\"valueRequired\":true,\"valueName\":\"search_term_string\"}}],\"inLanguage\":\"lt-LT\"},{\"@type\":\"Organization\",\"@id\":\"https:\/\/reisepassfuhrer.com\/#organization\",\"name\":\"Reisepassfuhrer\",\"url\":\"https:\/\/reisepassfuhrer.com\/\",\"logo\":{\"@type\":\"ImageObject\",\"inLanguage\":\"lt-LT\",\"@id\":\"https:\/\/reisepassfuhrer.com\/#\/schema\/logo\/image\/\",\"url\":\"https:\/\/reisepassfuhrer.com\/wp-content\/uploads\/2024\/03\/Reisepassfuhrer-logo.png\",\"contentUrl\":\"https:\/\/reisepassfuhrer.com\/wp-content\/uploads\/2024\/03\/Reisepassfuhrer-logo.png\",\"width\":112,\"height\":112,\"caption\":\"Reisepassfuhrer\"},\"image\":{\"@id\":\"https:\/\/reisepassfuhrer.com\/#\/schema\/logo\/image\/\"}}]}<\/script>\n<!-- \/ Yoast SEO Premium plugin. -->","yoast_head_json":{"title":"Vairuotojo pa\u017eym\u0117jimo i\u0161laidos Italijoje - Reisepassfuhrer","robots":{"index":"noindex","follow":"follow","max-snippet":"max-snippet:-1","max-image-preview":"max-image-preview:large","max-video-preview":"max-video-preview:-1"},"og_locale":"lt_LT","og_type":"article","og_title":"f\u00fchrerschein italien kosten","og_description":"F\u00fchrerschein in Italien \u2013 G\u00fcnstig, Schnell &amp; EU-weit g\u00fcltig Du m\u00f6chtest den F\u00fchrerschein in Italien machen, aber fragst dich, welche Kosten auf dich zukommen? Bei uns erh\u00e4ltst du volle Transparenz! Wir zeigen dir, wie du deinen italienischen F\u00fchrerschein kosteneffizient erwerben kannst \u2013 ganz legal und EU-weit anerkannt. Die F\u00fchrerschein Italien Kosten sind oft deutlich niedriger [&hellip;]","og_url":"https:\/\/reisepassfuhrer.com\/lt\/product\/vairuotojo-pazymejimo-islaidos-italijoje\/","og_site_name":"Reisepassfuhrer","article_modified_time":"2025-09-18T12:20:16+00:00","og_image":[{"width":280,"height":180,"url":"http:\/\/reisepassfuhrer.com\/wp-content\/uploads\/2025\/09\/download-2025-09-18T051932.515.jpeg","type":"image\/jpeg"}],"twitter_card":"summary_large_image","twitter_misc":{"Est. reading time":"1 minut\u0117"},"schema":{"@context":"https:\/\/schema.org","@graph":[{"@type":"WebPage","@id":"https:\/\/reisepassfuhrer.com\/product\/fuhrerschein-italien-kosten\/","url":"https:\/\/reisepassfuhrer.com\/product\/fuhrerschein-italien-kosten\/","name":"Vairuotojo pa\u017eym\u0117jimo i\u0161laidos Italijoje - Reisepassfuhrer","isPartOf":{"@id":"https:\/\/reisepassfuhrer.com\/#website"},"primaryImageOfPage":{"@id":"https:\/\/reisepassfuhrer.com\/product\/fuhrerschein-italien-kosten\/#primaryimage"},"image":{"@id":"https:\/\/reisepassfuhrer.com\/product\/fuhrerschein-italien-kosten\/#primaryimage"},"thumbnailUrl":"https:\/\/reisepassfuhrer.com\/wp-content\/uploads\/2025\/09\/download-2025-09-18T051932.515.jpeg","datePublished":"2025-09-18T12:20:15+00:00","dateModified":"2025-09-18T12:20:16+00:00","breadcrumb":{"@id":"https:\/\/reisepassfuhrer.com\/product\/fuhrerschein-italien-kosten\/#breadcrumb"},"inLanguage":"lt-LT","potentialAction":[{"@type":"ReadAction","target":["https:\/\/reisepassfuhrer.com\/product\/fuhrerschein-italien-kosten\/"]}]},{"@type":"ImageObject","inLanguage":"lt-LT","@id":"https:\/\/reisepassfuhrer.com\/product\/fuhrerschein-italien-kosten\/#primaryimage","url":"https:\/\/reisepassfuhrer.com\/wp-content\/uploads\/2025\/09\/download-2025-09-18T051932.515.jpeg","contentUrl":"https:\/\/reisepassfuhrer.com\/wp-content\/uploads\/2025\/09\/download-2025-09-18T051932.515.jpeg","width":280,"height":180},{"@type":"BreadcrumbList","@id":"https:\/\/reisepassfuhrer.com\/product\/fuhrerschein-italien-kosten\/#breadcrumb","itemListElement":[{"@type":"ListItem","position":1,"name":"Home","item":"https:\/\/reisepassfuhrer.com\/"},{"@type":"ListItem","position":2,"name":"Shop","item":"https:\/\/reisepassfuhrer.com\/shop\/"},{"@type":"ListItem","position":3,"name":"f\u00fchrerschein italien kosten"}]},{"@type":"WebSite","@id":"https:\/\/reisepassfuhrer.com\/#website","url":"https:\/\/reisepassfuhrer.com\/","name":"Paso vadovas","description":"Pra\u0161ymas i\u0161duoti pas\u0105 Berlyne","publisher":{"@id":"https:\/\/reisepassfuhrer.com\/#organization"},"potentialAction":[{"@type":"SearchAction","target":{"@type":"EntryPoint","urlTemplate":"https:\/\/reisepassfuhrer.com\/?s={search_term_string}"},"query-input":{"@type":"PropertyValueSpecification","valueRequired":true,"valueName":"search_term_string"}}],"inLanguage":"lt-LT"},{"@type":"Organization","@id":"https:\/\/reisepassfuhrer.com\/#organization","name":"Paso vadovas","url":"https:\/\/reisepassfuhrer.com\/","logo":{"@type":"ImageObject","inLanguage":"lt-LT","@id":"https:\/\/reisepassfuhrer.com\/#\/schema\/logo\/image\/","url":"https:\/\/reisepassfuhrer.com\/wp-content\/uploads\/2024\/03\/Reisepassfuhrer-logo.png","contentUrl":"https:\/\/reisepassfuhrer.com\/wp-content\/uploads\/2024\/03\/Reisepassfuhrer-logo.png","width":112,"height":112,"caption":"Reisepassfuhrer"},"image":{"@id":"https:\/\/reisepassfuhrer.com\/#\/schema\/logo\/image\/"}}]}},"_links":{"self":[{"href":"https:\/\/reisepassfuhrer.com\/lt\/wp-json\/wp\/v2\/product\/3222","targetHints":{"allow":["GET"]}}],"collection":[{"href":"https:\/\/reisepassfuhrer.com\/lt\/wp-json\/wp\/v2\/product"}],"about":[{"href":"https:\/\/reisepassfuhrer.com\/lt\/wp-json\/wp\/v2\/types\/product"}],"replies":[{"embeddable":true,"href":"https:\/\/reisepassfuhrer.com\/lt\/wp-json\/wp\/v2\/comments?post=3222"}],"wp:featuredmedia":[{"embeddable":true,"href":"https:\/\/reisepassfuhrer.com\/lt\/wp-json\/wp\/v2\/media\/3224"}],"wp:attachment":[{"href":"https:\/\/reisepassfuhrer.com\/lt\/wp-json\/wp\/v2\/media?parent=3222"}],"wp:term":[{"taxonomy":"product_brand","embeddable":true,"href":"https:\/\/reisepassfuhrer.com\/lt\/wp-json\/wp\/v2\/product_brand?post=3222"},{"taxonomy":"product_cat","embeddable":true,"href":"https:\/\/reisepassfuhrer.com\/lt\/wp-json\/wp\/v2\/product_cat?post=3222"},{"taxonomy":"product_tag","embeddable":true,"href":"https:\/\/reisepassfuhrer.com\/lt\/wp-json\/wp\/v2\/product_tag?post=3222"}],"curies":[{"name":"wp","href":"https:\/\/api.w.org\/{rel}","templated":true}]}}