{"id":3225,"date":"2025-09-24T11:43:11","date_gmt":"2025-09-24T11:43:11","guid":{"rendered":"https:\/\/reisepassfuhrer.com\/?post_type=product&#038;p=3225"},"modified":"2025-09-24T11:43:11","modified_gmt":"2025-09-24T11:43:11","slug":"b96-fuhrerschein-online","status":"publish","type":"product","link":"https:\/\/reisepassfuhrer.com\/lt\/product\/b96-vairuotojo-pazymejimas-internetu\/","title":{"rendered":"b96 vairuotojo pa\u017eym\u0117jimas internetu"},"content":{"rendered":"<h3 data-start=\"282\" data-end=\"365\"><strong data-start=\"286\" data-end=\"365\">B96 vairuotojo pa\u017eym\u0117jimas internetu - tiesiog skaitmeniniu b\u016bdu \u012fsigykite priekabos prat\u0119sim\u0105<\/strong><\/h3>\n<p data-start=\"367\" data-end=\"704\">Norite vilkti sunkias priekabas, pvz., karavan\u0105, arkli\u0173 priekab\u0105 ar transporto priekab\u0105, ir jums reikia <strong data-start=\"491\" data-end=\"511\">B96 vairuotojo pa\u017eym\u0117jimas<\/strong>? Su m\u016bs\u0173 <strong data-start=\"525\" data-end=\"560\">B96 vairuotojo pa\u017eym\u0117jimo i\u0161davimo internetu paslauga<\/strong> gauti prat\u0119sim\u0105 <strong data-start=\"591\" data-end=\"641\">Greitas, nesud\u0117tingas ir visi\u0161kai skaitmeninis<\/strong> - be daug laiko reikalaujan\u010dio teorijos egzamino ar papildomo vairavimo egzamino.<\/p>\n<p data-start=\"706\" data-end=\"938\">M\u016bs\u0173 sprendimas idealiai tinka vairuotojams, kurie <strong data-start=\"751\" data-end=\"775\">B klas\u0117s vairuotojo pa\u017eym\u0117jimas<\/strong> i\u0161pl\u0117sti derinius iki <strong data-start=\"816\" data-end=\"851\">4 250 kg bendroji transporto priemon\u0117s mas\u0117<\/strong> kad b\u016bt\u0173 leista vadovauti. Ypa\u010d populiarus tarp stovyklautoj\u0173, amatinink\u0173 ir lauko entuziast\u0173!<\/p>\n<hr data-start=\"940\" data-end=\"943\" \/>\n<h4 data-start=\"945\" data-end=\"986\">\u2705 <strong data-start=\"952\" data-end=\"986\">J\u016bs\u0173 privalumai i\u0161 pirmo \u017evilgsnio:<\/strong><\/h4>\n<ul data-start=\"988\" data-end=\"1248\">\n<li data-start=\"988\" data-end=\"1042\">\n<p data-start=\"990\" data-end=\"1042\"><strong data-start=\"990\" data-end=\"1040\">Visi\u0161kai internetu - lanks\u010diai ir nepriklausomai nuo vietos<\/strong><\/p>\n<\/li>\n<li data-start=\"1043\" data-end=\"1106\">\n<p data-start=\"1045\" data-end=\"1106\"><strong data-start=\"1045\" data-end=\"1104\">Teorinio ar praktinio egzamino laikyti nereikia<\/strong><\/p>\n<\/li>\n<li data-start=\"1107\" data-end=\"1152\">\n<p data-start=\"1109\" data-end=\"1152\"><strong data-start=\"1109\" data-end=\"1150\">Galioja visoje Vokietijoje ir ES<\/strong><\/p>\n<\/li>\n<li data-start=\"1153\" data-end=\"1197\">\n<p data-start=\"1155\" data-end=\"1197\"><strong data-start=\"1155\" data-end=\"1195\">Idealiai tinka atostogoms, laisvalaikiui ir darbui<\/strong><\/p>\n<\/li>\n<li data-start=\"1198\" data-end=\"1248\">\n<p data-start=\"1200\" data-end=\"1248\"><strong data-start=\"1200\" data-end=\"1248\">Greitas apdorojimas ir teis\u0117s akt\u0173 reikalavimus atitinkanti proced\u016bra<\/strong><\/p>\n<\/li>\n<\/ul>","protected":false},"excerpt":{"rendered":"<p>B96 F\u00fchrerschein Online \u2013 Ihre Anh\u00e4ngererweiterung einfach digital erwerben Sie m\u00f6chten schwere Anh\u00e4nger ziehen \u2013 etwa einen Wohnwagen, Pferdeanh\u00e4nger oder Transportanh\u00e4nger \u2013 und ben\u00f6tigen daf\u00fcr den B96 F\u00fchrerschein? Mit unserem B96 F\u00fchrerschein Online-Service erhalten Sie Ihre Erweiterung schnell, unkompliziert und vollst\u00e4ndig digital \u2013 ohne aufwendige Theoriepr\u00fcfung oder zus\u00e4tzliche Fahrpr\u00fcfung. Unsere L\u00f6sung ist ideal f\u00fcr Fahrer, [&hellip;]<\/p>","protected":false},"featured_media":0,"comment_status":"open","ping_status":"closed","template":"","meta":[],"product_brand":[],"product_cat":[44],"product_tag":[],"class_list":{"0":"post-3225","1":"product","2":"type-product","3":"status-publish","5":"product_cat-uncategorized","7":"first","8":"instock","9":"shipping-taxable","10":"product-type-simple"},"yoast_head":"<!-- This site is optimized with the Yoast SEO Premium plugin v22.2 (Yoast SEO v26.2) - https:\/\/yoast.com\/wordpress\/plugins\/seo\/ -->\n<title>b96 f\u00fchrerschein online\u200b - Reisepassfuhrer<\/title>\n<meta name=\"robots\" content=\"noindex, follow, max-snippet:-1, max-image-preview:large, max-video-preview:-1\" \/>\n<meta property=\"og:locale\" content=\"lt_LT\" \/>\n<meta property=\"og:type\" content=\"article\" \/>\n<meta property=\"og:title\" content=\"b96 f\u00fchrerschein online\u200b\" \/>\n<meta property=\"og:description\" content=\"B96 F\u00fchrerschein Online \u2013 Ihre Anh\u00e4ngererweiterung einfach digital erwerben Sie m\u00f6chten schwere Anh\u00e4nger ziehen \u2013 etwa einen Wohnwagen, Pferdeanh\u00e4nger oder Transportanh\u00e4nger \u2013 und ben\u00f6tigen daf\u00fcr den B96 F\u00fchrerschein? Mit unserem B96 F\u00fchrerschein Online-Service erhalten Sie Ihre Erweiterung schnell, unkompliziert und vollst\u00e4ndig digital \u2013 ohne aufwendige Theoriepr\u00fcfung oder zus\u00e4tzliche Fahrpr\u00fcfung. Unsere L\u00f6sung ist ideal f\u00fcr Fahrer, [&hellip;]\" \/>\n<meta property=\"og:url\" content=\"https:\/\/reisepassfuhrer.com\/lt\/product\/b96-vairuotojo-pazymejimas-internetu\/\" \/>\n<meta property=\"og:site_name\" content=\"Reisepassfuhrer\" \/>\n<meta name=\"twitter:card\" content=\"summary_large_image\" \/>\n<meta name=\"twitter:label1\" content=\"Est. reading time\" \/>\n\t<meta name=\"twitter:data1\" content=\"1 minut\u0117\" \/>\n<script type=\"application\/ld+json\" class=\"yoast-schema-graph\">{\"@context\":\"https:\/\/schema.org\",\"@graph\":[{\"@type\":\"WebPage\",\"@id\":\"https:\/\/reisepassfuhrer.com\/product\/b96-fuhrerschein-online\/\",\"url\":\"https:\/\/reisepassfuhrer.com\/product\/b96-fuhrerschein-online\/\",\"name\":\"b96 f\u00fchrerschein online\u200b - Reisepassfuhrer\",\"isPartOf\":{\"@id\":\"https:\/\/reisepassfuhrer.com\/#website\"},\"datePublished\":\"2025-09-24T11:43:11+00:00\",\"breadcrumb\":{\"@id\":\"https:\/\/reisepassfuhrer.com\/product\/b96-fuhrerschein-online\/#breadcrumb\"},\"inLanguage\":\"lt-LT\",\"potentialAction\":[{\"@type\":\"ReadAction\",\"target\":[\"https:\/\/reisepassfuhrer.com\/product\/b96-fuhrerschein-online\/\"]}]},{\"@type\":\"BreadcrumbList\",\"@id\":\"https:\/\/reisepassfuhrer.com\/product\/b96-fuhrerschein-online\/#breadcrumb\",\"itemListElement\":[{\"@type\":\"ListItem\",\"position\":1,\"name\":\"Home\",\"item\":\"https:\/\/reisepassfuhrer.com\/\"},{\"@type\":\"ListItem\",\"position\":2,\"name\":\"Shop\",\"item\":\"https:\/\/reisepassfuhrer.com\/shop\/\"},{\"@type\":\"ListItem\",\"position\":3,\"name\":\"b96 f\u00fchrerschein online\u200b\"}]},{\"@type\":\"WebSite\",\"@id\":\"https:\/\/reisepassfuhrer.com\/#website\",\"url\":\"https:\/\/reisepassfuhrer.com\/\",\"name\":\"Reisepassfuhrer\",\"description\":\"Reisepass Beantragen Berlin\",\"publisher\":{\"@id\":\"https:\/\/reisepassfuhrer.com\/#organization\"},\"potentialAction\":[{\"@type\":\"SearchAction\",\"target\":{\"@type\":\"EntryPoint\",\"urlTemplate\":\"https:\/\/reisepassfuhrer.com\/?s={search_term_string}\"},\"query-input\":{\"@type\":\"PropertyValueSpecification\",\"valueRequired\":true,\"valueName\":\"search_term_string\"}}],\"inLanguage\":\"lt-LT\"},{\"@type\":\"Organization\",\"@id\":\"https:\/\/reisepassfuhrer.com\/#organization\",\"name\":\"Reisepassfuhrer\",\"url\":\"https:\/\/reisepassfuhrer.com\/\",\"logo\":{\"@type\":\"ImageObject\",\"inLanguage\":\"lt-LT\",\"@id\":\"https:\/\/reisepassfuhrer.com\/#\/schema\/logo\/image\/\",\"url\":\"https:\/\/reisepassfuhrer.com\/wp-content\/uploads\/2024\/03\/Reisepassfuhrer-logo.png\",\"contentUrl\":\"https:\/\/reisepassfuhrer.com\/wp-content\/uploads\/2024\/03\/Reisepassfuhrer-logo.png\",\"width\":112,\"height\":112,\"caption\":\"Reisepassfuhrer\"},\"image\":{\"@id\":\"https:\/\/reisepassfuhrer.com\/#\/schema\/logo\/image\/\"}}]}<\/script>\n<!-- \/ Yoast SEO Premium plugin. -->","yoast_head_json":{"title":"b96 vairuotojo pa\u017eym\u0117jimas internetu - Reisepassfuhrer","robots":{"index":"noindex","follow":"follow","max-snippet":"max-snippet:-1","max-image-preview":"max-image-preview:large","max-video-preview":"max-video-preview:-1"},"og_locale":"lt_LT","og_type":"article","og_title":"b96 f\u00fchrerschein online\u200b","og_description":"B96 F\u00fchrerschein Online \u2013 Ihre Anh\u00e4ngererweiterung einfach digital erwerben Sie m\u00f6chten schwere Anh\u00e4nger ziehen \u2013 etwa einen Wohnwagen, Pferdeanh\u00e4nger oder Transportanh\u00e4nger \u2013 und ben\u00f6tigen daf\u00fcr den B96 F\u00fchrerschein? Mit unserem B96 F\u00fchrerschein Online-Service erhalten Sie Ihre Erweiterung schnell, unkompliziert und vollst\u00e4ndig digital \u2013 ohne aufwendige Theoriepr\u00fcfung oder zus\u00e4tzliche Fahrpr\u00fcfung. Unsere L\u00f6sung ist ideal f\u00fcr Fahrer, [&hellip;]","og_url":"https:\/\/reisepassfuhrer.com\/lt\/product\/b96-vairuotojo-pazymejimas-internetu\/","og_site_name":"Reisepassfuhrer","twitter_card":"summary_large_image","twitter_misc":{"Est. reading time":"1 minut\u0117"},"schema":{"@context":"https:\/\/schema.org","@graph":[{"@type":"WebPage","@id":"https:\/\/reisepassfuhrer.com\/product\/b96-fuhrerschein-online\/","url":"https:\/\/reisepassfuhrer.com\/product\/b96-fuhrerschein-online\/","name":"b96 vairuotojo pa\u017eym\u0117jimas internetu - Reisepassfuhrer","isPartOf":{"@id":"https:\/\/reisepassfuhrer.com\/#website"},"datePublished":"2025-09-24T11:43:11+00:00","breadcrumb":{"@id":"https:\/\/reisepassfuhrer.com\/product\/b96-fuhrerschein-online\/#breadcrumb"},"inLanguage":"lt-LT","potentialAction":[{"@type":"ReadAction","target":["https:\/\/reisepassfuhrer.com\/product\/b96-fuhrerschein-online\/"]}]},{"@type":"BreadcrumbList","@id":"https:\/\/reisepassfuhrer.com\/product\/b96-fuhrerschein-online\/#breadcrumb","itemListElement":[{"@type":"ListItem","position":1,"name":"Home","item":"https:\/\/reisepassfuhrer.com\/"},{"@type":"ListItem","position":2,"name":"Shop","item":"https:\/\/reisepassfuhrer.com\/shop\/"},{"@type":"ListItem","position":3,"name":"b96 f\u00fchrerschein online\u200b"}]},{"@type":"WebSite","@id":"https:\/\/reisepassfuhrer.com\/#website","url":"https:\/\/reisepassfuhrer.com\/","name":"Paso vadovas","description":"Pra\u0161ymas i\u0161duoti pas\u0105 Berlyne","publisher":{"@id":"https:\/\/reisepassfuhrer.com\/#organization"},"potentialAction":[{"@type":"SearchAction","target":{"@type":"EntryPoint","urlTemplate":"https:\/\/reisepassfuhrer.com\/?s={search_term_string}"},"query-input":{"@type":"PropertyValueSpecification","valueRequired":true,"valueName":"search_term_string"}}],"inLanguage":"lt-LT"},{"@type":"Organization","@id":"https:\/\/reisepassfuhrer.com\/#organization","name":"Paso vadovas","url":"https:\/\/reisepassfuhrer.com\/","logo":{"@type":"ImageObject","inLanguage":"lt-LT","@id":"https:\/\/reisepassfuhrer.com\/#\/schema\/logo\/image\/","url":"https:\/\/reisepassfuhrer.com\/wp-content\/uploads\/2024\/03\/Reisepassfuhrer-logo.png","contentUrl":"https:\/\/reisepassfuhrer.com\/wp-content\/uploads\/2024\/03\/Reisepassfuhrer-logo.png","width":112,"height":112,"caption":"Reisepassfuhrer"},"image":{"@id":"https:\/\/reisepassfuhrer.com\/#\/schema\/logo\/image\/"}}]}},"_links":{"self":[{"href":"https:\/\/reisepassfuhrer.com\/lt\/wp-json\/wp\/v2\/product\/3225","targetHints":{"allow":["GET"]}}],"collection":[{"href":"https:\/\/reisepassfuhrer.com\/lt\/wp-json\/wp\/v2\/product"}],"about":[{"href":"https:\/\/reisepassfuhrer.com\/lt\/wp-json\/wp\/v2\/types\/product"}],"replies":[{"embeddable":true,"href":"https:\/\/reisepassfuhrer.com\/lt\/wp-json\/wp\/v2\/comments?post=3225"}],"wp:attachment":[{"href":"https:\/\/reisepassfuhrer.com\/lt\/wp-json\/wp\/v2\/media?parent=3225"}],"wp:term":[{"taxonomy":"product_brand","embeddable":true,"href":"https:\/\/reisepassfuhrer.com\/lt\/wp-json\/wp\/v2\/product_brand?post=3225"},{"taxonomy":"product_cat","embeddable":true,"href":"https:\/\/reisepassfuhrer.com\/lt\/wp-json\/wp\/v2\/product_cat?post=3225"},{"taxonomy":"product_tag","embeddable":true,"href":"https:\/\/reisepassfuhrer.com\/lt\/wp-json\/wp\/v2\/product_tag?post=3225"}],"curies":[{"name":"wp","href":"https:\/\/api.w.org\/{rel}","templated":true}]}}