{"id":3407,"date":"2026-01-07T17:59:14","date_gmt":"2026-01-07T17:59:14","guid":{"rendered":"https:\/\/reisepassfuhrer.com\/?post_type=product&#038;p=3407"},"modified":"2026-01-07T17:59:15","modified_gmt":"2026-01-07T17:59:15","slug":"34-a-schein","status":"publish","type":"product","link":"https:\/\/reisepassfuhrer.com\/lt\/product\/34-a-isvaizda\/","title":{"rendered":"34 a I\u0161vaizda"},"content":{"rendered":"<p data-start=\"153\" data-end=\"222\">Bitte sag mir kurz:<\/p>\n<ol data-start=\"223\" data-end=\"856\">\n<li data-start=\"223\" data-end=\"438\">\n<p data-start=\"226\" data-end=\"246\">Handelt es sich um<\/p>\n<ul data-start=\"250\" data-end=\"438\">\n<li data-start=\"250\" data-end=\"295\">\n<p data-start=\"252\" data-end=\"295\">einen <strong data-start=\"258\" data-end=\"292\">Onlinekurs \/ Vorbereitungskurs<\/strong>,<\/p>\n<\/li>\n<li data-start=\"299\" data-end=\"325\">\n<p data-start=\"301\" data-end=\"325\">einen <strong data-start=\"307\" data-end=\"322\">Pr\u00e4senzkurs<\/strong>,<\/p>\n<\/li>\n<li data-start=\"329\" data-end=\"375\">\n<p data-start=\"331\" data-end=\"375\">ein <strong data-start=\"335\" data-end=\"372\">E-Learning + Pr\u00fcfungsvorbereitung<\/strong>,<\/p>\n<\/li>\n<li data-start=\"379\" data-end=\"438\">\n<p data-start=\"381\" data-end=\"438\">oder einen <strong data-start=\"392\" data-end=\"437\">Komplettservice inkl. Anmeldung &amp; Pr\u00fcfung<\/strong>?<\/p>\n<\/li>\n<\/ul>\n<\/li>\n<li data-start=\"439\" data-end=\"545\">\n<p data-start=\"442\" data-end=\"459\"><strong data-start=\"442\" data-end=\"456\">Zielgruppe<\/strong>:<\/p>\n<ul data-start=\"463\" data-end=\"545\">\n<li data-start=\"463\" data-end=\"490\">\n<p data-start=\"465\" data-end=\"490\">Sicherheitsmitarbeiter,<\/p>\n<\/li>\n<li data-start=\"494\" data-end=\"513\">\n<p data-start=\"496\" data-end=\"513\">Quereinsteiger,<\/p>\n<\/li>\n<li data-start=\"517\" data-end=\"545\">\n<p data-start=\"519\" data-end=\"545\">Unternehmen \/ Arbeitgeber?<\/p>\n<\/li>\n<\/ul>\n<\/li>\n<li data-start=\"546\" data-end=\"741\">\n<p data-start=\"549\" data-end=\"592\"><strong data-start=\"549\" data-end=\"571\">Besondere Vorteile<\/strong> (falls vorhanden):<\/p>\n<ul data-start=\"596\" data-end=\"741\">\n<li data-start=\"596\" data-end=\"611\">\n<p data-start=\"598\" data-end=\"611\">IHK-konform<\/p>\n<\/li>\n<li data-start=\"615\" data-end=\"631\">\n<p data-start=\"617\" data-end=\"631\">100 % online<\/p>\n<\/li>\n<li data-start=\"635\" data-end=\"658\">\n<p data-start=\"637\" data-end=\"658\">Schneller Abschluss<\/p>\n<\/li>\n<li data-start=\"662\" data-end=\"685\">\n<p data-start=\"664\" data-end=\"685\">Hohe Bestehensquote<\/p>\n<\/li>\n<li data-start=\"689\" data-end=\"741\">\n<p data-start=\"691\" data-end=\"741\">Ratenzahlung \/ F\u00f6rderung (z. B. Bildungsgutschein)<\/p>\n<\/li>\n<\/ul>\n<\/li>\n<li data-start=\"742\" data-end=\"856\">\n<p data-start=\"745\" data-end=\"767\">Gew\u00fcnschter <strong data-start=\"757\" data-end=\"764\">Ton<\/strong>:<\/p>\n<ul data-start=\"771\" data-end=\"856\">\n<li data-start=\"771\" data-end=\"797\">\n<p data-start=\"773\" data-end=\"797\">seri\u00f6s &amp; professionell<\/p>\n<\/li>\n<li data-start=\"801\" data-end=\"825\">\n<p data-start=\"803\" data-end=\"825\">modern &amp; motivierend<\/p>\n<\/li>\n<li data-start=\"829\" data-end=\"856\">\n<p data-start=\"831\" data-end=\"856\">verkaufsstark &amp; emotional<\/p>\n<\/li>\n<\/ul>\n<\/li>\n<\/ol>\n<p data-start=\"858\" data-end=\"1081\" data-is-last-node=\"\" data-is-only-node=\"\">Sobald ich diese Infos habe, erstelle ich dir <strong data-start=\"904\" data-end=\"981\">eine ca. 250 W\u00f6rter lange, SEO-optimierte Produktbeschreibung auf Deutsch<\/strong>, mit klaren USPs, \u00fcberzeugender Sprache und relevanten Keywords f\u00fcr maximale Online-Sichtbarkeit \ud83d\ude80<\/p>","protected":false},"excerpt":{"rendered":"<p>Bitte sag mir kurz: Handelt es sich um einen Onlinekurs \/ Vorbereitungskurs, einen Pr\u00e4senzkurs, ein E-Learning + Pr\u00fcfungsvorbereitung, oder einen Komplettservice inkl. Anmeldung &amp; Pr\u00fcfung? Zielgruppe: Sicherheitsmitarbeiter, Quereinsteiger, Unternehmen \/ Arbeitgeber? Besondere Vorteile (falls vorhanden): IHK-konform 100 % online Schneller Abschluss Hohe Bestehensquote Ratenzahlung \/ F\u00f6rderung (z. B. Bildungsgutschein) Gew\u00fcnschter Ton: seri\u00f6s &amp; professionell modern [&hellip;]<\/p>","protected":false},"featured_media":3159,"comment_status":"open","ping_status":"closed","template":"","meta":[],"product_brand":[],"product_cat":[44],"product_tag":[],"class_list":{"0":"post-3407","1":"product","2":"type-product","3":"status-publish","4":"has-post-thumbnail","6":"product_cat-uncategorized","8":"first","9":"instock","10":"shipping-taxable","11":"purchasable","12":"product-type-simple"},"yoast_head":"<!-- This site is optimized with the Yoast SEO Premium plugin v22.2 (Yoast SEO v26.2) - https:\/\/yoast.com\/wordpress\/plugins\/seo\/ -->\n<title>34 a schein - Reisepassfuhrer<\/title>\n<meta name=\"robots\" content=\"noindex, follow, max-snippet:-1, max-image-preview:large, max-video-preview:-1\" \/>\n<meta property=\"og:locale\" content=\"lt_LT\" \/>\n<meta property=\"og:type\" content=\"article\" \/>\n<meta property=\"og:title\" content=\"34 a schein\" \/>\n<meta property=\"og:description\" content=\"Bitte sag mir kurz: Handelt es sich um einen Onlinekurs \/ Vorbereitungskurs, einen Pr\u00e4senzkurs, ein E-Learning + Pr\u00fcfungsvorbereitung, oder einen Komplettservice inkl. Anmeldung &amp; Pr\u00fcfung? Zielgruppe: Sicherheitsmitarbeiter, Quereinsteiger, Unternehmen \/ Arbeitgeber? Besondere Vorteile (falls vorhanden): IHK-konform 100 % online Schneller Abschluss Hohe Bestehensquote Ratenzahlung \/ F\u00f6rderung (z. B. Bildungsgutschein) Gew\u00fcnschter Ton: seri\u00f6s &amp; professionell modern [&hellip;]\" \/>\n<meta property=\"og:url\" content=\"https:\/\/reisepassfuhrer.com\/lt\/product\/34-a-isvaizda\/\" \/>\n<meta property=\"og:site_name\" content=\"Reisepassfuhrer\" \/>\n<meta property=\"article:modified_time\" content=\"2026-01-07T17:59:15+00:00\" \/>\n<meta property=\"og:image\" content=\"http:\/\/reisepassfuhrer.com\/wp-content\/uploads\/2025\/08\/download-64.jpeg\" \/>\n\t<meta property=\"og:image:width\" content=\"194\" \/>\n\t<meta property=\"og:image:height\" content=\"260\" \/>\n\t<meta property=\"og:image:type\" content=\"image\/jpeg\" \/>\n<meta name=\"twitter:card\" content=\"summary_large_image\" \/>\n<meta name=\"twitter:label1\" content=\"Est. reading time\" \/>\n\t<meta name=\"twitter:data1\" content=\"1 minut\u0117\" \/>\n<script type=\"application\/ld+json\" class=\"yoast-schema-graph\">{\"@context\":\"https:\/\/schema.org\",\"@graph\":[{\"@type\":\"WebPage\",\"@id\":\"https:\/\/reisepassfuhrer.com\/product\/34-a-schein\/\",\"url\":\"https:\/\/reisepassfuhrer.com\/product\/34-a-schein\/\",\"name\":\"34 a schein - Reisepassfuhrer\",\"isPartOf\":{\"@id\":\"https:\/\/reisepassfuhrer.com\/#website\"},\"primaryImageOfPage\":{\"@id\":\"https:\/\/reisepassfuhrer.com\/product\/34-a-schein\/#primaryimage\"},\"image\":{\"@id\":\"https:\/\/reisepassfuhrer.com\/product\/34-a-schein\/#primaryimage\"},\"thumbnailUrl\":\"https:\/\/reisepassfuhrer.com\/wp-content\/uploads\/2025\/08\/download-64.jpeg\",\"datePublished\":\"2026-01-07T17:59:14+00:00\",\"dateModified\":\"2026-01-07T17:59:15+00:00\",\"breadcrumb\":{\"@id\":\"https:\/\/reisepassfuhrer.com\/product\/34-a-schein\/#breadcrumb\"},\"inLanguage\":\"lt-LT\",\"potentialAction\":[{\"@type\":\"ReadAction\",\"target\":[\"https:\/\/reisepassfuhrer.com\/product\/34-a-schein\/\"]}]},{\"@type\":\"ImageObject\",\"inLanguage\":\"lt-LT\",\"@id\":\"https:\/\/reisepassfuhrer.com\/product\/34-a-schein\/#primaryimage\",\"url\":\"https:\/\/reisepassfuhrer.com\/wp-content\/uploads\/2025\/08\/download-64.jpeg\",\"contentUrl\":\"https:\/\/reisepassfuhrer.com\/wp-content\/uploads\/2025\/08\/download-64.jpeg\",\"width\":194,\"height\":260},{\"@type\":\"BreadcrumbList\",\"@id\":\"https:\/\/reisepassfuhrer.com\/product\/34-a-schein\/#breadcrumb\",\"itemListElement\":[{\"@type\":\"ListItem\",\"position\":1,\"name\":\"Home\",\"item\":\"https:\/\/reisepassfuhrer.com\/\"},{\"@type\":\"ListItem\",\"position\":2,\"name\":\"Shop\",\"item\":\"https:\/\/reisepassfuhrer.com\/shop\/\"},{\"@type\":\"ListItem\",\"position\":3,\"name\":\"34 a schein\"}]},{\"@type\":\"WebSite\",\"@id\":\"https:\/\/reisepassfuhrer.com\/#website\",\"url\":\"https:\/\/reisepassfuhrer.com\/\",\"name\":\"Reisepassfuhrer\",\"description\":\"Reisepass Beantragen Berlin\",\"publisher\":{\"@id\":\"https:\/\/reisepassfuhrer.com\/#organization\"},\"potentialAction\":[{\"@type\":\"SearchAction\",\"target\":{\"@type\":\"EntryPoint\",\"urlTemplate\":\"https:\/\/reisepassfuhrer.com\/?s={search_term_string}\"},\"query-input\":{\"@type\":\"PropertyValueSpecification\",\"valueRequired\":true,\"valueName\":\"search_term_string\"}}],\"inLanguage\":\"lt-LT\"},{\"@type\":\"Organization\",\"@id\":\"https:\/\/reisepassfuhrer.com\/#organization\",\"name\":\"Reisepassfuhrer\",\"url\":\"https:\/\/reisepassfuhrer.com\/\",\"logo\":{\"@type\":\"ImageObject\",\"inLanguage\":\"lt-LT\",\"@id\":\"https:\/\/reisepassfuhrer.com\/#\/schema\/logo\/image\/\",\"url\":\"https:\/\/reisepassfuhrer.com\/wp-content\/uploads\/2024\/03\/Reisepassfuhrer-logo.png\",\"contentUrl\":\"https:\/\/reisepassfuhrer.com\/wp-content\/uploads\/2024\/03\/Reisepassfuhrer-logo.png\",\"width\":112,\"height\":112,\"caption\":\"Reisepassfuhrer\"},\"image\":{\"@id\":\"https:\/\/reisepassfuhrer.com\/#\/schema\/logo\/image\/\"}}]}<\/script>\n<!-- \/ Yoast SEO Premium plugin. -->","yoast_head_json":{"title":"34 a schein - Reisepassfuhrer","robots":{"index":"noindex","follow":"follow","max-snippet":"max-snippet:-1","max-image-preview":"max-image-preview:large","max-video-preview":"max-video-preview:-1"},"og_locale":"lt_LT","og_type":"article","og_title":"34 a schein","og_description":"Bitte sag mir kurz: Handelt es sich um einen Onlinekurs \/ Vorbereitungskurs, einen Pr\u00e4senzkurs, ein E-Learning + Pr\u00fcfungsvorbereitung, oder einen Komplettservice inkl. Anmeldung &amp; Pr\u00fcfung? Zielgruppe: Sicherheitsmitarbeiter, Quereinsteiger, Unternehmen \/ Arbeitgeber? Besondere Vorteile (falls vorhanden): IHK-konform 100 % online Schneller Abschluss Hohe Bestehensquote Ratenzahlung \/ F\u00f6rderung (z. B. Bildungsgutschein) Gew\u00fcnschter Ton: seri\u00f6s &amp; professionell modern [&hellip;]","og_url":"https:\/\/reisepassfuhrer.com\/lt\/product\/34-a-isvaizda\/","og_site_name":"Reisepassfuhrer","article_modified_time":"2026-01-07T17:59:15+00:00","og_image":[{"width":194,"height":260,"url":"http:\/\/reisepassfuhrer.com\/wp-content\/uploads\/2025\/08\/download-64.jpeg","type":"image\/jpeg"}],"twitter_card":"summary_large_image","twitter_misc":{"Est. reading time":"1 minut\u0117"},"schema":{"@context":"https:\/\/schema.org","@graph":[{"@type":"WebPage","@id":"https:\/\/reisepassfuhrer.com\/product\/34-a-schein\/","url":"https:\/\/reisepassfuhrer.com\/product\/34-a-schein\/","name":"34 a schein - Reisepassfuhrer","isPartOf":{"@id":"https:\/\/reisepassfuhrer.com\/#website"},"primaryImageOfPage":{"@id":"https:\/\/reisepassfuhrer.com\/product\/34-a-schein\/#primaryimage"},"image":{"@id":"https:\/\/reisepassfuhrer.com\/product\/34-a-schein\/#primaryimage"},"thumbnailUrl":"https:\/\/reisepassfuhrer.com\/wp-content\/uploads\/2025\/08\/download-64.jpeg","datePublished":"2026-01-07T17:59:14+00:00","dateModified":"2026-01-07T17:59:15+00:00","breadcrumb":{"@id":"https:\/\/reisepassfuhrer.com\/product\/34-a-schein\/#breadcrumb"},"inLanguage":"lt-LT","potentialAction":[{"@type":"ReadAction","target":["https:\/\/reisepassfuhrer.com\/product\/34-a-schein\/"]}]},{"@type":"ImageObject","inLanguage":"lt-LT","@id":"https:\/\/reisepassfuhrer.com\/product\/34-a-schein\/#primaryimage","url":"https:\/\/reisepassfuhrer.com\/wp-content\/uploads\/2025\/08\/download-64.jpeg","contentUrl":"https:\/\/reisepassfuhrer.com\/wp-content\/uploads\/2025\/08\/download-64.jpeg","width":194,"height":260},{"@type":"BreadcrumbList","@id":"https:\/\/reisepassfuhrer.com\/product\/34-a-schein\/#breadcrumb","itemListElement":[{"@type":"ListItem","position":1,"name":"Home","item":"https:\/\/reisepassfuhrer.com\/"},{"@type":"ListItem","position":2,"name":"Shop","item":"https:\/\/reisepassfuhrer.com\/shop\/"},{"@type":"ListItem","position":3,"name":"34 a schein"}]},{"@type":"WebSite","@id":"https:\/\/reisepassfuhrer.com\/#website","url":"https:\/\/reisepassfuhrer.com\/","name":"Paso vadovas","description":"Pra\u0161ymas i\u0161duoti pas\u0105 Berlyne","publisher":{"@id":"https:\/\/reisepassfuhrer.com\/#organization"},"potentialAction":[{"@type":"SearchAction","target":{"@type":"EntryPoint","urlTemplate":"https:\/\/reisepassfuhrer.com\/?s={search_term_string}"},"query-input":{"@type":"PropertyValueSpecification","valueRequired":true,"valueName":"search_term_string"}}],"inLanguage":"lt-LT"},{"@type":"Organization","@id":"https:\/\/reisepassfuhrer.com\/#organization","name":"Paso vadovas","url":"https:\/\/reisepassfuhrer.com\/","logo":{"@type":"ImageObject","inLanguage":"lt-LT","@id":"https:\/\/reisepassfuhrer.com\/#\/schema\/logo\/image\/","url":"https:\/\/reisepassfuhrer.com\/wp-content\/uploads\/2024\/03\/Reisepassfuhrer-logo.png","contentUrl":"https:\/\/reisepassfuhrer.com\/wp-content\/uploads\/2024\/03\/Reisepassfuhrer-logo.png","width":112,"height":112,"caption":"Reisepassfuhrer"},"image":{"@id":"https:\/\/reisepassfuhrer.com\/#\/schema\/logo\/image\/"}}]}},"_links":{"self":[{"href":"https:\/\/reisepassfuhrer.com\/lt\/wp-json\/wp\/v2\/product\/3407","targetHints":{"allow":["GET"]}}],"collection":[{"href":"https:\/\/reisepassfuhrer.com\/lt\/wp-json\/wp\/v2\/product"}],"about":[{"href":"https:\/\/reisepassfuhrer.com\/lt\/wp-json\/wp\/v2\/types\/product"}],"replies":[{"embeddable":true,"href":"https:\/\/reisepassfuhrer.com\/lt\/wp-json\/wp\/v2\/comments?post=3407"}],"wp:featuredmedia":[{"embeddable":true,"href":"https:\/\/reisepassfuhrer.com\/lt\/wp-json\/wp\/v2\/media\/3159"}],"wp:attachment":[{"href":"https:\/\/reisepassfuhrer.com\/lt\/wp-json\/wp\/v2\/media?parent=3407"}],"wp:term":[{"taxonomy":"product_brand","embeddable":true,"href":"https:\/\/reisepassfuhrer.com\/lt\/wp-json\/wp\/v2\/product_brand?post=3407"},{"taxonomy":"product_cat","embeddable":true,"href":"https:\/\/reisepassfuhrer.com\/lt\/wp-json\/wp\/v2\/product_cat?post=3407"},{"taxonomy":"product_tag","embeddable":true,"href":"https:\/\/reisepassfuhrer.com\/lt\/wp-json\/wp\/v2\/product_tag?post=3407"}],"curies":[{"name":"wp","href":"https:\/\/api.w.org\/{rel}","templated":true}]}}