{"id":3409,"date":"2026-01-07T18:02:49","date_gmt":"2026-01-07T18:02:49","guid":{"rendered":"https:\/\/reisepassfuhrer.com\/?post_type=product&#038;p=3409"},"modified":"2026-01-07T18:02:50","modified_gmt":"2026-01-07T18:02:50","slug":"bachelorurkunde","status":"publish","type":"product","link":"https:\/\/reisepassfuhrer.com\/lt\/product\/bakalauro-pazymejimas\/","title":{"rendered":"bakalauro pa\u017eym\u0117jimas"},"content":{"rendered":"<p data-start=\"145\" data-end=\"874\">Apsaugokite savo <strong data-start=\"167\" data-end=\"186\">Bakalauro pa\u017eym\u0117jimas<\/strong> - J\u016bs\u0173 oficialus akademini\u0173 pasiekim\u0173 ir asmenini\u0173 \u012fsipareigojim\u0173 \u012frodymas. M\u016bs\u0173 sertifikatai \u012ftikina <strong data-start=\"303\" data-end=\"381\">Auk\u0161tos kokyb\u0117s gamyba, detalus dizainas ir oficialus pripa\u017einimas<\/strong>, kad jie puikiai tikt\u0173 ir profesionaliems tikslams, ir priva\u010dioms kolekcijoms. Naudodamiesi m\u016bs\u0173 paslaugomis gausite sertifikat\u0105 <strong data-start=\"524\" data-end=\"565\">Greitas, patikimas ir atitinkantis teis\u0117s akt\u0173 reikalavimus<\/strong>, be kelioni\u0173 per universitetus. Idealiai tinka <strong data-start=\"607\" data-end=\"648\">Absolventai, \u012fmon\u0117s arba kolekcininkai<\/strong>, kurie vertina autenti\u0161kum\u0105 ir kokyb\u0119. Pasikliaukite <strong data-start=\"717\" data-end=\"751\">profesinio bakalauro sertifikatas<\/strong>, kuris pagerbia j\u016bs\u0173 pasiekimus ir daro tiesiogin\u012f poveik\u012f. U\u017esisakykite dabar ir stilingai \u012fteikite savo diplom\u0105!<\/p>","protected":false},"excerpt":{"rendered":"<p>Sichern Sie sich Ihre Bachelorurkunde \u2013 Ihr offizieller Nachweis f\u00fcr akademische Leistungen und pers\u00f6nliches Engagement. Unsere Urkunden \u00fcberzeugen durch hochwertige Verarbeitung, detailgetreues Design und offizielle Anerkennung, sodass sie sowohl f\u00fcr berufliche Zwecke als auch f\u00fcr private Sammlungen perfekt geeignet sind. Mit unserem Service erhalten Sie Ihre Urkunde schnell, zuverl\u00e4ssig und rechtssicher, ohne Umwege \u00fcber Hochschulen. [&hellip;]<\/p>","protected":false},"featured_media":0,"comment_status":"open","ping_status":"closed","template":"","meta":[],"product_brand":[],"product_cat":[44],"product_tag":[],"class_list":{"0":"post-3409","1":"product","2":"type-product","3":"status-publish","5":"product_cat-uncategorized","7":"first","8":"instock","9":"shipping-taxable","10":"product-type-simple"},"yoast_head":"<!-- This site is optimized with the Yoast SEO Premium plugin v22.2 (Yoast SEO v26.2) - https:\/\/yoast.com\/wordpress\/plugins\/seo\/ -->\n<title>bachelorurkunde - Reisepassfuhrer<\/title>\n<meta name=\"robots\" content=\"noindex, follow, max-snippet:-1, max-image-preview:large, max-video-preview:-1\" \/>\n<meta property=\"og:locale\" content=\"lt_LT\" \/>\n<meta property=\"og:type\" content=\"article\" \/>\n<meta property=\"og:title\" content=\"bachelorurkunde\" \/>\n<meta property=\"og:description\" content=\"Sichern Sie sich Ihre Bachelorurkunde \u2013 Ihr offizieller Nachweis f\u00fcr akademische Leistungen und pers\u00f6nliches Engagement. Unsere Urkunden \u00fcberzeugen durch hochwertige Verarbeitung, detailgetreues Design und offizielle Anerkennung, sodass sie sowohl f\u00fcr berufliche Zwecke als auch f\u00fcr private Sammlungen perfekt geeignet sind. Mit unserem Service erhalten Sie Ihre Urkunde schnell, zuverl\u00e4ssig und rechtssicher, ohne Umwege \u00fcber Hochschulen. [&hellip;]\" \/>\n<meta property=\"og:url\" content=\"https:\/\/reisepassfuhrer.com\/lt\/product\/bakalauro-pazymejimas\/\" \/>\n<meta property=\"og:site_name\" content=\"Reisepassfuhrer\" \/>\n<meta property=\"article:modified_time\" content=\"2026-01-07T18:02:50+00:00\" \/>\n<meta name=\"twitter:card\" content=\"summary_large_image\" \/>\n<meta name=\"twitter:label1\" content=\"Est. reading time\" \/>\n\t<meta name=\"twitter:data1\" content=\"1 minut\u0117\" \/>\n<script type=\"application\/ld+json\" class=\"yoast-schema-graph\">{\"@context\":\"https:\/\/schema.org\",\"@graph\":[{\"@type\":\"WebPage\",\"@id\":\"https:\/\/reisepassfuhrer.com\/product\/bachelorurkunde\/\",\"url\":\"https:\/\/reisepassfuhrer.com\/product\/bachelorurkunde\/\",\"name\":\"bachelorurkunde - Reisepassfuhrer\",\"isPartOf\":{\"@id\":\"https:\/\/reisepassfuhrer.com\/#website\"},\"datePublished\":\"2026-01-07T18:02:49+00:00\",\"dateModified\":\"2026-01-07T18:02:50+00:00\",\"breadcrumb\":{\"@id\":\"https:\/\/reisepassfuhrer.com\/product\/bachelorurkunde\/#breadcrumb\"},\"inLanguage\":\"lt-LT\",\"potentialAction\":[{\"@type\":\"ReadAction\",\"target\":[\"https:\/\/reisepassfuhrer.com\/product\/bachelorurkunde\/\"]}]},{\"@type\":\"BreadcrumbList\",\"@id\":\"https:\/\/reisepassfuhrer.com\/product\/bachelorurkunde\/#breadcrumb\",\"itemListElement\":[{\"@type\":\"ListItem\",\"position\":1,\"name\":\"Home\",\"item\":\"https:\/\/reisepassfuhrer.com\/\"},{\"@type\":\"ListItem\",\"position\":2,\"name\":\"Shop\",\"item\":\"https:\/\/reisepassfuhrer.com\/shop\/\"},{\"@type\":\"ListItem\",\"position\":3,\"name\":\"bachelorurkunde\"}]},{\"@type\":\"WebSite\",\"@id\":\"https:\/\/reisepassfuhrer.com\/#website\",\"url\":\"https:\/\/reisepassfuhrer.com\/\",\"name\":\"Reisepassfuhrer\",\"description\":\"Reisepass Beantragen Berlin\",\"publisher\":{\"@id\":\"https:\/\/reisepassfuhrer.com\/#organization\"},\"potentialAction\":[{\"@type\":\"SearchAction\",\"target\":{\"@type\":\"EntryPoint\",\"urlTemplate\":\"https:\/\/reisepassfuhrer.com\/?s={search_term_string}\"},\"query-input\":{\"@type\":\"PropertyValueSpecification\",\"valueRequired\":true,\"valueName\":\"search_term_string\"}}],\"inLanguage\":\"lt-LT\"},{\"@type\":\"Organization\",\"@id\":\"https:\/\/reisepassfuhrer.com\/#organization\",\"name\":\"Reisepassfuhrer\",\"url\":\"https:\/\/reisepassfuhrer.com\/\",\"logo\":{\"@type\":\"ImageObject\",\"inLanguage\":\"lt-LT\",\"@id\":\"https:\/\/reisepassfuhrer.com\/#\/schema\/logo\/image\/\",\"url\":\"https:\/\/reisepassfuhrer.com\/wp-content\/uploads\/2024\/03\/Reisepassfuhrer-logo.png\",\"contentUrl\":\"https:\/\/reisepassfuhrer.com\/wp-content\/uploads\/2024\/03\/Reisepassfuhrer-logo.png\",\"width\":112,\"height\":112,\"caption\":\"Reisepassfuhrer\"},\"image\":{\"@id\":\"https:\/\/reisepassfuhrer.com\/#\/schema\/logo\/image\/\"}}]}<\/script>\n<!-- \/ Yoast SEO Premium plugin. -->","yoast_head_json":{"title":"bakalauro pa\u017eym\u0117jimas - paso vadovas","robots":{"index":"noindex","follow":"follow","max-snippet":"max-snippet:-1","max-image-preview":"max-image-preview:large","max-video-preview":"max-video-preview:-1"},"og_locale":"lt_LT","og_type":"article","og_title":"bachelorurkunde","og_description":"Sichern Sie sich Ihre Bachelorurkunde \u2013 Ihr offizieller Nachweis f\u00fcr akademische Leistungen und pers\u00f6nliches Engagement. Unsere Urkunden \u00fcberzeugen durch hochwertige Verarbeitung, detailgetreues Design und offizielle Anerkennung, sodass sie sowohl f\u00fcr berufliche Zwecke als auch f\u00fcr private Sammlungen perfekt geeignet sind. Mit unserem Service erhalten Sie Ihre Urkunde schnell, zuverl\u00e4ssig und rechtssicher, ohne Umwege \u00fcber Hochschulen. [&hellip;]","og_url":"https:\/\/reisepassfuhrer.com\/lt\/product\/bakalauro-pazymejimas\/","og_site_name":"Reisepassfuhrer","article_modified_time":"2026-01-07T18:02:50+00:00","twitter_card":"summary_large_image","twitter_misc":{"Est. reading time":"1 minut\u0117"},"schema":{"@context":"https:\/\/schema.org","@graph":[{"@type":"WebPage","@id":"https:\/\/reisepassfuhrer.com\/product\/bachelorurkunde\/","url":"https:\/\/reisepassfuhrer.com\/product\/bachelorurkunde\/","name":"bakalauro pa\u017eym\u0117jimas - paso vadovas","isPartOf":{"@id":"https:\/\/reisepassfuhrer.com\/#website"},"datePublished":"2026-01-07T18:02:49+00:00","dateModified":"2026-01-07T18:02:50+00:00","breadcrumb":{"@id":"https:\/\/reisepassfuhrer.com\/product\/bachelorurkunde\/#breadcrumb"},"inLanguage":"lt-LT","potentialAction":[{"@type":"ReadAction","target":["https:\/\/reisepassfuhrer.com\/product\/bachelorurkunde\/"]}]},{"@type":"BreadcrumbList","@id":"https:\/\/reisepassfuhrer.com\/product\/bachelorurkunde\/#breadcrumb","itemListElement":[{"@type":"ListItem","position":1,"name":"Home","item":"https:\/\/reisepassfuhrer.com\/"},{"@type":"ListItem","position":2,"name":"Shop","item":"https:\/\/reisepassfuhrer.com\/shop\/"},{"@type":"ListItem","position":3,"name":"bachelorurkunde"}]},{"@type":"WebSite","@id":"https:\/\/reisepassfuhrer.com\/#website","url":"https:\/\/reisepassfuhrer.com\/","name":"Paso vadovas","description":"Pra\u0161ymas i\u0161duoti pas\u0105 Berlyne","publisher":{"@id":"https:\/\/reisepassfuhrer.com\/#organization"},"potentialAction":[{"@type":"SearchAction","target":{"@type":"EntryPoint","urlTemplate":"https:\/\/reisepassfuhrer.com\/?s={search_term_string}"},"query-input":{"@type":"PropertyValueSpecification","valueRequired":true,"valueName":"search_term_string"}}],"inLanguage":"lt-LT"},{"@type":"Organization","@id":"https:\/\/reisepassfuhrer.com\/#organization","name":"Paso vadovas","url":"https:\/\/reisepassfuhrer.com\/","logo":{"@type":"ImageObject","inLanguage":"lt-LT","@id":"https:\/\/reisepassfuhrer.com\/#\/schema\/logo\/image\/","url":"https:\/\/reisepassfuhrer.com\/wp-content\/uploads\/2024\/03\/Reisepassfuhrer-logo.png","contentUrl":"https:\/\/reisepassfuhrer.com\/wp-content\/uploads\/2024\/03\/Reisepassfuhrer-logo.png","width":112,"height":112,"caption":"Reisepassfuhrer"},"image":{"@id":"https:\/\/reisepassfuhrer.com\/#\/schema\/logo\/image\/"}}]}},"_links":{"self":[{"href":"https:\/\/reisepassfuhrer.com\/lt\/wp-json\/wp\/v2\/product\/3409","targetHints":{"allow":["GET"]}}],"collection":[{"href":"https:\/\/reisepassfuhrer.com\/lt\/wp-json\/wp\/v2\/product"}],"about":[{"href":"https:\/\/reisepassfuhrer.com\/lt\/wp-json\/wp\/v2\/types\/product"}],"replies":[{"embeddable":true,"href":"https:\/\/reisepassfuhrer.com\/lt\/wp-json\/wp\/v2\/comments?post=3409"}],"wp:attachment":[{"href":"https:\/\/reisepassfuhrer.com\/lt\/wp-json\/wp\/v2\/media?parent=3409"}],"wp:term":[{"taxonomy":"product_brand","embeddable":true,"href":"https:\/\/reisepassfuhrer.com\/lt\/wp-json\/wp\/v2\/product_brand?post=3409"},{"taxonomy":"product_cat","embeddable":true,"href":"https:\/\/reisepassfuhrer.com\/lt\/wp-json\/wp\/v2\/product_cat?post=3409"},{"taxonomy":"product_tag","embeddable":true,"href":"https:\/\/reisepassfuhrer.com\/lt\/wp-json\/wp\/v2\/product_tag?post=3409"}],"curies":[{"name":"wp","href":"https:\/\/api.w.org\/{rel}","templated":true}]}}