{"id":3416,"date":"2026-01-08T18:44:44","date_gmt":"2026-01-08T18:44:44","guid":{"rendered":"https:\/\/reisepassfuhrer.com\/?post_type=product&#038;p=3416"},"modified":"2026-01-08T18:44:45","modified_gmt":"2026-01-08T18:44:45","slug":"berufserfahrung-anerkennen-lassen","status":"publish","type":"product","link":"https:\/\/reisepassfuhrer.com\/lt\/product\/tureti-pripazintos-darbo-patirties\/","title":{"rendered":"Pripa\u017einta profesin\u0117 patirtis"},"content":{"rendered":"<h3 data-start=\"167\" data-end=\"260\">J\u016bs\u0173 profesin\u0117s patirties pripa\u017einimas - j\u016bs\u0173 raktas \u012f naujas karjeros galimybes Vokietijoje<\/h3>\n<p data-start=\"262\" data-end=\"600\">\u012egijote vertingos profesin\u0117s patirties u\u017esienyje ir norite, kad ji b\u016bt\u0173 pripa\u017einta Vokietijoje? M\u016bs\u0173 paslaugos <strong data-start=\"385\" data-end=\"424\">\u201ePripa\u017einta profesin\u0117 patirtis\u201c<\/strong> profesionaliai, patikimai ir veiksmingai lydi jus per vis\u0105 pripa\u017einimo proces\u0105, kad j\u016bs\u0173 kvalifikacija pagaliau sulaukt\u0173 pripa\u017einimo, kurio nusipeln\u0117.<\/p>\n<p data-start=\"602\" data-end=\"1020\">Daug kvalifikuot\u0173 darbuotoj\u0173 nepavyksta \u012fsidarbinti ne d\u0117l \u012fg\u016bd\u017ei\u0173 tr\u016bkumo, o d\u0117l sud\u0117ting\u0173 biurokratini\u0173 kli\u016b\u010di\u0173. B\u016btent \u010dia mes ateiname \u012f pagalb\u0105. Mes padedame jums <strong data-start=\"760\" data-end=\"838\">J\u016bs\u0173 profesin\u0117s patirties \u012fvertinimas, dokumentavimas ir oficialus pripa\u017einimas<\/strong>, nepriklausomai nuo to, ar turite oficiali\u0105 profesin\u0119 kvalifikacij\u0105, ar ne. M\u016bs\u0173 strukt\u016brizuotas po\u017ei\u016bris taupo j\u016bs\u0173 laik\u0105, ma\u017eina klaid\u0173 skai\u010di\u0173 ir gerokai padidina j\u016bs\u0173 s\u0117km\u0117s galimybes.<\/p>\n<p data-start=\"1022\" data-end=\"1056\"><strong data-start=\"1022\" data-end=\"1056\">J\u016bs\u0173 privalumai i\u0161 pirmo \u017evilgsnio:<\/strong><\/p>\n<ul data-start=\"1057\" data-end=\"1326\">\n<li data-start=\"1057\" data-end=\"1108\">\n<p data-start=\"1059\" data-end=\"1108\">Asmenin\u0117s pripa\u017einimo ekspert\u0173 konsultacijos<\/p>\n<\/li>\n<li data-start=\"1109\" data-end=\"1169\">\n<p data-start=\"1111\" data-end=\"1169\">Pagalba teikiant parai\u0161kas, sertifikatus ir vertimus<\/p>\n<\/li>\n<li data-start=\"1170\" data-end=\"1218\">\n<p data-start=\"1172\" data-end=\"1218\">Ai\u0161kus j\u016bs\u0173 galimybi\u0173 b\u016bti pripa\u017eintam \u012fvertinimas<\/p>\n<\/li>\n<li data-start=\"1219\" data-end=\"1262\">\n<p data-start=\"1221\" data-end=\"1262\">Parama iki oficialaus prane\u0161imo<\/p>\n<\/li>\n<li data-start=\"1263\" data-end=\"1326\">\n<p data-start=\"1265\" data-end=\"1326\">Idealiai tinka kvalifikuotiems darbuotojams, migrantams ir tarptautiniams parei\u0161k\u0117jams.<\/p>\n<\/li>\n<\/ul>\n<p data-start=\"1328\" data-end=\"1629\">Pripa\u017einta profesin\u0117 patirtis gerokai padidins j\u016bs\u0173 galimybes Vokietijos darbo rinkoje: <strong data-start=\"1440\" data-end=\"1505\">Geresni darbo pasi\u016blymai, didesnis atlyginimas ir teisinis saugumas<\/strong>. M\u016bs\u0173 paslaugos yra pritaikytos pagal galiojan\u010dius teisinius reikalavimus ir atsi\u017evelgta \u012f konkre\u010dios pramon\u0117s \u0161akos ypatumus.<\/p>\n<p data-start=\"1631\" data-end=\"1866\">Nesvarbu, ar tai b\u016bt\u0173 slauga, amatai, IT, technologijos, ar kitos profesijos, galime pad\u0117ti jums paversti profesin\u0119 praeit\u012f s\u0117kminga ateitimi. Pasikliaukite m\u016bs\u0173 patirtimi ir \u017eenkite kit\u0105 karjeros \u017eingsn\u012f.<\/p>","protected":false},"excerpt":{"rendered":"<p>Berufserfahrung anerkennen lassen \u2013 Ihr Schl\u00fcssel zu neuen Karrierechancen in Deutschland Sie haben wertvolle Berufserfahrung im Ausland gesammelt und m\u00f6chten diese in Deutschland anerkennen lassen? Unser Service \u201eBerufserfahrung anerkennen lassen\u201c begleitet Sie professionell, zuverl\u00e4ssig und effizient durch den gesamten Anerkennungsprozess \u2013 damit Ihre Qualifikationen endlich die Anerkennung bekommen, die sie verdienen. Viele Fachkr\u00e4fte scheitern nicht [&hellip;]<\/p>","protected":false},"featured_media":3418,"comment_status":"open","ping_status":"closed","template":"","meta":[],"product_brand":[],"product_cat":[44],"product_tag":[],"class_list":{"0":"post-3416","1":"product","2":"type-product","3":"status-publish","4":"has-post-thumbnail","6":"product_cat-uncategorized","8":"first","9":"instock","10":"shipping-taxable","11":"purchasable","12":"product-type-simple"},"yoast_head":"<!-- This site is optimized with the Yoast SEO Premium plugin v22.2 (Yoast SEO v26.2) - https:\/\/yoast.com\/wordpress\/plugins\/seo\/ -->\n<title>Berufserfahrung Anerkennen Lassen - Reisepassfuhrer<\/title>\n<meta name=\"robots\" content=\"noindex, follow, max-snippet:-1, max-image-preview:large, max-video-preview:-1\" \/>\n<meta property=\"og:locale\" content=\"lt_LT\" \/>\n<meta property=\"og:type\" content=\"article\" \/>\n<meta property=\"og:title\" content=\"Berufserfahrung Anerkennen Lassen\" \/>\n<meta property=\"og:description\" content=\"Berufserfahrung anerkennen lassen \u2013 Ihr Schl\u00fcssel zu neuen Karrierechancen in Deutschland Sie haben wertvolle Berufserfahrung im Ausland gesammelt und m\u00f6chten diese in Deutschland anerkennen lassen? Unser Service \u201eBerufserfahrung anerkennen lassen\u201c begleitet Sie professionell, zuverl\u00e4ssig und effizient durch den gesamten Anerkennungsprozess \u2013 damit Ihre Qualifikationen endlich die Anerkennung bekommen, die sie verdienen. Viele Fachkr\u00e4fte scheitern nicht [&hellip;]\" \/>\n<meta property=\"og:url\" content=\"https:\/\/reisepassfuhrer.com\/lt\/product\/tureti-pripazintos-darbo-patirties\/\" \/>\n<meta property=\"og:site_name\" content=\"Reisepassfuhrer\" \/>\n<meta property=\"article:modified_time\" content=\"2026-01-08T18:44:45+00:00\" \/>\n<meta property=\"og:image\" content=\"http:\/\/reisepassfuhrer.com\/wp-content\/uploads\/2026\/01\/102106538_IHKScreenshot.png.7454b2d16fe7d7acb8375b358a656507.png\" \/>\n\t<meta property=\"og:image:width\" content=\"918\" \/>\n\t<meta property=\"og:image:height\" content=\"1136\" \/>\n\t<meta property=\"og:image:type\" content=\"image\/png\" \/>\n<meta name=\"twitter:card\" content=\"summary_large_image\" \/>\n<meta name=\"twitter:label1\" content=\"Est. reading time\" \/>\n\t<meta name=\"twitter:data1\" content=\"2 minut\u0117s\" \/>\n<script type=\"application\/ld+json\" class=\"yoast-schema-graph\">{\"@context\":\"https:\/\/schema.org\",\"@graph\":[{\"@type\":\"WebPage\",\"@id\":\"https:\/\/reisepassfuhrer.com\/product\/berufserfahrung-anerkennen-lassen\/\",\"url\":\"https:\/\/reisepassfuhrer.com\/product\/berufserfahrung-anerkennen-lassen\/\",\"name\":\"Berufserfahrung Anerkennen Lassen - Reisepassfuhrer\",\"isPartOf\":{\"@id\":\"https:\/\/reisepassfuhrer.com\/#website\"},\"primaryImageOfPage\":{\"@id\":\"https:\/\/reisepassfuhrer.com\/product\/berufserfahrung-anerkennen-lassen\/#primaryimage\"},\"image\":{\"@id\":\"https:\/\/reisepassfuhrer.com\/product\/berufserfahrung-anerkennen-lassen\/#primaryimage\"},\"thumbnailUrl\":\"https:\/\/reisepassfuhrer.com\/wp-content\/uploads\/2026\/01\/102106538_IHKScreenshot.png.7454b2d16fe7d7acb8375b358a656507.png\",\"datePublished\":\"2026-01-08T18:44:44+00:00\",\"dateModified\":\"2026-01-08T18:44:45+00:00\",\"breadcrumb\":{\"@id\":\"https:\/\/reisepassfuhrer.com\/product\/berufserfahrung-anerkennen-lassen\/#breadcrumb\"},\"inLanguage\":\"lt-LT\",\"potentialAction\":[{\"@type\":\"ReadAction\",\"target\":[\"https:\/\/reisepassfuhrer.com\/product\/berufserfahrung-anerkennen-lassen\/\"]}]},{\"@type\":\"ImageObject\",\"inLanguage\":\"lt-LT\",\"@id\":\"https:\/\/reisepassfuhrer.com\/product\/berufserfahrung-anerkennen-lassen\/#primaryimage\",\"url\":\"https:\/\/reisepassfuhrer.com\/wp-content\/uploads\/2026\/01\/102106538_IHKScreenshot.png.7454b2d16fe7d7acb8375b358a656507.png\",\"contentUrl\":\"https:\/\/reisepassfuhrer.com\/wp-content\/uploads\/2026\/01\/102106538_IHKScreenshot.png.7454b2d16fe7d7acb8375b358a656507.png\",\"width\":918,\"height\":1136},{\"@type\":\"BreadcrumbList\",\"@id\":\"https:\/\/reisepassfuhrer.com\/product\/berufserfahrung-anerkennen-lassen\/#breadcrumb\",\"itemListElement\":[{\"@type\":\"ListItem\",\"position\":1,\"name\":\"Home\",\"item\":\"https:\/\/reisepassfuhrer.com\/\"},{\"@type\":\"ListItem\",\"position\":2,\"name\":\"Shop\",\"item\":\"https:\/\/reisepassfuhrer.com\/shop\/\"},{\"@type\":\"ListItem\",\"position\":3,\"name\":\"Berufserfahrung Anerkennen Lassen\"}]},{\"@type\":\"WebSite\",\"@id\":\"https:\/\/reisepassfuhrer.com\/#website\",\"url\":\"https:\/\/reisepassfuhrer.com\/\",\"name\":\"Reisepassfuhrer\",\"description\":\"Reisepass Beantragen Berlin\",\"publisher\":{\"@id\":\"https:\/\/reisepassfuhrer.com\/#organization\"},\"potentialAction\":[{\"@type\":\"SearchAction\",\"target\":{\"@type\":\"EntryPoint\",\"urlTemplate\":\"https:\/\/reisepassfuhrer.com\/?s={search_term_string}\"},\"query-input\":{\"@type\":\"PropertyValueSpecification\",\"valueRequired\":true,\"valueName\":\"search_term_string\"}}],\"inLanguage\":\"lt-LT\"},{\"@type\":\"Organization\",\"@id\":\"https:\/\/reisepassfuhrer.com\/#organization\",\"name\":\"Reisepassfuhrer\",\"url\":\"https:\/\/reisepassfuhrer.com\/\",\"logo\":{\"@type\":\"ImageObject\",\"inLanguage\":\"lt-LT\",\"@id\":\"https:\/\/reisepassfuhrer.com\/#\/schema\/logo\/image\/\",\"url\":\"https:\/\/reisepassfuhrer.com\/wp-content\/uploads\/2024\/03\/Reisepassfuhrer-logo.png\",\"contentUrl\":\"https:\/\/reisepassfuhrer.com\/wp-content\/uploads\/2024\/03\/Reisepassfuhrer-logo.png\",\"width\":112,\"height\":112,\"caption\":\"Reisepassfuhrer\"},\"image\":{\"@id\":\"https:\/\/reisepassfuhrer.com\/#\/schema\/logo\/image\/\"}}]}<\/script>\n<!-- \/ Yoast SEO Premium plugin. -->","yoast_head_json":{"title":"Pripa\u017e\u012fstama j\u016bs\u0173 darbo patirtis - paso tur\u0117tojas","robots":{"index":"noindex","follow":"follow","max-snippet":"max-snippet:-1","max-image-preview":"max-image-preview:large","max-video-preview":"max-video-preview:-1"},"og_locale":"lt_LT","og_type":"article","og_title":"Berufserfahrung Anerkennen Lassen","og_description":"Berufserfahrung anerkennen lassen \u2013 Ihr Schl\u00fcssel zu neuen Karrierechancen in Deutschland Sie haben wertvolle Berufserfahrung im Ausland gesammelt und m\u00f6chten diese in Deutschland anerkennen lassen? Unser Service \u201eBerufserfahrung anerkennen lassen\u201c begleitet Sie professionell, zuverl\u00e4ssig und effizient durch den gesamten Anerkennungsprozess \u2013 damit Ihre Qualifikationen endlich die Anerkennung bekommen, die sie verdienen. Viele Fachkr\u00e4fte scheitern nicht [&hellip;]","og_url":"https:\/\/reisepassfuhrer.com\/lt\/product\/tureti-pripazintos-darbo-patirties\/","og_site_name":"Reisepassfuhrer","article_modified_time":"2026-01-08T18:44:45+00:00","og_image":[{"width":918,"height":1136,"url":"http:\/\/reisepassfuhrer.com\/wp-content\/uploads\/2026\/01\/102106538_IHKScreenshot.png.7454b2d16fe7d7acb8375b358a656507.png","type":"image\/png"}],"twitter_card":"summary_large_image","twitter_misc":{"Est. reading time":"2 minut\u0117s"},"schema":{"@context":"https:\/\/schema.org","@graph":[{"@type":"WebPage","@id":"https:\/\/reisepassfuhrer.com\/product\/berufserfahrung-anerkennen-lassen\/","url":"https:\/\/reisepassfuhrer.com\/product\/berufserfahrung-anerkennen-lassen\/","name":"Pripa\u017e\u012fstama j\u016bs\u0173 darbo patirtis - paso tur\u0117tojas","isPartOf":{"@id":"https:\/\/reisepassfuhrer.com\/#website"},"primaryImageOfPage":{"@id":"https:\/\/reisepassfuhrer.com\/product\/berufserfahrung-anerkennen-lassen\/#primaryimage"},"image":{"@id":"https:\/\/reisepassfuhrer.com\/product\/berufserfahrung-anerkennen-lassen\/#primaryimage"},"thumbnailUrl":"https:\/\/reisepassfuhrer.com\/wp-content\/uploads\/2026\/01\/102106538_IHKScreenshot.png.7454b2d16fe7d7acb8375b358a656507.png","datePublished":"2026-01-08T18:44:44+00:00","dateModified":"2026-01-08T18:44:45+00:00","breadcrumb":{"@id":"https:\/\/reisepassfuhrer.com\/product\/berufserfahrung-anerkennen-lassen\/#breadcrumb"},"inLanguage":"lt-LT","potentialAction":[{"@type":"ReadAction","target":["https:\/\/reisepassfuhrer.com\/product\/berufserfahrung-anerkennen-lassen\/"]}]},{"@type":"ImageObject","inLanguage":"lt-LT","@id":"https:\/\/reisepassfuhrer.com\/product\/berufserfahrung-anerkennen-lassen\/#primaryimage","url":"https:\/\/reisepassfuhrer.com\/wp-content\/uploads\/2026\/01\/102106538_IHKScreenshot.png.7454b2d16fe7d7acb8375b358a656507.png","contentUrl":"https:\/\/reisepassfuhrer.com\/wp-content\/uploads\/2026\/01\/102106538_IHKScreenshot.png.7454b2d16fe7d7acb8375b358a656507.png","width":918,"height":1136},{"@type":"BreadcrumbList","@id":"https:\/\/reisepassfuhrer.com\/product\/berufserfahrung-anerkennen-lassen\/#breadcrumb","itemListElement":[{"@type":"ListItem","position":1,"name":"Home","item":"https:\/\/reisepassfuhrer.com\/"},{"@type":"ListItem","position":2,"name":"Shop","item":"https:\/\/reisepassfuhrer.com\/shop\/"},{"@type":"ListItem","position":3,"name":"Berufserfahrung Anerkennen Lassen"}]},{"@type":"WebSite","@id":"https:\/\/reisepassfuhrer.com\/#website","url":"https:\/\/reisepassfuhrer.com\/","name":"Paso vadovas","description":"Pra\u0161ymas i\u0161duoti pas\u0105 Berlyne","publisher":{"@id":"https:\/\/reisepassfuhrer.com\/#organization"},"potentialAction":[{"@type":"SearchAction","target":{"@type":"EntryPoint","urlTemplate":"https:\/\/reisepassfuhrer.com\/?s={search_term_string}"},"query-input":{"@type":"PropertyValueSpecification","valueRequired":true,"valueName":"search_term_string"}}],"inLanguage":"lt-LT"},{"@type":"Organization","@id":"https:\/\/reisepassfuhrer.com\/#organization","name":"Paso vadovas","url":"https:\/\/reisepassfuhrer.com\/","logo":{"@type":"ImageObject","inLanguage":"lt-LT","@id":"https:\/\/reisepassfuhrer.com\/#\/schema\/logo\/image\/","url":"https:\/\/reisepassfuhrer.com\/wp-content\/uploads\/2024\/03\/Reisepassfuhrer-logo.png","contentUrl":"https:\/\/reisepassfuhrer.com\/wp-content\/uploads\/2024\/03\/Reisepassfuhrer-logo.png","width":112,"height":112,"caption":"Reisepassfuhrer"},"image":{"@id":"https:\/\/reisepassfuhrer.com\/#\/schema\/logo\/image\/"}}]}},"_links":{"self":[{"href":"https:\/\/reisepassfuhrer.com\/lt\/wp-json\/wp\/v2\/product\/3416","targetHints":{"allow":["GET"]}}],"collection":[{"href":"https:\/\/reisepassfuhrer.com\/lt\/wp-json\/wp\/v2\/product"}],"about":[{"href":"https:\/\/reisepassfuhrer.com\/lt\/wp-json\/wp\/v2\/types\/product"}],"replies":[{"embeddable":true,"href":"https:\/\/reisepassfuhrer.com\/lt\/wp-json\/wp\/v2\/comments?post=3416"}],"wp:featuredmedia":[{"embeddable":true,"href":"https:\/\/reisepassfuhrer.com\/lt\/wp-json\/wp\/v2\/media\/3418"}],"wp:attachment":[{"href":"https:\/\/reisepassfuhrer.com\/lt\/wp-json\/wp\/v2\/media?parent=3416"}],"wp:term":[{"taxonomy":"product_brand","embeddable":true,"href":"https:\/\/reisepassfuhrer.com\/lt\/wp-json\/wp\/v2\/product_brand?post=3416"},{"taxonomy":"product_cat","embeddable":true,"href":"https:\/\/reisepassfuhrer.com\/lt\/wp-json\/wp\/v2\/product_cat?post=3416"},{"taxonomy":"product_tag","embeddable":true,"href":"https:\/\/reisepassfuhrer.com\/lt\/wp-json\/wp\/v2\/product_tag?post=3416"}],"curies":[{"name":"wp","href":"https:\/\/api.w.org\/{rel}","templated":true}]}}