{"id":2377,"date":"2024-01-13T19:56:34","date_gmt":"2021-03-09T14:34:09","guid":{"rendered":"https:\/\/reisepassfuhrer.com\/index.php\/menu\/"},"modified":"2024-01-27T12:34:54","modified_gmt":"2024-01-27T12:34:54","slug":"fuhrerschein-schweiz","status":"publish","type":"page","link":"https:\/\/reisepassfuhrer.com\/nl\/zwitsers-rijbewijs\/","title":{"rendered":"Rijbewijs Zwitserland"},"content":{"rendered":"<div data-elementor-type=\"wp-page\" data-elementor-id=\"2377\" class=\"elementor elementor-2377\" data-elementor-post-type=\"page\">\n\t\t\t\t<div class=\"elementor-element elementor-element-49b59b4 e-flex e-con-boxed e-con e-parent\" data-id=\"49b59b4\" data-element_type=\"container\" data-core-v316-plus=\"true\">\n\t\t\t\t\t<div class=\"e-con-inner\">\n\t\t<div class=\"elementor-element elementor-element-3c5d29c e-con-full e-flex e-con e-child\" data-id=\"3c5d29c\" data-element_type=\"container\">\n\t\t\t\t<div class=\"elementor-element elementor-element-206c1d5 elementor-widget elementor-widget-heading\" data-id=\"206c1d5\" data-element_type=\"widget\" data-widget_type=\"heading.default\">\n\t\t\t\t<div class=\"elementor-widget-container\">\n\t\t\t<style>\/*! elementor - v3.20.0 - 13-03-2024 *\/\n.elementor-heading-title{padding:0;margin:0;line-height:1}.elementor-widget-heading .elementor-heading-title[class*=elementor-size-]>a{color:inherit;font-size:inherit;line-height:inherit}.elementor-widget-heading .elementor-heading-title.elementor-size-small{font-size:15px}.elementor-widget-heading .elementor-heading-title.elementor-size-medium{font-size:19px}.elementor-widget-heading .elementor-heading-title.elementor-size-large{font-size:29px}.elementor-widget-heading .elementor-heading-title.elementor-size-xl{font-size:39px}.elementor-widget-heading .elementor-heading-title.elementor-size-xxl{font-size:59px}<\/style><h2 class=\"elementor-heading-title elementor-size-default\">Rijbewijs Zwitserland<\/h2>\t\t<\/div>\n\t\t\t\t<\/div>\n\t\t\t\t<\/div>\n\t\t<div class=\"elementor-element elementor-element-5cc2ac5 e-con-full e-flex e-con e-child\" data-id=\"5cc2ac5\" data-element_type=\"container\">\n\t\t\t\t<div class=\"elementor-element elementor-element-6ffa2fe elementor-widget elementor-widget-heading\" data-id=\"6ffa2fe\" data-element_type=\"widget\" data-widget_type=\"heading.default\">\n\t\t\t\t<div class=\"elementor-widget-container\">\n\t\t\t<h2 class=\"elementor-heading-title elementor-size-default\">Internationaal rijbewijs zwitserland<\/h2>\t\t<\/div>\n\t\t\t\t<\/div>\n\t\t\t\t<\/div>\n\t\t\t\t\t<\/div>\n\t\t\t\t<\/div>\n\t\t<div class=\"elementor-element elementor-element-6762236e e-flex e-con-boxed e-con e-parent\" data-id=\"6762236e\" data-element_type=\"container\" data-core-v316-plus=\"true\">\n\t\t\t\t\t<div class=\"e-con-inner\">\n\t\t\t\t<div class=\"elementor-element elementor-element-2c33fdfe elementor-widget elementor-widget-text-editor\" data-id=\"2c33fdfe\" data-element_type=\"widget\" data-widget_type=\"text-editor.default\">\n\t\t\t\t<div class=\"elementor-widget-container\">\n\t\t\t<style>\/*! elementor - v3.20.0 - 13-03-2024 *\/\n.elementor-widget-text-editor.elementor-drop-cap-view-stacked .elementor-drop-cap{background-color:#69727d;color:#fff}.elementor-widget-text-editor.elementor-drop-cap-view-framed .elementor-drop-cap{color:#69727d;border:3px solid;background-color:transparent}.elementor-widget-text-editor:not(.elementor-drop-cap-view-default) .elementor-drop-cap{margin-top:8px}.elementor-widget-text-editor:not(.elementor-drop-cap-view-default) .elementor-drop-cap-letter{width:1em;height:1em}.elementor-widget-text-editor .elementor-drop-cap{float:left;text-align:center;line-height:1;font-size:50px}.elementor-widget-text-editor .elementor-drop-cap-letter{display:inline-block}<\/style>\t\t\t\t<p>Rijbewijs Zwitserland, Een rijbewijs is de wettelijke toestemming van een bepaalde persoon om een of meer motorvoertuigen te besturen. Het is de meest geaccepteerde vorm van een door de overheid uitgegeven document dat je kunt laten zien als identiteitsbewijs. Het geeft je ook de vrijheid om zelfstandig te rijden zonder angst voor de autoriteiten. Koop je rijbewijs online. Al deze privileges gaan gepaard met een bepaalde hoeveelheid tijd, geld en arbeid. Er zijn veel vereisten waaraan je moet voldoen om een rijbewijs te verkrijgen, schweizer f\u00fchrerschein in deutschland.\u00a0<\/p>\n<p>Je kunt echter een rijbewijs kopen zonder examen of hectische procedure, Zwitsers rijbewijs, c1 rijbewijs kosten, ce rijbewijs kosten. Je hebt geen eerdere rijervaring nodig, internationaal rijbewijs zwitserland, kosten bromfietsrijbewijs. Dat laten we aan jou over. Je hoeft zelfs geen theoretische of praktische opleiding te volgen. Als je wachtrijen wilt vermijden, internationaal rijbewijs, koop dan een goedkoop rijbewijs dat alle originele veiligheidskenmerken heeft. We durven te wedden dat niemand het verschil zal merken! Je moet de leeftijd van het Nederlandse rijbewijs weten.<\/p>\t\t\t\t\t\t<\/div>\n\t\t\t\t<\/div>\n\t\t\t\t\t<\/div>\n\t\t\t\t<\/div>\n\t\t<div class=\"elementor-element elementor-element-8a5f0ce e-flex e-con-boxed e-con e-parent\" data-id=\"8a5f0ce\" data-element_type=\"container\" data-core-v316-plus=\"true\">\n\t\t\t\t\t<div class=\"e-con-inner\">\n\t\t<div class=\"elementor-element elementor-element-5d6ba28 e-con-full e-flex e-con e-child\" data-id=\"5d6ba28\" data-element_type=\"container\">\n\t\t\t\t<div class=\"elementor-element elementor-element-b7e47d6 elementor-widget elementor-widget-heading\" data-id=\"b7e47d6\" data-element_type=\"widget\" data-widget_type=\"heading.default\">\n\t\t\t\t<div class=\"elementor-widget-container\">\n\t\t\t<h2 class=\"elementor-heading-title elementor-size-default\">A1 rijbewijs zwitserland<\/h2>\t\t<\/div>\n\t\t\t\t<\/div>\n\t\t\t\t<\/div>\n\t\t<div class=\"elementor-element elementor-element-e1c2486 e-con-full e-flex e-con e-child\" data-id=\"e1c2486\" data-element_type=\"container\">\n\t\t\t\t<div class=\"elementor-element elementor-element-28f783c elementor-widget elementor-widget-heading\" data-id=\"28f783c\" data-element_type=\"widget\" data-widget_type=\"heading.default\">\n\t\t\t\t<div class=\"elementor-widget-container\">\n\t\t\t<h2 class=\"elementor-heading-title elementor-size-default\">Motorrijbewijs zwitserland<\/h2>\t\t<\/div>\n\t\t\t\t<\/div>\n\t\t\t\t<\/div>\n\t\t\t\t\t<\/div>\n\t\t\t\t<\/div>\n\t\t<div class=\"elementor-element elementor-element-60a9600 e-flex e-con-boxed e-con e-parent\" data-id=\"60a9600\" data-element_type=\"container\" data-core-v316-plus=\"true\">\n\t\t\t\t\t<div class=\"e-con-inner\">\n\t\t\t\t<div class=\"elementor-element elementor-element-96bee33 elementor-widget elementor-widget-text-editor\" data-id=\"96bee33\" data-element_type=\"widget\" data-widget_type=\"text-editor.default\">\n\t\t\t\t<div class=\"elementor-widget-container\">\n\t\t\t\t\t\t\t<p>Het kan moeilijk zijn om een Zwitsers rijbewijs te halen. Voor het theorie-examen moet je een tien uur durende EHBO-training volgen. Na ontvangst van uw voorlopig rijbewijs moet u 8 uur verkeersbewustzijnstraining volgen en na ontvangst van uw Zwitsers rijbewijs (kosten rijbewijs Zwitserland) moet u nog een paar uur volgen.<br \/>Er komt veel papierwerk bij kijken tijdens het proces en nationale talen zoals Italiaans, Duits of Frans moeten worden verduidelijkt. Als je niet slaagt voor een test, wordt je aanvraag afgewezen, wat kan betekenen dat je nog langer moet wachten op je gewenste document. Door te kiezen voor een vals Zwitsers rijbewijs kun je dergelijke problemen volledig vermijden. Wij bieden je een breed scala aan echte werken die zijn opgenomen in de hoofddatabase. Bekijk nu onze diensten en laat ons weten wat je nodig hebt! Waarom zou je bij ons een Zwitsers rijbewijs kopen?<\/p>\t\t\t\t\t\t<\/div>\n\t\t\t\t<\/div>\n\t\t\t\t\t<\/div>\n\t\t\t\t<\/div>\n\t\t<div class=\"elementor-element elementor-element-d570619 e-flex e-con-boxed e-con e-parent\" data-id=\"d570619\" data-element_type=\"container\" data-core-v316-plus=\"true\">\n\t\t\t\t\t<div class=\"e-con-inner\">\n\t\t<div class=\"elementor-element elementor-element-11d4bf8 e-con-full e-flex e-con e-child\" data-id=\"11d4bf8\" data-element_type=\"container\">\n\t\t\t\t<div class=\"elementor-element elementor-element-cd6fc52 elementor-widget elementor-widget-image\" data-id=\"cd6fc52\" data-element_type=\"widget\" data-widget_type=\"image.default\">\n\t\t\t\t<div class=\"elementor-widget-container\">\n\t\t\t<style>\/*! elementor - v3.20.0 - 13-03-2024 *\/\n.elementor-widget-image{text-align:center}.elementor-widget-image a{display:inline-block}.elementor-widget-image a img[src$=\".svg\"]{width:48px}.elementor-widget-image img{vertical-align:middle;display:inline-block}<\/style>\t\t\t\t\t\t\t<figure class=\"wp-caption\">\n\t\t\t\t\t\t\t\t\t\t<img fetchpriority=\"high\" decoding=\"async\" width=\"640\" height=\"630\" src=\"https:\/\/reisepassfuhrer.com\/wp-content\/uploads\/2024\/01\/Buy-French-drivers-licence.jpg\" class=\"attachment-large size-large wp-image-2606\" alt=\"Rijbewijs Zwitserland\" srcset=\"https:\/\/reisepassfuhrer.com\/wp-content\/uploads\/2024\/01\/Buy-French-drivers-licence.jpg 640w, https:\/\/reisepassfuhrer.com\/wp-content\/uploads\/2024\/01\/Buy-French-drivers-licence-300x295.jpg 300w, https:\/\/reisepassfuhrer.com\/wp-content\/uploads\/2024\/01\/Buy-French-drivers-licence-229x225.jpg 229w\" sizes=\"(max-width: 640px) 100vw, 640px\" \/>\t\t\t\t\t\t\t\t\t\t\t<figcaption class=\"widget-image-caption wp-caption-text\">Rijbewijs Zwitserland<\/figcaption>\n\t\t\t\t\t\t\t\t\t\t<\/figure>\n\t\t\t\t\t\t\t<\/div>\n\t\t\t\t<\/div>\n\t\t\t\t<\/div>\n\t\t<div class=\"elementor-element elementor-element-e5392a4 e-con-full e-flex e-con e-child\" data-id=\"e5392a4\" data-element_type=\"container\">\n\t\t\t\t<div class=\"elementor-element elementor-element-ea66b31 elementor-widget elementor-widget-image\" data-id=\"ea66b31\" data-element_type=\"widget\" data-widget_type=\"image.default\">\n\t\t\t\t<div class=\"elementor-widget-container\">\n\t\t\t\t\t\t\t\t\t\t<figure class=\"wp-caption\">\n\t\t\t\t\t\t\t\t\t\t<img decoding=\"async\" src=\"https:\/\/reisepassfuhrer.com\/wp-content\/uploads\/2024\/01\/dl.jpeg\" title=\"internationaal rijbewijs zwitserland\" alt=\"internationaal rijbewijs zwitserland\" loading=\"lazy\" \/>\t\t\t\t\t\t\t\t\t\t\t<figcaption class=\"widget-image-caption wp-caption-text\">internationaal rijbewijs zwitserland<\/figcaption>\n\t\t\t\t\t\t\t\t\t\t<\/figure>\n\t\t\t\t\t\t\t<\/div>\n\t\t\t\t<\/div>\n\t\t\t\t<\/div>\n\t\t\t\t\t<\/div>\n\t\t\t\t<\/div>\n\t\t<div class=\"elementor-element elementor-element-1450bcc e-flex e-con-boxed e-con e-parent\" data-id=\"1450bcc\" data-element_type=\"container\" data-core-v316-plus=\"true\">\n\t\t\t\t\t<div class=\"e-con-inner\">\n\t\t\t\t<div class=\"elementor-element elementor-element-f1bca8e elementor-widget elementor-widget-text-editor\" data-id=\"f1bca8e\" data-element_type=\"widget\" data-widget_type=\"text-editor.default\">\n\t\t\t\t<div class=\"elementor-widget-container\">\n\t\t\t\t\t\t\t<p>Het kan moeilijk zijn om een Zwitsers rijbewijs te halen. Voor het theorie-examen moet je een tien uur durende EHBO-training volgen. Na het ontvangen van je voorlopig rijbewijs moet je 8 uur verkeersbewustzijnstraining volgen en na het ontvangen van je Zwitsers rijbewijs moet je nog een paar uur volgen. Authentieke documenten zijn er voor u.<br \/>Tijdens het proces komt er veel papierwerk bij kijken en nationale talen zoals Italiaans, Duits of Frans moeten worden verduidelijkt. Als je niet slaagt voor een test, wordt je aanvraag afgewezen, wat kan betekenen dat je nog langer moet wachten op je gewenste document. Door te kiezen voor een vals Zwitsers rijbewijs kun je dergelijke problemen volledig vermijden. Wij bieden je een breed scala aan echte werken die zijn opgenomen in de hoofddatabase. Bekijk nu onze diensten en laat ons weten wat je nodig hebt!<br \/>Waarom een Zwitsers rijbewijs bij ons kopen?<\/p><p>Waar ter wereld je ook bent, je moet een geldig rijbewijs hebben om een voertuig te besturen. Helaas is de aanvraagprocedure een van de grootste obstakels. Voor degenen die net naar Zwitserland zijn verhuisd, is het nog veel erger. Gelukkig zijn er betrouwbare documentaanbieders die je kunnen helpen het vervelende proces te vermijden. Hier zijn enkele redenen om voor hen te kiezen.<\/p><p>Gemak. Wat heb je nog meer nodig als je je rijbewijs in Zwitserland online vanuit je luie stoel kunt aanvragen? Je hoeft niet persoonlijk aanwezig te zijn om een theorie- of praktijkexamen af te leggen. Je hoeft alleen je naam en alle relevante informatie in te vullen. Onze medewerkers drukken de kaart voor je in reli\u00ebf!<\/p><p>Authenticiteit. Wij laten je niet lijden als vervalser. Het document dat je van ons ontvangt is net zo authentiek als het origineel. De politieagent zal nooit vermoeden dat je in het bezit bent van een vervalst rijbewijs.<\/p><p>Betaalbaarheid. Als je de kosten voor het behalen van een rijbewijs volgens de standaardprocedure bij elkaar optelt, zie je hoe betaalbaar we zijn.<\/p><p>Tijdbesparing. Een gecentraliseerd proces vergt veel tijd en werk en is het niet waard. Met de zekerheid dat wij tijdig het beste bieden, investeer je in ons en bespaar je kostbare tijd.<\/p><p>Hoe krijg ik een Zwitsers rijbewijs zonder examen?<\/p><p>De tijd dat je weg kon komen zonder rijbewijs ligt al lang achter ons. Met het oog op het toenemende aantal verkeersongevallen hebben de autoriteiten de regels nog verder aangescherpt. Je hebt de mogelijkheid om zonder complicaties een internationaal rijbewijs in Zwitserland te halen. Ons team bestaat uit technologie-, ontwerp- en overheidsprofessionals die de vaardigheden hebben om een origineel document perfect na te maken. Neem contact met ons op. Vertel ons wat je nodig hebt door nu contact met ons op te nemen! Rijbewijzen kopen voor andere EU-landen<\/p>\t\t\t\t\t\t<\/div>\n\t\t\t\t<\/div>\n\t\t\t\t\t<\/div>\n\t\t\t\t<\/div>\n\t\t<div class=\"elementor-element elementor-element-edec56e e-flex e-con-boxed e-con e-parent\" data-id=\"edec56e\" data-element_type=\"container\" data-core-v316-plus=\"true\">\n\t\t\t\t\t<div class=\"e-con-inner\">\n\t\t<div class=\"elementor-element elementor-element-dc23bf7 e-con-full e-flex e-con e-child\" data-id=\"dc23bf7\" data-element_type=\"container\">\n\t\t\t\t<div class=\"elementor-element elementor-element-3d5487a elementor-widget elementor-widget-heading\" data-id=\"3d5487a\" data-element_type=\"widget\" data-widget_type=\"heading.default\">\n\t\t\t\t<div class=\"elementor-widget-container\">\n\t\t\t<h2 class=\"elementor-heading-title elementor-size-default\">rijbewijs zwitserland herschrijven<\/h2>\t\t<\/div>\n\t\t\t\t<\/div>\n\t\t\t\t<\/div>\n\t\t<div class=\"elementor-element elementor-element-05ff606 e-con-full e-flex e-con e-child\" data-id=\"05ff606\" data-element_type=\"container\">\n\t\t\t\t<div class=\"elementor-element elementor-element-9e7a369 elementor-widget elementor-widget-heading\" data-id=\"9e7a369\" data-element_type=\"widget\" data-widget_type=\"heading.default\">\n\t\t\t\t<div class=\"elementor-widget-container\">\n\t\t\t<h2 class=\"elementor-heading-title elementor-size-default\">rijden zonder rijbewijs zwitserland<\/h2>\t\t<\/div>\n\t\t\t\t<\/div>\n\t\t\t\t<\/div>\n\t\t\t\t\t<\/div>\n\t\t\t\t<\/div>\n\t\t\t\t<\/div>","protected":false},"excerpt":{"rendered":"<p>F\u00fchrerschein schweiz Internationaler f\u00fchrerschein schweiz F\u00fchrerschein schweiz, Ein F\u00fchrerschein ist die gesetzliche Erlaubnis einer bestimmten Person, ein oder mehrere Kraftfahrzeuge zu f\u00fchren. Es ist die akzeptabelste Form eines von der Regierung ausgestellten Dokuments, das Sie als Identit\u00e4tsnachweis vorlegen k\u00f6nnen. Es gibt Ihnen auch die Freiheit, unabh\u00e4ngig zu fahren, ohne Angst vor den Beh\u00f6rden zu haben. [&hellip;]<\/p>","protected":false},"author":1,"featured_media":0,"parent":0,"menu_order":0,"comment_status":"closed","ping_status":"closed","template":"","meta":{"footnotes":""},"class_list":["post-2377","page","type-page","status-publish","hentry"],"yoast_head":"<!-- This site is optimized with the Yoast SEO Premium plugin v22.2 (Yoast SEO v26.2) - https:\/\/yoast.com\/wordpress\/plugins\/seo\/ -->\n<title>F\u00fchrerschein schweiz - Reisepassfuhrer<\/title>\n<meta name=\"description\" content=\"F\u00fchrerschein schweiz, Ein F\u00fchrerschein ist die gesetzliche Erlaubnis einer bestimmten Person, ein oder mehrere Kraftfahrzeuge zu f\u00fchren.\" \/>\n<meta name=\"robots\" content=\"noindex, follow, max-snippet:-1, max-image-preview:large, max-video-preview:-1\" \/>\n<meta property=\"og:locale\" content=\"nl_NL\" \/>\n<meta property=\"og:type\" content=\"article\" \/>\n<meta property=\"og:title\" content=\"F\u00fchrerschein schweiz\" \/>\n<meta property=\"og:description\" content=\"F\u00fchrerschein schweiz, Ein F\u00fchrerschein ist die gesetzliche Erlaubnis einer bestimmten Person, ein oder mehrere Kraftfahrzeuge zu f\u00fchren.\" \/>\n<meta property=\"og:url\" content=\"https:\/\/reisepassfuhrer.com\/nl\/zwitsers-rijbewijs\/\" \/>\n<meta property=\"og:site_name\" content=\"Reisepassfuhrer\" \/>\n<meta property=\"article:modified_time\" content=\"2024-01-27T12:34:54+00:00\" \/>\n<meta property=\"og:image\" content=\"http:\/\/reisepassfuhrer.com\/wp-content\/uploads\/2024\/01\/Buy-French-drivers-licence.jpg\" \/>\n<meta name=\"twitter:card\" content=\"summary_large_image\" \/>\n<meta name=\"twitter:label1\" content=\"Geschatte leestijd\" \/>\n\t<meta name=\"twitter:data1\" content=\"4 minuten\" \/>\n<script type=\"application\/ld+json\" class=\"yoast-schema-graph\">{\"@context\":\"https:\/\/schema.org\",\"@graph\":[{\"@type\":\"WebPage\",\"@id\":\"https:\/\/reisepassfuhrer.com\/fuhrerschein-schweiz\/\",\"url\":\"https:\/\/reisepassfuhrer.com\/fuhrerschein-schweiz\/\",\"name\":\"F\u00fchrerschein schweiz - Reisepassfuhrer\",\"isPartOf\":{\"@id\":\"https:\/\/reisepassfuhrer.com\/#website\"},\"primaryImageOfPage\":{\"@id\":\"https:\/\/reisepassfuhrer.com\/fuhrerschein-schweiz\/#primaryimage\"},\"image\":{\"@id\":\"https:\/\/reisepassfuhrer.com\/fuhrerschein-schweiz\/#primaryimage\"},\"thumbnailUrl\":\"http:\/\/reisepassfuhrer.com\/wp-content\/uploads\/2024\/01\/Buy-French-drivers-licence.jpg\",\"datePublished\":\"2021-03-09T14:34:09+00:00\",\"dateModified\":\"2024-01-27T12:34:54+00:00\",\"description\":\"F\u00fchrerschein schweiz, Ein F\u00fchrerschein ist die gesetzliche Erlaubnis einer bestimmten Person, ein oder mehrere Kraftfahrzeuge zu f\u00fchren.\",\"breadcrumb\":{\"@id\":\"https:\/\/reisepassfuhrer.com\/fuhrerschein-schweiz\/#breadcrumb\"},\"inLanguage\":\"nl-NL\",\"potentialAction\":[{\"@type\":\"ReadAction\",\"target\":[\"https:\/\/reisepassfuhrer.com\/fuhrerschein-schweiz\/\"]}]},{\"@type\":\"ImageObject\",\"inLanguage\":\"nl-NL\",\"@id\":\"https:\/\/reisepassfuhrer.com\/fuhrerschein-schweiz\/#primaryimage\",\"url\":\"http:\/\/reisepassfuhrer.com\/wp-content\/uploads\/2024\/01\/Buy-French-drivers-licence.jpg\",\"contentUrl\":\"http:\/\/reisepassfuhrer.com\/wp-content\/uploads\/2024\/01\/Buy-French-drivers-licence.jpg\"},{\"@type\":\"BreadcrumbList\",\"@id\":\"https:\/\/reisepassfuhrer.com\/fuhrerschein-schweiz\/#breadcrumb\",\"itemListElement\":[{\"@type\":\"ListItem\",\"position\":1,\"name\":\"Home\",\"item\":\"https:\/\/reisepassfuhrer.com\/\"},{\"@type\":\"ListItem\",\"position\":2,\"name\":\"F\u00fchrerschein schweiz\"}]},{\"@type\":\"WebSite\",\"@id\":\"https:\/\/reisepassfuhrer.com\/#website\",\"url\":\"https:\/\/reisepassfuhrer.com\/\",\"name\":\"Reisepassfuhrer\",\"description\":\"Reisepass Beantragen Berlin\",\"publisher\":{\"@id\":\"https:\/\/reisepassfuhrer.com\/#organization\"},\"potentialAction\":[{\"@type\":\"SearchAction\",\"target\":{\"@type\":\"EntryPoint\",\"urlTemplate\":\"https:\/\/reisepassfuhrer.com\/?s={search_term_string}\"},\"query-input\":{\"@type\":\"PropertyValueSpecification\",\"valueRequired\":true,\"valueName\":\"search_term_string\"}}],\"inLanguage\":\"nl-NL\"},{\"@type\":\"Organization\",\"@id\":\"https:\/\/reisepassfuhrer.com\/#organization\",\"name\":\"Reisepassfuhrer\",\"url\":\"https:\/\/reisepassfuhrer.com\/\",\"logo\":{\"@type\":\"ImageObject\",\"inLanguage\":\"nl-NL\",\"@id\":\"https:\/\/reisepassfuhrer.com\/#\/schema\/logo\/image\/\",\"url\":\"https:\/\/reisepassfuhrer.com\/wp-content\/uploads\/2024\/03\/Reisepassfuhrer-logo.png\",\"contentUrl\":\"https:\/\/reisepassfuhrer.com\/wp-content\/uploads\/2024\/03\/Reisepassfuhrer-logo.png\",\"width\":112,\"height\":112,\"caption\":\"Reisepassfuhrer\"},\"image\":{\"@id\":\"https:\/\/reisepassfuhrer.com\/#\/schema\/logo\/image\/\"}}]}<\/script>\n<!-- \/ Yoast SEO Premium plugin. -->","yoast_head_json":{"title":"Rijbewijs Zwitserland - Paspoorthouder","description":"Rijbewijs Zwitserland, Een rijbewijs is de wettelijke toestemming voor een bepaalde persoon om een of meer motorvoertuigen te besturen.","robots":{"index":"noindex","follow":"follow","max-snippet":"max-snippet:-1","max-image-preview":"max-image-preview:large","max-video-preview":"max-video-preview:-1"},"og_locale":"nl_NL","og_type":"article","og_title":"F\u00fchrerschein schweiz","og_description":"F\u00fchrerschein schweiz, Ein F\u00fchrerschein ist die gesetzliche Erlaubnis einer bestimmten Person, ein oder mehrere Kraftfahrzeuge zu f\u00fchren.","og_url":"https:\/\/reisepassfuhrer.com\/nl\/zwitsers-rijbewijs\/","og_site_name":"Reisepassfuhrer","article_modified_time":"2024-01-27T12:34:54+00:00","og_image":[{"url":"http:\/\/reisepassfuhrer.com\/wp-content\/uploads\/2024\/01\/Buy-French-drivers-licence.jpg","type":"","width":"","height":""}],"twitter_card":"summary_large_image","twitter_misc":{"Geschatte leestijd":"4 minuten"},"schema":{"@context":"https:\/\/schema.org","@graph":[{"@type":"WebPage","@id":"https:\/\/reisepassfuhrer.com\/fuhrerschein-schweiz\/","url":"https:\/\/reisepassfuhrer.com\/fuhrerschein-schweiz\/","name":"Rijbewijs Zwitserland - Paspoorthouder","isPartOf":{"@id":"https:\/\/reisepassfuhrer.com\/#website"},"primaryImageOfPage":{"@id":"https:\/\/reisepassfuhrer.com\/fuhrerschein-schweiz\/#primaryimage"},"image":{"@id":"https:\/\/reisepassfuhrer.com\/fuhrerschein-schweiz\/#primaryimage"},"thumbnailUrl":"http:\/\/reisepassfuhrer.com\/wp-content\/uploads\/2024\/01\/Buy-French-drivers-licence.jpg","datePublished":"2021-03-09T14:34:09+00:00","dateModified":"2024-01-27T12:34:54+00:00","description":"Rijbewijs Zwitserland, Een rijbewijs is de wettelijke toestemming voor een bepaalde persoon om een of meer motorvoertuigen te besturen.","breadcrumb":{"@id":"https:\/\/reisepassfuhrer.com\/fuhrerschein-schweiz\/#breadcrumb"},"inLanguage":"nl-NL","potentialAction":[{"@type":"ReadAction","target":["https:\/\/reisepassfuhrer.com\/fuhrerschein-schweiz\/"]}]},{"@type":"ImageObject","inLanguage":"nl-NL","@id":"https:\/\/reisepassfuhrer.com\/fuhrerschein-schweiz\/#primaryimage","url":"http:\/\/reisepassfuhrer.com\/wp-content\/uploads\/2024\/01\/Buy-French-drivers-licence.jpg","contentUrl":"http:\/\/reisepassfuhrer.com\/wp-content\/uploads\/2024\/01\/Buy-French-drivers-licence.jpg"},{"@type":"BreadcrumbList","@id":"https:\/\/reisepassfuhrer.com\/fuhrerschein-schweiz\/#breadcrumb","itemListElement":[{"@type":"ListItem","position":1,"name":"Home","item":"https:\/\/reisepassfuhrer.com\/"},{"@type":"ListItem","position":2,"name":"F\u00fchrerschein schweiz"}]},{"@type":"WebSite","@id":"https:\/\/reisepassfuhrer.com\/#website","url":"https:\/\/reisepassfuhrer.com\/","name":"Gids voor paspoorten","description":"Paspoort aanvragen Berlijn","publisher":{"@id":"https:\/\/reisepassfuhrer.com\/#organization"},"potentialAction":[{"@type":"SearchAction","target":{"@type":"EntryPoint","urlTemplate":"https:\/\/reisepassfuhrer.com\/?s={search_term_string}"},"query-input":{"@type":"PropertyValueSpecification","valueRequired":true,"valueName":"search_term_string"}}],"inLanguage":"nl-NL"},{"@type":"Organization","@id":"https:\/\/reisepassfuhrer.com\/#organization","name":"Gids voor paspoorten","url":"https:\/\/reisepassfuhrer.com\/","logo":{"@type":"ImageObject","inLanguage":"nl-NL","@id":"https:\/\/reisepassfuhrer.com\/#\/schema\/logo\/image\/","url":"https:\/\/reisepassfuhrer.com\/wp-content\/uploads\/2024\/03\/Reisepassfuhrer-logo.png","contentUrl":"https:\/\/reisepassfuhrer.com\/wp-content\/uploads\/2024\/03\/Reisepassfuhrer-logo.png","width":112,"height":112,"caption":"Reisepassfuhrer"},"image":{"@id":"https:\/\/reisepassfuhrer.com\/#\/schema\/logo\/image\/"}}]}},"_links":{"self":[{"href":"https:\/\/reisepassfuhrer.com\/nl\/wp-json\/wp\/v2\/pages\/2377","targetHints":{"allow":["GET"]}}],"collection":[{"href":"https:\/\/reisepassfuhrer.com\/nl\/wp-json\/wp\/v2\/pages"}],"about":[{"href":"https:\/\/reisepassfuhrer.com\/nl\/wp-json\/wp\/v2\/types\/page"}],"author":[{"embeddable":true,"href":"https:\/\/reisepassfuhrer.com\/nl\/wp-json\/wp\/v2\/users\/1"}],"replies":[{"embeddable":true,"href":"https:\/\/reisepassfuhrer.com\/nl\/wp-json\/wp\/v2\/comments?post=2377"}],"version-history":[{"count":34,"href":"https:\/\/reisepassfuhrer.com\/nl\/wp-json\/wp\/v2\/pages\/2377\/revisions"}],"predecessor-version":[{"id":2617,"href":"https:\/\/reisepassfuhrer.com\/nl\/wp-json\/wp\/v2\/pages\/2377\/revisions\/2617"}],"wp:attachment":[{"href":"https:\/\/reisepassfuhrer.com\/nl\/wp-json\/wp\/v2\/media?parent=2377"}],"curies":[{"name":"wp","href":"https:\/\/api.w.org\/{rel}","templated":true}]}}