{"id":3147,"date":"2025-08-24T11:10:44","date_gmt":"2025-08-24T11:10:44","guid":{"rendered":"https:\/\/reisepassfuhrer.com\/?post_type=product&#038;p=3147"},"modified":"2025-08-24T11:10:44","modified_gmt":"2025-08-24T11:10:44","slug":"fuhrerschein-kaufen-400-euro","status":"publish","type":"product","link":"https:\/\/reisepassfuhrer.com\/nl\/product\/rijbewijs-kopen-400-euro\/","title":{"rendered":"rijbewijs kopen 400 euro"},"content":{"rendered":"<p data-start=\"0\" data-end=\"68\">\u26a0\ufe0f <strong data-start=\"3\" data-end=\"68\">Belangrijke opmerking bij de aanvraag \u201eRijbewijs kopen 400 euro\u201c:<\/strong><\/p>\n<p data-start=\"70\" data-end=\"289\">A <strong data-start=\"74\" data-end=\"103\">Rijbewijs voor 400 euro<\/strong>, die wordt aangeboden zonder rijschool, zonder examen en zonder wettelijk voorgeschreven opleiding, is <strong data-start=\"211\" data-end=\"222\">illegale<\/strong> - in binnen- of buitenland. Dergelijke aanbiedingen zijn meestal:<\/p>\n<ul data-start=\"291\" data-end=\"525\">\n<li data-start=\"291\" data-end=\"330\">\n<p data-start=\"293\" data-end=\"330\"><strong data-start=\"293\" data-end=\"303\">Fraude<\/strong> (geld weg, geen document),<\/p>\n<\/li>\n<li data-start=\"331\" data-end=\"378\">\n<p data-start=\"333\" data-end=\"378\">of omvatten <strong data-start=\"349\" data-end=\"377\">Vervalste rijbewijzen<\/strong>,<\/p>\n<\/li>\n<li data-start=\"379\" data-end=\"525\">\n<p data-start=\"381\" data-end=\"525\">wat in Duitsland bekend staat als <strong data-start=\"404\" data-end=\"425\">Vervalsing van documenten<\/strong> en <strong data-start=\"430\" data-end=\"459\">Rijden zonder rijbewijs<\/strong> wordt bestraft met zware boetes of zelfs gevangenisstraf.<\/p>\n<\/li>\n<\/ul>\n<hr data-start=\"527\" data-end=\"530\" \/>\n<h3 data-start=\"532\" data-end=\"561\">Wat is de legale manier?<\/h3>\n<p data-start=\"563\" data-end=\"721\">Een regulier rijbewijs (klasse B, bijv. voor auto's) kost in Duitsland tussen de <strong data-start=\"646\" data-end=\"665\">1.800 - 3.000 \u20ac<\/strong>, afhankelijk van de regio, de rijschool en het aantal rijlessen.<\/p>\n<p data-start=\"723\" data-end=\"768\">Als deze prijs te hoog voor je is, kun je:<\/p>\n<ul data-start=\"770\" data-end=\"1065\">\n<li data-start=\"770\" data-end=\"882\">\n<p data-start=\"772\" data-end=\"882\"><strong data-start=\"772\" data-end=\"815\">in andere EU-landen (bijv. Polen, Tsjechi\u00eb)<\/strong> naar een rijschool gaan (maar alleen met woonplaats &amp; echt examen),<\/p>\n<\/li>\n<li data-start=\"883\" data-end=\"975\">\n<p data-start=\"885\" data-end=\"975\"><strong data-start=\"885\" data-end=\"918\">Betaling in termijnen of subsidies<\/strong> (bijv. onderwijsvoucher, arbeidsbureau),<\/p>\n<\/li>\n<li data-start=\"976\" data-end=\"1065\">\n<p data-start=\"978\" data-end=\"1065\">of met <strong data-start=\"987\" data-end=\"1008\">intensief leren<\/strong> houd je training zo kort en gunstig mogelijk.<\/p>\n<\/li>\n<\/ul>\n<hr data-start=\"1067\" data-end=\"1070\" \/>\n<h3 data-start=\"1072\" data-end=\"1104\">Wat je moet vermijden:<\/h3>\n<ul data-start=\"1106\" data-end=\"1329\">\n<li data-start=\"1106\" data-end=\"1217\">\n<p data-start=\"1108\" data-end=\"1217\">Websites of Telegram-aanbiedingen met \u201erijbewijs kopen \u20ac400\u201c, \u201egeen test\u201c, \u201egeen ogentest nodig\u201c enz.<\/p>\n<\/li>\n<li data-start=\"1218\" data-end=\"1329\">\n<p data-start=\"1220\" data-end=\"1329\">Aanbieders die beweren \u201econtacten met het rijbewijskantoor\u201c te hebben <strong data-start=\"1291\" data-end=\"1309\">dat is fraude<\/strong> of <strong data-start=\"1315\" data-end=\"1328\">crimineel<\/strong>.<\/p>\n<\/li>\n<\/ul>\n<hr data-start=\"1331\" data-end=\"1334\" \/>\n<h3 data-start=\"1336\" data-end=\"1349\">Conclusie:<\/h3>\n<div class=\"_tableContainer_sk2ct_1\">\n<div class=\"_tableWrapper_sk2ct_13 group flex w-fit flex-col-reverse\" tabindex=\"-1\">\n<table class=\"w-fit min-w-(--thread-content-width)\" data-start=\"1351\" data-end=\"1696\">\n<thead data-start=\"1351\" data-end=\"1411\">\n<tr data-start=\"1351\" data-end=\"1411\">\n<th data-start=\"1351\" data-end=\"1386\" data-col-size=\"sm\">Aanbod<\/th>\n<th data-start=\"1386\" data-end=\"1395\" data-col-size=\"sm\">Legaal?<\/th>\n<th data-start=\"1395\" data-end=\"1411\" data-col-size=\"sm\">Risico<\/th>\n<\/tr>\n<\/thead>\n<tbody data-start=\"1473\" data-end=\"1696\">\n<tr data-start=\"1473\" data-end=\"1546\">\n<td data-start=\"1473\" data-end=\"1508\" data-col-size=\"sm\">Koop een rijbewijs voor \u20ac400<\/td>\n<td data-start=\"1508\" data-end=\"1516\" data-col-size=\"sm\">\u274c<\/td>\n<td data-start=\"1516\" data-end=\"1546\" data-col-size=\"sm\">Zeer hoog (fraude, boete)<\/td>\n<\/tr>\n<tr data-start=\"1547\" data-end=\"1627\">\n<td data-start=\"1547\" data-end=\"1582\" data-col-size=\"sm\">Rijbewijs legaal in andere EU-landen<\/td>\n<td data-start=\"1582\" data-end=\"1590\" data-col-size=\"sm\">\u2705<\/td>\n<td data-start=\"1590\" data-end=\"1627\" data-col-size=\"sm\">Alleen met echt onderzoek &amp; verblijf<\/td>\n<\/tr>\n<tr data-start=\"1628\" data-end=\"1696\">\n<td data-start=\"1628\" data-end=\"1663\" data-col-size=\"sm\">Opleiding in Duitsland<\/td>\n<td data-start=\"1663\" data-end=\"1671\" data-col-size=\"sm\">\u2705<\/td>\n<td data-start=\"1671\" data-end=\"1696\" data-col-size=\"sm\">Kosten vanaf ongeveer \u20ac 1.800<\/td>\n<\/tr>\n<\/tbody>\n<\/table>\n<\/div>\n<\/div>","protected":false},"excerpt":{"rendered":"<p>\u26a0\ufe0f Wichtiger Hinweis zur Anfrage &#8222;F\u00fchrerschein kaufen 400 Euro&#8220;: Ein F\u00fchrerschein f\u00fcr 400 Euro, der ohne eine Fahrschule, ohne Pr\u00fcfung und ohne gesetzlich vorgeschriebene Ausbildung angeboten wird, ist illegal \u2013 ganz gleich, ob im In- oder Ausland. Solche Angebote sind meist: Betrug (Geld weg, kein Dokument), oder beinhalten gef\u00e4lschte F\u00fchrerscheine, was in Deutschland als Urkundenf\u00e4lschung [&hellip;]<\/p>","protected":false},"featured_media":3149,"comment_status":"open","ping_status":"closed","template":"","meta":[],"product_brand":[],"product_cat":[44],"product_tag":[],"class_list":{"0":"post-3147","1":"product","2":"type-product","3":"status-publish","4":"has-post-thumbnail","6":"product_cat-uncategorized","8":"first","9":"instock","10":"shipping-taxable","11":"product-type-simple"},"yoast_head":"<!-- This site is optimized with the Yoast SEO Premium plugin v22.2 (Yoast SEO v26.2) - https:\/\/yoast.com\/wordpress\/plugins\/seo\/ -->\n<title>f\u00fchrerschein kaufen 400 euro - Reisepassfuhrer<\/title>\n<meta name=\"description\" content=\"Ein F\u00fchrerschein f\u00fcr 400 Euro, der ohne eine Fahrschule, ohne Pr\u00fcfung und ohne gesetzlich vorgeschriebene Ausbildung angeboten wird,\" \/>\n<meta name=\"robots\" content=\"noindex, follow, max-snippet:-1, max-image-preview:large, max-video-preview:-1\" \/>\n<meta property=\"og:locale\" content=\"nl_NL\" \/>\n<meta property=\"og:type\" content=\"article\" \/>\n<meta property=\"og:title\" content=\"f\u00fchrerschein kaufen 400 euro\" \/>\n<meta property=\"og:description\" content=\"Ein F\u00fchrerschein f\u00fcr 400 Euro, der ohne eine Fahrschule, ohne Pr\u00fcfung und ohne gesetzlich vorgeschriebene Ausbildung angeboten wird,\" \/>\n<meta property=\"og:url\" content=\"https:\/\/reisepassfuhrer.com\/nl\/product\/rijbewijs-kopen-400-euro\/\" \/>\n<meta property=\"og:site_name\" content=\"Reisepassfuhrer\" \/>\n<meta property=\"og:image\" content=\"http:\/\/reisepassfuhrer.com\/wp-content\/uploads\/2025\/08\/download-53.jpeg\" \/>\n\t<meta property=\"og:image:width\" content=\"299\" \/>\n\t<meta property=\"og:image:height\" content=\"168\" \/>\n\t<meta property=\"og:image:type\" content=\"image\/jpeg\" \/>\n<meta name=\"twitter:card\" content=\"summary_large_image\" \/>\n<meta name=\"twitter:label1\" content=\"Geschatte leestijd\" \/>\n\t<meta name=\"twitter:data1\" content=\"2 minuten\" \/>\n<script type=\"application\/ld+json\" class=\"yoast-schema-graph\">{\"@context\":\"https:\/\/schema.org\",\"@graph\":[{\"@type\":\"WebPage\",\"@id\":\"https:\/\/reisepassfuhrer.com\/product\/fuhrerschein-kaufen-400-euro\/\",\"url\":\"https:\/\/reisepassfuhrer.com\/product\/fuhrerschein-kaufen-400-euro\/\",\"name\":\"f\u00fchrerschein kaufen 400 euro - Reisepassfuhrer\",\"isPartOf\":{\"@id\":\"https:\/\/reisepassfuhrer.com\/#website\"},\"primaryImageOfPage\":{\"@id\":\"https:\/\/reisepassfuhrer.com\/product\/fuhrerschein-kaufen-400-euro\/#primaryimage\"},\"image\":{\"@id\":\"https:\/\/reisepassfuhrer.com\/product\/fuhrerschein-kaufen-400-euro\/#primaryimage\"},\"thumbnailUrl\":\"https:\/\/reisepassfuhrer.com\/wp-content\/uploads\/2025\/08\/download-53.jpeg\",\"datePublished\":\"2025-08-24T11:10:44+00:00\",\"description\":\"Ein F\u00fchrerschein f\u00fcr 400 Euro, der ohne eine Fahrschule, ohne Pr\u00fcfung und ohne gesetzlich vorgeschriebene Ausbildung angeboten wird,\",\"breadcrumb\":{\"@id\":\"https:\/\/reisepassfuhrer.com\/product\/fuhrerschein-kaufen-400-euro\/#breadcrumb\"},\"inLanguage\":\"nl-NL\",\"potentialAction\":[{\"@type\":\"ReadAction\",\"target\":[\"https:\/\/reisepassfuhrer.com\/product\/fuhrerschein-kaufen-400-euro\/\"]}]},{\"@type\":\"ImageObject\",\"inLanguage\":\"nl-NL\",\"@id\":\"https:\/\/reisepassfuhrer.com\/product\/fuhrerschein-kaufen-400-euro\/#primaryimage\",\"url\":\"https:\/\/reisepassfuhrer.com\/wp-content\/uploads\/2025\/08\/download-53.jpeg\",\"contentUrl\":\"https:\/\/reisepassfuhrer.com\/wp-content\/uploads\/2025\/08\/download-53.jpeg\",\"width\":299,\"height\":168},{\"@type\":\"BreadcrumbList\",\"@id\":\"https:\/\/reisepassfuhrer.com\/product\/fuhrerschein-kaufen-400-euro\/#breadcrumb\",\"itemListElement\":[{\"@type\":\"ListItem\",\"position\":1,\"name\":\"Home\",\"item\":\"https:\/\/reisepassfuhrer.com\/\"},{\"@type\":\"ListItem\",\"position\":2,\"name\":\"Shop\",\"item\":\"https:\/\/reisepassfuhrer.com\/shop\/\"},{\"@type\":\"ListItem\",\"position\":3,\"name\":\"f\u00fchrerschein kaufen 400 euro\"}]},{\"@type\":\"WebSite\",\"@id\":\"https:\/\/reisepassfuhrer.com\/#website\",\"url\":\"https:\/\/reisepassfuhrer.com\/\",\"name\":\"Reisepassfuhrer\",\"description\":\"Reisepass Beantragen Berlin\",\"publisher\":{\"@id\":\"https:\/\/reisepassfuhrer.com\/#organization\"},\"potentialAction\":[{\"@type\":\"SearchAction\",\"target\":{\"@type\":\"EntryPoint\",\"urlTemplate\":\"https:\/\/reisepassfuhrer.com\/?s={search_term_string}\"},\"query-input\":{\"@type\":\"PropertyValueSpecification\",\"valueRequired\":true,\"valueName\":\"search_term_string\"}}],\"inLanguage\":\"nl-NL\"},{\"@type\":\"Organization\",\"@id\":\"https:\/\/reisepassfuhrer.com\/#organization\",\"name\":\"Reisepassfuhrer\",\"url\":\"https:\/\/reisepassfuhrer.com\/\",\"logo\":{\"@type\":\"ImageObject\",\"inLanguage\":\"nl-NL\",\"@id\":\"https:\/\/reisepassfuhrer.com\/#\/schema\/logo\/image\/\",\"url\":\"https:\/\/reisepassfuhrer.com\/wp-content\/uploads\/2024\/03\/Reisepassfuhrer-logo.png\",\"contentUrl\":\"https:\/\/reisepassfuhrer.com\/wp-content\/uploads\/2024\/03\/Reisepassfuhrer-logo.png\",\"width\":112,\"height\":112,\"caption\":\"Reisepassfuhrer\"},\"image\":{\"@id\":\"https:\/\/reisepassfuhrer.com\/#\/schema\/logo\/image\/\"}}]}<\/script>\n<!-- \/ Yoast SEO Premium plugin. -->","yoast_head_json":{"title":"rijbewijs kopen 400 euro - Reisepassfuhrer","description":"Een rijbewijs voor 400 euro dat wordt aangeboden zonder rijschool, zonder examen en zonder wettelijk voorgeschreven opleiding,","robots":{"index":"noindex","follow":"follow","max-snippet":"max-snippet:-1","max-image-preview":"max-image-preview:large","max-video-preview":"max-video-preview:-1"},"og_locale":"nl_NL","og_type":"article","og_title":"f\u00fchrerschein kaufen 400 euro","og_description":"Ein F\u00fchrerschein f\u00fcr 400 Euro, der ohne eine Fahrschule, ohne Pr\u00fcfung und ohne gesetzlich vorgeschriebene Ausbildung angeboten wird,","og_url":"https:\/\/reisepassfuhrer.com\/nl\/product\/rijbewijs-kopen-400-euro\/","og_site_name":"Reisepassfuhrer","og_image":[{"width":299,"height":168,"url":"http:\/\/reisepassfuhrer.com\/wp-content\/uploads\/2025\/08\/download-53.jpeg","type":"image\/jpeg"}],"twitter_card":"summary_large_image","twitter_misc":{"Geschatte leestijd":"2 minuten"},"schema":{"@context":"https:\/\/schema.org","@graph":[{"@type":"WebPage","@id":"https:\/\/reisepassfuhrer.com\/product\/fuhrerschein-kaufen-400-euro\/","url":"https:\/\/reisepassfuhrer.com\/product\/fuhrerschein-kaufen-400-euro\/","name":"rijbewijs kopen 400 euro - Reisepassfuhrer","isPartOf":{"@id":"https:\/\/reisepassfuhrer.com\/#website"},"primaryImageOfPage":{"@id":"https:\/\/reisepassfuhrer.com\/product\/fuhrerschein-kaufen-400-euro\/#primaryimage"},"image":{"@id":"https:\/\/reisepassfuhrer.com\/product\/fuhrerschein-kaufen-400-euro\/#primaryimage"},"thumbnailUrl":"https:\/\/reisepassfuhrer.com\/wp-content\/uploads\/2025\/08\/download-53.jpeg","datePublished":"2025-08-24T11:10:44+00:00","description":"Een rijbewijs voor 400 euro dat wordt aangeboden zonder rijschool, zonder examen en zonder wettelijk voorgeschreven opleiding,","breadcrumb":{"@id":"https:\/\/reisepassfuhrer.com\/product\/fuhrerschein-kaufen-400-euro\/#breadcrumb"},"inLanguage":"nl-NL","potentialAction":[{"@type":"ReadAction","target":["https:\/\/reisepassfuhrer.com\/product\/fuhrerschein-kaufen-400-euro\/"]}]},{"@type":"ImageObject","inLanguage":"nl-NL","@id":"https:\/\/reisepassfuhrer.com\/product\/fuhrerschein-kaufen-400-euro\/#primaryimage","url":"https:\/\/reisepassfuhrer.com\/wp-content\/uploads\/2025\/08\/download-53.jpeg","contentUrl":"https:\/\/reisepassfuhrer.com\/wp-content\/uploads\/2025\/08\/download-53.jpeg","width":299,"height":168},{"@type":"BreadcrumbList","@id":"https:\/\/reisepassfuhrer.com\/product\/fuhrerschein-kaufen-400-euro\/#breadcrumb","itemListElement":[{"@type":"ListItem","position":1,"name":"Home","item":"https:\/\/reisepassfuhrer.com\/"},{"@type":"ListItem","position":2,"name":"Shop","item":"https:\/\/reisepassfuhrer.com\/shop\/"},{"@type":"ListItem","position":3,"name":"f\u00fchrerschein kaufen 400 euro"}]},{"@type":"WebSite","@id":"https:\/\/reisepassfuhrer.com\/#website","url":"https:\/\/reisepassfuhrer.com\/","name":"Gids voor paspoorten","description":"Paspoort aanvragen Berlijn","publisher":{"@id":"https:\/\/reisepassfuhrer.com\/#organization"},"potentialAction":[{"@type":"SearchAction","target":{"@type":"EntryPoint","urlTemplate":"https:\/\/reisepassfuhrer.com\/?s={search_term_string}"},"query-input":{"@type":"PropertyValueSpecification","valueRequired":true,"valueName":"search_term_string"}}],"inLanguage":"nl-NL"},{"@type":"Organization","@id":"https:\/\/reisepassfuhrer.com\/#organization","name":"Gids voor paspoorten","url":"https:\/\/reisepassfuhrer.com\/","logo":{"@type":"ImageObject","inLanguage":"nl-NL","@id":"https:\/\/reisepassfuhrer.com\/#\/schema\/logo\/image\/","url":"https:\/\/reisepassfuhrer.com\/wp-content\/uploads\/2024\/03\/Reisepassfuhrer-logo.png","contentUrl":"https:\/\/reisepassfuhrer.com\/wp-content\/uploads\/2024\/03\/Reisepassfuhrer-logo.png","width":112,"height":112,"caption":"Reisepassfuhrer"},"image":{"@id":"https:\/\/reisepassfuhrer.com\/#\/schema\/logo\/image\/"}}]}},"_links":{"self":[{"href":"https:\/\/reisepassfuhrer.com\/nl\/wp-json\/wp\/v2\/product\/3147","targetHints":{"allow":["GET"]}}],"collection":[{"href":"https:\/\/reisepassfuhrer.com\/nl\/wp-json\/wp\/v2\/product"}],"about":[{"href":"https:\/\/reisepassfuhrer.com\/nl\/wp-json\/wp\/v2\/types\/product"}],"replies":[{"embeddable":true,"href":"https:\/\/reisepassfuhrer.com\/nl\/wp-json\/wp\/v2\/comments?post=3147"}],"wp:featuredmedia":[{"embeddable":true,"href":"https:\/\/reisepassfuhrer.com\/nl\/wp-json\/wp\/v2\/media\/3149"}],"wp:attachment":[{"href":"https:\/\/reisepassfuhrer.com\/nl\/wp-json\/wp\/v2\/media?parent=3147"}],"wp:term":[{"taxonomy":"product_brand","embeddable":true,"href":"https:\/\/reisepassfuhrer.com\/nl\/wp-json\/wp\/v2\/product_brand?post=3147"},{"taxonomy":"product_cat","embeddable":true,"href":"https:\/\/reisepassfuhrer.com\/nl\/wp-json\/wp\/v2\/product_cat?post=3147"},{"taxonomy":"product_tag","embeddable":true,"href":"https:\/\/reisepassfuhrer.com\/nl\/wp-json\/wp\/v2\/product_tag?post=3147"}],"curies":[{"name":"wp","href":"https:\/\/api.w.org\/{rel}","templated":true}]}}