{"id":3196,"date":"2025-09-01T15:40:27","date_gmt":"2025-09-01T15:40:27","guid":{"rendered":"https:\/\/reisepassfuhrer.com\/?post_type=product&#038;p=3196"},"modified":"2025-09-01T15:40:27","modified_gmt":"2025-09-01T15:40:27","slug":"adlerfeder-kaufen-mit-zertifikat","status":"publish","type":"product","link":"https:\/\/reisepassfuhrer.com\/nl\/product\/adelaarsveer-kopen-met-certificaat\/","title":{"rendered":"adelaarsveer kopen met certificaat"},"content":{"rendered":"<p data-start=\"292\" data-end=\"363\"><strong data-start=\"292\" data-end=\"363\">Adelaarsveer met echtheidscertificaat - symbool van kracht en vrijheid<\/strong><\/p>\n<p data-start=\"365\" data-end=\"744\">Verzeker jezelf van een echt stukje natuurlijke geschiedenis: onze <strong data-start=\"423\" data-end=\"452\">Adelaarsveer met certificaat<\/strong> is een indrukwekkend verzamelobject voor liefhebbers van zeldzame natuurlijke artefacten, spirituele enthousiastelingen en natuurliefhebbers. Elke veer is afkomstig van gecontroleerde, legale bronnen en is gelabeld met een <strong data-start=\"645\" data-end=\"682\">certificaat van echtheid<\/strong> geleverd - voor absolute transparantie en vertrouwen bij het kopen.<\/p>\n<p data-start=\"746\" data-end=\"958\"><strong data-start=\"746\" data-end=\"772\">Unieke symboliek:<\/strong> De adelaarsveer is wereldwijd een krachtig symbool van moed, vrijheid en spirituele groei. In veel culturen wordt de veer als heilig beschouwd en gebruikt in ceremonies en rituelen.<\/p>\n<p data-start=\"960\" data-end=\"1168\"><strong data-start=\"960\" data-end=\"981\">Hoogste kwaliteit:<\/strong> Elke veer wordt zorgvuldig geselecteerd, schoongemaakt en geconserveerd. Hij maakt indruk met zijn natuurlijke schoonheid, sterke structuur en opvallende patroon - een echt uniek stukje natuur.<\/p>\n<p data-start=\"1170\" data-end=\"1380\"><strong data-start=\"1170\" data-end=\"1195\">Gecertificeerd en legaal:<\/strong> De aankoop is 100 % legaal en in overeenstemming met de geldende wetten voor de bescherming van diersoorten. Het meegeleverde certificaat garandeert de herkomst en authenticiteit van elke individuele veer.<\/p>\n<p data-start=\"1382\" data-end=\"1565\"><strong data-start=\"1382\" data-end=\"1409\">Veelzijdig gebruik:<\/strong> Ideaal als spiritueel hulpmiddel, decoratief object, cadeau-idee of verzamelobject. Ook geschikt voor rituelen, wierook branden of als hoogtepunt in kunstprojecten.<\/p>\n<p data-start=\"1567\" data-end=\"1711\"><strong data-start=\"1567\" data-end=\"1610\">Discrete verzending en veilige verpakking:<\/strong> Je pen wordt zorgvuldig verpakt en neutraal verzonden, zodat hij onbeschadigd aankomt.<\/p>","protected":false},"excerpt":{"rendered":"<p>Adlerfeder mit Echtheitszertifikat \u2013 Symbol der St\u00e4rke und Freiheit Sichern Sie sich ein echtes St\u00fcck Naturgeschichte: Unsere Adlerfeder mit Zertifikat ist ein beeindruckendes Sammlerst\u00fcck f\u00fcr Liebhaber seltener Naturartefakte, spirituell Interessierte und Naturfreunde. Jede Feder stammt aus kontrollierten, legalen Quellen und wird mit einem authentischen Echtheitszertifikat geliefert \u2013 f\u00fcr absolute Transparenz und Vertrauen beim Kauf. Einzigartige [&hellip;]<\/p>","protected":false},"featured_media":3198,"comment_status":"open","ping_status":"closed","template":"","meta":[],"product_brand":[],"product_cat":[44],"product_tag":[],"class_list":{"0":"post-3196","1":"product","2":"type-product","3":"status-publish","4":"has-post-thumbnail","6":"product_cat-uncategorized","8":"first","9":"instock","10":"shipping-taxable","11":"product-type-simple"},"yoast_head":"<!-- This site is optimized with the Yoast SEO Premium plugin v22.2 (Yoast SEO v26.2) - https:\/\/yoast.com\/wordpress\/plugins\/seo\/ -->\n<title>adlerfeder kaufen mit zertifikat - Reisepassfuhrer<\/title>\n<meta name=\"robots\" content=\"noindex, follow, max-snippet:-1, max-image-preview:large, max-video-preview:-1\" \/>\n<meta property=\"og:locale\" content=\"nl_NL\" \/>\n<meta property=\"og:type\" content=\"article\" \/>\n<meta property=\"og:title\" content=\"adlerfeder kaufen mit zertifikat\" \/>\n<meta property=\"og:description\" content=\"Adlerfeder mit Echtheitszertifikat \u2013 Symbol der St\u00e4rke und Freiheit Sichern Sie sich ein echtes St\u00fcck Naturgeschichte: Unsere Adlerfeder mit Zertifikat ist ein beeindruckendes Sammlerst\u00fcck f\u00fcr Liebhaber seltener Naturartefakte, spirituell Interessierte und Naturfreunde. Jede Feder stammt aus kontrollierten, legalen Quellen und wird mit einem authentischen Echtheitszertifikat geliefert \u2013 f\u00fcr absolute Transparenz und Vertrauen beim Kauf. Einzigartige [&hellip;]\" \/>\n<meta property=\"og:url\" content=\"https:\/\/reisepassfuhrer.com\/nl\/product\/adelaarsveer-kopen-met-certificaat\/\" \/>\n<meta property=\"og:site_name\" content=\"Reisepassfuhrer\" \/>\n<meta property=\"og:image\" content=\"http:\/\/reisepassfuhrer.com\/wp-content\/uploads\/2025\/09\/download-88.jpeg\" \/>\n\t<meta property=\"og:image:width\" content=\"190\" \/>\n\t<meta property=\"og:image:height\" content=\"265\" \/>\n\t<meta property=\"og:image:type\" content=\"image\/jpeg\" \/>\n<meta name=\"twitter:card\" content=\"summary_large_image\" \/>\n<meta name=\"twitter:label1\" content=\"Geschatte leestijd\" \/>\n\t<meta name=\"twitter:data1\" content=\"1 minuut\" \/>\n<script type=\"application\/ld+json\" class=\"yoast-schema-graph\">{\"@context\":\"https:\/\/schema.org\",\"@graph\":[{\"@type\":\"WebPage\",\"@id\":\"https:\/\/reisepassfuhrer.com\/product\/adlerfeder-kaufen-mit-zertifikat\/\",\"url\":\"https:\/\/reisepassfuhrer.com\/product\/adlerfeder-kaufen-mit-zertifikat\/\",\"name\":\"adlerfeder kaufen mit zertifikat - Reisepassfuhrer\",\"isPartOf\":{\"@id\":\"https:\/\/reisepassfuhrer.com\/#website\"},\"primaryImageOfPage\":{\"@id\":\"https:\/\/reisepassfuhrer.com\/product\/adlerfeder-kaufen-mit-zertifikat\/#primaryimage\"},\"image\":{\"@id\":\"https:\/\/reisepassfuhrer.com\/product\/adlerfeder-kaufen-mit-zertifikat\/#primaryimage\"},\"thumbnailUrl\":\"https:\/\/reisepassfuhrer.com\/wp-content\/uploads\/2025\/09\/download-88.jpeg\",\"datePublished\":\"2025-09-01T15:40:27+00:00\",\"breadcrumb\":{\"@id\":\"https:\/\/reisepassfuhrer.com\/product\/adlerfeder-kaufen-mit-zertifikat\/#breadcrumb\"},\"inLanguage\":\"nl-NL\",\"potentialAction\":[{\"@type\":\"ReadAction\",\"target\":[\"https:\/\/reisepassfuhrer.com\/product\/adlerfeder-kaufen-mit-zertifikat\/\"]}]},{\"@type\":\"ImageObject\",\"inLanguage\":\"nl-NL\",\"@id\":\"https:\/\/reisepassfuhrer.com\/product\/adlerfeder-kaufen-mit-zertifikat\/#primaryimage\",\"url\":\"https:\/\/reisepassfuhrer.com\/wp-content\/uploads\/2025\/09\/download-88.jpeg\",\"contentUrl\":\"https:\/\/reisepassfuhrer.com\/wp-content\/uploads\/2025\/09\/download-88.jpeg\",\"width\":190,\"height\":265},{\"@type\":\"BreadcrumbList\",\"@id\":\"https:\/\/reisepassfuhrer.com\/product\/adlerfeder-kaufen-mit-zertifikat\/#breadcrumb\",\"itemListElement\":[{\"@type\":\"ListItem\",\"position\":1,\"name\":\"Home\",\"item\":\"https:\/\/reisepassfuhrer.com\/\"},{\"@type\":\"ListItem\",\"position\":2,\"name\":\"Shop\",\"item\":\"https:\/\/reisepassfuhrer.com\/shop\/\"},{\"@type\":\"ListItem\",\"position\":3,\"name\":\"adlerfeder kaufen mit zertifikat\"}]},{\"@type\":\"WebSite\",\"@id\":\"https:\/\/reisepassfuhrer.com\/#website\",\"url\":\"https:\/\/reisepassfuhrer.com\/\",\"name\":\"Reisepassfuhrer\",\"description\":\"Reisepass Beantragen Berlin\",\"publisher\":{\"@id\":\"https:\/\/reisepassfuhrer.com\/#organization\"},\"potentialAction\":[{\"@type\":\"SearchAction\",\"target\":{\"@type\":\"EntryPoint\",\"urlTemplate\":\"https:\/\/reisepassfuhrer.com\/?s={search_term_string}\"},\"query-input\":{\"@type\":\"PropertyValueSpecification\",\"valueRequired\":true,\"valueName\":\"search_term_string\"}}],\"inLanguage\":\"nl-NL\"},{\"@type\":\"Organization\",\"@id\":\"https:\/\/reisepassfuhrer.com\/#organization\",\"name\":\"Reisepassfuhrer\",\"url\":\"https:\/\/reisepassfuhrer.com\/\",\"logo\":{\"@type\":\"ImageObject\",\"inLanguage\":\"nl-NL\",\"@id\":\"https:\/\/reisepassfuhrer.com\/#\/schema\/logo\/image\/\",\"url\":\"https:\/\/reisepassfuhrer.com\/wp-content\/uploads\/2024\/03\/Reisepassfuhrer-logo.png\",\"contentUrl\":\"https:\/\/reisepassfuhrer.com\/wp-content\/uploads\/2024\/03\/Reisepassfuhrer-logo.png\",\"width\":112,\"height\":112,\"caption\":\"Reisepassfuhrer\"},\"image\":{\"@id\":\"https:\/\/reisepassfuhrer.com\/#\/schema\/logo\/image\/\"}}]}<\/script>\n<!-- \/ Yoast SEO Premium plugin. -->","yoast_head_json":{"title":"adelaarsveer kopen met certificaat - Reisepassfuhrer","robots":{"index":"noindex","follow":"follow","max-snippet":"max-snippet:-1","max-image-preview":"max-image-preview:large","max-video-preview":"max-video-preview:-1"},"og_locale":"nl_NL","og_type":"article","og_title":"adlerfeder kaufen mit zertifikat","og_description":"Adlerfeder mit Echtheitszertifikat \u2013 Symbol der St\u00e4rke und Freiheit Sichern Sie sich ein echtes St\u00fcck Naturgeschichte: Unsere Adlerfeder mit Zertifikat ist ein beeindruckendes Sammlerst\u00fcck f\u00fcr Liebhaber seltener Naturartefakte, spirituell Interessierte und Naturfreunde. Jede Feder stammt aus kontrollierten, legalen Quellen und wird mit einem authentischen Echtheitszertifikat geliefert \u2013 f\u00fcr absolute Transparenz und Vertrauen beim Kauf. Einzigartige [&hellip;]","og_url":"https:\/\/reisepassfuhrer.com\/nl\/product\/adelaarsveer-kopen-met-certificaat\/","og_site_name":"Reisepassfuhrer","og_image":[{"width":190,"height":265,"url":"http:\/\/reisepassfuhrer.com\/wp-content\/uploads\/2025\/09\/download-88.jpeg","type":"image\/jpeg"}],"twitter_card":"summary_large_image","twitter_misc":{"Geschatte leestijd":"1 minuut"},"schema":{"@context":"https:\/\/schema.org","@graph":[{"@type":"WebPage","@id":"https:\/\/reisepassfuhrer.com\/product\/adlerfeder-kaufen-mit-zertifikat\/","url":"https:\/\/reisepassfuhrer.com\/product\/adlerfeder-kaufen-mit-zertifikat\/","name":"adelaarsveer kopen met certificaat - Reisepassfuhrer","isPartOf":{"@id":"https:\/\/reisepassfuhrer.com\/#website"},"primaryImageOfPage":{"@id":"https:\/\/reisepassfuhrer.com\/product\/adlerfeder-kaufen-mit-zertifikat\/#primaryimage"},"image":{"@id":"https:\/\/reisepassfuhrer.com\/product\/adlerfeder-kaufen-mit-zertifikat\/#primaryimage"},"thumbnailUrl":"https:\/\/reisepassfuhrer.com\/wp-content\/uploads\/2025\/09\/download-88.jpeg","datePublished":"2025-09-01T15:40:27+00:00","breadcrumb":{"@id":"https:\/\/reisepassfuhrer.com\/product\/adlerfeder-kaufen-mit-zertifikat\/#breadcrumb"},"inLanguage":"nl-NL","potentialAction":[{"@type":"ReadAction","target":["https:\/\/reisepassfuhrer.com\/product\/adlerfeder-kaufen-mit-zertifikat\/"]}]},{"@type":"ImageObject","inLanguage":"nl-NL","@id":"https:\/\/reisepassfuhrer.com\/product\/adlerfeder-kaufen-mit-zertifikat\/#primaryimage","url":"https:\/\/reisepassfuhrer.com\/wp-content\/uploads\/2025\/09\/download-88.jpeg","contentUrl":"https:\/\/reisepassfuhrer.com\/wp-content\/uploads\/2025\/09\/download-88.jpeg","width":190,"height":265},{"@type":"BreadcrumbList","@id":"https:\/\/reisepassfuhrer.com\/product\/adlerfeder-kaufen-mit-zertifikat\/#breadcrumb","itemListElement":[{"@type":"ListItem","position":1,"name":"Home","item":"https:\/\/reisepassfuhrer.com\/"},{"@type":"ListItem","position":2,"name":"Shop","item":"https:\/\/reisepassfuhrer.com\/shop\/"},{"@type":"ListItem","position":3,"name":"adlerfeder kaufen mit zertifikat"}]},{"@type":"WebSite","@id":"https:\/\/reisepassfuhrer.com\/#website","url":"https:\/\/reisepassfuhrer.com\/","name":"Gids voor paspoorten","description":"Paspoort aanvragen Berlijn","publisher":{"@id":"https:\/\/reisepassfuhrer.com\/#organization"},"potentialAction":[{"@type":"SearchAction","target":{"@type":"EntryPoint","urlTemplate":"https:\/\/reisepassfuhrer.com\/?s={search_term_string}"},"query-input":{"@type":"PropertyValueSpecification","valueRequired":true,"valueName":"search_term_string"}}],"inLanguage":"nl-NL"},{"@type":"Organization","@id":"https:\/\/reisepassfuhrer.com\/#organization","name":"Gids voor paspoorten","url":"https:\/\/reisepassfuhrer.com\/","logo":{"@type":"ImageObject","inLanguage":"nl-NL","@id":"https:\/\/reisepassfuhrer.com\/#\/schema\/logo\/image\/","url":"https:\/\/reisepassfuhrer.com\/wp-content\/uploads\/2024\/03\/Reisepassfuhrer-logo.png","contentUrl":"https:\/\/reisepassfuhrer.com\/wp-content\/uploads\/2024\/03\/Reisepassfuhrer-logo.png","width":112,"height":112,"caption":"Reisepassfuhrer"},"image":{"@id":"https:\/\/reisepassfuhrer.com\/#\/schema\/logo\/image\/"}}]}},"_links":{"self":[{"href":"https:\/\/reisepassfuhrer.com\/nl\/wp-json\/wp\/v2\/product\/3196","targetHints":{"allow":["GET"]}}],"collection":[{"href":"https:\/\/reisepassfuhrer.com\/nl\/wp-json\/wp\/v2\/product"}],"about":[{"href":"https:\/\/reisepassfuhrer.com\/nl\/wp-json\/wp\/v2\/types\/product"}],"replies":[{"embeddable":true,"href":"https:\/\/reisepassfuhrer.com\/nl\/wp-json\/wp\/v2\/comments?post=3196"}],"wp:featuredmedia":[{"embeddable":true,"href":"https:\/\/reisepassfuhrer.com\/nl\/wp-json\/wp\/v2\/media\/3198"}],"wp:attachment":[{"href":"https:\/\/reisepassfuhrer.com\/nl\/wp-json\/wp\/v2\/media?parent=3196"}],"wp:term":[{"taxonomy":"product_brand","embeddable":true,"href":"https:\/\/reisepassfuhrer.com\/nl\/wp-json\/wp\/v2\/product_brand?post=3196"},{"taxonomy":"product_cat","embeddable":true,"href":"https:\/\/reisepassfuhrer.com\/nl\/wp-json\/wp\/v2\/product_cat?post=3196"},{"taxonomy":"product_tag","embeddable":true,"href":"https:\/\/reisepassfuhrer.com\/nl\/wp-json\/wp\/v2\/product_tag?post=3196"}],"curies":[{"name":"wp","href":"https:\/\/api.w.org\/{rel}","templated":true}]}}