{"id":3199,"date":"2025-09-02T09:29:37","date_gmt":"2025-09-02T09:29:37","guid":{"rendered":"https:\/\/reisepassfuhrer.com\/?post_type=product&#038;p=3199"},"modified":"2025-09-02T09:29:38","modified_gmt":"2025-09-02T09:29:38","slug":"fuhrungszeugnis-kaufen","status":"publish","type":"product","link":"https:\/\/reisepassfuhrer.com\/nl\/product\/een-rijbewijs-kopen\/","title":{"rendered":"verklaring van goed gedrag kopen"},"content":{"rendered":"<p data-start=\"344\" data-end=\"668\">Je hebt een <strong data-start=\"360\" data-end=\"379\">Verklaring van goed gedrag<\/strong> - en het beste van alles <strong data-start=\"400\" data-end=\"433\">onmiddellijk en zonder tussenkomst van de autoriteiten<\/strong>? Met <strong data-start=\"439\" data-end=\"462\">Paspoortgids.nl<\/strong> wordt het proces kinderspel! Onze digitale gids laat je het volgende zien <strong data-start=\"533\" data-end=\"556\">Stap voor stap<\/strong>, hoe kunt u uw bewijs van goed gedrag gemakkelijk online aanvragen - <strong data-start=\"618\" data-end=\"667\">Wettelijk, snel en 100 % onafhankelijk<\/strong>.<\/p>\n<p data-start=\"670\" data-end=\"885\">Of je nu een <strong data-start=\"680\" data-end=\"693\">eenvoudig<\/strong>, <strong data-start=\"695\" data-end=\"710\">uitgebreid<\/strong> of een <strong data-start=\"720\" data-end=\"752\">Europees certificaat van goed gedrag<\/strong> die je nodig hebt: Onze gids behandelt alle varianten en is speciaal ontworpen voor mensen die tijd, zenuwen en moeite willen besparen.<\/p>\n<h3 data-start=\"887\" data-end=\"908\">Uw voordelen:<\/h3>\n<ul data-start=\"909\" data-end=\"1235\">\n<li data-start=\"909\" data-end=\"983\">\n<p data-start=\"911\" data-end=\"983\"><strong data-start=\"911\" data-end=\"948\">Vraag online een bewijs van goed gedrag aan<\/strong> - zonder wachttijden, zonder autoriteiten<\/p>\n<\/li>\n<li data-start=\"984\" data-end=\"1046\">\n<p data-start=\"986\" data-end=\"1046\"><strong data-start=\"986\" data-end=\"1016\">Eenvoudige instructies als PDF<\/strong> - Ook ideaal voor beginners<\/p>\n<\/li>\n<li data-start=\"1047\" data-end=\"1111\">\n<p data-start=\"1049\" data-end=\"1111\"><strong data-start=\"1049\" data-end=\"1069\">Geen formele fouten<\/strong> - We laten je precies zien wat je nodig hebt<\/p>\n<\/li>\n<li data-start=\"1112\" data-end=\"1187\">\n<p data-start=\"1114\" data-end=\"1187\"><strong data-start=\"1114\" data-end=\"1147\">Ondersteunt alle applicatietypes<\/strong> - Priv\u00e9, professioneel of voor het buitenland<\/p>\n<\/li>\n<li data-start=\"1188\" data-end=\"1235\">\n<p data-start=\"1190\" data-end=\"1235\"><strong data-start=\"1190\" data-end=\"1233\">Transparante prijs - slechts \u20ac13 eenmalig<\/strong><\/p>\n<\/li>\n<\/ul>\n<p data-start=\"1237\" data-end=\"1457\"><strong data-start=\"1237\" data-end=\"1260\">Paspoortgids.nl<\/strong> staat voor <strong data-start=\"1271\" data-end=\"1315\">Digitale vrijheid voor offici\u00eble toepassingen<\/strong>. Je krijgt toegang tot onze <strong data-start=\"1347\" data-end=\"1367\">bewezen systeem<\/strong>, waarmee je in slechts een paar minuten je bewijs van goed gedrag correct en veilig kunt aanvragen.<\/p>","protected":false},"excerpt":{"rendered":"<p>Du brauchst ein F\u00fchrungszeugnis \u2013 und das am besten sofort und ohne Beh\u00f6rdeng\u00e4nge? Mit Reisepassfuhrer.com wird der Prozess zum Kinderspiel! Unsere digitale Anleitung zeigt dir Schritt f\u00fcr Schritt, wie du dein F\u00fchrungszeugnis ganz bequem online beantragst \u2013 rechtssicher, schnell und 100 % selbstst\u00e4ndig. Ob du ein einfaches, erweitertes oder ein europ\u00e4isches F\u00fchrungszeugnis ben\u00f6tigst: Unser Guide [&hellip;]<\/p>","protected":false},"featured_media":3201,"comment_status":"open","ping_status":"closed","template":"","meta":[],"product_brand":[],"product_cat":[44],"product_tag":[],"class_list":{"0":"post-3199","1":"product","2":"type-product","3":"status-publish","4":"has-post-thumbnail","6":"product_cat-uncategorized","8":"first","9":"instock","10":"shipping-taxable","11":"product-type-simple"},"yoast_head":"<!-- This site is optimized with the Yoast SEO Premium plugin v22.2 (Yoast SEO v26.2) - https:\/\/yoast.com\/wordpress\/plugins\/seo\/ -->\n<title>f\u00fchrungszeugnis kaufen - Reisepassfuhrer<\/title>\n<meta name=\"robots\" content=\"noindex, follow, max-snippet:-1, max-image-preview:large, max-video-preview:-1\" \/>\n<meta property=\"og:locale\" content=\"nl_NL\" \/>\n<meta property=\"og:type\" content=\"article\" \/>\n<meta property=\"og:title\" content=\"f\u00fchrungszeugnis kaufen\" \/>\n<meta property=\"og:description\" content=\"Du brauchst ein F\u00fchrungszeugnis \u2013 und das am besten sofort und ohne Beh\u00f6rdeng\u00e4nge? Mit Reisepassfuhrer.com wird der Prozess zum Kinderspiel! Unsere digitale Anleitung zeigt dir Schritt f\u00fcr Schritt, wie du dein F\u00fchrungszeugnis ganz bequem online beantragst \u2013 rechtssicher, schnell und 100 % selbstst\u00e4ndig. Ob du ein einfaches, erweitertes oder ein europ\u00e4isches F\u00fchrungszeugnis ben\u00f6tigst: Unser Guide [&hellip;]\" \/>\n<meta property=\"og:url\" content=\"https:\/\/reisepassfuhrer.com\/nl\/product\/een-rijbewijs-kopen\/\" \/>\n<meta property=\"og:site_name\" content=\"Reisepassfuhrer\" \/>\n<meta property=\"article:modified_time\" content=\"2025-09-02T09:29:38+00:00\" \/>\n<meta property=\"og:image\" content=\"http:\/\/reisepassfuhrer.com\/wp-content\/uploads\/2025\/09\/download-89.jpeg\" \/>\n\t<meta property=\"og:image:width\" content=\"225\" \/>\n\t<meta property=\"og:image:height\" content=\"225\" \/>\n\t<meta property=\"og:image:type\" content=\"image\/jpeg\" \/>\n<meta name=\"twitter:card\" content=\"summary_large_image\" \/>\n<meta name=\"twitter:label1\" content=\"Geschatte leestijd\" \/>\n\t<meta name=\"twitter:data1\" content=\"1 minuut\" \/>\n<script type=\"application\/ld+json\" class=\"yoast-schema-graph\">{\"@context\":\"https:\/\/schema.org\",\"@graph\":[{\"@type\":\"WebPage\",\"@id\":\"https:\/\/reisepassfuhrer.com\/product\/fuhrungszeugnis-kaufen\/\",\"url\":\"https:\/\/reisepassfuhrer.com\/product\/fuhrungszeugnis-kaufen\/\",\"name\":\"f\u00fchrungszeugnis kaufen - Reisepassfuhrer\",\"isPartOf\":{\"@id\":\"https:\/\/reisepassfuhrer.com\/#website\"},\"primaryImageOfPage\":{\"@id\":\"https:\/\/reisepassfuhrer.com\/product\/fuhrungszeugnis-kaufen\/#primaryimage\"},\"image\":{\"@id\":\"https:\/\/reisepassfuhrer.com\/product\/fuhrungszeugnis-kaufen\/#primaryimage\"},\"thumbnailUrl\":\"https:\/\/reisepassfuhrer.com\/wp-content\/uploads\/2025\/09\/download-89.jpeg\",\"datePublished\":\"2025-09-02T09:29:37+00:00\",\"dateModified\":\"2025-09-02T09:29:38+00:00\",\"breadcrumb\":{\"@id\":\"https:\/\/reisepassfuhrer.com\/product\/fuhrungszeugnis-kaufen\/#breadcrumb\"},\"inLanguage\":\"nl-NL\",\"potentialAction\":[{\"@type\":\"ReadAction\",\"target\":[\"https:\/\/reisepassfuhrer.com\/product\/fuhrungszeugnis-kaufen\/\"]}]},{\"@type\":\"ImageObject\",\"inLanguage\":\"nl-NL\",\"@id\":\"https:\/\/reisepassfuhrer.com\/product\/fuhrungszeugnis-kaufen\/#primaryimage\",\"url\":\"https:\/\/reisepassfuhrer.com\/wp-content\/uploads\/2025\/09\/download-89.jpeg\",\"contentUrl\":\"https:\/\/reisepassfuhrer.com\/wp-content\/uploads\/2025\/09\/download-89.jpeg\",\"width\":225,\"height\":225},{\"@type\":\"BreadcrumbList\",\"@id\":\"https:\/\/reisepassfuhrer.com\/product\/fuhrungszeugnis-kaufen\/#breadcrumb\",\"itemListElement\":[{\"@type\":\"ListItem\",\"position\":1,\"name\":\"Home\",\"item\":\"https:\/\/reisepassfuhrer.com\/\"},{\"@type\":\"ListItem\",\"position\":2,\"name\":\"Shop\",\"item\":\"https:\/\/reisepassfuhrer.com\/shop\/\"},{\"@type\":\"ListItem\",\"position\":3,\"name\":\"f\u00fchrungszeugnis kaufen\"}]},{\"@type\":\"WebSite\",\"@id\":\"https:\/\/reisepassfuhrer.com\/#website\",\"url\":\"https:\/\/reisepassfuhrer.com\/\",\"name\":\"Reisepassfuhrer\",\"description\":\"Reisepass Beantragen Berlin\",\"publisher\":{\"@id\":\"https:\/\/reisepassfuhrer.com\/#organization\"},\"potentialAction\":[{\"@type\":\"SearchAction\",\"target\":{\"@type\":\"EntryPoint\",\"urlTemplate\":\"https:\/\/reisepassfuhrer.com\/?s={search_term_string}\"},\"query-input\":{\"@type\":\"PropertyValueSpecification\",\"valueRequired\":true,\"valueName\":\"search_term_string\"}}],\"inLanguage\":\"nl-NL\"},{\"@type\":\"Organization\",\"@id\":\"https:\/\/reisepassfuhrer.com\/#organization\",\"name\":\"Reisepassfuhrer\",\"url\":\"https:\/\/reisepassfuhrer.com\/\",\"logo\":{\"@type\":\"ImageObject\",\"inLanguage\":\"nl-NL\",\"@id\":\"https:\/\/reisepassfuhrer.com\/#\/schema\/logo\/image\/\",\"url\":\"https:\/\/reisepassfuhrer.com\/wp-content\/uploads\/2024\/03\/Reisepassfuhrer-logo.png\",\"contentUrl\":\"https:\/\/reisepassfuhrer.com\/wp-content\/uploads\/2024\/03\/Reisepassfuhrer-logo.png\",\"width\":112,\"height\":112,\"caption\":\"Reisepassfuhrer\"},\"image\":{\"@id\":\"https:\/\/reisepassfuhrer.com\/#\/schema\/logo\/image\/\"}}]}<\/script>\n<!-- \/ Yoast SEO Premium plugin. -->","yoast_head_json":{"title":"rijbewijs kopen - paspoortwijzer","robots":{"index":"noindex","follow":"follow","max-snippet":"max-snippet:-1","max-image-preview":"max-image-preview:large","max-video-preview":"max-video-preview:-1"},"og_locale":"nl_NL","og_type":"article","og_title":"f\u00fchrungszeugnis kaufen","og_description":"Du brauchst ein F\u00fchrungszeugnis \u2013 und das am besten sofort und ohne Beh\u00f6rdeng\u00e4nge? Mit Reisepassfuhrer.com wird der Prozess zum Kinderspiel! Unsere digitale Anleitung zeigt dir Schritt f\u00fcr Schritt, wie du dein F\u00fchrungszeugnis ganz bequem online beantragst \u2013 rechtssicher, schnell und 100 % selbstst\u00e4ndig. Ob du ein einfaches, erweitertes oder ein europ\u00e4isches F\u00fchrungszeugnis ben\u00f6tigst: Unser Guide [&hellip;]","og_url":"https:\/\/reisepassfuhrer.com\/nl\/product\/een-rijbewijs-kopen\/","og_site_name":"Reisepassfuhrer","article_modified_time":"2025-09-02T09:29:38+00:00","og_image":[{"width":225,"height":225,"url":"http:\/\/reisepassfuhrer.com\/wp-content\/uploads\/2025\/09\/download-89.jpeg","type":"image\/jpeg"}],"twitter_card":"summary_large_image","twitter_misc":{"Geschatte leestijd":"1 minuut"},"schema":{"@context":"https:\/\/schema.org","@graph":[{"@type":"WebPage","@id":"https:\/\/reisepassfuhrer.com\/product\/fuhrungszeugnis-kaufen\/","url":"https:\/\/reisepassfuhrer.com\/product\/fuhrungszeugnis-kaufen\/","name":"rijbewijs kopen - paspoortwijzer","isPartOf":{"@id":"https:\/\/reisepassfuhrer.com\/#website"},"primaryImageOfPage":{"@id":"https:\/\/reisepassfuhrer.com\/product\/fuhrungszeugnis-kaufen\/#primaryimage"},"image":{"@id":"https:\/\/reisepassfuhrer.com\/product\/fuhrungszeugnis-kaufen\/#primaryimage"},"thumbnailUrl":"https:\/\/reisepassfuhrer.com\/wp-content\/uploads\/2025\/09\/download-89.jpeg","datePublished":"2025-09-02T09:29:37+00:00","dateModified":"2025-09-02T09:29:38+00:00","breadcrumb":{"@id":"https:\/\/reisepassfuhrer.com\/product\/fuhrungszeugnis-kaufen\/#breadcrumb"},"inLanguage":"nl-NL","potentialAction":[{"@type":"ReadAction","target":["https:\/\/reisepassfuhrer.com\/product\/fuhrungszeugnis-kaufen\/"]}]},{"@type":"ImageObject","inLanguage":"nl-NL","@id":"https:\/\/reisepassfuhrer.com\/product\/fuhrungszeugnis-kaufen\/#primaryimage","url":"https:\/\/reisepassfuhrer.com\/wp-content\/uploads\/2025\/09\/download-89.jpeg","contentUrl":"https:\/\/reisepassfuhrer.com\/wp-content\/uploads\/2025\/09\/download-89.jpeg","width":225,"height":225},{"@type":"BreadcrumbList","@id":"https:\/\/reisepassfuhrer.com\/product\/fuhrungszeugnis-kaufen\/#breadcrumb","itemListElement":[{"@type":"ListItem","position":1,"name":"Home","item":"https:\/\/reisepassfuhrer.com\/"},{"@type":"ListItem","position":2,"name":"Shop","item":"https:\/\/reisepassfuhrer.com\/shop\/"},{"@type":"ListItem","position":3,"name":"f\u00fchrungszeugnis kaufen"}]},{"@type":"WebSite","@id":"https:\/\/reisepassfuhrer.com\/#website","url":"https:\/\/reisepassfuhrer.com\/","name":"Gids voor paspoorten","description":"Paspoort aanvragen Berlijn","publisher":{"@id":"https:\/\/reisepassfuhrer.com\/#organization"},"potentialAction":[{"@type":"SearchAction","target":{"@type":"EntryPoint","urlTemplate":"https:\/\/reisepassfuhrer.com\/?s={search_term_string}"},"query-input":{"@type":"PropertyValueSpecification","valueRequired":true,"valueName":"search_term_string"}}],"inLanguage":"nl-NL"},{"@type":"Organization","@id":"https:\/\/reisepassfuhrer.com\/#organization","name":"Gids voor paspoorten","url":"https:\/\/reisepassfuhrer.com\/","logo":{"@type":"ImageObject","inLanguage":"nl-NL","@id":"https:\/\/reisepassfuhrer.com\/#\/schema\/logo\/image\/","url":"https:\/\/reisepassfuhrer.com\/wp-content\/uploads\/2024\/03\/Reisepassfuhrer-logo.png","contentUrl":"https:\/\/reisepassfuhrer.com\/wp-content\/uploads\/2024\/03\/Reisepassfuhrer-logo.png","width":112,"height":112,"caption":"Reisepassfuhrer"},"image":{"@id":"https:\/\/reisepassfuhrer.com\/#\/schema\/logo\/image\/"}}]}},"_links":{"self":[{"href":"https:\/\/reisepassfuhrer.com\/nl\/wp-json\/wp\/v2\/product\/3199","targetHints":{"allow":["GET"]}}],"collection":[{"href":"https:\/\/reisepassfuhrer.com\/nl\/wp-json\/wp\/v2\/product"}],"about":[{"href":"https:\/\/reisepassfuhrer.com\/nl\/wp-json\/wp\/v2\/types\/product"}],"replies":[{"embeddable":true,"href":"https:\/\/reisepassfuhrer.com\/nl\/wp-json\/wp\/v2\/comments?post=3199"}],"wp:featuredmedia":[{"embeddable":true,"href":"https:\/\/reisepassfuhrer.com\/nl\/wp-json\/wp\/v2\/media\/3201"}],"wp:attachment":[{"href":"https:\/\/reisepassfuhrer.com\/nl\/wp-json\/wp\/v2\/media?parent=3199"}],"wp:term":[{"taxonomy":"product_brand","embeddable":true,"href":"https:\/\/reisepassfuhrer.com\/nl\/wp-json\/wp\/v2\/product_brand?post=3199"},{"taxonomy":"product_cat","embeddable":true,"href":"https:\/\/reisepassfuhrer.com\/nl\/wp-json\/wp\/v2\/product_cat?post=3199"},{"taxonomy":"product_tag","embeddable":true,"href":"https:\/\/reisepassfuhrer.com\/nl\/wp-json\/wp\/v2\/product_tag?post=3199"}],"curies":[{"name":"wp","href":"https:\/\/api.w.org\/{rel}","templated":true}]}}