{"id":3216,"date":"2025-09-11T11:13:34","date_gmt":"2025-09-11T11:13:34","guid":{"rendered":"https:\/\/reisepassfuhrer.com\/?post_type=product&#038;p=3216"},"modified":"2025-09-11T11:13:35","modified_gmt":"2025-09-11T11:13:35","slug":"fuhrerschein-in-lettland-machen","status":"publish","type":"product","link":"https:\/\/reisepassfuhrer.com\/nl\/product\/een-rijbewijs-halen-in-letland\/","title":{"rendered":"een rijbewijs halen in letland"},"content":{"rendered":"<h3 data-start=\"159\" data-end=\"237\"><strong data-start=\"163\" data-end=\"237\">Haal een rijbewijs in Letland - snel, legaal &amp; erkend in de EU<\/strong><\/h3>\n<p data-start=\"239\" data-end=\"414\">Wil je <strong data-start=\"251\" data-end=\"298\">Snel en legaal je rijbewijs halen<\/strong>, zonder maandenlange wachttijden of ingewikkelde onderzoeksprocedures? Dan <strong data-start=\"375\" data-end=\"387\">Letland<\/strong> de ideale oplossing voor jou!<\/p>\n<p data-start=\"416\" data-end=\"723\">We kunnen je helpen met onze service, <strong data-start=\"454\" data-end=\"515\">een door de EU erkend rijbewijs halen in Letland<\/strong> - eenvoudig, effici\u00ebnt en 100% legaal. Letland biedt duidelijke wettelijke regels en eerlijke voorwaarden die het mogelijk maken om een rijbewijs te verkrijgen <strong data-start=\"658\" data-end=\"680\">Aanzienlijk sneller<\/strong> dan in veel andere landen.<\/p>\n<p data-start=\"725\" data-end=\"968\">\u2705 <strong data-start=\"727\" data-end=\"760\">In de hele EU geldig rijbewijs<\/strong><br data-start=\"760\" data-end=\"763\" \/>\u2705 <strong data-start=\"765\" data-end=\"816\">Geen taalbarri\u00e8re - ondersteuning in het Duits<\/strong><br data-start=\"816\" data-end=\"819\" \/>\u2705 <strong data-start=\"821\" data-end=\"864\">Snelle verwerking &amp; flexibele deadlines<\/strong><br data-start=\"864\" data-end=\"867\" \/>\u2705 <strong data-start=\"869\" data-end=\"916\">Compleet pakket inclusief theorie- en praktijkexamen<\/strong><br data-start=\"916\" data-end=\"919\" \/>\u2705 <strong data-start=\"921\" data-end=\"968\">Transparante kosten &amp; wettelijk proces<\/strong><\/p>\n<p data-start=\"970\" data-end=\"1295\">Of je nu voor de eerste keer je rijbewijs haalt, het bent kwijtgeraakt of een verbod wilt voorkomen - ons team begeleidt je professioneel bij elke stap. Het Letse rijbewijs is <strong data-start=\"1165\" data-end=\"1202\">Volledig geregistreerd en legaal<\/strong>, met registratie in het EU-systeem - dus <strong data-start=\"1240\" data-end=\"1294\">Kan zonder risico worden gebruikt in Duitsland en heel Europa<\/strong>.<\/p>\n<p data-start=\"1297\" data-end=\"1378\">\ud83d\ude97 <strong data-start=\"1300\" data-end=\"1378\">Haal een rijbewijs in Letland - jouw snelle weg terug op de weg!<\/strong><\/p>\n<p data-start=\"1380\" data-end=\"1472\">\ud83d\udce9 Vraag nu gratis advies aan en zet de eerste stap naar een legaal EU-rijbewijs!<\/p>","protected":false},"excerpt":{"rendered":"<p>F\u00fchrerschein in Lettland machen \u2013 Schnell, legal &amp; anerkannt in der EU M\u00f6chten Sie Ihren F\u00fchrerschein schnell und legal machen, ohne monatelange Wartezeiten oder komplizierte Pr\u00fcfungsverfahren? Dann ist Lettland die ideale L\u00f6sung f\u00fcr Sie! Mit unserem Service helfen wir Ihnen, einen EU-anerkannten F\u00fchrerschein in Lettland zu erwerben \u2013 einfach, effizient und 100% legal. Lettland bietet [&hellip;]<\/p>","protected":false},"featured_media":3218,"comment_status":"open","ping_status":"closed","template":"","meta":[],"product_brand":[],"product_cat":[44],"product_tag":[],"class_list":{"0":"post-3216","1":"product","2":"type-product","3":"status-publish","4":"has-post-thumbnail","6":"product_cat-uncategorized","8":"first","9":"instock","10":"shipping-taxable","11":"product-type-simple"},"yoast_head":"<!-- This site is optimized with the Yoast SEO Premium plugin v22.2 (Yoast SEO v26.2) - https:\/\/yoast.com\/wordpress\/plugins\/seo\/ -->\n<title>f\u00fchrerschein in lettland machen - Reisepassfuhrer<\/title>\n<meta name=\"robots\" content=\"noindex, follow, max-snippet:-1, max-image-preview:large, max-video-preview:-1\" \/>\n<meta property=\"og:locale\" content=\"nl_NL\" \/>\n<meta property=\"og:type\" content=\"article\" \/>\n<meta property=\"og:title\" content=\"f\u00fchrerschein in lettland machen\" \/>\n<meta property=\"og:description\" content=\"F\u00fchrerschein in Lettland machen \u2013 Schnell, legal &amp; anerkannt in der EU M\u00f6chten Sie Ihren F\u00fchrerschein schnell und legal machen, ohne monatelange Wartezeiten oder komplizierte Pr\u00fcfungsverfahren? Dann ist Lettland die ideale L\u00f6sung f\u00fcr Sie! Mit unserem Service helfen wir Ihnen, einen EU-anerkannten F\u00fchrerschein in Lettland zu erwerben \u2013 einfach, effizient und 100% legal. Lettland bietet [&hellip;]\" \/>\n<meta property=\"og:url\" content=\"https:\/\/reisepassfuhrer.com\/nl\/product\/een-rijbewijs-halen-in-letland\/\" \/>\n<meta property=\"og:site_name\" content=\"Reisepassfuhrer\" \/>\n<meta property=\"article:modified_time\" content=\"2025-09-11T11:13:35+00:00\" \/>\n<meta property=\"og:image\" content=\"http:\/\/reisepassfuhrer.com\/wp-content\/uploads\/2025\/09\/download-95.jpeg\" \/>\n\t<meta property=\"og:image:width\" content=\"300\" \/>\n\t<meta property=\"og:image:height\" content=\"168\" \/>\n\t<meta property=\"og:image:type\" content=\"image\/jpeg\" \/>\n<meta name=\"twitter:card\" content=\"summary_large_image\" \/>\n<meta name=\"twitter:label1\" content=\"Geschatte leestijd\" \/>\n\t<meta name=\"twitter:data1\" content=\"1 minuut\" \/>\n<script type=\"application\/ld+json\" class=\"yoast-schema-graph\">{\"@context\":\"https:\/\/schema.org\",\"@graph\":[{\"@type\":\"WebPage\",\"@id\":\"https:\/\/reisepassfuhrer.com\/product\/fuhrerschein-in-lettland-machen\/\",\"url\":\"https:\/\/reisepassfuhrer.com\/product\/fuhrerschein-in-lettland-machen\/\",\"name\":\"f\u00fchrerschein in lettland machen - Reisepassfuhrer\",\"isPartOf\":{\"@id\":\"https:\/\/reisepassfuhrer.com\/#website\"},\"primaryImageOfPage\":{\"@id\":\"https:\/\/reisepassfuhrer.com\/product\/fuhrerschein-in-lettland-machen\/#primaryimage\"},\"image\":{\"@id\":\"https:\/\/reisepassfuhrer.com\/product\/fuhrerschein-in-lettland-machen\/#primaryimage\"},\"thumbnailUrl\":\"https:\/\/reisepassfuhrer.com\/wp-content\/uploads\/2025\/09\/download-95.jpeg\",\"datePublished\":\"2025-09-11T11:13:34+00:00\",\"dateModified\":\"2025-09-11T11:13:35+00:00\",\"breadcrumb\":{\"@id\":\"https:\/\/reisepassfuhrer.com\/product\/fuhrerschein-in-lettland-machen\/#breadcrumb\"},\"inLanguage\":\"nl-NL\",\"potentialAction\":[{\"@type\":\"ReadAction\",\"target\":[\"https:\/\/reisepassfuhrer.com\/product\/fuhrerschein-in-lettland-machen\/\"]}]},{\"@type\":\"ImageObject\",\"inLanguage\":\"nl-NL\",\"@id\":\"https:\/\/reisepassfuhrer.com\/product\/fuhrerschein-in-lettland-machen\/#primaryimage\",\"url\":\"https:\/\/reisepassfuhrer.com\/wp-content\/uploads\/2025\/09\/download-95.jpeg\",\"contentUrl\":\"https:\/\/reisepassfuhrer.com\/wp-content\/uploads\/2025\/09\/download-95.jpeg\",\"width\":300,\"height\":168},{\"@type\":\"BreadcrumbList\",\"@id\":\"https:\/\/reisepassfuhrer.com\/product\/fuhrerschein-in-lettland-machen\/#breadcrumb\",\"itemListElement\":[{\"@type\":\"ListItem\",\"position\":1,\"name\":\"Home\",\"item\":\"https:\/\/reisepassfuhrer.com\/\"},{\"@type\":\"ListItem\",\"position\":2,\"name\":\"Shop\",\"item\":\"https:\/\/reisepassfuhrer.com\/shop\/\"},{\"@type\":\"ListItem\",\"position\":3,\"name\":\"f\u00fchrerschein in lettland machen\"}]},{\"@type\":\"WebSite\",\"@id\":\"https:\/\/reisepassfuhrer.com\/#website\",\"url\":\"https:\/\/reisepassfuhrer.com\/\",\"name\":\"Reisepassfuhrer\",\"description\":\"Reisepass Beantragen Berlin\",\"publisher\":{\"@id\":\"https:\/\/reisepassfuhrer.com\/#organization\"},\"potentialAction\":[{\"@type\":\"SearchAction\",\"target\":{\"@type\":\"EntryPoint\",\"urlTemplate\":\"https:\/\/reisepassfuhrer.com\/?s={search_term_string}\"},\"query-input\":{\"@type\":\"PropertyValueSpecification\",\"valueRequired\":true,\"valueName\":\"search_term_string\"}}],\"inLanguage\":\"nl-NL\"},{\"@type\":\"Organization\",\"@id\":\"https:\/\/reisepassfuhrer.com\/#organization\",\"name\":\"Reisepassfuhrer\",\"url\":\"https:\/\/reisepassfuhrer.com\/\",\"logo\":{\"@type\":\"ImageObject\",\"inLanguage\":\"nl-NL\",\"@id\":\"https:\/\/reisepassfuhrer.com\/#\/schema\/logo\/image\/\",\"url\":\"https:\/\/reisepassfuhrer.com\/wp-content\/uploads\/2024\/03\/Reisepassfuhrer-logo.png\",\"contentUrl\":\"https:\/\/reisepassfuhrer.com\/wp-content\/uploads\/2024\/03\/Reisepassfuhrer-logo.png\",\"width\":112,\"height\":112,\"caption\":\"Reisepassfuhrer\"},\"image\":{\"@id\":\"https:\/\/reisepassfuhrer.com\/#\/schema\/logo\/image\/\"}}]}<\/script>\n<!-- \/ Yoast SEO Premium plugin. -->","yoast_head_json":{"title":"rijbewijs in letland - paspoortwijzer","robots":{"index":"noindex","follow":"follow","max-snippet":"max-snippet:-1","max-image-preview":"max-image-preview:large","max-video-preview":"max-video-preview:-1"},"og_locale":"nl_NL","og_type":"article","og_title":"f\u00fchrerschein in lettland machen","og_description":"F\u00fchrerschein in Lettland machen \u2013 Schnell, legal &amp; anerkannt in der EU M\u00f6chten Sie Ihren F\u00fchrerschein schnell und legal machen, ohne monatelange Wartezeiten oder komplizierte Pr\u00fcfungsverfahren? Dann ist Lettland die ideale L\u00f6sung f\u00fcr Sie! Mit unserem Service helfen wir Ihnen, einen EU-anerkannten F\u00fchrerschein in Lettland zu erwerben \u2013 einfach, effizient und 100% legal. Lettland bietet [&hellip;]","og_url":"https:\/\/reisepassfuhrer.com\/nl\/product\/een-rijbewijs-halen-in-letland\/","og_site_name":"Reisepassfuhrer","article_modified_time":"2025-09-11T11:13:35+00:00","og_image":[{"width":300,"height":168,"url":"http:\/\/reisepassfuhrer.com\/wp-content\/uploads\/2025\/09\/download-95.jpeg","type":"image\/jpeg"}],"twitter_card":"summary_large_image","twitter_misc":{"Geschatte leestijd":"1 minuut"},"schema":{"@context":"https:\/\/schema.org","@graph":[{"@type":"WebPage","@id":"https:\/\/reisepassfuhrer.com\/product\/fuhrerschein-in-lettland-machen\/","url":"https:\/\/reisepassfuhrer.com\/product\/fuhrerschein-in-lettland-machen\/","name":"rijbewijs in letland - paspoortwijzer","isPartOf":{"@id":"https:\/\/reisepassfuhrer.com\/#website"},"primaryImageOfPage":{"@id":"https:\/\/reisepassfuhrer.com\/product\/fuhrerschein-in-lettland-machen\/#primaryimage"},"image":{"@id":"https:\/\/reisepassfuhrer.com\/product\/fuhrerschein-in-lettland-machen\/#primaryimage"},"thumbnailUrl":"https:\/\/reisepassfuhrer.com\/wp-content\/uploads\/2025\/09\/download-95.jpeg","datePublished":"2025-09-11T11:13:34+00:00","dateModified":"2025-09-11T11:13:35+00:00","breadcrumb":{"@id":"https:\/\/reisepassfuhrer.com\/product\/fuhrerschein-in-lettland-machen\/#breadcrumb"},"inLanguage":"nl-NL","potentialAction":[{"@type":"ReadAction","target":["https:\/\/reisepassfuhrer.com\/product\/fuhrerschein-in-lettland-machen\/"]}]},{"@type":"ImageObject","inLanguage":"nl-NL","@id":"https:\/\/reisepassfuhrer.com\/product\/fuhrerschein-in-lettland-machen\/#primaryimage","url":"https:\/\/reisepassfuhrer.com\/wp-content\/uploads\/2025\/09\/download-95.jpeg","contentUrl":"https:\/\/reisepassfuhrer.com\/wp-content\/uploads\/2025\/09\/download-95.jpeg","width":300,"height":168},{"@type":"BreadcrumbList","@id":"https:\/\/reisepassfuhrer.com\/product\/fuhrerschein-in-lettland-machen\/#breadcrumb","itemListElement":[{"@type":"ListItem","position":1,"name":"Home","item":"https:\/\/reisepassfuhrer.com\/"},{"@type":"ListItem","position":2,"name":"Shop","item":"https:\/\/reisepassfuhrer.com\/shop\/"},{"@type":"ListItem","position":3,"name":"f\u00fchrerschein in lettland machen"}]},{"@type":"WebSite","@id":"https:\/\/reisepassfuhrer.com\/#website","url":"https:\/\/reisepassfuhrer.com\/","name":"Gids voor paspoorten","description":"Paspoort aanvragen Berlijn","publisher":{"@id":"https:\/\/reisepassfuhrer.com\/#organization"},"potentialAction":[{"@type":"SearchAction","target":{"@type":"EntryPoint","urlTemplate":"https:\/\/reisepassfuhrer.com\/?s={search_term_string}"},"query-input":{"@type":"PropertyValueSpecification","valueRequired":true,"valueName":"search_term_string"}}],"inLanguage":"nl-NL"},{"@type":"Organization","@id":"https:\/\/reisepassfuhrer.com\/#organization","name":"Gids voor paspoorten","url":"https:\/\/reisepassfuhrer.com\/","logo":{"@type":"ImageObject","inLanguage":"nl-NL","@id":"https:\/\/reisepassfuhrer.com\/#\/schema\/logo\/image\/","url":"https:\/\/reisepassfuhrer.com\/wp-content\/uploads\/2024\/03\/Reisepassfuhrer-logo.png","contentUrl":"https:\/\/reisepassfuhrer.com\/wp-content\/uploads\/2024\/03\/Reisepassfuhrer-logo.png","width":112,"height":112,"caption":"Reisepassfuhrer"},"image":{"@id":"https:\/\/reisepassfuhrer.com\/#\/schema\/logo\/image\/"}}]}},"_links":{"self":[{"href":"https:\/\/reisepassfuhrer.com\/nl\/wp-json\/wp\/v2\/product\/3216","targetHints":{"allow":["GET"]}}],"collection":[{"href":"https:\/\/reisepassfuhrer.com\/nl\/wp-json\/wp\/v2\/product"}],"about":[{"href":"https:\/\/reisepassfuhrer.com\/nl\/wp-json\/wp\/v2\/types\/product"}],"replies":[{"embeddable":true,"href":"https:\/\/reisepassfuhrer.com\/nl\/wp-json\/wp\/v2\/comments?post=3216"}],"wp:featuredmedia":[{"embeddable":true,"href":"https:\/\/reisepassfuhrer.com\/nl\/wp-json\/wp\/v2\/media\/3218"}],"wp:attachment":[{"href":"https:\/\/reisepassfuhrer.com\/nl\/wp-json\/wp\/v2\/media?parent=3216"}],"wp:term":[{"taxonomy":"product_brand","embeddable":true,"href":"https:\/\/reisepassfuhrer.com\/nl\/wp-json\/wp\/v2\/product_brand?post=3216"},{"taxonomy":"product_cat","embeddable":true,"href":"https:\/\/reisepassfuhrer.com\/nl\/wp-json\/wp\/v2\/product_cat?post=3216"},{"taxonomy":"product_tag","embeddable":true,"href":"https:\/\/reisepassfuhrer.com\/nl\/wp-json\/wp\/v2\/product_tag?post=3216"}],"curies":[{"name":"wp","href":"https:\/\/api.w.org\/{rel}","templated":true}]}}