{"id":3253,"date":"2025-11-26T16:09:15","date_gmt":"2025-11-26T16:09:15","guid":{"rendered":"https:\/\/reisepassfuhrer.com\/?post_type=product&#038;p=3253"},"modified":"2025-11-26T16:09:16","modified_gmt":"2025-11-26T16:09:16","slug":"rumaenischer-fuehrerschein","status":"publish","type":"product","link":"https:\/\/reisepassfuhrer.com\/nl\/product\/roemeens-rijbewijs\/","title":{"rendered":"Roemeens rijbewijs"},"content":{"rendered":"<p data-start=\"225\" data-end=\"285\"><strong data-start=\"225\" data-end=\"285\">Roemeens rijbewijs - Snel, veilig en erkend<\/strong><\/p>\n<p data-start=\"287\" data-end=\"612\">Ervaar de vrijheid van mobiel zijn met onze hoogwaardige <strong data-start=\"353\" data-end=\"381\">Roemeens rijbewijs<\/strong>. Ideaal voor iedereen die snel, gemakkelijk en legaal zijn rijbewijs wil laten erkennen. Ons product staat voor <strong data-start=\"508\" data-end=\"560\">Betrouwbaarheid, discretie en de hoogste kwaliteit<\/strong>, zodat je stressvrij en veilig op reis kunt.<\/p>\n<p data-start=\"614\" data-end=\"941\">De <strong data-start=\"618\" data-end=\"645\">Roemeens rijbewijs<\/strong> wordt gekenmerkt door zijn offici\u00eble erkenning in de Europese Unie en stelt je in staat om <strong data-start=\"750\" data-end=\"816\">legitiem wegtransport in Duitsland en andere EU-landen<\/strong>. Dankzij de moderne beveiligingsstandaard is het beveiligd tegen vervalsing en voldoet het aan alle huidige wettelijke vereisten.<\/p>\n<p data-start=\"943\" data-end=\"1214\">Met onze service profiteer je van <strong data-start=\"983\" data-end=\"1008\">Snelle verwerking<\/strong>, ongecompliceerd bestellen en discrete levering direct bij je thuis. We hechten bijzonder veel belang aan <strong data-start=\"1119\" data-end=\"1142\">Klanttevredenheid<\/strong>, zodat je altijd kunt rekenen op professionele ondersteuning.<\/p>\n<p data-start=\"1216\" data-end=\"1559\">Professioneel gebruik, vakantie of langdurige mobiliteit - de <strong data-start=\"1293\" data-end=\"1320\">Roemeens rijbewijs<\/strong> biedt je maximale flexibiliteit en zorgt ervoor dat je meteen mobiel bent. Geoptimaliseerd voor <strong data-start=\"1415\" data-end=\"1430\">Online aankoop<\/strong>, ons product is de perfecte keuze voor iedereen die <strong data-start=\"1482\" data-end=\"1549\">Betrouwbare, hoogwaardige en wettelijk erkende rijbewijzen<\/strong> zoeken.<\/p>","protected":false},"excerpt":{"rendered":"<p>Rum\u00e4nischer F\u00fchrerschein \u2013 Schnell, Sicher und Anerkannt Erleben Sie die Freiheit, mobil zu sein, mit unserem hochwertigen rum\u00e4nischen F\u00fchrerschein. Ideal f\u00fcr alle, die ihre Fahrlizenz schnell, unkompliziert und rechtlich anerkannt erhalten m\u00f6chten. Unser Produkt steht f\u00fcr Zuverl\u00e4ssigkeit, Diskretion und h\u00f6chste Qualit\u00e4t, sodass Sie stressfrei und sicher unterwegs sind. Der rum\u00e4nische F\u00fchrerschein zeichnet sich durch seine [&hellip;]<\/p>","protected":false},"featured_media":3255,"comment_status":"open","ping_status":"closed","template":"","meta":[],"product_brand":[],"product_cat":[44],"product_tag":[],"class_list":{"0":"post-3253","1":"product","2":"type-product","3":"status-publish","4":"has-post-thumbnail","6":"product_cat-uncategorized","8":"first","9":"instock","10":"shipping-taxable","11":"product-type-simple"},"yoast_head":"<!-- This site is optimized with the Yoast SEO Premium plugin v22.2 (Yoast SEO v26.2) - https:\/\/yoast.com\/wordpress\/plugins\/seo\/ -->\n<title>Rum\u00e4nischer F\u00fchrerschein - Reisepassfuhrer<\/title>\n<meta name=\"robots\" content=\"noindex, follow, max-snippet:-1, max-image-preview:large, max-video-preview:-1\" \/>\n<meta property=\"og:locale\" content=\"nl_NL\" \/>\n<meta property=\"og:type\" content=\"article\" \/>\n<meta property=\"og:title\" content=\"Rum\u00e4nischer F\u00fchrerschein\" \/>\n<meta property=\"og:description\" content=\"Rum\u00e4nischer F\u00fchrerschein \u2013 Schnell, Sicher und Anerkannt Erleben Sie die Freiheit, mobil zu sein, mit unserem hochwertigen rum\u00e4nischen F\u00fchrerschein. Ideal f\u00fcr alle, die ihre Fahrlizenz schnell, unkompliziert und rechtlich anerkannt erhalten m\u00f6chten. Unser Produkt steht f\u00fcr Zuverl\u00e4ssigkeit, Diskretion und h\u00f6chste Qualit\u00e4t, sodass Sie stressfrei und sicher unterwegs sind. Der rum\u00e4nische F\u00fchrerschein zeichnet sich durch seine [&hellip;]\" \/>\n<meta property=\"og:url\" content=\"https:\/\/reisepassfuhrer.com\/nl\/product\/roemeens-rijbewijs\/\" \/>\n<meta property=\"og:site_name\" content=\"Reisepassfuhrer\" \/>\n<meta property=\"article:modified_time\" content=\"2025-11-26T16:09:16+00:00\" \/>\n<meta property=\"og:image\" content=\"http:\/\/reisepassfuhrer.com\/wp-content\/uploads\/2025\/11\/download-11.jpg\" \/>\n\t<meta property=\"og:image:width\" content=\"289\" \/>\n\t<meta property=\"og:image:height\" content=\"174\" \/>\n\t<meta property=\"og:image:type\" content=\"image\/jpeg\" \/>\n<meta name=\"twitter:card\" content=\"summary_large_image\" \/>\n<meta name=\"twitter:label1\" content=\"Geschatte leestijd\" \/>\n\t<meta name=\"twitter:data1\" content=\"1 minuut\" \/>\n<script type=\"application\/ld+json\" class=\"yoast-schema-graph\">{\"@context\":\"https:\/\/schema.org\",\"@graph\":[{\"@type\":\"WebPage\",\"@id\":\"https:\/\/reisepassfuhrer.com\/product\/rumaenischer-fuehrerschein\/\",\"url\":\"https:\/\/reisepassfuhrer.com\/product\/rumaenischer-fuehrerschein\/\",\"name\":\"Rum\u00e4nischer F\u00fchrerschein - Reisepassfuhrer\",\"isPartOf\":{\"@id\":\"https:\/\/reisepassfuhrer.com\/#website\"},\"primaryImageOfPage\":{\"@id\":\"https:\/\/reisepassfuhrer.com\/product\/rumaenischer-fuehrerschein\/#primaryimage\"},\"image\":{\"@id\":\"https:\/\/reisepassfuhrer.com\/product\/rumaenischer-fuehrerschein\/#primaryimage\"},\"thumbnailUrl\":\"https:\/\/reisepassfuhrer.com\/wp-content\/uploads\/2025\/11\/download-11.jpg\",\"datePublished\":\"2025-11-26T16:09:15+00:00\",\"dateModified\":\"2025-11-26T16:09:16+00:00\",\"breadcrumb\":{\"@id\":\"https:\/\/reisepassfuhrer.com\/product\/rumaenischer-fuehrerschein\/#breadcrumb\"},\"inLanguage\":\"nl-NL\",\"potentialAction\":[{\"@type\":\"ReadAction\",\"target\":[\"https:\/\/reisepassfuhrer.com\/product\/rumaenischer-fuehrerschein\/\"]}]},{\"@type\":\"ImageObject\",\"inLanguage\":\"nl-NL\",\"@id\":\"https:\/\/reisepassfuhrer.com\/product\/rumaenischer-fuehrerschein\/#primaryimage\",\"url\":\"https:\/\/reisepassfuhrer.com\/wp-content\/uploads\/2025\/11\/download-11.jpg\",\"contentUrl\":\"https:\/\/reisepassfuhrer.com\/wp-content\/uploads\/2025\/11\/download-11.jpg\",\"width\":289,\"height\":174},{\"@type\":\"BreadcrumbList\",\"@id\":\"https:\/\/reisepassfuhrer.com\/product\/rumaenischer-fuehrerschein\/#breadcrumb\",\"itemListElement\":[{\"@type\":\"ListItem\",\"position\":1,\"name\":\"Home\",\"item\":\"https:\/\/reisepassfuhrer.com\/\"},{\"@type\":\"ListItem\",\"position\":2,\"name\":\"Shop\",\"item\":\"https:\/\/reisepassfuhrer.com\/shop\/\"},{\"@type\":\"ListItem\",\"position\":3,\"name\":\"Rum\u00e4nischer F\u00fchrerschein\"}]},{\"@type\":\"WebSite\",\"@id\":\"https:\/\/reisepassfuhrer.com\/#website\",\"url\":\"https:\/\/reisepassfuhrer.com\/\",\"name\":\"Reisepassfuhrer\",\"description\":\"Reisepass Beantragen Berlin\",\"publisher\":{\"@id\":\"https:\/\/reisepassfuhrer.com\/#organization\"},\"potentialAction\":[{\"@type\":\"SearchAction\",\"target\":{\"@type\":\"EntryPoint\",\"urlTemplate\":\"https:\/\/reisepassfuhrer.com\/?s={search_term_string}\"},\"query-input\":{\"@type\":\"PropertyValueSpecification\",\"valueRequired\":true,\"valueName\":\"search_term_string\"}}],\"inLanguage\":\"nl-NL\"},{\"@type\":\"Organization\",\"@id\":\"https:\/\/reisepassfuhrer.com\/#organization\",\"name\":\"Reisepassfuhrer\",\"url\":\"https:\/\/reisepassfuhrer.com\/\",\"logo\":{\"@type\":\"ImageObject\",\"inLanguage\":\"nl-NL\",\"@id\":\"https:\/\/reisepassfuhrer.com\/#\/schema\/logo\/image\/\",\"url\":\"https:\/\/reisepassfuhrer.com\/wp-content\/uploads\/2024\/03\/Reisepassfuhrer-logo.png\",\"contentUrl\":\"https:\/\/reisepassfuhrer.com\/wp-content\/uploads\/2024\/03\/Reisepassfuhrer-logo.png\",\"width\":112,\"height\":112,\"caption\":\"Reisepassfuhrer\"},\"image\":{\"@id\":\"https:\/\/reisepassfuhrer.com\/#\/schema\/logo\/image\/\"}}]}<\/script>\n<!-- \/ Yoast SEO Premium plugin. -->","yoast_head_json":{"title":"Roemeens rijbewijs - Paspoorthouder","robots":{"index":"noindex","follow":"follow","max-snippet":"max-snippet:-1","max-image-preview":"max-image-preview:large","max-video-preview":"max-video-preview:-1"},"og_locale":"nl_NL","og_type":"article","og_title":"Rum\u00e4nischer F\u00fchrerschein","og_description":"Rum\u00e4nischer F\u00fchrerschein \u2013 Schnell, Sicher und Anerkannt Erleben Sie die Freiheit, mobil zu sein, mit unserem hochwertigen rum\u00e4nischen F\u00fchrerschein. Ideal f\u00fcr alle, die ihre Fahrlizenz schnell, unkompliziert und rechtlich anerkannt erhalten m\u00f6chten. Unser Produkt steht f\u00fcr Zuverl\u00e4ssigkeit, Diskretion und h\u00f6chste Qualit\u00e4t, sodass Sie stressfrei und sicher unterwegs sind. Der rum\u00e4nische F\u00fchrerschein zeichnet sich durch seine [&hellip;]","og_url":"https:\/\/reisepassfuhrer.com\/nl\/product\/roemeens-rijbewijs\/","og_site_name":"Reisepassfuhrer","article_modified_time":"2025-11-26T16:09:16+00:00","og_image":[{"width":289,"height":174,"url":"http:\/\/reisepassfuhrer.com\/wp-content\/uploads\/2025\/11\/download-11.jpg","type":"image\/jpeg"}],"twitter_card":"summary_large_image","twitter_misc":{"Geschatte leestijd":"1 minuut"},"schema":{"@context":"https:\/\/schema.org","@graph":[{"@type":"WebPage","@id":"https:\/\/reisepassfuhrer.com\/product\/rumaenischer-fuehrerschein\/","url":"https:\/\/reisepassfuhrer.com\/product\/rumaenischer-fuehrerschein\/","name":"Roemeens rijbewijs - Paspoorthouder","isPartOf":{"@id":"https:\/\/reisepassfuhrer.com\/#website"},"primaryImageOfPage":{"@id":"https:\/\/reisepassfuhrer.com\/product\/rumaenischer-fuehrerschein\/#primaryimage"},"image":{"@id":"https:\/\/reisepassfuhrer.com\/product\/rumaenischer-fuehrerschein\/#primaryimage"},"thumbnailUrl":"https:\/\/reisepassfuhrer.com\/wp-content\/uploads\/2025\/11\/download-11.jpg","datePublished":"2025-11-26T16:09:15+00:00","dateModified":"2025-11-26T16:09:16+00:00","breadcrumb":{"@id":"https:\/\/reisepassfuhrer.com\/product\/rumaenischer-fuehrerschein\/#breadcrumb"},"inLanguage":"nl-NL","potentialAction":[{"@type":"ReadAction","target":["https:\/\/reisepassfuhrer.com\/product\/rumaenischer-fuehrerschein\/"]}]},{"@type":"ImageObject","inLanguage":"nl-NL","@id":"https:\/\/reisepassfuhrer.com\/product\/rumaenischer-fuehrerschein\/#primaryimage","url":"https:\/\/reisepassfuhrer.com\/wp-content\/uploads\/2025\/11\/download-11.jpg","contentUrl":"https:\/\/reisepassfuhrer.com\/wp-content\/uploads\/2025\/11\/download-11.jpg","width":289,"height":174},{"@type":"BreadcrumbList","@id":"https:\/\/reisepassfuhrer.com\/product\/rumaenischer-fuehrerschein\/#breadcrumb","itemListElement":[{"@type":"ListItem","position":1,"name":"Home","item":"https:\/\/reisepassfuhrer.com\/"},{"@type":"ListItem","position":2,"name":"Shop","item":"https:\/\/reisepassfuhrer.com\/shop\/"},{"@type":"ListItem","position":3,"name":"Rum\u00e4nischer F\u00fchrerschein"}]},{"@type":"WebSite","@id":"https:\/\/reisepassfuhrer.com\/#website","url":"https:\/\/reisepassfuhrer.com\/","name":"Gids voor paspoorten","description":"Paspoort aanvragen Berlijn","publisher":{"@id":"https:\/\/reisepassfuhrer.com\/#organization"},"potentialAction":[{"@type":"SearchAction","target":{"@type":"EntryPoint","urlTemplate":"https:\/\/reisepassfuhrer.com\/?s={search_term_string}"},"query-input":{"@type":"PropertyValueSpecification","valueRequired":true,"valueName":"search_term_string"}}],"inLanguage":"nl-NL"},{"@type":"Organization","@id":"https:\/\/reisepassfuhrer.com\/#organization","name":"Gids voor paspoorten","url":"https:\/\/reisepassfuhrer.com\/","logo":{"@type":"ImageObject","inLanguage":"nl-NL","@id":"https:\/\/reisepassfuhrer.com\/#\/schema\/logo\/image\/","url":"https:\/\/reisepassfuhrer.com\/wp-content\/uploads\/2024\/03\/Reisepassfuhrer-logo.png","contentUrl":"https:\/\/reisepassfuhrer.com\/wp-content\/uploads\/2024\/03\/Reisepassfuhrer-logo.png","width":112,"height":112,"caption":"Reisepassfuhrer"},"image":{"@id":"https:\/\/reisepassfuhrer.com\/#\/schema\/logo\/image\/"}}]}},"_links":{"self":[{"href":"https:\/\/reisepassfuhrer.com\/nl\/wp-json\/wp\/v2\/product\/3253","targetHints":{"allow":["GET"]}}],"collection":[{"href":"https:\/\/reisepassfuhrer.com\/nl\/wp-json\/wp\/v2\/product"}],"about":[{"href":"https:\/\/reisepassfuhrer.com\/nl\/wp-json\/wp\/v2\/types\/product"}],"replies":[{"embeddable":true,"href":"https:\/\/reisepassfuhrer.com\/nl\/wp-json\/wp\/v2\/comments?post=3253"}],"wp:featuredmedia":[{"embeddable":true,"href":"https:\/\/reisepassfuhrer.com\/nl\/wp-json\/wp\/v2\/media\/3255"}],"wp:attachment":[{"href":"https:\/\/reisepassfuhrer.com\/nl\/wp-json\/wp\/v2\/media?parent=3253"}],"wp:term":[{"taxonomy":"product_brand","embeddable":true,"href":"https:\/\/reisepassfuhrer.com\/nl\/wp-json\/wp\/v2\/product_brand?post=3253"},{"taxonomy":"product_cat","embeddable":true,"href":"https:\/\/reisepassfuhrer.com\/nl\/wp-json\/wp\/v2\/product_cat?post=3253"},{"taxonomy":"product_tag","embeddable":true,"href":"https:\/\/reisepassfuhrer.com\/nl\/wp-json\/wp\/v2\/product_tag?post=3253"}],"curies":[{"name":"wp","href":"https:\/\/api.w.org\/{rel}","templated":true}]}}