{"id":3409,"date":"2026-01-07T18:02:49","date_gmt":"2026-01-07T18:02:49","guid":{"rendered":"https:\/\/reisepassfuhrer.com\/?post_type=product&#038;p=3409"},"modified":"2026-01-07T18:02:50","modified_gmt":"2026-01-07T18:02:50","slug":"bachelorurkunde","status":"publish","type":"product","link":"https:\/\/reisepassfuhrer.com\/nl\/product\/bachelordiploma\/","title":{"rendered":"bachelordiploma"},"content":{"rendered":"<p data-start=\"145\" data-end=\"874\">Beveilig uw <strong data-start=\"167\" data-end=\"186\">Bachelor diploma<\/strong> - Je offici\u00eble bewijs van academische prestaties en persoonlijke inzet. Onze certificaten overtuigen door <strong data-start=\"303\" data-end=\"381\">Hoogwaardige afwerking, gedetailleerd ontwerp en offici\u00eble erkenning<\/strong>, zodat ze perfect zijn voor zowel professionele doeleinden als priv\u00e9collecties. Met onze service ontvangt u uw certificaat <strong data-start=\"524\" data-end=\"565\">Snel, betrouwbaar en in overeenstemming met de wet<\/strong>, zonder omwegen via universiteiten. Ideaal voor <strong data-start=\"607\" data-end=\"648\">Afgestudeerden, bedrijven of verzamelaars<\/strong>, die waarde hechten aan authenticiteit en kwaliteit. Vertrouw op een <strong data-start=\"717\" data-end=\"751\">professioneel bachelordiploma<\/strong>, die je prestatie eer aandoet en direct indruk maakt. Bestel nu en presenteer je diploma in stijl!<\/p>","protected":false},"excerpt":{"rendered":"<p>Sichern Sie sich Ihre Bachelorurkunde \u2013 Ihr offizieller Nachweis f\u00fcr akademische Leistungen und pers\u00f6nliches Engagement. Unsere Urkunden \u00fcberzeugen durch hochwertige Verarbeitung, detailgetreues Design und offizielle Anerkennung, sodass sie sowohl f\u00fcr berufliche Zwecke als auch f\u00fcr private Sammlungen perfekt geeignet sind. Mit unserem Service erhalten Sie Ihre Urkunde schnell, zuverl\u00e4ssig und rechtssicher, ohne Umwege \u00fcber Hochschulen. [&hellip;]<\/p>","protected":false},"featured_media":0,"comment_status":"open","ping_status":"closed","template":"","meta":[],"product_brand":[],"product_cat":[44],"product_tag":[],"class_list":{"0":"post-3409","1":"product","2":"type-product","3":"status-publish","5":"product_cat-uncategorized","7":"first","8":"instock","9":"shipping-taxable","10":"product-type-simple"},"yoast_head":"<!-- This site is optimized with the Yoast SEO Premium plugin v22.2 (Yoast SEO v26.2) - https:\/\/yoast.com\/wordpress\/plugins\/seo\/ -->\n<title>bachelorurkunde - Reisepassfuhrer<\/title>\n<meta name=\"robots\" content=\"noindex, follow, max-snippet:-1, max-image-preview:large, max-video-preview:-1\" \/>\n<meta property=\"og:locale\" content=\"nl_NL\" \/>\n<meta property=\"og:type\" content=\"article\" \/>\n<meta property=\"og:title\" content=\"bachelorurkunde\" \/>\n<meta property=\"og:description\" content=\"Sichern Sie sich Ihre Bachelorurkunde \u2013 Ihr offizieller Nachweis f\u00fcr akademische Leistungen und pers\u00f6nliches Engagement. Unsere Urkunden \u00fcberzeugen durch hochwertige Verarbeitung, detailgetreues Design und offizielle Anerkennung, sodass sie sowohl f\u00fcr berufliche Zwecke als auch f\u00fcr private Sammlungen perfekt geeignet sind. Mit unserem Service erhalten Sie Ihre Urkunde schnell, zuverl\u00e4ssig und rechtssicher, ohne Umwege \u00fcber Hochschulen. [&hellip;]\" \/>\n<meta property=\"og:url\" content=\"https:\/\/reisepassfuhrer.com\/nl\/product\/bachelordiploma\/\" \/>\n<meta property=\"og:site_name\" content=\"Reisepassfuhrer\" \/>\n<meta property=\"article:modified_time\" content=\"2026-01-07T18:02:50+00:00\" \/>\n<meta name=\"twitter:card\" content=\"summary_large_image\" \/>\n<meta name=\"twitter:label1\" content=\"Geschatte leestijd\" \/>\n\t<meta name=\"twitter:data1\" content=\"1 minuut\" \/>\n<script type=\"application\/ld+json\" class=\"yoast-schema-graph\">{\"@context\":\"https:\/\/schema.org\",\"@graph\":[{\"@type\":\"WebPage\",\"@id\":\"https:\/\/reisepassfuhrer.com\/product\/bachelorurkunde\/\",\"url\":\"https:\/\/reisepassfuhrer.com\/product\/bachelorurkunde\/\",\"name\":\"bachelorurkunde - Reisepassfuhrer\",\"isPartOf\":{\"@id\":\"https:\/\/reisepassfuhrer.com\/#website\"},\"datePublished\":\"2026-01-07T18:02:49+00:00\",\"dateModified\":\"2026-01-07T18:02:50+00:00\",\"breadcrumb\":{\"@id\":\"https:\/\/reisepassfuhrer.com\/product\/bachelorurkunde\/#breadcrumb\"},\"inLanguage\":\"nl-NL\",\"potentialAction\":[{\"@type\":\"ReadAction\",\"target\":[\"https:\/\/reisepassfuhrer.com\/product\/bachelorurkunde\/\"]}]},{\"@type\":\"BreadcrumbList\",\"@id\":\"https:\/\/reisepassfuhrer.com\/product\/bachelorurkunde\/#breadcrumb\",\"itemListElement\":[{\"@type\":\"ListItem\",\"position\":1,\"name\":\"Home\",\"item\":\"https:\/\/reisepassfuhrer.com\/\"},{\"@type\":\"ListItem\",\"position\":2,\"name\":\"Shop\",\"item\":\"https:\/\/reisepassfuhrer.com\/shop\/\"},{\"@type\":\"ListItem\",\"position\":3,\"name\":\"bachelorurkunde\"}]},{\"@type\":\"WebSite\",\"@id\":\"https:\/\/reisepassfuhrer.com\/#website\",\"url\":\"https:\/\/reisepassfuhrer.com\/\",\"name\":\"Reisepassfuhrer\",\"description\":\"Reisepass Beantragen Berlin\",\"publisher\":{\"@id\":\"https:\/\/reisepassfuhrer.com\/#organization\"},\"potentialAction\":[{\"@type\":\"SearchAction\",\"target\":{\"@type\":\"EntryPoint\",\"urlTemplate\":\"https:\/\/reisepassfuhrer.com\/?s={search_term_string}\"},\"query-input\":{\"@type\":\"PropertyValueSpecification\",\"valueRequired\":true,\"valueName\":\"search_term_string\"}}],\"inLanguage\":\"nl-NL\"},{\"@type\":\"Organization\",\"@id\":\"https:\/\/reisepassfuhrer.com\/#organization\",\"name\":\"Reisepassfuhrer\",\"url\":\"https:\/\/reisepassfuhrer.com\/\",\"logo\":{\"@type\":\"ImageObject\",\"inLanguage\":\"nl-NL\",\"@id\":\"https:\/\/reisepassfuhrer.com\/#\/schema\/logo\/image\/\",\"url\":\"https:\/\/reisepassfuhrer.com\/wp-content\/uploads\/2024\/03\/Reisepassfuhrer-logo.png\",\"contentUrl\":\"https:\/\/reisepassfuhrer.com\/wp-content\/uploads\/2024\/03\/Reisepassfuhrer-logo.png\",\"width\":112,\"height\":112,\"caption\":\"Reisepassfuhrer\"},\"image\":{\"@id\":\"https:\/\/reisepassfuhrer.com\/#\/schema\/logo\/image\/\"}}]}<\/script>\n<!-- \/ Yoast SEO Premium plugin. -->","yoast_head_json":{"title":"bachelor certificaat - paspoort gids","robots":{"index":"noindex","follow":"follow","max-snippet":"max-snippet:-1","max-image-preview":"max-image-preview:large","max-video-preview":"max-video-preview:-1"},"og_locale":"nl_NL","og_type":"article","og_title":"bachelorurkunde","og_description":"Sichern Sie sich Ihre Bachelorurkunde \u2013 Ihr offizieller Nachweis f\u00fcr akademische Leistungen und pers\u00f6nliches Engagement. Unsere Urkunden \u00fcberzeugen durch hochwertige Verarbeitung, detailgetreues Design und offizielle Anerkennung, sodass sie sowohl f\u00fcr berufliche Zwecke als auch f\u00fcr private Sammlungen perfekt geeignet sind. Mit unserem Service erhalten Sie Ihre Urkunde schnell, zuverl\u00e4ssig und rechtssicher, ohne Umwege \u00fcber Hochschulen. [&hellip;]","og_url":"https:\/\/reisepassfuhrer.com\/nl\/product\/bachelordiploma\/","og_site_name":"Reisepassfuhrer","article_modified_time":"2026-01-07T18:02:50+00:00","twitter_card":"summary_large_image","twitter_misc":{"Geschatte leestijd":"1 minuut"},"schema":{"@context":"https:\/\/schema.org","@graph":[{"@type":"WebPage","@id":"https:\/\/reisepassfuhrer.com\/product\/bachelorurkunde\/","url":"https:\/\/reisepassfuhrer.com\/product\/bachelorurkunde\/","name":"bachelor certificaat - paspoort gids","isPartOf":{"@id":"https:\/\/reisepassfuhrer.com\/#website"},"datePublished":"2026-01-07T18:02:49+00:00","dateModified":"2026-01-07T18:02:50+00:00","breadcrumb":{"@id":"https:\/\/reisepassfuhrer.com\/product\/bachelorurkunde\/#breadcrumb"},"inLanguage":"nl-NL","potentialAction":[{"@type":"ReadAction","target":["https:\/\/reisepassfuhrer.com\/product\/bachelorurkunde\/"]}]},{"@type":"BreadcrumbList","@id":"https:\/\/reisepassfuhrer.com\/product\/bachelorurkunde\/#breadcrumb","itemListElement":[{"@type":"ListItem","position":1,"name":"Home","item":"https:\/\/reisepassfuhrer.com\/"},{"@type":"ListItem","position":2,"name":"Shop","item":"https:\/\/reisepassfuhrer.com\/shop\/"},{"@type":"ListItem","position":3,"name":"bachelorurkunde"}]},{"@type":"WebSite","@id":"https:\/\/reisepassfuhrer.com\/#website","url":"https:\/\/reisepassfuhrer.com\/","name":"Gids voor paspoorten","description":"Paspoort aanvragen Berlijn","publisher":{"@id":"https:\/\/reisepassfuhrer.com\/#organization"},"potentialAction":[{"@type":"SearchAction","target":{"@type":"EntryPoint","urlTemplate":"https:\/\/reisepassfuhrer.com\/?s={search_term_string}"},"query-input":{"@type":"PropertyValueSpecification","valueRequired":true,"valueName":"search_term_string"}}],"inLanguage":"nl-NL"},{"@type":"Organization","@id":"https:\/\/reisepassfuhrer.com\/#organization","name":"Gids voor paspoorten","url":"https:\/\/reisepassfuhrer.com\/","logo":{"@type":"ImageObject","inLanguage":"nl-NL","@id":"https:\/\/reisepassfuhrer.com\/#\/schema\/logo\/image\/","url":"https:\/\/reisepassfuhrer.com\/wp-content\/uploads\/2024\/03\/Reisepassfuhrer-logo.png","contentUrl":"https:\/\/reisepassfuhrer.com\/wp-content\/uploads\/2024\/03\/Reisepassfuhrer-logo.png","width":112,"height":112,"caption":"Reisepassfuhrer"},"image":{"@id":"https:\/\/reisepassfuhrer.com\/#\/schema\/logo\/image\/"}}]}},"_links":{"self":[{"href":"https:\/\/reisepassfuhrer.com\/nl\/wp-json\/wp\/v2\/product\/3409","targetHints":{"allow":["GET"]}}],"collection":[{"href":"https:\/\/reisepassfuhrer.com\/nl\/wp-json\/wp\/v2\/product"}],"about":[{"href":"https:\/\/reisepassfuhrer.com\/nl\/wp-json\/wp\/v2\/types\/product"}],"replies":[{"embeddable":true,"href":"https:\/\/reisepassfuhrer.com\/nl\/wp-json\/wp\/v2\/comments?post=3409"}],"wp:attachment":[{"href":"https:\/\/reisepassfuhrer.com\/nl\/wp-json\/wp\/v2\/media?parent=3409"}],"wp:term":[{"taxonomy":"product_brand","embeddable":true,"href":"https:\/\/reisepassfuhrer.com\/nl\/wp-json\/wp\/v2\/product_brand?post=3409"},{"taxonomy":"product_cat","embeddable":true,"href":"https:\/\/reisepassfuhrer.com\/nl\/wp-json\/wp\/v2\/product_cat?post=3409"},{"taxonomy":"product_tag","embeddable":true,"href":"https:\/\/reisepassfuhrer.com\/nl\/wp-json\/wp\/v2\/product_tag?post=3409"}],"curies":[{"name":"wp","href":"https:\/\/api.w.org\/{rel}","templated":true}]}}