{"id":3450,"date":"2026-04-24T15:33:03","date_gmt":"2026-04-24T15:33:03","guid":{"rendered":"https:\/\/reisepassfuhrer.com\/?post_type=product&#038;p=3450"},"modified":"2026-04-24T15:33:04","modified_gmt":"2026-04-24T15:33:04","slug":"was-steht-im-erweiterten-fuehrungszeugnis","status":"publish","type":"product","link":"https:\/\/reisepassfuhrer.com\/nl\/product\/was-steht-im-erweiterten-fuehrungszeugnis\/","title":{"rendered":"wat staat er op het uitgebreide strafregister?"},"content":{"rendered":"<p data-start=\"0\" data-end=\"212\">A <strong data-start=\"4\" data-end=\"35\">erweitertes F\u00fchrungszeugnis<\/strong> ist eine besondere Form des F\u00fchrungszeugnisses in Deutschland, die vor allem f\u00fcr T\u00e4tigkeiten mit Kindern und Jugendlichen verlangt wird (z. B. in Schulen, Kitas oder Vereinen).<\/p>\n<h2 data-section-id=\"1liixq2\" data-start=\"214\" data-end=\"261\">Was steht im erweiterten F\u00fchrungszeugnis?<\/h2>\n<p data-start=\"263\" data-end=\"393\">Grunds\u00e4tzlich enth\u00e4lt es <strong data-start=\"288\" data-end=\"350\">alle Eintr\u00e4ge, die auch im normalen F\u00fchrungszeugnis stehen<\/strong>, plus zus\u00e4tzliche relevante Informationen:<\/p>\n<h3 data-section-id=\"ksguax\" data-start=\"395\" data-end=\"435\">\u00a01. Strafrechtliche Verurteilungen<\/h3>\n<ul data-start=\"436\" data-end=\"579\">\n<li data-section-id=\"131rzmu\" data-start=\"436\" data-end=\"484\">Gerichtliche Verurteilungen wegen Straftaten<\/li>\n<li data-section-id=\"2u1bz3\" data-start=\"485\" data-end=\"536\">Geldstrafen und Freiheitsstrafen (je nach H\u00f6he)<\/li>\n<li data-section-id=\"1mgbg9l\" data-start=\"537\" data-end=\"579\">Eintr\u00e4ge aus dem Bundeszentralregister<\/li>\n<\/ul>\n<h3 data-section-id=\"f10pum\" data-start=\"581\" data-end=\"643\">\u00a02. Zus\u00e4tzliche Eintr\u00e4ge (der entscheidende Unterschied)<\/h3>\n<p data-start=\"644\" data-end=\"788\">Das <strong data-start=\"648\" data-end=\"678\">erweiterte F\u00fchrungszeugnis<\/strong> enth\u00e4lt auch <strong data-start=\"692\" data-end=\"748\">kleinere oder sonst nicht aufgef\u00fchrte Verurteilungen<\/strong>, wenn sie relevant sind \u2013 insbesondere:<\/p>\n<ul data-start=\"789\" data-end=\"939\">\n<li data-section-id=\"1qu0d5z\" data-start=\"789\" data-end=\"843\">Straftaten gegen die <strong data-start=\"812\" data-end=\"841\">sexuelle Selbstbestimmung<\/strong><\/li>\n<li data-section-id=\"jxh5j9\" data-start=\"844\" data-end=\"886\">Sexualdelikte (auch geringere Strafen)<\/li>\n<li data-section-id=\"88au8s\" data-start=\"887\" data-end=\"939\">Straftaten mit Bezug zu Kindern und Jugendlichen<\/li>\n<\/ul>\n<p data-start=\"941\" data-end=\"1064\">\u00a0Diese Eintr\u00e4ge werden aufgenommen, <strong data-start=\"979\" data-end=\"1063\">auch wenn sie im normalen F\u00fchrungszeugnis m\u00f6glicherweise nicht erscheinen w\u00fcrden<\/strong>.<\/p>\n<h3 data-section-id=\"1whd699\" data-start=\"1066\" data-end=\"1096\">3. Was NICHT drin steht<\/h3>\n<ul data-start=\"1097\" data-end=\"1289\">\n<li data-section-id=\"1uxl2md\" data-start=\"1097\" data-end=\"1161\">Laufende Ermittlungsverfahren (solange kein Urteil vorliegt)<\/li>\n<li data-section-id=\"i1od7e\" data-start=\"1162\" data-end=\"1222\">Sehr alte oder gel\u00f6schte Eintr\u00e4ge (nach Tilgungsfristen)<\/li>\n<li data-section-id=\"1wywbiy\" data-start=\"1223\" data-end=\"1289\">Bestimmte geringe Verurteilungen, wenn sie nicht relevant sind<\/li>\n<\/ul>\n<h2 data-section-id=\"aca7j2\" data-start=\"1291\" data-end=\"1318\">Warum ist es wichtig?<\/h2>\n<p data-start=\"1319\" data-end=\"1512\">Das erweiterte F\u00fchrungszeugnis dient dem <strong data-start=\"1360\" data-end=\"1389\">Schutz von Minderj\u00e4hrigen<\/strong>. Arbeitgeber oder Organisationen k\u00f6nnen so pr\u00fcfen, ob jemand f\u00fcr eine T\u00e4tigkeit mit besonderer Verantwortung geeignet ist.<\/p>\n<h2 data-section-id=\"1e0hwat\" data-start=\"1514\" data-end=\"1525\">\u00a0Fazit<\/h2>\n<p data-start=\"1526\" data-end=\"1779\" data-is-last-node=\"\" data-is-only-node=\"\">Das erweiterte F\u00fchrungszeugnis gibt einen <strong data-start=\"1568\" data-end=\"1618\">umfassenderen Einblick in relevante Vorstrafen<\/strong>, insbesondere bei sensiblen T\u00e4tigkeiten. Es ist ein wichtiges Instrument, um Vertrauen und Sicherheit im Umgang mit schutzbed\u00fcrftigen Personen zu gew\u00e4hrleisten.<\/p>","protected":false},"excerpt":{"rendered":"<p>Ein erweitertes F\u00fchrungszeugnis ist eine besondere Form des F\u00fchrungszeugnisses in Deutschland, die vor allem f\u00fcr T\u00e4tigkeiten mit Kindern und Jugendlichen verlangt wird (z. B. in Schulen, Kitas oder Vereinen). Was steht im erweiterten F\u00fchrungszeugnis? Grunds\u00e4tzlich enth\u00e4lt es alle Eintr\u00e4ge, die auch im normalen F\u00fchrungszeugnis stehen, plus zus\u00e4tzliche relevante Informationen: \u00a01. Strafrechtliche Verurteilungen Gerichtliche Verurteilungen wegen [&hellip;]<\/p>","protected":false},"featured_media":3452,"comment_status":"open","ping_status":"closed","template":"","meta":[],"product_brand":[],"product_cat":[44],"product_tag":[],"class_list":{"0":"post-3450","1":"product","2":"type-product","3":"status-publish","4":"has-post-thumbnail","6":"product_cat-uncategorized","8":"first","9":"instock","10":"shipping-taxable","11":"product-type-simple"},"yoast_head":"<!-- This site is optimized with the Yoast SEO Premium plugin v22.2 (Yoast SEO v26.2) - https:\/\/yoast.com\/wordpress\/plugins\/seo\/ -->\n<title>was steht im erweiterten f\u00fchrungszeugnis - Reisepassfuhrer<\/title>\n<meta name=\"robots\" content=\"noindex, follow, max-snippet:-1, max-image-preview:large, max-video-preview:-1\" \/>\n<meta property=\"og:locale\" content=\"nl_NL\" \/>\n<meta property=\"og:type\" content=\"article\" \/>\n<meta property=\"og:title\" content=\"was steht im erweiterten f\u00fchrungszeugnis\" \/>\n<meta property=\"og:description\" content=\"Ein erweitertes F\u00fchrungszeugnis ist eine besondere Form des F\u00fchrungszeugnisses in Deutschland, die vor allem f\u00fcr T\u00e4tigkeiten mit Kindern und Jugendlichen verlangt wird (z. B. in Schulen, Kitas oder Vereinen). Was steht im erweiterten F\u00fchrungszeugnis? Grunds\u00e4tzlich enth\u00e4lt es alle Eintr\u00e4ge, die auch im normalen F\u00fchrungszeugnis stehen, plus zus\u00e4tzliche relevante Informationen: \u00a01. Strafrechtliche Verurteilungen Gerichtliche Verurteilungen wegen [&hellip;]\" \/>\n<meta property=\"og:url\" content=\"https:\/\/reisepassfuhrer.com\/nl\/product\/was-steht-im-erweiterten-fuehrungszeugnis\/\" \/>\n<meta property=\"og:site_name\" content=\"Reisepassfuhrer\" \/>\n<meta property=\"article:modified_time\" content=\"2026-04-24T15:33:04+00:00\" \/>\n<meta property=\"og:image\" content=\"http:\/\/reisepassfuhrer.com\/wp-content\/uploads\/2026\/04\/imageye___-_imgi_173_Fuhrungszeugnis-scaled.jpeg\" \/>\n\t<meta property=\"og:image:width\" content=\"1846\" \/>\n\t<meta property=\"og:image:height\" content=\"2560\" \/>\n\t<meta property=\"og:image:type\" content=\"image\/jpeg\" \/>\n<meta name=\"twitter:card\" content=\"summary_large_image\" \/>\n<meta name=\"twitter:label1\" content=\"Geschatte leestijd\" \/>\n\t<meta name=\"twitter:data1\" content=\"1 minuut\" \/>\n<script type=\"application\/ld+json\" class=\"yoast-schema-graph\">{\"@context\":\"https:\/\/schema.org\",\"@graph\":[{\"@type\":\"WebPage\",\"@id\":\"https:\/\/reisepassfuhrer.com\/product\/was-steht-im-erweiterten-fuehrungszeugnis\/\",\"url\":\"https:\/\/reisepassfuhrer.com\/product\/was-steht-im-erweiterten-fuehrungszeugnis\/\",\"name\":\"was steht im erweiterten f\u00fchrungszeugnis - Reisepassfuhrer\",\"isPartOf\":{\"@id\":\"https:\/\/reisepassfuhrer.com\/#website\"},\"primaryImageOfPage\":{\"@id\":\"https:\/\/reisepassfuhrer.com\/product\/was-steht-im-erweiterten-fuehrungszeugnis\/#primaryimage\"},\"image\":{\"@id\":\"https:\/\/reisepassfuhrer.com\/product\/was-steht-im-erweiterten-fuehrungszeugnis\/#primaryimage\"},\"thumbnailUrl\":\"https:\/\/reisepassfuhrer.com\/wp-content\/uploads\/2026\/04\/imageye___-_imgi_173_Fuhrungszeugnis-scaled.jpeg\",\"datePublished\":\"2026-04-24T15:33:03+00:00\",\"dateModified\":\"2026-04-24T15:33:04+00:00\",\"breadcrumb\":{\"@id\":\"https:\/\/reisepassfuhrer.com\/product\/was-steht-im-erweiterten-fuehrungszeugnis\/#breadcrumb\"},\"inLanguage\":\"nl-NL\",\"potentialAction\":[{\"@type\":\"ReadAction\",\"target\":[\"https:\/\/reisepassfuhrer.com\/product\/was-steht-im-erweiterten-fuehrungszeugnis\/\"]}]},{\"@type\":\"ImageObject\",\"inLanguage\":\"nl-NL\",\"@id\":\"https:\/\/reisepassfuhrer.com\/product\/was-steht-im-erweiterten-fuehrungszeugnis\/#primaryimage\",\"url\":\"https:\/\/reisepassfuhrer.com\/wp-content\/uploads\/2026\/04\/imageye___-_imgi_173_Fuhrungszeugnis-scaled.jpeg\",\"contentUrl\":\"https:\/\/reisepassfuhrer.com\/wp-content\/uploads\/2026\/04\/imageye___-_imgi_173_Fuhrungszeugnis-scaled.jpeg\",\"width\":1846,\"height\":2560},{\"@type\":\"BreadcrumbList\",\"@id\":\"https:\/\/reisepassfuhrer.com\/product\/was-steht-im-erweiterten-fuehrungszeugnis\/#breadcrumb\",\"itemListElement\":[{\"@type\":\"ListItem\",\"position\":1,\"name\":\"Home\",\"item\":\"https:\/\/reisepassfuhrer.com\/\"},{\"@type\":\"ListItem\",\"position\":2,\"name\":\"Shop\",\"item\":\"https:\/\/reisepassfuhrer.com\/shop\/\"},{\"@type\":\"ListItem\",\"position\":3,\"name\":\"was steht im erweiterten f\u00fchrungszeugnis\"}]},{\"@type\":\"WebSite\",\"@id\":\"https:\/\/reisepassfuhrer.com\/#website\",\"url\":\"https:\/\/reisepassfuhrer.com\/\",\"name\":\"Reisepassfuhrer\",\"description\":\"Reisepass Beantragen Berlin\",\"publisher\":{\"@id\":\"https:\/\/reisepassfuhrer.com\/#organization\"},\"potentialAction\":[{\"@type\":\"SearchAction\",\"target\":{\"@type\":\"EntryPoint\",\"urlTemplate\":\"https:\/\/reisepassfuhrer.com\/?s={search_term_string}\"},\"query-input\":{\"@type\":\"PropertyValueSpecification\",\"valueRequired\":true,\"valueName\":\"search_term_string\"}}],\"inLanguage\":\"nl-NL\"},{\"@type\":\"Organization\",\"@id\":\"https:\/\/reisepassfuhrer.com\/#organization\",\"name\":\"Reisepassfuhrer\",\"url\":\"https:\/\/reisepassfuhrer.com\/\",\"logo\":{\"@type\":\"ImageObject\",\"inLanguage\":\"nl-NL\",\"@id\":\"https:\/\/reisepassfuhrer.com\/#\/schema\/logo\/image\/\",\"url\":\"https:\/\/reisepassfuhrer.com\/wp-content\/uploads\/2024\/03\/Reisepassfuhrer-logo.png\",\"contentUrl\":\"https:\/\/reisepassfuhrer.com\/wp-content\/uploads\/2024\/03\/Reisepassfuhrer-logo.png\",\"width\":112,\"height\":112,\"caption\":\"Reisepassfuhrer\"},\"image\":{\"@id\":\"https:\/\/reisepassfuhrer.com\/#\/schema\/logo\/image\/\"}}]}<\/script>\n<!-- \/ Yoast SEO Premium plugin. -->","yoast_head_json":{"title":"was steht im erweiterten f\u00fchrungszeugnis - Reisepassfuhrer","robots":{"index":"noindex","follow":"follow","max-snippet":"max-snippet:-1","max-image-preview":"max-image-preview:large","max-video-preview":"max-video-preview:-1"},"og_locale":"nl_NL","og_type":"article","og_title":"was steht im erweiterten f\u00fchrungszeugnis","og_description":"Ein erweitertes F\u00fchrungszeugnis ist eine besondere Form des F\u00fchrungszeugnisses in Deutschland, die vor allem f\u00fcr T\u00e4tigkeiten mit Kindern und Jugendlichen verlangt wird (z. B. in Schulen, Kitas oder Vereinen). Was steht im erweiterten F\u00fchrungszeugnis? Grunds\u00e4tzlich enth\u00e4lt es alle Eintr\u00e4ge, die auch im normalen F\u00fchrungszeugnis stehen, plus zus\u00e4tzliche relevante Informationen: \u00a01. Strafrechtliche Verurteilungen Gerichtliche Verurteilungen wegen [&hellip;]","og_url":"https:\/\/reisepassfuhrer.com\/nl\/product\/was-steht-im-erweiterten-fuehrungszeugnis\/","og_site_name":"Reisepassfuhrer","article_modified_time":"2026-04-24T15:33:04+00:00","og_image":[{"width":1846,"height":2560,"url":"http:\/\/reisepassfuhrer.com\/wp-content\/uploads\/2026\/04\/imageye___-_imgi_173_Fuhrungszeugnis-scaled.jpeg","type":"image\/jpeg"}],"twitter_card":"summary_large_image","twitter_misc":{"Geschatte leestijd":"1 minuut"},"schema":{"@context":"https:\/\/schema.org","@graph":[{"@type":"WebPage","@id":"https:\/\/reisepassfuhrer.com\/product\/was-steht-im-erweiterten-fuehrungszeugnis\/","url":"https:\/\/reisepassfuhrer.com\/product\/was-steht-im-erweiterten-fuehrungszeugnis\/","name":"was steht im erweiterten f\u00fchrungszeugnis - Reisepassfuhrer","isPartOf":{"@id":"https:\/\/reisepassfuhrer.com\/#website"},"primaryImageOfPage":{"@id":"https:\/\/reisepassfuhrer.com\/product\/was-steht-im-erweiterten-fuehrungszeugnis\/#primaryimage"},"image":{"@id":"https:\/\/reisepassfuhrer.com\/product\/was-steht-im-erweiterten-fuehrungszeugnis\/#primaryimage"},"thumbnailUrl":"https:\/\/reisepassfuhrer.com\/wp-content\/uploads\/2026\/04\/imageye___-_imgi_173_Fuhrungszeugnis-scaled.jpeg","datePublished":"2026-04-24T15:33:03+00:00","dateModified":"2026-04-24T15:33:04+00:00","breadcrumb":{"@id":"https:\/\/reisepassfuhrer.com\/product\/was-steht-im-erweiterten-fuehrungszeugnis\/#breadcrumb"},"inLanguage":"nl-NL","potentialAction":[{"@type":"ReadAction","target":["https:\/\/reisepassfuhrer.com\/product\/was-steht-im-erweiterten-fuehrungszeugnis\/"]}]},{"@type":"ImageObject","inLanguage":"nl-NL","@id":"https:\/\/reisepassfuhrer.com\/product\/was-steht-im-erweiterten-fuehrungszeugnis\/#primaryimage","url":"https:\/\/reisepassfuhrer.com\/wp-content\/uploads\/2026\/04\/imageye___-_imgi_173_Fuhrungszeugnis-scaled.jpeg","contentUrl":"https:\/\/reisepassfuhrer.com\/wp-content\/uploads\/2026\/04\/imageye___-_imgi_173_Fuhrungszeugnis-scaled.jpeg","width":1846,"height":2560},{"@type":"BreadcrumbList","@id":"https:\/\/reisepassfuhrer.com\/product\/was-steht-im-erweiterten-fuehrungszeugnis\/#breadcrumb","itemListElement":[{"@type":"ListItem","position":1,"name":"Home","item":"https:\/\/reisepassfuhrer.com\/"},{"@type":"ListItem","position":2,"name":"Shop","item":"https:\/\/reisepassfuhrer.com\/shop\/"},{"@type":"ListItem","position":3,"name":"was steht im erweiterten f\u00fchrungszeugnis"}]},{"@type":"WebSite","@id":"https:\/\/reisepassfuhrer.com\/#website","url":"https:\/\/reisepassfuhrer.com\/","name":"Gids voor paspoorten","description":"Paspoort aanvragen Berlijn","publisher":{"@id":"https:\/\/reisepassfuhrer.com\/#organization"},"potentialAction":[{"@type":"SearchAction","target":{"@type":"EntryPoint","urlTemplate":"https:\/\/reisepassfuhrer.com\/?s={search_term_string}"},"query-input":{"@type":"PropertyValueSpecification","valueRequired":true,"valueName":"search_term_string"}}],"inLanguage":"nl-NL"},{"@type":"Organization","@id":"https:\/\/reisepassfuhrer.com\/#organization","name":"Gids voor paspoorten","url":"https:\/\/reisepassfuhrer.com\/","logo":{"@type":"ImageObject","inLanguage":"nl-NL","@id":"https:\/\/reisepassfuhrer.com\/#\/schema\/logo\/image\/","url":"https:\/\/reisepassfuhrer.com\/wp-content\/uploads\/2024\/03\/Reisepassfuhrer-logo.png","contentUrl":"https:\/\/reisepassfuhrer.com\/wp-content\/uploads\/2024\/03\/Reisepassfuhrer-logo.png","width":112,"height":112,"caption":"Reisepassfuhrer"},"image":{"@id":"https:\/\/reisepassfuhrer.com\/#\/schema\/logo\/image\/"}}]}},"_links":{"self":[{"href":"https:\/\/reisepassfuhrer.com\/nl\/wp-json\/wp\/v2\/product\/3450","targetHints":{"allow":["GET"]}}],"collection":[{"href":"https:\/\/reisepassfuhrer.com\/nl\/wp-json\/wp\/v2\/product"}],"about":[{"href":"https:\/\/reisepassfuhrer.com\/nl\/wp-json\/wp\/v2\/types\/product"}],"replies":[{"embeddable":true,"href":"https:\/\/reisepassfuhrer.com\/nl\/wp-json\/wp\/v2\/comments?post=3450"}],"wp:featuredmedia":[{"embeddable":true,"href":"https:\/\/reisepassfuhrer.com\/nl\/wp-json\/wp\/v2\/media\/3452"}],"wp:attachment":[{"href":"https:\/\/reisepassfuhrer.com\/nl\/wp-json\/wp\/v2\/media?parent=3450"}],"wp:term":[{"taxonomy":"product_brand","embeddable":true,"href":"https:\/\/reisepassfuhrer.com\/nl\/wp-json\/wp\/v2\/product_brand?post=3450"},{"taxonomy":"product_cat","embeddable":true,"href":"https:\/\/reisepassfuhrer.com\/nl\/wp-json\/wp\/v2\/product_cat?post=3450"},{"taxonomy":"product_tag","embeddable":true,"href":"https:\/\/reisepassfuhrer.com\/nl\/wp-json\/wp\/v2\/product_tag?post=3450"}],"curies":[{"name":"wp","href":"https:\/\/api.w.org\/{rel}","templated":true}]}}