{"id":10,"date":"2024-01-13T13:52:54","date_gmt":"2024-01-13T13:52:54","guid":{"rendered":"https:\/\/reisepassfuhrer.com\/index.php\/blog\/"},"modified":"2024-05-29T09:28:18","modified_gmt":"2024-05-29T09:28:18","slug":"dienstleistungen","status":"publish","type":"page","link":"https:\/\/reisepassfuhrer.com\/pt\/servicos\/","title":{"rendered":"servi\u00e7os"},"content":{"rendered":"<div data-elementor-type=\"wp-page\" data-elementor-id=\"10\" class=\"elementor elementor-10\" data-elementor-post-type=\"page\">\n\t\t\t\t<div class=\"elementor-element elementor-element-161c25a e-flex e-con-boxed e-con e-parent\" data-id=\"161c25a\" data-element_type=\"container\" data-core-v316-plus=\"true\">\n\t\t\t\t\t<div class=\"e-con-inner\">\n\t\t<div class=\"elementor-element elementor-element-52e6d45 e-con-full e-flex e-con e-child\" data-id=\"52e6d45\" data-element_type=\"container\">\n\t\t\t\t<div class=\"elementor-element elementor-element-5e74e16 elementor-widget elementor-widget-heading\" data-id=\"5e74e16\" data-element_type=\"widget\" data-widget_type=\"heading.default\">\n\t\t\t\t<div class=\"elementor-widget-container\">\n\t\t\t<style>\/*! elementor - v3.20.0 - 13-03-2024 *\/\n.elementor-heading-title{padding:0;margin:0;line-height:1}.elementor-widget-heading .elementor-heading-title[class*=elementor-size-]>a{color:inherit;font-size:inherit;line-height:inherit}.elementor-widget-heading .elementor-heading-title.elementor-size-small{font-size:15px}.elementor-widget-heading .elementor-heading-title.elementor-size-medium{font-size:19px}.elementor-widget-heading .elementor-heading-title.elementor-size-large{font-size:29px}.elementor-widget-heading .elementor-heading-title.elementor-size-xl{font-size:39px}.elementor-widget-heading .elementor-heading-title.elementor-size-xxl{font-size:59px}<\/style><h2 class=\"elementor-heading-title elementor-size-default\">Teste MPU<\/h2>\t\t<\/div>\n\t\t\t\t<\/div>\n\t\t\t\t<\/div>\n\t\t<div class=\"elementor-element elementor-element-b8837df e-con-full e-flex e-con e-child\" data-id=\"b8837df\" data-element_type=\"container\">\n\t\t\t\t<div class=\"elementor-element elementor-element-b630331 elementor-widget elementor-widget-heading\" data-id=\"b630331\" data-element_type=\"widget\" data-widget_type=\"heading.default\">\n\t\t\t\t<div class=\"elementor-widget-container\">\n\t\t\t<h2 class=\"elementor-heading-title elementor-size-default\">Teste IELTS<\/h2>\t\t<\/div>\n\t\t\t\t<\/div>\n\t\t\t\t<\/div>\n\t\t\t\t\t<\/div>\n\t\t\t\t<\/div>\n\t\t<div class=\"elementor-element elementor-element-e2b622c e-flex e-con-boxed e-con e-parent\" data-id=\"e2b622c\" data-element_type=\"container\" data-core-v316-plus=\"true\">\n\t\t\t\t\t<div class=\"e-con-inner\">\n\t\t\t\t<div class=\"elementor-element elementor-element-6a1d4a7 elementor-widget elementor-widget-text-editor\" data-id=\"6a1d4a7\" data-element_type=\"widget\" data-widget_type=\"text-editor.default\">\n\t\t\t\t<div class=\"elementor-widget-container\">\n\t\t\t<style>\/*! elementor - v3.20.0 - 13-03-2024 *\/\n.elementor-widget-text-editor.elementor-drop-cap-view-stacked .elementor-drop-cap{background-color:#69727d;color:#fff}.elementor-widget-text-editor.elementor-drop-cap-view-framed .elementor-drop-cap{color:#69727d;border:3px solid;background-color:transparent}.elementor-widget-text-editor:not(.elementor-drop-cap-view-default) .elementor-drop-cap{margin-top:8px}.elementor-widget-text-editor:not(.elementor-drop-cap-view-default) .elementor-drop-cap-letter{width:1em;height:1em}.elementor-widget-text-editor .elementor-drop-cap{float:left;text-align:center;line-height:1;font-size:50px}.elementor-widget-text-editor .elementor-drop-cap-letter{display:inline-block}<\/style>\t\t\t\t<p>Teste MPU, Somos uma associa\u00e7\u00e3o de tr\u00eas ag\u00eancias da Europa, dos EUA e do Canad\u00e1. \u00c9 por isso que podemos obter a sua carta de condu\u00e7\u00e3o, passaporte e certificados acad\u00e9micos em qualquer parte do mundo. A nossa vasta rede e as vantagens de trabalharmos em conjunto facilitam-nos a resolu\u00e7\u00e3o dos problemas de identifica\u00e7\u00e3o pessoal mais complexos.<\/p><p>No nosso s\u00edtio Web, encontrar\u00e1 diferentes formul\u00e1rios de pedido para diferentes necessidades. Comprar uma carta de condu\u00e7\u00e3o, comprar um passaporte verdadeiro, comprar um cart\u00e3o de resid\u00eancia, comprar um bilhete de identidade falso, comprar o certificado IELTS original sem exame, comprar uma licen\u00e7a NCLEX. A separa\u00e7\u00e3o dos formul\u00e1rios de candidatura deve-se ao facto de termos diferentes departamentos que processam diferentes tipos de documentos. Por exemplo, se preencher e apresentar o formul\u00e1rio \u201ePedido de carta de condu\u00e7\u00e3o\u201c, este ser\u00e1 enviado diretamente para o departamento de cartas de condu\u00e7\u00e3o. Se preencher o formul\u00e1rio \u201ePedido de cart\u00e3o de resid\u00eancia\u201c, este ser\u00e1 enviado diretamente para o servi\u00e7o de cart\u00f5es de resid\u00eancia. Se preencher o formul\u00e1rio \u201ePedido de passaporte\u201c, o seu pedido ser\u00e1 enviado diretamente ao servi\u00e7o de passaportes. O mesmo se aplica ao servi\u00e7o de identifica\u00e7\u00e3o falsa, ao servi\u00e7o NCLEX, ao servi\u00e7o IELTS e a outros servi\u00e7os de certificados acad\u00e9micos.<\/p>\t\t\t\t\t\t<\/div>\n\t\t\t\t<\/div>\n\t\t\t\t\t<\/div>\n\t\t\t\t<\/div>\n\t\t<div class=\"elementor-element elementor-element-c791dfd e-flex e-con-boxed e-con e-parent\" data-id=\"c791dfd\" data-element_type=\"container\" data-core-v316-plus=\"true\">\n\t\t\t\t\t<div class=\"e-con-inner\">\n\t\t<div class=\"elementor-element elementor-element-62cffa2 e-con-full e-flex e-con e-child\" data-id=\"62cffa2\" data-element_type=\"container\">\n\t\t\t\t<div class=\"elementor-element elementor-element-079d101 elementor-widget elementor-widget-heading\" data-id=\"079d101\" data-element_type=\"widget\" data-widget_type=\"heading.default\">\n\t\t\t\t<div class=\"elementor-widget-container\">\n\t\t\t<h4 class=\"elementor-heading-title elementor-size-default\">Carta de condu\u00e7\u00e3o internacional<\/h4>\t\t<\/div>\n\t\t\t\t<\/div>\n\t\t\t\t<\/div>\n\t\t<div class=\"elementor-element elementor-element-7c9be5b e-con-full e-flex e-con e-child\" data-id=\"7c9be5b\" data-element_type=\"container\">\n\t\t\t\t<div class=\"elementor-element elementor-element-9ced238 elementor-widget elementor-widget-heading\" data-id=\"9ced238\" data-element_type=\"widget\" data-widget_type=\"heading.default\">\n\t\t\t\t<div class=\"elementor-widget-container\">\n\t\t\t<h4 class=\"elementor-heading-title elementor-size-default\">Certificado de boa conduta<\/h4>\t\t<\/div>\n\t\t\t\t<\/div>\n\t\t\t\t<\/div>\n\t\t<div class=\"elementor-element elementor-element-cde1dfa e-con-full e-flex e-con e-child\" data-id=\"cde1dfa\" data-element_type=\"container\">\n\t\t\t\t<div class=\"elementor-element elementor-element-5196cdb elementor-widget elementor-widget-heading\" data-id=\"5196cdb\" data-element_type=\"widget\" data-widget_type=\"heading.default\">\n\t\t\t\t<div class=\"elementor-widget-container\">\n\t\t\t<h4 class=\"elementor-heading-title elementor-size-default\">Pedir um passaporte<\/h4>\t\t<\/div>\n\t\t\t\t<\/div>\n\t\t\t\t<\/div>\n\t\t<div class=\"elementor-element elementor-element-ace1223 e-con-full e-flex e-con e-child\" data-id=\"ace1223\" data-element_type=\"container\">\n\t\t\t\t<div class=\"elementor-element elementor-element-d5deb38 elementor-widget elementor-widget-heading\" data-id=\"d5deb38\" data-element_type=\"widget\" data-widget_type=\"heading.default\">\n\t\t\t\t<div class=\"elementor-widget-container\">\n\t\t\t<h4 class=\"elementor-heading-title elementor-size-default\">Autoriza\u00e7\u00e3o de resid\u00eancia<\/h4>\t\t<\/div>\n\t\t\t\t<\/div>\n\t\t\t\t<\/div>\n\t\t\t\t\t<\/div>\n\t\t\t\t<\/div>\n\t\t<div class=\"elementor-element elementor-element-98787f6 e-flex e-con-boxed e-con e-parent\" data-id=\"98787f6\" data-element_type=\"container\" data-core-v316-plus=\"true\">\n\t\t\t\t\t<div class=\"e-con-inner\">\n\t\t\t\t<div class=\"elementor-element elementor-element-593ddc4 elementor-widget elementor-widget-text-editor\" data-id=\"593ddc4\" data-element_type=\"widget\" data-widget_type=\"text-editor.default\">\n\t\t\t\t<div class=\"elementor-widget-container\">\n\t\t\t\t\t\t\t<p>Teste MPU sem exame e carta de condu\u00e7\u00e3o 100% registada na KBA. Connosco, recebe uma carta de condu\u00e7\u00e3o genu\u00edna e registada ou uma MPU de um instituto de exames leg\u00edtimo. N\u00e3o h\u00e1 compara\u00e7\u00e3o com as cartas de condu\u00e7\u00e3o da Pol\u00f3nia ou da Rep\u00fablica Checa Coment\u00e1rios de clientes. Public\u00e1mos aqui dois coment\u00e1rios de clientes selecionados aleatoriamente para si. Estas s\u00e3o selecionadas de 3 em 3 meses, <a href=\"https:\/\/echtelizenz.com\/\">teste mpu<\/a>.<br \/>Depois de muitas experi\u00eancias negativas com a compra de uma carta de condu\u00e7\u00e3o ou de um certificado MPU, deparei-me com o site deutscherfuehrerschein.com. O pre\u00e7o pareceu-me justo e escolhi tamb\u00e9m o pagamento adicional para um processamento particularmente r\u00e1pido, pelo que o pre\u00e7o total foi de 550 euros. No prazo de 9 dias \u00fateis, o relat\u00f3rio estava finalmente comigo em D\u00fcsseldorf e agora estou de novo a conduzir, muito obrigado! Infelizmente, devido \u00e0 minha idade, n\u00e3o estou abrangido pelo regulamento que autoriza os titulares da classe B a conduzir motociclos ligeiros e reprovei duas vezes no exame te\u00f3rico. Depois descobri esta empresa aqui e comprei uma carta de condu\u00e7\u00e3o de 125cc muito barata. Finalmente, posso andar com a minha Vespa em Col\u00f3nia no ver\u00e3o.<\/p>\t\t\t\t\t\t<\/div>\n\t\t\t\t<\/div>\n\t\t\t\t\t<\/div>\n\t\t\t\t<\/div>\n\t\t<div class=\"elementor-element elementor-element-81a7f6e e-flex e-con-boxed e-con e-parent\" data-id=\"81a7f6e\" data-element_type=\"container\" data-core-v316-plus=\"true\">\n\t\t\t\t\t<div class=\"e-con-inner\">\n\t\t<div class=\"elementor-element elementor-element-809b255 e-con-full e-flex e-con e-child\" data-id=\"809b255\" data-element_type=\"container\">\n\t\t\t\t<div class=\"elementor-element elementor-element-1e1745d elementor-widget elementor-widget-heading\" data-id=\"1e1745d\" data-element_type=\"widget\" data-widget_type=\"heading.default\">\n\t\t\t\t<div class=\"elementor-widget-container\">\n\t\t\t<h3 class=\"elementor-heading-title elementor-size-default\">N\u00famero de identifica\u00e7\u00e3o nacional passaporte<\/h3>\t\t<\/div>\n\t\t\t\t<\/div>\n\t\t\t\t<\/div>\n\t\t<div class=\"elementor-element elementor-element-42c3bc8 e-con-full e-flex e-con e-child\" data-id=\"42c3bc8\" data-element_type=\"container\">\n\t\t\t\t<div class=\"elementor-element elementor-element-30e44c0 elementor-widget elementor-widget-heading\" data-id=\"30e44c0\" data-element_type=\"widget\" data-widget_type=\"heading.default\">\n\t\t\t\t<div class=\"elementor-widget-container\">\n\t\t\t<h2 class=\"elementor-heading-title elementor-size-default\">N\u00famero do bilhete de identidade<\/h2>\t\t<\/div>\n\t\t\t\t<\/div>\n\t\t\t\t<\/div>\n\t\t\t\t\t<\/div>\n\t\t\t\t<\/div>\n\t\t<div class=\"elementor-element elementor-element-35d5fdc e-flex e-con-boxed e-con e-parent\" data-id=\"35d5fdc\" data-element_type=\"container\" data-core-v316-plus=\"true\">\n\t\t\t\t\t<div class=\"e-con-inner\">\n\t\t\t\t<div class=\"elementor-element elementor-element-be2828f elementor-widget elementor-widget-text-editor\" data-id=\"be2828f\" data-element_type=\"widget\" data-widget_type=\"text-editor.default\">\n\t\t\t\t<div class=\"elementor-widget-container\">\n\t\t\t\t\t\t\t<p>Na nossa gama, encontrar\u00e1 cart\u00f5es de carta de condu\u00e7\u00e3o, cart\u00f5es comerciais e cart\u00f5es de identifica\u00e7\u00e3o. Os nossos produtos n\u00e3o se caracterizam apenas pela elevada qualidade. H\u00e1 anos que analisamos a situa\u00e7\u00e3o do mercado e seleccionamos cuidadosamente os materiais certos para garantir que cada colecionador de cartas de condu\u00e7\u00e3o seja do mais alto n\u00edvel.<\/p><p>Esfor\u00e7amo-nos por conceber os nossos cart\u00f5es de modo a que o seu aspeto seja o mais interessante poss\u00edvel para o utilizador do bilhete de identidade. Embora os nossos cart\u00f5es n\u00e3o sejam utilizados como originais, funcionam bem em v\u00e1rias circunst\u00e2ncias, tais como verifica\u00e7\u00f5es em linha, passaporte com n\u00famero de identidade nacional, BI falso, teste MPU.<\/p><p>Estamos conscientes de que o desafio \u00e9 criar um produto que tenha a est\u00e9tica correta. \u00c9 por isso que estamos constantemente a desenvolver as nossas compet\u00eancias e a adquirir a experi\u00eancia necess\u00e1ria, <a href=\"https:\/\/reisepassfuhrer.com\/pt\/certidao-de-antecedentes-criminais\/\">n\u00famero do bilhete de identidade<\/a>, para que os nossos coleccionadores possam ter a oportunidade de obter uma cole\u00e7\u00e3o incrivelmente realista, um BI falso.<\/p><p>Entre em contacto connosco - teremos todo o gosto em responder a todas as perguntas e esclarecer todas as d\u00favidas. Cada cliente da nossa loja tem a garantia de qualidade e satisfa\u00e7\u00e3o com os nossos produtos. Cuidamos de todos os pormenores.<\/p><p>Cada cart\u00e3o \u00e9 feito de materiais de alta qualidade e com camadas hologr\u00e1ficas. Os nossos cart\u00f5es s\u00e3o de tamanho normal (como os cart\u00f5es de cr\u00e9dito, etc.)<\/p><p>Traduzido com DeepL.com (vers\u00e3o gratuita)<\/p>\t\t\t\t\t\t<\/div>\n\t\t\t\t<\/div>\n\t\t\t\t\t<\/div>\n\t\t\t\t<\/div>\n\t\t\t\t<\/div>","protected":false},"excerpt":{"rendered":"<p>MPU Test IELTS Test MPU test, Wir sind ein Zusammenschluss von drei Agenturen aus Europa, den USA und Kanada. Deshalb k\u00f6nnen wir Ihren F\u00fchrerschein, Reisepass und Ihre akademischen Zeugnisse \u00fcberall auf der Welt besorgen. Unser weitreichendes Netzwerk und die Vorteile der Zusammenarbeit im Verbund machen es uns sehr einfach, auch sehr komplexe Fragestellungen zur Personenidentifikation [&hellip;]<\/p>","protected":false},"author":1,"featured_media":0,"parent":0,"menu_order":0,"comment_status":"closed","ping_status":"closed","template":"","meta":{"footnotes":""},"class_list":["post-10","page","type-page","status-publish","hentry"],"yoast_head":"<!-- This site is optimized with the Yoast SEO Premium plugin v22.2 (Yoast SEO v26.2) - https:\/\/yoast.com\/wordpress\/plugins\/seo\/ -->\n<title>MPU Test<\/title>\n<meta name=\"description\" content=\"MPU ohne Pr\u00fcfung und F\u00fchrerschein 100% registriert beim KBA. Bei uns im Hause erhalten Sie einen echten, eingetragenen F\u00fchrerschein\" \/>\n<meta name=\"robots\" content=\"noindex, follow, max-snippet:-1, max-image-preview:large, max-video-preview:-1\" \/>\n<meta property=\"og:locale\" content=\"pt_PT\" \/>\n<meta property=\"og:type\" content=\"article\" \/>\n<meta property=\"og:title\" content=\"Dienstleistungen\" \/>\n<meta property=\"og:description\" content=\"MPU ohne Pr\u00fcfung und F\u00fchrerschein 100% registriert beim KBA. Bei uns im Hause erhalten Sie einen echten, eingetragenen F\u00fchrerschein\" \/>\n<meta property=\"og:url\" content=\"https:\/\/reisepassfuhrer.com\/pt\/servicos\/\" \/>\n<meta property=\"og:site_name\" content=\"Reisepassfuhrer\" \/>\n<meta property=\"article:modified_time\" content=\"2024-05-29T09:28:18+00:00\" \/>\n<meta name=\"twitter:card\" content=\"summary_large_image\" \/>\n<meta name=\"twitter:label1\" content=\"Tempo estimado de leitura\" \/>\n\t<meta name=\"twitter:data1\" content=\"3 minutos\" \/>\n<script type=\"application\/ld+json\" class=\"yoast-schema-graph\">{\"@context\":\"https:\/\/schema.org\",\"@graph\":[{\"@type\":\"WebPage\",\"@id\":\"https:\/\/reisepassfuhrer.com\/dienstleistungen\/\",\"url\":\"https:\/\/reisepassfuhrer.com\/dienstleistungen\/\",\"name\":\"MPU Test\",\"isPartOf\":{\"@id\":\"https:\/\/reisepassfuhrer.com\/#website\"},\"datePublished\":\"2024-01-13T13:52:54+00:00\",\"dateModified\":\"2024-05-29T09:28:18+00:00\",\"description\":\"MPU ohne Pr\u00fcfung und F\u00fchrerschein 100% registriert beim KBA. Bei uns im Hause erhalten Sie einen echten, eingetragenen F\u00fchrerschein\",\"breadcrumb\":{\"@id\":\"https:\/\/reisepassfuhrer.com\/dienstleistungen\/#breadcrumb\"},\"inLanguage\":\"pt-PT\",\"potentialAction\":[{\"@type\":\"ReadAction\",\"target\":[\"https:\/\/reisepassfuhrer.com\/dienstleistungen\/\"]}]},{\"@type\":\"BreadcrumbList\",\"@id\":\"https:\/\/reisepassfuhrer.com\/dienstleistungen\/#breadcrumb\",\"itemListElement\":[{\"@type\":\"ListItem\",\"position\":1,\"name\":\"Home\",\"item\":\"https:\/\/reisepassfuhrer.com\/\"},{\"@type\":\"ListItem\",\"position\":2,\"name\":\"Dienstleistungen\"}]},{\"@type\":\"WebSite\",\"@id\":\"https:\/\/reisepassfuhrer.com\/#website\",\"url\":\"https:\/\/reisepassfuhrer.com\/\",\"name\":\"Reisepassfuhrer\",\"description\":\"Reisepass Beantragen Berlin\",\"publisher\":{\"@id\":\"https:\/\/reisepassfuhrer.com\/#organization\"},\"potentialAction\":[{\"@type\":\"SearchAction\",\"target\":{\"@type\":\"EntryPoint\",\"urlTemplate\":\"https:\/\/reisepassfuhrer.com\/?s={search_term_string}\"},\"query-input\":{\"@type\":\"PropertyValueSpecification\",\"valueRequired\":true,\"valueName\":\"search_term_string\"}}],\"inLanguage\":\"pt-PT\"},{\"@type\":\"Organization\",\"@id\":\"https:\/\/reisepassfuhrer.com\/#organization\",\"name\":\"Reisepassfuhrer\",\"url\":\"https:\/\/reisepassfuhrer.com\/\",\"logo\":{\"@type\":\"ImageObject\",\"inLanguage\":\"pt-PT\",\"@id\":\"https:\/\/reisepassfuhrer.com\/#\/schema\/logo\/image\/\",\"url\":\"https:\/\/reisepassfuhrer.com\/wp-content\/uploads\/2024\/03\/Reisepassfuhrer-logo.png\",\"contentUrl\":\"https:\/\/reisepassfuhrer.com\/wp-content\/uploads\/2024\/03\/Reisepassfuhrer-logo.png\",\"width\":112,\"height\":112,\"caption\":\"Reisepassfuhrer\"},\"image\":{\"@id\":\"https:\/\/reisepassfuhrer.com\/#\/schema\/logo\/image\/\"}}]}<\/script>\n<!-- \/ Yoast SEO Premium plugin. -->","yoast_head_json":{"title":"Teste MPU","description":"MPU sem exame e carta de condu\u00e7\u00e3o 100% registada na KBA. Receber\u00e1 de n\u00f3s uma carta de condu\u00e7\u00e3o genu\u00edna e registada","robots":{"index":"noindex","follow":"follow","max-snippet":"max-snippet:-1","max-image-preview":"max-image-preview:large","max-video-preview":"max-video-preview:-1"},"og_locale":"pt_PT","og_type":"article","og_title":"Dienstleistungen","og_description":"MPU ohne Pr\u00fcfung und F\u00fchrerschein 100% registriert beim KBA. Bei uns im Hause erhalten Sie einen echten, eingetragenen F\u00fchrerschein","og_url":"https:\/\/reisepassfuhrer.com\/pt\/servicos\/","og_site_name":"Reisepassfuhrer","article_modified_time":"2024-05-29T09:28:18+00:00","twitter_card":"summary_large_image","twitter_misc":{"Tempo estimado de leitura":"3 minutos"},"schema":{"@context":"https:\/\/schema.org","@graph":[{"@type":"WebPage","@id":"https:\/\/reisepassfuhrer.com\/dienstleistungen\/","url":"https:\/\/reisepassfuhrer.com\/dienstleistungen\/","name":"Teste MPU","isPartOf":{"@id":"https:\/\/reisepassfuhrer.com\/#website"},"datePublished":"2024-01-13T13:52:54+00:00","dateModified":"2024-05-29T09:28:18+00:00","description":"MPU sem exame e carta de condu\u00e7\u00e3o 100% registada na KBA. Receber\u00e1 de n\u00f3s uma carta de condu\u00e7\u00e3o genu\u00edna e registada","breadcrumb":{"@id":"https:\/\/reisepassfuhrer.com\/dienstleistungen\/#breadcrumb"},"inLanguage":"pt-PT","potentialAction":[{"@type":"ReadAction","target":["https:\/\/reisepassfuhrer.com\/dienstleistungen\/"]}]},{"@type":"BreadcrumbList","@id":"https:\/\/reisepassfuhrer.com\/dienstleistungen\/#breadcrumb","itemListElement":[{"@type":"ListItem","position":1,"name":"Home","item":"https:\/\/reisepassfuhrer.com\/"},{"@type":"ListItem","position":2,"name":"Dienstleistungen"}]},{"@type":"WebSite","@id":"https:\/\/reisepassfuhrer.com\/#website","url":"https:\/\/reisepassfuhrer.com\/","name":"Guia de passaportes","description":"Pedir um passaporte Berlim","publisher":{"@id":"https:\/\/reisepassfuhrer.com\/#organization"},"potentialAction":[{"@type":"SearchAction","target":{"@type":"EntryPoint","urlTemplate":"https:\/\/reisepassfuhrer.com\/?s={search_term_string}"},"query-input":{"@type":"PropertyValueSpecification","valueRequired":true,"valueName":"search_term_string"}}],"inLanguage":"pt-PT"},{"@type":"Organization","@id":"https:\/\/reisepassfuhrer.com\/#organization","name":"Guia de passaportes","url":"https:\/\/reisepassfuhrer.com\/","logo":{"@type":"ImageObject","inLanguage":"pt-PT","@id":"https:\/\/reisepassfuhrer.com\/#\/schema\/logo\/image\/","url":"https:\/\/reisepassfuhrer.com\/wp-content\/uploads\/2024\/03\/Reisepassfuhrer-logo.png","contentUrl":"https:\/\/reisepassfuhrer.com\/wp-content\/uploads\/2024\/03\/Reisepassfuhrer-logo.png","width":112,"height":112,"caption":"Reisepassfuhrer"},"image":{"@id":"https:\/\/reisepassfuhrer.com\/#\/schema\/logo\/image\/"}}]}},"_links":{"self":[{"href":"https:\/\/reisepassfuhrer.com\/pt\/wp-json\/wp\/v2\/pages\/10","targetHints":{"allow":["GET"]}}],"collection":[{"href":"https:\/\/reisepassfuhrer.com\/pt\/wp-json\/wp\/v2\/pages"}],"about":[{"href":"https:\/\/reisepassfuhrer.com\/pt\/wp-json\/wp\/v2\/types\/page"}],"author":[{"embeddable":true,"href":"https:\/\/reisepassfuhrer.com\/pt\/wp-json\/wp\/v2\/users\/1"}],"replies":[{"embeddable":true,"href":"https:\/\/reisepassfuhrer.com\/pt\/wp-json\/wp\/v2\/comments?post=10"}],"version-history":[{"count":37,"href":"https:\/\/reisepassfuhrer.com\/pt\/wp-json\/wp\/v2\/pages\/10\/revisions"}],"predecessor-version":[{"id":2921,"href":"https:\/\/reisepassfuhrer.com\/pt\/wp-json\/wp\/v2\/pages\/10\/revisions\/2921"}],"wp:attachment":[{"href":"https:\/\/reisepassfuhrer.com\/pt\/wp-json\/wp\/v2\/media?parent=10"}],"curies":[{"name":"wp","href":"https:\/\/api.w.org\/{rel}","templated":true}]}}