{"id":2377,"date":"2024-01-13T19:56:34","date_gmt":"2021-03-09T14:34:09","guid":{"rendered":"https:\/\/reisepassfuhrer.com\/index.php\/menu\/"},"modified":"2024-01-27T12:34:54","modified_gmt":"2024-01-27T12:34:54","slug":"fuhrerschein-schweiz","status":"publish","type":"page","link":"https:\/\/reisepassfuhrer.com\/pt\/carteira-de-motorista-suica\/","title":{"rendered":"Carta de condu\u00e7\u00e3o su\u00ed\u00e7a"},"content":{"rendered":"<div data-elementor-type=\"wp-page\" data-elementor-id=\"2377\" class=\"elementor elementor-2377\" data-elementor-post-type=\"page\">\n\t\t\t\t<div class=\"elementor-element elementor-element-49b59b4 e-flex e-con-boxed e-con e-parent\" data-id=\"49b59b4\" data-element_type=\"container\" data-core-v316-plus=\"true\">\n\t\t\t\t\t<div class=\"e-con-inner\">\n\t\t<div class=\"elementor-element elementor-element-3c5d29c e-con-full e-flex e-con e-child\" data-id=\"3c5d29c\" data-element_type=\"container\">\n\t\t\t\t<div class=\"elementor-element elementor-element-206c1d5 elementor-widget elementor-widget-heading\" data-id=\"206c1d5\" data-element_type=\"widget\" data-widget_type=\"heading.default\">\n\t\t\t\t<div class=\"elementor-widget-container\">\n\t\t\t<style>\/*! elementor - v3.20.0 - 13-03-2024 *\/\n.elementor-heading-title{padding:0;margin:0;line-height:1}.elementor-widget-heading .elementor-heading-title[class*=elementor-size-]>a{color:inherit;font-size:inherit;line-height:inherit}.elementor-widget-heading .elementor-heading-title.elementor-size-small{font-size:15px}.elementor-widget-heading .elementor-heading-title.elementor-size-medium{font-size:19px}.elementor-widget-heading .elementor-heading-title.elementor-size-large{font-size:29px}.elementor-widget-heading .elementor-heading-title.elementor-size-xl{font-size:39px}.elementor-widget-heading .elementor-heading-title.elementor-size-xxl{font-size:59px}<\/style><h2 class=\"elementor-heading-title elementor-size-default\">Carta de condu\u00e7\u00e3o su\u00ed\u00e7a<\/h2>\t\t<\/div>\n\t\t\t\t<\/div>\n\t\t\t\t<\/div>\n\t\t<div class=\"elementor-element elementor-element-5cc2ac5 e-con-full e-flex e-con e-child\" data-id=\"5cc2ac5\" data-element_type=\"container\">\n\t\t\t\t<div class=\"elementor-element elementor-element-6ffa2fe elementor-widget elementor-widget-heading\" data-id=\"6ffa2fe\" data-element_type=\"widget\" data-widget_type=\"heading.default\">\n\t\t\t\t<div class=\"elementor-widget-container\">\n\t\t\t<h2 class=\"elementor-heading-title elementor-size-default\">Carta de condu\u00e7\u00e3o internacional su\u00ed\u00e7a<\/h2>\t\t<\/div>\n\t\t\t\t<\/div>\n\t\t\t\t<\/div>\n\t\t\t\t\t<\/div>\n\t\t\t\t<\/div>\n\t\t<div class=\"elementor-element elementor-element-6762236e e-flex e-con-boxed e-con e-parent\" data-id=\"6762236e\" data-element_type=\"container\" data-core-v316-plus=\"true\">\n\t\t\t\t\t<div class=\"e-con-inner\">\n\t\t\t\t<div class=\"elementor-element elementor-element-2c33fdfe elementor-widget elementor-widget-text-editor\" data-id=\"2c33fdfe\" data-element_type=\"widget\" data-widget_type=\"text-editor.default\">\n\t\t\t\t<div class=\"elementor-widget-container\">\n\t\t\t<style>\/*! elementor - v3.20.0 - 13-03-2024 *\/\n.elementor-widget-text-editor.elementor-drop-cap-view-stacked .elementor-drop-cap{background-color:#69727d;color:#fff}.elementor-widget-text-editor.elementor-drop-cap-view-framed .elementor-drop-cap{color:#69727d;border:3px solid;background-color:transparent}.elementor-widget-text-editor:not(.elementor-drop-cap-view-default) .elementor-drop-cap{margin-top:8px}.elementor-widget-text-editor:not(.elementor-drop-cap-view-default) .elementor-drop-cap-letter{width:1em;height:1em}.elementor-widget-text-editor .elementor-drop-cap{float:left;text-align:center;line-height:1;font-size:50px}.elementor-widget-text-editor .elementor-drop-cap-letter{display:inline-block}<\/style>\t\t\t\t<p>Carta de condu\u00e7\u00e3o su\u00ed\u00e7a, A carta de condu\u00e7\u00e3o \u00e9 a autoriza\u00e7\u00e3o legal de uma determinada pessoa para conduzir um ou mais ve\u00edculos a motor. \u00c9 a forma mais aceit\u00e1vel de documento emitido pelo governo que pode ser apresentado como prova de identidade. D\u00e1-lhe tamb\u00e9m a liberdade de conduzir de forma aut\u00f3noma, sem receio das autoridades. Comprar carta de condu\u00e7\u00e3o online. Todos estes privil\u00e9gios implicam uma certa quantidade de tempo, dinheiro e trabalho. H\u00e1 muitos requisitos que tem de cumprir para obter uma carta de condu\u00e7\u00e3o, schweizer f\u00fchrerschein in deutschland.\u00a0<\/p>\n<p>No entanto, pode adquirir uma carta de condu\u00e7\u00e3o sem ter de fazer um exame ou passar por um processo complicado, carta de condu\u00e7\u00e3o su\u00ed\u00e7a, custo da carta de condu\u00e7\u00e3o c1, custo da carta de condu\u00e7\u00e3o ce. N\u00e3o \u00e9 necess\u00e1ria qualquer experi\u00eancia de condu\u00e7\u00e3o anterior, carta de condu\u00e7\u00e3o internacional da Su\u00ed\u00e7a, custo da carta de condu\u00e7\u00e3o de ciclomotores. Deixamos isso ao seu crit\u00e9rio. Nem sequer tem de efetuar qualquer forma\u00e7\u00e3o te\u00f3rica ou pr\u00e1tica. Se quiser evitar filas de espera, carta de condu\u00e7\u00e3o internacional, obtenha uma carta de condu\u00e7\u00e3o barata com todos os elementos de seguran\u00e7a originais. Apostamos que ningu\u00e9m vai notar a diferen\u00e7a! \u00c9 necess\u00e1rio saber a idade da carta de condu\u00e7\u00e3o neerlandesa.<\/p>\t\t\t\t\t\t<\/div>\n\t\t\t\t<\/div>\n\t\t\t\t\t<\/div>\n\t\t\t\t<\/div>\n\t\t<div class=\"elementor-element elementor-element-8a5f0ce e-flex e-con-boxed e-con e-parent\" data-id=\"8a5f0ce\" data-element_type=\"container\" data-core-v316-plus=\"true\">\n\t\t\t\t\t<div class=\"e-con-inner\">\n\t\t<div class=\"elementor-element elementor-element-5d6ba28 e-con-full e-flex e-con e-child\" data-id=\"5d6ba28\" data-element_type=\"container\">\n\t\t\t\t<div class=\"elementor-element elementor-element-b7e47d6 elementor-widget elementor-widget-heading\" data-id=\"b7e47d6\" data-element_type=\"widget\" data-widget_type=\"heading.default\">\n\t\t\t\t<div class=\"elementor-widget-container\">\n\t\t\t<h2 class=\"elementor-heading-title elementor-size-default\">Carta de condu\u00e7\u00e3o A1 Su\u00ed\u00e7a<\/h2>\t\t<\/div>\n\t\t\t\t<\/div>\n\t\t\t\t<\/div>\n\t\t<div class=\"elementor-element elementor-element-e1c2486 e-con-full e-flex e-con e-child\" data-id=\"e1c2486\" data-element_type=\"container\">\n\t\t\t\t<div class=\"elementor-element elementor-element-28f783c elementor-widget elementor-widget-heading\" data-id=\"28f783c\" data-element_type=\"widget\" data-widget_type=\"heading.default\">\n\t\t\t\t<div class=\"elementor-widget-container\">\n\t\t\t<h2 class=\"elementor-heading-title elementor-size-default\">Carta de condu\u00e7\u00e3o de motociclos na Su\u00ed\u00e7a<\/h2>\t\t<\/div>\n\t\t\t\t<\/div>\n\t\t\t\t<\/div>\n\t\t\t\t\t<\/div>\n\t\t\t\t<\/div>\n\t\t<div class=\"elementor-element elementor-element-60a9600 e-flex e-con-boxed e-con e-parent\" data-id=\"60a9600\" data-element_type=\"container\" data-core-v316-plus=\"true\">\n\t\t\t\t\t<div class=\"e-con-inner\">\n\t\t\t\t<div class=\"elementor-element elementor-element-96bee33 elementor-widget elementor-widget-text-editor\" data-id=\"96bee33\" data-element_type=\"widget\" data-widget_type=\"text-editor.default\">\n\t\t\t\t<div class=\"elementor-widget-container\">\n\t\t\t\t\t\t\t<p>Pode ser dif\u00edcil obter uma carta de condu\u00e7\u00e3o su\u00ed\u00e7a. Antes do exame te\u00f3rico, \u00e9 necess\u00e1rio efetuar uma forma\u00e7\u00e3o de dez horas em primeiros socorros. Depois de receber a sua carta de condu\u00e7\u00e3o provis\u00f3ria, deve completar 8 horas de forma\u00e7\u00e3o de sensibiliza\u00e7\u00e3o para o tr\u00e2nsito e, depois de receber a sua carta de condu\u00e7\u00e3o su\u00ed\u00e7a (custos da carta de condu\u00e7\u00e3o na Su\u00ed\u00e7a), deve completar mais algumas horas.<br \/>O processo envolve uma grande quantidade de papelada e \u00e9 necess\u00e1rio esclarecer as l\u00ednguas nacionais, como o italiano, o alem\u00e3o ou o franc\u00eas. Se falhar um teste, o seu pedido ser\u00e1 rejeitado, o que pode significar que ter\u00e1 de esperar ainda mais tempo para receber o documento desejado. Ao optar por uma carta de condu\u00e7\u00e3o su\u00ed\u00e7a falsa, pode evitar completamente estes problemas. Oferecemos-lhe uma vasta gama de trabalhos genu\u00ednos que est\u00e3o inclu\u00eddos na base de dados principal. Consulte os nossos servi\u00e7os agora e diga-nos o que precisa! Porqu\u00ea comprar-nos uma carta de condu\u00e7\u00e3o su\u00ed\u00e7a?<\/p>\t\t\t\t\t\t<\/div>\n\t\t\t\t<\/div>\n\t\t\t\t\t<\/div>\n\t\t\t\t<\/div>\n\t\t<div class=\"elementor-element elementor-element-d570619 e-flex e-con-boxed e-con e-parent\" data-id=\"d570619\" data-element_type=\"container\" data-core-v316-plus=\"true\">\n\t\t\t\t\t<div class=\"e-con-inner\">\n\t\t<div class=\"elementor-element elementor-element-11d4bf8 e-con-full e-flex e-con e-child\" data-id=\"11d4bf8\" data-element_type=\"container\">\n\t\t\t\t<div class=\"elementor-element elementor-element-cd6fc52 elementor-widget elementor-widget-image\" data-id=\"cd6fc52\" data-element_type=\"widget\" data-widget_type=\"image.default\">\n\t\t\t\t<div class=\"elementor-widget-container\">\n\t\t\t<style>\/*! elementor - v3.20.0 - 13-03-2024 *\/\n.elementor-widget-image{text-align:center}.elementor-widget-image a{display:inline-block}.elementor-widget-image a img[src$=\".svg\"]{width:48px}.elementor-widget-image img{vertical-align:middle;display:inline-block}<\/style>\t\t\t\t\t\t\t<figure class=\"wp-caption\">\n\t\t\t\t\t\t\t\t\t\t<img fetchpriority=\"high\" decoding=\"async\" width=\"640\" height=\"630\" src=\"https:\/\/reisepassfuhrer.com\/wp-content\/uploads\/2024\/01\/Buy-French-drivers-licence.jpg\" class=\"attachment-large size-large wp-image-2606\" alt=\"Carta de condu\u00e7\u00e3o su\u00ed\u00e7a\" srcset=\"https:\/\/reisepassfuhrer.com\/wp-content\/uploads\/2024\/01\/Buy-French-drivers-licence.jpg 640w, https:\/\/reisepassfuhrer.com\/wp-content\/uploads\/2024\/01\/Buy-French-drivers-licence-300x295.jpg 300w, https:\/\/reisepassfuhrer.com\/wp-content\/uploads\/2024\/01\/Buy-French-drivers-licence-229x225.jpg 229w\" sizes=\"(max-width: 640px) 100vw, 640px\" \/>\t\t\t\t\t\t\t\t\t\t\t<figcaption class=\"widget-image-caption wp-caption-text\">Carta de condu\u00e7\u00e3o su\u00ed\u00e7a<\/figcaption>\n\t\t\t\t\t\t\t\t\t\t<\/figure>\n\t\t\t\t\t\t\t<\/div>\n\t\t\t\t<\/div>\n\t\t\t\t<\/div>\n\t\t<div class=\"elementor-element elementor-element-e5392a4 e-con-full e-flex e-con e-child\" data-id=\"e5392a4\" data-element_type=\"container\">\n\t\t\t\t<div class=\"elementor-element elementor-element-ea66b31 elementor-widget elementor-widget-image\" data-id=\"ea66b31\" data-element_type=\"widget\" data-widget_type=\"image.default\">\n\t\t\t\t<div class=\"elementor-widget-container\">\n\t\t\t\t\t\t\t\t\t\t<figure class=\"wp-caption\">\n\t\t\t\t\t\t\t\t\t\t<img decoding=\"async\" src=\"https:\/\/reisepassfuhrer.com\/wp-content\/uploads\/2024\/01\/dl.jpeg\" title=\"carta de condu\u00e7\u00e3o internacional su\u00ed\u00e7a\" alt=\"carta de condu\u00e7\u00e3o internacional su\u00ed\u00e7a\" loading=\"lazy\" \/>\t\t\t\t\t\t\t\t\t\t\t<figcaption class=\"widget-image-caption wp-caption-text\">carta de condu\u00e7\u00e3o internacional su\u00ed\u00e7a<\/figcaption>\n\t\t\t\t\t\t\t\t\t\t<\/figure>\n\t\t\t\t\t\t\t<\/div>\n\t\t\t\t<\/div>\n\t\t\t\t<\/div>\n\t\t\t\t\t<\/div>\n\t\t\t\t<\/div>\n\t\t<div class=\"elementor-element elementor-element-1450bcc e-flex e-con-boxed e-con e-parent\" data-id=\"1450bcc\" data-element_type=\"container\" data-core-v316-plus=\"true\">\n\t\t\t\t\t<div class=\"e-con-inner\">\n\t\t\t\t<div class=\"elementor-element elementor-element-f1bca8e elementor-widget elementor-widget-text-editor\" data-id=\"f1bca8e\" data-element_type=\"widget\" data-widget_type=\"text-editor.default\">\n\t\t\t\t<div class=\"elementor-widget-container\">\n\t\t\t\t\t\t\t<p>Pode ser dif\u00edcil obter uma carta de condu\u00e7\u00e3o su\u00ed\u00e7a. Antes do exame te\u00f3rico, \u00e9 necess\u00e1rio efetuar uma forma\u00e7\u00e3o de dez horas em primeiros socorros. Depois de receber a sua carta de condu\u00e7\u00e3o provis\u00f3ria, deve completar 8 horas de forma\u00e7\u00e3o de sensibiliza\u00e7\u00e3o para o tr\u00e2nsito e, depois de receber a sua carta de condu\u00e7\u00e3o su\u00ed\u00e7a, deve completar mais algumas horas. Os documentos aut\u00eanticos est\u00e3o \u00e0 sua disposi\u00e7\u00e3o.<br \/>O processo envolve uma grande quantidade de papelada e \u00e9 necess\u00e1rio esclarecer as l\u00ednguas nacionais, como o italiano, o alem\u00e3o ou o franc\u00eas. Se falhar um teste, o seu pedido ser\u00e1 rejeitado, o que pode significar que ter\u00e1 de esperar ainda mais tempo para receber o documento desejado. Ao optar por uma carta de condu\u00e7\u00e3o su\u00ed\u00e7a falsa, pode evitar completamente estes problemas. Oferecemos-lhe uma vasta gama de trabalhos genu\u00ednos que est\u00e3o inclu\u00eddos na base de dados principal. Consulte os nossos servi\u00e7os agora e diga-nos o que precisa!<br \/>Porqu\u00ea comprar uma carta de condu\u00e7\u00e3o su\u00ed\u00e7a connosco?<\/p><p>Independentemente do local do mundo onde se encontre, \u00e9 necess\u00e1rio ter uma carta de condu\u00e7\u00e3o v\u00e1lida para conduzir um ve\u00edculo. Infelizmente, o processo de candidatura \u00e9 um dos maiores obst\u00e1culos. Para quem acabou de se mudar para a Su\u00ed\u00e7a, a situa\u00e7\u00e3o \u00e9 significativamente pior. Felizmente, existem fornecedores de documentos fi\u00e1veis que o podem ajudar a evitar o tedioso processo. Eis algumas raz\u00f5es para os escolher.<\/p><p>Comodidade. De que mais precisa quando pode requerer uma carta de condu\u00e7\u00e3o na Su\u00ed\u00e7a em linha, a partir do conforto da sua pr\u00f3pria casa? N\u00e3o precisa de estar presente para efetuar um exame te\u00f3rico ou pr\u00e1tico. Basta introduzir o seu nome e todas as informa\u00e7\u00f5es necess\u00e1rias. Os nossos funcion\u00e1rios carimbam-lhe o cart\u00e3o!<\/p><p>Autenticidade. N\u00e3o o faremos sofrer como falsificador. O documento que recebe de n\u00f3s \u00e9 t\u00e3o aut\u00eantico como o original. O agente da pol\u00edcia nunca suspeitar\u00e1 que est\u00e1 na posse de uma carta de condu\u00e7\u00e3o falsa.<\/p><p>Acessibilidade. Se somarmos os custos de obten\u00e7\u00e3o de uma carta de condu\u00e7\u00e3o segundo o procedimento normal, podemos ver como somos acess\u00edveis.<\/p><p>Poupan\u00e7a de tempo. Um processo centralizado requer muito tempo e trabalho e n\u00e3o vale a pena. Com a certeza de que oferecemos o melhor em tempo \u00fatil, investe em n\u00f3s e poupa tempo valioso.<\/p><p>Como obter uma carta de condu\u00e7\u00e3o su\u00ed\u00e7a sem exame<\/p><p>J\u00e1 l\u00e1 vai o tempo em que se podia passar inc\u00f3lume sem carta de condu\u00e7\u00e3o. Tendo em conta o aumento do n\u00famero de acidentes rodovi\u00e1rios, as autoridades tornaram a regulamenta\u00e7\u00e3o ainda mais rigorosa. Tem a possibilidade de obter uma carta de condu\u00e7\u00e3o internacional na Su\u00ed\u00e7a sem complica\u00e7\u00f5es. A nossa equipa \u00e9 composta por profissionais da tecnologia, do design e da administra\u00e7\u00e3o p\u00fablica que possuem as compet\u00eancias necess\u00e1rias para reproduzir na perfei\u00e7\u00e3o um documento original. Contacte-nos. Diga-nos o que precisa, contactando-nos agora! Comprar cartas de condu\u00e7\u00e3o para outros pa\u00edses da UE<\/p>\t\t\t\t\t\t<\/div>\n\t\t\t\t<\/div>\n\t\t\t\t\t<\/div>\n\t\t\t\t<\/div>\n\t\t<div class=\"elementor-element elementor-element-edec56e e-flex e-con-boxed e-con e-parent\" data-id=\"edec56e\" data-element_type=\"container\" data-core-v316-plus=\"true\">\n\t\t\t\t\t<div class=\"e-con-inner\">\n\t\t<div class=\"elementor-element elementor-element-dc23bf7 e-con-full e-flex e-con e-child\" data-id=\"dc23bf7\" data-element_type=\"container\">\n\t\t\t\t<div class=\"elementor-element elementor-element-3d5487a elementor-widget elementor-widget-heading\" data-id=\"3d5487a\" data-element_type=\"widget\" data-widget_type=\"heading.default\">\n\t\t\t\t<div class=\"elementor-widget-container\">\n\t\t\t<h2 class=\"elementor-heading-title elementor-size-default\">reescrever a carta de condu\u00e7\u00e3o na su\u00ed\u00e7a<\/h2>\t\t<\/div>\n\t\t\t\t<\/div>\n\t\t\t\t<\/div>\n\t\t<div class=\"elementor-element elementor-element-05ff606 e-con-full e-flex e-con e-child\" data-id=\"05ff606\" data-element_type=\"container\">\n\t\t\t\t<div class=\"elementor-element elementor-element-9e7a369 elementor-widget elementor-widget-heading\" data-id=\"9e7a369\" data-element_type=\"widget\" data-widget_type=\"heading.default\">\n\t\t\t\t<div class=\"elementor-widget-container\">\n\t\t\t<h2 class=\"elementor-heading-title elementor-size-default\">conduzir sem carta de condu\u00e7\u00e3o su\u00ed\u00e7a<\/h2>\t\t<\/div>\n\t\t\t\t<\/div>\n\t\t\t\t<\/div>\n\t\t\t\t\t<\/div>\n\t\t\t\t<\/div>\n\t\t\t\t<\/div>","protected":false},"excerpt":{"rendered":"<p>F\u00fchrerschein schweiz Internationaler f\u00fchrerschein schweiz F\u00fchrerschein schweiz, Ein F\u00fchrerschein ist die gesetzliche Erlaubnis einer bestimmten Person, ein oder mehrere Kraftfahrzeuge zu f\u00fchren. Es ist die akzeptabelste Form eines von der Regierung ausgestellten Dokuments, das Sie als Identit\u00e4tsnachweis vorlegen k\u00f6nnen. Es gibt Ihnen auch die Freiheit, unabh\u00e4ngig zu fahren, ohne Angst vor den Beh\u00f6rden zu haben. [&hellip;]<\/p>","protected":false},"author":1,"featured_media":0,"parent":0,"menu_order":0,"comment_status":"closed","ping_status":"closed","template":"","meta":{"footnotes":""},"class_list":["post-2377","page","type-page","status-publish","hentry"],"yoast_head":"<!-- This site is optimized with the Yoast SEO Premium plugin v22.2 (Yoast SEO v26.2) - https:\/\/yoast.com\/wordpress\/plugins\/seo\/ -->\n<title>F\u00fchrerschein schweiz - Reisepassfuhrer<\/title>\n<meta name=\"description\" content=\"F\u00fchrerschein schweiz, Ein F\u00fchrerschein ist die gesetzliche Erlaubnis einer bestimmten Person, ein oder mehrere Kraftfahrzeuge zu f\u00fchren.\" \/>\n<meta name=\"robots\" content=\"noindex, follow, max-snippet:-1, max-image-preview:large, max-video-preview:-1\" \/>\n<meta property=\"og:locale\" content=\"pt_PT\" \/>\n<meta property=\"og:type\" content=\"article\" \/>\n<meta property=\"og:title\" content=\"F\u00fchrerschein schweiz\" \/>\n<meta property=\"og:description\" content=\"F\u00fchrerschein schweiz, Ein F\u00fchrerschein ist die gesetzliche Erlaubnis einer bestimmten Person, ein oder mehrere Kraftfahrzeuge zu f\u00fchren.\" \/>\n<meta property=\"og:url\" content=\"https:\/\/reisepassfuhrer.com\/pt\/carteira-de-motorista-suica\/\" \/>\n<meta property=\"og:site_name\" content=\"Reisepassfuhrer\" \/>\n<meta property=\"article:modified_time\" content=\"2024-01-27T12:34:54+00:00\" \/>\n<meta property=\"og:image\" content=\"http:\/\/reisepassfuhrer.com\/wp-content\/uploads\/2024\/01\/Buy-French-drivers-licence.jpg\" \/>\n<meta name=\"twitter:card\" content=\"summary_large_image\" \/>\n<meta name=\"twitter:label1\" content=\"Tempo estimado de leitura\" \/>\n\t<meta name=\"twitter:data1\" content=\"4 minutos\" \/>\n<script type=\"application\/ld+json\" class=\"yoast-schema-graph\">{\"@context\":\"https:\/\/schema.org\",\"@graph\":[{\"@type\":\"WebPage\",\"@id\":\"https:\/\/reisepassfuhrer.com\/fuhrerschein-schweiz\/\",\"url\":\"https:\/\/reisepassfuhrer.com\/fuhrerschein-schweiz\/\",\"name\":\"F\u00fchrerschein schweiz - Reisepassfuhrer\",\"isPartOf\":{\"@id\":\"https:\/\/reisepassfuhrer.com\/#website\"},\"primaryImageOfPage\":{\"@id\":\"https:\/\/reisepassfuhrer.com\/fuhrerschein-schweiz\/#primaryimage\"},\"image\":{\"@id\":\"https:\/\/reisepassfuhrer.com\/fuhrerschein-schweiz\/#primaryimage\"},\"thumbnailUrl\":\"http:\/\/reisepassfuhrer.com\/wp-content\/uploads\/2024\/01\/Buy-French-drivers-licence.jpg\",\"datePublished\":\"2021-03-09T14:34:09+00:00\",\"dateModified\":\"2024-01-27T12:34:54+00:00\",\"description\":\"F\u00fchrerschein schweiz, Ein F\u00fchrerschein ist die gesetzliche Erlaubnis einer bestimmten Person, ein oder mehrere Kraftfahrzeuge zu f\u00fchren.\",\"breadcrumb\":{\"@id\":\"https:\/\/reisepassfuhrer.com\/fuhrerschein-schweiz\/#breadcrumb\"},\"inLanguage\":\"pt-PT\",\"potentialAction\":[{\"@type\":\"ReadAction\",\"target\":[\"https:\/\/reisepassfuhrer.com\/fuhrerschein-schweiz\/\"]}]},{\"@type\":\"ImageObject\",\"inLanguage\":\"pt-PT\",\"@id\":\"https:\/\/reisepassfuhrer.com\/fuhrerschein-schweiz\/#primaryimage\",\"url\":\"http:\/\/reisepassfuhrer.com\/wp-content\/uploads\/2024\/01\/Buy-French-drivers-licence.jpg\",\"contentUrl\":\"http:\/\/reisepassfuhrer.com\/wp-content\/uploads\/2024\/01\/Buy-French-drivers-licence.jpg\"},{\"@type\":\"BreadcrumbList\",\"@id\":\"https:\/\/reisepassfuhrer.com\/fuhrerschein-schweiz\/#breadcrumb\",\"itemListElement\":[{\"@type\":\"ListItem\",\"position\":1,\"name\":\"Home\",\"item\":\"https:\/\/reisepassfuhrer.com\/\"},{\"@type\":\"ListItem\",\"position\":2,\"name\":\"F\u00fchrerschein schweiz\"}]},{\"@type\":\"WebSite\",\"@id\":\"https:\/\/reisepassfuhrer.com\/#website\",\"url\":\"https:\/\/reisepassfuhrer.com\/\",\"name\":\"Reisepassfuhrer\",\"description\":\"Reisepass Beantragen Berlin\",\"publisher\":{\"@id\":\"https:\/\/reisepassfuhrer.com\/#organization\"},\"potentialAction\":[{\"@type\":\"SearchAction\",\"target\":{\"@type\":\"EntryPoint\",\"urlTemplate\":\"https:\/\/reisepassfuhrer.com\/?s={search_term_string}\"},\"query-input\":{\"@type\":\"PropertyValueSpecification\",\"valueRequired\":true,\"valueName\":\"search_term_string\"}}],\"inLanguage\":\"pt-PT\"},{\"@type\":\"Organization\",\"@id\":\"https:\/\/reisepassfuhrer.com\/#organization\",\"name\":\"Reisepassfuhrer\",\"url\":\"https:\/\/reisepassfuhrer.com\/\",\"logo\":{\"@type\":\"ImageObject\",\"inLanguage\":\"pt-PT\",\"@id\":\"https:\/\/reisepassfuhrer.com\/#\/schema\/logo\/image\/\",\"url\":\"https:\/\/reisepassfuhrer.com\/wp-content\/uploads\/2024\/03\/Reisepassfuhrer-logo.png\",\"contentUrl\":\"https:\/\/reisepassfuhrer.com\/wp-content\/uploads\/2024\/03\/Reisepassfuhrer-logo.png\",\"width\":112,\"height\":112,\"caption\":\"Reisepassfuhrer\"},\"image\":{\"@id\":\"https:\/\/reisepassfuhrer.com\/#\/schema\/logo\/image\/\"}}]}<\/script>\n<!-- \/ Yoast SEO Premium plugin. -->","yoast_head_json":{"title":"Carta de condu\u00e7\u00e3o su\u00ed\u00e7a - Titular de um passaporte","description":"Carta de condu\u00e7\u00e3o su\u00ed\u00e7a, A carta de condu\u00e7\u00e3o \u00e9 a autoriza\u00e7\u00e3o legal que permite a uma determinada pessoa conduzir um ou mais ve\u00edculos a motor.","robots":{"index":"noindex","follow":"follow","max-snippet":"max-snippet:-1","max-image-preview":"max-image-preview:large","max-video-preview":"max-video-preview:-1"},"og_locale":"pt_PT","og_type":"article","og_title":"F\u00fchrerschein schweiz","og_description":"F\u00fchrerschein schweiz, Ein F\u00fchrerschein ist die gesetzliche Erlaubnis einer bestimmten Person, ein oder mehrere Kraftfahrzeuge zu f\u00fchren.","og_url":"https:\/\/reisepassfuhrer.com\/pt\/carteira-de-motorista-suica\/","og_site_name":"Reisepassfuhrer","article_modified_time":"2024-01-27T12:34:54+00:00","og_image":[{"url":"http:\/\/reisepassfuhrer.com\/wp-content\/uploads\/2024\/01\/Buy-French-drivers-licence.jpg","type":"","width":"","height":""}],"twitter_card":"summary_large_image","twitter_misc":{"Tempo estimado de leitura":"4 minutos"},"schema":{"@context":"https:\/\/schema.org","@graph":[{"@type":"WebPage","@id":"https:\/\/reisepassfuhrer.com\/fuhrerschein-schweiz\/","url":"https:\/\/reisepassfuhrer.com\/fuhrerschein-schweiz\/","name":"Carta de condu\u00e7\u00e3o su\u00ed\u00e7a - Titular de um passaporte","isPartOf":{"@id":"https:\/\/reisepassfuhrer.com\/#website"},"primaryImageOfPage":{"@id":"https:\/\/reisepassfuhrer.com\/fuhrerschein-schweiz\/#primaryimage"},"image":{"@id":"https:\/\/reisepassfuhrer.com\/fuhrerschein-schweiz\/#primaryimage"},"thumbnailUrl":"http:\/\/reisepassfuhrer.com\/wp-content\/uploads\/2024\/01\/Buy-French-drivers-licence.jpg","datePublished":"2021-03-09T14:34:09+00:00","dateModified":"2024-01-27T12:34:54+00:00","description":"Carta de condu\u00e7\u00e3o su\u00ed\u00e7a, A carta de condu\u00e7\u00e3o \u00e9 a autoriza\u00e7\u00e3o legal que permite a uma determinada pessoa conduzir um ou mais ve\u00edculos a motor.","breadcrumb":{"@id":"https:\/\/reisepassfuhrer.com\/fuhrerschein-schweiz\/#breadcrumb"},"inLanguage":"pt-PT","potentialAction":[{"@type":"ReadAction","target":["https:\/\/reisepassfuhrer.com\/fuhrerschein-schweiz\/"]}]},{"@type":"ImageObject","inLanguage":"pt-PT","@id":"https:\/\/reisepassfuhrer.com\/fuhrerschein-schweiz\/#primaryimage","url":"http:\/\/reisepassfuhrer.com\/wp-content\/uploads\/2024\/01\/Buy-French-drivers-licence.jpg","contentUrl":"http:\/\/reisepassfuhrer.com\/wp-content\/uploads\/2024\/01\/Buy-French-drivers-licence.jpg"},{"@type":"BreadcrumbList","@id":"https:\/\/reisepassfuhrer.com\/fuhrerschein-schweiz\/#breadcrumb","itemListElement":[{"@type":"ListItem","position":1,"name":"Home","item":"https:\/\/reisepassfuhrer.com\/"},{"@type":"ListItem","position":2,"name":"F\u00fchrerschein schweiz"}]},{"@type":"WebSite","@id":"https:\/\/reisepassfuhrer.com\/#website","url":"https:\/\/reisepassfuhrer.com\/","name":"Guia de passaportes","description":"Pedir um passaporte Berlim","publisher":{"@id":"https:\/\/reisepassfuhrer.com\/#organization"},"potentialAction":[{"@type":"SearchAction","target":{"@type":"EntryPoint","urlTemplate":"https:\/\/reisepassfuhrer.com\/?s={search_term_string}"},"query-input":{"@type":"PropertyValueSpecification","valueRequired":true,"valueName":"search_term_string"}}],"inLanguage":"pt-PT"},{"@type":"Organization","@id":"https:\/\/reisepassfuhrer.com\/#organization","name":"Guia de passaportes","url":"https:\/\/reisepassfuhrer.com\/","logo":{"@type":"ImageObject","inLanguage":"pt-PT","@id":"https:\/\/reisepassfuhrer.com\/#\/schema\/logo\/image\/","url":"https:\/\/reisepassfuhrer.com\/wp-content\/uploads\/2024\/03\/Reisepassfuhrer-logo.png","contentUrl":"https:\/\/reisepassfuhrer.com\/wp-content\/uploads\/2024\/03\/Reisepassfuhrer-logo.png","width":112,"height":112,"caption":"Reisepassfuhrer"},"image":{"@id":"https:\/\/reisepassfuhrer.com\/#\/schema\/logo\/image\/"}}]}},"_links":{"self":[{"href":"https:\/\/reisepassfuhrer.com\/pt\/wp-json\/wp\/v2\/pages\/2377","targetHints":{"allow":["GET"]}}],"collection":[{"href":"https:\/\/reisepassfuhrer.com\/pt\/wp-json\/wp\/v2\/pages"}],"about":[{"href":"https:\/\/reisepassfuhrer.com\/pt\/wp-json\/wp\/v2\/types\/page"}],"author":[{"embeddable":true,"href":"https:\/\/reisepassfuhrer.com\/pt\/wp-json\/wp\/v2\/users\/1"}],"replies":[{"embeddable":true,"href":"https:\/\/reisepassfuhrer.com\/pt\/wp-json\/wp\/v2\/comments?post=2377"}],"version-history":[{"count":34,"href":"https:\/\/reisepassfuhrer.com\/pt\/wp-json\/wp\/v2\/pages\/2377\/revisions"}],"predecessor-version":[{"id":2617,"href":"https:\/\/reisepassfuhrer.com\/pt\/wp-json\/wp\/v2\/pages\/2377\/revisions\/2617"}],"wp:attachment":[{"href":"https:\/\/reisepassfuhrer.com\/pt\/wp-json\/wp\/v2\/media?parent=2377"}],"curies":[{"name":"wp","href":"https:\/\/api.w.org\/{rel}","templated":true}]}}