{"id":2824,"date":"2024-03-18T17:56:14","date_gmt":"2024-03-18T17:56:14","guid":{"rendered":"https:\/\/reisepassfuhrer.com\/?page_id=2824"},"modified":"2024-05-29T17:45:01","modified_gmt":"2024-05-29T17:45:01","slug":"internationaler-fuhrerschein-schweiz","status":"publish","type":"page","link":"https:\/\/reisepassfuhrer.com\/pt\/carteira-de-motorista-internacional-suica\/","title":{"rendered":"Pedir uma carta de condu\u00e7\u00e3o internacional para a Su\u00ed\u00e7a - r\u00e1pido e f\u00e1cil"},"content":{"rendered":"<div data-elementor-type=\"wp-page\" data-elementor-id=\"2824\" class=\"elementor elementor-2824\" data-elementor-post-type=\"page\">\n\t\t\t\t<div class=\"elementor-element elementor-element-fd4af8e e-flex e-con-boxed e-con e-parent\" data-id=\"fd4af8e\" data-element_type=\"container\" data-core-v316-plus=\"true\">\n\t\t\t\t\t<div class=\"e-con-inner\">\n\t\t<div class=\"elementor-element elementor-element-754a4c2 e-con-full e-flex e-con e-child\" data-id=\"754a4c2\" data-element_type=\"container\">\n\t\t\t\t<div class=\"elementor-element elementor-element-2786251 elementor-widget elementor-widget-heading\" data-id=\"2786251\" data-element_type=\"widget\" data-widget_type=\"heading.default\">\n\t\t\t\t<div class=\"elementor-widget-container\">\n\t\t\t<style>\/*! elementor - v3.20.0 - 13-03-2024 *\/\n.elementor-heading-title{padding:0;margin:0;line-height:1}.elementor-widget-heading .elementor-heading-title[class*=elementor-size-]>a{color:inherit;font-size:inherit;line-height:inherit}.elementor-widget-heading .elementor-heading-title.elementor-size-small{font-size:15px}.elementor-widget-heading .elementor-heading-title.elementor-size-medium{font-size:19px}.elementor-widget-heading .elementor-heading-title.elementor-size-large{font-size:29px}.elementor-widget-heading .elementor-heading-title.elementor-size-xl{font-size:39px}.elementor-widget-heading .elementor-heading-title.elementor-size-xxl{font-size:59px}<\/style><h2 class=\"elementor-heading-title elementor-size-default\">custos da carta de condu\u00e7\u00e3o ce<\/h2>\t\t<\/div>\n\t\t\t\t<\/div>\n\t\t\t\t<\/div>\n\t\t<div class=\"elementor-element elementor-element-f56f4ef e-con-full e-flex e-con e-child\" data-id=\"f56f4ef\" data-element_type=\"container\">\n\t\t\t\t<div class=\"elementor-element elementor-element-1bd92be elementor-widget elementor-widget-heading\" data-id=\"1bd92be\" data-element_type=\"widget\" data-widget_type=\"heading.default\">\n\t\t\t\t<div class=\"elementor-widget-container\">\n\t\t\t<h2 class=\"elementor-heading-title elementor-size-default\">ser a Pol\u00f3nia<\/h2>\t\t<\/div>\n\t\t\t\t<\/div>\n\t\t\t\t<\/div>\n\t\t\t\t\t<\/div>\n\t\t\t\t<\/div>\n\t\t<div class=\"elementor-element elementor-element-576716a3 e-flex e-con-boxed e-con e-parent\" data-id=\"576716a3\" data-element_type=\"container\" data-core-v316-plus=\"true\">\n\t\t\t\t\t<div class=\"e-con-inner\">\n\t\t\t\t<div class=\"elementor-element elementor-element-2f82d64 elementor-widget elementor-widget-text-editor\" data-id=\"2f82d64\" data-element_type=\"widget\" data-widget_type=\"text-editor.default\">\n\t\t\t\t<div class=\"elementor-widget-container\">\n\t\t\t<style>\/*! elementor - v3.20.0 - 13-03-2024 *\/\n.elementor-widget-text-editor.elementor-drop-cap-view-stacked .elementor-drop-cap{background-color:#69727d;color:#fff}.elementor-widget-text-editor.elementor-drop-cap-view-framed .elementor-drop-cap{color:#69727d;border:3px solid;background-color:transparent}.elementor-widget-text-editor:not(.elementor-drop-cap-view-default) .elementor-drop-cap{margin-top:8px}.elementor-widget-text-editor:not(.elementor-drop-cap-view-default) .elementor-drop-cap-letter{width:1em;height:1em}.elementor-widget-text-editor .elementor-drop-cap{float:left;text-align:center;line-height:1;font-size:50px}.elementor-widget-text-editor .elementor-drop-cap-letter{display:inline-block}<\/style>\t\t\t\t<!-- wp:image {\"id\":2826,\"width\":\"830px\",\"height\":\"auto\",\"sizeSlug\":\"full\",\"linkDestination\":\"none\"} -->\n<figure class=\"wp-block-image size-full is-resized\"><img fetchpriority=\"high\" decoding=\"async\" width=\"845\" height=\"360\" class=\"wp-image-2826\" style=\"width: 830px; height: auto;\" src=\"https:\/\/reisepassfuhrer.com\/wp-content\/uploads\/2024\/03\/Internationaler-Fuhrerschein-Schweiz.png\" alt=\"Carta de condu\u00e7\u00e3o internacional Su\u00ed\u00e7a\" srcset=\"https:\/\/reisepassfuhrer.com\/wp-content\/uploads\/2024\/03\/Internationaler-Fuhrerschein-Schweiz.png 845w, https:\/\/reisepassfuhrer.com\/wp-content\/uploads\/2024\/03\/Internationaler-Fuhrerschein-Schweiz-300x128.png 300w, https:\/\/reisepassfuhrer.com\/wp-content\/uploads\/2024\/03\/Internationaler-Fuhrerschein-Schweiz-768x327.png 768w, https:\/\/reisepassfuhrer.com\/wp-content\/uploads\/2024\/03\/Internationaler-Fuhrerschein-Schweiz-450x192.png 450w\" sizes=\"(max-width: 845px) 100vw, 845px\" \/><\/figure>\n<!-- \/wp:image --><!-- wp:paragraph -->\n<p><strong>Viajar para a Su\u00ed\u00e7a e ter mobilidade? N\u00e3o h\u00e1 problema com uma carta de condu\u00e7\u00e3o internacional!<\/strong><\/p>\n<!-- \/wp:paragraph --><!-- wp:paragraph -->\n<p><strong>R\u00e1pido e f\u00e1cil:<\/strong> Solicite a sua carta de condu\u00e7\u00e3o internacional em linha em apenas alguns minutos.<\/p>\n<!-- \/wp:paragraph --><!-- wp:paragraph -->\n<p><strong>Sem tempos de espera:<\/strong> A sua carta de condu\u00e7\u00e3o ser\u00e1 enviada diretamente para o seu domic\u00edlio por correio.<\/p>\n<!-- \/wp:paragraph --><!-- wp:paragraph -->\n<p><strong>V\u00e1lido em mais de 150 pa\u00edses:<\/strong> Conduza de forma segura e legal com a sua carta de condu\u00e7\u00e3o internacional na Su\u00ed\u00e7a e em muitos outros pa\u00edses.<\/p>\n<!-- \/wp:paragraph --><!-- wp:paragraph -->\n<p><strong>Tudo inclu\u00eddo:<\/strong> Tratamos de todo o processo - desde a candidatura at\u00e9 \u00e0 entrega.<\/p>\n<!-- \/wp:paragraph --><!-- wp:paragraph -->\n<p><strong>As suas vantagens:<\/strong><\/p>\n<!-- \/wp:paragraph --><!-- wp:list -->\n<ul><!-- wp:list-item -->\n<li><strong>R\u00e1pido e f\u00e1cil:<\/strong>\u00a0Candidatura em linha em apenas alguns minutos<\/li>\n<!-- \/wp:list-item --><!-- wp:list-item -->\n<li><strong>Confort\u00e1vel:<\/strong>\u00a0Entrega por correio diretamente em sua casa<\/li>\n<!-- \/wp:list-item --><!-- wp:list-item -->\n<li><strong>V\u00e1lido em todo o mundo:<\/strong>\u00a0Conduzir legalmente em mais de 150 pa\u00edses<\/li>\n<!-- \/wp:list-item --><!-- wp:list-item -->\n<li><strong>Despreocupado:<\/strong>\u00a0N\u00f3s tratamos de tudo<\/li>\n<!-- \/wp:list-item --><\/ul>\n<!-- \/wp:list --><!-- wp:paragraph -->\n<p><strong>O que \u00e9 que tem de fazer?<\/strong><\/p>\n<!-- \/wp:paragraph --><!-- wp:list {\"ordered\":true} -->\n<ol><!-- wp:list-item -->\n<li>Preencher o formul\u00e1rio em linha.<\/li>\n<!-- \/wp:list-item --><!-- wp:list-item -->\n<li>Carregue uma fotografia recente para passaporte.<\/li>\n<!-- \/wp:list-item --><!-- wp:list-item -->\n<li>Pagar a taxa em linha de forma segura.<\/li>\n<!-- \/wp:list-item --><!-- wp:list-item -->\n<li>Receber a sua carta de condu\u00e7\u00e3o internacional por correio.<\/li>\n<!-- \/wp:list-item --><\/ol>\n<!-- \/wp:list --><!-- wp:paragraph -->\n<p><strong>Candidate-se agora e viaje para a Su\u00ed\u00e7a sem preocupa\u00e7\u00f5es!<\/strong><\/p>\n<!-- \/wp:paragraph --><!-- wp:paragraph -->\n<p><strong>Mais informa\u00e7\u00f5es:<\/strong><\/p>\n<!-- \/wp:paragraph --><!-- wp:list -->\n<ul><!-- wp:list-item -->\n<li><strong>Que pa\u00edses aceitam a carta de condu\u00e7\u00e3o internacional?<\/strong>\u00a0A lista de todos os pa\u00edses que aceitam a carta de condu\u00e7\u00e3o internacional pode ser consultada no s\u00edtio Web do Minist\u00e9rio Federal dos Transportes e das Infra-estruturas Digitais.<\/li>\n<!-- \/wp:list-item --><!-- wp:list-item -->\n<li><strong>Durante quanto tempo \u00e9 v\u00e1lida a carta de condu\u00e7\u00e3o internacional?<\/strong>\u00a0A carta de condu\u00e7\u00e3o internacional \u00e9 v\u00e1lida por tr\u00eas anos.<\/li>\n<!-- \/wp:list-item --><!-- wp:list-item -->\n<li><strong>Quanto custa a carta de condu\u00e7\u00e3o internacional?<\/strong>\u00a0A taxa da carta de condu\u00e7\u00e3o internacional na Alemanha \u00e9 de 16,30 euros.<\/li>\n<!-- \/wp:list-item --><\/ul>\n<!-- \/wp:list --><!-- wp:paragraph -->\n<p><strong>Notas importantes:<\/strong><\/p>\n<!-- \/wp:paragraph --><!-- wp:list -->\n<ul><!-- wp:list-item -->\n<li>A carta de condu\u00e7\u00e3o internacional n\u00e3o substitui a carta de condu\u00e7\u00e3o nacional. Deve trazer sempre consigo as duas cartas de condu\u00e7\u00e3o, f\u00fchrerschein im ausland machen.<\/li>\n<!-- \/wp:list-item --><!-- wp:list-item -->\n<li>A carta de condu\u00e7\u00e3o internacional s\u00f3 \u00e9 v\u00e1lida em conjunto com a carta de condu\u00e7\u00e3o nacional.<\/li>\n<!-- \/wp:list-item --><!-- wp:list-item -->\n<li>Em alguns pa\u00edses, uma carta de condu\u00e7\u00e3o internacional n\u00e3o \u00e9 suficiente. Informe-se sobre as regras aplic\u00e1veis \u00e0 carta de condu\u00e7\u00e3o no seu pa\u00eds de destino antes de viajar.<\/li>\n<!-- \/wp:list-item --><\/ul>\n<!-- \/wp:list --><!-- wp:paragraph -->\n<p><strong>Onde posso encontrar a vers\u00e3o internacional <a href=\"https:\/\/reisepassfuhrer.com\/pt\/certidao-de-antecedentes-criminais\/\">Carta de condu\u00e7\u00e3o<\/a> aplicar?<\/strong><\/p>\n<!-- \/wp:paragraph --><!-- wp:list -->\n<ul><!-- wp:list-item -->\n<li><strong>Servi\u00e7o de tr\u00e2nsito do seu cant\u00e3o de resid\u00eancia<\/strong><\/li>\n<!-- \/wp:list-item --><!-- wp:list-item -->\n<li><strong>Portal em linha do servi\u00e7o de tr\u00e1fego rodovi\u00e1rio<\/strong><\/li>\n<!-- \/wp:list-item --><!-- wp:list-item -->\n<li><strong>\u0e1a\u0e32\u0e07\u0e41\u0e2b\u0e48\u0e07<\/strong>\u00a0Autom\u00f3vel Clube da Su\u00ed\u00e7a (ACS)<\/li>\n<!-- \/wp:list-item --><!-- wp:list-item -->\n<li><strong>\u0e1a\u0e32\u0e07\u0e41\u0e2b\u0e48\u0e07<\/strong>\u00a0Clube de Turismo da Su\u00ed\u00e7a (TCS)<\/li>\n<!-- \/wp:list-item --><\/ul>\n<!-- \/wp:list --><!-- wp:heading {\"level\":5} -->\n<h5 id=\"h-kosten\" class=\"wp-block-heading\"><strong>Custos:<\/strong><\/h5>\n<!-- \/wp:heading --><!-- wp:paragraph -->\n<p>O custo da carta de condu\u00e7\u00e3o internacional varia consoante o cant\u00e3o. Regra geral, o pre\u00e7o situa-se entre CHF 15 e CHF 30.<\/p>\n<!-- \/wp:paragraph --><!-- wp:paragraph -->\n<p><strong>Validade:<\/strong><\/p>\n<!-- \/wp:paragraph --><!-- wp:paragraph -->\n<p>A carta de condu\u00e7\u00e3o internacional \u00e9 v\u00e1lida por 3 anos.<\/p>\n<!-- \/wp:paragraph --><!-- wp:paragraph -->\n<p><strong>R\u00e1pido e f\u00e1cil:<\/strong><\/p>\n<!-- \/wp:paragraph --><!-- wp:list -->\n<ul><!-- wp:list-item -->\n<li><strong>Candidatura em linha:<\/strong>\u00a0Solicite uma carta de condu\u00e7\u00e3o internacional a partir do conforto da sua casa.<\/li>\n<!-- \/wp:list-item --><!-- wp:list-item -->\n<li><strong>Tempo de processamento curto:<\/strong>\u00a0Regra geral, receber\u00e1 a sua carta de condu\u00e7\u00e3o no prazo de 3 a 5 dias \u00fateis.<\/li>\n<!-- \/wp:list-item --><!-- wp:list-item -->\n<li><strong>Nenhum exame:<\/strong>\u00a0N\u00e3o \u00e9 necess\u00e1rio efetuar um exame suplementar.<\/li>\n<!-- \/wp:list-item --><\/ul>\n<!-- \/wp:list --><!-- wp:paragraph -->\n<p><strong>Pr\u00e9-requisitos :<\/strong><\/p>\n<!-- \/wp:paragraph --><!-- wp:list -->\n<ul><!-- wp:list-item -->\n<li><strong>Carta de condu\u00e7\u00e3o nacional v\u00e1lida:<\/strong>\u00a0Deve ser titular de uma carta de condu\u00e7\u00e3o v\u00e1lida do seu pa\u00eds de origem.<\/li>\n<!-- \/wp:list-item --><!-- wp:list-item -->\n<li><strong>Idade m\u00ednima:<\/strong>\u00a0A idade m\u00ednima para obter uma carta de condu\u00e7\u00e3o internacional \u00e9 18 anos.<\/li>\n<!-- \/wp:list-item --><!-- wp:list-item -->\n<li><strong>Fotografia para passaporte:<\/strong>\u00a0\u00c9 necess\u00e1ria uma fotografia recente tipo passe.<\/li>\n<!-- \/wp:list-item --><\/ul>\n<!-- \/wp:list --><!-- wp:paragraph -->\n<p><strong>Como requerer uma carta de condu\u00e7\u00e3o internacional:<\/strong><\/p>\n<!-- \/wp:paragraph --><!-- wp:list {\"ordered\":true} -->\n<ol><!-- wp:list-item -->\n<li><strong>Consultar o s\u00edtio Web do servi\u00e7o de tr\u00e1fego rodovi\u00e1rio competente.<\/strong><\/li>\n<!-- \/wp:list-item --><!-- wp:list-item -->\n<li><strong>Preencher o formul\u00e1rio de candidatura em linha.<\/strong><\/li>\n<!-- \/wp:list-item --><!-- wp:list-item -->\n<li><strong>Carregue os documentos necess\u00e1rios.<\/strong><\/li>\n<!-- \/wp:list-item --><!-- wp:list-item -->\n<li><strong>Pagar a taxa.<\/strong>(clarifica\u00e7\u00e3o)<\/li>\n<!-- \/wp:list-item --><!-- wp:list-item -->\n<li><strong>Aguarde o envio da sua carta de condu\u00e7\u00e3o.<\/strong><\/li>\n<!-- \/wp:list-item --><\/ol>\n<!-- \/wp:list --><!-- wp:paragraph -->\n<p><strong>Sugest\u00e3o:<\/strong> <a href=\"http:\/\/facebook.com\">Informar<\/a> Pode obter informa\u00e7\u00f5es sobre as taxas exactas e o tempo de processamento no s\u00edtio Web do Servi\u00e7o de Licenciamento do Tr\u00e1fego Rodovi\u00e1rio.<\/p>\n<!-- \/wp:paragraph -->\t\t\t\t\t\t<\/div>\n\t\t\t\t<\/div>\n\t\t\t\t\t<\/div>\n\t\t\t\t<\/div>\n\t\t<div class=\"elementor-element elementor-element-464aa0b e-flex e-con-boxed e-con e-parent\" data-id=\"464aa0b\" data-element_type=\"container\" data-core-v316-plus=\"true\">\n\t\t\t\t\t<div class=\"e-con-inner\">\n\t\t<div class=\"elementor-element elementor-element-8d8397f e-con-full e-flex e-con e-child\" data-id=\"8d8397f\" data-element_type=\"container\">\n\t\t\t\t<div class=\"elementor-element elementor-element-2e5c51c elementor-widget elementor-widget-heading\" data-id=\"2e5c51c\" data-element_type=\"widget\" data-widget_type=\"heading.default\">\n\t\t\t\t<div class=\"elementor-widget-container\">\n\t\t\t<h5 class=\"elementor-heading-title elementor-size-default\">Extens\u00e3o da carta de condu\u00e7\u00e3o<\/h5>\t\t<\/div>\n\t\t\t\t<\/div>\n\t\t\t\t<\/div>\n\t\t<div class=\"elementor-element elementor-element-79e6856 e-con-full e-flex e-con e-child\" data-id=\"79e6856\" data-element_type=\"container\">\n\t\t\t\t<div class=\"elementor-element elementor-element-2900abe elementor-widget elementor-widget-heading\" data-id=\"2900abe\" data-element_type=\"widget\" data-widget_type=\"heading.default\">\n\t\t\t\t<div class=\"elementor-widget-container\">\n\t\t\t<h3 class=\"elementor-heading-title elementor-size-default\">Custos da carta de condu\u00e7\u00e3o<\/h3>\t\t<\/div>\n\t\t\t\t<\/div>\n\t\t\t\t<\/div>\n\t\t<div class=\"elementor-element elementor-element-11d7efc e-con-full e-flex e-con e-child\" data-id=\"11d7efc\" data-element_type=\"container\">\n\t\t\t\t<div class=\"elementor-element elementor-element-1874fd7 elementor-widget elementor-widget-heading\" data-id=\"1874fd7\" data-element_type=\"widget\" data-widget_type=\"heading.default\">\n\t\t\t\t<div class=\"elementor-widget-container\">\n\t\t\t<h3 class=\"elementor-heading-title elementor-size-default\">carta de condu\u00e7\u00e3o em 7 dias<\/h3>\t\t<\/div>\n\t\t\t\t<\/div>\n\t\t\t\t<\/div>\n\t\t<div class=\"elementor-element elementor-element-fd121f2 e-con-full e-flex e-con e-child\" data-id=\"fd121f2\" data-element_type=\"container\">\n\t\t\t\t<div class=\"elementor-element elementor-element-9195cfd elementor-widget elementor-widget-heading\" data-id=\"9195cfd\" data-element_type=\"widget\" data-widget_type=\"heading.default\">\n\t\t\t\t<div class=\"elementor-widget-container\">\n\t\t\t<h3 class=\"elementor-heading-title elementor-size-default\">Carta de condu\u00e7\u00e3o da Pol\u00f3nia<\/h3>\t\t<\/div>\n\t\t\t\t<\/div>\n\t\t\t\t<\/div>\n\t\t\t\t\t<\/div>\n\t\t\t\t<\/div>\n\t\t\t\t<\/div>","protected":false},"excerpt":{"rendered":"<p>ce f\u00fchrerschein kosten be polen In die Schweiz reisen und mobil sein? Mit dem internationalen F\u00fchrerschein kein Problem! Schnell und einfach: Beantragen Sie Ihren internationalen F\u00fchrerschein online in wenigen Minuten. Keine Wartezeiten: Sie erhalten Ihren F\u00fchrerschein per Post direkt nach Hause geschickt. G\u00fcltig in \u00fcber 150 L\u00e4ndern: Fahren Sie mit Ihrem internationalen F\u00fchrerschein in der [&hellip;]<\/p>","protected":false},"author":2,"featured_media":0,"parent":0,"menu_order":0,"comment_status":"closed","ping_status":"closed","template":"","meta":{"footnotes":""},"class_list":["post-2824","page","type-page","status-publish","hentry"],"yoast_head":"<!-- This site is optimized with the Yoast SEO Premium plugin v22.2 (Yoast SEO v26.2) - https:\/\/yoast.com\/wordpress\/plugins\/seo\/ -->\n<title>Internationaler F\u00fchrerschein Schweiz<\/title>\n<meta name=\"description\" content=\"Erhalten Sie schnell und einfach Ihren Internationaler F\u00fchrerschein Schweiz. Wir erkl\u00e4ren Ihnen die Schritte und helfen Ihnen.\" \/>\n<meta name=\"robots\" content=\"noindex, follow, max-snippet:-1, max-image-preview:large, max-video-preview:-1\" \/>\n<meta property=\"og:locale\" content=\"pt_PT\" \/>\n<meta property=\"og:type\" content=\"article\" \/>\n<meta property=\"og:title\" content=\"Internationalen F\u00fchrerschein f\u00fcr die Schweiz beantragen \u2013 schnell und einfach\" \/>\n<meta property=\"og:description\" content=\"Erhalten Sie schnell und einfach Ihren Internationaler F\u00fchrerschein Schweiz. Wir erkl\u00e4ren Ihnen die Schritte und helfen Ihnen.\" \/>\n<meta property=\"og:url\" content=\"https:\/\/reisepassfuhrer.com\/pt\/carteira-de-motorista-internacional-suica\/\" \/>\n<meta property=\"og:site_name\" content=\"Reisepassfuhrer\" \/>\n<meta property=\"article:modified_time\" content=\"2024-05-29T17:45:01+00:00\" \/>\n<meta property=\"og:image\" content=\"https:\/\/reisepassfuhrer.com\/wp-content\/uploads\/2024\/03\/Internationaler-Fuhrerschein-Schweiz.png\" \/>\n<meta name=\"twitter:card\" content=\"summary_large_image\" \/>\n<meta name=\"twitter:label1\" content=\"Tempo estimado de leitura\" \/>\n\t<meta name=\"twitter:data1\" content=\"3 minutos\" \/>\n<script type=\"application\/ld+json\" class=\"yoast-schema-graph\">{\"@context\":\"https:\/\/schema.org\",\"@graph\":[{\"@type\":\"WebPage\",\"@id\":\"https:\/\/reisepassfuhrer.com\/internationaler-fuhrerschein-schweiz\/\",\"url\":\"https:\/\/reisepassfuhrer.com\/internationaler-fuhrerschein-schweiz\/\",\"name\":\"Internationaler F\u00fchrerschein Schweiz\",\"isPartOf\":{\"@id\":\"https:\/\/reisepassfuhrer.com\/#website\"},\"primaryImageOfPage\":{\"@id\":\"https:\/\/reisepassfuhrer.com\/internationaler-fuhrerschein-schweiz\/#primaryimage\"},\"image\":{\"@id\":\"https:\/\/reisepassfuhrer.com\/internationaler-fuhrerschein-schweiz\/#primaryimage\"},\"thumbnailUrl\":\"https:\/\/reisepassfuhrer.com\/wp-content\/uploads\/2024\/03\/Internationaler-Fuhrerschein-Schweiz.png\",\"datePublished\":\"2024-03-18T17:56:14+00:00\",\"dateModified\":\"2024-05-29T17:45:01+00:00\",\"description\":\"Erhalten Sie schnell und einfach Ihren Internationaler F\u00fchrerschein Schweiz. Wir erkl\u00e4ren Ihnen die Schritte und helfen Ihnen.\",\"breadcrumb\":{\"@id\":\"https:\/\/reisepassfuhrer.com\/internationaler-fuhrerschein-schweiz\/#breadcrumb\"},\"inLanguage\":\"pt-PT\",\"potentialAction\":[{\"@type\":\"ReadAction\",\"target\":[\"https:\/\/reisepassfuhrer.com\/internationaler-fuhrerschein-schweiz\/\"]}]},{\"@type\":\"ImageObject\",\"inLanguage\":\"pt-PT\",\"@id\":\"https:\/\/reisepassfuhrer.com\/internationaler-fuhrerschein-schweiz\/#primaryimage\",\"url\":\"https:\/\/reisepassfuhrer.com\/wp-content\/uploads\/2024\/03\/Internationaler-Fuhrerschein-Schweiz.png\",\"contentUrl\":\"https:\/\/reisepassfuhrer.com\/wp-content\/uploads\/2024\/03\/Internationaler-Fuhrerschein-Schweiz.png\"},{\"@type\":\"BreadcrumbList\",\"@id\":\"https:\/\/reisepassfuhrer.com\/internationaler-fuhrerschein-schweiz\/#breadcrumb\",\"itemListElement\":[{\"@type\":\"ListItem\",\"position\":1,\"name\":\"Home\",\"item\":\"https:\/\/reisepassfuhrer.com\/\"},{\"@type\":\"ListItem\",\"position\":2,\"name\":\"Internationalen F\u00fchrerschein f\u00fcr die Schweiz beantragen \u2013 schnell und einfach\"}]},{\"@type\":\"WebSite\",\"@id\":\"https:\/\/reisepassfuhrer.com\/#website\",\"url\":\"https:\/\/reisepassfuhrer.com\/\",\"name\":\"Reisepassfuhrer\",\"description\":\"Reisepass Beantragen Berlin\",\"publisher\":{\"@id\":\"https:\/\/reisepassfuhrer.com\/#organization\"},\"potentialAction\":[{\"@type\":\"SearchAction\",\"target\":{\"@type\":\"EntryPoint\",\"urlTemplate\":\"https:\/\/reisepassfuhrer.com\/?s={search_term_string}\"},\"query-input\":{\"@type\":\"PropertyValueSpecification\",\"valueRequired\":true,\"valueName\":\"search_term_string\"}}],\"inLanguage\":\"pt-PT\"},{\"@type\":\"Organization\",\"@id\":\"https:\/\/reisepassfuhrer.com\/#organization\",\"name\":\"Reisepassfuhrer\",\"url\":\"https:\/\/reisepassfuhrer.com\/\",\"logo\":{\"@type\":\"ImageObject\",\"inLanguage\":\"pt-PT\",\"@id\":\"https:\/\/reisepassfuhrer.com\/#\/schema\/logo\/image\/\",\"url\":\"https:\/\/reisepassfuhrer.com\/wp-content\/uploads\/2024\/03\/Reisepassfuhrer-logo.png\",\"contentUrl\":\"https:\/\/reisepassfuhrer.com\/wp-content\/uploads\/2024\/03\/Reisepassfuhrer-logo.png\",\"width\":112,\"height\":112,\"caption\":\"Reisepassfuhrer\"},\"image\":{\"@id\":\"https:\/\/reisepassfuhrer.com\/#\/schema\/logo\/image\/\"}}]}<\/script>\n<!-- \/ Yoast SEO Premium plugin. -->","yoast_head_json":{"title":"Carta de condu\u00e7\u00e3o internacional Su\u00ed\u00e7a","description":"Obtenha a sua Carta de Condu\u00e7\u00e3o Internacional Su\u00ed\u00e7a de forma r\u00e1pida e f\u00e1cil. Explicamos-lhe os passos e ajudamo-lo.","robots":{"index":"noindex","follow":"follow","max-snippet":"max-snippet:-1","max-image-preview":"max-image-preview:large","max-video-preview":"max-video-preview:-1"},"og_locale":"pt_PT","og_type":"article","og_title":"Internationalen F\u00fchrerschein f\u00fcr die Schweiz beantragen \u2013 schnell und einfach","og_description":"Erhalten Sie schnell und einfach Ihren Internationaler F\u00fchrerschein Schweiz. Wir erkl\u00e4ren Ihnen die Schritte und helfen Ihnen.","og_url":"https:\/\/reisepassfuhrer.com\/pt\/carteira-de-motorista-internacional-suica\/","og_site_name":"Reisepassfuhrer","article_modified_time":"2024-05-29T17:45:01+00:00","og_image":[{"url":"https:\/\/reisepassfuhrer.com\/wp-content\/uploads\/2024\/03\/Internationaler-Fuhrerschein-Schweiz.png","type":"","width":"","height":""}],"twitter_card":"summary_large_image","twitter_misc":{"Tempo estimado de leitura":"3 minutos"},"schema":{"@context":"https:\/\/schema.org","@graph":[{"@type":"WebPage","@id":"https:\/\/reisepassfuhrer.com\/internationaler-fuhrerschein-schweiz\/","url":"https:\/\/reisepassfuhrer.com\/internationaler-fuhrerschein-schweiz\/","name":"Carta de condu\u00e7\u00e3o internacional Su\u00ed\u00e7a","isPartOf":{"@id":"https:\/\/reisepassfuhrer.com\/#website"},"primaryImageOfPage":{"@id":"https:\/\/reisepassfuhrer.com\/internationaler-fuhrerschein-schweiz\/#primaryimage"},"image":{"@id":"https:\/\/reisepassfuhrer.com\/internationaler-fuhrerschein-schweiz\/#primaryimage"},"thumbnailUrl":"https:\/\/reisepassfuhrer.com\/wp-content\/uploads\/2024\/03\/Internationaler-Fuhrerschein-Schweiz.png","datePublished":"2024-03-18T17:56:14+00:00","dateModified":"2024-05-29T17:45:01+00:00","description":"Obtenha a sua Carta de Condu\u00e7\u00e3o Internacional Su\u00ed\u00e7a de forma r\u00e1pida e f\u00e1cil. Explicamos-lhe os passos e ajudamo-lo.","breadcrumb":{"@id":"https:\/\/reisepassfuhrer.com\/internationaler-fuhrerschein-schweiz\/#breadcrumb"},"inLanguage":"pt-PT","potentialAction":[{"@type":"ReadAction","target":["https:\/\/reisepassfuhrer.com\/internationaler-fuhrerschein-schweiz\/"]}]},{"@type":"ImageObject","inLanguage":"pt-PT","@id":"https:\/\/reisepassfuhrer.com\/internationaler-fuhrerschein-schweiz\/#primaryimage","url":"https:\/\/reisepassfuhrer.com\/wp-content\/uploads\/2024\/03\/Internationaler-Fuhrerschein-Schweiz.png","contentUrl":"https:\/\/reisepassfuhrer.com\/wp-content\/uploads\/2024\/03\/Internationaler-Fuhrerschein-Schweiz.png"},{"@type":"BreadcrumbList","@id":"https:\/\/reisepassfuhrer.com\/internationaler-fuhrerschein-schweiz\/#breadcrumb","itemListElement":[{"@type":"ListItem","position":1,"name":"Home","item":"https:\/\/reisepassfuhrer.com\/"},{"@type":"ListItem","position":2,"name":"Internationalen F\u00fchrerschein f\u00fcr die Schweiz beantragen \u2013 schnell und einfach"}]},{"@type":"WebSite","@id":"https:\/\/reisepassfuhrer.com\/#website","url":"https:\/\/reisepassfuhrer.com\/","name":"Guia de passaportes","description":"Pedir um passaporte Berlim","publisher":{"@id":"https:\/\/reisepassfuhrer.com\/#organization"},"potentialAction":[{"@type":"SearchAction","target":{"@type":"EntryPoint","urlTemplate":"https:\/\/reisepassfuhrer.com\/?s={search_term_string}"},"query-input":{"@type":"PropertyValueSpecification","valueRequired":true,"valueName":"search_term_string"}}],"inLanguage":"pt-PT"},{"@type":"Organization","@id":"https:\/\/reisepassfuhrer.com\/#organization","name":"Guia de passaportes","url":"https:\/\/reisepassfuhrer.com\/","logo":{"@type":"ImageObject","inLanguage":"pt-PT","@id":"https:\/\/reisepassfuhrer.com\/#\/schema\/logo\/image\/","url":"https:\/\/reisepassfuhrer.com\/wp-content\/uploads\/2024\/03\/Reisepassfuhrer-logo.png","contentUrl":"https:\/\/reisepassfuhrer.com\/wp-content\/uploads\/2024\/03\/Reisepassfuhrer-logo.png","width":112,"height":112,"caption":"Reisepassfuhrer"},"image":{"@id":"https:\/\/reisepassfuhrer.com\/#\/schema\/logo\/image\/"}}]}},"_links":{"self":[{"href":"https:\/\/reisepassfuhrer.com\/pt\/wp-json\/wp\/v2\/pages\/2824","targetHints":{"allow":["GET"]}}],"collection":[{"href":"https:\/\/reisepassfuhrer.com\/pt\/wp-json\/wp\/v2\/pages"}],"about":[{"href":"https:\/\/reisepassfuhrer.com\/pt\/wp-json\/wp\/v2\/types\/page"}],"author":[{"embeddable":true,"href":"https:\/\/reisepassfuhrer.com\/pt\/wp-json\/wp\/v2\/users\/2"}],"replies":[{"embeddable":true,"href":"https:\/\/reisepassfuhrer.com\/pt\/wp-json\/wp\/v2\/comments?post=2824"}],"version-history":[{"count":10,"href":"https:\/\/reisepassfuhrer.com\/pt\/wp-json\/wp\/v2\/pages\/2824\/revisions"}],"predecessor-version":[{"id":2930,"href":"https:\/\/reisepassfuhrer.com\/pt\/wp-json\/wp\/v2\/pages\/2824\/revisions\/2930"}],"wp:attachment":[{"href":"https:\/\/reisepassfuhrer.com\/pt\/wp-json\/wp\/v2\/media?parent=2824"}],"curies":[{"name":"wp","href":"https:\/\/api.w.org\/{rel}","templated":true}]}}