{"id":3138,"date":"2025-08-24T11:03:55","date_gmt":"2025-08-24T11:03:55","guid":{"rendered":"https:\/\/reisepassfuhrer.com\/?post_type=product&#038;p=3138"},"modified":"2025-08-24T11:03:56","modified_gmt":"2025-08-24T11:03:56","slug":"mofa-prufbescheinigung-online-machen","status":"publish","type":"product","link":"https:\/\/reisepassfuhrer.com\/pt\/product\/fazer-certificado-de-teste-de-ciclomotor-online\/","title":{"rendered":"fazer um certificado de teste de ciclomotor online"},"content":{"rendered":"<p data-start=\"160\" data-end=\"236\"><strong data-start=\"160\" data-end=\"236\">Obtenha o seu certificado de teste de ciclomotor online - r\u00e1pido, flex\u00edvel e sem complica\u00e7\u00f5es<\/strong><\/p>\n<p data-start=\"238\" data-end=\"525\">Quer o <strong data-start=\"254\" data-end=\"280\">Certificado de ensaio para ciclomotores<\/strong> fazer - muito confort\u00e1vel <strong data-start=\"302\" data-end=\"312\">em linha<\/strong> e ao seu pr\u00f3prio ritmo? Com o nosso curso online certificado, pode preparar-se da melhor forma para o exame e obter rapidamente o seu certificado de exame para conduzir um ciclomotor at\u00e9 25 km\/h.<\/p>\n<p data-start=\"527\" data-end=\"552\">\ud83d\udea6 <strong data-start=\"530\" data-end=\"552\">O que se pode esperar:<\/strong><\/p>\n<ul data-start=\"554\" data-end=\"806\">\n<li data-start=\"554\" data-end=\"618\">\n<p data-start=\"556\" data-end=\"618\">Curso interativo em linha com todos os t\u00f3picos relevantes para o exame<\/p>\n<\/li>\n<li data-start=\"619\" data-end=\"666\">\n<p data-start=\"621\" data-end=\"666\">V\u00eddeos did\u00e1cticos, perguntas pr\u00e1ticas e simula\u00e7\u00f5es de testes<\/p>\n<\/li>\n<li data-start=\"667\" data-end=\"711\">\n<p data-start=\"669\" data-end=\"711\">Aprendizagem flex\u00edvel - quando e onde quiser<\/p>\n<\/li>\n<li data-start=\"712\" data-end=\"756\">\n<p data-start=\"714\" data-end=\"756\">Apoio de instrutores de condu\u00e7\u00e3o experientes<\/p>\n<\/li>\n<li data-start=\"757\" data-end=\"806\">\n<p data-start=\"759\" data-end=\"806\">Teste oficial num centro de testes no local<\/p>\n<\/li>\n<\/ul>\n<p data-start=\"808\" data-end=\"1075\">\ud83d\udcc4 <strong data-start=\"811\" data-end=\"850\">O que \u00e9 o certificado de exame de ciclomotor?<\/strong><br data-start=\"850\" data-end=\"853\" \/>Autoriza-o a conduzir um ciclomotor de via \u00fanica ou uma bicicleta el\u00e9ctrica com uma velocidade m\u00e1xima de projeto de 25 km\/h - ideal para jovens de <strong data-start=\"1002\" data-end=\"1015\">15 anos<\/strong>, que querem ter mobilidade antes de poderem obter uma carta de condu\u00e7\u00e3o.<\/p>\n<p data-start=\"1077\" data-end=\"1121\">\ud83c\udfaf <strong data-start=\"1080\" data-end=\"1121\">A quem se destina o curso em linha?<\/strong><\/p>\n<ul data-start=\"1123\" data-end=\"1298\">\n<li data-start=\"1123\" data-end=\"1176\">\n<p data-start=\"1125\" data-end=\"1176\">Jovens com idade igual ou superior a 14\u00bd anos (exame poss\u00edvel a partir dos 15 anos)<\/p>\n<\/li>\n<li data-start=\"1177\" data-end=\"1224\">\n<p data-start=\"1179\" data-end=\"1224\">Qualquer pessoa que queira aprender no conforto da sua pr\u00f3pria casa<\/p>\n<\/li>\n<li data-start=\"1225\" data-end=\"1298\">\n<p data-start=\"1227\" data-end=\"1298\">Os pais que querem que os seus filhos estejam preparados em seguran\u00e7a<\/p>\n<\/li>\n<\/ul>\n<hr data-start=\"1300\" data-end=\"1303\" \/>\n<p data-start=\"1305\" data-end=\"1403\"><strong data-start=\"1305\" data-end=\"1403\">Comece agora e ganhe mobilidade - obter um certificado de teste de ciclomotor online nunca foi t\u00e3o f\u00e1cil!<\/strong><\/p>","protected":false},"excerpt":{"rendered":"<p>Mofa-Pr\u00fcfbescheinigung online machen \u2013 Schnell, flexibel &amp; unkompliziert Du m\u00f6chtest die Mofa-Pr\u00fcfbescheinigung machen \u2013 ganz bequem online und in deinem eigenen Tempo? Mit unserem zertifizierten Online-Kurs bereitest du dich optimal auf die Pr\u00fcfung vor und sicherst dir schon bald deine Pr\u00fcfbescheinigung f\u00fcr das Fahren eines Mofas mit bis zu 25 km\/h. \ud83d\udea6 Was dich erwartet: [&hellip;]<\/p>","protected":false},"featured_media":3140,"comment_status":"open","ping_status":"closed","template":"","meta":[],"product_brand":[],"product_cat":[44],"product_tag":[],"class_list":{"0":"post-3138","1":"product","2":"type-product","3":"status-publish","4":"has-post-thumbnail","6":"product_cat-uncategorized","8":"first","9":"instock","10":"shipping-taxable","11":"product-type-simple"},"yoast_head":"<!-- This site is optimized with the Yoast SEO Premium plugin v22.2 (Yoast SEO v26.2) - https:\/\/yoast.com\/wordpress\/plugins\/seo\/ -->\n<title>mofa-pr\u00fcfbescheinigung online machen - Reisepassfuhrer<\/title>\n<meta name=\"description\" content=\"Du m\u00f6chtest die Mofa-Pr\u00fcfbescheinigung machen \u2013 ganz bequem online und in deinem eigenen Tempo? Mit unserem zertifizierten Online-Kurs\" \/>\n<meta name=\"robots\" content=\"noindex, follow, max-snippet:-1, max-image-preview:large, max-video-preview:-1\" \/>\n<meta property=\"og:locale\" content=\"pt_PT\" \/>\n<meta property=\"og:type\" content=\"article\" \/>\n<meta property=\"og:title\" content=\"mofa-pr\u00fcfbescheinigung online machen\" \/>\n<meta property=\"og:description\" content=\"Du m\u00f6chtest die Mofa-Pr\u00fcfbescheinigung machen \u2013 ganz bequem online und in deinem eigenen Tempo? Mit unserem zertifizierten Online-Kurs\" \/>\n<meta property=\"og:url\" content=\"https:\/\/reisepassfuhrer.com\/pt\/product\/fazer-certificado-de-teste-de-ciclomotor-online\/\" \/>\n<meta property=\"og:site_name\" content=\"Reisepassfuhrer\" \/>\n<meta property=\"article:modified_time\" content=\"2025-08-24T11:03:56+00:00\" \/>\n<meta property=\"og:image\" content=\"http:\/\/reisepassfuhrer.com\/wp-content\/uploads\/2025\/08\/download-50.jpeg\" \/>\n\t<meta property=\"og:image:width\" content=\"257\" \/>\n\t<meta property=\"og:image:height\" content=\"196\" \/>\n\t<meta property=\"og:image:type\" content=\"image\/jpeg\" \/>\n<meta name=\"twitter:card\" content=\"summary_large_image\" \/>\n<meta name=\"twitter:label1\" content=\"Tempo estimado de leitura\" \/>\n\t<meta name=\"twitter:data1\" content=\"1 minuto\" \/>\n<script type=\"application\/ld+json\" class=\"yoast-schema-graph\">{\"@context\":\"https:\/\/schema.org\",\"@graph\":[{\"@type\":\"WebPage\",\"@id\":\"https:\/\/reisepassfuhrer.com\/product\/mofa-prufbescheinigung-online-machen\/\",\"url\":\"https:\/\/reisepassfuhrer.com\/product\/mofa-prufbescheinigung-online-machen\/\",\"name\":\"mofa-pr\u00fcfbescheinigung online machen - Reisepassfuhrer\",\"isPartOf\":{\"@id\":\"https:\/\/reisepassfuhrer.com\/#website\"},\"primaryImageOfPage\":{\"@id\":\"https:\/\/reisepassfuhrer.com\/product\/mofa-prufbescheinigung-online-machen\/#primaryimage\"},\"image\":{\"@id\":\"https:\/\/reisepassfuhrer.com\/product\/mofa-prufbescheinigung-online-machen\/#primaryimage\"},\"thumbnailUrl\":\"https:\/\/reisepassfuhrer.com\/wp-content\/uploads\/2025\/08\/download-50.jpeg\",\"datePublished\":\"2025-08-24T11:03:55+00:00\",\"dateModified\":\"2025-08-24T11:03:56+00:00\",\"description\":\"Du m\u00f6chtest die Mofa-Pr\u00fcfbescheinigung machen \u2013 ganz bequem online und in deinem eigenen Tempo? Mit unserem zertifizierten Online-Kurs\",\"breadcrumb\":{\"@id\":\"https:\/\/reisepassfuhrer.com\/product\/mofa-prufbescheinigung-online-machen\/#breadcrumb\"},\"inLanguage\":\"pt-PT\",\"potentialAction\":[{\"@type\":\"ReadAction\",\"target\":[\"https:\/\/reisepassfuhrer.com\/product\/mofa-prufbescheinigung-online-machen\/\"]}]},{\"@type\":\"ImageObject\",\"inLanguage\":\"pt-PT\",\"@id\":\"https:\/\/reisepassfuhrer.com\/product\/mofa-prufbescheinigung-online-machen\/#primaryimage\",\"url\":\"https:\/\/reisepassfuhrer.com\/wp-content\/uploads\/2025\/08\/download-50.jpeg\",\"contentUrl\":\"https:\/\/reisepassfuhrer.com\/wp-content\/uploads\/2025\/08\/download-50.jpeg\",\"width\":257,\"height\":196},{\"@type\":\"BreadcrumbList\",\"@id\":\"https:\/\/reisepassfuhrer.com\/product\/mofa-prufbescheinigung-online-machen\/#breadcrumb\",\"itemListElement\":[{\"@type\":\"ListItem\",\"position\":1,\"name\":\"Home\",\"item\":\"https:\/\/reisepassfuhrer.com\/\"},{\"@type\":\"ListItem\",\"position\":2,\"name\":\"Shop\",\"item\":\"https:\/\/reisepassfuhrer.com\/shop\/\"},{\"@type\":\"ListItem\",\"position\":3,\"name\":\"mofa-pr\u00fcfbescheinigung online machen\"}]},{\"@type\":\"WebSite\",\"@id\":\"https:\/\/reisepassfuhrer.com\/#website\",\"url\":\"https:\/\/reisepassfuhrer.com\/\",\"name\":\"Reisepassfuhrer\",\"description\":\"Reisepass Beantragen Berlin\",\"publisher\":{\"@id\":\"https:\/\/reisepassfuhrer.com\/#organization\"},\"potentialAction\":[{\"@type\":\"SearchAction\",\"target\":{\"@type\":\"EntryPoint\",\"urlTemplate\":\"https:\/\/reisepassfuhrer.com\/?s={search_term_string}\"},\"query-input\":{\"@type\":\"PropertyValueSpecification\",\"valueRequired\":true,\"valueName\":\"search_term_string\"}}],\"inLanguage\":\"pt-PT\"},{\"@type\":\"Organization\",\"@id\":\"https:\/\/reisepassfuhrer.com\/#organization\",\"name\":\"Reisepassfuhrer\",\"url\":\"https:\/\/reisepassfuhrer.com\/\",\"logo\":{\"@type\":\"ImageObject\",\"inLanguage\":\"pt-PT\",\"@id\":\"https:\/\/reisepassfuhrer.com\/#\/schema\/logo\/image\/\",\"url\":\"https:\/\/reisepassfuhrer.com\/wp-content\/uploads\/2024\/03\/Reisepassfuhrer-logo.png\",\"contentUrl\":\"https:\/\/reisepassfuhrer.com\/wp-content\/uploads\/2024\/03\/Reisepassfuhrer-logo.png\",\"width\":112,\"height\":112,\"caption\":\"Reisepassfuhrer\"},\"image\":{\"@id\":\"https:\/\/reisepassfuhrer.com\/#\/schema\/logo\/image\/\"}}]}<\/script>\n<!-- \/ Yoast SEO Premium plugin. -->","yoast_head_json":{"title":"fazer um certificado de teste de ciclomotor online - Reisepassfuhrer","description":"Gostaria de tirar o certificado de teste de ciclomotor - convenientemente online e ao seu pr\u00f3prio ritmo? Com o nosso curso online certificado","robots":{"index":"noindex","follow":"follow","max-snippet":"max-snippet:-1","max-image-preview":"max-image-preview:large","max-video-preview":"max-video-preview:-1"},"og_locale":"pt_PT","og_type":"article","og_title":"mofa-pr\u00fcfbescheinigung online machen","og_description":"Du m\u00f6chtest die Mofa-Pr\u00fcfbescheinigung machen \u2013 ganz bequem online und in deinem eigenen Tempo? Mit unserem zertifizierten Online-Kurs","og_url":"https:\/\/reisepassfuhrer.com\/pt\/product\/fazer-certificado-de-teste-de-ciclomotor-online\/","og_site_name":"Reisepassfuhrer","article_modified_time":"2025-08-24T11:03:56+00:00","og_image":[{"width":257,"height":196,"url":"http:\/\/reisepassfuhrer.com\/wp-content\/uploads\/2025\/08\/download-50.jpeg","type":"image\/jpeg"}],"twitter_card":"summary_large_image","twitter_misc":{"Tempo estimado de leitura":"1 minuto"},"schema":{"@context":"https:\/\/schema.org","@graph":[{"@type":"WebPage","@id":"https:\/\/reisepassfuhrer.com\/product\/mofa-prufbescheinigung-online-machen\/","url":"https:\/\/reisepassfuhrer.com\/product\/mofa-prufbescheinigung-online-machen\/","name":"fazer um certificado de teste de ciclomotor online - Reisepassfuhrer","isPartOf":{"@id":"https:\/\/reisepassfuhrer.com\/#website"},"primaryImageOfPage":{"@id":"https:\/\/reisepassfuhrer.com\/product\/mofa-prufbescheinigung-online-machen\/#primaryimage"},"image":{"@id":"https:\/\/reisepassfuhrer.com\/product\/mofa-prufbescheinigung-online-machen\/#primaryimage"},"thumbnailUrl":"https:\/\/reisepassfuhrer.com\/wp-content\/uploads\/2025\/08\/download-50.jpeg","datePublished":"2025-08-24T11:03:55+00:00","dateModified":"2025-08-24T11:03:56+00:00","description":"Gostaria de tirar o certificado de teste de ciclomotor - convenientemente online e ao seu pr\u00f3prio ritmo? Com o nosso curso online certificado","breadcrumb":{"@id":"https:\/\/reisepassfuhrer.com\/product\/mofa-prufbescheinigung-online-machen\/#breadcrumb"},"inLanguage":"pt-PT","potentialAction":[{"@type":"ReadAction","target":["https:\/\/reisepassfuhrer.com\/product\/mofa-prufbescheinigung-online-machen\/"]}]},{"@type":"ImageObject","inLanguage":"pt-PT","@id":"https:\/\/reisepassfuhrer.com\/product\/mofa-prufbescheinigung-online-machen\/#primaryimage","url":"https:\/\/reisepassfuhrer.com\/wp-content\/uploads\/2025\/08\/download-50.jpeg","contentUrl":"https:\/\/reisepassfuhrer.com\/wp-content\/uploads\/2025\/08\/download-50.jpeg","width":257,"height":196},{"@type":"BreadcrumbList","@id":"https:\/\/reisepassfuhrer.com\/product\/mofa-prufbescheinigung-online-machen\/#breadcrumb","itemListElement":[{"@type":"ListItem","position":1,"name":"Home","item":"https:\/\/reisepassfuhrer.com\/"},{"@type":"ListItem","position":2,"name":"Shop","item":"https:\/\/reisepassfuhrer.com\/shop\/"},{"@type":"ListItem","position":3,"name":"mofa-pr\u00fcfbescheinigung online machen"}]},{"@type":"WebSite","@id":"https:\/\/reisepassfuhrer.com\/#website","url":"https:\/\/reisepassfuhrer.com\/","name":"Guia de passaportes","description":"Pedir um passaporte Berlim","publisher":{"@id":"https:\/\/reisepassfuhrer.com\/#organization"},"potentialAction":[{"@type":"SearchAction","target":{"@type":"EntryPoint","urlTemplate":"https:\/\/reisepassfuhrer.com\/?s={search_term_string}"},"query-input":{"@type":"PropertyValueSpecification","valueRequired":true,"valueName":"search_term_string"}}],"inLanguage":"pt-PT"},{"@type":"Organization","@id":"https:\/\/reisepassfuhrer.com\/#organization","name":"Guia de passaportes","url":"https:\/\/reisepassfuhrer.com\/","logo":{"@type":"ImageObject","inLanguage":"pt-PT","@id":"https:\/\/reisepassfuhrer.com\/#\/schema\/logo\/image\/","url":"https:\/\/reisepassfuhrer.com\/wp-content\/uploads\/2024\/03\/Reisepassfuhrer-logo.png","contentUrl":"https:\/\/reisepassfuhrer.com\/wp-content\/uploads\/2024\/03\/Reisepassfuhrer-logo.png","width":112,"height":112,"caption":"Reisepassfuhrer"},"image":{"@id":"https:\/\/reisepassfuhrer.com\/#\/schema\/logo\/image\/"}}]}},"_links":{"self":[{"href":"https:\/\/reisepassfuhrer.com\/pt\/wp-json\/wp\/v2\/product\/3138","targetHints":{"allow":["GET"]}}],"collection":[{"href":"https:\/\/reisepassfuhrer.com\/pt\/wp-json\/wp\/v2\/product"}],"about":[{"href":"https:\/\/reisepassfuhrer.com\/pt\/wp-json\/wp\/v2\/types\/product"}],"replies":[{"embeddable":true,"href":"https:\/\/reisepassfuhrer.com\/pt\/wp-json\/wp\/v2\/comments?post=3138"}],"wp:featuredmedia":[{"embeddable":true,"href":"https:\/\/reisepassfuhrer.com\/pt\/wp-json\/wp\/v2\/media\/3140"}],"wp:attachment":[{"href":"https:\/\/reisepassfuhrer.com\/pt\/wp-json\/wp\/v2\/media?parent=3138"}],"wp:term":[{"taxonomy":"product_brand","embeddable":true,"href":"https:\/\/reisepassfuhrer.com\/pt\/wp-json\/wp\/v2\/product_brand?post=3138"},{"taxonomy":"product_cat","embeddable":true,"href":"https:\/\/reisepassfuhrer.com\/pt\/wp-json\/wp\/v2\/product_cat?post=3138"},{"taxonomy":"product_tag","embeddable":true,"href":"https:\/\/reisepassfuhrer.com\/pt\/wp-json\/wp\/v2\/product_tag?post=3138"}],"curies":[{"name":"wp","href":"https:\/\/api.w.org\/{rel}","templated":true}]}}