{"id":3141,"date":"2025-08-24T11:06:03","date_gmt":"2025-08-24T11:06:03","guid":{"rendered":"https:\/\/reisepassfuhrer.com\/?post_type=product&#038;p=3141"},"modified":"2025-08-24T11:06:04","modified_gmt":"2025-08-24T11:06:04","slug":"meisterbrief-vermieten-preis","status":"publish","type":"product","link":"https:\/\/reisepassfuhrer.com\/pt\/product\/aluguer-preco-da-masterclass\/","title":{"rendered":"aluguer pre\u00e7o da masterclass"},"content":{"rendered":"<h3 data-start=\"320\" data-end=\"380\">\ud83d\udcb0 <strong data-start=\"327\" data-end=\"380\">Quanto custa o \u201ealuguer\u201c de um certificado de mestre-artes\u00e3o?<\/strong><\/h3>\n<p data-start=\"382\" data-end=\"667\">A express\u00e3o \u201ecertificado de mestre-artes\u00e3o de aluguer\u201c \u00e9 coloquial e refere-se geralmente ao facto de um mestre-artes\u00e3o <strong data-start=\"489\" data-end=\"541\">\u00e9 formalmente disponibilizado a uma empresa<\/strong>, para que cumpra os requisitos do <strong data-start=\"578\" data-end=\"604\">C\u00f3digo do Artesanato (HwO)<\/strong> cumpridas e inclu\u00eddas no <strong data-start=\"624\" data-end=\"642\">Registo comercial<\/strong> pode ser introduzido.<\/p>\n<p data-start=\"669\" data-end=\"694\">Pre\u00e7os t\u00edpicos:<\/p>\n<div class=\"_tableContainer_sk2ct_1\">\n<div class=\"_tableWrapper_sk2ct_13 group flex w-fit flex-col-reverse\" tabindex=\"-1\">\n<table class=\"w-fit min-w-(--thread-content-width)\" data-start=\"696\" data-end=\"1075\">\n<thead data-start=\"696\" data-end=\"762\">\n<tr data-start=\"696\" data-end=\"762\">\n<th data-start=\"696\" data-end=\"729\" data-col-size=\"sm\">Tipo de acordo<\/th>\n<th data-start=\"729\" data-end=\"762\" data-col-size=\"md\">Pre\u00e7o mensal (aproximado)<\/th>\n<\/tr>\n<\/thead>\n<tbody data-start=\"829\" data-end=\"1075\">\n<tr data-start=\"829\" data-end=\"894\">\n<td data-start=\"829\" data-end=\"861\" data-col-size=\"sm\"><strong data-start=\"831\" data-end=\"858\">A tempo parcial<\/strong><\/td>\n<td data-start=\"861\" data-end=\"894\" data-col-size=\"md\">500 \u20ac - 1.200 \u20ac<\/td>\n<\/tr>\n<tr data-start=\"895\" data-end=\"961\">\n<td data-start=\"895\" data-end=\"927\" data-col-size=\"sm\"><strong data-start=\"897\" data-end=\"922\">A tempo inteiro (empregado)<\/strong><\/td>\n<td data-start=\"927\" data-end=\"961\" data-col-size=\"md\">3.000 \u20ac - 5.000 \u20ac brutos<\/td>\n<\/tr>\n<tr data-start=\"962\" data-end=\"1075\">\n<td data-start=\"962\" data-end=\"1001\" data-col-size=\"sm\"><strong data-start=\"964\" data-end=\"1000\">Apenas como entrada (n\u00e3o ativa)<\/strong><\/td>\n<td data-start=\"1001\" data-end=\"1075\" data-col-size=\"md\">Juridicamente muito problem\u00e1tico - frequentemente 800 a 1 500 euros (mas de alto risco)<\/td>\n<\/tr>\n<\/tbody>\n<\/table>\n<\/div>\n<\/div>\n<blockquote data-start=\"1077\" data-end=\"1364\">\n<p data-start=\"1079\" data-end=\"1364\">\u26a0\ufe0f <strong data-start=\"1082\" data-end=\"1094\">Importante:<\/strong> O mero \u201ealuguer\u201c de um t\u00edtulo de mestre-artes\u00e3o sem a coopera\u00e7\u00e3o e a responsabilidade efectivas do mestre-artes\u00e3o \u00e9 <strong data-start=\"1201\" data-end=\"1218\">n\u00e3o autorizado<\/strong> e pode ter consequ\u00eancias legais tanto para a empresa como para o mestre artes\u00e3o (por exemplo, pela C\u00e2mara de Artesanato ou em caso de problemas de responsabilidade).<\/p>\n<\/blockquote>\n<hr data-start=\"1366\" data-end=\"1369\" \/>\n<h3 data-start=\"1371\" data-end=\"1418\">\u2705 <strong data-start=\"1377\" data-end=\"1418\">Alternativa legal: Contratar um mestre artes\u00e3o<\/strong><\/h3>\n<p data-start=\"1420\" data-end=\"1677\">O <strong data-start=\"1424\" data-end=\"1452\">Solu\u00e7\u00e3o legalmente limpa<\/strong> \u00e9 ter um mestre <strong data-start=\"1472\" data-end=\"1497\">contratar oficialmente<\/strong> - quer seja a tempo parcial ou \u00e0 hora. O mestre artes\u00e3o deve <strong data-start=\"1565\" data-end=\"1601\">trabalhar efetivamente na empresa<\/strong>, pelo menos numa fun\u00e7\u00e3o de gest\u00e3o, por exemplo, como <strong data-start=\"1646\" data-end=\"1676\">Gestor de opera\u00e7\u00f5es t\u00e9cnicas<\/strong>.<\/p>\n<hr data-start=\"1679\" data-end=\"1682\" \/>\n<h3 data-start=\"1684\" data-end=\"1696\">\ud83d\udccc Conclus\u00e3o<\/h3>\n<ul data-start=\"1698\" data-end=\"1996\">\n<li data-start=\"1698\" data-end=\"1768\">\n<p data-start=\"1700\" data-end=\"1768\"><strong data-start=\"1700\" data-end=\"1740\">Aluguer de t\u00edtulo puro (sem colabora\u00e7\u00e3o)<\/strong>n\u00e3o \u00e9 legalmente admiss\u00edvel<\/p>\n<\/li>\n<li data-start=\"1769\" data-end=\"1855\">\n<p data-start=\"1771\" data-end=\"1855\"><strong data-start=\"1771\" data-end=\"1798\">Remunera\u00e7\u00e3o justa e legal<\/strong> para emprego a tempo parcial: cerca de. <strong data-start=\"1828\" data-end=\"1853\">800 \u20ac - 1.200 \u20ac\/m\u00eas<\/strong><\/p>\n<\/li>\n<li data-start=\"1856\" data-end=\"1912\">\n<p data-start=\"1858\" data-end=\"1912\"><strong data-start=\"1858\" data-end=\"1881\">Emprego a tempo inteiro<\/strong>Sal\u00e1rio de mestre-artes\u00e3o do mercado normal<\/p>\n<\/li>\n<li data-start=\"1913\" data-end=\"1996\">\n<p data-start=\"1915\" data-end=\"1996\"><strong data-start=\"1915\" data-end=\"1943\">Prote\u00e7\u00e3o contratual<\/strong> \u00e9 obrigat\u00f3rio (emprego, contrato de gest\u00e3o, etc.)<\/p>\n<\/li>\n<\/ul>","protected":false},"excerpt":{"rendered":"<p>\ud83d\udcb0 Was kostet es, einen Meisterbrief zu &#8222;vermieten&#8220;? Der Begriff \u201eMeisterbrief vermieten\u201c ist umgangssprachlich und bezieht sich meist darauf, dass ein Meister formal einem Betrieb zur Verf\u00fcgung gestellt wird, damit dieser die Anforderungen der Handwerksordnung (HwO) erf\u00fcllt und in die Handwerksrolle eingetragen werden kann. Typische Preisgestaltung: Art der Vereinbarung Monatlicher Preis (ungef\u00e4hr) Nebenberuflich\/Teilzeit 500 \u20ac [&hellip;]<\/p>","protected":false},"featured_media":3143,"comment_status":"open","ping_status":"closed","template":"","meta":[],"product_brand":[],"product_cat":[44],"product_tag":[],"class_list":{"0":"post-3141","1":"product","2":"type-product","3":"status-publish","4":"has-post-thumbnail","6":"product_cat-uncategorized","8":"first","9":"instock","10":"shipping-taxable","11":"product-type-simple"},"yoast_head":"<!-- This site is optimized with the Yoast SEO Premium plugin v22.2 (Yoast SEO v26.2) - https:\/\/yoast.com\/wordpress\/plugins\/seo\/ -->\n<title>meisterbrief vermieten preis - Reisepassfuhrer<\/title>\n<meta name=\"description\" content=\"Der Begriff \u201eMeisterbrief vermieten\u201c ist umgangssprachlich und bezieht sich meist darauf, dass ein Meister formal einem Betrieb zur Verf\u00fcgung gestellt wird\" \/>\n<meta name=\"robots\" content=\"noindex, follow, max-snippet:-1, max-image-preview:large, max-video-preview:-1\" \/>\n<meta property=\"og:locale\" content=\"pt_PT\" \/>\n<meta property=\"og:type\" content=\"article\" \/>\n<meta property=\"og:title\" content=\"meisterbrief vermieten preis\" \/>\n<meta property=\"og:description\" content=\"Der Begriff \u201eMeisterbrief vermieten\u201c ist umgangssprachlich und bezieht sich meist darauf, dass ein Meister formal einem Betrieb zur Verf\u00fcgung gestellt wird\" \/>\n<meta property=\"og:url\" content=\"https:\/\/reisepassfuhrer.com\/pt\/product\/aluguer-preco-da-masterclass\/\" \/>\n<meta property=\"og:site_name\" content=\"Reisepassfuhrer\" \/>\n<meta property=\"article:modified_time\" content=\"2025-08-24T11:06:04+00:00\" \/>\n<meta property=\"og:image\" content=\"http:\/\/reisepassfuhrer.com\/wp-content\/uploads\/2025\/08\/download-51.jpeg\" \/>\n\t<meta property=\"og:image:width\" content=\"195\" \/>\n\t<meta property=\"og:image:height\" content=\"259\" \/>\n\t<meta property=\"og:image:type\" content=\"image\/jpeg\" \/>\n<meta name=\"twitter:card\" content=\"summary_large_image\" \/>\n<meta name=\"twitter:label1\" content=\"Tempo estimado de leitura\" \/>\n\t<meta name=\"twitter:data1\" content=\"1 minuto\" \/>\n<script type=\"application\/ld+json\" class=\"yoast-schema-graph\">{\"@context\":\"https:\/\/schema.org\",\"@graph\":[{\"@type\":\"WebPage\",\"@id\":\"https:\/\/reisepassfuhrer.com\/product\/meisterbrief-vermieten-preis\/\",\"url\":\"https:\/\/reisepassfuhrer.com\/product\/meisterbrief-vermieten-preis\/\",\"name\":\"meisterbrief vermieten preis - Reisepassfuhrer\",\"isPartOf\":{\"@id\":\"https:\/\/reisepassfuhrer.com\/#website\"},\"primaryImageOfPage\":{\"@id\":\"https:\/\/reisepassfuhrer.com\/product\/meisterbrief-vermieten-preis\/#primaryimage\"},\"image\":{\"@id\":\"https:\/\/reisepassfuhrer.com\/product\/meisterbrief-vermieten-preis\/#primaryimage\"},\"thumbnailUrl\":\"https:\/\/reisepassfuhrer.com\/wp-content\/uploads\/2025\/08\/download-51.jpeg\",\"datePublished\":\"2025-08-24T11:06:03+00:00\",\"dateModified\":\"2025-08-24T11:06:04+00:00\",\"description\":\"Der Begriff \u201eMeisterbrief vermieten\u201c ist umgangssprachlich und bezieht sich meist darauf, dass ein Meister formal einem Betrieb zur Verf\u00fcgung gestellt wird\",\"breadcrumb\":{\"@id\":\"https:\/\/reisepassfuhrer.com\/product\/meisterbrief-vermieten-preis\/#breadcrumb\"},\"inLanguage\":\"pt-PT\",\"potentialAction\":[{\"@type\":\"ReadAction\",\"target\":[\"https:\/\/reisepassfuhrer.com\/product\/meisterbrief-vermieten-preis\/\"]}]},{\"@type\":\"ImageObject\",\"inLanguage\":\"pt-PT\",\"@id\":\"https:\/\/reisepassfuhrer.com\/product\/meisterbrief-vermieten-preis\/#primaryimage\",\"url\":\"https:\/\/reisepassfuhrer.com\/wp-content\/uploads\/2025\/08\/download-51.jpeg\",\"contentUrl\":\"https:\/\/reisepassfuhrer.com\/wp-content\/uploads\/2025\/08\/download-51.jpeg\",\"width\":195,\"height\":259},{\"@type\":\"BreadcrumbList\",\"@id\":\"https:\/\/reisepassfuhrer.com\/product\/meisterbrief-vermieten-preis\/#breadcrumb\",\"itemListElement\":[{\"@type\":\"ListItem\",\"position\":1,\"name\":\"Home\",\"item\":\"https:\/\/reisepassfuhrer.com\/\"},{\"@type\":\"ListItem\",\"position\":2,\"name\":\"Shop\",\"item\":\"https:\/\/reisepassfuhrer.com\/shop\/\"},{\"@type\":\"ListItem\",\"position\":3,\"name\":\"meisterbrief vermieten preis\"}]},{\"@type\":\"WebSite\",\"@id\":\"https:\/\/reisepassfuhrer.com\/#website\",\"url\":\"https:\/\/reisepassfuhrer.com\/\",\"name\":\"Reisepassfuhrer\",\"description\":\"Reisepass Beantragen Berlin\",\"publisher\":{\"@id\":\"https:\/\/reisepassfuhrer.com\/#organization\"},\"potentialAction\":[{\"@type\":\"SearchAction\",\"target\":{\"@type\":\"EntryPoint\",\"urlTemplate\":\"https:\/\/reisepassfuhrer.com\/?s={search_term_string}\"},\"query-input\":{\"@type\":\"PropertyValueSpecification\",\"valueRequired\":true,\"valueName\":\"search_term_string\"}}],\"inLanguage\":\"pt-PT\"},{\"@type\":\"Organization\",\"@id\":\"https:\/\/reisepassfuhrer.com\/#organization\",\"name\":\"Reisepassfuhrer\",\"url\":\"https:\/\/reisepassfuhrer.com\/\",\"logo\":{\"@type\":\"ImageObject\",\"inLanguage\":\"pt-PT\",\"@id\":\"https:\/\/reisepassfuhrer.com\/#\/schema\/logo\/image\/\",\"url\":\"https:\/\/reisepassfuhrer.com\/wp-content\/uploads\/2024\/03\/Reisepassfuhrer-logo.png\",\"contentUrl\":\"https:\/\/reisepassfuhrer.com\/wp-content\/uploads\/2024\/03\/Reisepassfuhrer-logo.png\",\"width\":112,\"height\":112,\"caption\":\"Reisepassfuhrer\"},\"image\":{\"@id\":\"https:\/\/reisepassfuhrer.com\/#\/schema\/logo\/image\/\"}}]}<\/script>\n<!-- \/ Yoast SEO Premium plugin. -->","yoast_head_json":{"title":"masterclass para pre\u00e7o de aluguer - Reisepassfuhrer","description":"A express\u00e3o \u201ecertificado de mestre-artes\u00e3o de aluguer\u201c \u00e9 coloquial e refere-se geralmente ao facto de um mestre-artes\u00e3o ser formalmente colocado \u00e0 disposi\u00e7\u00e3o de uma empresa","robots":{"index":"noindex","follow":"follow","max-snippet":"max-snippet:-1","max-image-preview":"max-image-preview:large","max-video-preview":"max-video-preview:-1"},"og_locale":"pt_PT","og_type":"article","og_title":"meisterbrief vermieten preis","og_description":"Der Begriff \u201eMeisterbrief vermieten\u201c ist umgangssprachlich und bezieht sich meist darauf, dass ein Meister formal einem Betrieb zur Verf\u00fcgung gestellt wird","og_url":"https:\/\/reisepassfuhrer.com\/pt\/product\/aluguer-preco-da-masterclass\/","og_site_name":"Reisepassfuhrer","article_modified_time":"2025-08-24T11:06:04+00:00","og_image":[{"width":195,"height":259,"url":"http:\/\/reisepassfuhrer.com\/wp-content\/uploads\/2025\/08\/download-51.jpeg","type":"image\/jpeg"}],"twitter_card":"summary_large_image","twitter_misc":{"Tempo estimado de leitura":"1 minuto"},"schema":{"@context":"https:\/\/schema.org","@graph":[{"@type":"WebPage","@id":"https:\/\/reisepassfuhrer.com\/product\/meisterbrief-vermieten-preis\/","url":"https:\/\/reisepassfuhrer.com\/product\/meisterbrief-vermieten-preis\/","name":"masterclass para pre\u00e7o de aluguer - Reisepassfuhrer","isPartOf":{"@id":"https:\/\/reisepassfuhrer.com\/#website"},"primaryImageOfPage":{"@id":"https:\/\/reisepassfuhrer.com\/product\/meisterbrief-vermieten-preis\/#primaryimage"},"image":{"@id":"https:\/\/reisepassfuhrer.com\/product\/meisterbrief-vermieten-preis\/#primaryimage"},"thumbnailUrl":"https:\/\/reisepassfuhrer.com\/wp-content\/uploads\/2025\/08\/download-51.jpeg","datePublished":"2025-08-24T11:06:03+00:00","dateModified":"2025-08-24T11:06:04+00:00","description":"A express\u00e3o \u201ecertificado de mestre-artes\u00e3o de aluguer\u201c \u00e9 coloquial e refere-se geralmente ao facto de um mestre-artes\u00e3o ser formalmente colocado \u00e0 disposi\u00e7\u00e3o de uma empresa","breadcrumb":{"@id":"https:\/\/reisepassfuhrer.com\/product\/meisterbrief-vermieten-preis\/#breadcrumb"},"inLanguage":"pt-PT","potentialAction":[{"@type":"ReadAction","target":["https:\/\/reisepassfuhrer.com\/product\/meisterbrief-vermieten-preis\/"]}]},{"@type":"ImageObject","inLanguage":"pt-PT","@id":"https:\/\/reisepassfuhrer.com\/product\/meisterbrief-vermieten-preis\/#primaryimage","url":"https:\/\/reisepassfuhrer.com\/wp-content\/uploads\/2025\/08\/download-51.jpeg","contentUrl":"https:\/\/reisepassfuhrer.com\/wp-content\/uploads\/2025\/08\/download-51.jpeg","width":195,"height":259},{"@type":"BreadcrumbList","@id":"https:\/\/reisepassfuhrer.com\/product\/meisterbrief-vermieten-preis\/#breadcrumb","itemListElement":[{"@type":"ListItem","position":1,"name":"Home","item":"https:\/\/reisepassfuhrer.com\/"},{"@type":"ListItem","position":2,"name":"Shop","item":"https:\/\/reisepassfuhrer.com\/shop\/"},{"@type":"ListItem","position":3,"name":"meisterbrief vermieten preis"}]},{"@type":"WebSite","@id":"https:\/\/reisepassfuhrer.com\/#website","url":"https:\/\/reisepassfuhrer.com\/","name":"Guia de passaportes","description":"Pedir um passaporte Berlim","publisher":{"@id":"https:\/\/reisepassfuhrer.com\/#organization"},"potentialAction":[{"@type":"SearchAction","target":{"@type":"EntryPoint","urlTemplate":"https:\/\/reisepassfuhrer.com\/?s={search_term_string}"},"query-input":{"@type":"PropertyValueSpecification","valueRequired":true,"valueName":"search_term_string"}}],"inLanguage":"pt-PT"},{"@type":"Organization","@id":"https:\/\/reisepassfuhrer.com\/#organization","name":"Guia de passaportes","url":"https:\/\/reisepassfuhrer.com\/","logo":{"@type":"ImageObject","inLanguage":"pt-PT","@id":"https:\/\/reisepassfuhrer.com\/#\/schema\/logo\/image\/","url":"https:\/\/reisepassfuhrer.com\/wp-content\/uploads\/2024\/03\/Reisepassfuhrer-logo.png","contentUrl":"https:\/\/reisepassfuhrer.com\/wp-content\/uploads\/2024\/03\/Reisepassfuhrer-logo.png","width":112,"height":112,"caption":"Reisepassfuhrer"},"image":{"@id":"https:\/\/reisepassfuhrer.com\/#\/schema\/logo\/image\/"}}]}},"_links":{"self":[{"href":"https:\/\/reisepassfuhrer.com\/pt\/wp-json\/wp\/v2\/product\/3141","targetHints":{"allow":["GET"]}}],"collection":[{"href":"https:\/\/reisepassfuhrer.com\/pt\/wp-json\/wp\/v2\/product"}],"about":[{"href":"https:\/\/reisepassfuhrer.com\/pt\/wp-json\/wp\/v2\/types\/product"}],"replies":[{"embeddable":true,"href":"https:\/\/reisepassfuhrer.com\/pt\/wp-json\/wp\/v2\/comments?post=3141"}],"wp:featuredmedia":[{"embeddable":true,"href":"https:\/\/reisepassfuhrer.com\/pt\/wp-json\/wp\/v2\/media\/3143"}],"wp:attachment":[{"href":"https:\/\/reisepassfuhrer.com\/pt\/wp-json\/wp\/v2\/media?parent=3141"}],"wp:term":[{"taxonomy":"product_brand","embeddable":true,"href":"https:\/\/reisepassfuhrer.com\/pt\/wp-json\/wp\/v2\/product_brand?post=3141"},{"taxonomy":"product_cat","embeddable":true,"href":"https:\/\/reisepassfuhrer.com\/pt\/wp-json\/wp\/v2\/product_cat?post=3141"},{"taxonomy":"product_tag","embeddable":true,"href":"https:\/\/reisepassfuhrer.com\/pt\/wp-json\/wp\/v2\/product_tag?post=3141"}],"curies":[{"name":"wp","href":"https:\/\/api.w.org\/{rel}","templated":true}]}}