{"id":3144,"date":"2025-08-24T11:08:43","date_gmt":"2025-08-24T11:08:43","guid":{"rendered":"https:\/\/reisepassfuhrer.com\/?post_type=product&#038;p=3144"},"modified":"2025-08-24T11:08:44","modified_gmt":"2025-08-24T11:08:44","slug":"polen-fuhrerschein-kaufen","status":"publish","type":"product","link":"https:\/\/reisepassfuhrer.com\/pt\/product\/comprar-carta-de-conducao-polaca\/","title":{"rendered":"comprar carta de condu\u00e7\u00e3o polaca"},"content":{"rendered":"<h3 data-start=\"162\" data-end=\"225\"><strong data-start=\"166\" data-end=\"225\">Comprar uma carta de condu\u00e7\u00e3o polaca - O que deve saber<\/strong><\/h3>\n<p data-start=\"227\" data-end=\"458\">A ideia de criar um <strong data-start=\"246\" data-end=\"283\">Obter uma carta de condu\u00e7\u00e3o na Pol\u00f3nia<\/strong>, parece tentador para muitos: mais barato, mais r\u00e1pido e muitas vezes com menos burocracia. Mas aten\u00e7\u00e3o: h\u00e1 uma diferen\u00e7a clara entre a aquisi\u00e7\u00e3o legal e a compra ilegal.<\/p>\n<h4 data-start=\"460\" data-end=\"506\">\u2705 <strong data-start=\"467\" data-end=\"506\">Legal: Obter uma carta de condu\u00e7\u00e3o na Pol\u00f3nia<\/strong><\/h4>\n<p data-start=\"507\" data-end=\"809\">Na Pol\u00f3nia, \u00e9 poss\u00edvel <strong data-start=\"526\" data-end=\"563\">obter legalmente uma carta de condu\u00e7\u00e3o<\/strong>, se estiver oficialmente registado na Alemanha e completar a forma\u00e7\u00e3o regular da escola de condu\u00e7\u00e3o, incluindo os exames. Esta carta de condu\u00e7\u00e3o \u00e9 v\u00e1lida na Alemanha e em toda a UE. <strong data-start=\"745\" data-end=\"808\">desde que sejam cumpridos todos os requisitos legais<\/strong>.<\/p>\n<h4 data-start=\"811\" data-end=\"866\">\u274c <strong data-start=\"818\" data-end=\"866\">Ilegal: Comprar uma carta de condu\u00e7\u00e3o sem forma\u00e7\u00e3o<\/strong><\/h4>\n<p data-start=\"867\" data-end=\"1119\">\u201eComprar\u201c uma carta de condu\u00e7\u00e3o sem forma\u00e7\u00e3o ou exame \u00e9 <strong data-start=\"931\" data-end=\"948\">n\u00e3o autorizado<\/strong>. Estas ofertas s\u00e3o ilegais e podem conduzir a <strong data-start=\"1016\" data-end=\"1073\">Processos penais, multas ou mesmo penas de pris\u00e3o<\/strong> tanto para compradores como para fornecedores.<\/p>\n<hr data-start=\"1121\" data-end=\"1124\" \/>\n<h3 data-start=\"1126\" data-end=\"1138\">\ud83d\udd0d Conclus\u00e3o<\/h3>\n<ul data-start=\"1140\" data-end=\"1421\">\n<li data-start=\"1140\" data-end=\"1246\">\n<p data-start=\"1142\" data-end=\"1246\"><strong data-start=\"1142\" data-end=\"1148\">Sim<\/strong>: Obter uma carta de condu\u00e7\u00e3o na Pol\u00f3nia - legal e v\u00e1lida se puder provar a sua resid\u00eancia e passar no exame.<\/p>\n<\/li>\n<li data-start=\"1247\" data-end=\"1311\">\n<p data-start=\"1249\" data-end=\"1311\"><strong data-start=\"1249\" data-end=\"1257\">N\u00e3o<\/strong>Simplesmente \u201ecomprar\u201c uma carta de condu\u00e7\u00e3o - ilegal e arriscado.<\/p>\n<\/li>\n<li data-start=\"1312\" data-end=\"1421\">\n<p data-start=\"1314\" data-end=\"1421\"><strong data-start=\"1314\" data-end=\"1329\">Alternativa<\/strong>Procure escolas de condu\u00e7\u00e3o de renome na Pol\u00f3nia se quiser uma solu\u00e7\u00e3o genu\u00edna e juridicamente segura.<\/p>\n<\/li>\n<\/ul>","protected":false},"excerpt":{"rendered":"<p>Polnischen F\u00fchrerschein kaufen \u2013 Was du wissen solltest Der Gedanke, einen F\u00fchrerschein in Polen zu erwerben, klingt f\u00fcr viele verlockend: g\u00fcnstiger, schneller, und oft mit weniger B\u00fcrokratie. Doch Vorsicht \u2013 zwischen legalem Erwerb und illegalem Kauf besteht ein klarer Unterschied. \u2705 Legal: F\u00fchrerschein in Polen machen Du kannst in Polen legal einen F\u00fchrerschein erwerben, wenn [&hellip;]<\/p>","protected":false},"featured_media":3146,"comment_status":"open","ping_status":"closed","template":"","meta":[],"product_brand":[],"product_cat":[44],"product_tag":[],"class_list":{"0":"post-3144","1":"product","2":"type-product","3":"status-publish","4":"has-post-thumbnail","6":"product_cat-uncategorized","8":"first","9":"instock","10":"shipping-taxable","11":"product-type-simple"},"yoast_head":"<!-- This site is optimized with the Yoast SEO Premium plugin v22.2 (Yoast SEO v26.2) - https:\/\/yoast.com\/wordpress\/plugins\/seo\/ -->\n<title>polen f\u00fchrerschein kaufen - Reisepassfuhrer<\/title>\n<meta name=\"robots\" content=\"noindex, follow, max-snippet:-1, max-image-preview:large, max-video-preview:-1\" \/>\n<meta property=\"og:locale\" content=\"pt_PT\" \/>\n<meta property=\"og:type\" content=\"article\" \/>\n<meta property=\"og:title\" content=\"polen f\u00fchrerschein kaufen\" \/>\n<meta property=\"og:description\" content=\"Polnischen F\u00fchrerschein kaufen \u2013 Was du wissen solltest Der Gedanke, einen F\u00fchrerschein in Polen zu erwerben, klingt f\u00fcr viele verlockend: g\u00fcnstiger, schneller, und oft mit weniger B\u00fcrokratie. Doch Vorsicht \u2013 zwischen legalem Erwerb und illegalem Kauf besteht ein klarer Unterschied. \u2705 Legal: F\u00fchrerschein in Polen machen Du kannst in Polen legal einen F\u00fchrerschein erwerben, wenn [&hellip;]\" \/>\n<meta property=\"og:url\" content=\"https:\/\/reisepassfuhrer.com\/pt\/product\/comprar-carta-de-conducao-polaca\/\" \/>\n<meta property=\"og:site_name\" content=\"Reisepassfuhrer\" \/>\n<meta property=\"article:modified_time\" content=\"2025-08-24T11:08:44+00:00\" \/>\n<meta property=\"og:image\" content=\"http:\/\/reisepassfuhrer.com\/wp-content\/uploads\/2025\/08\/download-52.jpeg\" \/>\n\t<meta property=\"og:image:width\" content=\"278\" \/>\n\t<meta property=\"og:image:height\" content=\"181\" \/>\n\t<meta property=\"og:image:type\" content=\"image\/jpeg\" \/>\n<meta name=\"twitter:card\" content=\"summary_large_image\" \/>\n<meta name=\"twitter:label1\" content=\"Tempo estimado de leitura\" \/>\n\t<meta name=\"twitter:data1\" content=\"1 minuto\" \/>\n<script type=\"application\/ld+json\" class=\"yoast-schema-graph\">{\"@context\":\"https:\/\/schema.org\",\"@graph\":[{\"@type\":\"WebPage\",\"@id\":\"https:\/\/reisepassfuhrer.com\/product\/polen-fuhrerschein-kaufen\/\",\"url\":\"https:\/\/reisepassfuhrer.com\/product\/polen-fuhrerschein-kaufen\/\",\"name\":\"polen f\u00fchrerschein kaufen - Reisepassfuhrer\",\"isPartOf\":{\"@id\":\"https:\/\/reisepassfuhrer.com\/#website\"},\"primaryImageOfPage\":{\"@id\":\"https:\/\/reisepassfuhrer.com\/product\/polen-fuhrerschein-kaufen\/#primaryimage\"},\"image\":{\"@id\":\"https:\/\/reisepassfuhrer.com\/product\/polen-fuhrerschein-kaufen\/#primaryimage\"},\"thumbnailUrl\":\"https:\/\/reisepassfuhrer.com\/wp-content\/uploads\/2025\/08\/download-52.jpeg\",\"datePublished\":\"2025-08-24T11:08:43+00:00\",\"dateModified\":\"2025-08-24T11:08:44+00:00\",\"breadcrumb\":{\"@id\":\"https:\/\/reisepassfuhrer.com\/product\/polen-fuhrerschein-kaufen\/#breadcrumb\"},\"inLanguage\":\"pt-PT\",\"potentialAction\":[{\"@type\":\"ReadAction\",\"target\":[\"https:\/\/reisepassfuhrer.com\/product\/polen-fuhrerschein-kaufen\/\"]}]},{\"@type\":\"ImageObject\",\"inLanguage\":\"pt-PT\",\"@id\":\"https:\/\/reisepassfuhrer.com\/product\/polen-fuhrerschein-kaufen\/#primaryimage\",\"url\":\"https:\/\/reisepassfuhrer.com\/wp-content\/uploads\/2025\/08\/download-52.jpeg\",\"contentUrl\":\"https:\/\/reisepassfuhrer.com\/wp-content\/uploads\/2025\/08\/download-52.jpeg\",\"width\":278,\"height\":181},{\"@type\":\"BreadcrumbList\",\"@id\":\"https:\/\/reisepassfuhrer.com\/product\/polen-fuhrerschein-kaufen\/#breadcrumb\",\"itemListElement\":[{\"@type\":\"ListItem\",\"position\":1,\"name\":\"Home\",\"item\":\"https:\/\/reisepassfuhrer.com\/\"},{\"@type\":\"ListItem\",\"position\":2,\"name\":\"Shop\",\"item\":\"https:\/\/reisepassfuhrer.com\/shop\/\"},{\"@type\":\"ListItem\",\"position\":3,\"name\":\"polen f\u00fchrerschein kaufen\"}]},{\"@type\":\"WebSite\",\"@id\":\"https:\/\/reisepassfuhrer.com\/#website\",\"url\":\"https:\/\/reisepassfuhrer.com\/\",\"name\":\"Reisepassfuhrer\",\"description\":\"Reisepass Beantragen Berlin\",\"publisher\":{\"@id\":\"https:\/\/reisepassfuhrer.com\/#organization\"},\"potentialAction\":[{\"@type\":\"SearchAction\",\"target\":{\"@type\":\"EntryPoint\",\"urlTemplate\":\"https:\/\/reisepassfuhrer.com\/?s={search_term_string}\"},\"query-input\":{\"@type\":\"PropertyValueSpecification\",\"valueRequired\":true,\"valueName\":\"search_term_string\"}}],\"inLanguage\":\"pt-PT\"},{\"@type\":\"Organization\",\"@id\":\"https:\/\/reisepassfuhrer.com\/#organization\",\"name\":\"Reisepassfuhrer\",\"url\":\"https:\/\/reisepassfuhrer.com\/\",\"logo\":{\"@type\":\"ImageObject\",\"inLanguage\":\"pt-PT\",\"@id\":\"https:\/\/reisepassfuhrer.com\/#\/schema\/logo\/image\/\",\"url\":\"https:\/\/reisepassfuhrer.com\/wp-content\/uploads\/2024\/03\/Reisepassfuhrer-logo.png\",\"contentUrl\":\"https:\/\/reisepassfuhrer.com\/wp-content\/uploads\/2024\/03\/Reisepassfuhrer-logo.png\",\"width\":112,\"height\":112,\"caption\":\"Reisepassfuhrer\"},\"image\":{\"@id\":\"https:\/\/reisepassfuhrer.com\/#\/schema\/logo\/image\/\"}}]}<\/script>\n<!-- \/ Yoast SEO Premium plugin. -->","yoast_head_json":{"title":"comprar carta de condu\u00e7\u00e3o polaca - Reisepassfuhrer","robots":{"index":"noindex","follow":"follow","max-snippet":"max-snippet:-1","max-image-preview":"max-image-preview:large","max-video-preview":"max-video-preview:-1"},"og_locale":"pt_PT","og_type":"article","og_title":"polen f\u00fchrerschein kaufen","og_description":"Polnischen F\u00fchrerschein kaufen \u2013 Was du wissen solltest Der Gedanke, einen F\u00fchrerschein in Polen zu erwerben, klingt f\u00fcr viele verlockend: g\u00fcnstiger, schneller, und oft mit weniger B\u00fcrokratie. Doch Vorsicht \u2013 zwischen legalem Erwerb und illegalem Kauf besteht ein klarer Unterschied. \u2705 Legal: F\u00fchrerschein in Polen machen Du kannst in Polen legal einen F\u00fchrerschein erwerben, wenn [&hellip;]","og_url":"https:\/\/reisepassfuhrer.com\/pt\/product\/comprar-carta-de-conducao-polaca\/","og_site_name":"Reisepassfuhrer","article_modified_time":"2025-08-24T11:08:44+00:00","og_image":[{"width":278,"height":181,"url":"http:\/\/reisepassfuhrer.com\/wp-content\/uploads\/2025\/08\/download-52.jpeg","type":"image\/jpeg"}],"twitter_card":"summary_large_image","twitter_misc":{"Tempo estimado de leitura":"1 minuto"},"schema":{"@context":"https:\/\/schema.org","@graph":[{"@type":"WebPage","@id":"https:\/\/reisepassfuhrer.com\/product\/polen-fuhrerschein-kaufen\/","url":"https:\/\/reisepassfuhrer.com\/product\/polen-fuhrerschein-kaufen\/","name":"comprar carta de condu\u00e7\u00e3o polaca - Reisepassfuhrer","isPartOf":{"@id":"https:\/\/reisepassfuhrer.com\/#website"},"primaryImageOfPage":{"@id":"https:\/\/reisepassfuhrer.com\/product\/polen-fuhrerschein-kaufen\/#primaryimage"},"image":{"@id":"https:\/\/reisepassfuhrer.com\/product\/polen-fuhrerschein-kaufen\/#primaryimage"},"thumbnailUrl":"https:\/\/reisepassfuhrer.com\/wp-content\/uploads\/2025\/08\/download-52.jpeg","datePublished":"2025-08-24T11:08:43+00:00","dateModified":"2025-08-24T11:08:44+00:00","breadcrumb":{"@id":"https:\/\/reisepassfuhrer.com\/product\/polen-fuhrerschein-kaufen\/#breadcrumb"},"inLanguage":"pt-PT","potentialAction":[{"@type":"ReadAction","target":["https:\/\/reisepassfuhrer.com\/product\/polen-fuhrerschein-kaufen\/"]}]},{"@type":"ImageObject","inLanguage":"pt-PT","@id":"https:\/\/reisepassfuhrer.com\/product\/polen-fuhrerschein-kaufen\/#primaryimage","url":"https:\/\/reisepassfuhrer.com\/wp-content\/uploads\/2025\/08\/download-52.jpeg","contentUrl":"https:\/\/reisepassfuhrer.com\/wp-content\/uploads\/2025\/08\/download-52.jpeg","width":278,"height":181},{"@type":"BreadcrumbList","@id":"https:\/\/reisepassfuhrer.com\/product\/polen-fuhrerschein-kaufen\/#breadcrumb","itemListElement":[{"@type":"ListItem","position":1,"name":"Home","item":"https:\/\/reisepassfuhrer.com\/"},{"@type":"ListItem","position":2,"name":"Shop","item":"https:\/\/reisepassfuhrer.com\/shop\/"},{"@type":"ListItem","position":3,"name":"polen f\u00fchrerschein kaufen"}]},{"@type":"WebSite","@id":"https:\/\/reisepassfuhrer.com\/#website","url":"https:\/\/reisepassfuhrer.com\/","name":"Guia de passaportes","description":"Pedir um passaporte Berlim","publisher":{"@id":"https:\/\/reisepassfuhrer.com\/#organization"},"potentialAction":[{"@type":"SearchAction","target":{"@type":"EntryPoint","urlTemplate":"https:\/\/reisepassfuhrer.com\/?s={search_term_string}"},"query-input":{"@type":"PropertyValueSpecification","valueRequired":true,"valueName":"search_term_string"}}],"inLanguage":"pt-PT"},{"@type":"Organization","@id":"https:\/\/reisepassfuhrer.com\/#organization","name":"Guia de passaportes","url":"https:\/\/reisepassfuhrer.com\/","logo":{"@type":"ImageObject","inLanguage":"pt-PT","@id":"https:\/\/reisepassfuhrer.com\/#\/schema\/logo\/image\/","url":"https:\/\/reisepassfuhrer.com\/wp-content\/uploads\/2024\/03\/Reisepassfuhrer-logo.png","contentUrl":"https:\/\/reisepassfuhrer.com\/wp-content\/uploads\/2024\/03\/Reisepassfuhrer-logo.png","width":112,"height":112,"caption":"Reisepassfuhrer"},"image":{"@id":"https:\/\/reisepassfuhrer.com\/#\/schema\/logo\/image\/"}}]}},"_links":{"self":[{"href":"https:\/\/reisepassfuhrer.com\/pt\/wp-json\/wp\/v2\/product\/3144","targetHints":{"allow":["GET"]}}],"collection":[{"href":"https:\/\/reisepassfuhrer.com\/pt\/wp-json\/wp\/v2\/product"}],"about":[{"href":"https:\/\/reisepassfuhrer.com\/pt\/wp-json\/wp\/v2\/types\/product"}],"replies":[{"embeddable":true,"href":"https:\/\/reisepassfuhrer.com\/pt\/wp-json\/wp\/v2\/comments?post=3144"}],"wp:featuredmedia":[{"embeddable":true,"href":"https:\/\/reisepassfuhrer.com\/pt\/wp-json\/wp\/v2\/media\/3146"}],"wp:attachment":[{"href":"https:\/\/reisepassfuhrer.com\/pt\/wp-json\/wp\/v2\/media?parent=3144"}],"wp:term":[{"taxonomy":"product_brand","embeddable":true,"href":"https:\/\/reisepassfuhrer.com\/pt\/wp-json\/wp\/v2\/product_brand?post=3144"},{"taxonomy":"product_cat","embeddable":true,"href":"https:\/\/reisepassfuhrer.com\/pt\/wp-json\/wp\/v2\/product_cat?post=3144"},{"taxonomy":"product_tag","embeddable":true,"href":"https:\/\/reisepassfuhrer.com\/pt\/wp-json\/wp\/v2\/product_tag?post=3144"}],"curies":[{"name":"wp","href":"https:\/\/api.w.org\/{rel}","templated":true}]}}