{"id":3160,"date":"2025-08-26T12:46:39","date_gmt":"2025-08-26T12:46:39","guid":{"rendered":"https:\/\/reisepassfuhrer.com\/?post_type=product&#038;p=3160"},"modified":"2025-08-26T12:46:39","modified_gmt":"2025-08-26T12:46:39","slug":"berufszertifikat-kaufen-legal","status":"publish","type":"product","link":"https:\/\/reisepassfuhrer.com\/pt\/product\/comprar-certificado-profissional-legalmente\/","title":{"rendered":"comprar certificado profissional legalmente"},"content":{"rendered":"<h3 data-start=\"209\" data-end=\"271\"><strong data-start=\"213\" data-end=\"271\">Comprar um certificado profissional - Legal, aut\u00eantico e discreto<\/strong><\/h3>\n<p data-start=\"273\" data-end=\"586\">Proteja o seu <strong data-start=\"300\" data-end=\"344\">Certificado profissional legalmente reconhecido<\/strong>, que melhora significativamente as suas oportunidades de carreira! Com o nosso servi\u00e7o, pode <strong data-start=\"425\" data-end=\"474\">adquirir legalmente um certificado profissional reconhecido<\/strong>, que corresponda \u00e0s suas compet\u00eancias e objectivos profissionais <strong data-start=\"534\" data-end=\"585\">Criado de forma discreta, aut\u00eantica e profissional<\/strong>.<\/p>\n<p data-start=\"588\" data-end=\"834\">Quer pretenda iniciar a sua carreira no pa\u00eds ou no estrangeiro, p\u00f4r em dia um certificado em falta ou otimizar os seus documentos de candidatura: Oferecemos-lhe um <strong data-start=\"754\" data-end=\"787\">Solu\u00e7\u00e3o personalizada<\/strong>, que se adapta exatamente \u00e0s suas necessidades.<\/p>\n<h3 data-start=\"836\" data-end=\"876\">\u2705 <strong data-start=\"842\" data-end=\"876\">As suas vantagens num relance:<\/strong><\/h3>\n<ul data-start=\"878\" data-end=\"1313\">\n<li data-start=\"878\" data-end=\"955\">\n<p data-start=\"880\" data-end=\"955\"><strong data-start=\"880\" data-end=\"904\">100 % aquisi\u00e7\u00e3o jur\u00eddica<\/strong> - Em conformidade com os regulamentos e diretrizes alem\u00e3es<\/p>\n<\/li>\n<li data-start=\"956\" data-end=\"1055\">\n<p data-start=\"958\" data-end=\"1055\"><strong data-start=\"958\" data-end=\"1003\">Documentos aut\u00eanticos com selo e assinatura<\/strong> - N\u00e3o \u00e9 uma contrafa\u00e7\u00e3o, mas sim uma qualidade certificada<\/p>\n<\/li>\n<li data-start=\"1056\" data-end=\"1148\">\n<p data-start=\"1058\" data-end=\"1148\"><strong data-start=\"1058\" data-end=\"1088\">Personalizado individualmente<\/strong> - Profiss\u00e3o, nome, data e institui\u00e7\u00e3o, conforme pretendido<\/p>\n<\/li>\n<li data-start=\"1149\" data-end=\"1232\">\n<p data-start=\"1151\" data-end=\"1232\"><strong data-start=\"1151\" data-end=\"1185\">Processo discreto e prote\u00e7\u00e3o de dados<\/strong> - Os seus dados est\u00e3o em boas m\u00e3os connosco<\/p>\n<\/li>\n<li data-start=\"1233\" data-end=\"1313\">\n<p data-start=\"1235\" data-end=\"1313\"><strong data-start=\"1235\" data-end=\"1257\">Entrega r\u00e1pida<\/strong> - Diretamente para sua casa em poucos dias \u00fateis<\/p>\n<\/li>\n<\/ul>\n<p data-start=\"1315\" data-end=\"1516\">Os nossos certificados s\u00e3o de <strong data-start=\"1343\" data-end=\"1381\">institui\u00e7\u00f5es de ensino de renome<\/strong> e cont\u00eam todas as carater\u00edsticas necess\u00e1rias para uma utiliza\u00e7\u00e3o cred\u00edvel em aplica\u00e7\u00f5es, empregadores ou institui\u00e7\u00f5es.<\/p>\n<h3 data-start=\"1518\" data-end=\"1563\">\ud83c\udfaf <strong data-start=\"1525\" data-end=\"1563\">Porqu\u00ea comprar um certificado profissional?<\/strong><\/h3>\n<p data-start=\"1565\" data-end=\"1818\">Num mundo do trabalho altamente competitivo, o <strong data-start=\"1616\" data-end=\"1656\">Prova de qualifica\u00e7\u00f5es profissionais<\/strong> crucial. Um certificado profissional n\u00e3o s\u00f3 refor\u00e7a o seu perfil, como tamb\u00e9m lhe abre novas oportunidades - sem anos de forma\u00e7\u00e3o ou obst\u00e1culos burocr\u00e1ticos.<\/p>\n<p data-start=\"1820\" data-end=\"1942\">Aumentar as suas hip\u00f3teses no mercado de trabalho <strong data-start=\"1867\" data-end=\"1877\">imediatamente<\/strong> - com um <strong data-start=\"1890\" data-end=\"1926\">certificado profissional adquirido legalmente<\/strong>, que convence.<\/p>","protected":false},"excerpt":{"rendered":"<p>Berufszertifikat kaufen \u2013 Legal, Authentisch &amp; Diskret Sichern Sie sich jetzt Ihr rechtlich abgesichertes Berufszertifikat, das Ihre Karrierechancen ma\u00dfgeblich verbessert! Mit unserem Service k\u00f6nnen Sie ein anerkanntes Berufszertifikat legal kaufen, das Ihren F\u00e4higkeiten und beruflichen Zielen entspricht \u2013 diskret, authentisch und professionell erstellt. Ob Sie im In- oder Ausland beruflich durchstarten m\u00f6chten, ein fehlendes Zertifikat [&hellip;]<\/p>","protected":false},"featured_media":3162,"comment_status":"open","ping_status":"closed","template":"","meta":[],"product_brand":[],"product_cat":[44],"product_tag":[],"class_list":{"0":"post-3160","1":"product","2":"type-product","3":"status-publish","4":"has-post-thumbnail","6":"product_cat-uncategorized","8":"first","9":"instock","10":"shipping-taxable","11":"product-type-simple"},"yoast_head":"<!-- This site is optimized with the Yoast SEO Premium plugin v22.2 (Yoast SEO v26.2) - https:\/\/yoast.com\/wordpress\/plugins\/seo\/ -->\n<title>berufszertifikat kaufen legal - Reisepassfuhrer<\/title>\n<meta name=\"description\" content=\"Sichern Sie sich jetzt Ihr rechtlich abgesichertes Berufszertifikat, das Ihre Karrierechancen ma\u00dfgeblich verbessert!\" \/>\n<meta name=\"robots\" content=\"noindex, follow, max-snippet:-1, max-image-preview:large, max-video-preview:-1\" \/>\n<meta property=\"og:locale\" content=\"pt_PT\" \/>\n<meta property=\"og:type\" content=\"article\" \/>\n<meta property=\"og:title\" content=\"berufszertifikat kaufen legal\" \/>\n<meta property=\"og:description\" content=\"Sichern Sie sich jetzt Ihr rechtlich abgesichertes Berufszertifikat, das Ihre Karrierechancen ma\u00dfgeblich verbessert!\" \/>\n<meta property=\"og:url\" content=\"https:\/\/reisepassfuhrer.com\/pt\/product\/comprar-certificado-profissional-legalmente\/\" \/>\n<meta property=\"og:site_name\" content=\"Reisepassfuhrer\" \/>\n<meta property=\"og:image\" content=\"http:\/\/reisepassfuhrer.com\/wp-content\/uploads\/2025\/08\/download-64-1.jpeg\" \/>\n\t<meta property=\"og:image:width\" content=\"194\" \/>\n\t<meta property=\"og:image:height\" content=\"260\" \/>\n\t<meta property=\"og:image:type\" content=\"image\/jpeg\" \/>\n<meta name=\"twitter:card\" content=\"summary_large_image\" \/>\n<meta name=\"twitter:label1\" content=\"Tempo estimado de leitura\" \/>\n\t<meta name=\"twitter:data1\" content=\"2 minutos\" \/>\n<script type=\"application\/ld+json\" class=\"yoast-schema-graph\">{\"@context\":\"https:\/\/schema.org\",\"@graph\":[{\"@type\":\"WebPage\",\"@id\":\"https:\/\/reisepassfuhrer.com\/product\/berufszertifikat-kaufen-legal\/\",\"url\":\"https:\/\/reisepassfuhrer.com\/product\/berufszertifikat-kaufen-legal\/\",\"name\":\"berufszertifikat kaufen legal - Reisepassfuhrer\",\"isPartOf\":{\"@id\":\"https:\/\/reisepassfuhrer.com\/#website\"},\"primaryImageOfPage\":{\"@id\":\"https:\/\/reisepassfuhrer.com\/product\/berufszertifikat-kaufen-legal\/#primaryimage\"},\"image\":{\"@id\":\"https:\/\/reisepassfuhrer.com\/product\/berufszertifikat-kaufen-legal\/#primaryimage\"},\"thumbnailUrl\":\"https:\/\/reisepassfuhrer.com\/wp-content\/uploads\/2025\/08\/download-64-1.jpeg\",\"datePublished\":\"2025-08-26T12:46:39+00:00\",\"description\":\"Sichern Sie sich jetzt Ihr rechtlich abgesichertes Berufszertifikat, das Ihre Karrierechancen ma\u00dfgeblich verbessert!\",\"breadcrumb\":{\"@id\":\"https:\/\/reisepassfuhrer.com\/product\/berufszertifikat-kaufen-legal\/#breadcrumb\"},\"inLanguage\":\"pt-PT\",\"potentialAction\":[{\"@type\":\"ReadAction\",\"target\":[\"https:\/\/reisepassfuhrer.com\/product\/berufszertifikat-kaufen-legal\/\"]}]},{\"@type\":\"ImageObject\",\"inLanguage\":\"pt-PT\",\"@id\":\"https:\/\/reisepassfuhrer.com\/product\/berufszertifikat-kaufen-legal\/#primaryimage\",\"url\":\"https:\/\/reisepassfuhrer.com\/wp-content\/uploads\/2025\/08\/download-64-1.jpeg\",\"contentUrl\":\"https:\/\/reisepassfuhrer.com\/wp-content\/uploads\/2025\/08\/download-64-1.jpeg\",\"width\":194,\"height\":260},{\"@type\":\"BreadcrumbList\",\"@id\":\"https:\/\/reisepassfuhrer.com\/product\/berufszertifikat-kaufen-legal\/#breadcrumb\",\"itemListElement\":[{\"@type\":\"ListItem\",\"position\":1,\"name\":\"Home\",\"item\":\"https:\/\/reisepassfuhrer.com\/\"},{\"@type\":\"ListItem\",\"position\":2,\"name\":\"Shop\",\"item\":\"https:\/\/reisepassfuhrer.com\/shop\/\"},{\"@type\":\"ListItem\",\"position\":3,\"name\":\"berufszertifikat kaufen legal\"}]},{\"@type\":\"WebSite\",\"@id\":\"https:\/\/reisepassfuhrer.com\/#website\",\"url\":\"https:\/\/reisepassfuhrer.com\/\",\"name\":\"Reisepassfuhrer\",\"description\":\"Reisepass Beantragen Berlin\",\"publisher\":{\"@id\":\"https:\/\/reisepassfuhrer.com\/#organization\"},\"potentialAction\":[{\"@type\":\"SearchAction\",\"target\":{\"@type\":\"EntryPoint\",\"urlTemplate\":\"https:\/\/reisepassfuhrer.com\/?s={search_term_string}\"},\"query-input\":{\"@type\":\"PropertyValueSpecification\",\"valueRequired\":true,\"valueName\":\"search_term_string\"}}],\"inLanguage\":\"pt-PT\"},{\"@type\":\"Organization\",\"@id\":\"https:\/\/reisepassfuhrer.com\/#organization\",\"name\":\"Reisepassfuhrer\",\"url\":\"https:\/\/reisepassfuhrer.com\/\",\"logo\":{\"@type\":\"ImageObject\",\"inLanguage\":\"pt-PT\",\"@id\":\"https:\/\/reisepassfuhrer.com\/#\/schema\/logo\/image\/\",\"url\":\"https:\/\/reisepassfuhrer.com\/wp-content\/uploads\/2024\/03\/Reisepassfuhrer-logo.png\",\"contentUrl\":\"https:\/\/reisepassfuhrer.com\/wp-content\/uploads\/2024\/03\/Reisepassfuhrer-logo.png\",\"width\":112,\"height\":112,\"caption\":\"Reisepassfuhrer\"},\"image\":{\"@id\":\"https:\/\/reisepassfuhrer.com\/#\/schema\/logo\/image\/\"}}]}<\/script>\n<!-- \/ Yoast SEO Premium plugin. -->","yoast_head_json":{"title":"comprar certificado profissional legalmente - Reisepassfuhrer","description":"Garanta j\u00e1 o seu certificado profissional legalmente protegido, que melhorar\u00e1 significativamente as suas oportunidades de carreira!","robots":{"index":"noindex","follow":"follow","max-snippet":"max-snippet:-1","max-image-preview":"max-image-preview:large","max-video-preview":"max-video-preview:-1"},"og_locale":"pt_PT","og_type":"article","og_title":"berufszertifikat kaufen legal","og_description":"Sichern Sie sich jetzt Ihr rechtlich abgesichertes Berufszertifikat, das Ihre Karrierechancen ma\u00dfgeblich verbessert!","og_url":"https:\/\/reisepassfuhrer.com\/pt\/product\/comprar-certificado-profissional-legalmente\/","og_site_name":"Reisepassfuhrer","og_image":[{"width":194,"height":260,"url":"http:\/\/reisepassfuhrer.com\/wp-content\/uploads\/2025\/08\/download-64-1.jpeg","type":"image\/jpeg"}],"twitter_card":"summary_large_image","twitter_misc":{"Tempo estimado de leitura":"2 minutos"},"schema":{"@context":"https:\/\/schema.org","@graph":[{"@type":"WebPage","@id":"https:\/\/reisepassfuhrer.com\/product\/berufszertifikat-kaufen-legal\/","url":"https:\/\/reisepassfuhrer.com\/product\/berufszertifikat-kaufen-legal\/","name":"comprar certificado profissional legalmente - Reisepassfuhrer","isPartOf":{"@id":"https:\/\/reisepassfuhrer.com\/#website"},"primaryImageOfPage":{"@id":"https:\/\/reisepassfuhrer.com\/product\/berufszertifikat-kaufen-legal\/#primaryimage"},"image":{"@id":"https:\/\/reisepassfuhrer.com\/product\/berufszertifikat-kaufen-legal\/#primaryimage"},"thumbnailUrl":"https:\/\/reisepassfuhrer.com\/wp-content\/uploads\/2025\/08\/download-64-1.jpeg","datePublished":"2025-08-26T12:46:39+00:00","description":"Garanta j\u00e1 o seu certificado profissional legalmente protegido, que melhorar\u00e1 significativamente as suas oportunidades de carreira!","breadcrumb":{"@id":"https:\/\/reisepassfuhrer.com\/product\/berufszertifikat-kaufen-legal\/#breadcrumb"},"inLanguage":"pt-PT","potentialAction":[{"@type":"ReadAction","target":["https:\/\/reisepassfuhrer.com\/product\/berufszertifikat-kaufen-legal\/"]}]},{"@type":"ImageObject","inLanguage":"pt-PT","@id":"https:\/\/reisepassfuhrer.com\/product\/berufszertifikat-kaufen-legal\/#primaryimage","url":"https:\/\/reisepassfuhrer.com\/wp-content\/uploads\/2025\/08\/download-64-1.jpeg","contentUrl":"https:\/\/reisepassfuhrer.com\/wp-content\/uploads\/2025\/08\/download-64-1.jpeg","width":194,"height":260},{"@type":"BreadcrumbList","@id":"https:\/\/reisepassfuhrer.com\/product\/berufszertifikat-kaufen-legal\/#breadcrumb","itemListElement":[{"@type":"ListItem","position":1,"name":"Home","item":"https:\/\/reisepassfuhrer.com\/"},{"@type":"ListItem","position":2,"name":"Shop","item":"https:\/\/reisepassfuhrer.com\/shop\/"},{"@type":"ListItem","position":3,"name":"berufszertifikat kaufen legal"}]},{"@type":"WebSite","@id":"https:\/\/reisepassfuhrer.com\/#website","url":"https:\/\/reisepassfuhrer.com\/","name":"Guia de passaportes","description":"Pedir um passaporte Berlim","publisher":{"@id":"https:\/\/reisepassfuhrer.com\/#organization"},"potentialAction":[{"@type":"SearchAction","target":{"@type":"EntryPoint","urlTemplate":"https:\/\/reisepassfuhrer.com\/?s={search_term_string}"},"query-input":{"@type":"PropertyValueSpecification","valueRequired":true,"valueName":"search_term_string"}}],"inLanguage":"pt-PT"},{"@type":"Organization","@id":"https:\/\/reisepassfuhrer.com\/#organization","name":"Guia de passaportes","url":"https:\/\/reisepassfuhrer.com\/","logo":{"@type":"ImageObject","inLanguage":"pt-PT","@id":"https:\/\/reisepassfuhrer.com\/#\/schema\/logo\/image\/","url":"https:\/\/reisepassfuhrer.com\/wp-content\/uploads\/2024\/03\/Reisepassfuhrer-logo.png","contentUrl":"https:\/\/reisepassfuhrer.com\/wp-content\/uploads\/2024\/03\/Reisepassfuhrer-logo.png","width":112,"height":112,"caption":"Reisepassfuhrer"},"image":{"@id":"https:\/\/reisepassfuhrer.com\/#\/schema\/logo\/image\/"}}]}},"_links":{"self":[{"href":"https:\/\/reisepassfuhrer.com\/pt\/wp-json\/wp\/v2\/product\/3160","targetHints":{"allow":["GET"]}}],"collection":[{"href":"https:\/\/reisepassfuhrer.com\/pt\/wp-json\/wp\/v2\/product"}],"about":[{"href":"https:\/\/reisepassfuhrer.com\/pt\/wp-json\/wp\/v2\/types\/product"}],"replies":[{"embeddable":true,"href":"https:\/\/reisepassfuhrer.com\/pt\/wp-json\/wp\/v2\/comments?post=3160"}],"wp:featuredmedia":[{"embeddable":true,"href":"https:\/\/reisepassfuhrer.com\/pt\/wp-json\/wp\/v2\/media\/3162"}],"wp:attachment":[{"href":"https:\/\/reisepassfuhrer.com\/pt\/wp-json\/wp\/v2\/media?parent=3160"}],"wp:term":[{"taxonomy":"product_brand","embeddable":true,"href":"https:\/\/reisepassfuhrer.com\/pt\/wp-json\/wp\/v2\/product_brand?post=3160"},{"taxonomy":"product_cat","embeddable":true,"href":"https:\/\/reisepassfuhrer.com\/pt\/wp-json\/wp\/v2\/product_cat?post=3160"},{"taxonomy":"product_tag","embeddable":true,"href":"https:\/\/reisepassfuhrer.com\/pt\/wp-json\/wp\/v2\/product_tag?post=3160"}],"curies":[{"name":"wp","href":"https:\/\/api.w.org\/{rel}","templated":true}]}}