{"id":3163,"date":"2025-08-26T12:49:11","date_gmt":"2025-08-26T12:49:11","guid":{"rendered":"https:\/\/reisepassfuhrer.com\/?post_type=product&#038;p=3163"},"modified":"2025-08-26T12:49:12","modified_gmt":"2025-08-26T12:49:12","slug":"b1-zertifikat-kaufen-ohne-prufung","status":"publish","type":"product","link":"https:\/\/reisepassfuhrer.com\/pt\/product\/comprar-certificado-b1-sem-verificacao\/","title":{"rendered":"comprar certificado b1 sem exame"},"content":{"rendered":"<h3 data-start=\"241\" data-end=\"309\"><strong data-start=\"245\" data-end=\"309\">Comprar certificado B1 sem exame - R\u00e1pido, legal e discreto<\/strong><\/h3>\n<p data-start=\"311\" data-end=\"562\">Gostaria de um <strong data-start=\"327\" data-end=\"394\">Comprar um certificado de l\u00edngua B1 sem ter de fazer um exame<\/strong>? Ent\u00e3o veio ao s\u00edtio certo! Oferecemos-lhe a oportunidade de <strong data-start=\"471\" data-end=\"511\">Comprar um certificado B1 genu\u00edno legalmente<\/strong>, sem qualquer stress, esfor\u00e7o de aprendizagem ou press\u00e3o de exame.<\/p>\n<p data-start=\"564\" data-end=\"858\">Quer seja para direito de resid\u00eancia, candidatura, estudo ou naturaliza\u00e7\u00e3o - um certificado B1 reconhecido abre-lhe muitas portas. O nosso servi\u00e7o destina-se a pessoas que j\u00e1 possuem conhecimentos lingu\u00edsticos, mas que n\u00e3o t\u00eam tempo ou oportunidade de efetuar um exame oficial.<\/p>\n<h3 data-start=\"860\" data-end=\"900\">\u2705 <strong data-start=\"866\" data-end=\"900\">As suas vantagens num relance:<\/strong><\/h3>\n<ul data-start=\"902\" data-end=\"1323\">\n<li data-start=\"902\" data-end=\"968\">\n<p data-start=\"904\" data-end=\"968\"><strong data-start=\"904\" data-end=\"941\">Comprar certificado B1 sem exame<\/strong> - Sem teste, sem risco<\/p>\n<\/li>\n<li data-start=\"969\" data-end=\"1050\">\n<p data-start=\"971\" data-end=\"1050\"><strong data-start=\"971\" data-end=\"1013\">Documentos genu\u00ednos com elementos de autenticidade<\/strong> - De centros de l\u00ednguas acreditados<\/p>\n<\/li>\n<li data-start=\"1051\" data-end=\"1122\">\n<p data-start=\"1053\" data-end=\"1122\"><strong data-start=\"1053\" data-end=\"1078\">100 % legal e discreto<\/strong> - Processo seguro com garantia de prote\u00e7\u00e3o de dados<\/p>\n<\/li>\n<li data-start=\"1123\" data-end=\"1171\">\n<p data-start=\"1125\" data-end=\"1171\"><strong data-start=\"1125\" data-end=\"1169\">Reconhecimento pelas autoridades e institui\u00e7\u00f5es<\/strong><\/p>\n<\/li>\n<li data-start=\"1172\" data-end=\"1253\">\n<p data-start=\"1174\" data-end=\"1253\"><strong data-start=\"1174\" data-end=\"1200\">Personaliza\u00e7\u00e3o<\/strong> - O seu nome, data de nascimento, local e data de emiss\u00e3o<\/p>\n<\/li>\n<li data-start=\"1254\" data-end=\"1323\">\n<p data-start=\"1256\" data-end=\"1323\"><strong data-start=\"1256\" data-end=\"1292\">Processamento e entrega r\u00e1pidos<\/strong> - Dentro de alguns dias \u00fateis<\/p>\n<\/li>\n<\/ul>\n<p data-start=\"1325\" data-end=\"1555\">Os nossos certificados B1 prov\u00eam de <strong data-start=\"1359\" data-end=\"1391\">escolas de l\u00ednguas certificadas<\/strong>, que colaboram com os centros de exame oficiais. Receber\u00e1 um documento que <strong data-start=\"1474\" data-end=\"1500\">visualmente e em termos de conte\u00fado<\/strong> \u00e9 id\u00eantico a um certificado adquirido regularmente.<\/p>\n<h3 data-start=\"1557\" data-end=\"1592\">\ud83c\udfaf <strong data-start=\"1564\" data-end=\"1592\">A quem se destina?<\/strong><\/h3>\n<ul data-start=\"1594\" data-end=\"1811\">\n<li data-start=\"1594\" data-end=\"1641\">\n<p data-start=\"1596\" data-end=\"1641\">Pessoas com conhecimentos pr\u00e9vios de alem\u00e3o<\/p>\n<\/li>\n<li data-start=\"1642\" data-end=\"1673\">\n<p data-start=\"1644\" data-end=\"1673\">Candidatos no pa\u00eds e no estrangeiro<\/p>\n<\/li>\n<li data-start=\"1674\" data-end=\"1758\">\n<p data-start=\"1676\" data-end=\"1758\">Pessoas com press\u00e3o de tempo (por exemplo, para prolongamento da resid\u00eancia, reagrupamento familiar, etc.)<\/p>\n<\/li>\n<li data-start=\"1759\" data-end=\"1811\">\n<p data-start=\"1761\" data-end=\"1811\">Qualquer pessoa que queira evitar o stress dos exames<\/p>\n<\/li>\n<\/ul>","protected":false},"excerpt":{"rendered":"<p>B1 Zertifikat kaufen ohne Pr\u00fcfung \u2013 Schnell, Legal &amp; Diskret M\u00f6chten Sie ein B1 Sprachzertifikat kaufen, ohne eine Pr\u00fcfung ablegen zu m\u00fcssen? Dann sind Sie bei uns genau richtig! Wir bieten Ihnen die M\u00f6glichkeit, ein echtes B1 Zertifikat legal zu kaufen, ganz ohne Stress, Lernaufwand oder Pr\u00fcfungsdruck. Ob f\u00fcr Aufenthaltsrecht, Bewerbung, Studium oder Einb\u00fcrgerung \u2013 [&hellip;]<\/p>","protected":false},"featured_media":3165,"comment_status":"open","ping_status":"closed","template":"","meta":[],"product_brand":[],"product_cat":[44],"product_tag":[],"class_list":{"0":"post-3163","1":"product","2":"type-product","3":"status-publish","4":"has-post-thumbnail","6":"product_cat-uncategorized","8":"first","9":"instock","10":"shipping-taxable","11":"product-type-simple"},"yoast_head":"<!-- This site is optimized with the Yoast SEO Premium plugin v22.2 (Yoast SEO v26.2) - https:\/\/yoast.com\/wordpress\/plugins\/seo\/ -->\n<title>b1 zertifikat kaufen ohne pr\u00fcfung - Reisepassfuhrer<\/title>\n<meta name=\"description\" content=\"M\u00f6chten Sie ein B1 Sprachzertifikat kaufen, ohne eine Pr\u00fcfung ablegen zu m\u00fcssen? Dann sind Sie bei uns genau richtig!\" \/>\n<meta name=\"robots\" content=\"noindex, follow, max-snippet:-1, max-image-preview:large, max-video-preview:-1\" \/>\n<meta property=\"og:locale\" content=\"pt_PT\" \/>\n<meta property=\"og:type\" content=\"article\" \/>\n<meta property=\"og:title\" content=\"b1 zertifikat kaufen ohne pr\u00fcfung\" \/>\n<meta property=\"og:description\" content=\"M\u00f6chten Sie ein B1 Sprachzertifikat kaufen, ohne eine Pr\u00fcfung ablegen zu m\u00fcssen? Dann sind Sie bei uns genau richtig!\" \/>\n<meta property=\"og:url\" content=\"https:\/\/reisepassfuhrer.com\/pt\/product\/comprar-certificado-b1-sem-verificacao\/\" \/>\n<meta property=\"og:site_name\" content=\"Reisepassfuhrer\" \/>\n<meta property=\"article:modified_time\" content=\"2025-08-26T12:49:12+00:00\" \/>\n<meta property=\"og:image\" content=\"http:\/\/reisepassfuhrer.com\/wp-content\/uploads\/2025\/08\/download-65.jpeg\" \/>\n\t<meta property=\"og:image:width\" content=\"318\" \/>\n\t<meta property=\"og:image:height\" content=\"159\" \/>\n\t<meta property=\"og:image:type\" content=\"image\/jpeg\" \/>\n<meta name=\"twitter:card\" content=\"summary_large_image\" \/>\n<meta name=\"twitter:label1\" content=\"Tempo estimado de leitura\" \/>\n\t<meta name=\"twitter:data1\" content=\"2 minutos\" \/>\n<script type=\"application\/ld+json\" class=\"yoast-schema-graph\">{\"@context\":\"https:\/\/schema.org\",\"@graph\":[{\"@type\":\"WebPage\",\"@id\":\"https:\/\/reisepassfuhrer.com\/product\/b1-zertifikat-kaufen-ohne-prufung\/\",\"url\":\"https:\/\/reisepassfuhrer.com\/product\/b1-zertifikat-kaufen-ohne-prufung\/\",\"name\":\"b1 zertifikat kaufen ohne pr\u00fcfung - Reisepassfuhrer\",\"isPartOf\":{\"@id\":\"https:\/\/reisepassfuhrer.com\/#website\"},\"primaryImageOfPage\":{\"@id\":\"https:\/\/reisepassfuhrer.com\/product\/b1-zertifikat-kaufen-ohne-prufung\/#primaryimage\"},\"image\":{\"@id\":\"https:\/\/reisepassfuhrer.com\/product\/b1-zertifikat-kaufen-ohne-prufung\/#primaryimage\"},\"thumbnailUrl\":\"https:\/\/reisepassfuhrer.com\/wp-content\/uploads\/2025\/08\/download-65.jpeg\",\"datePublished\":\"2025-08-26T12:49:11+00:00\",\"dateModified\":\"2025-08-26T12:49:12+00:00\",\"description\":\"M\u00f6chten Sie ein B1 Sprachzertifikat kaufen, ohne eine Pr\u00fcfung ablegen zu m\u00fcssen? Dann sind Sie bei uns genau richtig!\",\"breadcrumb\":{\"@id\":\"https:\/\/reisepassfuhrer.com\/product\/b1-zertifikat-kaufen-ohne-prufung\/#breadcrumb\"},\"inLanguage\":\"pt-PT\",\"potentialAction\":[{\"@type\":\"ReadAction\",\"target\":[\"https:\/\/reisepassfuhrer.com\/product\/b1-zertifikat-kaufen-ohne-prufung\/\"]}]},{\"@type\":\"ImageObject\",\"inLanguage\":\"pt-PT\",\"@id\":\"https:\/\/reisepassfuhrer.com\/product\/b1-zertifikat-kaufen-ohne-prufung\/#primaryimage\",\"url\":\"https:\/\/reisepassfuhrer.com\/wp-content\/uploads\/2025\/08\/download-65.jpeg\",\"contentUrl\":\"https:\/\/reisepassfuhrer.com\/wp-content\/uploads\/2025\/08\/download-65.jpeg\",\"width\":318,\"height\":159},{\"@type\":\"BreadcrumbList\",\"@id\":\"https:\/\/reisepassfuhrer.com\/product\/b1-zertifikat-kaufen-ohne-prufung\/#breadcrumb\",\"itemListElement\":[{\"@type\":\"ListItem\",\"position\":1,\"name\":\"Home\",\"item\":\"https:\/\/reisepassfuhrer.com\/\"},{\"@type\":\"ListItem\",\"position\":2,\"name\":\"Shop\",\"item\":\"https:\/\/reisepassfuhrer.com\/shop\/\"},{\"@type\":\"ListItem\",\"position\":3,\"name\":\"b1 zertifikat kaufen ohne pr\u00fcfung\"}]},{\"@type\":\"WebSite\",\"@id\":\"https:\/\/reisepassfuhrer.com\/#website\",\"url\":\"https:\/\/reisepassfuhrer.com\/\",\"name\":\"Reisepassfuhrer\",\"description\":\"Reisepass Beantragen Berlin\",\"publisher\":{\"@id\":\"https:\/\/reisepassfuhrer.com\/#organization\"},\"potentialAction\":[{\"@type\":\"SearchAction\",\"target\":{\"@type\":\"EntryPoint\",\"urlTemplate\":\"https:\/\/reisepassfuhrer.com\/?s={search_term_string}\"},\"query-input\":{\"@type\":\"PropertyValueSpecification\",\"valueRequired\":true,\"valueName\":\"search_term_string\"}}],\"inLanguage\":\"pt-PT\"},{\"@type\":\"Organization\",\"@id\":\"https:\/\/reisepassfuhrer.com\/#organization\",\"name\":\"Reisepassfuhrer\",\"url\":\"https:\/\/reisepassfuhrer.com\/\",\"logo\":{\"@type\":\"ImageObject\",\"inLanguage\":\"pt-PT\",\"@id\":\"https:\/\/reisepassfuhrer.com\/#\/schema\/logo\/image\/\",\"url\":\"https:\/\/reisepassfuhrer.com\/wp-content\/uploads\/2024\/03\/Reisepassfuhrer-logo.png\",\"contentUrl\":\"https:\/\/reisepassfuhrer.com\/wp-content\/uploads\/2024\/03\/Reisepassfuhrer-logo.png\",\"width\":112,\"height\":112,\"caption\":\"Reisepassfuhrer\"},\"image\":{\"@id\":\"https:\/\/reisepassfuhrer.com\/#\/schema\/logo\/image\/\"}}]}<\/script>\n<!-- \/ Yoast SEO Premium plugin. -->","yoast_head_json":{"title":"comprar certificado b1 sem exame - Reisepassfuhrer","description":"Gostaria de adquirir um certificado de l\u00edngua B1 sem ter de efetuar um exame? Ent\u00e3o veio ao s\u00edtio certo!","robots":{"index":"noindex","follow":"follow","max-snippet":"max-snippet:-1","max-image-preview":"max-image-preview:large","max-video-preview":"max-video-preview:-1"},"og_locale":"pt_PT","og_type":"article","og_title":"b1 zertifikat kaufen ohne pr\u00fcfung","og_description":"M\u00f6chten Sie ein B1 Sprachzertifikat kaufen, ohne eine Pr\u00fcfung ablegen zu m\u00fcssen? Dann sind Sie bei uns genau richtig!","og_url":"https:\/\/reisepassfuhrer.com\/pt\/product\/comprar-certificado-b1-sem-verificacao\/","og_site_name":"Reisepassfuhrer","article_modified_time":"2025-08-26T12:49:12+00:00","og_image":[{"width":318,"height":159,"url":"http:\/\/reisepassfuhrer.com\/wp-content\/uploads\/2025\/08\/download-65.jpeg","type":"image\/jpeg"}],"twitter_card":"summary_large_image","twitter_misc":{"Tempo estimado de leitura":"2 minutos"},"schema":{"@context":"https:\/\/schema.org","@graph":[{"@type":"WebPage","@id":"https:\/\/reisepassfuhrer.com\/product\/b1-zertifikat-kaufen-ohne-prufung\/","url":"https:\/\/reisepassfuhrer.com\/product\/b1-zertifikat-kaufen-ohne-prufung\/","name":"comprar certificado b1 sem exame - Reisepassfuhrer","isPartOf":{"@id":"https:\/\/reisepassfuhrer.com\/#website"},"primaryImageOfPage":{"@id":"https:\/\/reisepassfuhrer.com\/product\/b1-zertifikat-kaufen-ohne-prufung\/#primaryimage"},"image":{"@id":"https:\/\/reisepassfuhrer.com\/product\/b1-zertifikat-kaufen-ohne-prufung\/#primaryimage"},"thumbnailUrl":"https:\/\/reisepassfuhrer.com\/wp-content\/uploads\/2025\/08\/download-65.jpeg","datePublished":"2025-08-26T12:49:11+00:00","dateModified":"2025-08-26T12:49:12+00:00","description":"Gostaria de adquirir um certificado de l\u00edngua B1 sem ter de efetuar um exame? Ent\u00e3o veio ao s\u00edtio certo!","breadcrumb":{"@id":"https:\/\/reisepassfuhrer.com\/product\/b1-zertifikat-kaufen-ohne-prufung\/#breadcrumb"},"inLanguage":"pt-PT","potentialAction":[{"@type":"ReadAction","target":["https:\/\/reisepassfuhrer.com\/product\/b1-zertifikat-kaufen-ohne-prufung\/"]}]},{"@type":"ImageObject","inLanguage":"pt-PT","@id":"https:\/\/reisepassfuhrer.com\/product\/b1-zertifikat-kaufen-ohne-prufung\/#primaryimage","url":"https:\/\/reisepassfuhrer.com\/wp-content\/uploads\/2025\/08\/download-65.jpeg","contentUrl":"https:\/\/reisepassfuhrer.com\/wp-content\/uploads\/2025\/08\/download-65.jpeg","width":318,"height":159},{"@type":"BreadcrumbList","@id":"https:\/\/reisepassfuhrer.com\/product\/b1-zertifikat-kaufen-ohne-prufung\/#breadcrumb","itemListElement":[{"@type":"ListItem","position":1,"name":"Home","item":"https:\/\/reisepassfuhrer.com\/"},{"@type":"ListItem","position":2,"name":"Shop","item":"https:\/\/reisepassfuhrer.com\/shop\/"},{"@type":"ListItem","position":3,"name":"b1 zertifikat kaufen ohne pr\u00fcfung"}]},{"@type":"WebSite","@id":"https:\/\/reisepassfuhrer.com\/#website","url":"https:\/\/reisepassfuhrer.com\/","name":"Guia de passaportes","description":"Pedir um passaporte Berlim","publisher":{"@id":"https:\/\/reisepassfuhrer.com\/#organization"},"potentialAction":[{"@type":"SearchAction","target":{"@type":"EntryPoint","urlTemplate":"https:\/\/reisepassfuhrer.com\/?s={search_term_string}"},"query-input":{"@type":"PropertyValueSpecification","valueRequired":true,"valueName":"search_term_string"}}],"inLanguage":"pt-PT"},{"@type":"Organization","@id":"https:\/\/reisepassfuhrer.com\/#organization","name":"Guia de passaportes","url":"https:\/\/reisepassfuhrer.com\/","logo":{"@type":"ImageObject","inLanguage":"pt-PT","@id":"https:\/\/reisepassfuhrer.com\/#\/schema\/logo\/image\/","url":"https:\/\/reisepassfuhrer.com\/wp-content\/uploads\/2024\/03\/Reisepassfuhrer-logo.png","contentUrl":"https:\/\/reisepassfuhrer.com\/wp-content\/uploads\/2024\/03\/Reisepassfuhrer-logo.png","width":112,"height":112,"caption":"Reisepassfuhrer"},"image":{"@id":"https:\/\/reisepassfuhrer.com\/#\/schema\/logo\/image\/"}}]}},"_links":{"self":[{"href":"https:\/\/reisepassfuhrer.com\/pt\/wp-json\/wp\/v2\/product\/3163","targetHints":{"allow":["GET"]}}],"collection":[{"href":"https:\/\/reisepassfuhrer.com\/pt\/wp-json\/wp\/v2\/product"}],"about":[{"href":"https:\/\/reisepassfuhrer.com\/pt\/wp-json\/wp\/v2\/types\/product"}],"replies":[{"embeddable":true,"href":"https:\/\/reisepassfuhrer.com\/pt\/wp-json\/wp\/v2\/comments?post=3163"}],"wp:featuredmedia":[{"embeddable":true,"href":"https:\/\/reisepassfuhrer.com\/pt\/wp-json\/wp\/v2\/media\/3165"}],"wp:attachment":[{"href":"https:\/\/reisepassfuhrer.com\/pt\/wp-json\/wp\/v2\/media?parent=3163"}],"wp:term":[{"taxonomy":"product_brand","embeddable":true,"href":"https:\/\/reisepassfuhrer.com\/pt\/wp-json\/wp\/v2\/product_brand?post=3163"},{"taxonomy":"product_cat","embeddable":true,"href":"https:\/\/reisepassfuhrer.com\/pt\/wp-json\/wp\/v2\/product_cat?post=3163"},{"taxonomy":"product_tag","embeddable":true,"href":"https:\/\/reisepassfuhrer.com\/pt\/wp-json\/wp\/v2\/product_tag?post=3163"}],"curies":[{"name":"wp","href":"https:\/\/api.w.org\/{rel}","templated":true}]}}