{"id":3187,"date":"2025-08-29T11:27:52","date_gmt":"2025-08-29T11:27:52","guid":{"rendered":"https:\/\/reisepassfuhrer.com\/?post_type=product&#038;p=3187"},"modified":"2025-08-29T11:27:52","modified_gmt":"2025-08-29T11:27:52","slug":"a2-fuhrerschein","status":"publish","type":"product","link":"https:\/\/reisepassfuhrer.com\/pt\/product\/carta-de-conducao-a2\/","title":{"rendered":"Carta de condu\u00e7\u00e3o A2"},"content":{"rendered":"<h3 data-start=\"225\" data-end=\"310\"><strong data-start=\"229\" data-end=\"310\">Carta de condu\u00e7\u00e3o A2 - a sua entrada no mundo das motos com pot\u00eancia e estilo<\/strong><\/h3>\n<p data-start=\"312\" data-end=\"692\">Sonha com mais pot\u00eancia, liberdade sobre duas rodas e um verdadeiro upgrade \u00e0 sua carta de condu\u00e7\u00e3o A1 ou AM? Ent\u00e3o o <strong data-start=\"440\" data-end=\"459\">Carta de condu\u00e7\u00e3o A2<\/strong> a coisa certa para si! Com esta carta de condu\u00e7\u00e3o, garante o acesso a motociclos com um m\u00e1ximo de <strong data-start=\"567\" data-end=\"584\">48 cv (35 kW)<\/strong> - perfeito para os principiantes e para os que regressam, que querem dar o pr\u00f3ximo passo para se divertirem a andar de bicicleta.<\/p>\n<h4 data-start=\"694\" data-end=\"731\"><strong data-start=\"699\" data-end=\"731\">O que \u00e9 a carta de condu\u00e7\u00e3o A2?<\/strong><\/h4>\n<p data-start=\"732\" data-end=\"997\">A carta de condu\u00e7\u00e3o da categoria A2 permite-lhe conduzir motociclos com um <strong data-start=\"808\" data-end=\"835\">Pot\u00eancia do motor at\u00e9 35 kW<\/strong> e um <strong data-start=\"846\" data-end=\"903\">Rela\u00e7\u00e3o pot\u00eancia\/peso m\u00e1x. de 0,2 kW\/kg<\/strong>. Ideal para jovens adultos de <strong data-start=\"935\" data-end=\"948\">18 anos<\/strong>, que pretendem combinar desempenho e seguran\u00e7a.<\/p>\n<h4 data-start=\"999\" data-end=\"1071\"><strong data-start=\"1004\" data-end=\"1071\">Porque \u00e9 que deve optar pela nossa carta de condu\u00e7\u00e3o A2:<\/strong><\/h4>\n<ul data-start=\"1073\" data-end=\"1623\">\n<li data-start=\"1073\" data-end=\"1184\">\n<p data-start=\"1075\" data-end=\"1184\">\u2705 <strong data-start=\"1077\" data-end=\"1105\">Aulas individuais de condu\u00e7\u00e3o<\/strong> - Adaptamos o treino \u00e0s suas capacidades. Quer se trate de um principiante ou de um rec\u00e9m-chegado.<\/p>\n<\/li>\n<li data-start=\"1185\" data-end=\"1313\">\n<p data-start=\"1187\" data-end=\"1313\">\u2705 <strong data-start=\"1189\" data-end=\"1211\">Motociclos modernos<\/strong> - As nossas m\u00e1quinas est\u00e3o perfeitamente adaptadas \u00e0 classe A2 e fazem de cada aula de condu\u00e7\u00e3o uma experi\u00eancia.<\/p>\n<\/li>\n<li data-start=\"1314\" data-end=\"1399\">\n<p data-start=\"1316\" data-end=\"1399\">\u2705 <strong data-start=\"1318\" data-end=\"1348\">Instrutores de condu\u00e7\u00e3o experientes<\/strong> - Pessoais, competentes e sempre ao vosso lado.<\/p>\n<\/li>\n<li data-start=\"1400\" data-end=\"1536\">\n<p data-start=\"1402\" data-end=\"1536\">\u2705 <strong data-start=\"1404\" data-end=\"1438\">Prepara\u00e7\u00e3o intensiva para exames<\/strong> - Teoria e pr\u00e1tica combinadas de forma eficaz para que possa ir para o exame com confian\u00e7a e auto-confian\u00e7a.<\/p>\n<\/li>\n<li data-start=\"1537\" data-end=\"1623\">\n<p data-start=\"1539\" data-end=\"1623\">\u2705 <strong data-start=\"1541\" data-end=\"1562\">Elevada taxa de sucesso<\/strong> - Os nossos alunos n\u00e3o se limitam a passar - gostam de conduzir!<\/p>\n<\/li>\n<\/ul>\n<h4 data-start=\"1625\" data-end=\"1670\"><strong data-start=\"1630\" data-end=\"1670\">Comece j\u00e1 a sua carreira de motociclista!<\/strong><\/h4>\n<p data-start=\"1671\" data-end=\"1936\">A carta de condu\u00e7\u00e3o A2 \u00e9 o meio-termo perfeito entre o n\u00edvel de entrada e o profissional - e o primeiro passo para <strong data-start=\"1774\" data-end=\"1805\">Carta de condu\u00e7\u00e3o A ilimitada<\/strong> ap\u00f3s 2 anos de experi\u00eancia de condu\u00e7\u00e3o. Quer seja para viagens di\u00e1rias, passeios de fim de semana ou para a pr\u00f3xima viagem - com o A2 est\u00e1 pronto para partir.<\/p>\n<p data-start=\"1938\" data-end=\"2021\"><strong data-start=\"1938\" data-end=\"2021\">Registe-se agora, comece e experimente a divers\u00e3o de conduzir - com a sua carta de condu\u00e7\u00e3o A2!<\/strong><\/p>","protected":false},"excerpt":{"rendered":"<p>A2 F\u00fchrerschein \u2013 Dein Einstieg in die Welt der Motorr\u00e4der mit Power und Stil Du tr\u00e4umst von mehr Leistung, Freiheit auf zwei R\u00e4dern und einem echten Upgrade zu deinem A1 oder AM F\u00fchrerschein? Dann ist der A2 F\u00fchrerschein genau das Richtige f\u00fcr dich! Mit dieser Fahrerlaubnis sicherst du dir den Zugang zu Motorr\u00e4dern mit bis [&hellip;]<\/p>","protected":false},"featured_media":3188,"comment_status":"open","ping_status":"closed","template":"","meta":[],"product_brand":[],"product_cat":[44],"product_tag":[],"class_list":{"0":"post-3187","1":"product","2":"type-product","3":"status-publish","4":"has-post-thumbnail","6":"product_cat-uncategorized","8":"first","9":"instock","10":"shipping-taxable","11":"product-type-simple"},"yoast_head":"<!-- This site is optimized with the Yoast SEO Premium plugin v22.2 (Yoast SEO v26.2) - https:\/\/yoast.com\/wordpress\/plugins\/seo\/ -->\n<title>A2 F\u00fchrerschein - Reisepassfuhrer<\/title>\n<meta name=\"description\" content=\"Dann ist der A2 F\u00fchrerschein genau das Richtige f\u00fcr dich! Mit dieser Fahrerlaubnis sicherst du dir den Zugang zu Motorr\u00e4dern mit bis zu 48 PS (35 kW)\" \/>\n<meta name=\"robots\" content=\"noindex, follow, max-snippet:-1, max-image-preview:large, max-video-preview:-1\" \/>\n<meta property=\"og:locale\" content=\"pt_PT\" \/>\n<meta property=\"og:type\" content=\"article\" \/>\n<meta property=\"og:title\" content=\"A2 F\u00fchrerschein\" \/>\n<meta property=\"og:description\" content=\"Dann ist der A2 F\u00fchrerschein genau das Richtige f\u00fcr dich! Mit dieser Fahrerlaubnis sicherst du dir den Zugang zu Motorr\u00e4dern mit bis zu 48 PS (35 kW)\" \/>\n<meta property=\"og:url\" content=\"https:\/\/reisepassfuhrer.com\/pt\/product\/carta-de-conducao-a2\/\" \/>\n<meta property=\"og:site_name\" content=\"Reisepassfuhrer\" \/>\n<meta property=\"og:image\" content=\"http:\/\/reisepassfuhrer.com\/wp-content\/uploads\/2025\/08\/download-81.jpeg\" \/>\n\t<meta property=\"og:image:width\" content=\"303\" \/>\n\t<meta property=\"og:image:height\" content=\"166\" \/>\n\t<meta property=\"og:image:type\" content=\"image\/jpeg\" \/>\n<meta name=\"twitter:card\" content=\"summary_large_image\" \/>\n<meta name=\"twitter:label1\" content=\"Tempo estimado de leitura\" \/>\n\t<meta name=\"twitter:data1\" content=\"2 minutos\" \/>\n<script type=\"application\/ld+json\" class=\"yoast-schema-graph\">{\"@context\":\"https:\/\/schema.org\",\"@graph\":[{\"@type\":\"WebPage\",\"@id\":\"https:\/\/reisepassfuhrer.com\/product\/a2-fuhrerschein\/\",\"url\":\"https:\/\/reisepassfuhrer.com\/product\/a2-fuhrerschein\/\",\"name\":\"A2 F\u00fchrerschein - Reisepassfuhrer\",\"isPartOf\":{\"@id\":\"https:\/\/reisepassfuhrer.com\/#website\"},\"primaryImageOfPage\":{\"@id\":\"https:\/\/reisepassfuhrer.com\/product\/a2-fuhrerschein\/#primaryimage\"},\"image\":{\"@id\":\"https:\/\/reisepassfuhrer.com\/product\/a2-fuhrerschein\/#primaryimage\"},\"thumbnailUrl\":\"https:\/\/reisepassfuhrer.com\/wp-content\/uploads\/2025\/08\/download-81.jpeg\",\"datePublished\":\"2025-08-29T11:27:52+00:00\",\"description\":\"Dann ist der A2 F\u00fchrerschein genau das Richtige f\u00fcr dich! Mit dieser Fahrerlaubnis sicherst du dir den Zugang zu Motorr\u00e4dern mit bis zu 48 PS (35 kW)\",\"breadcrumb\":{\"@id\":\"https:\/\/reisepassfuhrer.com\/product\/a2-fuhrerschein\/#breadcrumb\"},\"inLanguage\":\"pt-PT\",\"potentialAction\":[{\"@type\":\"ReadAction\",\"target\":[\"https:\/\/reisepassfuhrer.com\/product\/a2-fuhrerschein\/\"]}]},{\"@type\":\"ImageObject\",\"inLanguage\":\"pt-PT\",\"@id\":\"https:\/\/reisepassfuhrer.com\/product\/a2-fuhrerschein\/#primaryimage\",\"url\":\"https:\/\/reisepassfuhrer.com\/wp-content\/uploads\/2025\/08\/download-81.jpeg\",\"contentUrl\":\"https:\/\/reisepassfuhrer.com\/wp-content\/uploads\/2025\/08\/download-81.jpeg\",\"width\":303,\"height\":166},{\"@type\":\"BreadcrumbList\",\"@id\":\"https:\/\/reisepassfuhrer.com\/product\/a2-fuhrerschein\/#breadcrumb\",\"itemListElement\":[{\"@type\":\"ListItem\",\"position\":1,\"name\":\"Home\",\"item\":\"https:\/\/reisepassfuhrer.com\/\"},{\"@type\":\"ListItem\",\"position\":2,\"name\":\"Shop\",\"item\":\"https:\/\/reisepassfuhrer.com\/shop\/\"},{\"@type\":\"ListItem\",\"position\":3,\"name\":\"A2 F\u00fchrerschein\"}]},{\"@type\":\"WebSite\",\"@id\":\"https:\/\/reisepassfuhrer.com\/#website\",\"url\":\"https:\/\/reisepassfuhrer.com\/\",\"name\":\"Reisepassfuhrer\",\"description\":\"Reisepass Beantragen Berlin\",\"publisher\":{\"@id\":\"https:\/\/reisepassfuhrer.com\/#organization\"},\"potentialAction\":[{\"@type\":\"SearchAction\",\"target\":{\"@type\":\"EntryPoint\",\"urlTemplate\":\"https:\/\/reisepassfuhrer.com\/?s={search_term_string}\"},\"query-input\":{\"@type\":\"PropertyValueSpecification\",\"valueRequired\":true,\"valueName\":\"search_term_string\"}}],\"inLanguage\":\"pt-PT\"},{\"@type\":\"Organization\",\"@id\":\"https:\/\/reisepassfuhrer.com\/#organization\",\"name\":\"Reisepassfuhrer\",\"url\":\"https:\/\/reisepassfuhrer.com\/\",\"logo\":{\"@type\":\"ImageObject\",\"inLanguage\":\"pt-PT\",\"@id\":\"https:\/\/reisepassfuhrer.com\/#\/schema\/logo\/image\/\",\"url\":\"https:\/\/reisepassfuhrer.com\/wp-content\/uploads\/2024\/03\/Reisepassfuhrer-logo.png\",\"contentUrl\":\"https:\/\/reisepassfuhrer.com\/wp-content\/uploads\/2024\/03\/Reisepassfuhrer-logo.png\",\"width\":112,\"height\":112,\"caption\":\"Reisepassfuhrer\"},\"image\":{\"@id\":\"https:\/\/reisepassfuhrer.com\/#\/schema\/logo\/image\/\"}}]}<\/script>\n<!-- \/ Yoast SEO Premium plugin. -->","yoast_head_json":{"title":"Carta de condu\u00e7\u00e3o A2 - Titular de passaporte","description":"Ent\u00e3o, a carta de condu\u00e7\u00e3o A2 \u00e9 a ideal para si! Esta carta de condu\u00e7\u00e3o d\u00e1-lhe acesso a motociclos com uma pot\u00eancia m\u00e1xima de 48 cv (35 kW)","robots":{"index":"noindex","follow":"follow","max-snippet":"max-snippet:-1","max-image-preview":"max-image-preview:large","max-video-preview":"max-video-preview:-1"},"og_locale":"pt_PT","og_type":"article","og_title":"A2 F\u00fchrerschein","og_description":"Dann ist der A2 F\u00fchrerschein genau das Richtige f\u00fcr dich! Mit dieser Fahrerlaubnis sicherst du dir den Zugang zu Motorr\u00e4dern mit bis zu 48 PS (35 kW)","og_url":"https:\/\/reisepassfuhrer.com\/pt\/product\/carta-de-conducao-a2\/","og_site_name":"Reisepassfuhrer","og_image":[{"width":303,"height":166,"url":"http:\/\/reisepassfuhrer.com\/wp-content\/uploads\/2025\/08\/download-81.jpeg","type":"image\/jpeg"}],"twitter_card":"summary_large_image","twitter_misc":{"Tempo estimado de leitura":"2 minutos"},"schema":{"@context":"https:\/\/schema.org","@graph":[{"@type":"WebPage","@id":"https:\/\/reisepassfuhrer.com\/product\/a2-fuhrerschein\/","url":"https:\/\/reisepassfuhrer.com\/product\/a2-fuhrerschein\/","name":"Carta de condu\u00e7\u00e3o A2 - Titular de passaporte","isPartOf":{"@id":"https:\/\/reisepassfuhrer.com\/#website"},"primaryImageOfPage":{"@id":"https:\/\/reisepassfuhrer.com\/product\/a2-fuhrerschein\/#primaryimage"},"image":{"@id":"https:\/\/reisepassfuhrer.com\/product\/a2-fuhrerschein\/#primaryimage"},"thumbnailUrl":"https:\/\/reisepassfuhrer.com\/wp-content\/uploads\/2025\/08\/download-81.jpeg","datePublished":"2025-08-29T11:27:52+00:00","description":"Ent\u00e3o, a carta de condu\u00e7\u00e3o A2 \u00e9 a ideal para si! Esta carta de condu\u00e7\u00e3o d\u00e1-lhe acesso a motociclos com uma pot\u00eancia m\u00e1xima de 48 cv (35 kW)","breadcrumb":{"@id":"https:\/\/reisepassfuhrer.com\/product\/a2-fuhrerschein\/#breadcrumb"},"inLanguage":"pt-PT","potentialAction":[{"@type":"ReadAction","target":["https:\/\/reisepassfuhrer.com\/product\/a2-fuhrerschein\/"]}]},{"@type":"ImageObject","inLanguage":"pt-PT","@id":"https:\/\/reisepassfuhrer.com\/product\/a2-fuhrerschein\/#primaryimage","url":"https:\/\/reisepassfuhrer.com\/wp-content\/uploads\/2025\/08\/download-81.jpeg","contentUrl":"https:\/\/reisepassfuhrer.com\/wp-content\/uploads\/2025\/08\/download-81.jpeg","width":303,"height":166},{"@type":"BreadcrumbList","@id":"https:\/\/reisepassfuhrer.com\/product\/a2-fuhrerschein\/#breadcrumb","itemListElement":[{"@type":"ListItem","position":1,"name":"Home","item":"https:\/\/reisepassfuhrer.com\/"},{"@type":"ListItem","position":2,"name":"Shop","item":"https:\/\/reisepassfuhrer.com\/shop\/"},{"@type":"ListItem","position":3,"name":"A2 F\u00fchrerschein"}]},{"@type":"WebSite","@id":"https:\/\/reisepassfuhrer.com\/#website","url":"https:\/\/reisepassfuhrer.com\/","name":"Guia de passaportes","description":"Pedir um passaporte Berlim","publisher":{"@id":"https:\/\/reisepassfuhrer.com\/#organization"},"potentialAction":[{"@type":"SearchAction","target":{"@type":"EntryPoint","urlTemplate":"https:\/\/reisepassfuhrer.com\/?s={search_term_string}"},"query-input":{"@type":"PropertyValueSpecification","valueRequired":true,"valueName":"search_term_string"}}],"inLanguage":"pt-PT"},{"@type":"Organization","@id":"https:\/\/reisepassfuhrer.com\/#organization","name":"Guia de passaportes","url":"https:\/\/reisepassfuhrer.com\/","logo":{"@type":"ImageObject","inLanguage":"pt-PT","@id":"https:\/\/reisepassfuhrer.com\/#\/schema\/logo\/image\/","url":"https:\/\/reisepassfuhrer.com\/wp-content\/uploads\/2024\/03\/Reisepassfuhrer-logo.png","contentUrl":"https:\/\/reisepassfuhrer.com\/wp-content\/uploads\/2024\/03\/Reisepassfuhrer-logo.png","width":112,"height":112,"caption":"Reisepassfuhrer"},"image":{"@id":"https:\/\/reisepassfuhrer.com\/#\/schema\/logo\/image\/"}}]}},"_links":{"self":[{"href":"https:\/\/reisepassfuhrer.com\/pt\/wp-json\/wp\/v2\/product\/3187","targetHints":{"allow":["GET"]}}],"collection":[{"href":"https:\/\/reisepassfuhrer.com\/pt\/wp-json\/wp\/v2\/product"}],"about":[{"href":"https:\/\/reisepassfuhrer.com\/pt\/wp-json\/wp\/v2\/types\/product"}],"replies":[{"embeddable":true,"href":"https:\/\/reisepassfuhrer.com\/pt\/wp-json\/wp\/v2\/comments?post=3187"}],"wp:featuredmedia":[{"embeddable":true,"href":"https:\/\/reisepassfuhrer.com\/pt\/wp-json\/wp\/v2\/media\/3188"}],"wp:attachment":[{"href":"https:\/\/reisepassfuhrer.com\/pt\/wp-json\/wp\/v2\/media?parent=3187"}],"wp:term":[{"taxonomy":"product_brand","embeddable":true,"href":"https:\/\/reisepassfuhrer.com\/pt\/wp-json\/wp\/v2\/product_brand?post=3187"},{"taxonomy":"product_cat","embeddable":true,"href":"https:\/\/reisepassfuhrer.com\/pt\/wp-json\/wp\/v2\/product_cat?post=3187"},{"taxonomy":"product_tag","embeddable":true,"href":"https:\/\/reisepassfuhrer.com\/pt\/wp-json\/wp\/v2\/product_tag?post=3187"}],"curies":[{"name":"wp","href":"https:\/\/api.w.org\/{rel}","templated":true}]}}