{"id":3193,"date":"2025-09-01T15:38:10","date_gmt":"2025-09-01T15:38:10","guid":{"rendered":"https:\/\/reisepassfuhrer.com\/?post_type=product&#038;p=3193"},"modified":"2025-09-01T15:38:11","modified_gmt":"2025-09-01T15:38:11","slug":"rumanischer-ausweis-geburtsdatum","status":"publish","type":"product","link":"https:\/\/reisepassfuhrer.com\/pt\/product\/bilhete-de-identidade-romeno-data-de-nascimento\/","title":{"rendered":"bilhete de identidade romeno data de nascimento"},"content":{"rendered":"<p data-start=\"286\" data-end=\"391\"><strong data-start=\"286\" data-end=\"391\">Bilhete de identidade romeno - Com a data de nascimento pretendida | Adere\u00e7o de alta qualidade para coleccionadores e projectos criativos<\/strong><\/p>\n<p data-start=\"393\" data-end=\"746\">Descubra o nosso <strong data-start=\"415\" data-end=\"472\">Bilhete de identidade romeno com data de nascimento personalizada<\/strong> - a escolha ideal para coleccionadores, produ\u00e7\u00f5es cinematogr\u00e1ficas, entusiastas de cosplay ou projectos criativos que valorizam detalhes aut\u00eanticos. Este adere\u00e7o de alta qualidade combina uma r\u00e9plica precisa com um design personalizado para um impacto m\u00e1ximo em qualquer aplica\u00e7\u00e3o.<\/p>\n<p data-start=\"748\" data-end=\"996\"><strong data-start=\"748\" data-end=\"775\">Personaliz\u00e1vel:<\/strong> Escolha a data de nascimento pretendida - tal como deseja! Quer se trate de uma recorda\u00e7\u00e3o nost\u00e1lgica ou de um adere\u00e7o de teatro realista, este cart\u00e3o de identifica\u00e7\u00e3o oferece a m\u00e1xima flexibilidade e personaliza\u00e7\u00e3o.<\/p>\n<p data-start=\"998\" data-end=\"1229\"><strong data-start=\"998\" data-end=\"1022\">\u00d3tica fiel aos pormenores:<\/strong> O nosso bilhete de identidade romeno impressiona pelo seu design aut\u00eantico, baseado em modelos actuais. A melhor qualidade de impress\u00e3o, as cores fi\u00e9is ao original e os esquemas precisos fazem dele um verdadeiro chamariz.<\/p>\n<p data-start=\"1231\" data-end=\"1418\"><strong data-start=\"1231\" data-end=\"1257\">Utiliza\u00e7\u00e3o vers\u00e1til:<\/strong> Ideal para cen\u00e1rios fotogr\u00e1ficos ou cinematogr\u00e1ficos, festas tem\u00e1ticas, jogos de representa\u00e7\u00e3o ou colec\u00e7\u00f5es. \u00c9 perfeito como acess\u00f3rio de aspeto realista sem utiliza\u00e7\u00e3o legal.<\/p>\n<p data-start=\"1420\" data-end=\"1552\"><strong data-start=\"1420\" data-end=\"1454\">Discreto e de envio r\u00e1pido:<\/strong> A sua encomenda ser\u00e1 entregue de forma segura, embalada de forma neutra e r\u00e1pida - sem qualquer indica\u00e7\u00e3o do conte\u00fado.<\/p>\n<p data-start=\"1554\" data-end=\"1747\">Proteja o seu <strong data-start=\"1583\" data-end=\"1644\">bilhete de identidade romeno individual com a data de nascimento pretendida<\/strong> e impressionar com um adere\u00e7o extraordin\u00e1rio! Perfeito para quem procura algo especial.<\/p>","protected":false},"excerpt":{"rendered":"<p>Rum\u00e4nischer Ausweis \u2013 Mit Wunsch-Geburtsdatum | Hochwertiges Requisit f\u00fcr Sammler &amp; kreative Projekte Entdecken Sie unseren Rum\u00e4nischen Ausweis mit personalisiertem Geburtsdatum \u2013 die ideale Wahl f\u00fcr Sammler, Filmproduktionen, Cosplay-Enthusiasten oder kreative Projekte, die Wert auf authentische Details legen. Dieses hochwertige Requisit vereint pr\u00e4zise Nachbildung mit individueller Gestaltung und sorgt so f\u00fcr maximale Wirkung in jeder [&hellip;]<\/p>","protected":false},"featured_media":3195,"comment_status":"open","ping_status":"closed","template":"","meta":[],"product_brand":[],"product_cat":[44],"product_tag":[],"class_list":{"0":"post-3193","1":"product","2":"type-product","3":"status-publish","4":"has-post-thumbnail","6":"product_cat-uncategorized","8":"first","9":"instock","10":"shipping-taxable","11":"product-type-simple"},"yoast_head":"<!-- This site is optimized with the Yoast SEO Premium plugin v22.2 (Yoast SEO v26.2) - https:\/\/yoast.com\/wordpress\/plugins\/seo\/ -->\n<title>rum\u00e4nischer ausweis geburtsdatum - Reisepassfuhrer<\/title>\n<meta name=\"robots\" content=\"noindex, follow, max-snippet:-1, max-image-preview:large, max-video-preview:-1\" \/>\n<meta property=\"og:locale\" content=\"pt_PT\" \/>\n<meta property=\"og:type\" content=\"article\" \/>\n<meta property=\"og:title\" content=\"rum\u00e4nischer ausweis geburtsdatum\" \/>\n<meta property=\"og:description\" content=\"Rum\u00e4nischer Ausweis \u2013 Mit Wunsch-Geburtsdatum | Hochwertiges Requisit f\u00fcr Sammler &amp; kreative Projekte Entdecken Sie unseren Rum\u00e4nischen Ausweis mit personalisiertem Geburtsdatum \u2013 die ideale Wahl f\u00fcr Sammler, Filmproduktionen, Cosplay-Enthusiasten oder kreative Projekte, die Wert auf authentische Details legen. Dieses hochwertige Requisit vereint pr\u00e4zise Nachbildung mit individueller Gestaltung und sorgt so f\u00fcr maximale Wirkung in jeder [&hellip;]\" \/>\n<meta property=\"og:url\" content=\"https:\/\/reisepassfuhrer.com\/pt\/product\/bilhete-de-identidade-romeno-data-de-nascimento\/\" \/>\n<meta property=\"og:site_name\" content=\"Reisepassfuhrer\" \/>\n<meta property=\"article:modified_time\" content=\"2025-09-01T15:38:11+00:00\" \/>\n<meta property=\"og:image\" content=\"http:\/\/reisepassfuhrer.com\/wp-content\/uploads\/2025\/09\/download-87.jpeg\" \/>\n\t<meta property=\"og:image:width\" content=\"285\" \/>\n\t<meta property=\"og:image:height\" content=\"177\" \/>\n\t<meta property=\"og:image:type\" content=\"image\/jpeg\" \/>\n<meta name=\"twitter:card\" content=\"summary_large_image\" \/>\n<meta name=\"twitter:label1\" content=\"Tempo estimado de leitura\" \/>\n\t<meta name=\"twitter:data1\" content=\"1 minuto\" \/>\n<script type=\"application\/ld+json\" class=\"yoast-schema-graph\">{\"@context\":\"https:\/\/schema.org\",\"@graph\":[{\"@type\":\"WebPage\",\"@id\":\"https:\/\/reisepassfuhrer.com\/product\/rumanischer-ausweis-geburtsdatum\/\",\"url\":\"https:\/\/reisepassfuhrer.com\/product\/rumanischer-ausweis-geburtsdatum\/\",\"name\":\"rum\u00e4nischer ausweis geburtsdatum - Reisepassfuhrer\",\"isPartOf\":{\"@id\":\"https:\/\/reisepassfuhrer.com\/#website\"},\"primaryImageOfPage\":{\"@id\":\"https:\/\/reisepassfuhrer.com\/product\/rumanischer-ausweis-geburtsdatum\/#primaryimage\"},\"image\":{\"@id\":\"https:\/\/reisepassfuhrer.com\/product\/rumanischer-ausweis-geburtsdatum\/#primaryimage\"},\"thumbnailUrl\":\"https:\/\/reisepassfuhrer.com\/wp-content\/uploads\/2025\/09\/download-87.jpeg\",\"datePublished\":\"2025-09-01T15:38:10+00:00\",\"dateModified\":\"2025-09-01T15:38:11+00:00\",\"breadcrumb\":{\"@id\":\"https:\/\/reisepassfuhrer.com\/product\/rumanischer-ausweis-geburtsdatum\/#breadcrumb\"},\"inLanguage\":\"pt-PT\",\"potentialAction\":[{\"@type\":\"ReadAction\",\"target\":[\"https:\/\/reisepassfuhrer.com\/product\/rumanischer-ausweis-geburtsdatum\/\"]}]},{\"@type\":\"ImageObject\",\"inLanguage\":\"pt-PT\",\"@id\":\"https:\/\/reisepassfuhrer.com\/product\/rumanischer-ausweis-geburtsdatum\/#primaryimage\",\"url\":\"https:\/\/reisepassfuhrer.com\/wp-content\/uploads\/2025\/09\/download-87.jpeg\",\"contentUrl\":\"https:\/\/reisepassfuhrer.com\/wp-content\/uploads\/2025\/09\/download-87.jpeg\",\"width\":285,\"height\":177},{\"@type\":\"BreadcrumbList\",\"@id\":\"https:\/\/reisepassfuhrer.com\/product\/rumanischer-ausweis-geburtsdatum\/#breadcrumb\",\"itemListElement\":[{\"@type\":\"ListItem\",\"position\":1,\"name\":\"Home\",\"item\":\"https:\/\/reisepassfuhrer.com\/\"},{\"@type\":\"ListItem\",\"position\":2,\"name\":\"Shop\",\"item\":\"https:\/\/reisepassfuhrer.com\/shop\/\"},{\"@type\":\"ListItem\",\"position\":3,\"name\":\"rum\u00e4nischer ausweis geburtsdatum\"}]},{\"@type\":\"WebSite\",\"@id\":\"https:\/\/reisepassfuhrer.com\/#website\",\"url\":\"https:\/\/reisepassfuhrer.com\/\",\"name\":\"Reisepassfuhrer\",\"description\":\"Reisepass Beantragen Berlin\",\"publisher\":{\"@id\":\"https:\/\/reisepassfuhrer.com\/#organization\"},\"potentialAction\":[{\"@type\":\"SearchAction\",\"target\":{\"@type\":\"EntryPoint\",\"urlTemplate\":\"https:\/\/reisepassfuhrer.com\/?s={search_term_string}\"},\"query-input\":{\"@type\":\"PropertyValueSpecification\",\"valueRequired\":true,\"valueName\":\"search_term_string\"}}],\"inLanguage\":\"pt-PT\"},{\"@type\":\"Organization\",\"@id\":\"https:\/\/reisepassfuhrer.com\/#organization\",\"name\":\"Reisepassfuhrer\",\"url\":\"https:\/\/reisepassfuhrer.com\/\",\"logo\":{\"@type\":\"ImageObject\",\"inLanguage\":\"pt-PT\",\"@id\":\"https:\/\/reisepassfuhrer.com\/#\/schema\/logo\/image\/\",\"url\":\"https:\/\/reisepassfuhrer.com\/wp-content\/uploads\/2024\/03\/Reisepassfuhrer-logo.png\",\"contentUrl\":\"https:\/\/reisepassfuhrer.com\/wp-content\/uploads\/2024\/03\/Reisepassfuhrer-logo.png\",\"width\":112,\"height\":112,\"caption\":\"Reisepassfuhrer\"},\"image\":{\"@id\":\"https:\/\/reisepassfuhrer.com\/#\/schema\/logo\/image\/\"}}]}<\/script>\n<!-- \/ Yoast SEO Premium plugin. -->","yoast_head_json":{"title":"data de nascimento do passaporte romeno - Reisepassfuhrer","robots":{"index":"noindex","follow":"follow","max-snippet":"max-snippet:-1","max-image-preview":"max-image-preview:large","max-video-preview":"max-video-preview:-1"},"og_locale":"pt_PT","og_type":"article","og_title":"rum\u00e4nischer ausweis geburtsdatum","og_description":"Rum\u00e4nischer Ausweis \u2013 Mit Wunsch-Geburtsdatum | Hochwertiges Requisit f\u00fcr Sammler &amp; kreative Projekte Entdecken Sie unseren Rum\u00e4nischen Ausweis mit personalisiertem Geburtsdatum \u2013 die ideale Wahl f\u00fcr Sammler, Filmproduktionen, Cosplay-Enthusiasten oder kreative Projekte, die Wert auf authentische Details legen. Dieses hochwertige Requisit vereint pr\u00e4zise Nachbildung mit individueller Gestaltung und sorgt so f\u00fcr maximale Wirkung in jeder [&hellip;]","og_url":"https:\/\/reisepassfuhrer.com\/pt\/product\/bilhete-de-identidade-romeno-data-de-nascimento\/","og_site_name":"Reisepassfuhrer","article_modified_time":"2025-09-01T15:38:11+00:00","og_image":[{"width":285,"height":177,"url":"http:\/\/reisepassfuhrer.com\/wp-content\/uploads\/2025\/09\/download-87.jpeg","type":"image\/jpeg"}],"twitter_card":"summary_large_image","twitter_misc":{"Tempo estimado de leitura":"1 minuto"},"schema":{"@context":"https:\/\/schema.org","@graph":[{"@type":"WebPage","@id":"https:\/\/reisepassfuhrer.com\/product\/rumanischer-ausweis-geburtsdatum\/","url":"https:\/\/reisepassfuhrer.com\/product\/rumanischer-ausweis-geburtsdatum\/","name":"data de nascimento do passaporte romeno - Reisepassfuhrer","isPartOf":{"@id":"https:\/\/reisepassfuhrer.com\/#website"},"primaryImageOfPage":{"@id":"https:\/\/reisepassfuhrer.com\/product\/rumanischer-ausweis-geburtsdatum\/#primaryimage"},"image":{"@id":"https:\/\/reisepassfuhrer.com\/product\/rumanischer-ausweis-geburtsdatum\/#primaryimage"},"thumbnailUrl":"https:\/\/reisepassfuhrer.com\/wp-content\/uploads\/2025\/09\/download-87.jpeg","datePublished":"2025-09-01T15:38:10+00:00","dateModified":"2025-09-01T15:38:11+00:00","breadcrumb":{"@id":"https:\/\/reisepassfuhrer.com\/product\/rumanischer-ausweis-geburtsdatum\/#breadcrumb"},"inLanguage":"pt-PT","potentialAction":[{"@type":"ReadAction","target":["https:\/\/reisepassfuhrer.com\/product\/rumanischer-ausweis-geburtsdatum\/"]}]},{"@type":"ImageObject","inLanguage":"pt-PT","@id":"https:\/\/reisepassfuhrer.com\/product\/rumanischer-ausweis-geburtsdatum\/#primaryimage","url":"https:\/\/reisepassfuhrer.com\/wp-content\/uploads\/2025\/09\/download-87.jpeg","contentUrl":"https:\/\/reisepassfuhrer.com\/wp-content\/uploads\/2025\/09\/download-87.jpeg","width":285,"height":177},{"@type":"BreadcrumbList","@id":"https:\/\/reisepassfuhrer.com\/product\/rumanischer-ausweis-geburtsdatum\/#breadcrumb","itemListElement":[{"@type":"ListItem","position":1,"name":"Home","item":"https:\/\/reisepassfuhrer.com\/"},{"@type":"ListItem","position":2,"name":"Shop","item":"https:\/\/reisepassfuhrer.com\/shop\/"},{"@type":"ListItem","position":3,"name":"rum\u00e4nischer ausweis geburtsdatum"}]},{"@type":"WebSite","@id":"https:\/\/reisepassfuhrer.com\/#website","url":"https:\/\/reisepassfuhrer.com\/","name":"Guia de passaportes","description":"Pedir um passaporte Berlim","publisher":{"@id":"https:\/\/reisepassfuhrer.com\/#organization"},"potentialAction":[{"@type":"SearchAction","target":{"@type":"EntryPoint","urlTemplate":"https:\/\/reisepassfuhrer.com\/?s={search_term_string}"},"query-input":{"@type":"PropertyValueSpecification","valueRequired":true,"valueName":"search_term_string"}}],"inLanguage":"pt-PT"},{"@type":"Organization","@id":"https:\/\/reisepassfuhrer.com\/#organization","name":"Guia de passaportes","url":"https:\/\/reisepassfuhrer.com\/","logo":{"@type":"ImageObject","inLanguage":"pt-PT","@id":"https:\/\/reisepassfuhrer.com\/#\/schema\/logo\/image\/","url":"https:\/\/reisepassfuhrer.com\/wp-content\/uploads\/2024\/03\/Reisepassfuhrer-logo.png","contentUrl":"https:\/\/reisepassfuhrer.com\/wp-content\/uploads\/2024\/03\/Reisepassfuhrer-logo.png","width":112,"height":112,"caption":"Reisepassfuhrer"},"image":{"@id":"https:\/\/reisepassfuhrer.com\/#\/schema\/logo\/image\/"}}]}},"_links":{"self":[{"href":"https:\/\/reisepassfuhrer.com\/pt\/wp-json\/wp\/v2\/product\/3193","targetHints":{"allow":["GET"]}}],"collection":[{"href":"https:\/\/reisepassfuhrer.com\/pt\/wp-json\/wp\/v2\/product"}],"about":[{"href":"https:\/\/reisepassfuhrer.com\/pt\/wp-json\/wp\/v2\/types\/product"}],"replies":[{"embeddable":true,"href":"https:\/\/reisepassfuhrer.com\/pt\/wp-json\/wp\/v2\/comments?post=3193"}],"wp:featuredmedia":[{"embeddable":true,"href":"https:\/\/reisepassfuhrer.com\/pt\/wp-json\/wp\/v2\/media\/3195"}],"wp:attachment":[{"href":"https:\/\/reisepassfuhrer.com\/pt\/wp-json\/wp\/v2\/media?parent=3193"}],"wp:term":[{"taxonomy":"product_brand","embeddable":true,"href":"https:\/\/reisepassfuhrer.com\/pt\/wp-json\/wp\/v2\/product_brand?post=3193"},{"taxonomy":"product_cat","embeddable":true,"href":"https:\/\/reisepassfuhrer.com\/pt\/wp-json\/wp\/v2\/product_cat?post=3193"},{"taxonomy":"product_tag","embeddable":true,"href":"https:\/\/reisepassfuhrer.com\/pt\/wp-json\/wp\/v2\/product_tag?post=3193"}],"curies":[{"name":"wp","href":"https:\/\/api.w.org\/{rel}","templated":true}]}}