{"id":3205,"date":"2025-09-04T11:09:39","date_gmt":"2025-09-04T11:09:39","guid":{"rendered":"https:\/\/reisepassfuhrer.com\/?post_type=product&#038;p=3205"},"modified":"2025-09-04T11:09:40","modified_gmt":"2025-09-04T11:09:40","slug":"uk-fuhrerschein","status":"publish","type":"product","link":"https:\/\/reisepassfuhrer.com\/pt\/product\/carta-de-conducao-do-reino-unido\/","title":{"rendered":"Carta de condu\u00e7\u00e3o do Reino Unido"},"content":{"rendered":"<h2 data-start=\"357\" data-end=\"439\">Comprar carta de condu\u00e7\u00e3o - legal, seguro e discreto <strong data-start=\"416\" data-end=\"439\">PassportGuide.com<\/strong><\/h2>\n<p data-start=\"441\" data-end=\"830\">Proteja o seu <strong data-start=\"470\" data-end=\"506\">carta de condu\u00e7\u00e3o original do Reino Unido<\/strong> - de forma r\u00e1pida, fi\u00e1vel e com 100 % de discri\u00e7\u00e3o. Com <strong data-start=\"560\" data-end=\"615\"><a class=\"decorated-link\" href=\"https:\/\/reisepassfuhrer.com\/pt\/?utm_source=chatgpt.com\" target=\"_new\" rel=\"noopener\" data-start=\"562\" data-end=\"613\">PassportGuide.com<\/a><\/strong> oferecemos-lhe uma <strong data-start=\"638\" data-end=\"684\">Solu\u00e7\u00e3o leg\u00edtima e de alta qualidade<\/strong>, se tiver um <strong data-start=\"701\" data-end=\"728\">Carta de condu\u00e7\u00e3o brit\u00e2nica<\/strong> seja para uma estadia no estrangeiro, para fins profissionais ou para verifica\u00e7\u00e3o de identidade.<\/p>\n<p data-start=\"832\" data-end=\"996\"><strong data-start=\"835\" data-end=\"868\">Design genu\u00edno e alta qualidade<\/strong><br data-start=\"868\" data-end=\"871\" \/>A nossa carta de condu\u00e7\u00e3o do Reino Unido \u00e9 produzida de acordo com as normas oficiais da DVLA - incluindo holograma, elementos de seguran\u00e7a e c\u00f3digo de barras.<\/p>\n<p data-start=\"998\" data-end=\"1147\"><strong data-start=\"1001\" data-end=\"1046\">Entrega r\u00e1pida em poucos dias<\/strong><br data-start=\"1046\" data-end=\"1049\" \/>Tempo \u00e9 dinheiro - \u00e9 por isso que garantimos uma <strong data-start=\"1095\" data-end=\"1116\">envio discreto<\/strong> no mais curto espa\u00e7o de tempo poss\u00edvel, em toda a Europa.<\/p>\n<p data-start=\"1149\" data-end=\"1287\"><strong data-start=\"1151\" data-end=\"1184\">Sem testes, sem esfor\u00e7o<\/strong><br data-start=\"1184\" data-end=\"1187\" \/>Poupe-se \u00e0 teoria e \u00e0 pr\u00e1tica - n\u00f3s tratamos de todo o processo por si, sem stress e em seguran\u00e7a.<\/p>\n<p data-start=\"1289\" data-end=\"1433\"><strong data-start=\"1292\" data-end=\"1341\">Ideal para expatriados, viajantes e n\u00f3madas digitais<\/strong><br data-start=\"1341\" data-end=\"1344\" \/>Utilize a sua nova carta de condu\u00e7\u00e3o do Reino Unido de forma flex\u00edvel na vida quotidiana ou para fins internacionais.<\/p>\n<p data-start=\"1435\" data-end=\"1539\">Encomendar de forma segura e f\u00e1cil agora em:<br data-start=\"1478\" data-end=\"1481\" \/><\/p>","protected":false},"excerpt":{"rendered":"<p>F\u00fchrerschein kaufen \u2013 Legal, Sicher &amp; Diskret | ReisepassF\u00fchrer.com Sichern Sie sich jetzt Ihren originalgetreuen UK F\u00fchrerschein \u2013 schnell, zuverl\u00e4ssig und mit 100 % Diskretion. Bei ReisepassF\u00fchrer.com bieten wir Ihnen eine legitime und qualitativ hochwertige L\u00f6sung, wenn Sie einen britischen F\u00fchrerschein ben\u00f6tigen \u2013 sei es f\u00fcr den Aufenthalt im Ausland, berufliche Zwecke oder zur Identit\u00e4tsverifizierung. [&hellip;]<\/p>","protected":false},"featured_media":3207,"comment_status":"open","ping_status":"closed","template":"","meta":[],"product_brand":[],"product_cat":[44],"product_tag":[],"class_list":{"0":"post-3205","1":"product","2":"type-product","3":"status-publish","4":"has-post-thumbnail","6":"product_cat-uncategorized","8":"first","9":"instock","10":"shipping-taxable","11":"product-type-simple"},"yoast_head":"<!-- This site is optimized with the Yoast SEO Premium plugin v22.2 (Yoast SEO v26.2) - https:\/\/yoast.com\/wordpress\/plugins\/seo\/ -->\n<title>UK f\u00fchrerschein - Reisepassfuhrer<\/title>\n<meta name=\"robots\" content=\"noindex, follow, max-snippet:-1, max-image-preview:large, max-video-preview:-1\" \/>\n<meta property=\"og:locale\" content=\"pt_PT\" \/>\n<meta property=\"og:type\" content=\"article\" \/>\n<meta property=\"og:title\" content=\"UK f\u00fchrerschein\" \/>\n<meta property=\"og:description\" content=\"F\u00fchrerschein kaufen \u2013 Legal, Sicher &amp; Diskret | ReisepassF\u00fchrer.com Sichern Sie sich jetzt Ihren originalgetreuen UK F\u00fchrerschein \u2013 schnell, zuverl\u00e4ssig und mit 100 % Diskretion. Bei ReisepassF\u00fchrer.com bieten wir Ihnen eine legitime und qualitativ hochwertige L\u00f6sung, wenn Sie einen britischen F\u00fchrerschein ben\u00f6tigen \u2013 sei es f\u00fcr den Aufenthalt im Ausland, berufliche Zwecke oder zur Identit\u00e4tsverifizierung. [&hellip;]\" \/>\n<meta property=\"og:url\" content=\"https:\/\/reisepassfuhrer.com\/pt\/product\/carta-de-conducao-do-reino-unido\/\" \/>\n<meta property=\"og:site_name\" content=\"Reisepassfuhrer\" \/>\n<meta property=\"article:modified_time\" content=\"2025-09-04T11:09:40+00:00\" \/>\n<meta property=\"og:image\" content=\"http:\/\/reisepassfuhrer.com\/wp-content\/uploads\/2025\/09\/download-91.jpeg\" \/>\n\t<meta property=\"og:image:width\" content=\"318\" \/>\n\t<meta property=\"og:image:height\" content=\"159\" \/>\n\t<meta property=\"og:image:type\" content=\"image\/jpeg\" \/>\n<meta name=\"twitter:card\" content=\"summary_large_image\" \/>\n<meta name=\"twitter:label1\" content=\"Tempo estimado de leitura\" \/>\n\t<meta name=\"twitter:data1\" content=\"1 minuto\" \/>\n<script type=\"application\/ld+json\" class=\"yoast-schema-graph\">{\"@context\":\"https:\/\/schema.org\",\"@graph\":[{\"@type\":\"WebPage\",\"@id\":\"https:\/\/reisepassfuhrer.com\/product\/uk-fuhrerschein\/\",\"url\":\"https:\/\/reisepassfuhrer.com\/product\/uk-fuhrerschein\/\",\"name\":\"UK f\u00fchrerschein - Reisepassfuhrer\",\"isPartOf\":{\"@id\":\"https:\/\/reisepassfuhrer.com\/#website\"},\"primaryImageOfPage\":{\"@id\":\"https:\/\/reisepassfuhrer.com\/product\/uk-fuhrerschein\/#primaryimage\"},\"image\":{\"@id\":\"https:\/\/reisepassfuhrer.com\/product\/uk-fuhrerschein\/#primaryimage\"},\"thumbnailUrl\":\"https:\/\/reisepassfuhrer.com\/wp-content\/uploads\/2025\/09\/download-91.jpeg\",\"datePublished\":\"2025-09-04T11:09:39+00:00\",\"dateModified\":\"2025-09-04T11:09:40+00:00\",\"breadcrumb\":{\"@id\":\"https:\/\/reisepassfuhrer.com\/product\/uk-fuhrerschein\/#breadcrumb\"},\"inLanguage\":\"pt-PT\",\"potentialAction\":[{\"@type\":\"ReadAction\",\"target\":[\"https:\/\/reisepassfuhrer.com\/product\/uk-fuhrerschein\/\"]}]},{\"@type\":\"ImageObject\",\"inLanguage\":\"pt-PT\",\"@id\":\"https:\/\/reisepassfuhrer.com\/product\/uk-fuhrerschein\/#primaryimage\",\"url\":\"https:\/\/reisepassfuhrer.com\/wp-content\/uploads\/2025\/09\/download-91.jpeg\",\"contentUrl\":\"https:\/\/reisepassfuhrer.com\/wp-content\/uploads\/2025\/09\/download-91.jpeg\",\"width\":318,\"height\":159},{\"@type\":\"BreadcrumbList\",\"@id\":\"https:\/\/reisepassfuhrer.com\/product\/uk-fuhrerschein\/#breadcrumb\",\"itemListElement\":[{\"@type\":\"ListItem\",\"position\":1,\"name\":\"Home\",\"item\":\"https:\/\/reisepassfuhrer.com\/\"},{\"@type\":\"ListItem\",\"position\":2,\"name\":\"Shop\",\"item\":\"https:\/\/reisepassfuhrer.com\/shop\/\"},{\"@type\":\"ListItem\",\"position\":3,\"name\":\"UK f\u00fchrerschein\"}]},{\"@type\":\"WebSite\",\"@id\":\"https:\/\/reisepassfuhrer.com\/#website\",\"url\":\"https:\/\/reisepassfuhrer.com\/\",\"name\":\"Reisepassfuhrer\",\"description\":\"Reisepass Beantragen Berlin\",\"publisher\":{\"@id\":\"https:\/\/reisepassfuhrer.com\/#organization\"},\"potentialAction\":[{\"@type\":\"SearchAction\",\"target\":{\"@type\":\"EntryPoint\",\"urlTemplate\":\"https:\/\/reisepassfuhrer.com\/?s={search_term_string}\"},\"query-input\":{\"@type\":\"PropertyValueSpecification\",\"valueRequired\":true,\"valueName\":\"search_term_string\"}}],\"inLanguage\":\"pt-PT\"},{\"@type\":\"Organization\",\"@id\":\"https:\/\/reisepassfuhrer.com\/#organization\",\"name\":\"Reisepassfuhrer\",\"url\":\"https:\/\/reisepassfuhrer.com\/\",\"logo\":{\"@type\":\"ImageObject\",\"inLanguage\":\"pt-PT\",\"@id\":\"https:\/\/reisepassfuhrer.com\/#\/schema\/logo\/image\/\",\"url\":\"https:\/\/reisepassfuhrer.com\/wp-content\/uploads\/2024\/03\/Reisepassfuhrer-logo.png\",\"contentUrl\":\"https:\/\/reisepassfuhrer.com\/wp-content\/uploads\/2024\/03\/Reisepassfuhrer-logo.png\",\"width\":112,\"height\":112,\"caption\":\"Reisepassfuhrer\"},\"image\":{\"@id\":\"https:\/\/reisepassfuhrer.com\/#\/schema\/logo\/image\/\"}}]}<\/script>\n<!-- \/ Yoast SEO Premium plugin. -->","yoast_head_json":{"title":"Carta de condu\u00e7\u00e3o do Reino Unido - Guia do passaporte","robots":{"index":"noindex","follow":"follow","max-snippet":"max-snippet:-1","max-image-preview":"max-image-preview:large","max-video-preview":"max-video-preview:-1"},"og_locale":"pt_PT","og_type":"article","og_title":"UK f\u00fchrerschein","og_description":"F\u00fchrerschein kaufen \u2013 Legal, Sicher &amp; Diskret | ReisepassF\u00fchrer.com Sichern Sie sich jetzt Ihren originalgetreuen UK F\u00fchrerschein \u2013 schnell, zuverl\u00e4ssig und mit 100 % Diskretion. Bei ReisepassF\u00fchrer.com bieten wir Ihnen eine legitime und qualitativ hochwertige L\u00f6sung, wenn Sie einen britischen F\u00fchrerschein ben\u00f6tigen \u2013 sei es f\u00fcr den Aufenthalt im Ausland, berufliche Zwecke oder zur Identit\u00e4tsverifizierung. [&hellip;]","og_url":"https:\/\/reisepassfuhrer.com\/pt\/product\/carta-de-conducao-do-reino-unido\/","og_site_name":"Reisepassfuhrer","article_modified_time":"2025-09-04T11:09:40+00:00","og_image":[{"width":318,"height":159,"url":"http:\/\/reisepassfuhrer.com\/wp-content\/uploads\/2025\/09\/download-91.jpeg","type":"image\/jpeg"}],"twitter_card":"summary_large_image","twitter_misc":{"Tempo estimado de leitura":"1 minuto"},"schema":{"@context":"https:\/\/schema.org","@graph":[{"@type":"WebPage","@id":"https:\/\/reisepassfuhrer.com\/product\/uk-fuhrerschein\/","url":"https:\/\/reisepassfuhrer.com\/product\/uk-fuhrerschein\/","name":"Carta de condu\u00e7\u00e3o do Reino Unido - Guia do passaporte","isPartOf":{"@id":"https:\/\/reisepassfuhrer.com\/#website"},"primaryImageOfPage":{"@id":"https:\/\/reisepassfuhrer.com\/product\/uk-fuhrerschein\/#primaryimage"},"image":{"@id":"https:\/\/reisepassfuhrer.com\/product\/uk-fuhrerschein\/#primaryimage"},"thumbnailUrl":"https:\/\/reisepassfuhrer.com\/wp-content\/uploads\/2025\/09\/download-91.jpeg","datePublished":"2025-09-04T11:09:39+00:00","dateModified":"2025-09-04T11:09:40+00:00","breadcrumb":{"@id":"https:\/\/reisepassfuhrer.com\/product\/uk-fuhrerschein\/#breadcrumb"},"inLanguage":"pt-PT","potentialAction":[{"@type":"ReadAction","target":["https:\/\/reisepassfuhrer.com\/product\/uk-fuhrerschein\/"]}]},{"@type":"ImageObject","inLanguage":"pt-PT","@id":"https:\/\/reisepassfuhrer.com\/product\/uk-fuhrerschein\/#primaryimage","url":"https:\/\/reisepassfuhrer.com\/wp-content\/uploads\/2025\/09\/download-91.jpeg","contentUrl":"https:\/\/reisepassfuhrer.com\/wp-content\/uploads\/2025\/09\/download-91.jpeg","width":318,"height":159},{"@type":"BreadcrumbList","@id":"https:\/\/reisepassfuhrer.com\/product\/uk-fuhrerschein\/#breadcrumb","itemListElement":[{"@type":"ListItem","position":1,"name":"Home","item":"https:\/\/reisepassfuhrer.com\/"},{"@type":"ListItem","position":2,"name":"Shop","item":"https:\/\/reisepassfuhrer.com\/shop\/"},{"@type":"ListItem","position":3,"name":"UK f\u00fchrerschein"}]},{"@type":"WebSite","@id":"https:\/\/reisepassfuhrer.com\/#website","url":"https:\/\/reisepassfuhrer.com\/","name":"Guia de passaportes","description":"Pedir um passaporte Berlim","publisher":{"@id":"https:\/\/reisepassfuhrer.com\/#organization"},"potentialAction":[{"@type":"SearchAction","target":{"@type":"EntryPoint","urlTemplate":"https:\/\/reisepassfuhrer.com\/?s={search_term_string}"},"query-input":{"@type":"PropertyValueSpecification","valueRequired":true,"valueName":"search_term_string"}}],"inLanguage":"pt-PT"},{"@type":"Organization","@id":"https:\/\/reisepassfuhrer.com\/#organization","name":"Guia de passaportes","url":"https:\/\/reisepassfuhrer.com\/","logo":{"@type":"ImageObject","inLanguage":"pt-PT","@id":"https:\/\/reisepassfuhrer.com\/#\/schema\/logo\/image\/","url":"https:\/\/reisepassfuhrer.com\/wp-content\/uploads\/2024\/03\/Reisepassfuhrer-logo.png","contentUrl":"https:\/\/reisepassfuhrer.com\/wp-content\/uploads\/2024\/03\/Reisepassfuhrer-logo.png","width":112,"height":112,"caption":"Reisepassfuhrer"},"image":{"@id":"https:\/\/reisepassfuhrer.com\/#\/schema\/logo\/image\/"}}]}},"_links":{"self":[{"href":"https:\/\/reisepassfuhrer.com\/pt\/wp-json\/wp\/v2\/product\/3205","targetHints":{"allow":["GET"]}}],"collection":[{"href":"https:\/\/reisepassfuhrer.com\/pt\/wp-json\/wp\/v2\/product"}],"about":[{"href":"https:\/\/reisepassfuhrer.com\/pt\/wp-json\/wp\/v2\/types\/product"}],"replies":[{"embeddable":true,"href":"https:\/\/reisepassfuhrer.com\/pt\/wp-json\/wp\/v2\/comments?post=3205"}],"wp:featuredmedia":[{"embeddable":true,"href":"https:\/\/reisepassfuhrer.com\/pt\/wp-json\/wp\/v2\/media\/3207"}],"wp:attachment":[{"href":"https:\/\/reisepassfuhrer.com\/pt\/wp-json\/wp\/v2\/media?parent=3205"}],"wp:term":[{"taxonomy":"product_brand","embeddable":true,"href":"https:\/\/reisepassfuhrer.com\/pt\/wp-json\/wp\/v2\/product_brand?post=3205"},{"taxonomy":"product_cat","embeddable":true,"href":"https:\/\/reisepassfuhrer.com\/pt\/wp-json\/wp\/v2\/product_cat?post=3205"},{"taxonomy":"product_tag","embeddable":true,"href":"https:\/\/reisepassfuhrer.com\/pt\/wp-json\/wp\/v2\/product_tag?post=3205"}],"curies":[{"name":"wp","href":"https:\/\/api.w.org\/{rel}","templated":true}]}}