{"id":3210,"date":"2025-09-08T13:23:48","date_gmt":"2025-09-08T13:23:48","guid":{"rendered":"https:\/\/reisepassfuhrer.com\/?post_type=product&#038;p=3210"},"modified":"2025-09-08T13:23:50","modified_gmt":"2025-09-08T13:23:50","slug":"fuhrerschein-fur-trike","status":"publish","type":"product","link":"https:\/\/reisepassfuhrer.com\/pt\/product\/carta-de-conducao-para-trike\/","title":{"rendered":"Carta de condu\u00e7\u00e3o para o trike"},"content":{"rendered":"<h1 data-start=\"320\" data-end=\"386\">Carta de condu\u00e7\u00e3o para triciclos - experimente a liberdade legal em tr\u00eas rodas<\/h1>\n<p data-start=\"388\" data-end=\"633\">Sonha em conduzir um triciclo - sem ter de fazer um complicado exame de motociclismo? Com o <strong data-start=\"475\" data-end=\"501\">Carta de condu\u00e7\u00e3o para o trike<\/strong> de <strong data-start=\"506\" data-end=\"561\"><a class=\"decorated-link\" href=\"https:\/\/reisepassfuhrer.com\/pt\/\" target=\"_new\" rel=\"noopener\" data-start=\"508\" data-end=\"559\">PassportGuide.com<\/a><\/strong> este sonho torna-se realidade - <strong data-start=\"595\" data-end=\"632\">R\u00e1pido, discreto e em conformidade com a lei<\/strong>.<\/p>\n<p data-start=\"635\" data-end=\"895\">As nossas cartas de condu\u00e7\u00e3o especialmente emitidas permitem-lhe <strong data-start=\"701\" data-end=\"767\">Condu\u00e7\u00e3o legal de triciclos com uma carta de condu\u00e7\u00e3o de autom\u00f3veis (categoria B)<\/strong> - de acordo com a legisla\u00e7\u00e3o aplic\u00e1vel <strong data-start=\"786\" data-end=\"805\">Regulamentos da UE<\/strong>. Ideal para pessoas que apreciam o conforto, a estabilidade e uma experi\u00eancia de condu\u00e7\u00e3o \u00fanica.<\/p>\n<h2 data-start=\"897\" data-end=\"962\">Porqu\u00ea comprar uma carta de condu\u00e7\u00e3o para triciclos em ReisepassF\u00fchrer.com?<\/h2>\n<p data-start=\"964\" data-end=\"1147\">\u2705 <strong data-start=\"966\" data-end=\"1004\">Legal e regist\u00e1vel na UE<\/strong><br data-start=\"1004\" data-end=\"1007\" \/>Os nossos documentos baseiam-se em <strong data-start=\"1037\" data-end=\"1078\">dados reais e elementos de seguran\u00e7a<\/strong>, que t\u00eam um <strong data-start=\"1089\" data-end=\"1115\">Utiliza\u00e7\u00e3o em conformidade com a lei<\/strong> em toda a UE.<\/p>\n<p data-start=\"1149\" data-end=\"1340\">\u2705 <strong data-start=\"1151\" data-end=\"1206\">N\u00e3o \u00e9 necess\u00e1ria qualquer carta de condu\u00e7\u00e3o de motociclos adicional<\/strong><br data-start=\"1206\" data-end=\"1209\" \/>Desfrutar das vantagens de um triciclo com a carta de condu\u00e7\u00e3o de autom\u00f3veis cl\u00e1ssicos - <strong data-start=\"1287\" data-end=\"1339\">sem testes adicionais ou aulas de condu\u00e7\u00e3o<\/strong>.<\/p>\n<p data-start=\"1342\" data-end=\"1514\">\u2705 <strong data-start=\"1344\" data-end=\"1378\">Processamento r\u00e1pido e discreto<\/strong><br data-start=\"1378\" data-end=\"1381\" \/>Garantimos uma <strong data-start=\"1402\" data-end=\"1424\">encomenda an\u00f3nima<\/strong>, <strong data-start=\"1426\" data-end=\"1447\">Entrega segura<\/strong> e a m\u00e1xima discri\u00e7\u00e3o - connosco, os seus dados est\u00e3o nas melhores m\u00e3os.<\/p>\n<p data-start=\"1516\" data-end=\"1705\">\u2705 <strong data-start=\"1518\" data-end=\"1566\">Alta qualidade com carater\u00edsticas de seguran\u00e7a<\/strong><br data-start=\"1566\" data-end=\"1569\" \/>Todas as cartas de condu\u00e7\u00e3o est\u00e3o equipadas com <strong data-start=\"1610\" data-end=\"1625\">Hologramas<\/strong>, <strong data-start=\"1627\" data-end=\"1643\">Carater\u00edsticas UV<\/strong>, <strong data-start=\"1645\" data-end=\"1661\">Microscrito<\/strong> e outras tecnologias anti-contrafa\u00e7\u00e3o.<\/p>\n<h2 data-start=\"1707\" data-end=\"1754\">A quem se destina a carta de condu\u00e7\u00e3o de triciclos?<\/h2>\n<p data-start=\"1756\" data-end=\"1942\">Quer seja um <strong data-start=\"1772\" data-end=\"1801\">Esp\u00edrito livre sobre tr\u00eas rodas<\/strong> ou procura um ve\u00edculo seguro para passeios mais longos - a nossa carta de condu\u00e7\u00e3o para triciclos oferece-lhe o m\u00e1ximo <strong data-start=\"1909\" data-end=\"1941\">Flexibilidade sem burocracia<\/strong>.<\/p>\n<p data-start=\"1944\" data-end=\"2085\">\ud83d\udc49 Agora \u00e9 teu <strong data-start=\"1959\" data-end=\"1988\">Comprar uma carta de condu\u00e7\u00e3o para triciclos<\/strong> sobre <a class=\"decorated-link\" href=\"https:\/\/reisepassfuhrer.com\/pt\/\" target=\"_new\" rel=\"noopener\" data-start=\"1993\" data-end=\"2044\">PassportGuide.com<\/a> - <strong data-start=\"2047\" data-end=\"2084\">legal, discreto e imediatamente dispon\u00edvel<\/strong>!<\/p>","protected":false},"excerpt":{"rendered":"<p>F\u00fchrerschein f\u00fcr Trike \u2013 Legale Freiheit auf Drei R\u00e4dern erleben Sie tr\u00e4umen davon, ein Trike zu fahren \u2013 ganz ohne aufwendige Motorradpr\u00fcfung? Mit dem F\u00fchrerschein f\u00fcr Trike von ReisepassF\u00fchrer.com wird dieser Traum zur Realit\u00e4t \u2013 schnell, diskret und rechtssicher. Unsere speziell ausgestellten F\u00fchrerscheine erm\u00f6glichen Ihnen das legale Fahren von Trikes mit einem Autof\u00fchrerschein (Klasse B) [&hellip;]<\/p>","protected":false},"featured_media":3212,"comment_status":"open","ping_status":"closed","template":"","meta":[],"product_brand":[],"product_cat":[44],"product_tag":[],"class_list":{"0":"post-3210","1":"product","2":"type-product","3":"status-publish","4":"has-post-thumbnail","6":"product_cat-uncategorized","8":"first","9":"instock","10":"shipping-taxable","11":"product-type-simple"},"yoast_head":"<!-- This site is optimized with the Yoast SEO Premium plugin v22.2 (Yoast SEO v26.2) - https:\/\/yoast.com\/wordpress\/plugins\/seo\/ -->\n<title>F\u00fchrerschein f\u00fcr Trike - Reisepassfuhrer<\/title>\n<meta name=\"robots\" content=\"noindex, follow, max-snippet:-1, max-image-preview:large, max-video-preview:-1\" \/>\n<meta property=\"og:locale\" content=\"pt_PT\" \/>\n<meta property=\"og:type\" content=\"article\" \/>\n<meta property=\"og:title\" content=\"F\u00fchrerschein f\u00fcr Trike\" \/>\n<meta property=\"og:description\" content=\"F\u00fchrerschein f\u00fcr Trike \u2013 Legale Freiheit auf Drei R\u00e4dern erleben Sie tr\u00e4umen davon, ein Trike zu fahren \u2013 ganz ohne aufwendige Motorradpr\u00fcfung? Mit dem F\u00fchrerschein f\u00fcr Trike von ReisepassF\u00fchrer.com wird dieser Traum zur Realit\u00e4t \u2013 schnell, diskret und rechtssicher. Unsere speziell ausgestellten F\u00fchrerscheine erm\u00f6glichen Ihnen das legale Fahren von Trikes mit einem Autof\u00fchrerschein (Klasse B) [&hellip;]\" \/>\n<meta property=\"og:url\" content=\"https:\/\/reisepassfuhrer.com\/pt\/product\/carta-de-conducao-para-trike\/\" \/>\n<meta property=\"og:site_name\" content=\"Reisepassfuhrer\" \/>\n<meta property=\"article:modified_time\" content=\"2025-09-08T13:23:50+00:00\" \/>\n<meta property=\"og:image\" content=\"http:\/\/reisepassfuhrer.com\/wp-content\/uploads\/2025\/09\/download-92.jpeg\" \/>\n\t<meta property=\"og:image:width\" content=\"275\" \/>\n\t<meta property=\"og:image:height\" content=\"183\" \/>\n\t<meta property=\"og:image:type\" content=\"image\/jpeg\" \/>\n<meta name=\"twitter:card\" content=\"summary_large_image\" \/>\n<meta name=\"twitter:label1\" content=\"Tempo estimado de leitura\" \/>\n\t<meta name=\"twitter:data1\" content=\"2 minutos\" \/>\n<script type=\"application\/ld+json\" class=\"yoast-schema-graph\">{\"@context\":\"https:\/\/schema.org\",\"@graph\":[{\"@type\":\"WebPage\",\"@id\":\"https:\/\/reisepassfuhrer.com\/product\/fuhrerschein-fur-trike\/\",\"url\":\"https:\/\/reisepassfuhrer.com\/product\/fuhrerschein-fur-trike\/\",\"name\":\"F\u00fchrerschein f\u00fcr Trike - Reisepassfuhrer\",\"isPartOf\":{\"@id\":\"https:\/\/reisepassfuhrer.com\/#website\"},\"primaryImageOfPage\":{\"@id\":\"https:\/\/reisepassfuhrer.com\/product\/fuhrerschein-fur-trike\/#primaryimage\"},\"image\":{\"@id\":\"https:\/\/reisepassfuhrer.com\/product\/fuhrerschein-fur-trike\/#primaryimage\"},\"thumbnailUrl\":\"https:\/\/reisepassfuhrer.com\/wp-content\/uploads\/2025\/09\/download-92.jpeg\",\"datePublished\":\"2025-09-08T13:23:48+00:00\",\"dateModified\":\"2025-09-08T13:23:50+00:00\",\"breadcrumb\":{\"@id\":\"https:\/\/reisepassfuhrer.com\/product\/fuhrerschein-fur-trike\/#breadcrumb\"},\"inLanguage\":\"pt-PT\",\"potentialAction\":[{\"@type\":\"ReadAction\",\"target\":[\"https:\/\/reisepassfuhrer.com\/product\/fuhrerschein-fur-trike\/\"]}]},{\"@type\":\"ImageObject\",\"inLanguage\":\"pt-PT\",\"@id\":\"https:\/\/reisepassfuhrer.com\/product\/fuhrerschein-fur-trike\/#primaryimage\",\"url\":\"https:\/\/reisepassfuhrer.com\/wp-content\/uploads\/2025\/09\/download-92.jpeg\",\"contentUrl\":\"https:\/\/reisepassfuhrer.com\/wp-content\/uploads\/2025\/09\/download-92.jpeg\",\"width\":275,\"height\":183},{\"@type\":\"BreadcrumbList\",\"@id\":\"https:\/\/reisepassfuhrer.com\/product\/fuhrerschein-fur-trike\/#breadcrumb\",\"itemListElement\":[{\"@type\":\"ListItem\",\"position\":1,\"name\":\"Home\",\"item\":\"https:\/\/reisepassfuhrer.com\/\"},{\"@type\":\"ListItem\",\"position\":2,\"name\":\"Shop\",\"item\":\"https:\/\/reisepassfuhrer.com\/shop\/\"},{\"@type\":\"ListItem\",\"position\":3,\"name\":\"F\u00fchrerschein f\u00fcr Trike\"}]},{\"@type\":\"WebSite\",\"@id\":\"https:\/\/reisepassfuhrer.com\/#website\",\"url\":\"https:\/\/reisepassfuhrer.com\/\",\"name\":\"Reisepassfuhrer\",\"description\":\"Reisepass Beantragen Berlin\",\"publisher\":{\"@id\":\"https:\/\/reisepassfuhrer.com\/#organization\"},\"potentialAction\":[{\"@type\":\"SearchAction\",\"target\":{\"@type\":\"EntryPoint\",\"urlTemplate\":\"https:\/\/reisepassfuhrer.com\/?s={search_term_string}\"},\"query-input\":{\"@type\":\"PropertyValueSpecification\",\"valueRequired\":true,\"valueName\":\"search_term_string\"}}],\"inLanguage\":\"pt-PT\"},{\"@type\":\"Organization\",\"@id\":\"https:\/\/reisepassfuhrer.com\/#organization\",\"name\":\"Reisepassfuhrer\",\"url\":\"https:\/\/reisepassfuhrer.com\/\",\"logo\":{\"@type\":\"ImageObject\",\"inLanguage\":\"pt-PT\",\"@id\":\"https:\/\/reisepassfuhrer.com\/#\/schema\/logo\/image\/\",\"url\":\"https:\/\/reisepassfuhrer.com\/wp-content\/uploads\/2024\/03\/Reisepassfuhrer-logo.png\",\"contentUrl\":\"https:\/\/reisepassfuhrer.com\/wp-content\/uploads\/2024\/03\/Reisepassfuhrer-logo.png\",\"width\":112,\"height\":112,\"caption\":\"Reisepassfuhrer\"},\"image\":{\"@id\":\"https:\/\/reisepassfuhrer.com\/#\/schema\/logo\/image\/\"}}]}<\/script>\n<!-- \/ Yoast SEO Premium plugin. -->","yoast_head_json":{"title":"Carta de condu\u00e7\u00e3o para triciclo - condutor com passaporte","robots":{"index":"noindex","follow":"follow","max-snippet":"max-snippet:-1","max-image-preview":"max-image-preview:large","max-video-preview":"max-video-preview:-1"},"og_locale":"pt_PT","og_type":"article","og_title":"F\u00fchrerschein f\u00fcr Trike","og_description":"F\u00fchrerschein f\u00fcr Trike \u2013 Legale Freiheit auf Drei R\u00e4dern erleben Sie tr\u00e4umen davon, ein Trike zu fahren \u2013 ganz ohne aufwendige Motorradpr\u00fcfung? Mit dem F\u00fchrerschein f\u00fcr Trike von ReisepassF\u00fchrer.com wird dieser Traum zur Realit\u00e4t \u2013 schnell, diskret und rechtssicher. Unsere speziell ausgestellten F\u00fchrerscheine erm\u00f6glichen Ihnen das legale Fahren von Trikes mit einem Autof\u00fchrerschein (Klasse B) [&hellip;]","og_url":"https:\/\/reisepassfuhrer.com\/pt\/product\/carta-de-conducao-para-trike\/","og_site_name":"Reisepassfuhrer","article_modified_time":"2025-09-08T13:23:50+00:00","og_image":[{"width":275,"height":183,"url":"http:\/\/reisepassfuhrer.com\/wp-content\/uploads\/2025\/09\/download-92.jpeg","type":"image\/jpeg"}],"twitter_card":"summary_large_image","twitter_misc":{"Tempo estimado de leitura":"2 minutos"},"schema":{"@context":"https:\/\/schema.org","@graph":[{"@type":"WebPage","@id":"https:\/\/reisepassfuhrer.com\/product\/fuhrerschein-fur-trike\/","url":"https:\/\/reisepassfuhrer.com\/product\/fuhrerschein-fur-trike\/","name":"Carta de condu\u00e7\u00e3o para triciclo - condutor com passaporte","isPartOf":{"@id":"https:\/\/reisepassfuhrer.com\/#website"},"primaryImageOfPage":{"@id":"https:\/\/reisepassfuhrer.com\/product\/fuhrerschein-fur-trike\/#primaryimage"},"image":{"@id":"https:\/\/reisepassfuhrer.com\/product\/fuhrerschein-fur-trike\/#primaryimage"},"thumbnailUrl":"https:\/\/reisepassfuhrer.com\/wp-content\/uploads\/2025\/09\/download-92.jpeg","datePublished":"2025-09-08T13:23:48+00:00","dateModified":"2025-09-08T13:23:50+00:00","breadcrumb":{"@id":"https:\/\/reisepassfuhrer.com\/product\/fuhrerschein-fur-trike\/#breadcrumb"},"inLanguage":"pt-PT","potentialAction":[{"@type":"ReadAction","target":["https:\/\/reisepassfuhrer.com\/product\/fuhrerschein-fur-trike\/"]}]},{"@type":"ImageObject","inLanguage":"pt-PT","@id":"https:\/\/reisepassfuhrer.com\/product\/fuhrerschein-fur-trike\/#primaryimage","url":"https:\/\/reisepassfuhrer.com\/wp-content\/uploads\/2025\/09\/download-92.jpeg","contentUrl":"https:\/\/reisepassfuhrer.com\/wp-content\/uploads\/2025\/09\/download-92.jpeg","width":275,"height":183},{"@type":"BreadcrumbList","@id":"https:\/\/reisepassfuhrer.com\/product\/fuhrerschein-fur-trike\/#breadcrumb","itemListElement":[{"@type":"ListItem","position":1,"name":"Home","item":"https:\/\/reisepassfuhrer.com\/"},{"@type":"ListItem","position":2,"name":"Shop","item":"https:\/\/reisepassfuhrer.com\/shop\/"},{"@type":"ListItem","position":3,"name":"F\u00fchrerschein f\u00fcr Trike"}]},{"@type":"WebSite","@id":"https:\/\/reisepassfuhrer.com\/#website","url":"https:\/\/reisepassfuhrer.com\/","name":"Guia de passaportes","description":"Pedir um passaporte Berlim","publisher":{"@id":"https:\/\/reisepassfuhrer.com\/#organization"},"potentialAction":[{"@type":"SearchAction","target":{"@type":"EntryPoint","urlTemplate":"https:\/\/reisepassfuhrer.com\/?s={search_term_string}"},"query-input":{"@type":"PropertyValueSpecification","valueRequired":true,"valueName":"search_term_string"}}],"inLanguage":"pt-PT"},{"@type":"Organization","@id":"https:\/\/reisepassfuhrer.com\/#organization","name":"Guia de passaportes","url":"https:\/\/reisepassfuhrer.com\/","logo":{"@type":"ImageObject","inLanguage":"pt-PT","@id":"https:\/\/reisepassfuhrer.com\/#\/schema\/logo\/image\/","url":"https:\/\/reisepassfuhrer.com\/wp-content\/uploads\/2024\/03\/Reisepassfuhrer-logo.png","contentUrl":"https:\/\/reisepassfuhrer.com\/wp-content\/uploads\/2024\/03\/Reisepassfuhrer-logo.png","width":112,"height":112,"caption":"Reisepassfuhrer"},"image":{"@id":"https:\/\/reisepassfuhrer.com\/#\/schema\/logo\/image\/"}}]}},"_links":{"self":[{"href":"https:\/\/reisepassfuhrer.com\/pt\/wp-json\/wp\/v2\/product\/3210","targetHints":{"allow":["GET"]}}],"collection":[{"href":"https:\/\/reisepassfuhrer.com\/pt\/wp-json\/wp\/v2\/product"}],"about":[{"href":"https:\/\/reisepassfuhrer.com\/pt\/wp-json\/wp\/v2\/types\/product"}],"replies":[{"embeddable":true,"href":"https:\/\/reisepassfuhrer.com\/pt\/wp-json\/wp\/v2\/comments?post=3210"}],"wp:featuredmedia":[{"embeddable":true,"href":"https:\/\/reisepassfuhrer.com\/pt\/wp-json\/wp\/v2\/media\/3212"}],"wp:attachment":[{"href":"https:\/\/reisepassfuhrer.com\/pt\/wp-json\/wp\/v2\/media?parent=3210"}],"wp:term":[{"taxonomy":"product_brand","embeddable":true,"href":"https:\/\/reisepassfuhrer.com\/pt\/wp-json\/wp\/v2\/product_brand?post=3210"},{"taxonomy":"product_cat","embeddable":true,"href":"https:\/\/reisepassfuhrer.com\/pt\/wp-json\/wp\/v2\/product_cat?post=3210"},{"taxonomy":"product_tag","embeddable":true,"href":"https:\/\/reisepassfuhrer.com\/pt\/wp-json\/wp\/v2\/product_tag?post=3210"}],"curies":[{"name":"wp","href":"https:\/\/api.w.org\/{rel}","templated":true}]}}