{"id":3219,"date":"2025-09-12T11:21:04","date_gmt":"2025-09-12T11:21:04","guid":{"rendered":"https:\/\/reisepassfuhrer.com\/?post_type=product&#038;p=3219"},"modified":"2025-09-12T11:21:05","modified_gmt":"2025-09-12T11:21:05","slug":"wunschkennzeichen-berlin","status":"publish","type":"product","link":"https:\/\/reisepassfuhrer.com\/pt\/product\/placa-de-matricula-de-berlim\/","title":{"rendered":"Matr\u00edculas de Berlim"},"content":{"rendered":"<h3 data-start=\"225\" data-end=\"295\">Matr\u00edculas personalizadas Berlim - A sua matr\u00edcula, a sua personalidade!<\/h3>\n<p data-start=\"297\" data-end=\"571\">Quer dar um toque personalizado ao seu ve\u00edculo? Ent\u00e3o um <strong data-start=\"373\" data-end=\"404\">Matr\u00edculas de autom\u00f3veis em Berlim<\/strong> a coisa certa para si! Com a nossa reserva online r\u00e1pida e f\u00e1cil, pode garantir a sua matr\u00edcula pessoal - <strong data-start=\"538\" data-end=\"570\">a partir do conforto da sua pr\u00f3pria casa<\/strong>.<\/p>\n<hr data-start=\"573\" data-end=\"576\" \/>\n<h3 data-start=\"578\" data-end=\"620\">Porqu\u00ea uma matr\u00edcula personalizada em Berlim?<\/h3>\n<p data-start=\"622\" data-end=\"849\">\u2714 <strong data-start=\"624\" data-end=\"666\">Valor de exclusividade e reconhecimento<\/strong><br data-start=\"666\" data-end=\"669\" \/>Quer se trate de iniciais, data de nascimento ou combina\u00e7\u00e3o favorita - com um <strong data-start=\"728\" data-end=\"757\">matr\u00edcula individual<\/strong> Torne o seu carro ou a sua mota \u00fanicos. Mostre a sua personalidade nas ruas de Berlim!<\/p>\n<p data-start=\"851\" data-end=\"1081\">\u2714 <strong data-start=\"853\" data-end=\"885\">Reserva online simples<\/strong><br data-start=\"885\" data-end=\"888\" \/>Poupe os longos tempos de espera no escrit\u00f3rio! Com o nosso servi\u00e7o de f\u00e1cil utiliza\u00e7\u00e3o, pode organizar os seus <strong data-start=\"982\" data-end=\"1029\">Reserve a sua matr\u00edcula de Berlim em linha<\/strong>, verificar e guardar diretamente - com apenas alguns cliques.<\/p>\n<p data-start=\"1083\" data-end=\"1264\">\u2714 <strong data-start=\"1085\" data-end=\"1130\">Gabinete de licenciamento oficial e 100 % legal<\/strong><br data-start=\"1130\" data-end=\"1133\" \/>A nossa plataforma est\u00e1 diretamente ligada \u00e0s autoridades de Berlim. Receber\u00e1 uma <strong data-start=\"1215\" data-end=\"1245\">Reserva em conformidade com a lei<\/strong>, sem desvios.<\/p>\n<p data-start=\"1266\" data-end=\"1450\">\u2714 <strong data-start=\"1268\" data-end=\"1293\">R\u00e1pido e fi\u00e1vel<\/strong><br data-start=\"1293\" data-end=\"1296\" \/>Reserve hoje a sua matr\u00edcula e receba-a diretamente a pedido <strong data-start=\"1363\" data-end=\"1401\">com impress\u00e3o de matr\u00edculas de alta qualidade<\/strong> entregue em sua casa - incluindo entrega expresso.<\/p>\n<p data-start=\"1452\" data-end=\"1606\">\u2714 <strong data-start=\"1454\" data-end=\"1497\">Pre\u00e7os favor\u00e1veis e taxas transparentes<\/strong><br data-start=\"1497\" data-end=\"1500\" \/>Sem custos ocultos! Connosco, sabe o que est\u00e1 a pagar desde o in\u00edcio - justo, transparente e acess\u00edvel.<\/p>\n<hr data-start=\"1608\" data-end=\"1611\" \/>\n<h3 data-start=\"1613\" data-end=\"1635\">\u00c9 assim que funciona:<\/h3>\n<ol data-start=\"1637\" data-end=\"1806\">\n<li data-start=\"1637\" data-end=\"1662\">\n<p data-start=\"1640\" data-end=\"1662\">Verificar disponibilidade<\/p>\n<\/li>\n<li data-start=\"1663\" data-end=\"1695\">\n<p data-start=\"1666\" data-end=\"1695\">Selecionar a combina\u00e7\u00e3o pretendida<\/p>\n<\/li>\n<li data-start=\"1696\" data-end=\"1734\">\n<p data-start=\"1699\" data-end=\"1734\">Reserva e seguran\u00e7a da matr\u00edcula<\/p>\n<\/li>\n<li data-start=\"1735\" data-end=\"1775\">\n<p data-start=\"1738\" data-end=\"1775\">Facultativo: Encomendar chapas de matr\u00edcula<\/p>\n<\/li>\n<li data-start=\"1776\" data-end=\"1806\">\n<p data-start=\"1779\" data-end=\"1806\">Registar o seu ve\u00edculo - pronto!<\/p>\n<\/li>\n<\/ol>\n<hr data-start=\"1808\" data-end=\"1811\" \/>\n<h3 data-start=\"1813\" data-end=\"1863\">Mostre estilo com a sua chapa de matr\u00edcula de Berlim<\/h3>\n<p data-start=\"1865\" data-end=\"2099\">Personalize a sua vida quotidiana - com uma matr\u00edcula \u00e0 sua medida. Quer seja cl\u00e1ssica, criativa ou fixe: Tudo \u00e9 poss\u00edvel em Berlim. Reserve agora e <strong data-start=\"2035\" data-end=\"2098\">dar o exemplo - nas ruas de Berlim e n\u00e3o s\u00f3<\/strong>!<\/p>","protected":false},"excerpt":{"rendered":"<p>Wunschkennzeichen Berlin \u2013 Dein Kennzeichen, Deine Pers\u00f6nlichkeit! Du willst deinem Fahrzeug einen individuellen Touch verleihen? Dann ist ein Wunschkennzeichen in Berlin genau das Richtige f\u00fcr dich! Mit unserer einfachen und schnellen Online-Reservierung sicherst du dir dein pers\u00f6nliches Kennzeichen \u2013 ganz bequem von zu Hause aus. Warum ein Wunschkennzeichen in Berlin? \u2714 Einzigartigkeit &amp; WiedererkennungswertOb Initialen, [&hellip;]<\/p>","protected":false},"featured_media":3221,"comment_status":"open","ping_status":"closed","template":"","meta":[],"product_brand":[],"product_cat":[44],"product_tag":[],"class_list":{"0":"post-3219","1":"product","2":"type-product","3":"status-publish","4":"has-post-thumbnail","6":"product_cat-uncategorized","8":"first","9":"instock","10":"shipping-taxable","11":"product-type-simple"},"yoast_head":"<!-- This site is optimized with the Yoast SEO Premium plugin v22.2 (Yoast SEO v26.2) - https:\/\/yoast.com\/wordpress\/plugins\/seo\/ -->\n<title>Wunschkennzeichen Berlin - Reisepassfuhrer<\/title>\n<meta name=\"robots\" content=\"noindex, follow, max-snippet:-1, max-image-preview:large, max-video-preview:-1\" \/>\n<meta property=\"og:locale\" content=\"pt_PT\" \/>\n<meta property=\"og:type\" content=\"article\" \/>\n<meta property=\"og:title\" content=\"Wunschkennzeichen Berlin\" \/>\n<meta property=\"og:description\" content=\"Wunschkennzeichen Berlin \u2013 Dein Kennzeichen, Deine Pers\u00f6nlichkeit! Du willst deinem Fahrzeug einen individuellen Touch verleihen? Dann ist ein Wunschkennzeichen in Berlin genau das Richtige f\u00fcr dich! Mit unserer einfachen und schnellen Online-Reservierung sicherst du dir dein pers\u00f6nliches Kennzeichen \u2013 ganz bequem von zu Hause aus. Warum ein Wunschkennzeichen in Berlin? \u2714 Einzigartigkeit &amp; WiedererkennungswertOb Initialen, [&hellip;]\" \/>\n<meta property=\"og:url\" content=\"https:\/\/reisepassfuhrer.com\/pt\/product\/placa-de-matricula-de-berlim\/\" \/>\n<meta property=\"og:site_name\" content=\"Reisepassfuhrer\" \/>\n<meta property=\"article:modified_time\" content=\"2025-09-12T11:21:05+00:00\" \/>\n<meta property=\"og:image\" content=\"http:\/\/reisepassfuhrer.com\/wp-content\/uploads\/2025\/09\/download-97.jpeg\" \/>\n\t<meta property=\"og:image:width\" content=\"275\" \/>\n\t<meta property=\"og:image:height\" content=\"183\" \/>\n\t<meta property=\"og:image:type\" content=\"image\/jpeg\" \/>\n<meta name=\"twitter:card\" content=\"summary_large_image\" \/>\n<meta name=\"twitter:label1\" content=\"Tempo estimado de leitura\" \/>\n\t<meta name=\"twitter:data1\" content=\"2 minutos\" \/>\n<script type=\"application\/ld+json\" class=\"yoast-schema-graph\">{\"@context\":\"https:\/\/schema.org\",\"@graph\":[{\"@type\":\"WebPage\",\"@id\":\"https:\/\/reisepassfuhrer.com\/product\/wunschkennzeichen-berlin\/\",\"url\":\"https:\/\/reisepassfuhrer.com\/product\/wunschkennzeichen-berlin\/\",\"name\":\"Wunschkennzeichen Berlin - Reisepassfuhrer\",\"isPartOf\":{\"@id\":\"https:\/\/reisepassfuhrer.com\/#website\"},\"primaryImageOfPage\":{\"@id\":\"https:\/\/reisepassfuhrer.com\/product\/wunschkennzeichen-berlin\/#primaryimage\"},\"image\":{\"@id\":\"https:\/\/reisepassfuhrer.com\/product\/wunschkennzeichen-berlin\/#primaryimage\"},\"thumbnailUrl\":\"https:\/\/reisepassfuhrer.com\/wp-content\/uploads\/2025\/09\/download-97.jpeg\",\"datePublished\":\"2025-09-12T11:21:04+00:00\",\"dateModified\":\"2025-09-12T11:21:05+00:00\",\"breadcrumb\":{\"@id\":\"https:\/\/reisepassfuhrer.com\/product\/wunschkennzeichen-berlin\/#breadcrumb\"},\"inLanguage\":\"pt-PT\",\"potentialAction\":[{\"@type\":\"ReadAction\",\"target\":[\"https:\/\/reisepassfuhrer.com\/product\/wunschkennzeichen-berlin\/\"]}]},{\"@type\":\"ImageObject\",\"inLanguage\":\"pt-PT\",\"@id\":\"https:\/\/reisepassfuhrer.com\/product\/wunschkennzeichen-berlin\/#primaryimage\",\"url\":\"https:\/\/reisepassfuhrer.com\/wp-content\/uploads\/2025\/09\/download-97.jpeg\",\"contentUrl\":\"https:\/\/reisepassfuhrer.com\/wp-content\/uploads\/2025\/09\/download-97.jpeg\",\"width\":275,\"height\":183},{\"@type\":\"BreadcrumbList\",\"@id\":\"https:\/\/reisepassfuhrer.com\/product\/wunschkennzeichen-berlin\/#breadcrumb\",\"itemListElement\":[{\"@type\":\"ListItem\",\"position\":1,\"name\":\"Home\",\"item\":\"https:\/\/reisepassfuhrer.com\/\"},{\"@type\":\"ListItem\",\"position\":2,\"name\":\"Shop\",\"item\":\"https:\/\/reisepassfuhrer.com\/shop\/\"},{\"@type\":\"ListItem\",\"position\":3,\"name\":\"Wunschkennzeichen Berlin\"}]},{\"@type\":\"WebSite\",\"@id\":\"https:\/\/reisepassfuhrer.com\/#website\",\"url\":\"https:\/\/reisepassfuhrer.com\/\",\"name\":\"Reisepassfuhrer\",\"description\":\"Reisepass Beantragen Berlin\",\"publisher\":{\"@id\":\"https:\/\/reisepassfuhrer.com\/#organization\"},\"potentialAction\":[{\"@type\":\"SearchAction\",\"target\":{\"@type\":\"EntryPoint\",\"urlTemplate\":\"https:\/\/reisepassfuhrer.com\/?s={search_term_string}\"},\"query-input\":{\"@type\":\"PropertyValueSpecification\",\"valueRequired\":true,\"valueName\":\"search_term_string\"}}],\"inLanguage\":\"pt-PT\"},{\"@type\":\"Organization\",\"@id\":\"https:\/\/reisepassfuhrer.com\/#organization\",\"name\":\"Reisepassfuhrer\",\"url\":\"https:\/\/reisepassfuhrer.com\/\",\"logo\":{\"@type\":\"ImageObject\",\"inLanguage\":\"pt-PT\",\"@id\":\"https:\/\/reisepassfuhrer.com\/#\/schema\/logo\/image\/\",\"url\":\"https:\/\/reisepassfuhrer.com\/wp-content\/uploads\/2024\/03\/Reisepassfuhrer-logo.png\",\"contentUrl\":\"https:\/\/reisepassfuhrer.com\/wp-content\/uploads\/2024\/03\/Reisepassfuhrer-logo.png\",\"width\":112,\"height\":112,\"caption\":\"Reisepassfuhrer\"},\"image\":{\"@id\":\"https:\/\/reisepassfuhrer.com\/#\/schema\/logo\/image\/\"}}]}<\/script>\n<!-- \/ Yoast SEO Premium plugin. -->","yoast_head_json":{"title":"Matr\u00edculas de Berlim - Guia de passaportes","robots":{"index":"noindex","follow":"follow","max-snippet":"max-snippet:-1","max-image-preview":"max-image-preview:large","max-video-preview":"max-video-preview:-1"},"og_locale":"pt_PT","og_type":"article","og_title":"Wunschkennzeichen Berlin","og_description":"Wunschkennzeichen Berlin \u2013 Dein Kennzeichen, Deine Pers\u00f6nlichkeit! Du willst deinem Fahrzeug einen individuellen Touch verleihen? Dann ist ein Wunschkennzeichen in Berlin genau das Richtige f\u00fcr dich! Mit unserer einfachen und schnellen Online-Reservierung sicherst du dir dein pers\u00f6nliches Kennzeichen \u2013 ganz bequem von zu Hause aus. Warum ein Wunschkennzeichen in Berlin? \u2714 Einzigartigkeit &amp; WiedererkennungswertOb Initialen, [&hellip;]","og_url":"https:\/\/reisepassfuhrer.com\/pt\/product\/placa-de-matricula-de-berlim\/","og_site_name":"Reisepassfuhrer","article_modified_time":"2025-09-12T11:21:05+00:00","og_image":[{"width":275,"height":183,"url":"http:\/\/reisepassfuhrer.com\/wp-content\/uploads\/2025\/09\/download-97.jpeg","type":"image\/jpeg"}],"twitter_card":"summary_large_image","twitter_misc":{"Tempo estimado de leitura":"2 minutos"},"schema":{"@context":"https:\/\/schema.org","@graph":[{"@type":"WebPage","@id":"https:\/\/reisepassfuhrer.com\/product\/wunschkennzeichen-berlin\/","url":"https:\/\/reisepassfuhrer.com\/product\/wunschkennzeichen-berlin\/","name":"Matr\u00edculas de Berlim - Guia de passaportes","isPartOf":{"@id":"https:\/\/reisepassfuhrer.com\/#website"},"primaryImageOfPage":{"@id":"https:\/\/reisepassfuhrer.com\/product\/wunschkennzeichen-berlin\/#primaryimage"},"image":{"@id":"https:\/\/reisepassfuhrer.com\/product\/wunschkennzeichen-berlin\/#primaryimage"},"thumbnailUrl":"https:\/\/reisepassfuhrer.com\/wp-content\/uploads\/2025\/09\/download-97.jpeg","datePublished":"2025-09-12T11:21:04+00:00","dateModified":"2025-09-12T11:21:05+00:00","breadcrumb":{"@id":"https:\/\/reisepassfuhrer.com\/product\/wunschkennzeichen-berlin\/#breadcrumb"},"inLanguage":"pt-PT","potentialAction":[{"@type":"ReadAction","target":["https:\/\/reisepassfuhrer.com\/product\/wunschkennzeichen-berlin\/"]}]},{"@type":"ImageObject","inLanguage":"pt-PT","@id":"https:\/\/reisepassfuhrer.com\/product\/wunschkennzeichen-berlin\/#primaryimage","url":"https:\/\/reisepassfuhrer.com\/wp-content\/uploads\/2025\/09\/download-97.jpeg","contentUrl":"https:\/\/reisepassfuhrer.com\/wp-content\/uploads\/2025\/09\/download-97.jpeg","width":275,"height":183},{"@type":"BreadcrumbList","@id":"https:\/\/reisepassfuhrer.com\/product\/wunschkennzeichen-berlin\/#breadcrumb","itemListElement":[{"@type":"ListItem","position":1,"name":"Home","item":"https:\/\/reisepassfuhrer.com\/"},{"@type":"ListItem","position":2,"name":"Shop","item":"https:\/\/reisepassfuhrer.com\/shop\/"},{"@type":"ListItem","position":3,"name":"Wunschkennzeichen Berlin"}]},{"@type":"WebSite","@id":"https:\/\/reisepassfuhrer.com\/#website","url":"https:\/\/reisepassfuhrer.com\/","name":"Guia de passaportes","description":"Pedir um passaporte Berlim","publisher":{"@id":"https:\/\/reisepassfuhrer.com\/#organization"},"potentialAction":[{"@type":"SearchAction","target":{"@type":"EntryPoint","urlTemplate":"https:\/\/reisepassfuhrer.com\/?s={search_term_string}"},"query-input":{"@type":"PropertyValueSpecification","valueRequired":true,"valueName":"search_term_string"}}],"inLanguage":"pt-PT"},{"@type":"Organization","@id":"https:\/\/reisepassfuhrer.com\/#organization","name":"Guia de passaportes","url":"https:\/\/reisepassfuhrer.com\/","logo":{"@type":"ImageObject","inLanguage":"pt-PT","@id":"https:\/\/reisepassfuhrer.com\/#\/schema\/logo\/image\/","url":"https:\/\/reisepassfuhrer.com\/wp-content\/uploads\/2024\/03\/Reisepassfuhrer-logo.png","contentUrl":"https:\/\/reisepassfuhrer.com\/wp-content\/uploads\/2024\/03\/Reisepassfuhrer-logo.png","width":112,"height":112,"caption":"Reisepassfuhrer"},"image":{"@id":"https:\/\/reisepassfuhrer.com\/#\/schema\/logo\/image\/"}}]}},"_links":{"self":[{"href":"https:\/\/reisepassfuhrer.com\/pt\/wp-json\/wp\/v2\/product\/3219","targetHints":{"allow":["GET"]}}],"collection":[{"href":"https:\/\/reisepassfuhrer.com\/pt\/wp-json\/wp\/v2\/product"}],"about":[{"href":"https:\/\/reisepassfuhrer.com\/pt\/wp-json\/wp\/v2\/types\/product"}],"replies":[{"embeddable":true,"href":"https:\/\/reisepassfuhrer.com\/pt\/wp-json\/wp\/v2\/comments?post=3219"}],"wp:featuredmedia":[{"embeddable":true,"href":"https:\/\/reisepassfuhrer.com\/pt\/wp-json\/wp\/v2\/media\/3221"}],"wp:attachment":[{"href":"https:\/\/reisepassfuhrer.com\/pt\/wp-json\/wp\/v2\/media?parent=3219"}],"wp:term":[{"taxonomy":"product_brand","embeddable":true,"href":"https:\/\/reisepassfuhrer.com\/pt\/wp-json\/wp\/v2\/product_brand?post=3219"},{"taxonomy":"product_cat","embeddable":true,"href":"https:\/\/reisepassfuhrer.com\/pt\/wp-json\/wp\/v2\/product_cat?post=3219"},{"taxonomy":"product_tag","embeddable":true,"href":"https:\/\/reisepassfuhrer.com\/pt\/wp-json\/wp\/v2\/product_tag?post=3219"}],"curies":[{"name":"wp","href":"https:\/\/api.w.org\/{rel}","templated":true}]}}