{"id":3222,"date":"2025-09-18T12:20:15","date_gmt":"2025-09-18T12:20:15","guid":{"rendered":"https:\/\/reisepassfuhrer.com\/?post_type=product&#038;p=3222"},"modified":"2025-09-18T12:20:16","modified_gmt":"2025-09-18T12:20:16","slug":"fuhrerschein-italien-kosten","status":"publish","type":"product","link":"https:\/\/reisepassfuhrer.com\/pt\/product\/custos-da-carta-de-conducao-em-italia\/","title":{"rendered":"custos da carta de condu\u00e7\u00e3o em it\u00e1lia"},"content":{"rendered":"<h3 data-start=\"248\" data-end=\"318\">Carta de condu\u00e7\u00e3o em It\u00e1lia - Barata, r\u00e1pida e v\u00e1lida em toda a UE<\/h3>\n<p data-start=\"320\" data-end=\"598\">Quer o <strong data-start=\"336\" data-end=\"370\">Obter uma carta de condu\u00e7\u00e3o em It\u00e1lia<\/strong>, mas pergunte a si pr\u00f3prio qual <strong data-start=\"397\" data-end=\"407\">Custos<\/strong> a caminho? Connosco, tem total transpar\u00eancia! Mostrar-lhe-emos como pode <strong data-start=\"496\" data-end=\"551\">Obter uma carta de condu\u00e7\u00e3o italiana de forma econ\u00f3mica<\/strong> pode - legalmente e <strong data-start=\"576\" data-end=\"597\">Reconhecido em toda a UE<\/strong>.<\/p>\n<p data-start=\"600\" data-end=\"940\">O <strong data-start=\"604\" data-end=\"635\">Carta de condu\u00e7\u00e3o Custos em It\u00e1lia<\/strong> s\u00e3o muitas vezes significativamente mais baixos do que na Alemanha. Beneficia tamb\u00e9m de um processamento mais r\u00e1pido, de modalidades de exame mais flex\u00edveis e de menos burocracia. O nosso servi\u00e7o acompanha-o passo a passo: desde a inscri\u00e7\u00e3o na escola de condu\u00e7\u00e3o italiana at\u00e9 \u00e0 obten\u00e7\u00e3o da carta de condu\u00e7\u00e3o.<\/p>\n<h3 data-start=\"947\" data-end=\"986\">\u00a0As suas vantagens num relance:<\/h3>\n<ul data-start=\"987\" data-end=\"1199\">\n<li data-start=\"987\" data-end=\"1042\">\n<p data-start=\"989\" data-end=\"1042\">\u2714\ufe0f <strong data-start=\"992\" data-end=\"1021\">Custos significativamente mais baixos<\/strong> do que na Alemanha<\/p>\n<\/li>\n<li data-start=\"1043\" data-end=\"1087\">\n<p data-start=\"1045\" data-end=\"1087\">\u2714\ufe0f <strong data-start=\"1048\" data-end=\"1085\">Totalmente v\u00e1lido na UE<\/strong><\/p>\n<\/li>\n<li data-start=\"1088\" data-end=\"1139\">\n<p data-start=\"1090\" data-end=\"1139\">\u2714\ufe0f <strong data-start=\"1093\" data-end=\"1137\">Processo r\u00e1pido e apoio personalizado<\/strong><\/p>\n<\/li>\n<li data-start=\"1140\" data-end=\"1199\">\n<p data-start=\"1142\" data-end=\"1199\">\u2714\ufe0f Apoio com <strong data-start=\"1163\" data-end=\"1197\">Tradu\u00e7\u00f5es e visitas \u00e0s autoridades<\/strong><\/p>\n<\/li>\n<\/ul>\n<p data-start=\"1201\" data-end=\"1366\">Quer pretenda obter uma nova carta de condu\u00e7\u00e3o ou adquirir uma nova carta ap\u00f3s uma retirada - n\u00f3s podemos ajud\u00e1-lo, <strong data-start=\"1296\" data-end=\"1365\">Compreender e otimizar os custos da carta de condu\u00e7\u00e3o em It\u00e1lia<\/strong>.<\/p>","protected":false},"excerpt":{"rendered":"<p>F\u00fchrerschein in Italien \u2013 G\u00fcnstig, Schnell &amp; EU-weit g\u00fcltig Du m\u00f6chtest den F\u00fchrerschein in Italien machen, aber fragst dich, welche Kosten auf dich zukommen? Bei uns erh\u00e4ltst du volle Transparenz! Wir zeigen dir, wie du deinen italienischen F\u00fchrerschein kosteneffizient erwerben kannst \u2013 ganz legal und EU-weit anerkannt. Die F\u00fchrerschein Italien Kosten sind oft deutlich niedriger [&hellip;]<\/p>","protected":false},"featured_media":3224,"comment_status":"open","ping_status":"closed","template":"","meta":[],"product_brand":[],"product_cat":[44],"product_tag":[],"class_list":{"0":"post-3222","1":"product","2":"type-product","3":"status-publish","4":"has-post-thumbnail","6":"product_cat-uncategorized","8":"first","9":"instock","10":"shipping-taxable","11":"product-type-simple"},"yoast_head":"<!-- This site is optimized with the Yoast SEO Premium plugin v22.2 (Yoast SEO v26.2) - https:\/\/yoast.com\/wordpress\/plugins\/seo\/ -->\n<title>f\u00fchrerschein italien kosten - Reisepassfuhrer<\/title>\n<meta name=\"robots\" content=\"noindex, follow, max-snippet:-1, max-image-preview:large, max-video-preview:-1\" \/>\n<meta property=\"og:locale\" content=\"pt_PT\" \/>\n<meta property=\"og:type\" content=\"article\" \/>\n<meta property=\"og:title\" content=\"f\u00fchrerschein italien kosten\" \/>\n<meta property=\"og:description\" content=\"F\u00fchrerschein in Italien \u2013 G\u00fcnstig, Schnell &amp; EU-weit g\u00fcltig Du m\u00f6chtest den F\u00fchrerschein in Italien machen, aber fragst dich, welche Kosten auf dich zukommen? Bei uns erh\u00e4ltst du volle Transparenz! Wir zeigen dir, wie du deinen italienischen F\u00fchrerschein kosteneffizient erwerben kannst \u2013 ganz legal und EU-weit anerkannt. Die F\u00fchrerschein Italien Kosten sind oft deutlich niedriger [&hellip;]\" \/>\n<meta property=\"og:url\" content=\"https:\/\/reisepassfuhrer.com\/pt\/product\/custos-da-carta-de-conducao-em-italia\/\" \/>\n<meta property=\"og:site_name\" content=\"Reisepassfuhrer\" \/>\n<meta property=\"article:modified_time\" content=\"2025-09-18T12:20:16+00:00\" \/>\n<meta property=\"og:image\" content=\"http:\/\/reisepassfuhrer.com\/wp-content\/uploads\/2025\/09\/download-2025-09-18T051932.515.jpeg\" \/>\n\t<meta property=\"og:image:width\" content=\"280\" \/>\n\t<meta property=\"og:image:height\" content=\"180\" \/>\n\t<meta property=\"og:image:type\" content=\"image\/jpeg\" \/>\n<meta name=\"twitter:card\" content=\"summary_large_image\" \/>\n<meta name=\"twitter:label1\" content=\"Tempo estimado de leitura\" \/>\n\t<meta name=\"twitter:data1\" content=\"1 minuto\" \/>\n<script type=\"application\/ld+json\" class=\"yoast-schema-graph\">{\"@context\":\"https:\/\/schema.org\",\"@graph\":[{\"@type\":\"WebPage\",\"@id\":\"https:\/\/reisepassfuhrer.com\/product\/fuhrerschein-italien-kosten\/\",\"url\":\"https:\/\/reisepassfuhrer.com\/product\/fuhrerschein-italien-kosten\/\",\"name\":\"f\u00fchrerschein italien kosten - Reisepassfuhrer\",\"isPartOf\":{\"@id\":\"https:\/\/reisepassfuhrer.com\/#website\"},\"primaryImageOfPage\":{\"@id\":\"https:\/\/reisepassfuhrer.com\/product\/fuhrerschein-italien-kosten\/#primaryimage\"},\"image\":{\"@id\":\"https:\/\/reisepassfuhrer.com\/product\/fuhrerschein-italien-kosten\/#primaryimage\"},\"thumbnailUrl\":\"https:\/\/reisepassfuhrer.com\/wp-content\/uploads\/2025\/09\/download-2025-09-18T051932.515.jpeg\",\"datePublished\":\"2025-09-18T12:20:15+00:00\",\"dateModified\":\"2025-09-18T12:20:16+00:00\",\"breadcrumb\":{\"@id\":\"https:\/\/reisepassfuhrer.com\/product\/fuhrerschein-italien-kosten\/#breadcrumb\"},\"inLanguage\":\"pt-PT\",\"potentialAction\":[{\"@type\":\"ReadAction\",\"target\":[\"https:\/\/reisepassfuhrer.com\/product\/fuhrerschein-italien-kosten\/\"]}]},{\"@type\":\"ImageObject\",\"inLanguage\":\"pt-PT\",\"@id\":\"https:\/\/reisepassfuhrer.com\/product\/fuhrerschein-italien-kosten\/#primaryimage\",\"url\":\"https:\/\/reisepassfuhrer.com\/wp-content\/uploads\/2025\/09\/download-2025-09-18T051932.515.jpeg\",\"contentUrl\":\"https:\/\/reisepassfuhrer.com\/wp-content\/uploads\/2025\/09\/download-2025-09-18T051932.515.jpeg\",\"width\":280,\"height\":180},{\"@type\":\"BreadcrumbList\",\"@id\":\"https:\/\/reisepassfuhrer.com\/product\/fuhrerschein-italien-kosten\/#breadcrumb\",\"itemListElement\":[{\"@type\":\"ListItem\",\"position\":1,\"name\":\"Home\",\"item\":\"https:\/\/reisepassfuhrer.com\/\"},{\"@type\":\"ListItem\",\"position\":2,\"name\":\"Shop\",\"item\":\"https:\/\/reisepassfuhrer.com\/shop\/\"},{\"@type\":\"ListItem\",\"position\":3,\"name\":\"f\u00fchrerschein italien kosten\"}]},{\"@type\":\"WebSite\",\"@id\":\"https:\/\/reisepassfuhrer.com\/#website\",\"url\":\"https:\/\/reisepassfuhrer.com\/\",\"name\":\"Reisepassfuhrer\",\"description\":\"Reisepass Beantragen Berlin\",\"publisher\":{\"@id\":\"https:\/\/reisepassfuhrer.com\/#organization\"},\"potentialAction\":[{\"@type\":\"SearchAction\",\"target\":{\"@type\":\"EntryPoint\",\"urlTemplate\":\"https:\/\/reisepassfuhrer.com\/?s={search_term_string}\"},\"query-input\":{\"@type\":\"PropertyValueSpecification\",\"valueRequired\":true,\"valueName\":\"search_term_string\"}}],\"inLanguage\":\"pt-PT\"},{\"@type\":\"Organization\",\"@id\":\"https:\/\/reisepassfuhrer.com\/#organization\",\"name\":\"Reisepassfuhrer\",\"url\":\"https:\/\/reisepassfuhrer.com\/\",\"logo\":{\"@type\":\"ImageObject\",\"inLanguage\":\"pt-PT\",\"@id\":\"https:\/\/reisepassfuhrer.com\/#\/schema\/logo\/image\/\",\"url\":\"https:\/\/reisepassfuhrer.com\/wp-content\/uploads\/2024\/03\/Reisepassfuhrer-logo.png\",\"contentUrl\":\"https:\/\/reisepassfuhrer.com\/wp-content\/uploads\/2024\/03\/Reisepassfuhrer-logo.png\",\"width\":112,\"height\":112,\"caption\":\"Reisepassfuhrer\"},\"image\":{\"@id\":\"https:\/\/reisepassfuhrer.com\/#\/schema\/logo\/image\/\"}}]}<\/script>\n<!-- \/ Yoast SEO Premium plugin. -->","yoast_head_json":{"title":"custos da carta de condu\u00e7\u00e3o em it\u00e1lia - Reisepassfuhrer","robots":{"index":"noindex","follow":"follow","max-snippet":"max-snippet:-1","max-image-preview":"max-image-preview:large","max-video-preview":"max-video-preview:-1"},"og_locale":"pt_PT","og_type":"article","og_title":"f\u00fchrerschein italien kosten","og_description":"F\u00fchrerschein in Italien \u2013 G\u00fcnstig, Schnell &amp; EU-weit g\u00fcltig Du m\u00f6chtest den F\u00fchrerschein in Italien machen, aber fragst dich, welche Kosten auf dich zukommen? Bei uns erh\u00e4ltst du volle Transparenz! Wir zeigen dir, wie du deinen italienischen F\u00fchrerschein kosteneffizient erwerben kannst \u2013 ganz legal und EU-weit anerkannt. Die F\u00fchrerschein Italien Kosten sind oft deutlich niedriger [&hellip;]","og_url":"https:\/\/reisepassfuhrer.com\/pt\/product\/custos-da-carta-de-conducao-em-italia\/","og_site_name":"Reisepassfuhrer","article_modified_time":"2025-09-18T12:20:16+00:00","og_image":[{"width":280,"height":180,"url":"http:\/\/reisepassfuhrer.com\/wp-content\/uploads\/2025\/09\/download-2025-09-18T051932.515.jpeg","type":"image\/jpeg"}],"twitter_card":"summary_large_image","twitter_misc":{"Tempo estimado de leitura":"1 minuto"},"schema":{"@context":"https:\/\/schema.org","@graph":[{"@type":"WebPage","@id":"https:\/\/reisepassfuhrer.com\/product\/fuhrerschein-italien-kosten\/","url":"https:\/\/reisepassfuhrer.com\/product\/fuhrerschein-italien-kosten\/","name":"custos da carta de condu\u00e7\u00e3o em it\u00e1lia - Reisepassfuhrer","isPartOf":{"@id":"https:\/\/reisepassfuhrer.com\/#website"},"primaryImageOfPage":{"@id":"https:\/\/reisepassfuhrer.com\/product\/fuhrerschein-italien-kosten\/#primaryimage"},"image":{"@id":"https:\/\/reisepassfuhrer.com\/product\/fuhrerschein-italien-kosten\/#primaryimage"},"thumbnailUrl":"https:\/\/reisepassfuhrer.com\/wp-content\/uploads\/2025\/09\/download-2025-09-18T051932.515.jpeg","datePublished":"2025-09-18T12:20:15+00:00","dateModified":"2025-09-18T12:20:16+00:00","breadcrumb":{"@id":"https:\/\/reisepassfuhrer.com\/product\/fuhrerschein-italien-kosten\/#breadcrumb"},"inLanguage":"pt-PT","potentialAction":[{"@type":"ReadAction","target":["https:\/\/reisepassfuhrer.com\/product\/fuhrerschein-italien-kosten\/"]}]},{"@type":"ImageObject","inLanguage":"pt-PT","@id":"https:\/\/reisepassfuhrer.com\/product\/fuhrerschein-italien-kosten\/#primaryimage","url":"https:\/\/reisepassfuhrer.com\/wp-content\/uploads\/2025\/09\/download-2025-09-18T051932.515.jpeg","contentUrl":"https:\/\/reisepassfuhrer.com\/wp-content\/uploads\/2025\/09\/download-2025-09-18T051932.515.jpeg","width":280,"height":180},{"@type":"BreadcrumbList","@id":"https:\/\/reisepassfuhrer.com\/product\/fuhrerschein-italien-kosten\/#breadcrumb","itemListElement":[{"@type":"ListItem","position":1,"name":"Home","item":"https:\/\/reisepassfuhrer.com\/"},{"@type":"ListItem","position":2,"name":"Shop","item":"https:\/\/reisepassfuhrer.com\/shop\/"},{"@type":"ListItem","position":3,"name":"f\u00fchrerschein italien kosten"}]},{"@type":"WebSite","@id":"https:\/\/reisepassfuhrer.com\/#website","url":"https:\/\/reisepassfuhrer.com\/","name":"Guia de passaportes","description":"Pedir um passaporte Berlim","publisher":{"@id":"https:\/\/reisepassfuhrer.com\/#organization"},"potentialAction":[{"@type":"SearchAction","target":{"@type":"EntryPoint","urlTemplate":"https:\/\/reisepassfuhrer.com\/?s={search_term_string}"},"query-input":{"@type":"PropertyValueSpecification","valueRequired":true,"valueName":"search_term_string"}}],"inLanguage":"pt-PT"},{"@type":"Organization","@id":"https:\/\/reisepassfuhrer.com\/#organization","name":"Guia de passaportes","url":"https:\/\/reisepassfuhrer.com\/","logo":{"@type":"ImageObject","inLanguage":"pt-PT","@id":"https:\/\/reisepassfuhrer.com\/#\/schema\/logo\/image\/","url":"https:\/\/reisepassfuhrer.com\/wp-content\/uploads\/2024\/03\/Reisepassfuhrer-logo.png","contentUrl":"https:\/\/reisepassfuhrer.com\/wp-content\/uploads\/2024\/03\/Reisepassfuhrer-logo.png","width":112,"height":112,"caption":"Reisepassfuhrer"},"image":{"@id":"https:\/\/reisepassfuhrer.com\/#\/schema\/logo\/image\/"}}]}},"_links":{"self":[{"href":"https:\/\/reisepassfuhrer.com\/pt\/wp-json\/wp\/v2\/product\/3222","targetHints":{"allow":["GET"]}}],"collection":[{"href":"https:\/\/reisepassfuhrer.com\/pt\/wp-json\/wp\/v2\/product"}],"about":[{"href":"https:\/\/reisepassfuhrer.com\/pt\/wp-json\/wp\/v2\/types\/product"}],"replies":[{"embeddable":true,"href":"https:\/\/reisepassfuhrer.com\/pt\/wp-json\/wp\/v2\/comments?post=3222"}],"wp:featuredmedia":[{"embeddable":true,"href":"https:\/\/reisepassfuhrer.com\/pt\/wp-json\/wp\/v2\/media\/3224"}],"wp:attachment":[{"href":"https:\/\/reisepassfuhrer.com\/pt\/wp-json\/wp\/v2\/media?parent=3222"}],"wp:term":[{"taxonomy":"product_brand","embeddable":true,"href":"https:\/\/reisepassfuhrer.com\/pt\/wp-json\/wp\/v2\/product_brand?post=3222"},{"taxonomy":"product_cat","embeddable":true,"href":"https:\/\/reisepassfuhrer.com\/pt\/wp-json\/wp\/v2\/product_cat?post=3222"},{"taxonomy":"product_tag","embeddable":true,"href":"https:\/\/reisepassfuhrer.com\/pt\/wp-json\/wp\/v2\/product_tag?post=3222"}],"curies":[{"name":"wp","href":"https:\/\/api.w.org\/{rel}","templated":true}]}}