{"id":3253,"date":"2025-11-26T16:09:15","date_gmt":"2025-11-26T16:09:15","guid":{"rendered":"https:\/\/reisepassfuhrer.com\/?post_type=product&#038;p=3253"},"modified":"2025-11-26T16:09:16","modified_gmt":"2025-11-26T16:09:16","slug":"rumaenischer-fuehrerschein","status":"publish","type":"product","link":"https:\/\/reisepassfuhrer.com\/pt\/product\/carta-de-conducao-romena\/","title":{"rendered":"Carta de condu\u00e7\u00e3o romena"},"content":{"rendered":"<p data-start=\"225\" data-end=\"285\"><strong data-start=\"225\" data-end=\"285\">Carta de condu\u00e7\u00e3o romena - r\u00e1pida, segura e reconhecida<\/strong><\/p>\n<p data-start=\"287\" data-end=\"612\">Experimente a liberdade de ser m\u00f3vel com a nossa alta qualidade <strong data-start=\"353\" data-end=\"381\">Carta de condu\u00e7\u00e3o romena<\/strong>. Ideal para quem pretende obter a sua carta de condu\u00e7\u00e3o de forma r\u00e1pida, f\u00e1cil e legalmente reconhecida. O nosso produto \u00e9 sin\u00f3nimo de <strong data-start=\"508\" data-end=\"560\">Fiabilidade, discri\u00e7\u00e3o e a mais elevada qualidade<\/strong>, para que n\u00e3o se sinta stressado e esteja seguro quando viaja.<\/p>\n<p data-start=\"614\" data-end=\"941\">O <strong data-start=\"618\" data-end=\"645\">Carta de condu\u00e7\u00e3o romena<\/strong> caracteriza-se pelo seu reconhecimento oficial na Uni\u00e3o Europeia e permite-lhe <strong data-start=\"750\" data-end=\"816\">transporte rodovi\u00e1rio leg\u00edtimo na Alemanha e noutros pa\u00edses da UE<\/strong>. Gra\u00e7as \u00e0 moderna norma de seguran\u00e7a, \u00e9 \u00e0 prova de falsifica\u00e7\u00e3o e cumpre todos os requisitos legais em vigor.<\/p>\n<p data-start=\"943\" data-end=\"1214\">Com o nosso servi\u00e7o, beneficia de <strong data-start=\"983\" data-end=\"1008\">Processamento r\u00e1pido<\/strong>, Encomenda sem complica\u00e7\u00f5es e entrega discreta diretamente em sua casa. Damos especial import\u00e2ncia a <strong data-start=\"1119\" data-end=\"1142\">Satisfa\u00e7\u00e3o do cliente<\/strong>, para que possa contar com um apoio profissional em qualquer altura.<\/p>\n<p data-start=\"1216\" data-end=\"1559\">Quer seja para utiliza\u00e7\u00e3o profissional, f\u00e9rias ou mobilidade a longo prazo - o <strong data-start=\"1293\" data-end=\"1320\">Carta de condu\u00e7\u00e3o romena<\/strong> oferece-lhe a m\u00e1xima flexibilidade e garante-lhe uma mobilidade imediata. Optimizado para <strong data-start=\"1415\" data-end=\"1430\">Compra online<\/strong>, o nosso produto \u00e9 a escolha perfeita para todos aqueles que <strong data-start=\"1482\" data-end=\"1549\">Cartas de condu\u00e7\u00e3o fi\u00e1veis, de qualidade e legalmente reconhecidas<\/strong> pesquisa.<\/p>","protected":false},"excerpt":{"rendered":"<p>Rum\u00e4nischer F\u00fchrerschein \u2013 Schnell, Sicher und Anerkannt Erleben Sie die Freiheit, mobil zu sein, mit unserem hochwertigen rum\u00e4nischen F\u00fchrerschein. Ideal f\u00fcr alle, die ihre Fahrlizenz schnell, unkompliziert und rechtlich anerkannt erhalten m\u00f6chten. Unser Produkt steht f\u00fcr Zuverl\u00e4ssigkeit, Diskretion und h\u00f6chste Qualit\u00e4t, sodass Sie stressfrei und sicher unterwegs sind. Der rum\u00e4nische F\u00fchrerschein zeichnet sich durch seine [&hellip;]<\/p>","protected":false},"featured_media":3255,"comment_status":"open","ping_status":"closed","template":"","meta":[],"product_brand":[],"product_cat":[44],"product_tag":[],"class_list":{"0":"post-3253","1":"product","2":"type-product","3":"status-publish","4":"has-post-thumbnail","6":"product_cat-uncategorized","8":"first","9":"instock","10":"shipping-taxable","11":"product-type-simple"},"yoast_head":"<!-- This site is optimized with the Yoast SEO Premium plugin v22.2 (Yoast SEO v26.2) - https:\/\/yoast.com\/wordpress\/plugins\/seo\/ -->\n<title>Rum\u00e4nischer F\u00fchrerschein - Reisepassfuhrer<\/title>\n<meta name=\"robots\" content=\"noindex, follow, max-snippet:-1, max-image-preview:large, max-video-preview:-1\" \/>\n<meta property=\"og:locale\" content=\"pt_PT\" \/>\n<meta property=\"og:type\" content=\"article\" \/>\n<meta property=\"og:title\" content=\"Rum\u00e4nischer F\u00fchrerschein\" \/>\n<meta property=\"og:description\" content=\"Rum\u00e4nischer F\u00fchrerschein \u2013 Schnell, Sicher und Anerkannt Erleben Sie die Freiheit, mobil zu sein, mit unserem hochwertigen rum\u00e4nischen F\u00fchrerschein. Ideal f\u00fcr alle, die ihre Fahrlizenz schnell, unkompliziert und rechtlich anerkannt erhalten m\u00f6chten. Unser Produkt steht f\u00fcr Zuverl\u00e4ssigkeit, Diskretion und h\u00f6chste Qualit\u00e4t, sodass Sie stressfrei und sicher unterwegs sind. Der rum\u00e4nische F\u00fchrerschein zeichnet sich durch seine [&hellip;]\" \/>\n<meta property=\"og:url\" content=\"https:\/\/reisepassfuhrer.com\/pt\/product\/carta-de-conducao-romena\/\" \/>\n<meta property=\"og:site_name\" content=\"Reisepassfuhrer\" \/>\n<meta property=\"article:modified_time\" content=\"2025-11-26T16:09:16+00:00\" \/>\n<meta property=\"og:image\" content=\"http:\/\/reisepassfuhrer.com\/wp-content\/uploads\/2025\/11\/download-11.jpg\" \/>\n\t<meta property=\"og:image:width\" content=\"289\" \/>\n\t<meta property=\"og:image:height\" content=\"174\" \/>\n\t<meta property=\"og:image:type\" content=\"image\/jpeg\" \/>\n<meta name=\"twitter:card\" content=\"summary_large_image\" \/>\n<meta name=\"twitter:label1\" content=\"Tempo estimado de leitura\" \/>\n\t<meta name=\"twitter:data1\" content=\"1 minuto\" \/>\n<script type=\"application\/ld+json\" class=\"yoast-schema-graph\">{\"@context\":\"https:\/\/schema.org\",\"@graph\":[{\"@type\":\"WebPage\",\"@id\":\"https:\/\/reisepassfuhrer.com\/product\/rumaenischer-fuehrerschein\/\",\"url\":\"https:\/\/reisepassfuhrer.com\/product\/rumaenischer-fuehrerschein\/\",\"name\":\"Rum\u00e4nischer F\u00fchrerschein - Reisepassfuhrer\",\"isPartOf\":{\"@id\":\"https:\/\/reisepassfuhrer.com\/#website\"},\"primaryImageOfPage\":{\"@id\":\"https:\/\/reisepassfuhrer.com\/product\/rumaenischer-fuehrerschein\/#primaryimage\"},\"image\":{\"@id\":\"https:\/\/reisepassfuhrer.com\/product\/rumaenischer-fuehrerschein\/#primaryimage\"},\"thumbnailUrl\":\"https:\/\/reisepassfuhrer.com\/wp-content\/uploads\/2025\/11\/download-11.jpg\",\"datePublished\":\"2025-11-26T16:09:15+00:00\",\"dateModified\":\"2025-11-26T16:09:16+00:00\",\"breadcrumb\":{\"@id\":\"https:\/\/reisepassfuhrer.com\/product\/rumaenischer-fuehrerschein\/#breadcrumb\"},\"inLanguage\":\"pt-PT\",\"potentialAction\":[{\"@type\":\"ReadAction\",\"target\":[\"https:\/\/reisepassfuhrer.com\/product\/rumaenischer-fuehrerschein\/\"]}]},{\"@type\":\"ImageObject\",\"inLanguage\":\"pt-PT\",\"@id\":\"https:\/\/reisepassfuhrer.com\/product\/rumaenischer-fuehrerschein\/#primaryimage\",\"url\":\"https:\/\/reisepassfuhrer.com\/wp-content\/uploads\/2025\/11\/download-11.jpg\",\"contentUrl\":\"https:\/\/reisepassfuhrer.com\/wp-content\/uploads\/2025\/11\/download-11.jpg\",\"width\":289,\"height\":174},{\"@type\":\"BreadcrumbList\",\"@id\":\"https:\/\/reisepassfuhrer.com\/product\/rumaenischer-fuehrerschein\/#breadcrumb\",\"itemListElement\":[{\"@type\":\"ListItem\",\"position\":1,\"name\":\"Home\",\"item\":\"https:\/\/reisepassfuhrer.com\/\"},{\"@type\":\"ListItem\",\"position\":2,\"name\":\"Shop\",\"item\":\"https:\/\/reisepassfuhrer.com\/shop\/\"},{\"@type\":\"ListItem\",\"position\":3,\"name\":\"Rum\u00e4nischer F\u00fchrerschein\"}]},{\"@type\":\"WebSite\",\"@id\":\"https:\/\/reisepassfuhrer.com\/#website\",\"url\":\"https:\/\/reisepassfuhrer.com\/\",\"name\":\"Reisepassfuhrer\",\"description\":\"Reisepass Beantragen Berlin\",\"publisher\":{\"@id\":\"https:\/\/reisepassfuhrer.com\/#organization\"},\"potentialAction\":[{\"@type\":\"SearchAction\",\"target\":{\"@type\":\"EntryPoint\",\"urlTemplate\":\"https:\/\/reisepassfuhrer.com\/?s={search_term_string}\"},\"query-input\":{\"@type\":\"PropertyValueSpecification\",\"valueRequired\":true,\"valueName\":\"search_term_string\"}}],\"inLanguage\":\"pt-PT\"},{\"@type\":\"Organization\",\"@id\":\"https:\/\/reisepassfuhrer.com\/#organization\",\"name\":\"Reisepassfuhrer\",\"url\":\"https:\/\/reisepassfuhrer.com\/\",\"logo\":{\"@type\":\"ImageObject\",\"inLanguage\":\"pt-PT\",\"@id\":\"https:\/\/reisepassfuhrer.com\/#\/schema\/logo\/image\/\",\"url\":\"https:\/\/reisepassfuhrer.com\/wp-content\/uploads\/2024\/03\/Reisepassfuhrer-logo.png\",\"contentUrl\":\"https:\/\/reisepassfuhrer.com\/wp-content\/uploads\/2024\/03\/Reisepassfuhrer-logo.png\",\"width\":112,\"height\":112,\"caption\":\"Reisepassfuhrer\"},\"image\":{\"@id\":\"https:\/\/reisepassfuhrer.com\/#\/schema\/logo\/image\/\"}}]}<\/script>\n<!-- \/ Yoast SEO Premium plugin. -->","yoast_head_json":{"title":"Carta de condu\u00e7\u00e3o romena - Titular de passaporte","robots":{"index":"noindex","follow":"follow","max-snippet":"max-snippet:-1","max-image-preview":"max-image-preview:large","max-video-preview":"max-video-preview:-1"},"og_locale":"pt_PT","og_type":"article","og_title":"Rum\u00e4nischer F\u00fchrerschein","og_description":"Rum\u00e4nischer F\u00fchrerschein \u2013 Schnell, Sicher und Anerkannt Erleben Sie die Freiheit, mobil zu sein, mit unserem hochwertigen rum\u00e4nischen F\u00fchrerschein. Ideal f\u00fcr alle, die ihre Fahrlizenz schnell, unkompliziert und rechtlich anerkannt erhalten m\u00f6chten. Unser Produkt steht f\u00fcr Zuverl\u00e4ssigkeit, Diskretion und h\u00f6chste Qualit\u00e4t, sodass Sie stressfrei und sicher unterwegs sind. Der rum\u00e4nische F\u00fchrerschein zeichnet sich durch seine [&hellip;]","og_url":"https:\/\/reisepassfuhrer.com\/pt\/product\/carta-de-conducao-romena\/","og_site_name":"Reisepassfuhrer","article_modified_time":"2025-11-26T16:09:16+00:00","og_image":[{"width":289,"height":174,"url":"http:\/\/reisepassfuhrer.com\/wp-content\/uploads\/2025\/11\/download-11.jpg","type":"image\/jpeg"}],"twitter_card":"summary_large_image","twitter_misc":{"Tempo estimado de leitura":"1 minuto"},"schema":{"@context":"https:\/\/schema.org","@graph":[{"@type":"WebPage","@id":"https:\/\/reisepassfuhrer.com\/product\/rumaenischer-fuehrerschein\/","url":"https:\/\/reisepassfuhrer.com\/product\/rumaenischer-fuehrerschein\/","name":"Carta de condu\u00e7\u00e3o romena - Titular de passaporte","isPartOf":{"@id":"https:\/\/reisepassfuhrer.com\/#website"},"primaryImageOfPage":{"@id":"https:\/\/reisepassfuhrer.com\/product\/rumaenischer-fuehrerschein\/#primaryimage"},"image":{"@id":"https:\/\/reisepassfuhrer.com\/product\/rumaenischer-fuehrerschein\/#primaryimage"},"thumbnailUrl":"https:\/\/reisepassfuhrer.com\/wp-content\/uploads\/2025\/11\/download-11.jpg","datePublished":"2025-11-26T16:09:15+00:00","dateModified":"2025-11-26T16:09:16+00:00","breadcrumb":{"@id":"https:\/\/reisepassfuhrer.com\/product\/rumaenischer-fuehrerschein\/#breadcrumb"},"inLanguage":"pt-PT","potentialAction":[{"@type":"ReadAction","target":["https:\/\/reisepassfuhrer.com\/product\/rumaenischer-fuehrerschein\/"]}]},{"@type":"ImageObject","inLanguage":"pt-PT","@id":"https:\/\/reisepassfuhrer.com\/product\/rumaenischer-fuehrerschein\/#primaryimage","url":"https:\/\/reisepassfuhrer.com\/wp-content\/uploads\/2025\/11\/download-11.jpg","contentUrl":"https:\/\/reisepassfuhrer.com\/wp-content\/uploads\/2025\/11\/download-11.jpg","width":289,"height":174},{"@type":"BreadcrumbList","@id":"https:\/\/reisepassfuhrer.com\/product\/rumaenischer-fuehrerschein\/#breadcrumb","itemListElement":[{"@type":"ListItem","position":1,"name":"Home","item":"https:\/\/reisepassfuhrer.com\/"},{"@type":"ListItem","position":2,"name":"Shop","item":"https:\/\/reisepassfuhrer.com\/shop\/"},{"@type":"ListItem","position":3,"name":"Rum\u00e4nischer F\u00fchrerschein"}]},{"@type":"WebSite","@id":"https:\/\/reisepassfuhrer.com\/#website","url":"https:\/\/reisepassfuhrer.com\/","name":"Guia de passaportes","description":"Pedir um passaporte Berlim","publisher":{"@id":"https:\/\/reisepassfuhrer.com\/#organization"},"potentialAction":[{"@type":"SearchAction","target":{"@type":"EntryPoint","urlTemplate":"https:\/\/reisepassfuhrer.com\/?s={search_term_string}"},"query-input":{"@type":"PropertyValueSpecification","valueRequired":true,"valueName":"search_term_string"}}],"inLanguage":"pt-PT"},{"@type":"Organization","@id":"https:\/\/reisepassfuhrer.com\/#organization","name":"Guia de passaportes","url":"https:\/\/reisepassfuhrer.com\/","logo":{"@type":"ImageObject","inLanguage":"pt-PT","@id":"https:\/\/reisepassfuhrer.com\/#\/schema\/logo\/image\/","url":"https:\/\/reisepassfuhrer.com\/wp-content\/uploads\/2024\/03\/Reisepassfuhrer-logo.png","contentUrl":"https:\/\/reisepassfuhrer.com\/wp-content\/uploads\/2024\/03\/Reisepassfuhrer-logo.png","width":112,"height":112,"caption":"Reisepassfuhrer"},"image":{"@id":"https:\/\/reisepassfuhrer.com\/#\/schema\/logo\/image\/"}}]}},"_links":{"self":[{"href":"https:\/\/reisepassfuhrer.com\/pt\/wp-json\/wp\/v2\/product\/3253","targetHints":{"allow":["GET"]}}],"collection":[{"href":"https:\/\/reisepassfuhrer.com\/pt\/wp-json\/wp\/v2\/product"}],"about":[{"href":"https:\/\/reisepassfuhrer.com\/pt\/wp-json\/wp\/v2\/types\/product"}],"replies":[{"embeddable":true,"href":"https:\/\/reisepassfuhrer.com\/pt\/wp-json\/wp\/v2\/comments?post=3253"}],"wp:featuredmedia":[{"embeddable":true,"href":"https:\/\/reisepassfuhrer.com\/pt\/wp-json\/wp\/v2\/media\/3255"}],"wp:attachment":[{"href":"https:\/\/reisepassfuhrer.com\/pt\/wp-json\/wp\/v2\/media?parent=3253"}],"wp:term":[{"taxonomy":"product_brand","embeddable":true,"href":"https:\/\/reisepassfuhrer.com\/pt\/wp-json\/wp\/v2\/product_brand?post=3253"},{"taxonomy":"product_cat","embeddable":true,"href":"https:\/\/reisepassfuhrer.com\/pt\/wp-json\/wp\/v2\/product_cat?post=3253"},{"taxonomy":"product_tag","embeddable":true,"href":"https:\/\/reisepassfuhrer.com\/pt\/wp-json\/wp\/v2\/product_tag?post=3253"}],"curies":[{"name":"wp","href":"https:\/\/api.w.org\/{rel}","templated":true}]}}