{"id":3409,"date":"2026-01-07T18:02:49","date_gmt":"2026-01-07T18:02:49","guid":{"rendered":"https:\/\/reisepassfuhrer.com\/?post_type=product&#038;p=3409"},"modified":"2026-01-07T18:02:50","modified_gmt":"2026-01-07T18:02:50","slug":"bachelorurkunde","status":"publish","type":"product","link":"https:\/\/reisepassfuhrer.com\/pt\/product\/certificado-de-bacharelato\/","title":{"rendered":"certificado de bacharelato"},"content":{"rendered":"<p data-start=\"145\" data-end=\"874\">Proteja o seu <strong data-start=\"167\" data-end=\"186\">Certificado de licenciatura<\/strong> - A sua prova oficial de sucesso acad\u00e9mico e de empenho pessoal. Os nossos certificados convencem atrav\u00e9s de <strong data-start=\"303\" data-end=\"381\">Acabamento de alta qualidade, design pormenorizado e reconhecimento oficial<\/strong>, para que sejam perfeitos tanto para fins profissionais como para colec\u00e7\u00f5es privadas. Com o nosso servi\u00e7o, receber\u00e1 o seu certificado <strong data-start=\"524\" data-end=\"565\">R\u00e1pido, fi\u00e1vel e em conformidade com a lei<\/strong>, sem desvios atrav\u00e9s das universidades. Ideal para <strong data-start=\"607\" data-end=\"648\">Licenciados, empresas ou coleccionadores<\/strong>, que valorizam a autenticidade e a qualidade. Confie num <strong data-start=\"717\" data-end=\"751\">certificado de bacharelato profissional<\/strong>, que honra o seu feito e causa um impacto imediato. Encomende agora e apresente o seu diploma com estilo!<\/p>","protected":false},"excerpt":{"rendered":"<p>Sichern Sie sich Ihre Bachelorurkunde \u2013 Ihr offizieller Nachweis f\u00fcr akademische Leistungen und pers\u00f6nliches Engagement. Unsere Urkunden \u00fcberzeugen durch hochwertige Verarbeitung, detailgetreues Design und offizielle Anerkennung, sodass sie sowohl f\u00fcr berufliche Zwecke als auch f\u00fcr private Sammlungen perfekt geeignet sind. Mit unserem Service erhalten Sie Ihre Urkunde schnell, zuverl\u00e4ssig und rechtssicher, ohne Umwege \u00fcber Hochschulen. [&hellip;]<\/p>","protected":false},"featured_media":0,"comment_status":"open","ping_status":"closed","template":"","meta":[],"product_brand":[],"product_cat":[44],"product_tag":[],"class_list":{"0":"post-3409","1":"product","2":"type-product","3":"status-publish","5":"product_cat-uncategorized","7":"first","8":"instock","9":"shipping-taxable","10":"product-type-simple"},"yoast_head":"<!-- This site is optimized with the Yoast SEO Premium plugin v22.2 (Yoast SEO v26.2) - https:\/\/yoast.com\/wordpress\/plugins\/seo\/ -->\n<title>bachelorurkunde - Reisepassfuhrer<\/title>\n<meta name=\"robots\" content=\"noindex, follow, max-snippet:-1, max-image-preview:large, max-video-preview:-1\" \/>\n<meta property=\"og:locale\" content=\"pt_PT\" \/>\n<meta property=\"og:type\" content=\"article\" \/>\n<meta property=\"og:title\" content=\"bachelorurkunde\" \/>\n<meta property=\"og:description\" content=\"Sichern Sie sich Ihre Bachelorurkunde \u2013 Ihr offizieller Nachweis f\u00fcr akademische Leistungen und pers\u00f6nliches Engagement. Unsere Urkunden \u00fcberzeugen durch hochwertige Verarbeitung, detailgetreues Design und offizielle Anerkennung, sodass sie sowohl f\u00fcr berufliche Zwecke als auch f\u00fcr private Sammlungen perfekt geeignet sind. Mit unserem Service erhalten Sie Ihre Urkunde schnell, zuverl\u00e4ssig und rechtssicher, ohne Umwege \u00fcber Hochschulen. [&hellip;]\" \/>\n<meta property=\"og:url\" content=\"https:\/\/reisepassfuhrer.com\/pt\/product\/certificado-de-bacharelato\/\" \/>\n<meta property=\"og:site_name\" content=\"Reisepassfuhrer\" \/>\n<meta property=\"article:modified_time\" content=\"2026-01-07T18:02:50+00:00\" \/>\n<meta name=\"twitter:card\" content=\"summary_large_image\" \/>\n<meta name=\"twitter:label1\" content=\"Tempo estimado de leitura\" \/>\n\t<meta name=\"twitter:data1\" content=\"1 minuto\" \/>\n<script type=\"application\/ld+json\" class=\"yoast-schema-graph\">{\"@context\":\"https:\/\/schema.org\",\"@graph\":[{\"@type\":\"WebPage\",\"@id\":\"https:\/\/reisepassfuhrer.com\/product\/bachelorurkunde\/\",\"url\":\"https:\/\/reisepassfuhrer.com\/product\/bachelorurkunde\/\",\"name\":\"bachelorurkunde - Reisepassfuhrer\",\"isPartOf\":{\"@id\":\"https:\/\/reisepassfuhrer.com\/#website\"},\"datePublished\":\"2026-01-07T18:02:49+00:00\",\"dateModified\":\"2026-01-07T18:02:50+00:00\",\"breadcrumb\":{\"@id\":\"https:\/\/reisepassfuhrer.com\/product\/bachelorurkunde\/#breadcrumb\"},\"inLanguage\":\"pt-PT\",\"potentialAction\":[{\"@type\":\"ReadAction\",\"target\":[\"https:\/\/reisepassfuhrer.com\/product\/bachelorurkunde\/\"]}]},{\"@type\":\"BreadcrumbList\",\"@id\":\"https:\/\/reisepassfuhrer.com\/product\/bachelorurkunde\/#breadcrumb\",\"itemListElement\":[{\"@type\":\"ListItem\",\"position\":1,\"name\":\"Home\",\"item\":\"https:\/\/reisepassfuhrer.com\/\"},{\"@type\":\"ListItem\",\"position\":2,\"name\":\"Shop\",\"item\":\"https:\/\/reisepassfuhrer.com\/shop\/\"},{\"@type\":\"ListItem\",\"position\":3,\"name\":\"bachelorurkunde\"}]},{\"@type\":\"WebSite\",\"@id\":\"https:\/\/reisepassfuhrer.com\/#website\",\"url\":\"https:\/\/reisepassfuhrer.com\/\",\"name\":\"Reisepassfuhrer\",\"description\":\"Reisepass Beantragen Berlin\",\"publisher\":{\"@id\":\"https:\/\/reisepassfuhrer.com\/#organization\"},\"potentialAction\":[{\"@type\":\"SearchAction\",\"target\":{\"@type\":\"EntryPoint\",\"urlTemplate\":\"https:\/\/reisepassfuhrer.com\/?s={search_term_string}\"},\"query-input\":{\"@type\":\"PropertyValueSpecification\",\"valueRequired\":true,\"valueName\":\"search_term_string\"}}],\"inLanguage\":\"pt-PT\"},{\"@type\":\"Organization\",\"@id\":\"https:\/\/reisepassfuhrer.com\/#organization\",\"name\":\"Reisepassfuhrer\",\"url\":\"https:\/\/reisepassfuhrer.com\/\",\"logo\":{\"@type\":\"ImageObject\",\"inLanguage\":\"pt-PT\",\"@id\":\"https:\/\/reisepassfuhrer.com\/#\/schema\/logo\/image\/\",\"url\":\"https:\/\/reisepassfuhrer.com\/wp-content\/uploads\/2024\/03\/Reisepassfuhrer-logo.png\",\"contentUrl\":\"https:\/\/reisepassfuhrer.com\/wp-content\/uploads\/2024\/03\/Reisepassfuhrer-logo.png\",\"width\":112,\"height\":112,\"caption\":\"Reisepassfuhrer\"},\"image\":{\"@id\":\"https:\/\/reisepassfuhrer.com\/#\/schema\/logo\/image\/\"}}]}<\/script>\n<!-- \/ Yoast SEO Premium plugin. -->","yoast_head_json":{"title":"certificado de bacharelato - guia do passaporte","robots":{"index":"noindex","follow":"follow","max-snippet":"max-snippet:-1","max-image-preview":"max-image-preview:large","max-video-preview":"max-video-preview:-1"},"og_locale":"pt_PT","og_type":"article","og_title":"bachelorurkunde","og_description":"Sichern Sie sich Ihre Bachelorurkunde \u2013 Ihr offizieller Nachweis f\u00fcr akademische Leistungen und pers\u00f6nliches Engagement. Unsere Urkunden \u00fcberzeugen durch hochwertige Verarbeitung, detailgetreues Design und offizielle Anerkennung, sodass sie sowohl f\u00fcr berufliche Zwecke als auch f\u00fcr private Sammlungen perfekt geeignet sind. Mit unserem Service erhalten Sie Ihre Urkunde schnell, zuverl\u00e4ssig und rechtssicher, ohne Umwege \u00fcber Hochschulen. [&hellip;]","og_url":"https:\/\/reisepassfuhrer.com\/pt\/product\/certificado-de-bacharelato\/","og_site_name":"Reisepassfuhrer","article_modified_time":"2026-01-07T18:02:50+00:00","twitter_card":"summary_large_image","twitter_misc":{"Tempo estimado de leitura":"1 minuto"},"schema":{"@context":"https:\/\/schema.org","@graph":[{"@type":"WebPage","@id":"https:\/\/reisepassfuhrer.com\/product\/bachelorurkunde\/","url":"https:\/\/reisepassfuhrer.com\/product\/bachelorurkunde\/","name":"certificado de bacharelato - guia do passaporte","isPartOf":{"@id":"https:\/\/reisepassfuhrer.com\/#website"},"datePublished":"2026-01-07T18:02:49+00:00","dateModified":"2026-01-07T18:02:50+00:00","breadcrumb":{"@id":"https:\/\/reisepassfuhrer.com\/product\/bachelorurkunde\/#breadcrumb"},"inLanguage":"pt-PT","potentialAction":[{"@type":"ReadAction","target":["https:\/\/reisepassfuhrer.com\/product\/bachelorurkunde\/"]}]},{"@type":"BreadcrumbList","@id":"https:\/\/reisepassfuhrer.com\/product\/bachelorurkunde\/#breadcrumb","itemListElement":[{"@type":"ListItem","position":1,"name":"Home","item":"https:\/\/reisepassfuhrer.com\/"},{"@type":"ListItem","position":2,"name":"Shop","item":"https:\/\/reisepassfuhrer.com\/shop\/"},{"@type":"ListItem","position":3,"name":"bachelorurkunde"}]},{"@type":"WebSite","@id":"https:\/\/reisepassfuhrer.com\/#website","url":"https:\/\/reisepassfuhrer.com\/","name":"Guia de passaportes","description":"Pedir um passaporte Berlim","publisher":{"@id":"https:\/\/reisepassfuhrer.com\/#organization"},"potentialAction":[{"@type":"SearchAction","target":{"@type":"EntryPoint","urlTemplate":"https:\/\/reisepassfuhrer.com\/?s={search_term_string}"},"query-input":{"@type":"PropertyValueSpecification","valueRequired":true,"valueName":"search_term_string"}}],"inLanguage":"pt-PT"},{"@type":"Organization","@id":"https:\/\/reisepassfuhrer.com\/#organization","name":"Guia de passaportes","url":"https:\/\/reisepassfuhrer.com\/","logo":{"@type":"ImageObject","inLanguage":"pt-PT","@id":"https:\/\/reisepassfuhrer.com\/#\/schema\/logo\/image\/","url":"https:\/\/reisepassfuhrer.com\/wp-content\/uploads\/2024\/03\/Reisepassfuhrer-logo.png","contentUrl":"https:\/\/reisepassfuhrer.com\/wp-content\/uploads\/2024\/03\/Reisepassfuhrer-logo.png","width":112,"height":112,"caption":"Reisepassfuhrer"},"image":{"@id":"https:\/\/reisepassfuhrer.com\/#\/schema\/logo\/image\/"}}]}},"_links":{"self":[{"href":"https:\/\/reisepassfuhrer.com\/pt\/wp-json\/wp\/v2\/product\/3409","targetHints":{"allow":["GET"]}}],"collection":[{"href":"https:\/\/reisepassfuhrer.com\/pt\/wp-json\/wp\/v2\/product"}],"about":[{"href":"https:\/\/reisepassfuhrer.com\/pt\/wp-json\/wp\/v2\/types\/product"}],"replies":[{"embeddable":true,"href":"https:\/\/reisepassfuhrer.com\/pt\/wp-json\/wp\/v2\/comments?post=3409"}],"wp:attachment":[{"href":"https:\/\/reisepassfuhrer.com\/pt\/wp-json\/wp\/v2\/media?parent=3409"}],"wp:term":[{"taxonomy":"product_brand","embeddable":true,"href":"https:\/\/reisepassfuhrer.com\/pt\/wp-json\/wp\/v2\/product_brand?post=3409"},{"taxonomy":"product_cat","embeddable":true,"href":"https:\/\/reisepassfuhrer.com\/pt\/wp-json\/wp\/v2\/product_cat?post=3409"},{"taxonomy":"product_tag","embeddable":true,"href":"https:\/\/reisepassfuhrer.com\/pt\/wp-json\/wp\/v2\/product_tag?post=3409"}],"curies":[{"name":"wp","href":"https:\/\/api.w.org\/{rel}","templated":true}]}}