{"id":3135,"date":"2025-08-24T11:01:29","date_gmt":"2025-08-24T11:01:29","guid":{"rendered":"https:\/\/reisepassfuhrer.com\/?post_type=product&#038;p=3135"},"modified":"2025-08-24T11:01:30","modified_gmt":"2025-08-24T11:01:30","slug":"geburtsdatum-rumanischer-ausweis","status":"publish","type":"product","link":"https:\/\/reisepassfuhrer.com\/ru\/product\/\u0434\u0430\u0442\u0430-\u0440\u043e\u0436\u0434\u0435\u043d\u0438\u044f-\u0440\u0443\u043c\u044b\u043d\u0441\u043a\u043e\u0435-\u0443\u0434\u043e\u0441\u0442\u043e\u0432\u0435\u0440\u0435\u043d\/","title":{"rendered":"\u0434\u0430\u0442\u0430 \u0440\u043e\u0436\u0434\u0435\u043d\u0438\u044f \u0440\u0443\u043c\u044b\u043d\u0441\u043a\u043e\u0435 \u0443\u0434\u043e\u0441\u0442\u043e\u0432\u0435\u0440\u0435\u043d\u0438\u0435 \u043b\u0438\u0447\u043d\u043e\u0441\u0442\u0438"},"content":{"rendered":"<p data-start=\"386\" data-end=\"470\"><strong data-start=\"386\" data-end=\"470\">\u0414\u0430\u0442\u0430 \u0440\u043e\u0436\u0434\u0435\u043d\u0438\u044f \u0432 \u0440\u0443\u043c\u044b\u043d\u0441\u043a\u043e\u043c \u0443\u0434\u043e\u0441\u0442\u043e\u0432\u0435\u0440\u0435\u043d\u0438\u0438 \u043b\u0438\u0447\u043d\u043e\u0441\u0442\u0438 - \u043f\u0440\u043e\u0441\u0442\u043e\u0435 \u043e\u0431\u044a\u044f\u0441\u043d\u0435\u043d\u0438\u0435 \u0438 \u043d\u0430\u0434\u0435\u0436\u043d\u043e\u0435 \u043e\u043f\u0440\u0435\u0434\u0435\u043b\u0435\u043d\u0438\u0435<\/strong><\/p>\n<p data-start=\"472\" data-end=\"775\">\u0412\u0430\u043c \u043d\u0443\u0436\u0435\u043d <strong data-start=\"489\" data-end=\"574\">\u043f\u0440\u0430\u0432\u0438\u043b\u044c\u043d\u0430\u044f \u0434\u0430\u0442\u0430 \u0440\u043e\u0436\u0434\u0435\u043d\u0438\u044f \u0438\u0437 \u0440\u0443\u043c\u044b\u043d\u0441\u043a\u043e\u0433\u043e \u0443\u0434\u043e\u0441\u0442\u043e\u0432\u0435\u0440\u0435\u043d\u0438\u044f \u043b\u0438\u0447\u043d\u043e\u0441\u0442\u0438 (Carte de Identitate)<\/strong> \u0438\u043b\u0438 \u0445\u043e\u0442\u0438\u0442\u0435 \u043f\u043e\u043d\u044f\u0442\u044c, \u043a\u0430\u043a \u0441\u0442\u0440\u0443\u043a\u0442\u0443\u0440\u0438\u0440\u043e\u0432\u0430\u043d\u0430 \u044d\u0442\u0430 \u0438\u043d\u0444\u043e\u0440\u043c\u0430\u0446\u0438\u044f? \u041d\u0430\u0448 \u0441\u0435\u0440\u0432\u0438\u0441 \u043f\u0440\u0435\u0434\u043b\u0430\u0433\u0430\u0435\u0442 \u0432\u0430\u043c \u0431\u044b\u0441\u0442\u0440\u043e\u0435 \u0438 \u0442\u043e\u0447\u043d\u043e\u0435 \u0440\u0435\u0448\u0435\u043d\u0438\u0435 - \u0431\u0443\u0434\u044c \u0442\u043e \u043f\u0440\u043e\u0432\u0435\u0440\u043a\u0430 \u043b\u0438\u0447\u043d\u043e\u0441\u0442\u0438, \u043f\u0440\u043e\u0432\u0435\u0440\u043a\u0430 \u0434\u043e\u043a\u0443\u043c\u0435\u043d\u0442\u043e\u0432 \u0438\u043b\u0438 \u0430\u0434\u043c\u0438\u043d\u0438\u0441\u0442\u0440\u0430\u0442\u0438\u0432\u043d\u044b\u0435 \u0446\u0435\u043b\u0438.<\/p>\n<p data-start=\"777\" data-end=\"1115\">\u0414\u0430\u0442\u0430 \u0440\u043e\u0436\u0434\u0435\u043d\u0438\u044f, \u0443\u043a\u0430\u0437\u0430\u043d\u043d\u0430\u044f \u0432 \u0440\u0443\u043c\u044b\u043d\u0441\u043a\u043e\u043c \u0443\u0434\u043e\u0441\u0442\u043e\u0432\u0435\u0440\u0435\u043d\u0438\u0438 \u043b\u0438\u0447\u043d\u043e\u0441\u0442\u0438, \u044f\u0432\u043b\u044f\u0435\u0442\u0441\u044f \u0447\u0430\u0441\u0442\u044c\u044e <strong data-start=\"837\" data-end=\"859\">\u043b\u0438\u0447\u043d\u044b\u0435 \u0434\u0430\u043d\u043d\u044b\u0435<\/strong> \u0438 \u0438\u0433\u0440\u0430\u0435\u0442 \u0446\u0435\u043d\u0442\u0440\u0430\u043b\u044c\u043d\u0443\u044e \u0440\u043e\u043b\u044c \u0432 \u043f\u0440\u043e\u0432\u0435\u0440\u043a\u0435 \u043b\u0438\u0447\u043d\u043e\u0441\u0442\u0438. \u041c\u044b \u043f\u043e\u043c\u043e\u0436\u0435\u043c \u0432\u0430\u043c \u0438\u0441\u043f\u043e\u043b\u044c\u0437\u043e\u0432\u0430\u0442\u044c \u044d\u0442\u0443 \u0438\u043d\u0444\u043e\u0440\u043c\u0430\u0446\u0438\u044e <strong data-start=\"970\" data-end=\"1033\">\u043f\u0440\u0430\u0432\u0438\u043b\u044c\u043d\u043e \u0440\u0430\u0441\u043f\u043e\u0437\u043d\u0430\u0432\u0430\u0442\u044c, \u0438\u043d\u0442\u0435\u0440\u043f\u0440\u0435\u0442\u0438\u0440\u043e\u0432\u0430\u0442\u044c \u0438\u043b\u0438 \u043f\u0440\u0435\u0434\u043e\u0441\u0442\u0430\u0432\u043b\u044f\u0442\u044c<\/strong>, \u041d\u0435\u0437\u0430\u0432\u0438\u0441\u0438\u043c\u043e \u043e\u0442 \u0442\u043e\u0433\u043e, \u0440\u0430\u0431\u043e\u0442\u0430\u0435\u0442\u0435 \u043b\u0438 \u0432\u044b \u0441 \u0440\u0435\u0430\u043b\u044c\u043d\u044b\u043c\u0438 \u0434\u043e\u043a\u0443\u043c\u0435\u043d\u0442\u0430\u043c\u0438 \u0438\u043b\u0438 \u0430\u043d\u0430\u043b\u0438\u0437\u0438\u0440\u0443\u0435\u0442\u0435 \u0443\u0447\u0435\u0431\u043d\u044b\u0435 \u0434\u0430\u043d\u043d\u044b\u0435.<\/p>\n<p data-start=\"1117\" data-end=\"1286\">\u2705 <strong data-start=\"1119\" data-end=\"1155\">\u041d\u0430\u0434\u0435\u0436\u043d\u043e\u0441\u0442\u044c \u0438 \u0441\u043e\u043e\u0442\u0432\u0435\u0442\u0441\u0442\u0432\u0438\u0435 \u0442\u0440\u0435\u0431\u043e\u0432\u0430\u043d\u0438\u044f\u043c \u0437\u0430\u0449\u0438\u0442\u044b \u0434\u0430\u043d\u043d\u044b\u0445<\/strong><br data-start=\"1155\" data-end=\"1158\" \/>\u2705 <strong data-start=\"1160\" data-end=\"1210\">\u041f\u0440\u043e\u0441\u0442\u043e\u0442\u0430 \u0438\u0441\u043f\u043e\u043b\u044c\u0437\u043e\u0432\u0430\u043d\u0438\u044f - \u043d\u0435 \u0442\u0440\u0435\u0431\u0443\u0435\u0442\u0441\u044f \u043f\u0440\u0435\u0434\u0432\u0430\u0440\u0438\u0442\u0435\u043b\u044c\u043d\u044b\u0445 \u0437\u043d\u0430\u043d\u0438\u0439<\/strong><br data-start=\"1210\" data-end=\"1213\" \/>\u2705 <strong data-start=\"1215\" data-end=\"1286\">\u0411\u044b\u0441\u0442\u0440\u044b\u0435 \u0440\u0435\u0437\u0443\u043b\u044c\u0442\u0430\u0442\u044b \u0434\u043b\u044f \u043e\u0440\u0433\u0430\u043d\u043e\u0432 \u0432\u043b\u0430\u0441\u0442\u0438, \u043a\u043e\u043c\u043f\u0430\u043d\u0438\u0439 \u0438\u043b\u0438 \u0447\u0430\u0441\u0442\u043d\u044b\u0445 \u0437\u0430\u043f\u0440\u043e\u0441\u043e\u0432<\/strong><\/p>\n<p data-start=\"1288\" data-end=\"1476\"><strong data-start=\"1288\" data-end=\"1330\">\u041f\u043e\u043b\u043e\u0436\u0438\u0442\u0435\u0441\u044c \u043d\u0430 \u043e\u043f\u044b\u0442 \u0438 \u0442\u043e\u0447\u043d\u043e\u0441\u0442\u044c<\/strong>, \u043a\u043e\u0433\u0434\u0430 \u0440\u0435\u0447\u044c \u0438\u0434\u0435\u0442 \u043e\u0431 \u043e\u0444\u0438\u0446\u0438\u0430\u043b\u044c\u043d\u044b\u0445 \u0434\u043e\u043a\u0443\u043c\u0435\u043d\u0442\u0430\u0445. \u0421 \u043d\u0430\u0448\u0435\u0439 \u0443\u0441\u043b\u0443\u0433\u043e\u0439 \u043f\u043e \u043f\u0440\u043e\u0432\u0435\u0440\u043a\u0435 \u0434\u0430\u0442\u044b \u0440\u043e\u0436\u0434\u0435\u043d\u0438\u044f \u043d\u0430 \u0440\u0443\u043c\u044b\u043d\u0441\u043a\u0438\u0445 \u0443\u0434\u043e\u0441\u0442\u043e\u0432\u0435\u0440\u0435\u043d\u0438\u044f\u0445 \u043b\u0438\u0447\u043d\u043e\u0441\u0442\u0438 \u0432\u044b \u0431\u0443\u0434\u0435\u0442\u0435 \u0432 \u0431\u0435\u0437\u043e\u043f\u0430\u0441\u043d\u043e\u0441\u0442\u0438.<\/p>","protected":false},"excerpt":{"rendered":"<p>Geburtsdatum auf rum\u00e4nischem Ausweis \u2013 Einfach erkl\u00e4rt und zuverl\u00e4ssig ermittelt Du ben\u00f6tigst das korrekte Geburtsdatum von einem rum\u00e4nischen Personalausweis (Carte de Identitate) oder m\u00f6chtest verstehen, wie diese Information strukturiert ist? Unser Service bietet dir eine schnelle und pr\u00e4zise L\u00f6sung \u2013 ob zur Identit\u00e4tspr\u00fcfung, Dokumentenpr\u00fcfung oder f\u00fcr administrative Zwecke. Das Geburtsdatum auf einem rum\u00e4nischen Ausweis ist [&hellip;]<\/p>","protected":false},"featured_media":3137,"comment_status":"open","ping_status":"closed","template":"","meta":[],"product_brand":[],"product_cat":[44],"product_tag":[],"class_list":{"0":"post-3135","1":"product","2":"type-product","3":"status-publish","4":"has-post-thumbnail","6":"product_cat-uncategorized","8":"first","9":"instock","10":"shipping-taxable","11":"product-type-simple"},"yoast_head":"<!-- This site is optimized with the Yoast SEO Premium plugin v22.2 (Yoast SEO v26.2) - https:\/\/yoast.com\/wordpress\/plugins\/seo\/ -->\n<title>geburtsdatum rum\u00e4nischer ausweis<\/title>\n<meta name=\"description\" content=\"Du ben\u00f6tigst das korrekte Geburtsdatum von einem rum\u00e4nischen Personalausweis (Carte de Identitate) oder m\u00f6chtest verstehen\" \/>\n<meta name=\"robots\" content=\"noindex, follow, max-snippet:-1, max-image-preview:large, max-video-preview:-1\" \/>\n<meta property=\"og:locale\" content=\"ru_RU\" \/>\n<meta property=\"og:type\" content=\"article\" \/>\n<meta property=\"og:title\" content=\"geburtsdatum rum\u00e4nischer ausweis\" \/>\n<meta property=\"og:description\" content=\"Du ben\u00f6tigst das korrekte Geburtsdatum von einem rum\u00e4nischen Personalausweis (Carte de Identitate) oder m\u00f6chtest verstehen\" \/>\n<meta property=\"og:url\" content=\"https:\/\/reisepassfuhrer.com\/ru\/product\/\u0434\u0430\u0442\u0430-\u0440\u043e\u0436\u0434\u0435\u043d\u0438\u044f-\u0440\u0443\u043c\u044b\u043d\u0441\u043a\u043e\u0435-\u0443\u0434\u043e\u0441\u0442\u043e\u0432\u0435\u0440\u0435\u043d\/\" \/>\n<meta property=\"og:site_name\" content=\"Reisepassfuhrer\" \/>\n<meta property=\"article:modified_time\" content=\"2025-08-24T11:01:30+00:00\" \/>\n<meta property=\"og:image\" content=\"http:\/\/reisepassfuhrer.com\/wp-content\/uploads\/2025\/08\/download-49.jpeg\" \/>\n\t<meta property=\"og:image:width\" content=\"285\" \/>\n\t<meta property=\"og:image:height\" content=\"177\" \/>\n\t<meta property=\"og:image:type\" content=\"image\/jpeg\" \/>\n<meta name=\"twitter:card\" content=\"summary_large_image\" \/>\n<meta name=\"twitter:label1\" content=\"\u041f\u0440\u0438\u043c\u0435\u0440\u043d\u043e\u0435 \u0432\u0440\u0435\u043c\u044f \u0434\u043b\u044f \u0447\u0442\u0435\u043d\u0438\u044f\" \/>\n\t<meta name=\"twitter:data1\" content=\"1 \u043c\u0438\u043d\u0443\u0442\u0430\" \/>\n<script type=\"application\/ld+json\" class=\"yoast-schema-graph\">{\"@context\":\"https:\/\/schema.org\",\"@graph\":[{\"@type\":\"WebPage\",\"@id\":\"https:\/\/reisepassfuhrer.com\/product\/geburtsdatum-rumanischer-ausweis\/\",\"url\":\"https:\/\/reisepassfuhrer.com\/product\/geburtsdatum-rumanischer-ausweis\/\",\"name\":\"geburtsdatum rum\u00e4nischer ausweis\",\"isPartOf\":{\"@id\":\"https:\/\/reisepassfuhrer.com\/#website\"},\"primaryImageOfPage\":{\"@id\":\"https:\/\/reisepassfuhrer.com\/product\/geburtsdatum-rumanischer-ausweis\/#primaryimage\"},\"image\":{\"@id\":\"https:\/\/reisepassfuhrer.com\/product\/geburtsdatum-rumanischer-ausweis\/#primaryimage\"},\"thumbnailUrl\":\"https:\/\/reisepassfuhrer.com\/wp-content\/uploads\/2025\/08\/download-49.jpeg\",\"datePublished\":\"2025-08-24T11:01:29+00:00\",\"dateModified\":\"2025-08-24T11:01:30+00:00\",\"description\":\"Du ben\u00f6tigst das korrekte Geburtsdatum von einem rum\u00e4nischen Personalausweis (Carte de Identitate) oder m\u00f6chtest verstehen\",\"breadcrumb\":{\"@id\":\"https:\/\/reisepassfuhrer.com\/product\/geburtsdatum-rumanischer-ausweis\/#breadcrumb\"},\"inLanguage\":\"ru-RU\",\"potentialAction\":[{\"@type\":\"ReadAction\",\"target\":[\"https:\/\/reisepassfuhrer.com\/product\/geburtsdatum-rumanischer-ausweis\/\"]}]},{\"@type\":\"ImageObject\",\"inLanguage\":\"ru-RU\",\"@id\":\"https:\/\/reisepassfuhrer.com\/product\/geburtsdatum-rumanischer-ausweis\/#primaryimage\",\"url\":\"https:\/\/reisepassfuhrer.com\/wp-content\/uploads\/2025\/08\/download-49.jpeg\",\"contentUrl\":\"https:\/\/reisepassfuhrer.com\/wp-content\/uploads\/2025\/08\/download-49.jpeg\",\"width\":285,\"height\":177},{\"@type\":\"BreadcrumbList\",\"@id\":\"https:\/\/reisepassfuhrer.com\/product\/geburtsdatum-rumanischer-ausweis\/#breadcrumb\",\"itemListElement\":[{\"@type\":\"ListItem\",\"position\":1,\"name\":\"Home\",\"item\":\"https:\/\/reisepassfuhrer.com\/\"},{\"@type\":\"ListItem\",\"position\":2,\"name\":\"Shop\",\"item\":\"https:\/\/reisepassfuhrer.com\/shop\/\"},{\"@type\":\"ListItem\",\"position\":3,\"name\":\"geburtsdatum rum\u00e4nischer ausweis\"}]},{\"@type\":\"WebSite\",\"@id\":\"https:\/\/reisepassfuhrer.com\/#website\",\"url\":\"https:\/\/reisepassfuhrer.com\/\",\"name\":\"Reisepassfuhrer\",\"description\":\"Reisepass Beantragen Berlin\",\"publisher\":{\"@id\":\"https:\/\/reisepassfuhrer.com\/#organization\"},\"potentialAction\":[{\"@type\":\"SearchAction\",\"target\":{\"@type\":\"EntryPoint\",\"urlTemplate\":\"https:\/\/reisepassfuhrer.com\/?s={search_term_string}\"},\"query-input\":{\"@type\":\"PropertyValueSpecification\",\"valueRequired\":true,\"valueName\":\"search_term_string\"}}],\"inLanguage\":\"ru-RU\"},{\"@type\":\"Organization\",\"@id\":\"https:\/\/reisepassfuhrer.com\/#organization\",\"name\":\"Reisepassfuhrer\",\"url\":\"https:\/\/reisepassfuhrer.com\/\",\"logo\":{\"@type\":\"ImageObject\",\"inLanguage\":\"ru-RU\",\"@id\":\"https:\/\/reisepassfuhrer.com\/#\/schema\/logo\/image\/\",\"url\":\"https:\/\/reisepassfuhrer.com\/wp-content\/uploads\/2024\/03\/Reisepassfuhrer-logo.png\",\"contentUrl\":\"https:\/\/reisepassfuhrer.com\/wp-content\/uploads\/2024\/03\/Reisepassfuhrer-logo.png\",\"width\":112,\"height\":112,\"caption\":\"Reisepassfuhrer\"},\"image\":{\"@id\":\"https:\/\/reisepassfuhrer.com\/#\/schema\/logo\/image\/\"}}]}<\/script>\n<!-- \/ Yoast SEO Premium plugin. -->","yoast_head_json":{"title":"\u0434\u0430\u0442\u0430 \u0440\u043e\u0436\u0434\u0435\u043d\u0438\u044f \u0440\u0443\u043c\u044b\u043d\u0441\u043a\u043e\u0435 \u0443\u0434\u043e\u0441\u0442\u043e\u0432\u0435\u0440\u0435\u043d\u0438\u0435 \u043b\u0438\u0447\u043d\u043e\u0441\u0442\u0438","description":"\u0412\u0430\u043c \u043d\u0443\u0436\u043d\u0430 \u043f\u0440\u0430\u0432\u0438\u043b\u044c\u043d\u0430\u044f \u0434\u0430\u0442\u0430 \u0440\u043e\u0436\u0434\u0435\u043d\u0438\u044f \u0438\u0437 \u0440\u0443\u043c\u044b\u043d\u0441\u043a\u043e\u0433\u043e \u0443\u0434\u043e\u0441\u0442\u043e\u0432\u0435\u0440\u0435\u043d\u0438\u044f \u043b\u0438\u0447\u043d\u043e\u0441\u0442\u0438 (Carte de Identitate) \u0438\u043b\u0438 \u0432\u044b \u0445\u043e\u0442\u0438\u0442\u0435 \u043f\u043e\u043d\u044f\u0442\u044c","robots":{"index":"noindex","follow":"follow","max-snippet":"max-snippet:-1","max-image-preview":"max-image-preview:large","max-video-preview":"max-video-preview:-1"},"og_locale":"ru_RU","og_type":"article","og_title":"geburtsdatum rum\u00e4nischer ausweis","og_description":"Du ben\u00f6tigst das korrekte Geburtsdatum von einem rum\u00e4nischen Personalausweis (Carte de Identitate) oder m\u00f6chtest verstehen","og_url":"https:\/\/reisepassfuhrer.com\/ru\/product\/\u0434\u0430\u0442\u0430-\u0440\u043e\u0436\u0434\u0435\u043d\u0438\u044f-\u0440\u0443\u043c\u044b\u043d\u0441\u043a\u043e\u0435-\u0443\u0434\u043e\u0441\u0442\u043e\u0432\u0435\u0440\u0435\u043d\/","og_site_name":"Reisepassfuhrer","article_modified_time":"2025-08-24T11:01:30+00:00","og_image":[{"width":285,"height":177,"url":"http:\/\/reisepassfuhrer.com\/wp-content\/uploads\/2025\/08\/download-49.jpeg","type":"image\/jpeg"}],"twitter_card":"summary_large_image","twitter_misc":{"\u041f\u0440\u0438\u043c\u0435\u0440\u043d\u043e\u0435 \u0432\u0440\u0435\u043c\u044f \u0434\u043b\u044f \u0447\u0442\u0435\u043d\u0438\u044f":"1 \u043c\u0438\u043d\u0443\u0442\u0430"},"schema":{"@context":"https:\/\/schema.org","@graph":[{"@type":"WebPage","@id":"https:\/\/reisepassfuhrer.com\/product\/geburtsdatum-rumanischer-ausweis\/","url":"https:\/\/reisepassfuhrer.com\/product\/geburtsdatum-rumanischer-ausweis\/","name":"\u0434\u0430\u0442\u0430 \u0440\u043e\u0436\u0434\u0435\u043d\u0438\u044f \u0440\u0443\u043c\u044b\u043d\u0441\u043a\u043e\u0435 \u0443\u0434\u043e\u0441\u0442\u043e\u0432\u0435\u0440\u0435\u043d\u0438\u0435 \u043b\u0438\u0447\u043d\u043e\u0441\u0442\u0438","isPartOf":{"@id":"https:\/\/reisepassfuhrer.com\/#website"},"primaryImageOfPage":{"@id":"https:\/\/reisepassfuhrer.com\/product\/geburtsdatum-rumanischer-ausweis\/#primaryimage"},"image":{"@id":"https:\/\/reisepassfuhrer.com\/product\/geburtsdatum-rumanischer-ausweis\/#primaryimage"},"thumbnailUrl":"https:\/\/reisepassfuhrer.com\/wp-content\/uploads\/2025\/08\/download-49.jpeg","datePublished":"2025-08-24T11:01:29+00:00","dateModified":"2025-08-24T11:01:30+00:00","description":"\u0412\u0430\u043c \u043d\u0443\u0436\u043d\u0430 \u043f\u0440\u0430\u0432\u0438\u043b\u044c\u043d\u0430\u044f \u0434\u0430\u0442\u0430 \u0440\u043e\u0436\u0434\u0435\u043d\u0438\u044f \u0438\u0437 \u0440\u0443\u043c\u044b\u043d\u0441\u043a\u043e\u0433\u043e \u0443\u0434\u043e\u0441\u0442\u043e\u0432\u0435\u0440\u0435\u043d\u0438\u044f \u043b\u0438\u0447\u043d\u043e\u0441\u0442\u0438 (Carte de Identitate) \u0438\u043b\u0438 \u0432\u044b \u0445\u043e\u0442\u0438\u0442\u0435 \u043f\u043e\u043d\u044f\u0442\u044c","breadcrumb":{"@id":"https:\/\/reisepassfuhrer.com\/product\/geburtsdatum-rumanischer-ausweis\/#breadcrumb"},"inLanguage":"ru-RU","potentialAction":[{"@type":"ReadAction","target":["https:\/\/reisepassfuhrer.com\/product\/geburtsdatum-rumanischer-ausweis\/"]}]},{"@type":"ImageObject","inLanguage":"ru-RU","@id":"https:\/\/reisepassfuhrer.com\/product\/geburtsdatum-rumanischer-ausweis\/#primaryimage","url":"https:\/\/reisepassfuhrer.com\/wp-content\/uploads\/2025\/08\/download-49.jpeg","contentUrl":"https:\/\/reisepassfuhrer.com\/wp-content\/uploads\/2025\/08\/download-49.jpeg","width":285,"height":177},{"@type":"BreadcrumbList","@id":"https:\/\/reisepassfuhrer.com\/product\/geburtsdatum-rumanischer-ausweis\/#breadcrumb","itemListElement":[{"@type":"ListItem","position":1,"name":"Home","item":"https:\/\/reisepassfuhrer.com\/"},{"@type":"ListItem","position":2,"name":"Shop","item":"https:\/\/reisepassfuhrer.com\/shop\/"},{"@type":"ListItem","position":3,"name":"geburtsdatum rum\u00e4nischer ausweis"}]},{"@type":"WebSite","@id":"https:\/\/reisepassfuhrer.com\/#website","url":"https:\/\/reisepassfuhrer.com\/","name":"\u041f\u0443\u0442\u0435\u0432\u043e\u0434\u0438\u0442\u0435\u043b\u044c \u043f\u043e \u043f\u0430\u0441\u043f\u043e\u0440\u0442\u0443","description":"\u041f\u043e\u0434\u0430\u0439\u0442\u0435 \u0437\u0430\u044f\u0432\u043b\u0435\u043d\u0438\u0435 \u043d\u0430 \u043f\u043e\u043b\u0443\u0447\u0435\u043d\u0438\u0435 \u043f\u0430\u0441\u043f\u043e\u0440\u0442\u0430 \u0432 \u0411\u0435\u0440\u043b\u0438\u043d\u0435","publisher":{"@id":"https:\/\/reisepassfuhrer.com\/#organization"},"potentialAction":[{"@type":"SearchAction","target":{"@type":"EntryPoint","urlTemplate":"https:\/\/reisepassfuhrer.com\/?s={search_term_string}"},"query-input":{"@type":"PropertyValueSpecification","valueRequired":true,"valueName":"search_term_string"}}],"inLanguage":"ru-RU"},{"@type":"Organization","@id":"https:\/\/reisepassfuhrer.com\/#organization","name":"\u041f\u0443\u0442\u0435\u0432\u043e\u0434\u0438\u0442\u0435\u043b\u044c \u043f\u043e \u043f\u0430\u0441\u043f\u043e\u0440\u0442\u0443","url":"https:\/\/reisepassfuhrer.com\/","logo":{"@type":"ImageObject","inLanguage":"ru-RU","@id":"https:\/\/reisepassfuhrer.com\/#\/schema\/logo\/image\/","url":"https:\/\/reisepassfuhrer.com\/wp-content\/uploads\/2024\/03\/Reisepassfuhrer-logo.png","contentUrl":"https:\/\/reisepassfuhrer.com\/wp-content\/uploads\/2024\/03\/Reisepassfuhrer-logo.png","width":112,"height":112,"caption":"Reisepassfuhrer"},"image":{"@id":"https:\/\/reisepassfuhrer.com\/#\/schema\/logo\/image\/"}}]}},"_links":{"self":[{"href":"https:\/\/reisepassfuhrer.com\/ru\/wp-json\/wp\/v2\/product\/3135","targetHints":{"allow":["GET"]}}],"collection":[{"href":"https:\/\/reisepassfuhrer.com\/ru\/wp-json\/wp\/v2\/product"}],"about":[{"href":"https:\/\/reisepassfuhrer.com\/ru\/wp-json\/wp\/v2\/types\/product"}],"replies":[{"embeddable":true,"href":"https:\/\/reisepassfuhrer.com\/ru\/wp-json\/wp\/v2\/comments?post=3135"}],"wp:featuredmedia":[{"embeddable":true,"href":"https:\/\/reisepassfuhrer.com\/ru\/wp-json\/wp\/v2\/media\/3137"}],"wp:attachment":[{"href":"https:\/\/reisepassfuhrer.com\/ru\/wp-json\/wp\/v2\/media?parent=3135"}],"wp:term":[{"taxonomy":"product_brand","embeddable":true,"href":"https:\/\/reisepassfuhrer.com\/ru\/wp-json\/wp\/v2\/product_brand?post=3135"},{"taxonomy":"product_cat","embeddable":true,"href":"https:\/\/reisepassfuhrer.com\/ru\/wp-json\/wp\/v2\/product_cat?post=3135"},{"taxonomy":"product_tag","embeddable":true,"href":"https:\/\/reisepassfuhrer.com\/ru\/wp-json\/wp\/v2\/product_tag?post=3135"}],"curies":[{"name":"wp","href":"https:\/\/api.w.org\/{rel}","templated":true}]}}