{"id":3166,"date":"2025-08-27T10:01:36","date_gmt":"2025-08-27T10:01:36","guid":{"rendered":"https:\/\/reisepassfuhrer.com\/?post_type=product&#038;p=3166"},"modified":"2025-08-27T10:01:37","modified_gmt":"2025-08-27T10:01:37","slug":"svensk-passport","status":"publish","type":"product","link":"https:\/\/reisepassfuhrer.com\/ru\/product\/\u0448\u0432\u0435\u043d\u0441\u043a\u0438\u0439-\u043f\u0430\u0441\u043f\u043e\u0440\u0442\/","title":{"rendered":"\u0421\u0432\u0435\u043d\u0441\u043a\u0438\u0439 \u043f\u0430\u0441\u043f\u043e\u0440\u0442"},"content":{"rendered":"<p data-start=\"199\" data-end=\"251\"><strong data-start=\"199\" data-end=\"251\">Svensk Passport - D\u00e4r Identitet M\u00f6ter Innovation<\/strong><\/p>\n<p data-start=\"253\" data-end=\"558\">L\u00e5s upp globala m\u00f6jligheter med <strong data-start=\"285\" data-end=\"304\">\u0421\u0432\u0435\u043d\u0441\u043a\u0438\u0439 \u043f\u0430\u0441\u043f\u043e\u0440\u0442<\/strong> - \u043f\u0435\u0440\u0432\u043e\u043a\u043b\u0430\u0441\u0441\u043d\u043e\u0435 \u0440\u0435\u0448\u0435\u043d\u0438\u0435 \u0434\u043b\u044f \u0438\u0434\u0435\u043d\u0442\u0438\u0444\u0438\u043a\u0430\u0446\u0438\u0438 \u043b\u0438\u0447\u043d\u043e\u0441\u0442\u0438, \u0441\u043e\u0437\u0434\u0430\u043d\u043d\u043e\u0435 \u0441\u043e \u0441\u043a\u0430\u043d\u0434\u0438\u043d\u0430\u0432\u0441\u043a\u043e\u0439 \u0442\u043e\u0447\u043d\u043e\u0441\u0442\u044c\u044e \u0438 \u0430\u0434\u0430\u043f\u0442\u0438\u0440\u043e\u0432\u0430\u043d\u043d\u043e\u0435 \u043a \u0441\u043e\u0432\u0440\u0435\u043c\u0435\u043d\u043d\u043e\u043c\u0443 \u0431\u044b\u0441\u0442\u0440\u043e \u043c\u0435\u043d\u044f\u044e\u0449\u0435\u043c\u0443\u0441\u044f \u043c\u0438\u0440\u0443. \u041f\u0435\u0440\u0435\u043f\u0440\u043e\u0434\u0430\u0435\u0442\u0435 \u043b\u0438 \u0432\u044b, \u043b\u0435\u0442\u0430\u0435\u0442\u0435 \u0438\u043b\u0438 \u043b\u0435\u0447\u0438\u0442\u0435\u0441\u044c, Svensk Passport - \u044d\u0442\u043e \u0432\u0430\u0448 \u043a\u043b\u044e\u0447 \u043a \u043d\u043e\u0432\u043e\u043c\u0443 \u043e\u043f\u044b\u0442\u0443, \u0443\u0432\u0435\u0440\u0435\u043d\u043d\u043e\u0441\u0442\u0438 \u0438 \u0434\u0440\u0430\u0439\u0432\u0443.<\/p>\n<p data-start=\"560\" data-end=\"920\">Passet \u043e\u0441\u043d\u0430\u0449\u0435\u043d <strong data-start=\"583\" data-end=\"606\">\u0431\u0438\u043e\u043c\u0435\u0442\u0440\u0438\u0447\u0435\u0441\u043a\u0438\u0439 \u0441\u0430\u043a\u0435\u0440\u0445\u0435\u0442<\/strong>, <strong data-start=\"608\" data-end=\"644\">\u0424\u0443\u043d\u043a\u0446\u0438\u043e\u043d\u0435\u0440 \u0444\u0451\u0440\u0444\u0430\u043b\u044c\u0448\u0438\u0432\u043e\u043c\u043e\u043d\u0435\u0442\u0447\u0438\u043a\u043e\u0432<\/strong> \u043e\u0445, \u043a\u0430\u043a \u043d\u0435\u043b\u0435\u0433\u043a\u043e <strong data-start=\"658\" data-end=\"681\">\u0446\u0438\u0444\u0440\u043e\u0432\u0430\u044f \u0432\u0435\u0440\u0438\u0444\u0438\u043a\u0430\u0446\u0438\u044f<\/strong>, \u042d\u0442\u043e \u0445\u043e\u0440\u043e\u0448\u0438\u0439 \u0441\u043f\u043e\u0441\u043e\u0431 \u0441\u043e\u0437\u0434\u0430\u0442\u044c \u043e\u0449\u0443\u0449\u0435\u043d\u0438\u0435 \u0438\u0434\u0435\u043d\u0442\u0438\u0447\u043d\u043e\u0441\u0442\u0438 - \u0442\u043e\u043b\u044c\u043a\u043e \u0442\u0430\u043a. \u0421 <strong data-start=\"791\" data-end=\"823\">\u0441\u0442\u0438\u043b\u044c \u0438 \u043e\u0444\u0438\u0446\u0438\u0430\u043b\u044c\u043d\u044b\u0439 \u0434\u0438\u0437\u0430\u0439\u043d<\/strong> \u0411\u043b\u0430\u0433\u043e\u0434\u0430\u0440\u044f \u043c\u0435\u0436\u0434\u0443\u043d\u0430\u0440\u043e\u0434\u043d\u044b\u043c \u0441\u0442\u0430\u043d\u0434\u0430\u0440\u0442\u0430\u043c \u0448\u0432\u0435\u0434\u0441\u043a\u0438\u0439 \u043f\u0430\u0441\u043f\u043e\u0440\u0442 \u044f\u0432\u043b\u044f\u0435\u0442\u0441\u044f \u0441\u0430\u043c\u044b\u043c \u0441\u043e\u0432\u0440\u0435\u043c\u0435\u043d\u043d\u044b\u043c \u0438 \u043b\u0443\u0447\u0448\u0438\u043c \u0432 \u0428\u0432\u0435\u0446\u0438\u0438.<\/p>\n<p data-start=\"922\" data-end=\"1186\">\u0418\u0434\u0435\u0430\u043b\u044c\u043d\u043e \u043f\u043e\u0434\u0445\u043e\u0434\u0438\u0442 \u0434\u043b\u044f aff\u00e4rsresen\u00e4rer, globala medborgare eller dig som s\u00f6ker ett alternativt pass -. <strong data-start=\"1013\" data-end=\"1032\">\u0421\u0432\u0435\u043d\u0441\u043a\u0438\u0439 \u043f\u0430\u0441\u043f\u043e\u0440\u0442<\/strong> \u041e\u0447\u0435\u0432\u0438\u0434\u043d\u043e, \u0447\u0442\u043e \u0431\u0438\u0437\u043d\u0435\u0441 \u043a\u043e\u043c\u043f\u0430\u043d\u0438\u0438 \u0445\u0430\u0440\u0430\u043a\u0442\u0435\u0440\u0438\u0437\u0443\u0435\u0442\u0441\u044f \u0447\u0435\u0442\u043a\u043e\u0439 \u043d\u0430\u043f\u0440\u0430\u0432\u043b\u0435\u043d\u043d\u043e\u0441\u0442\u044c\u044e \u0438 \u0443\u0441\u0442\u0440\u0435\u043c\u043b\u0435\u043d\u043d\u043e\u0441\u0442\u044c\u044e \u0432 \u0431\u0443\u0434\u0443\u0449\u0435\u0435. \u042d\u0442\u043e \u0432\u0430\u0436\u043d\u043e \u0434\u043b\u044f \u0432\u0430\u0441 \u043a\u0430\u043a \u0434\u043b\u044f \u043f\u0443\u0442\u0435\u0448\u0435\u0441\u0442\u0432\u0435\u043d\u043d\u0438\u043a\u0430 <strong data-start=\"1144\" data-end=\"1185\">\u042d\u0444\u0444\u0435\u043a\u0442\u0438\u0432\u043d\u043e\u0441\u0442\u044c, \u0431\u0435\u0437\u043e\u043f\u0430\u0441\u043d\u043e\u0441\u0442\u044c \u0438 \u0441\u0432\u043e\u0431\u043e\u0434\u0430 \u0434\u0435\u0439\u0441\u0442\u0432\u0438\u0439<\/strong>.<\/p>\n<p data-start=\"1188\" data-end=\"1325\">\u0415\u0441\u043b\u0438 \u0432\u044b \u0445\u043e\u0442\u0438\u0442\u0435 \u0440\u0435\u0430\u043b\u0438\u0437\u043e\u0432\u0430\u0442\u044c \u0441\u0432\u043e\u044e \u0433\u043b\u043e\u0431\u0430\u043b\u044c\u043d\u0443\u044e \u0441\u0435\u0442\u044c \u0438\u043b\u0438 \u043e\u0431\u043e\u0437\u043d\u0430\u0447\u0438\u0442\u044c \u0441\u0432\u043e\u044e \u0438\u0434\u0435\u043d\u0442\u0438\u0447\u043d\u043e\u0441\u0442\u044c - \u043f\u043e\u0436\u0430\u043b\u0443\u0439\u0441\u0442\u0430, \u0441\u0434\u0435\u043b\u0430\u0439\u0442\u0435 \u044d\u0442\u043e. <strong data-start=\"1274\" data-end=\"1293\">\u0421\u0432\u0435\u043d\u0441\u043a\u0438\u0439 \u043f\u0430\u0441\u043f\u043e\u0440\u0442<\/strong> \u043a\u0430\u043a \u0441\u0432\u043e\u0439 \u043b\u0438\u0447\u043d\u044b\u0439 \u0444\u043b\u0430\u0433.<\/p>","protected":false},"excerpt":{"rendered":"<p>Svensk Passport \u2013 D\u00e4r Identitet M\u00f6ter Innovation L\u00e5s upp globala m\u00f6jligheter med Svensk Passport \u2013 en f\u00f6rstklassig identitetsl\u00f6sning, skapad med skandinavisk precision och anpassad f\u00f6r dagens snabbr\u00f6rliga v\u00e4rld. Oavsett om du reser, flyttar eller beh\u00f6ver s\u00e4ker verifiering, \u00e4r Svensk Passport din nyckel till enkel \u00e5tkomst, trov\u00e4rdighet och trygghet. Passet \u00e4r utrustat med biometrisk s\u00e4kerhet, f\u00f6rfalskningsskyddade [&hellip;]<\/p>","protected":false},"featured_media":3168,"comment_status":"open","ping_status":"closed","template":"","meta":[],"product_brand":[],"product_cat":[44],"product_tag":[],"class_list":{"0":"post-3166","1":"product","2":"type-product","3":"status-publish","4":"has-post-thumbnail","6":"product_cat-uncategorized","8":"first","9":"instock","10":"shipping-taxable","11":"product-type-simple"},"yoast_head":"<!-- This site is optimized with the Yoast SEO Premium plugin v22.2 (Yoast SEO v26.2) - https:\/\/yoast.com\/wordpress\/plugins\/seo\/ -->\n<title>Svensk Passport - Reisepassfuhrer<\/title>\n<meta name=\"robots\" content=\"noindex, follow, max-snippet:-1, max-image-preview:large, max-video-preview:-1\" \/>\n<meta property=\"og:locale\" content=\"ru_RU\" \/>\n<meta property=\"og:type\" content=\"article\" \/>\n<meta property=\"og:title\" content=\"Svensk Passport\" \/>\n<meta property=\"og:description\" content=\"Svensk Passport \u2013 D\u00e4r Identitet M\u00f6ter Innovation L\u00e5s upp globala m\u00f6jligheter med Svensk Passport \u2013 en f\u00f6rstklassig identitetsl\u00f6sning, skapad med skandinavisk precision och anpassad f\u00f6r dagens snabbr\u00f6rliga v\u00e4rld. Oavsett om du reser, flyttar eller beh\u00f6ver s\u00e4ker verifiering, \u00e4r Svensk Passport din nyckel till enkel \u00e5tkomst, trov\u00e4rdighet och trygghet. Passet \u00e4r utrustat med biometrisk s\u00e4kerhet, f\u00f6rfalskningsskyddade [&hellip;]\" \/>\n<meta property=\"og:url\" content=\"https:\/\/reisepassfuhrer.com\/ru\/product\/\u0448\u0432\u0435\u043d\u0441\u043a\u0438\u0439-\u043f\u0430\u0441\u043f\u043e\u0440\u0442\/\" \/>\n<meta property=\"og:site_name\" content=\"Reisepassfuhrer\" \/>\n<meta property=\"article:modified_time\" content=\"2025-08-27T10:01:37+00:00\" \/>\n<meta property=\"og:image\" content=\"http:\/\/reisepassfuhrer.com\/wp-content\/uploads\/2025\/08\/download-66.jpeg\" \/>\n\t<meta property=\"og:image:width\" content=\"250\" \/>\n\t<meta property=\"og:image:height\" content=\"179\" \/>\n\t<meta property=\"og:image:type\" content=\"image\/jpeg\" \/>\n<meta name=\"twitter:card\" content=\"summary_large_image\" \/>\n<meta name=\"twitter:label1\" content=\"\u041f\u0440\u0438\u043c\u0435\u0440\u043d\u043e\u0435 \u0432\u0440\u0435\u043c\u044f \u0434\u043b\u044f \u0447\u0442\u0435\u043d\u0438\u044f\" \/>\n\t<meta name=\"twitter:data1\" content=\"1 \u043c\u0438\u043d\u0443\u0442\u0430\" \/>\n<script type=\"application\/ld+json\" class=\"yoast-schema-graph\">{\"@context\":\"https:\/\/schema.org\",\"@graph\":[{\"@type\":\"WebPage\",\"@id\":\"https:\/\/reisepassfuhrer.com\/product\/svensk-passport\/\",\"url\":\"https:\/\/reisepassfuhrer.com\/product\/svensk-passport\/\",\"name\":\"Svensk Passport - Reisepassfuhrer\",\"isPartOf\":{\"@id\":\"https:\/\/reisepassfuhrer.com\/#website\"},\"primaryImageOfPage\":{\"@id\":\"https:\/\/reisepassfuhrer.com\/product\/svensk-passport\/#primaryimage\"},\"image\":{\"@id\":\"https:\/\/reisepassfuhrer.com\/product\/svensk-passport\/#primaryimage\"},\"thumbnailUrl\":\"https:\/\/reisepassfuhrer.com\/wp-content\/uploads\/2025\/08\/download-66.jpeg\",\"datePublished\":\"2025-08-27T10:01:36+00:00\",\"dateModified\":\"2025-08-27T10:01:37+00:00\",\"breadcrumb\":{\"@id\":\"https:\/\/reisepassfuhrer.com\/product\/svensk-passport\/#breadcrumb\"},\"inLanguage\":\"ru-RU\",\"potentialAction\":[{\"@type\":\"ReadAction\",\"target\":[\"https:\/\/reisepassfuhrer.com\/product\/svensk-passport\/\"]}]},{\"@type\":\"ImageObject\",\"inLanguage\":\"ru-RU\",\"@id\":\"https:\/\/reisepassfuhrer.com\/product\/svensk-passport\/#primaryimage\",\"url\":\"https:\/\/reisepassfuhrer.com\/wp-content\/uploads\/2025\/08\/download-66.jpeg\",\"contentUrl\":\"https:\/\/reisepassfuhrer.com\/wp-content\/uploads\/2025\/08\/download-66.jpeg\",\"width\":250,\"height\":179},{\"@type\":\"BreadcrumbList\",\"@id\":\"https:\/\/reisepassfuhrer.com\/product\/svensk-passport\/#breadcrumb\",\"itemListElement\":[{\"@type\":\"ListItem\",\"position\":1,\"name\":\"Home\",\"item\":\"https:\/\/reisepassfuhrer.com\/\"},{\"@type\":\"ListItem\",\"position\":2,\"name\":\"Shop\",\"item\":\"https:\/\/reisepassfuhrer.com\/shop\/\"},{\"@type\":\"ListItem\",\"position\":3,\"name\":\"Svensk Passport\"}]},{\"@type\":\"WebSite\",\"@id\":\"https:\/\/reisepassfuhrer.com\/#website\",\"url\":\"https:\/\/reisepassfuhrer.com\/\",\"name\":\"Reisepassfuhrer\",\"description\":\"Reisepass Beantragen Berlin\",\"publisher\":{\"@id\":\"https:\/\/reisepassfuhrer.com\/#organization\"},\"potentialAction\":[{\"@type\":\"SearchAction\",\"target\":{\"@type\":\"EntryPoint\",\"urlTemplate\":\"https:\/\/reisepassfuhrer.com\/?s={search_term_string}\"},\"query-input\":{\"@type\":\"PropertyValueSpecification\",\"valueRequired\":true,\"valueName\":\"search_term_string\"}}],\"inLanguage\":\"ru-RU\"},{\"@type\":\"Organization\",\"@id\":\"https:\/\/reisepassfuhrer.com\/#organization\",\"name\":\"Reisepassfuhrer\",\"url\":\"https:\/\/reisepassfuhrer.com\/\",\"logo\":{\"@type\":\"ImageObject\",\"inLanguage\":\"ru-RU\",\"@id\":\"https:\/\/reisepassfuhrer.com\/#\/schema\/logo\/image\/\",\"url\":\"https:\/\/reisepassfuhrer.com\/wp-content\/uploads\/2024\/03\/Reisepassfuhrer-logo.png\",\"contentUrl\":\"https:\/\/reisepassfuhrer.com\/wp-content\/uploads\/2024\/03\/Reisepassfuhrer-logo.png\",\"width\":112,\"height\":112,\"caption\":\"Reisepassfuhrer\"},\"image\":{\"@id\":\"https:\/\/reisepassfuhrer.com\/#\/schema\/logo\/image\/\"}}]}<\/script>\n<!-- \/ Yoast SEO Premium plugin. -->","yoast_head_json":{"title":"Svensk Passport - \u043f\u0430\u0441\u043f\u043e\u0440\u0442\u043d\u044b\u0439 \u0441\u043f\u0440\u0430\u0432\u043e\u0447\u043d\u0438\u043a","robots":{"index":"noindex","follow":"follow","max-snippet":"max-snippet:-1","max-image-preview":"max-image-preview:large","max-video-preview":"max-video-preview:-1"},"og_locale":"ru_RU","og_type":"article","og_title":"Svensk Passport","og_description":"Svensk Passport \u2013 D\u00e4r Identitet M\u00f6ter Innovation L\u00e5s upp globala m\u00f6jligheter med Svensk Passport \u2013 en f\u00f6rstklassig identitetsl\u00f6sning, skapad med skandinavisk precision och anpassad f\u00f6r dagens snabbr\u00f6rliga v\u00e4rld. Oavsett om du reser, flyttar eller beh\u00f6ver s\u00e4ker verifiering, \u00e4r Svensk Passport din nyckel till enkel \u00e5tkomst, trov\u00e4rdighet och trygghet. Passet \u00e4r utrustat med biometrisk s\u00e4kerhet, f\u00f6rfalskningsskyddade [&hellip;]","og_url":"https:\/\/reisepassfuhrer.com\/ru\/product\/\u0448\u0432\u0435\u043d\u0441\u043a\u0438\u0439-\u043f\u0430\u0441\u043f\u043e\u0440\u0442\/","og_site_name":"Reisepassfuhrer","article_modified_time":"2025-08-27T10:01:37+00:00","og_image":[{"width":250,"height":179,"url":"http:\/\/reisepassfuhrer.com\/wp-content\/uploads\/2025\/08\/download-66.jpeg","type":"image\/jpeg"}],"twitter_card":"summary_large_image","twitter_misc":{"\u041f\u0440\u0438\u043c\u0435\u0440\u043d\u043e\u0435 \u0432\u0440\u0435\u043c\u044f \u0434\u043b\u044f \u0447\u0442\u0435\u043d\u0438\u044f":"1 \u043c\u0438\u043d\u0443\u0442\u0430"},"schema":{"@context":"https:\/\/schema.org","@graph":[{"@type":"WebPage","@id":"https:\/\/reisepassfuhrer.com\/product\/svensk-passport\/","url":"https:\/\/reisepassfuhrer.com\/product\/svensk-passport\/","name":"Svensk Passport - \u043f\u0430\u0441\u043f\u043e\u0440\u0442\u043d\u044b\u0439 \u0441\u043f\u0440\u0430\u0432\u043e\u0447\u043d\u0438\u043a","isPartOf":{"@id":"https:\/\/reisepassfuhrer.com\/#website"},"primaryImageOfPage":{"@id":"https:\/\/reisepassfuhrer.com\/product\/svensk-passport\/#primaryimage"},"image":{"@id":"https:\/\/reisepassfuhrer.com\/product\/svensk-passport\/#primaryimage"},"thumbnailUrl":"https:\/\/reisepassfuhrer.com\/wp-content\/uploads\/2025\/08\/download-66.jpeg","datePublished":"2025-08-27T10:01:36+00:00","dateModified":"2025-08-27T10:01:37+00:00","breadcrumb":{"@id":"https:\/\/reisepassfuhrer.com\/product\/svensk-passport\/#breadcrumb"},"inLanguage":"ru-RU","potentialAction":[{"@type":"ReadAction","target":["https:\/\/reisepassfuhrer.com\/product\/svensk-passport\/"]}]},{"@type":"ImageObject","inLanguage":"ru-RU","@id":"https:\/\/reisepassfuhrer.com\/product\/svensk-passport\/#primaryimage","url":"https:\/\/reisepassfuhrer.com\/wp-content\/uploads\/2025\/08\/download-66.jpeg","contentUrl":"https:\/\/reisepassfuhrer.com\/wp-content\/uploads\/2025\/08\/download-66.jpeg","width":250,"height":179},{"@type":"BreadcrumbList","@id":"https:\/\/reisepassfuhrer.com\/product\/svensk-passport\/#breadcrumb","itemListElement":[{"@type":"ListItem","position":1,"name":"Home","item":"https:\/\/reisepassfuhrer.com\/"},{"@type":"ListItem","position":2,"name":"Shop","item":"https:\/\/reisepassfuhrer.com\/shop\/"},{"@type":"ListItem","position":3,"name":"Svensk Passport"}]},{"@type":"WebSite","@id":"https:\/\/reisepassfuhrer.com\/#website","url":"https:\/\/reisepassfuhrer.com\/","name":"\u041f\u0443\u0442\u0435\u0432\u043e\u0434\u0438\u0442\u0435\u043b\u044c \u043f\u043e \u043f\u0430\u0441\u043f\u043e\u0440\u0442\u0443","description":"\u041f\u043e\u0434\u0430\u0439\u0442\u0435 \u0437\u0430\u044f\u0432\u043b\u0435\u043d\u0438\u0435 \u043d\u0430 \u043f\u043e\u043b\u0443\u0447\u0435\u043d\u0438\u0435 \u043f\u0430\u0441\u043f\u043e\u0440\u0442\u0430 \u0432 \u0411\u0435\u0440\u043b\u0438\u043d\u0435","publisher":{"@id":"https:\/\/reisepassfuhrer.com\/#organization"},"potentialAction":[{"@type":"SearchAction","target":{"@type":"EntryPoint","urlTemplate":"https:\/\/reisepassfuhrer.com\/?s={search_term_string}"},"query-input":{"@type":"PropertyValueSpecification","valueRequired":true,"valueName":"search_term_string"}}],"inLanguage":"ru-RU"},{"@type":"Organization","@id":"https:\/\/reisepassfuhrer.com\/#organization","name":"\u041f\u0443\u0442\u0435\u0432\u043e\u0434\u0438\u0442\u0435\u043b\u044c \u043f\u043e \u043f\u0430\u0441\u043f\u043e\u0440\u0442\u0443","url":"https:\/\/reisepassfuhrer.com\/","logo":{"@type":"ImageObject","inLanguage":"ru-RU","@id":"https:\/\/reisepassfuhrer.com\/#\/schema\/logo\/image\/","url":"https:\/\/reisepassfuhrer.com\/wp-content\/uploads\/2024\/03\/Reisepassfuhrer-logo.png","contentUrl":"https:\/\/reisepassfuhrer.com\/wp-content\/uploads\/2024\/03\/Reisepassfuhrer-logo.png","width":112,"height":112,"caption":"Reisepassfuhrer"},"image":{"@id":"https:\/\/reisepassfuhrer.com\/#\/schema\/logo\/image\/"}}]}},"_links":{"self":[{"href":"https:\/\/reisepassfuhrer.com\/ru\/wp-json\/wp\/v2\/product\/3166","targetHints":{"allow":["GET"]}}],"collection":[{"href":"https:\/\/reisepassfuhrer.com\/ru\/wp-json\/wp\/v2\/product"}],"about":[{"href":"https:\/\/reisepassfuhrer.com\/ru\/wp-json\/wp\/v2\/types\/product"}],"replies":[{"embeddable":true,"href":"https:\/\/reisepassfuhrer.com\/ru\/wp-json\/wp\/v2\/comments?post=3166"}],"wp:featuredmedia":[{"embeddable":true,"href":"https:\/\/reisepassfuhrer.com\/ru\/wp-json\/wp\/v2\/media\/3168"}],"wp:attachment":[{"href":"https:\/\/reisepassfuhrer.com\/ru\/wp-json\/wp\/v2\/media?parent=3166"}],"wp:term":[{"taxonomy":"product_brand","embeddable":true,"href":"https:\/\/reisepassfuhrer.com\/ru\/wp-json\/wp\/v2\/product_brand?post=3166"},{"taxonomy":"product_cat","embeddable":true,"href":"https:\/\/reisepassfuhrer.com\/ru\/wp-json\/wp\/v2\/product_cat?post=3166"},{"taxonomy":"product_tag","embeddable":true,"href":"https:\/\/reisepassfuhrer.com\/ru\/wp-json\/wp\/v2\/product_tag?post=3166"}],"curies":[{"name":"wp","href":"https:\/\/api.w.org\/{rel}","templated":true}]}}