{"id":3202,"date":"2025-09-02T09:32:43","date_gmt":"2025-09-02T09:32:43","guid":{"rendered":"https:\/\/reisepassfuhrer.com\/?post_type=product&#038;p=3202"},"modified":"2025-09-02T09:32:44","modified_gmt":"2025-09-02T09:32:44","slug":"fuhrerschein-ungarn","status":"publish","type":"product","link":"https:\/\/reisepassfuhrer.com\/ru\/product\/\u0432\u043e\u0434\u0438\u0442\u0435\u043b\u044c\u0441\u043a\u043e\u0435-\u0443\u0434\u043e\u0441\u0442\u043e\u0432\u0435\u0440\u0435\u043d\u0438\u0435-\u0432\u0435\u043d\u0433\u0440\u0438\u044f\/","title":{"rendered":"\u0432\u043e\u0434\u0438\u0442\u0435\u043b\u044c\u0441\u043a\u043e\u0435 \u0443\u0434\u043e\u0441\u0442\u043e\u0432\u0435\u0440\u0435\u043d\u0438\u0435 \u0432\u0435\u043d\u0433\u0440\u0438\u044f"},"content":{"rendered":"<h3 data-start=\"255\" data-end=\"311\">\u0414\u0435\u0439\u0441\u0442\u0432\u0438\u0435 \u0432\u0435\u043d\u0433\u0435\u0440\u0441\u043a\u0438\u0445 \u0432\u043e\u0434\u0438\u0442\u0435\u043b\u044c\u0441\u043a\u0438\u0445 \u0443\u0434\u043e\u0441\u0442\u043e\u0432\u0435\u0440\u0435\u043d\u0438\u0439 \u0432 \u0413\u0435\u0440\u043c\u0430\u043d\u0438\u0438<\/h3>\n<h4 data-start=\"313\" data-end=\"351\">1. \u043f\u0440\u0438\u0437\u043d\u0430\u043d\u0438\u0435 \u043d\u0430 \u0442\u0435\u0440\u0440\u0438\u0442\u043e\u0440\u0438\u0438 \u0415\u0421<\/h4>\n<p data-start=\"352\" data-end=\"636\">\u0412\u0435\u043d\u0433\u0440\u0438\u044f \u044f\u0432\u043b\u044f\u0435\u0442\u0441\u044f \u0447\u043b\u0435\u043d\u043e\u043c \u0415\u0421. \u041f\u043e\u044d\u0442\u043e\u043c\u0443 <strong data-start=\"395\" data-end=\"423\">\u0412\u0435\u043d\u0433\u0435\u0440\u0441\u043a\u043e\u0435 \u0432\u043e\u0434\u0438\u0442\u0435\u043b\u044c\u0441\u043a\u043e\u0435 \u0443\u0434\u043e\u0441\u0442\u043e\u0432\u0435\u0440\u0435\u043d\u0438\u0435<\/strong>, \u0435\u0441\u043b\u0438 \u043e\u043d\u0438 \u043f\u0440\u0438\u043e\u0431\u0440\u0435\u0442\u0435\u043d\u044b \u043d\u0430 \u0437\u0430\u043a\u043e\u043d\u043d\u044b\u0445 \u043e\u0441\u043d\u043e\u0432\u0430\u043d\u0438\u044f\u0445, \u043e\u0431\u044b\u0447\u043d\u043e \u043f\u0440\u0438\u0437\u043d\u0430\u044e\u0442\u0441\u044f \u0432 \u0413\u0435\u0440\u043c\u0430\u043d\u0438\u0438 - \u0430 \u0438\u043c\u0435\u043d\u043d\u043e <strong data-start=\"503\" data-end=\"529\">\u0434\u0430\u0436\u0435 \u0431\u0435\u0437 \u043f\u0435\u0440\u0435\u0444\u0440\u0430\u0437\u0438\u0440\u043e\u0432\u0430\u043d\u0438\u044f<\/strong>, \u0435\u0441\u043b\u0438 \u043e\u043d \u0435\u0449\u0435 \u0434\u0435\u0439\u0441\u0442\u0432\u0438\u0442\u0435\u043b\u0435\u043d \u0438 \u043d\u0435\u0442 \u043e\u0441\u043e\u0431\u044b\u0445 \u0443\u0441\u043b\u043e\u0432\u0438\u0439.<\/p>\n<h4 data-start=\"638\" data-end=\"686\">2 \u041a\u043e\u0433\u0434\u0430 \u0442\u0440\u0435\u0431\u0443\u0435\u0442\u0441\u044f \u043f\u0435\u0440\u0435\u0432\u043e\u0434?<\/h4>\n<ul data-start=\"687\" data-end=\"1216\">\n<li data-start=\"687\" data-end=\"881\">\n<p data-start=\"689\" data-end=\"881\"><strong data-start=\"689\" data-end=\"722\">\u0422\u043e\u043b\u044c\u043a\u043e \u0434\u043b\u044f \u0434\u043e\u043a\u0443\u043c\u0435\u043d\u0442\u043e\u0432 \u0441 \u0438\u0441\u0442\u0435\u043a\u0448\u0438\u043c \u0441\u0440\u043e\u043a\u043e\u043c \u0434\u0435\u0439\u0441\u0442\u0432\u0438\u044f<\/strong> \u0438\u043b\u0438 \u0435\u0441\u043b\u0438 \u0432\u044b \u043f\u043e\u0441\u0442\u043e\u044f\u043d\u043d\u043e \u043f\u0440\u043e\u0436\u0438\u0432\u0430\u0435\u0442\u0435 \u0432 \u0413\u0435\u0440\u043c\u0430\u043d\u0438\u0438, \u0442\u043e <strong data-start=\"778\" data-end=\"801\">\u041f\u043e\u0432\u0442\u043e\u0440\u043d\u043e\u0435 \u043f\u0440\u0438\u043c\u0435\u043d\u0435\u043d\u0438\u0435<\/strong> \u0447\u0435\u0440\u0435\u0437 \u043e\u0440\u0433\u0430\u043d, \u0432\u044b\u0434\u0430\u044e\u0449\u0438\u0439 \u0432\u043e\u0434\u0438\u0442\u0435\u043b\u044c\u0441\u043a\u0438\u0435 \u043f\u0440\u0430\u0432\u0430. .<\/p>\n<\/li>\n<li data-start=\"882\" data-end=\"1036\">\n<p data-start=\"884\" data-end=\"1036\">\u0421\u0442\u0430\u0440\u044b\u0435 \u0432\u0435\u043d\u0433\u0435\u0440\u0441\u043a\u0438\u0435 \u0432\u043e\u0434\u0438\u0442\u0435\u043b\u044c\u0441\u043a\u0438\u0435 \u0443\u0434\u043e\u0441\u0442\u043e\u0432\u0435\u0440\u0435\u043d\u0438\u044f (\u0434\u043e \u0432\u0432\u0435\u0434\u0435\u043d\u0438\u044f \u0441\u0442\u0430\u043d\u0434\u0430\u0440\u0442\u0430 \u0447\u0435\u043a\u043e\u0432\u043e\u0439 \u043a\u0430\u0440\u0442\u043e\u0447\u043a\u0438 \u0415\u0421) \u0434\u043e\u043b\u0436\u043d\u044b \u0431\u044b\u0442\u044c \u0432\u044b\u0434\u0430\u043d\u044b <strong data-start=\"968\" data-end=\"976\">2033<\/strong> \u043e\u0431\u043c\u0435\u043d\u0438\u0432\u0430\u0442\u044c\u0441\u044f. .<\/p>\n<\/li>\n<li data-start=\"1037\" data-end=\"1216\">\n<p data-start=\"1039\" data-end=\"1216\">\u0414\u043b\u044f <strong data-start=\"1043\" data-end=\"1081\">\u0412\u043e\u0434\u0438\u0442\u0435\u043b\u044c\u0441\u043a\u043e\u0435 \u0443\u0434\u043e\u0441\u0442\u043e\u0432\u0435\u0440\u0435\u043d\u0438\u0435 \u043a\u0430\u0442\u0435\u0433\u043e\u0440\u0438\u0438 C\/D (\u0433\u0440\u0443\u0437\u043e\u0432\u0438\u043a, \u0430\u0432\u0442\u043e\u0431\u0443\u0441)<\/strong> \u043f\u0440\u0438\u043c\u0435\u043d\u044f\u0435\u0442 <strong data-start=\"1092\" data-end=\"1133\">\u0421\u0440\u043e\u043a \u0434\u0435\u0439\u0441\u0442\u0432\u0438\u044f \u043d\u0435 \u0431\u043e\u043b\u0435\u0435 5 \u043b\u0435\u0442<\/strong> - \u043f\u043e\u0441\u043b\u0435 \u044d\u0442\u043e\u0433\u043e \u0442\u0440\u0435\u0431\u0443\u0435\u0442\u0441\u044f \u043f\u0440\u043e\u0434\u043b\u0435\u043d\u0438\u0435.<\/p>\n<\/li>\n<\/ul>\n<h4 data-start=\"1218\" data-end=\"1269\">3. \u043f\u0440\u0438\u043d\u0446\u0438\u043f \u043f\u0440\u043e\u0436\u0438\u0432\u0430\u043d\u0438\u044f \u0438 \u0432\u043e\u0434\u0438\u0442\u0435\u043b\u044c\u0441\u043a\u043e\u0435 \u0443\u0434\u043e\u0441\u0442\u043e\u0432\u0435\u0440\u0435\u043d\u0438\u0435 \u0442\u0443\u0440\u0438\u0441\u0442\u0430<\/h4>\n<p data-start=\"1270\" data-end=\"1552\">\u0415\u0441\u043b\u0438 \u0432\u043e\u0434\u0438\u0442\u0435\u043b\u044c\u0441\u043a\u043e\u0435 \u0443\u0434\u043e\u0441\u0442\u043e\u0432\u0435\u0440\u0435\u043d\u0438\u0435 <strong data-start=\"1293\" data-end=\"1336\">\u0432 \u043d\u0430\u0440\u0443\u0448\u0435\u043d\u0438\u0435 \u043f\u0440\u0438\u043d\u0446\u0438\u043f\u0430 \u043f\u0440\u043e\u0436\u0438\u0432\u0430\u043d\u0438\u044f<\/strong> \u0431\u044b\u043b\u043e \u043f\u0440\u0438\u043e\u0431\u0440\u0435\u0442\u0435\u043d\u043e - \u0442\u043e \u0435\u0441\u0442\u044c \u0432\u044b \u0443\u0436\u0435 \u043f\u0440\u043e\u0436\u0438\u0432\u0430\u043b\u0438 \u0432 \u0413\u0435\u0440\u043c\u0430\u043d\u0438\u0438, - \u0434\u0435\u0439\u0441\u0442\u0432\u0438\u0442\u0435\u043b\u044c\u043d\u043e\u0441\u0442\u044c \u043c\u043e\u0436\u0435\u0442 \u0431\u044b\u0442\u044c \u043f\u043e\u0441\u0442\u0430\u0432\u043b\u0435\u043d\u0430 \u043f\u043e\u0434 \u0441\u043e\u043c\u043d\u0435\u043d\u0438\u0435. \u041e\u0434\u043d\u0430\u043a\u043e \u0435\u0441\u043b\u0438 \u0441\u0438\u0442\u0443\u0430\u0446\u0438\u044f \u043d\u0435\u044f\u0441\u043d\u0430, \u043f\u0440\u0438\u0437\u043d\u0430\u043d\u0438\u0435 \u043e\u0431\u044b\u0447\u043d\u043e \u043f\u0440\u043e\u0434\u043e\u043b\u0436\u0430\u0435\u0442 \u0434\u0435\u0439\u0441\u0442\u0432\u043e\u0432\u0430\u0442\u044c <span class=\"\" data-state=\"closed\"><span class=\"ms-1 inline-flex max-w-full items-center relative top-[-0.094rem] animate-[show_150ms_ease-in]\" data-testid=\"webpage-citation-pill\"><a class=\"flex h-4.5 overflow-hidden rounded-xl px-2 text-[9px] font-medium text-token-text-secondary! bg-[#F4F4F4]! dark:bg-[#303030]! transition-colors duration-150 ease-in-out\" href=\"https:\/\/ksv-polizeipraxis.de\/gueltigkeit-auslaendischer-fahrerlaubnisse-in-deutschland\/?utm_source=chatgpt.com\" target=\"_blank\" rel=\"noopener\"><span class=\"relative start-0 bottom-0 flex h-full w-full items-center\"><span class=\"flex h-4 w-full items-center justify-between overflow-hidden\"><span class=\"max-w-full grow truncate overflow-hidden text-center\">ksv-polizeipraxis.de<\/span><\/span><\/span><\/a><\/span><\/span><span class=\"\" data-state=\"closed\"><span class=\"ms-1 inline-flex max-w-full items-center relative top-[-0.094rem] animate-[show_150ms_ease-in]\" data-testid=\"webpage-citation-pill\"><a class=\"flex h-4.5 overflow-hidden rounded-xl px-2 text-[9px] font-medium text-token-text-secondary! bg-[#F4F4F4]! dark:bg-[#303030]! transition-colors duration-150 ease-in-out\" href=\"https:\/\/de.wikipedia.org\/wiki\/F%C3%BChrerscheintourismus?utm_source=chatgpt.com\" target=\"_blank\" rel=\"noopener\"><span class=\"relative start-0 bottom-0 flex h-full w-full items-center\"><span class=\"flex h-4 w-full items-center justify-between overflow-hidden\"><span class=\"max-w-full grow truncate overflow-hidden text-center\">\u0412\u0438\u043a\u0438\u043f\u0435\u0434\u0438\u044f<\/span><\/span><\/span><\/a><\/span><\/span>.<\/p>\n<h4 data-start=\"1554\" data-end=\"1605\">4. \u0434\u0435\u0439\u0441\u0442\u0432\u0438\u0442\u0435\u043b\u044c\u043d\u044b \u0442\u043e\u043b\u044c\u043a\u043e \u043f\u0440\u0438 \u043d\u0430\u043b\u0438\u0447\u0438\u0438 \u0434\u0435\u0439\u0441\u0442\u0432\u0443\u044e\u0449\u0435\u0433\u043e \u0432\u043e\u0434\u0438\u0442\u0435\u043b\u044c\u0441\u043a\u043e\u0433\u043e \u0443\u0434\u043e\u0441\u0442\u043e\u0432\u0435\u0440\u0435\u043d\u0438\u044f<\/h4>\n<ul data-start=\"1606\" data-end=\"1927\">\n<li data-start=\"1606\" data-end=\"1721\">\n<p data-start=\"1608\" data-end=\"1721\"><strong data-start=\"1608\" data-end=\"1647\">\u0423\u0447\u0435\u043d\u0438\u0447\u0435\u0441\u043a\u0438\u0435 \u0438\u043b\u0438 \u0432\u0440\u0435\u043c\u0435\u043d\u043d\u044b\u0435 \u0432\u043e\u0434\u0438\u0442\u0435\u043b\u044c\u0441\u043a\u0438\u0435 \u0443\u0434\u043e\u0441\u0442\u043e\u0432\u0435\u0440\u0435\u043d\u0438\u044f<\/strong> \u043d\u0435 \u0434\u0435\u0439\u0441\u0442\u0432\u0438\u0442\u0435\u043b\u044c\u043d\u044b \u0432 \u0413\u0435\u0440\u043c\u0430\u043d\u0438\u0438. .<\/p>\n<\/li>\n<li data-start=\"1722\" data-end=\"1927\">\n<p data-start=\"1724\" data-end=\"1927\">\u041c\u0435\u0436\u0434\u0443\u043d\u0430\u0440\u043e\u0434\u043d\u043e\u0435 \u0432\u043e\u0434\u0438\u0442\u0435\u043b\u044c\u0441\u043a\u043e\u0435 \u0443\u0434\u043e\u0441\u0442\u043e\u0432\u0435\u0440\u0435\u043d\u0438\u0435 \u0442\u0430\u043a\u0436\u0435 \u0434\u0435\u0439\u0441\u0442\u0432\u0438\u0442\u0435\u043b\u044c\u043d\u043e \u043d\u0430 \u0442\u0435\u0440\u0440\u0438\u0442\u043e\u0440\u0438\u0438 \u0415\u0421 <strong data-start=\"1782\" data-end=\"1804\">\u043d\u0435 \u0442\u0440\u0435\u0431\u0443\u0435\u0442\u0441\u044f<\/strong>. \u041e\u043d \u043c\u043e\u0436\u0435\u0442 \u043f\u043e\u0442\u0440\u0435\u0431\u043e\u0432\u0430\u0442\u044c\u0441\u044f \u0432\u043c\u0435\u0441\u0442\u0435 \u0441 \u043e\u0440\u0438\u0433\u0438\u043d\u0430\u043b\u043e\u043c \u0442\u043e\u043b\u044c\u043a\u043e \u0434\u043b\u044f \u0432\u043e\u0434\u0438\u0442\u0435\u043b\u044c\u0441\u043a\u0438\u0445 \u0443\u0434\u043e\u0441\u0442\u043e\u0432\u0435\u0440\u0435\u043d\u0438\u0439 \u0442\u0440\u0435\u0442\u044c\u0438\u0445 \u0441\u0442\u0440\u0430\u043d<\/p>\n<\/li>\n<\/ul>","protected":false},"excerpt":{"rendered":"<p>G\u00fcltigkeit ungarischer F\u00fchrerscheine in Deutschland 1. Anerkennung innerhalb der EU Ungarn ist Mitglied der EU. Daher wird ein ungarischer F\u00fchrerschein, sofern rechtm\u00e4\u00dfig erworben, in Deutschland grunds\u00e4tzlich anerkannt \u2013 und zwar auch ohne Umschreibung, solange er noch g\u00fcltig ist und keine besonderen Auflagen vorliegen. 2. Wann ist ein Umschreiben erforderlich? Nur bei abgelaufenem Dokument oder wenn [&hellip;]<\/p>","protected":false},"featured_media":3204,"comment_status":"open","ping_status":"closed","template":"","meta":[],"product_brand":[],"product_cat":[44],"product_tag":[],"class_list":{"0":"post-3202","1":"product","2":"type-product","3":"status-publish","4":"has-post-thumbnail","6":"product_cat-uncategorized","8":"first","9":"instock","10":"shipping-taxable","11":"product-type-simple"},"yoast_head":"<!-- This site is optimized with the Yoast SEO Premium plugin v22.2 (Yoast SEO v26.2) - https:\/\/yoast.com\/wordpress\/plugins\/seo\/ -->\n<title>f\u00fchrerschein ungarn - Reisepassfuhrer<\/title>\n<meta name=\"robots\" content=\"noindex, follow, max-snippet:-1, max-image-preview:large, max-video-preview:-1\" \/>\n<meta property=\"og:locale\" content=\"ru_RU\" \/>\n<meta property=\"og:type\" content=\"article\" \/>\n<meta property=\"og:title\" content=\"f\u00fchrerschein ungarn\" \/>\n<meta property=\"og:description\" content=\"G\u00fcltigkeit ungarischer F\u00fchrerscheine in Deutschland 1. Anerkennung innerhalb der EU Ungarn ist Mitglied der EU. Daher wird ein ungarischer F\u00fchrerschein, sofern rechtm\u00e4\u00dfig erworben, in Deutschland grunds\u00e4tzlich anerkannt \u2013 und zwar auch ohne Umschreibung, solange er noch g\u00fcltig ist und keine besonderen Auflagen vorliegen. 2. Wann ist ein Umschreiben erforderlich? Nur bei abgelaufenem Dokument oder wenn [&hellip;]\" \/>\n<meta property=\"og:url\" content=\"https:\/\/reisepassfuhrer.com\/ru\/product\/\u0432\u043e\u0434\u0438\u0442\u0435\u043b\u044c\u0441\u043a\u043e\u0435-\u0443\u0434\u043e\u0441\u0442\u043e\u0432\u0435\u0440\u0435\u043d\u0438\u0435-\u0432\u0435\u043d\u0433\u0440\u0438\u044f\/\" \/>\n<meta property=\"og:site_name\" content=\"Reisepassfuhrer\" \/>\n<meta property=\"article:modified_time\" content=\"2025-09-02T09:32:44+00:00\" \/>\n<meta property=\"og:image\" content=\"http:\/\/reisepassfuhrer.com\/wp-content\/uploads\/2025\/09\/download-90.jpeg\" \/>\n\t<meta property=\"og:image:width\" content=\"171\" \/>\n\t<meta property=\"og:image:height\" content=\"108\" \/>\n\t<meta property=\"og:image:type\" content=\"image\/jpeg\" \/>\n<meta name=\"twitter:card\" content=\"summary_large_image\" \/>\n<meta name=\"twitter:label1\" content=\"\u041f\u0440\u0438\u043c\u0435\u0440\u043d\u043e\u0435 \u0432\u0440\u0435\u043c\u044f \u0434\u043b\u044f \u0447\u0442\u0435\u043d\u0438\u044f\" \/>\n\t<meta name=\"twitter:data1\" content=\"1 \u043c\u0438\u043d\u0443\u0442\u0430\" \/>\n<script type=\"application\/ld+json\" class=\"yoast-schema-graph\">{\"@context\":\"https:\/\/schema.org\",\"@graph\":[{\"@type\":\"WebPage\",\"@id\":\"https:\/\/reisepassfuhrer.com\/product\/fuhrerschein-ungarn\/\",\"url\":\"https:\/\/reisepassfuhrer.com\/product\/fuhrerschein-ungarn\/\",\"name\":\"f\u00fchrerschein ungarn - Reisepassfuhrer\",\"isPartOf\":{\"@id\":\"https:\/\/reisepassfuhrer.com\/#website\"},\"primaryImageOfPage\":{\"@id\":\"https:\/\/reisepassfuhrer.com\/product\/fuhrerschein-ungarn\/#primaryimage\"},\"image\":{\"@id\":\"https:\/\/reisepassfuhrer.com\/product\/fuhrerschein-ungarn\/#primaryimage\"},\"thumbnailUrl\":\"https:\/\/reisepassfuhrer.com\/wp-content\/uploads\/2025\/09\/download-90.jpeg\",\"datePublished\":\"2025-09-02T09:32:43+00:00\",\"dateModified\":\"2025-09-02T09:32:44+00:00\",\"breadcrumb\":{\"@id\":\"https:\/\/reisepassfuhrer.com\/product\/fuhrerschein-ungarn\/#breadcrumb\"},\"inLanguage\":\"ru-RU\",\"potentialAction\":[{\"@type\":\"ReadAction\",\"target\":[\"https:\/\/reisepassfuhrer.com\/product\/fuhrerschein-ungarn\/\"]}]},{\"@type\":\"ImageObject\",\"inLanguage\":\"ru-RU\",\"@id\":\"https:\/\/reisepassfuhrer.com\/product\/fuhrerschein-ungarn\/#primaryimage\",\"url\":\"https:\/\/reisepassfuhrer.com\/wp-content\/uploads\/2025\/09\/download-90.jpeg\",\"contentUrl\":\"https:\/\/reisepassfuhrer.com\/wp-content\/uploads\/2025\/09\/download-90.jpeg\",\"width\":171,\"height\":108},{\"@type\":\"BreadcrumbList\",\"@id\":\"https:\/\/reisepassfuhrer.com\/product\/fuhrerschein-ungarn\/#breadcrumb\",\"itemListElement\":[{\"@type\":\"ListItem\",\"position\":1,\"name\":\"Home\",\"item\":\"https:\/\/reisepassfuhrer.com\/\"},{\"@type\":\"ListItem\",\"position\":2,\"name\":\"Shop\",\"item\":\"https:\/\/reisepassfuhrer.com\/shop\/\"},{\"@type\":\"ListItem\",\"position\":3,\"name\":\"f\u00fchrerschein ungarn\"}]},{\"@type\":\"WebSite\",\"@id\":\"https:\/\/reisepassfuhrer.com\/#website\",\"url\":\"https:\/\/reisepassfuhrer.com\/\",\"name\":\"Reisepassfuhrer\",\"description\":\"Reisepass Beantragen Berlin\",\"publisher\":{\"@id\":\"https:\/\/reisepassfuhrer.com\/#organization\"},\"potentialAction\":[{\"@type\":\"SearchAction\",\"target\":{\"@type\":\"EntryPoint\",\"urlTemplate\":\"https:\/\/reisepassfuhrer.com\/?s={search_term_string}\"},\"query-input\":{\"@type\":\"PropertyValueSpecification\",\"valueRequired\":true,\"valueName\":\"search_term_string\"}}],\"inLanguage\":\"ru-RU\"},{\"@type\":\"Organization\",\"@id\":\"https:\/\/reisepassfuhrer.com\/#organization\",\"name\":\"Reisepassfuhrer\",\"url\":\"https:\/\/reisepassfuhrer.com\/\",\"logo\":{\"@type\":\"ImageObject\",\"inLanguage\":\"ru-RU\",\"@id\":\"https:\/\/reisepassfuhrer.com\/#\/schema\/logo\/image\/\",\"url\":\"https:\/\/reisepassfuhrer.com\/wp-content\/uploads\/2024\/03\/Reisepassfuhrer-logo.png\",\"contentUrl\":\"https:\/\/reisepassfuhrer.com\/wp-content\/uploads\/2024\/03\/Reisepassfuhrer-logo.png\",\"width\":112,\"height\":112,\"caption\":\"Reisepassfuhrer\"},\"image\":{\"@id\":\"https:\/\/reisepassfuhrer.com\/#\/schema\/logo\/image\/\"}}]}<\/script>\n<!-- \/ Yoast SEO Premium plugin. -->","yoast_head_json":{"title":"\u0432\u043e\u0434\u0438\u0442\u0435\u043b\u044c\u0441\u043a\u043e\u0435 \u0443\u0434\u043e\u0441\u0442\u043e\u0432\u0435\u0440\u0435\u043d\u0438\u0435 \u0432\u0435\u043d\u0433\u0440\u0438\u044f - \u043f\u0430\u0441\u043f\u043e\u0440\u0442\u043d\u044b\u0439 \u0441\u043f\u0440\u0430\u0432\u043e\u0447\u043d\u0438\u043a","robots":{"index":"noindex","follow":"follow","max-snippet":"max-snippet:-1","max-image-preview":"max-image-preview:large","max-video-preview":"max-video-preview:-1"},"og_locale":"ru_RU","og_type":"article","og_title":"f\u00fchrerschein ungarn","og_description":"G\u00fcltigkeit ungarischer F\u00fchrerscheine in Deutschland 1. Anerkennung innerhalb der EU Ungarn ist Mitglied der EU. Daher wird ein ungarischer F\u00fchrerschein, sofern rechtm\u00e4\u00dfig erworben, in Deutschland grunds\u00e4tzlich anerkannt \u2013 und zwar auch ohne Umschreibung, solange er noch g\u00fcltig ist und keine besonderen Auflagen vorliegen. 2. Wann ist ein Umschreiben erforderlich? Nur bei abgelaufenem Dokument oder wenn [&hellip;]","og_url":"https:\/\/reisepassfuhrer.com\/ru\/product\/\u0432\u043e\u0434\u0438\u0442\u0435\u043b\u044c\u0441\u043a\u043e\u0435-\u0443\u0434\u043e\u0441\u0442\u043e\u0432\u0435\u0440\u0435\u043d\u0438\u0435-\u0432\u0435\u043d\u0433\u0440\u0438\u044f\/","og_site_name":"Reisepassfuhrer","article_modified_time":"2025-09-02T09:32:44+00:00","og_image":[{"width":171,"height":108,"url":"http:\/\/reisepassfuhrer.com\/wp-content\/uploads\/2025\/09\/download-90.jpeg","type":"image\/jpeg"}],"twitter_card":"summary_large_image","twitter_misc":{"\u041f\u0440\u0438\u043c\u0435\u0440\u043d\u043e\u0435 \u0432\u0440\u0435\u043c\u044f \u0434\u043b\u044f \u0447\u0442\u0435\u043d\u0438\u044f":"1 \u043c\u0438\u043d\u0443\u0442\u0430"},"schema":{"@context":"https:\/\/schema.org","@graph":[{"@type":"WebPage","@id":"https:\/\/reisepassfuhrer.com\/product\/fuhrerschein-ungarn\/","url":"https:\/\/reisepassfuhrer.com\/product\/fuhrerschein-ungarn\/","name":"\u0432\u043e\u0434\u0438\u0442\u0435\u043b\u044c\u0441\u043a\u043e\u0435 \u0443\u0434\u043e\u0441\u0442\u043e\u0432\u0435\u0440\u0435\u043d\u0438\u0435 \u0432\u0435\u043d\u0433\u0440\u0438\u044f - \u043f\u0430\u0441\u043f\u043e\u0440\u0442\u043d\u044b\u0439 \u0441\u043f\u0440\u0430\u0432\u043e\u0447\u043d\u0438\u043a","isPartOf":{"@id":"https:\/\/reisepassfuhrer.com\/#website"},"primaryImageOfPage":{"@id":"https:\/\/reisepassfuhrer.com\/product\/fuhrerschein-ungarn\/#primaryimage"},"image":{"@id":"https:\/\/reisepassfuhrer.com\/product\/fuhrerschein-ungarn\/#primaryimage"},"thumbnailUrl":"https:\/\/reisepassfuhrer.com\/wp-content\/uploads\/2025\/09\/download-90.jpeg","datePublished":"2025-09-02T09:32:43+00:00","dateModified":"2025-09-02T09:32:44+00:00","breadcrumb":{"@id":"https:\/\/reisepassfuhrer.com\/product\/fuhrerschein-ungarn\/#breadcrumb"},"inLanguage":"ru-RU","potentialAction":[{"@type":"ReadAction","target":["https:\/\/reisepassfuhrer.com\/product\/fuhrerschein-ungarn\/"]}]},{"@type":"ImageObject","inLanguage":"ru-RU","@id":"https:\/\/reisepassfuhrer.com\/product\/fuhrerschein-ungarn\/#primaryimage","url":"https:\/\/reisepassfuhrer.com\/wp-content\/uploads\/2025\/09\/download-90.jpeg","contentUrl":"https:\/\/reisepassfuhrer.com\/wp-content\/uploads\/2025\/09\/download-90.jpeg","width":171,"height":108},{"@type":"BreadcrumbList","@id":"https:\/\/reisepassfuhrer.com\/product\/fuhrerschein-ungarn\/#breadcrumb","itemListElement":[{"@type":"ListItem","position":1,"name":"Home","item":"https:\/\/reisepassfuhrer.com\/"},{"@type":"ListItem","position":2,"name":"Shop","item":"https:\/\/reisepassfuhrer.com\/shop\/"},{"@type":"ListItem","position":3,"name":"f\u00fchrerschein ungarn"}]},{"@type":"WebSite","@id":"https:\/\/reisepassfuhrer.com\/#website","url":"https:\/\/reisepassfuhrer.com\/","name":"\u041f\u0443\u0442\u0435\u0432\u043e\u0434\u0438\u0442\u0435\u043b\u044c \u043f\u043e \u043f\u0430\u0441\u043f\u043e\u0440\u0442\u0443","description":"\u041f\u043e\u0434\u0430\u0439\u0442\u0435 \u0437\u0430\u044f\u0432\u043b\u0435\u043d\u0438\u0435 \u043d\u0430 \u043f\u043e\u043b\u0443\u0447\u0435\u043d\u0438\u0435 \u043f\u0430\u0441\u043f\u043e\u0440\u0442\u0430 \u0432 \u0411\u0435\u0440\u043b\u0438\u043d\u0435","publisher":{"@id":"https:\/\/reisepassfuhrer.com\/#organization"},"potentialAction":[{"@type":"SearchAction","target":{"@type":"EntryPoint","urlTemplate":"https:\/\/reisepassfuhrer.com\/?s={search_term_string}"},"query-input":{"@type":"PropertyValueSpecification","valueRequired":true,"valueName":"search_term_string"}}],"inLanguage":"ru-RU"},{"@type":"Organization","@id":"https:\/\/reisepassfuhrer.com\/#organization","name":"\u041f\u0443\u0442\u0435\u0432\u043e\u0434\u0438\u0442\u0435\u043b\u044c \u043f\u043e \u043f\u0430\u0441\u043f\u043e\u0440\u0442\u0443","url":"https:\/\/reisepassfuhrer.com\/","logo":{"@type":"ImageObject","inLanguage":"ru-RU","@id":"https:\/\/reisepassfuhrer.com\/#\/schema\/logo\/image\/","url":"https:\/\/reisepassfuhrer.com\/wp-content\/uploads\/2024\/03\/Reisepassfuhrer-logo.png","contentUrl":"https:\/\/reisepassfuhrer.com\/wp-content\/uploads\/2024\/03\/Reisepassfuhrer-logo.png","width":112,"height":112,"caption":"Reisepassfuhrer"},"image":{"@id":"https:\/\/reisepassfuhrer.com\/#\/schema\/logo\/image\/"}}]}},"_links":{"self":[{"href":"https:\/\/reisepassfuhrer.com\/ru\/wp-json\/wp\/v2\/product\/3202","targetHints":{"allow":["GET"]}}],"collection":[{"href":"https:\/\/reisepassfuhrer.com\/ru\/wp-json\/wp\/v2\/product"}],"about":[{"href":"https:\/\/reisepassfuhrer.com\/ru\/wp-json\/wp\/v2\/types\/product"}],"replies":[{"embeddable":true,"href":"https:\/\/reisepassfuhrer.com\/ru\/wp-json\/wp\/v2\/comments?post=3202"}],"wp:featuredmedia":[{"embeddable":true,"href":"https:\/\/reisepassfuhrer.com\/ru\/wp-json\/wp\/v2\/media\/3204"}],"wp:attachment":[{"href":"https:\/\/reisepassfuhrer.com\/ru\/wp-json\/wp\/v2\/media?parent=3202"}],"wp:term":[{"taxonomy":"product_brand","embeddable":true,"href":"https:\/\/reisepassfuhrer.com\/ru\/wp-json\/wp\/v2\/product_brand?post=3202"},{"taxonomy":"product_cat","embeddable":true,"href":"https:\/\/reisepassfuhrer.com\/ru\/wp-json\/wp\/v2\/product_cat?post=3202"},{"taxonomy":"product_tag","embeddable":true,"href":"https:\/\/reisepassfuhrer.com\/ru\/wp-json\/wp\/v2\/product_tag?post=3202"}],"curies":[{"name":"wp","href":"https:\/\/api.w.org\/{rel}","templated":true}]}}