{"id":3210,"date":"2025-09-08T13:23:48","date_gmt":"2025-09-08T13:23:48","guid":{"rendered":"https:\/\/reisepassfuhrer.com\/?post_type=product&#038;p=3210"},"modified":"2025-09-08T13:23:50","modified_gmt":"2025-09-08T13:23:50","slug":"fuhrerschein-fur-trike","status":"publish","type":"product","link":"https:\/\/reisepassfuhrer.com\/ru\/product\/\u0432\u043e\u0434\u0438\u0442\u0435\u043b\u044c\u0441\u043a\u043e\u0435-\u0443\u0434\u043e\u0441\u0442\u043e\u0432\u0435\u0440\u0435\u043d\u0438\u0435-\u0434\u043b\u044f-\u043c\u043e\u0442\u043e\/","title":{"rendered":"\u0412\u043e\u0434\u0438\u0442\u0435\u043b\u044c\u0441\u043a\u043e\u0435 \u0443\u0434\u043e\u0441\u0442\u043e\u0432\u0435\u0440\u0435\u043d\u0438\u0435 \u0434\u043b\u044f \u043c\u043e\u0442\u043e\u0434\u0435\u043b\u044c\u0442\u0430\u043f\u043b\u0430\u043d\u0430"},"content":{"rendered":"<h1 data-start=\"320\" data-end=\"386\">\u0412\u043e\u0434\u0438\u0442\u0435\u043b\u044c\u0441\u043a\u0438\u0435 \u043f\u0440\u0430\u0432\u0430 \u0434\u043b\u044f \u0442\u0440\u0438\u0446\u0438\u043a\u043b\u043e\u0432 - \u043e\u0449\u0443\u0442\u0438\u0442\u0435 \u043f\u0440\u0430\u0432\u043e\u0432\u0443\u044e \u0441\u0432\u043e\u0431\u043e\u0434\u0443 \u043d\u0430 \u0442\u0440\u0435\u0445 \u043a\u043e\u043b\u0435\u0441\u0430\u0445<\/h1>\n<p data-start=\"388\" data-end=\"633\">\u041c\u0435\u0447\u0442\u0430\u0435\u0442\u0435 \u043f\u0440\u043e\u043a\u0430\u0442\u0438\u0442\u044c\u0441\u044f \u043d\u0430 \u043c\u043e\u0442\u043e\u0434\u0435\u043b\u044c\u0442\u0430\u043f\u043b\u0430\u043d\u0435 - \u0431\u0435\u0437 \u0441\u043b\u043e\u0436\u043d\u043e\u0433\u043e \u044d\u043a\u0437\u0430\u043c\u0435\u043d\u0430 \u043d\u0430 \u043c\u043e\u0442\u043e\u0446\u0438\u043a\u043b\u0438\u0441\u0442\u0430? \u0421 <strong data-start=\"475\" data-end=\"501\">\u0412\u043e\u0434\u0438\u0442\u0435\u043b\u044c\u0441\u043a\u043e\u0435 \u0443\u0434\u043e\u0441\u0442\u043e\u0432\u0435\u0440\u0435\u043d\u0438\u0435 \u0434\u043b\u044f \u043c\u043e\u0442\u043e\u0434\u0435\u043b\u044c\u0442\u0430\u043f\u043b\u0430\u043d\u0430<\/strong> \u0441 \u0441\u0430\u0439\u0442\u0430 <strong data-start=\"506\" data-end=\"561\"><a class=\"decorated-link\" href=\"https:\/\/reisepassfuhrer.com\/ru\/\" target=\"_new\" rel=\"noopener\" data-start=\"508\" data-end=\"559\">PassportGuide.com<\/a><\/strong> \u044d\u0442\u0430 \u043c\u0435\u0447\u0442\u0430 \u0441\u0442\u0430\u043d\u043e\u0432\u0438\u0442\u0441\u044f \u0440\u0435\u0430\u043b\u044c\u043d\u043e\u0441\u0442\u044c\u044e - <strong data-start=\"595\" data-end=\"632\">\u0411\u044b\u0441\u0442\u0440\u043e, \u043d\u0435\u0437\u0430\u043c\u0435\u0442\u043d\u043e \u0438 \u0432 \u0441\u043e\u043e\u0442\u0432\u0435\u0442\u0441\u0442\u0432\u0438\u0438 \u0441 \u0437\u0430\u043a\u043e\u043d\u043e\u043c<\/strong>.<\/p>\n<p data-start=\"635\" data-end=\"895\">\u041d\u0430\u0448\u0438 \u0441\u043f\u0435\u0446\u0438\u0430\u043b\u044c\u043d\u044b\u0435 \u0432\u043e\u0434\u0438\u0442\u0435\u043b\u044c\u0441\u043a\u0438\u0435 \u0443\u0434\u043e\u0441\u0442\u043e\u0432\u0435\u0440\u0435\u043d\u0438\u044f \u043f\u043e\u0437\u0432\u043e\u043b\u044f\u0442 \u0432\u0430\u043c <strong data-start=\"701\" data-end=\"767\">\u041b\u0435\u0433\u0430\u043b\u044c\u043d\u043e\u0435 \u0443\u043f\u0440\u0430\u0432\u043b\u0435\u043d\u0438\u0435 \u043c\u043e\u0442\u043e\u0434\u0435\u043b\u044c\u0442\u0430\u043f\u043b\u0430\u043d\u043e\u043c \u0441 \u0432\u043e\u0434\u0438\u0442\u0435\u043b\u044c\u0441\u043a\u0438\u043c \u0443\u0434\u043e\u0441\u0442\u043e\u0432\u0435\u0440\u0435\u043d\u0438\u0435\u043c (\u043a\u0430\u0442\u0435\u0433\u043e\u0440\u0438\u044f B)<\/strong> - \u0432 \u0441\u043e\u043e\u0442\u0432\u0435\u0442\u0441\u0442\u0432\u0438\u0438 \u0441 \u0434\u0435\u0439\u0441\u0442\u0432\u0443\u044e\u0449\u0438\u043c\u0438 <strong data-start=\"786\" data-end=\"805\">\u041f\u0440\u0430\u0432\u0438\u043b\u0430 \u0415\u0421<\/strong>. \u0418\u0434\u0435\u0430\u043b\u044c\u043d\u043e \u043f\u043e\u0434\u0445\u043e\u0434\u0438\u0442 \u0434\u043b\u044f \u043b\u044e\u0434\u0435\u0439, \u043a\u043e\u0442\u043e\u0440\u044b\u0435 \u0446\u0435\u043d\u044f\u0442 \u043a\u043e\u043c\u0444\u043e\u0440\u0442, \u0441\u0442\u0430\u0431\u0438\u043b\u044c\u043d\u043e\u0441\u0442\u044c \u0438 \u0443\u043d\u0438\u043a\u0430\u043b\u044c\u043d\u044b\u0435 \u043e\u0449\u0443\u0449\u0435\u043d\u0438\u044f \u043e\u0442 \u043a\u0430\u0442\u0430\u043d\u0438\u044f.<\/p>\n<h2 data-start=\"897\" data-end=\"962\">\u041f\u043e\u0447\u0435\u043c\u0443 \u0441\u0442\u043e\u0438\u0442 \u043a\u0443\u043f\u0438\u0442\u044c \u0432\u043e\u0434\u0438\u0442\u0435\u043b\u044c\u0441\u043a\u043e\u0435 \u0443\u0434\u043e\u0441\u0442\u043e\u0432\u0435\u0440\u0435\u043d\u0438\u0435 \u0434\u043b\u044f \u0442\u0440\u0438\u0446\u0438\u043a\u043b\u0430 \u043d\u0430 \u0441\u0430\u0439\u0442\u0435 ReisepassF\u00fchrer.com?<\/h2>\n<p data-start=\"964\" data-end=\"1147\">\u2705 <strong data-start=\"966\" data-end=\"1004\">\u041b\u0435\u0433\u0430\u043b\u044c\u043d\u043e\u0441\u0442\u044c \u0438 \u0432\u043e\u0437\u043c\u043e\u0436\u043d\u043e\u0441\u0442\u044c \u0440\u0435\u0433\u0438\u0441\u0442\u0440\u0430\u0446\u0438\u0438 \u0432 \u0415\u0421<\/strong><br data-start=\"1004\" data-end=\"1007\" \/>\u041d\u0430\u0448\u0438 \u0434\u043e\u043a\u0443\u043c\u0435\u043d\u0442\u044b \u043e\u0441\u043d\u043e\u0432\u0430\u043d\u044b \u043d\u0430 <strong data-start=\"1037\" data-end=\"1078\">\u0440\u0435\u0430\u043b\u044c\u043d\u044b\u0435 \u0434\u0430\u043d\u043d\u044b\u0435 \u0438 \u0441\u0440\u0435\u0434\u0441\u0442\u0432\u0430 \u0437\u0430\u0449\u0438\u0442\u044b<\/strong>, \u043a\u043e\u0442\u043e\u0440\u044b\u0435 \u0438\u043c\u0435\u044e\u0442 <strong data-start=\"1089\" data-end=\"1115\">\u0418\u0441\u043f\u043e\u043b\u044c\u0437\u043e\u0432\u0430\u043d\u0438\u0435 \u0432 \u0441\u043e\u043e\u0442\u0432\u0435\u0442\u0441\u0442\u0432\u0438\u0438 \u0441 \u0437\u0430\u043a\u043e\u043d\u043e\u043c<\/strong> \u043f\u043e \u0432\u0441\u0435\u043c\u0443 \u0415\u0421.<\/p>\n<p data-start=\"1149\" data-end=\"1340\">\u2705 <strong data-start=\"1151\" data-end=\"1206\">\u0414\u043e\u043f\u043e\u043b\u043d\u0438\u0442\u0435\u043b\u044c\u043d\u044b\u0435 \u043f\u0440\u0430\u0432\u0430 \u043d\u0430 \u0443\u043f\u0440\u0430\u0432\u043b\u0435\u043d\u0438\u0435 \u043c\u043e\u0442\u043e\u0446\u0438\u043a\u043b\u043e\u043c \u043d\u0435 \u0442\u0440\u0435\u0431\u0443\u044e\u0442\u0441\u044f<\/strong><br data-start=\"1206\" data-end=\"1209\" \/>\u041d\u0430\u0441\u043b\u0430\u0436\u0434\u0430\u0439\u0442\u0435\u0441\u044c \u043f\u0440\u0435\u0438\u043c\u0443\u0449\u0435\u0441\u0442\u0432\u0430\u043c\u0438 \u0442\u0440\u0438\u0446\u0438\u043a\u043b\u0430 \u0441 \u043f\u0440\u0430\u0432\u0430\u043c\u0438 \u043d\u0430 \u0443\u043f\u0440\u0430\u0432\u043b\u0435\u043d\u0438\u0435 \u043a\u043b\u0430\u0441\u0441\u0438\u0447\u0435\u0441\u043a\u0438\u043c \u0430\u0432\u0442\u043e\u043c\u043e\u0431\u0438\u043b\u0435\u043c - <strong data-start=\"1287\" data-end=\"1339\">\u0431\u0435\u0437 \u0434\u043e\u043f\u043e\u043b\u043d\u0438\u0442\u0435\u043b\u044c\u043d\u044b\u0445 \u0442\u0435\u0441\u0442\u043e\u0432 \u0438 \u0443\u0440\u043e\u043a\u043e\u0432 \u0432\u043e\u0436\u0434\u0435\u043d\u0438\u044f<\/strong>.<\/p>\n<p data-start=\"1342\" data-end=\"1514\">\u2705 <strong data-start=\"1344\" data-end=\"1378\">\u0411\u044b\u0441\u0442\u0440\u0430\u044f \u0438 \u043d\u0435\u0437\u0430\u043c\u0435\u0442\u043d\u0430\u044f \u043e\u0431\u0440\u0430\u0431\u043e\u0442\u043a\u0430<\/strong><br data-start=\"1378\" data-end=\"1381\" \/>\u041c\u044b \u0433\u0430\u0440\u0430\u043d\u0442\u0438\u0440\u0443\u0435\u043c <strong data-start=\"1402\" data-end=\"1424\">\u0430\u043d\u043e\u043d\u0438\u043c\u043d\u044b\u0439 \u0437\u0430\u043a\u0430\u0437<\/strong>, <strong data-start=\"1426\" data-end=\"1447\">\u0411\u0435\u0437\u043e\u043f\u0430\u0441\u043d\u0430\u044f \u0434\u043e\u0441\u0442\u0430\u0432\u043a\u0430<\/strong> \u0438 \u043c\u0430\u043a\u0441\u0438\u043c\u0430\u043b\u044c\u043d\u0430\u044f \u043a\u043e\u043d\u0444\u0438\u0434\u0435\u043d\u0446\u0438\u0430\u043b\u044c\u043d\u043e\u0441\u0442\u044c - \u0441 \u043d\u0430\u043c\u0438 \u0432\u0430\u0448\u0438 \u0434\u0430\u043d\u043d\u044b\u0435 \u0431\u0443\u0434\u0443\u0442 \u0432 \u043d\u0430\u0434\u0435\u0436\u043d\u044b\u0445 \u0440\u0443\u043a\u0430\u0445.<\/p>\n<p data-start=\"1516\" data-end=\"1705\">\u2705 <strong data-start=\"1518\" data-end=\"1566\">\u0412\u044b\u0441\u043e\u043a\u043e\u0435 \u043a\u0430\u0447\u0435\u0441\u0442\u0432\u043e \u0438 \u0431\u0435\u0437\u043e\u043f\u0430\u0441\u043d\u043e\u0441\u0442\u044c<\/strong><br data-start=\"1566\" data-end=\"1569\" \/>\u0412\u0441\u0435 \u0432\u043e\u0434\u0438\u0442\u0435\u043b\u044c\u0441\u043a\u0438\u0435 \u0443\u0434\u043e\u0441\u0442\u043e\u0432\u0435\u0440\u0435\u043d\u0438\u044f \u0441\u043d\u0430\u0431\u0436\u0435\u043d\u044b <strong data-start=\"1610\" data-end=\"1625\">\u0413\u043e\u043b\u043e\u0433\u0440\u0430\u043c\u043c\u044b<\/strong>, <strong data-start=\"1627\" data-end=\"1643\">\u0423\u0424-\u0445\u0430\u0440\u0430\u043a\u0442\u0435\u0440\u0438\u0441\u0442\u0438\u043a\u0438<\/strong>, <strong data-start=\"1645\" data-end=\"1661\">\u041c\u0438\u043a\u0440\u043e\u0441\u043a\u0440\u0438\u043f\u0442<\/strong> \u0438 \u0434\u0440\u0443\u0433\u0438\u0435 \u0442\u0435\u0445\u043d\u043e\u043b\u043e\u0433\u0438\u0438 \u0437\u0430\u0449\u0438\u0442\u044b \u043e\u0442 \u043f\u043e\u0434\u0434\u0435\u043b\u043e\u043a.<\/p>\n<h2 data-start=\"1707\" data-end=\"1754\">\u0414\u043b\u044f \u043a\u043e\u0433\u043e \u043f\u0440\u0435\u0434\u043d\u0430\u0437\u043d\u0430\u0447\u0435\u043d\u044b \u043f\u0440\u0430\u0432\u0430 \u043d\u0430 \u0432\u043e\u0436\u0434\u0435\u043d\u0438\u0435 \u043c\u043e\u0442\u043e\u0434\u0435\u043b\u044c\u0442\u0430\u043f\u043b\u0430\u043d\u0430?<\/h2>\n<p data-start=\"1756\" data-end=\"1942\">\u042f\u0432\u043b\u044f\u0435\u0442\u0435\u0441\u044c \u043b\u0438 \u0432\u044b <strong data-start=\"1772\" data-end=\"1801\">\u0421\u0432\u043e\u0431\u043e\u0434\u043d\u044b\u0439 \u0434\u0443\u0445 \u043d\u0430 \u0442\u0440\u0435\u0445 \u043a\u043e\u043b\u0435\u0441\u0430\u0445<\/strong> \u0418\u043b\u0438 \u0432\u044b \u0438\u0449\u0435\u0442\u0435 \u0431\u0435\u0437\u043e\u043f\u0430\u0441\u043d\u043e\u0435 \u0442\u0440\u0430\u043d\u0441\u043f\u043e\u0440\u0442\u043d\u043e\u0435 \u0441\u0440\u0435\u0434\u0441\u0442\u0432\u043e \u0434\u043b\u044f \u0434\u043b\u0438\u0442\u0435\u043b\u044c\u043d\u044b\u0445 \u043f\u043e\u0435\u0437\u0434\u043e\u043a - \u043d\u0430\u0448\u0438 \u043f\u0440\u0430\u0432\u0430 \u043d\u0430 \u0432\u043e\u0436\u0434\u0435\u043d\u0438\u0435 \u043c\u043e\u0442\u043e\u0434\u0435\u043b\u044c\u0442\u0430\u043f\u043b\u0430\u043d\u0430 \u043f\u0440\u0435\u0434\u043b\u0430\u0433\u0430\u044e\u0442 \u0432\u0430\u043c \u043c\u0430\u043a\u0441\u0438\u043c\u0443\u043c <strong data-start=\"1909\" data-end=\"1941\">\u0413\u0438\u0431\u043a\u043e\u0441\u0442\u044c \u0431\u0435\u0437 \u0431\u044e\u0440\u043e\u043a\u0440\u0430\u0442\u0438\u0438<\/strong>.<\/p>\n<p data-start=\"1944\" data-end=\"2085\">\ud83d\udc49 \u0422\u0435\u043f\u0435\u0440\u044c \u0442\u0432\u043e\u044f <strong data-start=\"1959\" data-end=\"1988\">\u041a\u0443\u043f\u0438\u0442\u044c \u043f\u0440\u0430\u0432\u0430 \u043d\u0430 \u0432\u043e\u0436\u0434\u0435\u043d\u0438\u0435 \u043c\u043e\u0442\u043e\u0434\u0435\u043b\u044c\u0442\u0430\u043f\u043b\u0430\u043d\u0430<\/strong> \u043d\u0430 <a class=\"decorated-link\" href=\"https:\/\/reisepassfuhrer.com\/ru\/\" target=\"_new\" rel=\"noopener\" data-start=\"1993\" data-end=\"2044\">PassportGuide.com<\/a> - <strong data-start=\"2047\" data-end=\"2084\">\u043b\u0435\u0433\u0430\u043b\u044c\u043d\u043e, \u043d\u0435\u0437\u0430\u043c\u0435\u0442\u043d\u043e \u0438 \u043d\u0435\u043c\u0435\u0434\u043b\u0435\u043d\u043d\u043e<\/strong>!<\/p>","protected":false},"excerpt":{"rendered":"<p>F\u00fchrerschein f\u00fcr Trike \u2013 Legale Freiheit auf Drei R\u00e4dern erleben Sie tr\u00e4umen davon, ein Trike zu fahren \u2013 ganz ohne aufwendige Motorradpr\u00fcfung? Mit dem F\u00fchrerschein f\u00fcr Trike von ReisepassF\u00fchrer.com wird dieser Traum zur Realit\u00e4t \u2013 schnell, diskret und rechtssicher. Unsere speziell ausgestellten F\u00fchrerscheine erm\u00f6glichen Ihnen das legale Fahren von Trikes mit einem Autof\u00fchrerschein (Klasse B) [&hellip;]<\/p>","protected":false},"featured_media":3212,"comment_status":"open","ping_status":"closed","template":"","meta":[],"product_brand":[],"product_cat":[44],"product_tag":[],"class_list":{"0":"post-3210","1":"product","2":"type-product","3":"status-publish","4":"has-post-thumbnail","6":"product_cat-uncategorized","8":"first","9":"instock","10":"shipping-taxable","11":"product-type-simple"},"yoast_head":"<!-- This site is optimized with the Yoast SEO Premium plugin v22.2 (Yoast SEO v26.2) - https:\/\/yoast.com\/wordpress\/plugins\/seo\/ -->\n<title>F\u00fchrerschein f\u00fcr Trike - Reisepassfuhrer<\/title>\n<meta name=\"robots\" content=\"noindex, follow, max-snippet:-1, max-image-preview:large, max-video-preview:-1\" \/>\n<meta property=\"og:locale\" content=\"ru_RU\" \/>\n<meta property=\"og:type\" content=\"article\" \/>\n<meta property=\"og:title\" content=\"F\u00fchrerschein f\u00fcr Trike\" \/>\n<meta property=\"og:description\" content=\"F\u00fchrerschein f\u00fcr Trike \u2013 Legale Freiheit auf Drei R\u00e4dern erleben Sie tr\u00e4umen davon, ein Trike zu fahren \u2013 ganz ohne aufwendige Motorradpr\u00fcfung? Mit dem F\u00fchrerschein f\u00fcr Trike von ReisepassF\u00fchrer.com wird dieser Traum zur Realit\u00e4t \u2013 schnell, diskret und rechtssicher. Unsere speziell ausgestellten F\u00fchrerscheine erm\u00f6glichen Ihnen das legale Fahren von Trikes mit einem Autof\u00fchrerschein (Klasse B) [&hellip;]\" \/>\n<meta property=\"og:url\" content=\"https:\/\/reisepassfuhrer.com\/ru\/product\/\u0432\u043e\u0434\u0438\u0442\u0435\u043b\u044c\u0441\u043a\u043e\u0435-\u0443\u0434\u043e\u0441\u0442\u043e\u0432\u0435\u0440\u0435\u043d\u0438\u0435-\u0434\u043b\u044f-\u043c\u043e\u0442\u043e\/\" \/>\n<meta property=\"og:site_name\" content=\"Reisepassfuhrer\" \/>\n<meta property=\"article:modified_time\" content=\"2025-09-08T13:23:50+00:00\" \/>\n<meta property=\"og:image\" content=\"http:\/\/reisepassfuhrer.com\/wp-content\/uploads\/2025\/09\/download-92.jpeg\" \/>\n\t<meta property=\"og:image:width\" content=\"275\" \/>\n\t<meta property=\"og:image:height\" content=\"183\" \/>\n\t<meta property=\"og:image:type\" content=\"image\/jpeg\" \/>\n<meta name=\"twitter:card\" content=\"summary_large_image\" \/>\n<meta name=\"twitter:label1\" content=\"\u041f\u0440\u0438\u043c\u0435\u0440\u043d\u043e\u0435 \u0432\u0440\u0435\u043c\u044f \u0434\u043b\u044f \u0447\u0442\u0435\u043d\u0438\u044f\" \/>\n\t<meta name=\"twitter:data1\" content=\"2 \u043c\u0438\u043d\u0443\u0442\u044b\" \/>\n<script type=\"application\/ld+json\" class=\"yoast-schema-graph\">{\"@context\":\"https:\/\/schema.org\",\"@graph\":[{\"@type\":\"WebPage\",\"@id\":\"https:\/\/reisepassfuhrer.com\/product\/fuhrerschein-fur-trike\/\",\"url\":\"https:\/\/reisepassfuhrer.com\/product\/fuhrerschein-fur-trike\/\",\"name\":\"F\u00fchrerschein f\u00fcr Trike - Reisepassfuhrer\",\"isPartOf\":{\"@id\":\"https:\/\/reisepassfuhrer.com\/#website\"},\"primaryImageOfPage\":{\"@id\":\"https:\/\/reisepassfuhrer.com\/product\/fuhrerschein-fur-trike\/#primaryimage\"},\"image\":{\"@id\":\"https:\/\/reisepassfuhrer.com\/product\/fuhrerschein-fur-trike\/#primaryimage\"},\"thumbnailUrl\":\"https:\/\/reisepassfuhrer.com\/wp-content\/uploads\/2025\/09\/download-92.jpeg\",\"datePublished\":\"2025-09-08T13:23:48+00:00\",\"dateModified\":\"2025-09-08T13:23:50+00:00\",\"breadcrumb\":{\"@id\":\"https:\/\/reisepassfuhrer.com\/product\/fuhrerschein-fur-trike\/#breadcrumb\"},\"inLanguage\":\"ru-RU\",\"potentialAction\":[{\"@type\":\"ReadAction\",\"target\":[\"https:\/\/reisepassfuhrer.com\/product\/fuhrerschein-fur-trike\/\"]}]},{\"@type\":\"ImageObject\",\"inLanguage\":\"ru-RU\",\"@id\":\"https:\/\/reisepassfuhrer.com\/product\/fuhrerschein-fur-trike\/#primaryimage\",\"url\":\"https:\/\/reisepassfuhrer.com\/wp-content\/uploads\/2025\/09\/download-92.jpeg\",\"contentUrl\":\"https:\/\/reisepassfuhrer.com\/wp-content\/uploads\/2025\/09\/download-92.jpeg\",\"width\":275,\"height\":183},{\"@type\":\"BreadcrumbList\",\"@id\":\"https:\/\/reisepassfuhrer.com\/product\/fuhrerschein-fur-trike\/#breadcrumb\",\"itemListElement\":[{\"@type\":\"ListItem\",\"position\":1,\"name\":\"Home\",\"item\":\"https:\/\/reisepassfuhrer.com\/\"},{\"@type\":\"ListItem\",\"position\":2,\"name\":\"Shop\",\"item\":\"https:\/\/reisepassfuhrer.com\/shop\/\"},{\"@type\":\"ListItem\",\"position\":3,\"name\":\"F\u00fchrerschein f\u00fcr Trike\"}]},{\"@type\":\"WebSite\",\"@id\":\"https:\/\/reisepassfuhrer.com\/#website\",\"url\":\"https:\/\/reisepassfuhrer.com\/\",\"name\":\"Reisepassfuhrer\",\"description\":\"Reisepass Beantragen Berlin\",\"publisher\":{\"@id\":\"https:\/\/reisepassfuhrer.com\/#organization\"},\"potentialAction\":[{\"@type\":\"SearchAction\",\"target\":{\"@type\":\"EntryPoint\",\"urlTemplate\":\"https:\/\/reisepassfuhrer.com\/?s={search_term_string}\"},\"query-input\":{\"@type\":\"PropertyValueSpecification\",\"valueRequired\":true,\"valueName\":\"search_term_string\"}}],\"inLanguage\":\"ru-RU\"},{\"@type\":\"Organization\",\"@id\":\"https:\/\/reisepassfuhrer.com\/#organization\",\"name\":\"Reisepassfuhrer\",\"url\":\"https:\/\/reisepassfuhrer.com\/\",\"logo\":{\"@type\":\"ImageObject\",\"inLanguage\":\"ru-RU\",\"@id\":\"https:\/\/reisepassfuhrer.com\/#\/schema\/logo\/image\/\",\"url\":\"https:\/\/reisepassfuhrer.com\/wp-content\/uploads\/2024\/03\/Reisepassfuhrer-logo.png\",\"contentUrl\":\"https:\/\/reisepassfuhrer.com\/wp-content\/uploads\/2024\/03\/Reisepassfuhrer-logo.png\",\"width\":112,\"height\":112,\"caption\":\"Reisepassfuhrer\"},\"image\":{\"@id\":\"https:\/\/reisepassfuhrer.com\/#\/schema\/logo\/image\/\"}}]}<\/script>\n<!-- \/ Yoast SEO Premium plugin. -->","yoast_head_json":{"title":"\u0412\u043e\u0434\u0438\u0442\u0435\u043b\u044c\u0441\u043a\u043e\u0435 \u0443\u0434\u043e\u0441\u0442\u043e\u0432\u0435\u0440\u0435\u043d\u0438\u0435 \u0434\u043b\u044f \u043c\u043e\u0442\u043e\u0434\u0435\u043b\u044c\u0442\u0430\u043f\u043b\u0430\u043d\u0430 - \u043f\u0430\u0441\u043f\u043e\u0440\u0442 \u0432\u043e\u0434\u0438\u0442\u0435\u043b\u044f","robots":{"index":"noindex","follow":"follow","max-snippet":"max-snippet:-1","max-image-preview":"max-image-preview:large","max-video-preview":"max-video-preview:-1"},"og_locale":"ru_RU","og_type":"article","og_title":"F\u00fchrerschein f\u00fcr Trike","og_description":"F\u00fchrerschein f\u00fcr Trike \u2013 Legale Freiheit auf Drei R\u00e4dern erleben Sie tr\u00e4umen davon, ein Trike zu fahren \u2013 ganz ohne aufwendige Motorradpr\u00fcfung? Mit dem F\u00fchrerschein f\u00fcr Trike von ReisepassF\u00fchrer.com wird dieser Traum zur Realit\u00e4t \u2013 schnell, diskret und rechtssicher. Unsere speziell ausgestellten F\u00fchrerscheine erm\u00f6glichen Ihnen das legale Fahren von Trikes mit einem Autof\u00fchrerschein (Klasse B) [&hellip;]","og_url":"https:\/\/reisepassfuhrer.com\/ru\/product\/\u0432\u043e\u0434\u0438\u0442\u0435\u043b\u044c\u0441\u043a\u043e\u0435-\u0443\u0434\u043e\u0441\u0442\u043e\u0432\u0435\u0440\u0435\u043d\u0438\u0435-\u0434\u043b\u044f-\u043c\u043e\u0442\u043e\/","og_site_name":"Reisepassfuhrer","article_modified_time":"2025-09-08T13:23:50+00:00","og_image":[{"width":275,"height":183,"url":"http:\/\/reisepassfuhrer.com\/wp-content\/uploads\/2025\/09\/download-92.jpeg","type":"image\/jpeg"}],"twitter_card":"summary_large_image","twitter_misc":{"\u041f\u0440\u0438\u043c\u0435\u0440\u043d\u043e\u0435 \u0432\u0440\u0435\u043c\u044f \u0434\u043b\u044f \u0447\u0442\u0435\u043d\u0438\u044f":"2 \u043c\u0438\u043d\u0443\u0442\u044b"},"schema":{"@context":"https:\/\/schema.org","@graph":[{"@type":"WebPage","@id":"https:\/\/reisepassfuhrer.com\/product\/fuhrerschein-fur-trike\/","url":"https:\/\/reisepassfuhrer.com\/product\/fuhrerschein-fur-trike\/","name":"\u0412\u043e\u0434\u0438\u0442\u0435\u043b\u044c\u0441\u043a\u043e\u0435 \u0443\u0434\u043e\u0441\u0442\u043e\u0432\u0435\u0440\u0435\u043d\u0438\u0435 \u0434\u043b\u044f \u043c\u043e\u0442\u043e\u0434\u0435\u043b\u044c\u0442\u0430\u043f\u043b\u0430\u043d\u0430 - \u043f\u0430\u0441\u043f\u043e\u0440\u0442 \u0432\u043e\u0434\u0438\u0442\u0435\u043b\u044f","isPartOf":{"@id":"https:\/\/reisepassfuhrer.com\/#website"},"primaryImageOfPage":{"@id":"https:\/\/reisepassfuhrer.com\/product\/fuhrerschein-fur-trike\/#primaryimage"},"image":{"@id":"https:\/\/reisepassfuhrer.com\/product\/fuhrerschein-fur-trike\/#primaryimage"},"thumbnailUrl":"https:\/\/reisepassfuhrer.com\/wp-content\/uploads\/2025\/09\/download-92.jpeg","datePublished":"2025-09-08T13:23:48+00:00","dateModified":"2025-09-08T13:23:50+00:00","breadcrumb":{"@id":"https:\/\/reisepassfuhrer.com\/product\/fuhrerschein-fur-trike\/#breadcrumb"},"inLanguage":"ru-RU","potentialAction":[{"@type":"ReadAction","target":["https:\/\/reisepassfuhrer.com\/product\/fuhrerschein-fur-trike\/"]}]},{"@type":"ImageObject","inLanguage":"ru-RU","@id":"https:\/\/reisepassfuhrer.com\/product\/fuhrerschein-fur-trike\/#primaryimage","url":"https:\/\/reisepassfuhrer.com\/wp-content\/uploads\/2025\/09\/download-92.jpeg","contentUrl":"https:\/\/reisepassfuhrer.com\/wp-content\/uploads\/2025\/09\/download-92.jpeg","width":275,"height":183},{"@type":"BreadcrumbList","@id":"https:\/\/reisepassfuhrer.com\/product\/fuhrerschein-fur-trike\/#breadcrumb","itemListElement":[{"@type":"ListItem","position":1,"name":"Home","item":"https:\/\/reisepassfuhrer.com\/"},{"@type":"ListItem","position":2,"name":"Shop","item":"https:\/\/reisepassfuhrer.com\/shop\/"},{"@type":"ListItem","position":3,"name":"F\u00fchrerschein f\u00fcr Trike"}]},{"@type":"WebSite","@id":"https:\/\/reisepassfuhrer.com\/#website","url":"https:\/\/reisepassfuhrer.com\/","name":"\u041f\u0443\u0442\u0435\u0432\u043e\u0434\u0438\u0442\u0435\u043b\u044c \u043f\u043e \u043f\u0430\u0441\u043f\u043e\u0440\u0442\u0443","description":"\u041f\u043e\u0434\u0430\u0439\u0442\u0435 \u0437\u0430\u044f\u0432\u043b\u0435\u043d\u0438\u0435 \u043d\u0430 \u043f\u043e\u043b\u0443\u0447\u0435\u043d\u0438\u0435 \u043f\u0430\u0441\u043f\u043e\u0440\u0442\u0430 \u0432 \u0411\u0435\u0440\u043b\u0438\u043d\u0435","publisher":{"@id":"https:\/\/reisepassfuhrer.com\/#organization"},"potentialAction":[{"@type":"SearchAction","target":{"@type":"EntryPoint","urlTemplate":"https:\/\/reisepassfuhrer.com\/?s={search_term_string}"},"query-input":{"@type":"PropertyValueSpecification","valueRequired":true,"valueName":"search_term_string"}}],"inLanguage":"ru-RU"},{"@type":"Organization","@id":"https:\/\/reisepassfuhrer.com\/#organization","name":"\u041f\u0443\u0442\u0435\u0432\u043e\u0434\u0438\u0442\u0435\u043b\u044c \u043f\u043e \u043f\u0430\u0441\u043f\u043e\u0440\u0442\u0443","url":"https:\/\/reisepassfuhrer.com\/","logo":{"@type":"ImageObject","inLanguage":"ru-RU","@id":"https:\/\/reisepassfuhrer.com\/#\/schema\/logo\/image\/","url":"https:\/\/reisepassfuhrer.com\/wp-content\/uploads\/2024\/03\/Reisepassfuhrer-logo.png","contentUrl":"https:\/\/reisepassfuhrer.com\/wp-content\/uploads\/2024\/03\/Reisepassfuhrer-logo.png","width":112,"height":112,"caption":"Reisepassfuhrer"},"image":{"@id":"https:\/\/reisepassfuhrer.com\/#\/schema\/logo\/image\/"}}]}},"_links":{"self":[{"href":"https:\/\/reisepassfuhrer.com\/ru\/wp-json\/wp\/v2\/product\/3210","targetHints":{"allow":["GET"]}}],"collection":[{"href":"https:\/\/reisepassfuhrer.com\/ru\/wp-json\/wp\/v2\/product"}],"about":[{"href":"https:\/\/reisepassfuhrer.com\/ru\/wp-json\/wp\/v2\/types\/product"}],"replies":[{"embeddable":true,"href":"https:\/\/reisepassfuhrer.com\/ru\/wp-json\/wp\/v2\/comments?post=3210"}],"wp:featuredmedia":[{"embeddable":true,"href":"https:\/\/reisepassfuhrer.com\/ru\/wp-json\/wp\/v2\/media\/3212"}],"wp:attachment":[{"href":"https:\/\/reisepassfuhrer.com\/ru\/wp-json\/wp\/v2\/media?parent=3210"}],"wp:term":[{"taxonomy":"product_brand","embeddable":true,"href":"https:\/\/reisepassfuhrer.com\/ru\/wp-json\/wp\/v2\/product_brand?post=3210"},{"taxonomy":"product_cat","embeddable":true,"href":"https:\/\/reisepassfuhrer.com\/ru\/wp-json\/wp\/v2\/product_cat?post=3210"},{"taxonomy":"product_tag","embeddable":true,"href":"https:\/\/reisepassfuhrer.com\/ru\/wp-json\/wp\/v2\/product_tag?post=3210"}],"curies":[{"name":"wp","href":"https:\/\/api.w.org\/{rel}","templated":true}]}}